{"id":3554,"date":"2026-03-13T15:43:05","date_gmt":"2026-03-13T18:43:05","guid":{"rendered":"https:\/\/universoeletrico.com.br\/eletrico\/?post_type=product&#038;p=3554"},"modified":"2026-03-13T16:13:00","modified_gmt":"2026-03-13T19:13:00","slug":"minicaptor-gf-dn10-h250-horizontal","status":"publish","type":"product","link":"https:\/\/universoeletrico.com.br\/eletrico\/produto\/minicaptor-gf-dn10-h250-horizontal\/","title":{"rendered":"MINICAPTOR GF DN10 H250 HORIZONTAL"},"content":{"rendered":"<p>Minicaptor GF DN10 Horizontal \u00e9 um componente de capta\u00e7\u00e3o para Sistemas de Prote\u00e7\u00e3o contra Descargas Atmosf\u00e9ricas (SPDA), fabricado em a\u00e7o carbono com acabamento galvanizado a fogo. Ele possui um di\u00e2metro nominal (DN) de 10 mm e \u00e9 projetado para fixa\u00e7\u00e3o em superf\u00edcies horizontais, como lajes ou telhas.<\/p>\n<p>Segue abaixo outras op\u00e7\u00f5es de modelos:<\/p>\n<p>cod: 33749 MINICAPTOR GF DN10 H300 HORIZONTAL<\/p>\n<p>cod: 33750 MINICAPTOR GF DN10 H600 HORIZONTAL<\/p>\n<p>Para Pre\u00e7os, Or\u00e7amentos e D\u00favidas, fale com nossos especialistas.<\/p>\n","protected":false},"excerpt":{"rendered":"<p>Minicaptor GF DN10 Horizontal \u00e9 um componente de capta\u00e7\u00e3o para Sistemas de Prote\u00e7\u00e3o contra Descargas Atmosf\u00e9ricas (SPDA), fabricado em a\u00e7o carbono com acabamento galvanizado a fogo. Ele possui um di\u00e2metro nominal (DN) de 10 mm e \u00e9 projetado para fixa\u00e7\u00e3o em superf\u00edcies horizontais, como lajes ou telhas. Segue abaixo outras op\u00e7\u00f5es de modelos: cod: 33749 [&hellip;]<\/p>\n","protected":false},"featured_media":3555,"template":"","meta":[],"product_brand":[],"product_cat":[18,47],"product_tag":[123,280,285,294,62,317],"class_list":{"0":"post-3554","1":"product","2":"type-product","3":"status-publish","4":"has-post-thumbnail","6":"product_cat-material-eletrico","7":"product_cat-spda-aterramento","8":"product_tag-a-fogo","9":"product_tag-aterramento","10":"product_tag-para-raio","11":"product_tag-parafusar","12":"product_tag-spda","13":"product_tag-tel2044","15":"first","16":"instock","17":"shipping-taxable","18":"purchasable","19":"product-type-simple"},"yoast_head":"<!-- This site is optimized with the Yoast SEO Premium plugin v26.1.1 (Yoast SEO v26.1.1) - https:\/\/yoast.com\/wordpress\/plugins\/seo\/ -->\n<title>MINICAPTOR GF DN10 H250 HORIZONTAL - Universo El\u00e9trico<\/title>\n<meta name=\"robots\" content=\"index, follow, max-snippet:-1, max-image-preview:large, max-video-preview:-1\" \/>\n<link rel=\"canonical\" href=\"https:\/\/universoeletrico.com.br\/eletrico\/produto\/minicaptor-gf-dn10-h250-horizontal\/\" \/>\n<meta property=\"og:locale\" content=\"pt_BR\" \/>\n<meta property=\"og:type\" content=\"article\" \/>\n<meta property=\"og:title\" content=\"MINICAPTOR GF DN10 H250 HORIZONTAL\" \/>\n<meta property=\"og:description\" content=\"Minicaptor GF DN10 Horizontal \u00e9 um componente de capta\u00e7\u00e3o para Sistemas de Prote\u00e7\u00e3o contra Descargas Atmosf\u00e9ricas (SPDA), fabricado em a\u00e7o carbono com acabamento galvanizado a fogo. Ele possui um di\u00e2metro nominal (DN) de 10 mm e \u00e9 projetado para fixa\u00e7\u00e3o em superf\u00edcies horizontais, como lajes ou telhas. Segue abaixo outras op\u00e7\u00f5es de modelos: cod: 33749 [&hellip;]\" \/>\n<meta property=\"og:url\" content=\"https:\/\/universoeletrico.com.br\/eletrico\/produto\/minicaptor-gf-dn10-h250-horizontal\/\" \/>\n<meta property=\"og:site_name\" content=\"Universo El\u00e9trico\" \/>\n<meta property=\"article:modified_time\" content=\"2026-03-13T19:13:00+00:00\" \/>\n<meta property=\"og:image\" content=\"https:\/\/universoeletrico.com.br\/eletrico\/wp-content\/uploads\/2026\/03\/2410203600897_Minicaptor_GF_Horizontal_250mm_Sem_Bandeira_TEL2044_Termotecnica.webp\" \/>\n\t<meta property=\"og:image:width\" content=\"643\" \/>\n\t<meta property=\"og:image:height\" content=\"642\" \/>\n\t<meta property=\"og:image:type\" content=\"image\/webp\" \/>\n<meta name=\"twitter:card\" content=\"summary_large_image\" \/>\n<meta name=\"twitter:label1\" content=\"Est. tempo de leitura\" \/>\n\t<meta name=\"twitter:data1\" content=\"1 minuto\" \/>\n<script type=\"application\/ld+json\" class=\"yoast-schema-graph\">{\"@context\":\"https:\/\/schema.org\",\"@graph\":[{\"@type\":\"WebPage\",\"@id\":\"https:\/\/universoeletrico.com.br\/eletrico\/produto\/minicaptor-gf-dn10-h250-horizontal\/\",\"url\":\"https:\/\/universoeletrico.com.br\/eletrico\/produto\/minicaptor-gf-dn10-h250-horizontal\/\",\"name\":\"MINICAPTOR GF DN10 H250 HORIZONTAL - Universo El\u00e9trico\",\"isPartOf\":{\"@id\":\"https:\/\/universoeletrico.com.br\/eletrico\/#website\"},\"primaryImageOfPage\":{\"@id\":\"https:\/\/universoeletrico.com.br\/eletrico\/produto\/minicaptor-gf-dn10-h250-horizontal\/#primaryimage\"},\"image\":{\"@id\":\"https:\/\/universoeletrico.com.br\/eletrico\/produto\/minicaptor-gf-dn10-h250-horizontal\/#primaryimage\"},\"thumbnailUrl\":\"https:\/\/universoeletrico.com.br\/eletrico\/wp-content\/uploads\/2026\/03\/2410203600897_Minicaptor_GF_Horizontal_250mm_Sem_Bandeira_TEL2044_Termotecnica.webp\",\"datePublished\":\"2026-03-13T18:43:05+00:00\",\"dateModified\":\"2026-03-13T19:13:00+00:00\",\"breadcrumb\":{\"@id\":\"https:\/\/universoeletrico.com.br\/eletrico\/produto\/minicaptor-gf-dn10-h250-horizontal\/#breadcrumb\"},\"inLanguage\":\"pt-BR\",\"potentialAction\":[{\"@type\":\"ReadAction\",\"target\":[\"https:\/\/universoeletrico.com.br\/eletrico\/produto\/minicaptor-gf-dn10-h250-horizontal\/\"]}]},{\"@type\":\"ImageObject\",\"inLanguage\":\"pt-BR\",\"@id\":\"https:\/\/universoeletrico.com.br\/eletrico\/produto\/minicaptor-gf-dn10-h250-horizontal\/#primaryimage\",\"url\":\"https:\/\/universoeletrico.com.br\/eletrico\/wp-content\/uploads\/2026\/03\/2410203600897_Minicaptor_GF_Horizontal_250mm_Sem_Bandeira_TEL2044_Termotecnica.webp\",\"contentUrl\":\"https:\/\/universoeletrico.com.br\/eletrico\/wp-content\/uploads\/2026\/03\/2410203600897_Minicaptor_GF_Horizontal_250mm_Sem_Bandeira_TEL2044_Termotecnica.webp\",\"width\":643,\"height\":642},{\"@type\":\"BreadcrumbList\",\"@id\":\"https:\/\/universoeletrico.com.br\/eletrico\/produto\/minicaptor-gf-dn10-h250-horizontal\/#breadcrumb\",\"itemListElement\":[{\"@type\":\"ListItem\",\"position\":1,\"name\":\"In\u00edcio\",\"item\":\"https:\/\/universoeletrico.com.br\/eletrico\/\"},{\"@type\":\"ListItem\",\"position\":2,\"name\":\"Produtos\",\"item\":\"https:\/\/universoeletrico.com.br\/eletrico\/produtos\/\"},{\"@type\":\"ListItem\",\"position\":3,\"name\":\"MINICAPTOR GF DN10 H250 HORIZONTAL\"}]},{\"@type\":\"WebSite\",\"@id\":\"https:\/\/universoeletrico.com.br\/eletrico\/#website\",\"url\":\"https:\/\/universoeletrico.com.br\/eletrico\/\",\"name\":\"Universo El\u00e9trico\",\"description\":\"\",\"potentialAction\":[{\"@type\":\"SearchAction\",\"target\":{\"@type\":\"EntryPoint\",\"urlTemplate\":\"https:\/\/universoeletrico.com.br\/eletrico\/?s={search_term_string}\"},\"query-input\":{\"@type\":\"PropertyValueSpecification\",\"valueRequired\":true,\"valueName\":\"search_term_string\"}}],\"inLanguage\":\"pt-BR\"}]}<\/script>\n<!-- \/ Yoast SEO Premium plugin. -->","yoast_head_json":{"title":"MINICAPTOR GF DN10 H250 HORIZONTAL - Universo El\u00e9trico","robots":{"index":"index","follow":"follow","max-snippet":"max-snippet:-1","max-image-preview":"max-image-preview:large","max-video-preview":"max-video-preview:-1"},"canonical":"https:\/\/universoeletrico.com.br\/eletrico\/produto\/minicaptor-gf-dn10-h250-horizontal\/","og_locale":"pt_BR","og_type":"article","og_title":"MINICAPTOR GF DN10 H250 HORIZONTAL","og_description":"Minicaptor GF DN10 Horizontal \u00e9 um componente de capta\u00e7\u00e3o para Sistemas de Prote\u00e7\u00e3o contra Descargas Atmosf\u00e9ricas (SPDA), fabricado em a\u00e7o carbono com acabamento galvanizado a fogo. Ele possui um di\u00e2metro nominal (DN) de 10 mm e \u00e9 projetado para fixa\u00e7\u00e3o em superf\u00edcies horizontais, como lajes ou telhas. Segue abaixo outras op\u00e7\u00f5es de modelos: cod: 33749 [&hellip;]","og_url":"https:\/\/universoeletrico.com.br\/eletrico\/produto\/minicaptor-gf-dn10-h250-horizontal\/","og_site_name":"Universo El\u00e9trico","article_modified_time":"2026-03-13T19:13:00+00:00","og_image":[{"width":643,"height":642,"url":"https:\/\/universoeletrico.com.br\/eletrico\/wp-content\/uploads\/2026\/03\/2410203600897_Minicaptor_GF_Horizontal_250mm_Sem_Bandeira_TEL2044_Termotecnica.webp","type":"image\/webp"}],"twitter_card":"summary_large_image","twitter_misc":{"Est. tempo de leitura":"1 minuto"},"schema":{"@context":"https:\/\/schema.org","@graph":[{"@type":"WebPage","@id":"https:\/\/universoeletrico.com.br\/eletrico\/produto\/minicaptor-gf-dn10-h250-horizontal\/","url":"https:\/\/universoeletrico.com.br\/eletrico\/produto\/minicaptor-gf-dn10-h250-horizontal\/","name":"MINICAPTOR GF DN10 H250 HORIZONTAL - Universo El\u00e9trico","isPartOf":{"@id":"https:\/\/universoeletrico.com.br\/eletrico\/#website"},"primaryImageOfPage":{"@id":"https:\/\/universoeletrico.com.br\/eletrico\/produto\/minicaptor-gf-dn10-h250-horizontal\/#primaryimage"},"image":{"@id":"https:\/\/universoeletrico.com.br\/eletrico\/produto\/minicaptor-gf-dn10-h250-horizontal\/#primaryimage"},"thumbnailUrl":"https:\/\/universoeletrico.com.br\/eletrico\/wp-content\/uploads\/2026\/03\/2410203600897_Minicaptor_GF_Horizontal_250mm_Sem_Bandeira_TEL2044_Termotecnica.webp","datePublished":"2026-03-13T18:43:05+00:00","dateModified":"2026-03-13T19:13:00+00:00","breadcrumb":{"@id":"https:\/\/universoeletrico.com.br\/eletrico\/produto\/minicaptor-gf-dn10-h250-horizontal\/#breadcrumb"},"inLanguage":"pt-BR","potentialAction":[{"@type":"ReadAction","target":["https:\/\/universoeletrico.com.br\/eletrico\/produto\/minicaptor-gf-dn10-h250-horizontal\/"]}]},{"@type":"ImageObject","inLanguage":"pt-BR","@id":"https:\/\/universoeletrico.com.br\/eletrico\/produto\/minicaptor-gf-dn10-h250-horizontal\/#primaryimage","url":"https:\/\/universoeletrico.com.br\/eletrico\/wp-content\/uploads\/2026\/03\/2410203600897_Minicaptor_GF_Horizontal_250mm_Sem_Bandeira_TEL2044_Termotecnica.webp","contentUrl":"https:\/\/universoeletrico.com.br\/eletrico\/wp-content\/uploads\/2026\/03\/2410203600897_Minicaptor_GF_Horizontal_250mm_Sem_Bandeira_TEL2044_Termotecnica.webp","width":643,"height":642},{"@type":"BreadcrumbList","@id":"https:\/\/universoeletrico.com.br\/eletrico\/produto\/minicaptor-gf-dn10-h250-horizontal\/#breadcrumb","itemListElement":[{"@type":"ListItem","position":1,"name":"In\u00edcio","item":"https:\/\/universoeletrico.com.br\/eletrico\/"},{"@type":"ListItem","position":2,"name":"Produtos","item":"https:\/\/universoeletrico.com.br\/eletrico\/produtos\/"},{"@type":"ListItem","position":3,"name":"MINICAPTOR GF DN10 H250 HORIZONTAL"}]},{"@type":"WebSite","@id":"https:\/\/universoeletrico.com.br\/eletrico\/#website","url":"https:\/\/universoeletrico.com.br\/eletrico\/","name":"Universo El\u00e9trico","description":"","potentialAction":[{"@type":"SearchAction","target":{"@type":"EntryPoint","urlTemplate":"https:\/\/universoeletrico.com.br\/eletrico\/?s={search_term_string}"},"query-input":{"@type":"PropertyValueSpecification","valueRequired":true,"valueName":"search_term_string"}}],"inLanguage":"pt-BR"}]}},"_links":{"self":[{"href":"https:\/\/universoeletrico.com.br\/eletrico\/wp-json\/wp\/v2\/product\/3554","targetHints":{"allow":["GET"]}}],"collection":[{"href":"https:\/\/universoeletrico.com.br\/eletrico\/wp-json\/wp\/v2\/product"}],"about":[{"href":"https:\/\/universoeletrico.com.br\/eletrico\/wp-json\/wp\/v2\/types\/product"}],"version-history":[{"count":5,"href":"https:\/\/universoeletrico.com.br\/eletrico\/wp-json\/wp\/v2\/product\/3554\/revisions"}],"predecessor-version":[{"id":3560,"href":"https:\/\/universoeletrico.com.br\/eletrico\/wp-json\/wp\/v2\/product\/3554\/revisions\/3560"}],"wp:featuredmedia":[{"embeddable":true,"href":"https:\/\/universoeletrico.com.br\/eletrico\/wp-json\/wp\/v2\/media\/3555"}],"wp:attachment":[{"href":"https:\/\/universoeletrico.com.br\/eletrico\/wp-json\/wp\/v2\/media?parent=3554"}],"wp:term":[{"taxonomy":"product_brand","embeddable":true,"href":"https:\/\/universoeletrico.com.br\/eletrico\/wp-json\/wp\/v2\/product_brand?post=3554"},{"taxonomy":"product_cat","embeddable":true,"href":"https:\/\/universoeletrico.com.br\/eletrico\/wp-json\/wp\/v2\/product_cat?post=3554"},{"taxonomy":"product_tag","embeddable":true,"href":"https:\/\/universoeletrico.com.br\/eletrico\/wp-json\/wp\/v2\/product_tag?post=3554"}],"curies":[{"name":"wp","href":"https:\/\/api.w.org\/{rel}","templated":true}]}}