{"id":3547,"date":"2026-03-11T16:28:42","date_gmt":"2026-03-11T19:28:42","guid":{"rendered":"https:\/\/universoeletrico.com.br\/eletrico\/?post_type=product&#038;p=3547"},"modified":"2026-03-11T16:40:05","modified_gmt":"2026-03-11T19:40:05","slug":"conector-aterro-compressao-cb-cb-35-70-16-70","status":"publish","type":"product","link":"https:\/\/universoeletrico.com.br\/eletrico\/produto\/conector-aterro-compressao-cb-cb-35-70-16-70\/","title":{"rendered":"CONECTOR ATERRO COMPRESS\u00c3O CB\/CB 35-70\/16-70"},"content":{"rendered":"<p>Conector de aterramento por compress\u00e3o \u00e9 um dispositivo projetado para realizar conex\u00f5es permanentes, seguras e de alta condutividade entre condutores (fios e cabos) e hastes de aterramento. Ele \u00e9 amplamente utilizado em sistemas de SPDA e malhas de aterramento por ser mais r\u00e1pido e seguro que a solda exot\u00e9rmica, permitindo que a conex\u00e3o seja enterrada diretamente no solo ou concretada sem a necessidade de caixas de inspe\u00e7\u00e3o.<\/p>\n<p>Segue abaixo outras op\u00e7\u00f5es de modelos:<\/p>\n<p>cod: 33383 CONECTOR ATERR.COMPRES.HAST 5\/8 CB 50-70<\/p>\n<p>cod: 33453 CONECTOR ATERR.COMPRE.HAST 3\/4 CB 16-35#<\/p>\n<p>cod: 33384 CONECTOR ATERR.COMPRES.HAST 3\/4 CB 50-70<\/p>\n<p>Para Pre\u00e7os, Or\u00e7amentos e D\u00favidas, fale com nossos especialistas.<\/p>\n","protected":false},"excerpt":{"rendered":"<p>Conector de aterramento por compress\u00e3o \u00e9 um dispositivo projetado para realizar conex\u00f5es permanentes, seguras e de alta condutividade entre condutores (fios e cabos) e hastes de aterramento. Ele \u00e9 amplamente utilizado em sistemas de SPDA e malhas de aterramento por ser mais r\u00e1pido e seguro que a solda exot\u00e9rmica, permitindo que a conex\u00e3o seja enterrada [&hellip;]<\/p>\n","protected":false},"featured_media":3548,"template":"","meta":[],"product_brand":[],"product_cat":[18,47],"product_tag":[280,235,314,62],"class_list":{"0":"post-3547","1":"product","2":"type-product","3":"status-publish","4":"has-post-thumbnail","6":"product_cat-material-eletrico","7":"product_cat-spda-aterramento","8":"product_tag-aterramento","9":"product_tag-conector","10":"product_tag-sacg","11":"product_tag-spda","13":"first","14":"instock","15":"shipping-taxable","16":"purchasable","17":"product-type-simple"},"yoast_head":"<!-- This site is optimized with the Yoast SEO Premium plugin v26.1.1 (Yoast SEO v26.1.1) - https:\/\/yoast.com\/wordpress\/plugins\/seo\/ -->\n<title>CONECTOR ATERRO COMPRESS\u00c3O CB\/CB 35-70\/16-70 - Universo El\u00e9trico<\/title>\n<meta name=\"robots\" content=\"index, follow, max-snippet:-1, max-image-preview:large, max-video-preview:-1\" \/>\n<link rel=\"canonical\" href=\"https:\/\/universoeletrico.com.br\/eletrico\/produto\/conector-aterro-compressao-cb-cb-35-70-16-70\/\" \/>\n<meta property=\"og:locale\" content=\"pt_BR\" \/>\n<meta property=\"og:type\" content=\"article\" \/>\n<meta property=\"og:title\" content=\"CONECTOR ATERRO COMPRESS\u00c3O CB\/CB 35-70\/16-70\" \/>\n<meta property=\"og:description\" content=\"Conector de aterramento por compress\u00e3o \u00e9 um dispositivo projetado para realizar conex\u00f5es permanentes, seguras e de alta condutividade entre condutores (fios e cabos) e hastes de aterramento. Ele \u00e9 amplamente utilizado em sistemas de SPDA e malhas de aterramento por ser mais r\u00e1pido e seguro que a solda exot\u00e9rmica, permitindo que a conex\u00e3o seja enterrada [&hellip;]\" \/>\n<meta property=\"og:url\" content=\"https:\/\/universoeletrico.com.br\/eletrico\/produto\/conector-aterro-compressao-cb-cb-35-70-16-70\/\" \/>\n<meta property=\"og:site_name\" content=\"Universo El\u00e9trico\" \/>\n<meta property=\"article:modified_time\" content=\"2026-03-11T19:40:05+00:00\" \/>\n<meta property=\"og:image\" content=\"https:\/\/universoeletrico.com.br\/eletrico\/wp-content\/uploads\/2026\/03\/2190102010040_conector_aterramento_compressao_35-70mm__sacc-70-70.webp\" \/>\n\t<meta property=\"og:image:width\" content=\"643\" \/>\n\t<meta property=\"og:image:height\" content=\"642\" \/>\n\t<meta property=\"og:image:type\" content=\"image\/webp\" \/>\n<meta name=\"twitter:card\" content=\"summary_large_image\" \/>\n<meta name=\"twitter:label1\" content=\"Est. tempo de leitura\" \/>\n\t<meta name=\"twitter:data1\" content=\"1 minuto\" \/>\n<script type=\"application\/ld+json\" class=\"yoast-schema-graph\">{\"@context\":\"https:\/\/schema.org\",\"@graph\":[{\"@type\":\"WebPage\",\"@id\":\"https:\/\/universoeletrico.com.br\/eletrico\/produto\/conector-aterro-compressao-cb-cb-35-70-16-70\/\",\"url\":\"https:\/\/universoeletrico.com.br\/eletrico\/produto\/conector-aterro-compressao-cb-cb-35-70-16-70\/\",\"name\":\"CONECTOR ATERRO COMPRESS\u00c3O CB\/CB 35-70\/16-70 - Universo El\u00e9trico\",\"isPartOf\":{\"@id\":\"https:\/\/universoeletrico.com.br\/eletrico\/#website\"},\"primaryImageOfPage\":{\"@id\":\"https:\/\/universoeletrico.com.br\/eletrico\/produto\/conector-aterro-compressao-cb-cb-35-70-16-70\/#primaryimage\"},\"image\":{\"@id\":\"https:\/\/universoeletrico.com.br\/eletrico\/produto\/conector-aterro-compressao-cb-cb-35-70-16-70\/#primaryimage\"},\"thumbnailUrl\":\"https:\/\/universoeletrico.com.br\/eletrico\/wp-content\/uploads\/2026\/03\/2190102010040_conector_aterramento_compressao_35-70mm__sacc-70-70.webp\",\"datePublished\":\"2026-03-11T19:28:42+00:00\",\"dateModified\":\"2026-03-11T19:40:05+00:00\",\"breadcrumb\":{\"@id\":\"https:\/\/universoeletrico.com.br\/eletrico\/produto\/conector-aterro-compressao-cb-cb-35-70-16-70\/#breadcrumb\"},\"inLanguage\":\"pt-BR\",\"potentialAction\":[{\"@type\":\"ReadAction\",\"target\":[\"https:\/\/universoeletrico.com.br\/eletrico\/produto\/conector-aterro-compressao-cb-cb-35-70-16-70\/\"]}]},{\"@type\":\"ImageObject\",\"inLanguage\":\"pt-BR\",\"@id\":\"https:\/\/universoeletrico.com.br\/eletrico\/produto\/conector-aterro-compressao-cb-cb-35-70-16-70\/#primaryimage\",\"url\":\"https:\/\/universoeletrico.com.br\/eletrico\/wp-content\/uploads\/2026\/03\/2190102010040_conector_aterramento_compressao_35-70mm__sacc-70-70.webp\",\"contentUrl\":\"https:\/\/universoeletrico.com.br\/eletrico\/wp-content\/uploads\/2026\/03\/2190102010040_conector_aterramento_compressao_35-70mm__sacc-70-70.webp\",\"width\":643,\"height\":642},{\"@type\":\"BreadcrumbList\",\"@id\":\"https:\/\/universoeletrico.com.br\/eletrico\/produto\/conector-aterro-compressao-cb-cb-35-70-16-70\/#breadcrumb\",\"itemListElement\":[{\"@type\":\"ListItem\",\"position\":1,\"name\":\"In\u00edcio\",\"item\":\"https:\/\/universoeletrico.com.br\/eletrico\/\"},{\"@type\":\"ListItem\",\"position\":2,\"name\":\"Produtos\",\"item\":\"https:\/\/universoeletrico.com.br\/eletrico\/produtos\/\"},{\"@type\":\"ListItem\",\"position\":3,\"name\":\"CONECTOR ATERRO COMPRESS\u00c3O CB\/CB 35-70\/16-70\"}]},{\"@type\":\"WebSite\",\"@id\":\"https:\/\/universoeletrico.com.br\/eletrico\/#website\",\"url\":\"https:\/\/universoeletrico.com.br\/eletrico\/\",\"name\":\"Universo El\u00e9trico\",\"description\":\"\",\"potentialAction\":[{\"@type\":\"SearchAction\",\"target\":{\"@type\":\"EntryPoint\",\"urlTemplate\":\"https:\/\/universoeletrico.com.br\/eletrico\/?s={search_term_string}\"},\"query-input\":{\"@type\":\"PropertyValueSpecification\",\"valueRequired\":true,\"valueName\":\"search_term_string\"}}],\"inLanguage\":\"pt-BR\"}]}<\/script>\n<!-- \/ Yoast SEO Premium plugin. -->","yoast_head_json":{"title":"CONECTOR ATERRO COMPRESS\u00c3O CB\/CB 35-70\/16-70 - Universo El\u00e9trico","robots":{"index":"index","follow":"follow","max-snippet":"max-snippet:-1","max-image-preview":"max-image-preview:large","max-video-preview":"max-video-preview:-1"},"canonical":"https:\/\/universoeletrico.com.br\/eletrico\/produto\/conector-aterro-compressao-cb-cb-35-70-16-70\/","og_locale":"pt_BR","og_type":"article","og_title":"CONECTOR ATERRO COMPRESS\u00c3O CB\/CB 35-70\/16-70","og_description":"Conector de aterramento por compress\u00e3o \u00e9 um dispositivo projetado para realizar conex\u00f5es permanentes, seguras e de alta condutividade entre condutores (fios e cabos) e hastes de aterramento. Ele \u00e9 amplamente utilizado em sistemas de SPDA e malhas de aterramento por ser mais r\u00e1pido e seguro que a solda exot\u00e9rmica, permitindo que a conex\u00e3o seja enterrada [&hellip;]","og_url":"https:\/\/universoeletrico.com.br\/eletrico\/produto\/conector-aterro-compressao-cb-cb-35-70-16-70\/","og_site_name":"Universo El\u00e9trico","article_modified_time":"2026-03-11T19:40:05+00:00","og_image":[{"width":643,"height":642,"url":"https:\/\/universoeletrico.com.br\/eletrico\/wp-content\/uploads\/2026\/03\/2190102010040_conector_aterramento_compressao_35-70mm__sacc-70-70.webp","type":"image\/webp"}],"twitter_card":"summary_large_image","twitter_misc":{"Est. tempo de leitura":"1 minuto"},"schema":{"@context":"https:\/\/schema.org","@graph":[{"@type":"WebPage","@id":"https:\/\/universoeletrico.com.br\/eletrico\/produto\/conector-aterro-compressao-cb-cb-35-70-16-70\/","url":"https:\/\/universoeletrico.com.br\/eletrico\/produto\/conector-aterro-compressao-cb-cb-35-70-16-70\/","name":"CONECTOR ATERRO COMPRESS\u00c3O CB\/CB 35-70\/16-70 - Universo El\u00e9trico","isPartOf":{"@id":"https:\/\/universoeletrico.com.br\/eletrico\/#website"},"primaryImageOfPage":{"@id":"https:\/\/universoeletrico.com.br\/eletrico\/produto\/conector-aterro-compressao-cb-cb-35-70-16-70\/#primaryimage"},"image":{"@id":"https:\/\/universoeletrico.com.br\/eletrico\/produto\/conector-aterro-compressao-cb-cb-35-70-16-70\/#primaryimage"},"thumbnailUrl":"https:\/\/universoeletrico.com.br\/eletrico\/wp-content\/uploads\/2026\/03\/2190102010040_conector_aterramento_compressao_35-70mm__sacc-70-70.webp","datePublished":"2026-03-11T19:28:42+00:00","dateModified":"2026-03-11T19:40:05+00:00","breadcrumb":{"@id":"https:\/\/universoeletrico.com.br\/eletrico\/produto\/conector-aterro-compressao-cb-cb-35-70-16-70\/#breadcrumb"},"inLanguage":"pt-BR","potentialAction":[{"@type":"ReadAction","target":["https:\/\/universoeletrico.com.br\/eletrico\/produto\/conector-aterro-compressao-cb-cb-35-70-16-70\/"]}]},{"@type":"ImageObject","inLanguage":"pt-BR","@id":"https:\/\/universoeletrico.com.br\/eletrico\/produto\/conector-aterro-compressao-cb-cb-35-70-16-70\/#primaryimage","url":"https:\/\/universoeletrico.com.br\/eletrico\/wp-content\/uploads\/2026\/03\/2190102010040_conector_aterramento_compressao_35-70mm__sacc-70-70.webp","contentUrl":"https:\/\/universoeletrico.com.br\/eletrico\/wp-content\/uploads\/2026\/03\/2190102010040_conector_aterramento_compressao_35-70mm__sacc-70-70.webp","width":643,"height":642},{"@type":"BreadcrumbList","@id":"https:\/\/universoeletrico.com.br\/eletrico\/produto\/conector-aterro-compressao-cb-cb-35-70-16-70\/#breadcrumb","itemListElement":[{"@type":"ListItem","position":1,"name":"In\u00edcio","item":"https:\/\/universoeletrico.com.br\/eletrico\/"},{"@type":"ListItem","position":2,"name":"Produtos","item":"https:\/\/universoeletrico.com.br\/eletrico\/produtos\/"},{"@type":"ListItem","position":3,"name":"CONECTOR ATERRO COMPRESS\u00c3O CB\/CB 35-70\/16-70"}]},{"@type":"WebSite","@id":"https:\/\/universoeletrico.com.br\/eletrico\/#website","url":"https:\/\/universoeletrico.com.br\/eletrico\/","name":"Universo El\u00e9trico","description":"","potentialAction":[{"@type":"SearchAction","target":{"@type":"EntryPoint","urlTemplate":"https:\/\/universoeletrico.com.br\/eletrico\/?s={search_term_string}"},"query-input":{"@type":"PropertyValueSpecification","valueRequired":true,"valueName":"search_term_string"}}],"inLanguage":"pt-BR"}]}},"_links":{"self":[{"href":"https:\/\/universoeletrico.com.br\/eletrico\/wp-json\/wp\/v2\/product\/3547","targetHints":{"allow":["GET"]}}],"collection":[{"href":"https:\/\/universoeletrico.com.br\/eletrico\/wp-json\/wp\/v2\/product"}],"about":[{"href":"https:\/\/universoeletrico.com.br\/eletrico\/wp-json\/wp\/v2\/types\/product"}],"version-history":[{"count":3,"href":"https:\/\/universoeletrico.com.br\/eletrico\/wp-json\/wp\/v2\/product\/3547\/revisions"}],"predecessor-version":[{"id":3551,"href":"https:\/\/universoeletrico.com.br\/eletrico\/wp-json\/wp\/v2\/product\/3547\/revisions\/3551"}],"wp:featuredmedia":[{"embeddable":true,"href":"https:\/\/universoeletrico.com.br\/eletrico\/wp-json\/wp\/v2\/media\/3548"}],"wp:attachment":[{"href":"https:\/\/universoeletrico.com.br\/eletrico\/wp-json\/wp\/v2\/media?parent=3547"}],"wp:term":[{"taxonomy":"product_brand","embeddable":true,"href":"https:\/\/universoeletrico.com.br\/eletrico\/wp-json\/wp\/v2\/product_brand?post=3547"},{"taxonomy":"product_cat","embeddable":true,"href":"https:\/\/universoeletrico.com.br\/eletrico\/wp-json\/wp\/v2\/product_cat?post=3547"},{"taxonomy":"product_tag","embeddable":true,"href":"https:\/\/universoeletrico.com.br\/eletrico\/wp-json\/wp\/v2\/product_tag?post=3547"}],"curies":[{"name":"wp","href":"https:\/\/api.w.org\/{rel}","templated":true}]}}