{"id":3542,"date":"2026-03-11T12:50:09","date_gmt":"2026-03-11T15:50:09","guid":{"rendered":"https:\/\/universoeletrico.com.br\/eletrico\/?post_type=product&#038;p=3542"},"modified":"2026-03-11T14:51:14","modified_gmt":"2026-03-11T17:51:14","slug":"disco-retencao-para-solda-exotermica","status":"publish","type":"product","link":"https:\/\/universoeletrico.com.br\/eletrico\/produto\/disco-retencao-para-solda-exotermica\/","title":{"rendered":"DISCO RETENC\u00c3O PARA SOLDA EXOT\u00c9RMICA"},"content":{"rendered":"<p>Disco de reten\u00e7\u00e3o para solda exot\u00e9rmica (tamb\u00e9m chamado de disco met\u00e1lico ou redentor) \u00e9 um componente essencial colocado no fundo da c\u00e2mara de combust\u00e3o do molde de grafite. Sua fun\u00e7\u00e3o principal \u00e9 reter o p\u00f3 exot\u00e9rmico antes da igni\u00e7\u00e3o e, ap\u00f3s a rea\u00e7\u00e3o, fundir-se para permitir que o metal l\u00edquido flua e realize a conex\u00e3o molecular entre os condutores.<\/p>\n<p>Para Pre\u00e7os, Or\u00e7amentos e D\u00favidas, fale com nossos especialistas<\/p>\n","protected":false},"excerpt":{"rendered":"<p>Disco de reten\u00e7\u00e3o para solda exot\u00e9rmica (tamb\u00e9m chamado de disco met\u00e1lico ou redentor) \u00e9 um componente essencial colocado no fundo da c\u00e2mara de combust\u00e3o do molde de grafite. Sua fun\u00e7\u00e3o principal \u00e9 reter o p\u00f3 exot\u00e9rmico antes da igni\u00e7\u00e3o e, ap\u00f3s a rea\u00e7\u00e3o, fundir-se para permitir que o metal l\u00edquido flua e realize a conex\u00e3o [&hellip;]<\/p>\n","protected":false},"featured_media":3543,"template":"","meta":[],"product_brand":[],"product_cat":[18,47],"product_tag":[310,312,313,311,305,62],"class_list":{"0":"post-3542","1":"product","2":"type-product","3":"status-publish","4":"has-post-thumbnail","6":"product_cat-material-eletrico","7":"product_cat-spda-aterramento","8":"product_tag-disco","9":"product_tag-disco-metalico","10":"product_tag-redentor","11":"product_tag-retencao","12":"product_tag-solda","13":"product_tag-spda","15":"first","16":"instock","17":"shipping-taxable","18":"purchasable","19":"product-type-simple"},"yoast_head":"<!-- This site is optimized with the Yoast SEO Premium plugin v26.1.1 (Yoast SEO v26.1.1) - https:\/\/yoast.com\/wordpress\/plugins\/seo\/ -->\n<title>DISCO RETENC\u00c3O PARA SOLDA EXOT\u00c9RMICA - Universo El\u00e9trico<\/title>\n<meta name=\"robots\" content=\"index, follow, max-snippet:-1, max-image-preview:large, max-video-preview:-1\" \/>\n<link rel=\"canonical\" href=\"https:\/\/universoeletrico.com.br\/eletrico\/produto\/disco-retencao-para-solda-exotermica\/\" \/>\n<meta property=\"og:locale\" content=\"pt_BR\" \/>\n<meta property=\"og:type\" content=\"article\" \/>\n<meta property=\"og:title\" content=\"DISCO RETENC\u00c3O PARA SOLDA EXOT\u00c9RMICA\" \/>\n<meta property=\"og:description\" content=\"Disco de reten\u00e7\u00e3o para solda exot\u00e9rmica (tamb\u00e9m chamado de disco met\u00e1lico ou redentor) \u00e9 um componente essencial colocado no fundo da c\u00e2mara de combust\u00e3o do molde de grafite. Sua fun\u00e7\u00e3o principal \u00e9 reter o p\u00f3 exot\u00e9rmico antes da igni\u00e7\u00e3o e, ap\u00f3s a rea\u00e7\u00e3o, fundir-se para permitir que o metal l\u00edquido flua e realize a conex\u00e3o [&hellip;]\" \/>\n<meta property=\"og:url\" content=\"https:\/\/universoeletrico.com.br\/eletrico\/produto\/disco-retencao-para-solda-exotermica\/\" \/>\n<meta property=\"og:site_name\" content=\"Universo El\u00e9trico\" \/>\n<meta property=\"article:modified_time\" content=\"2026-03-11T17:51:14+00:00\" \/>\n<meta property=\"og:image\" content=\"https:\/\/universoeletrico.com.br\/eletrico\/wp-content\/uploads\/2026\/03\/615fe8ef35d78cbb0231ec440c7e13d6.webp\" \/>\n\t<meta property=\"og:image:width\" content=\"679\" \/>\n\t<meta property=\"og:image:height\" content=\"672\" \/>\n\t<meta property=\"og:image:type\" content=\"image\/webp\" \/>\n<meta name=\"twitter:card\" content=\"summary_large_image\" \/>\n<meta name=\"twitter:label1\" content=\"Est. tempo de leitura\" \/>\n\t<meta name=\"twitter:data1\" content=\"1 minuto\" \/>\n<script type=\"application\/ld+json\" class=\"yoast-schema-graph\">{\"@context\":\"https:\/\/schema.org\",\"@graph\":[{\"@type\":\"WebPage\",\"@id\":\"https:\/\/universoeletrico.com.br\/eletrico\/produto\/disco-retencao-para-solda-exotermica\/\",\"url\":\"https:\/\/universoeletrico.com.br\/eletrico\/produto\/disco-retencao-para-solda-exotermica\/\",\"name\":\"DISCO RETENC\u00c3O PARA SOLDA EXOT\u00c9RMICA - Universo El\u00e9trico\",\"isPartOf\":{\"@id\":\"https:\/\/universoeletrico.com.br\/eletrico\/#website\"},\"primaryImageOfPage\":{\"@id\":\"https:\/\/universoeletrico.com.br\/eletrico\/produto\/disco-retencao-para-solda-exotermica\/#primaryimage\"},\"image\":{\"@id\":\"https:\/\/universoeletrico.com.br\/eletrico\/produto\/disco-retencao-para-solda-exotermica\/#primaryimage\"},\"thumbnailUrl\":\"https:\/\/universoeletrico.com.br\/eletrico\/wp-content\/uploads\/2026\/03\/615fe8ef35d78cbb0231ec440c7e13d6.webp\",\"datePublished\":\"2026-03-11T15:50:09+00:00\",\"dateModified\":\"2026-03-11T17:51:14+00:00\",\"breadcrumb\":{\"@id\":\"https:\/\/universoeletrico.com.br\/eletrico\/produto\/disco-retencao-para-solda-exotermica\/#breadcrumb\"},\"inLanguage\":\"pt-BR\",\"potentialAction\":[{\"@type\":\"ReadAction\",\"target\":[\"https:\/\/universoeletrico.com.br\/eletrico\/produto\/disco-retencao-para-solda-exotermica\/\"]}]},{\"@type\":\"ImageObject\",\"inLanguage\":\"pt-BR\",\"@id\":\"https:\/\/universoeletrico.com.br\/eletrico\/produto\/disco-retencao-para-solda-exotermica\/#primaryimage\",\"url\":\"https:\/\/universoeletrico.com.br\/eletrico\/wp-content\/uploads\/2026\/03\/615fe8ef35d78cbb0231ec440c7e13d6.webp\",\"contentUrl\":\"https:\/\/universoeletrico.com.br\/eletrico\/wp-content\/uploads\/2026\/03\/615fe8ef35d78cbb0231ec440c7e13d6.webp\",\"width\":679,\"height\":672},{\"@type\":\"BreadcrumbList\",\"@id\":\"https:\/\/universoeletrico.com.br\/eletrico\/produto\/disco-retencao-para-solda-exotermica\/#breadcrumb\",\"itemListElement\":[{\"@type\":\"ListItem\",\"position\":1,\"name\":\"In\u00edcio\",\"item\":\"https:\/\/universoeletrico.com.br\/eletrico\/\"},{\"@type\":\"ListItem\",\"position\":2,\"name\":\"Produtos\",\"item\":\"https:\/\/universoeletrico.com.br\/eletrico\/produtos\/\"},{\"@type\":\"ListItem\",\"position\":3,\"name\":\"DISCO RETENC\u00c3O PARA SOLDA EXOT\u00c9RMICA\"}]},{\"@type\":\"WebSite\",\"@id\":\"https:\/\/universoeletrico.com.br\/eletrico\/#website\",\"url\":\"https:\/\/universoeletrico.com.br\/eletrico\/\",\"name\":\"Universo El\u00e9trico\",\"description\":\"\",\"potentialAction\":[{\"@type\":\"SearchAction\",\"target\":{\"@type\":\"EntryPoint\",\"urlTemplate\":\"https:\/\/universoeletrico.com.br\/eletrico\/?s={search_term_string}\"},\"query-input\":{\"@type\":\"PropertyValueSpecification\",\"valueRequired\":true,\"valueName\":\"search_term_string\"}}],\"inLanguage\":\"pt-BR\"}]}<\/script>\n<!-- \/ Yoast SEO Premium plugin. -->","yoast_head_json":{"title":"DISCO RETENC\u00c3O PARA SOLDA EXOT\u00c9RMICA - Universo El\u00e9trico","robots":{"index":"index","follow":"follow","max-snippet":"max-snippet:-1","max-image-preview":"max-image-preview:large","max-video-preview":"max-video-preview:-1"},"canonical":"https:\/\/universoeletrico.com.br\/eletrico\/produto\/disco-retencao-para-solda-exotermica\/","og_locale":"pt_BR","og_type":"article","og_title":"DISCO RETENC\u00c3O PARA SOLDA EXOT\u00c9RMICA","og_description":"Disco de reten\u00e7\u00e3o para solda exot\u00e9rmica (tamb\u00e9m chamado de disco met\u00e1lico ou redentor) \u00e9 um componente essencial colocado no fundo da c\u00e2mara de combust\u00e3o do molde de grafite. Sua fun\u00e7\u00e3o principal \u00e9 reter o p\u00f3 exot\u00e9rmico antes da igni\u00e7\u00e3o e, ap\u00f3s a rea\u00e7\u00e3o, fundir-se para permitir que o metal l\u00edquido flua e realize a conex\u00e3o [&hellip;]","og_url":"https:\/\/universoeletrico.com.br\/eletrico\/produto\/disco-retencao-para-solda-exotermica\/","og_site_name":"Universo El\u00e9trico","article_modified_time":"2026-03-11T17:51:14+00:00","og_image":[{"width":679,"height":672,"url":"https:\/\/universoeletrico.com.br\/eletrico\/wp-content\/uploads\/2026\/03\/615fe8ef35d78cbb0231ec440c7e13d6.webp","type":"image\/webp"}],"twitter_card":"summary_large_image","twitter_misc":{"Est. tempo de leitura":"1 minuto"},"schema":{"@context":"https:\/\/schema.org","@graph":[{"@type":"WebPage","@id":"https:\/\/universoeletrico.com.br\/eletrico\/produto\/disco-retencao-para-solda-exotermica\/","url":"https:\/\/universoeletrico.com.br\/eletrico\/produto\/disco-retencao-para-solda-exotermica\/","name":"DISCO RETENC\u00c3O PARA SOLDA EXOT\u00c9RMICA - Universo El\u00e9trico","isPartOf":{"@id":"https:\/\/universoeletrico.com.br\/eletrico\/#website"},"primaryImageOfPage":{"@id":"https:\/\/universoeletrico.com.br\/eletrico\/produto\/disco-retencao-para-solda-exotermica\/#primaryimage"},"image":{"@id":"https:\/\/universoeletrico.com.br\/eletrico\/produto\/disco-retencao-para-solda-exotermica\/#primaryimage"},"thumbnailUrl":"https:\/\/universoeletrico.com.br\/eletrico\/wp-content\/uploads\/2026\/03\/615fe8ef35d78cbb0231ec440c7e13d6.webp","datePublished":"2026-03-11T15:50:09+00:00","dateModified":"2026-03-11T17:51:14+00:00","breadcrumb":{"@id":"https:\/\/universoeletrico.com.br\/eletrico\/produto\/disco-retencao-para-solda-exotermica\/#breadcrumb"},"inLanguage":"pt-BR","potentialAction":[{"@type":"ReadAction","target":["https:\/\/universoeletrico.com.br\/eletrico\/produto\/disco-retencao-para-solda-exotermica\/"]}]},{"@type":"ImageObject","inLanguage":"pt-BR","@id":"https:\/\/universoeletrico.com.br\/eletrico\/produto\/disco-retencao-para-solda-exotermica\/#primaryimage","url":"https:\/\/universoeletrico.com.br\/eletrico\/wp-content\/uploads\/2026\/03\/615fe8ef35d78cbb0231ec440c7e13d6.webp","contentUrl":"https:\/\/universoeletrico.com.br\/eletrico\/wp-content\/uploads\/2026\/03\/615fe8ef35d78cbb0231ec440c7e13d6.webp","width":679,"height":672},{"@type":"BreadcrumbList","@id":"https:\/\/universoeletrico.com.br\/eletrico\/produto\/disco-retencao-para-solda-exotermica\/#breadcrumb","itemListElement":[{"@type":"ListItem","position":1,"name":"In\u00edcio","item":"https:\/\/universoeletrico.com.br\/eletrico\/"},{"@type":"ListItem","position":2,"name":"Produtos","item":"https:\/\/universoeletrico.com.br\/eletrico\/produtos\/"},{"@type":"ListItem","position":3,"name":"DISCO RETENC\u00c3O PARA SOLDA EXOT\u00c9RMICA"}]},{"@type":"WebSite","@id":"https:\/\/universoeletrico.com.br\/eletrico\/#website","url":"https:\/\/universoeletrico.com.br\/eletrico\/","name":"Universo El\u00e9trico","description":"","potentialAction":[{"@type":"SearchAction","target":{"@type":"EntryPoint","urlTemplate":"https:\/\/universoeletrico.com.br\/eletrico\/?s={search_term_string}"},"query-input":{"@type":"PropertyValueSpecification","valueRequired":true,"valueName":"search_term_string"}}],"inLanguage":"pt-BR"}]}},"_links":{"self":[{"href":"https:\/\/universoeletrico.com.br\/eletrico\/wp-json\/wp\/v2\/product\/3542","targetHints":{"allow":["GET"]}}],"collection":[{"href":"https:\/\/universoeletrico.com.br\/eletrico\/wp-json\/wp\/v2\/product"}],"about":[{"href":"https:\/\/universoeletrico.com.br\/eletrico\/wp-json\/wp\/v2\/types\/product"}],"version-history":[{"count":3,"href":"https:\/\/universoeletrico.com.br\/eletrico\/wp-json\/wp\/v2\/product\/3542\/revisions"}],"predecessor-version":[{"id":3546,"href":"https:\/\/universoeletrico.com.br\/eletrico\/wp-json\/wp\/v2\/product\/3542\/revisions\/3546"}],"wp:featuredmedia":[{"embeddable":true,"href":"https:\/\/universoeletrico.com.br\/eletrico\/wp-json\/wp\/v2\/media\/3543"}],"wp:attachment":[{"href":"https:\/\/universoeletrico.com.br\/eletrico\/wp-json\/wp\/v2\/media?parent=3542"}],"wp:term":[{"taxonomy":"product_brand","embeddable":true,"href":"https:\/\/universoeletrico.com.br\/eletrico\/wp-json\/wp\/v2\/product_brand?post=3542"},{"taxonomy":"product_cat","embeddable":true,"href":"https:\/\/universoeletrico.com.br\/eletrico\/wp-json\/wp\/v2\/product_cat?post=3542"},{"taxonomy":"product_tag","embeddable":true,"href":"https:\/\/universoeletrico.com.br\/eletrico\/wp-json\/wp\/v2\/product_tag?post=3542"}],"curies":[{"name":"wp","href":"https:\/\/api.w.org\/{rel}","templated":true}]}}