{"id":3507,"date":"2026-03-10T10:32:40","date_gmt":"2026-03-10T13:32:40","guid":{"rendered":"https:\/\/universoeletrico.com.br\/eletrico\/?post_type=product&#038;p=3507"},"modified":"2026-03-10T10:41:21","modified_gmt":"2026-03-10T13:41:21","slug":"caixa-inspecao-pvc-para-aterro-200x230-com-tampa","status":"publish","type":"product","link":"https:\/\/universoeletrico.com.br\/eletrico\/produto\/caixa-inspecao-pvc-para-aterro-200x230-com-tampa\/","title":{"rendered":"CAIXA INSPEC\u00c3O PVC PARA ATERRO 200X230 COM TAMPA"},"content":{"rendered":"<p>Caixa de inspe\u00e7\u00e3o de aterramento em PVC com tampa \u00e9 um componente essencial para proteger a haste de aterramento contra danos externos, permitindo f\u00e1cil acesso para medi\u00e7\u00f5es de resist\u00eancia e manuten\u00e7\u00e3o do sistema el\u00e9trico. Elas s\u00e3o fabricadas em material termopl\u00e1stico resistente, geralmente em formato c\u00f4nico ou cil\u00edndrico, e instaladas ao n\u00edvel do solo.<\/p>\n<p>Segue abaixo outras op\u00e7\u00f5es de modelos:<\/p>\n<p>cod: 335634 CAIXA INSPECAO PVC P\/ATERR.300X400 C\/TP<\/p>\n<p>Para Pre\u00e7os, Or\u00e7amentos e D\u00favidas, fale com nossos especialistas.<\/p>\n","protected":false},"excerpt":{"rendered":"<p>Caixa de inspe\u00e7\u00e3o de aterramento em PVC com tampa \u00e9 um componente essencial para proteger a haste de aterramento contra danos externos, permitindo f\u00e1cil acesso para medi\u00e7\u00f5es de resist\u00eancia e manuten\u00e7\u00e3o do sistema el\u00e9trico. Elas s\u00e3o fabricadas em material termopl\u00e1stico resistente, geralmente em formato c\u00f4nico ou cil\u00edndrico, e instaladas ao n\u00edvel do solo. Segue abaixo [&hellip;]<\/p>\n","protected":false},"featured_media":3508,"template":"","meta":[],"product_brand":[],"product_cat":[18,47],"product_tag":[280,262,308,203,62,284],"class_list":{"0":"post-3507","1":"product","2":"type-product","3":"status-publish","4":"has-post-thumbnail","6":"product_cat-material-eletrico","7":"product_cat-spda-aterramento","8":"product_tag-aterramento","9":"product_tag-caixa","10":"product_tag-inspeccao","11":"product_tag-pvc","12":"product_tag-spda","13":"product_tag-tampa","15":"first","16":"instock","17":"shipping-taxable","18":"purchasable","19":"product-type-simple"},"yoast_head":"<!-- This site is optimized with the Yoast SEO Premium plugin v26.1.1 (Yoast SEO v26.1.1) - https:\/\/yoast.com\/wordpress\/plugins\/seo\/ -->\n<title>CAIXA INSPEC\u00c3O PVC PARA ATERRO 200X230 COM TAMPA - Universo El\u00e9trico<\/title>\n<meta name=\"robots\" content=\"index, follow, max-snippet:-1, max-image-preview:large, max-video-preview:-1\" \/>\n<link rel=\"canonical\" href=\"https:\/\/universoeletrico.com.br\/eletrico\/produto\/caixa-inspecao-pvc-para-aterro-200x230-com-tampa\/\" \/>\n<meta property=\"og:locale\" content=\"pt_BR\" \/>\n<meta property=\"og:type\" content=\"article\" \/>\n<meta property=\"og:title\" content=\"CAIXA INSPEC\u00c3O PVC PARA ATERRO 200X230 COM TAMPA\" \/>\n<meta property=\"og:description\" content=\"Caixa de inspe\u00e7\u00e3o de aterramento em PVC com tampa \u00e9 um componente essencial para proteger a haste de aterramento contra danos externos, permitindo f\u00e1cil acesso para medi\u00e7\u00f5es de resist\u00eancia e manuten\u00e7\u00e3o do sistema el\u00e9trico. Elas s\u00e3o fabricadas em material termopl\u00e1stico resistente, geralmente em formato c\u00f4nico ou cil\u00edndrico, e instaladas ao n\u00edvel do solo. Segue abaixo [&hellip;]\" \/>\n<meta property=\"og:url\" content=\"https:\/\/universoeletrico.com.br\/eletrico\/produto\/caixa-inspecao-pvc-para-aterro-200x230-com-tampa\/\" \/>\n<meta property=\"og:site_name\" content=\"Universo El\u00e9trico\" \/>\n<meta property=\"article:modified_time\" content=\"2026-03-10T13:41:21+00:00\" \/>\n<meta property=\"og:image\" content=\"https:\/\/universoeletrico.com.br\/eletrico\/wp-content\/uploads\/2026\/03\/4339-25.webp\" \/>\n\t<meta property=\"og:image:width\" content=\"800\" \/>\n\t<meta property=\"og:image:height\" content=\"800\" \/>\n\t<meta property=\"og:image:type\" content=\"image\/webp\" \/>\n<meta name=\"twitter:card\" content=\"summary_large_image\" \/>\n<meta name=\"twitter:label1\" content=\"Est. tempo de leitura\" \/>\n\t<meta name=\"twitter:data1\" content=\"1 minuto\" \/>\n<script type=\"application\/ld+json\" class=\"yoast-schema-graph\">{\"@context\":\"https:\/\/schema.org\",\"@graph\":[{\"@type\":\"WebPage\",\"@id\":\"https:\/\/universoeletrico.com.br\/eletrico\/produto\/caixa-inspecao-pvc-para-aterro-200x230-com-tampa\/\",\"url\":\"https:\/\/universoeletrico.com.br\/eletrico\/produto\/caixa-inspecao-pvc-para-aterro-200x230-com-tampa\/\",\"name\":\"CAIXA INSPEC\u00c3O PVC PARA ATERRO 200X230 COM TAMPA - Universo El\u00e9trico\",\"isPartOf\":{\"@id\":\"https:\/\/universoeletrico.com.br\/eletrico\/#website\"},\"primaryImageOfPage\":{\"@id\":\"https:\/\/universoeletrico.com.br\/eletrico\/produto\/caixa-inspecao-pvc-para-aterro-200x230-com-tampa\/#primaryimage\"},\"image\":{\"@id\":\"https:\/\/universoeletrico.com.br\/eletrico\/produto\/caixa-inspecao-pvc-para-aterro-200x230-com-tampa\/#primaryimage\"},\"thumbnailUrl\":\"https:\/\/universoeletrico.com.br\/eletrico\/wp-content\/uploads\/2026\/03\/4339-25.webp\",\"datePublished\":\"2026-03-10T13:32:40+00:00\",\"dateModified\":\"2026-03-10T13:41:21+00:00\",\"breadcrumb\":{\"@id\":\"https:\/\/universoeletrico.com.br\/eletrico\/produto\/caixa-inspecao-pvc-para-aterro-200x230-com-tampa\/#breadcrumb\"},\"inLanguage\":\"pt-BR\",\"potentialAction\":[{\"@type\":\"ReadAction\",\"target\":[\"https:\/\/universoeletrico.com.br\/eletrico\/produto\/caixa-inspecao-pvc-para-aterro-200x230-com-tampa\/\"]}]},{\"@type\":\"ImageObject\",\"inLanguage\":\"pt-BR\",\"@id\":\"https:\/\/universoeletrico.com.br\/eletrico\/produto\/caixa-inspecao-pvc-para-aterro-200x230-com-tampa\/#primaryimage\",\"url\":\"https:\/\/universoeletrico.com.br\/eletrico\/wp-content\/uploads\/2026\/03\/4339-25.webp\",\"contentUrl\":\"https:\/\/universoeletrico.com.br\/eletrico\/wp-content\/uploads\/2026\/03\/4339-25.webp\",\"width\":800,\"height\":800},{\"@type\":\"BreadcrumbList\",\"@id\":\"https:\/\/universoeletrico.com.br\/eletrico\/produto\/caixa-inspecao-pvc-para-aterro-200x230-com-tampa\/#breadcrumb\",\"itemListElement\":[{\"@type\":\"ListItem\",\"position\":1,\"name\":\"In\u00edcio\",\"item\":\"https:\/\/universoeletrico.com.br\/eletrico\/\"},{\"@type\":\"ListItem\",\"position\":2,\"name\":\"Produtos\",\"item\":\"https:\/\/universoeletrico.com.br\/eletrico\/produtos\/\"},{\"@type\":\"ListItem\",\"position\":3,\"name\":\"CAIXA INSPEC\u00c3O PVC PARA ATERRO 200X230 COM TAMPA\"}]},{\"@type\":\"WebSite\",\"@id\":\"https:\/\/universoeletrico.com.br\/eletrico\/#website\",\"url\":\"https:\/\/universoeletrico.com.br\/eletrico\/\",\"name\":\"Universo El\u00e9trico\",\"description\":\"\",\"potentialAction\":[{\"@type\":\"SearchAction\",\"target\":{\"@type\":\"EntryPoint\",\"urlTemplate\":\"https:\/\/universoeletrico.com.br\/eletrico\/?s={search_term_string}\"},\"query-input\":{\"@type\":\"PropertyValueSpecification\",\"valueRequired\":true,\"valueName\":\"search_term_string\"}}],\"inLanguage\":\"pt-BR\"}]}<\/script>\n<!-- \/ Yoast SEO Premium plugin. -->","yoast_head_json":{"title":"CAIXA INSPEC\u00c3O PVC PARA ATERRO 200X230 COM TAMPA - Universo El\u00e9trico","robots":{"index":"index","follow":"follow","max-snippet":"max-snippet:-1","max-image-preview":"max-image-preview:large","max-video-preview":"max-video-preview:-1"},"canonical":"https:\/\/universoeletrico.com.br\/eletrico\/produto\/caixa-inspecao-pvc-para-aterro-200x230-com-tampa\/","og_locale":"pt_BR","og_type":"article","og_title":"CAIXA INSPEC\u00c3O PVC PARA ATERRO 200X230 COM TAMPA","og_description":"Caixa de inspe\u00e7\u00e3o de aterramento em PVC com tampa \u00e9 um componente essencial para proteger a haste de aterramento contra danos externos, permitindo f\u00e1cil acesso para medi\u00e7\u00f5es de resist\u00eancia e manuten\u00e7\u00e3o do sistema el\u00e9trico. Elas s\u00e3o fabricadas em material termopl\u00e1stico resistente, geralmente em formato c\u00f4nico ou cil\u00edndrico, e instaladas ao n\u00edvel do solo. Segue abaixo [&hellip;]","og_url":"https:\/\/universoeletrico.com.br\/eletrico\/produto\/caixa-inspecao-pvc-para-aterro-200x230-com-tampa\/","og_site_name":"Universo El\u00e9trico","article_modified_time":"2026-03-10T13:41:21+00:00","og_image":[{"width":800,"height":800,"url":"https:\/\/universoeletrico.com.br\/eletrico\/wp-content\/uploads\/2026\/03\/4339-25.webp","type":"image\/webp"}],"twitter_card":"summary_large_image","twitter_misc":{"Est. tempo de leitura":"1 minuto"},"schema":{"@context":"https:\/\/schema.org","@graph":[{"@type":"WebPage","@id":"https:\/\/universoeletrico.com.br\/eletrico\/produto\/caixa-inspecao-pvc-para-aterro-200x230-com-tampa\/","url":"https:\/\/universoeletrico.com.br\/eletrico\/produto\/caixa-inspecao-pvc-para-aterro-200x230-com-tampa\/","name":"CAIXA INSPEC\u00c3O PVC PARA ATERRO 200X230 COM TAMPA - Universo El\u00e9trico","isPartOf":{"@id":"https:\/\/universoeletrico.com.br\/eletrico\/#website"},"primaryImageOfPage":{"@id":"https:\/\/universoeletrico.com.br\/eletrico\/produto\/caixa-inspecao-pvc-para-aterro-200x230-com-tampa\/#primaryimage"},"image":{"@id":"https:\/\/universoeletrico.com.br\/eletrico\/produto\/caixa-inspecao-pvc-para-aterro-200x230-com-tampa\/#primaryimage"},"thumbnailUrl":"https:\/\/universoeletrico.com.br\/eletrico\/wp-content\/uploads\/2026\/03\/4339-25.webp","datePublished":"2026-03-10T13:32:40+00:00","dateModified":"2026-03-10T13:41:21+00:00","breadcrumb":{"@id":"https:\/\/universoeletrico.com.br\/eletrico\/produto\/caixa-inspecao-pvc-para-aterro-200x230-com-tampa\/#breadcrumb"},"inLanguage":"pt-BR","potentialAction":[{"@type":"ReadAction","target":["https:\/\/universoeletrico.com.br\/eletrico\/produto\/caixa-inspecao-pvc-para-aterro-200x230-com-tampa\/"]}]},{"@type":"ImageObject","inLanguage":"pt-BR","@id":"https:\/\/universoeletrico.com.br\/eletrico\/produto\/caixa-inspecao-pvc-para-aterro-200x230-com-tampa\/#primaryimage","url":"https:\/\/universoeletrico.com.br\/eletrico\/wp-content\/uploads\/2026\/03\/4339-25.webp","contentUrl":"https:\/\/universoeletrico.com.br\/eletrico\/wp-content\/uploads\/2026\/03\/4339-25.webp","width":800,"height":800},{"@type":"BreadcrumbList","@id":"https:\/\/universoeletrico.com.br\/eletrico\/produto\/caixa-inspecao-pvc-para-aterro-200x230-com-tampa\/#breadcrumb","itemListElement":[{"@type":"ListItem","position":1,"name":"In\u00edcio","item":"https:\/\/universoeletrico.com.br\/eletrico\/"},{"@type":"ListItem","position":2,"name":"Produtos","item":"https:\/\/universoeletrico.com.br\/eletrico\/produtos\/"},{"@type":"ListItem","position":3,"name":"CAIXA INSPEC\u00c3O PVC PARA ATERRO 200X230 COM TAMPA"}]},{"@type":"WebSite","@id":"https:\/\/universoeletrico.com.br\/eletrico\/#website","url":"https:\/\/universoeletrico.com.br\/eletrico\/","name":"Universo El\u00e9trico","description":"","potentialAction":[{"@type":"SearchAction","target":{"@type":"EntryPoint","urlTemplate":"https:\/\/universoeletrico.com.br\/eletrico\/?s={search_term_string}"},"query-input":{"@type":"PropertyValueSpecification","valueRequired":true,"valueName":"search_term_string"}}],"inLanguage":"pt-BR"}]}},"_links":{"self":[{"href":"https:\/\/universoeletrico.com.br\/eletrico\/wp-json\/wp\/v2\/product\/3507","targetHints":{"allow":["GET"]}}],"collection":[{"href":"https:\/\/universoeletrico.com.br\/eletrico\/wp-json\/wp\/v2\/product"}],"about":[{"href":"https:\/\/universoeletrico.com.br\/eletrico\/wp-json\/wp\/v2\/types\/product"}],"version-history":[{"count":3,"href":"https:\/\/universoeletrico.com.br\/eletrico\/wp-json\/wp\/v2\/product\/3507\/revisions"}],"predecessor-version":[{"id":3511,"href":"https:\/\/universoeletrico.com.br\/eletrico\/wp-json\/wp\/v2\/product\/3507\/revisions\/3511"}],"wp:featuredmedia":[{"embeddable":true,"href":"https:\/\/universoeletrico.com.br\/eletrico\/wp-json\/wp\/v2\/media\/3508"}],"wp:attachment":[{"href":"https:\/\/universoeletrico.com.br\/eletrico\/wp-json\/wp\/v2\/media?parent=3507"}],"wp:term":[{"taxonomy":"product_brand","embeddable":true,"href":"https:\/\/universoeletrico.com.br\/eletrico\/wp-json\/wp\/v2\/product_brand?post=3507"},{"taxonomy":"product_cat","embeddable":true,"href":"https:\/\/universoeletrico.com.br\/eletrico\/wp-json\/wp\/v2\/product_cat?post=3507"},{"taxonomy":"product_tag","embeddable":true,"href":"https:\/\/universoeletrico.com.br\/eletrico\/wp-json\/wp\/v2\/product_tag?post=3507"}],"curies":[{"name":"wp","href":"https:\/\/api.w.org\/{rel}","templated":true}]}}