{"id":3477,"date":"2026-03-09T10:45:17","date_gmt":"2026-03-09T13:45:17","guid":{"rendered":"https:\/\/universoeletrico.com.br\/eletrico\/?post_type=product&#038;p=3477"},"modified":"2026-03-09T14:49:08","modified_gmt":"2026-03-09T17:49:08","slug":"caixa-de-equalizacao-21x21cm-com-9-terminais","status":"publish","type":"product","link":"https:\/\/universoeletrico.com.br\/eletrico\/produto\/caixa-de-equalizacao-21x21cm-com-9-terminais\/","title":{"rendered":"CAIXA DE EQUALIZAC\u00c3O 21X21CM  COM 9 TERMINAIS"},"content":{"rendered":"<p>Caixa de equaliza\u00e7\u00e3o com 9 terminais (tamb\u00e9m conhecida como caixa de equipotencializa\u00e7\u00e3o ou BEP) \u00e9 um componente essencial em sistemas de aterramento e SPDA (para-raios) para interligar massas met\u00e1licas e evitar diferen\u00e7as de potencial perigosas.<\/p>\n<p>Segue abaixo outras op\u00e7\u00f5es de modelos:<\/p>\n<p>cod: 33255 CAIXA DE EQUALIZ. 19X14CM 5 TERM.INT\/EXT<\/p>\n<p>cod: 33914 CAIXA DE EQUALIZACAO 40X40CM 11 TERMIN<\/p>\n<p>cod: 33127 CAIXA DE EQUALIZACAO 40X40CM 11 TERMIN#<\/p>\n<p>Para Pre\u00e7os, Or\u00e7amentos e D\u00favidas, fale com nossos especialistas.<\/p>\n<p>&nbsp;<\/p>\n","protected":false},"excerpt":{"rendered":"<p>Caixa de equaliza\u00e7\u00e3o com 9 terminais (tamb\u00e9m conhecida como caixa de equipotencializa\u00e7\u00e3o ou BEP) \u00e9 um componente essencial em sistemas de aterramento e SPDA (para-raios) para interligar massas met\u00e1licas e evitar diferen\u00e7as de potencial perigosas. Segue abaixo outras op\u00e7\u00f5es de modelos: cod: 33255 CAIXA DE EQUALIZ. 19X14CM 5 TERM.INT\/EXT cod: 33914 CAIXA DE EQUALIZACAO 40X40CM [&hellip;]<\/p>\n","protected":false},"featured_media":3478,"template":"","meta":[],"product_brand":[],"product_cat":[18,47],"product_tag":[179,306,272,62],"class_list":{"0":"post-3477","1":"product","2":"type-product","3":"status-publish","4":"has-post-thumbnail","6":"product_cat-material-eletrico","7":"product_cat-spda-aterramento","8":"product_tag-acessorio-eletrico","9":"product_tag-equalizacao","10":"product_tag-quadro","11":"product_tag-spda","13":"first","14":"instock","15":"shipping-taxable","16":"purchasable","17":"product-type-simple"},"yoast_head":"<!-- This site is optimized with the Yoast SEO Premium plugin v26.1.1 (Yoast SEO v26.1.1) - https:\/\/yoast.com\/wordpress\/plugins\/seo\/ -->\n<title>CAIXA DE EQUALIZAC\u00c3O 21X21CM COM 9 TERMINAIS - Universo El\u00e9trico<\/title>\n<meta name=\"robots\" content=\"index, follow, max-snippet:-1, max-image-preview:large, max-video-preview:-1\" \/>\n<link rel=\"canonical\" href=\"https:\/\/universoeletrico.com.br\/eletrico\/produto\/caixa-de-equalizacao-21x21cm-com-9-terminais\/\" \/>\n<meta property=\"og:locale\" content=\"pt_BR\" \/>\n<meta property=\"og:type\" content=\"article\" \/>\n<meta property=\"og:title\" content=\"CAIXA DE EQUALIZAC\u00c3O 21X21CM COM 9 TERMINAIS\" \/>\n<meta property=\"og:description\" content=\"Caixa de equaliza\u00e7\u00e3o com 9 terminais (tamb\u00e9m conhecida como caixa de equipotencializa\u00e7\u00e3o ou BEP) \u00e9 um componente essencial em sistemas de aterramento e SPDA (para-raios) para interligar massas met\u00e1licas e evitar diferen\u00e7as de potencial perigosas. Segue abaixo outras op\u00e7\u00f5es de modelos: cod: 33255 CAIXA DE EQUALIZ. 19X14CM 5 TERM.INT\/EXT cod: 33914 CAIXA DE EQUALIZACAO 40X40CM [&hellip;]\" \/>\n<meta property=\"og:url\" content=\"https:\/\/universoeletrico.com.br\/eletrico\/produto\/caixa-de-equalizacao-21x21cm-com-9-terminais\/\" \/>\n<meta property=\"og:site_name\" content=\"Universo El\u00e9trico\" \/>\n<meta property=\"article:modified_time\" content=\"2026-03-09T17:49:08+00:00\" \/>\n<meta property=\"og:image\" content=\"https:\/\/universoeletrico.com.br\/eletrico\/wp-content\/uploads\/2026\/03\/2410203600088_caixa_equaliza_o_terra_40x40x15_5cm_11_terminais_tel900_termotecnica.webp\" \/>\n\t<meta property=\"og:image:width\" content=\"1000\" \/>\n\t<meta property=\"og:image:height\" content=\"1000\" \/>\n\t<meta property=\"og:image:type\" content=\"image\/webp\" \/>\n<meta name=\"twitter:card\" content=\"summary_large_image\" \/>\n<meta name=\"twitter:label1\" content=\"Est. tempo de leitura\" \/>\n\t<meta name=\"twitter:data1\" content=\"1 minuto\" \/>\n<script type=\"application\/ld+json\" class=\"yoast-schema-graph\">{\"@context\":\"https:\/\/schema.org\",\"@graph\":[{\"@type\":\"WebPage\",\"@id\":\"https:\/\/universoeletrico.com.br\/eletrico\/produto\/caixa-de-equalizacao-21x21cm-com-9-terminais\/\",\"url\":\"https:\/\/universoeletrico.com.br\/eletrico\/produto\/caixa-de-equalizacao-21x21cm-com-9-terminais\/\",\"name\":\"CAIXA DE EQUALIZAC\u00c3O 21X21CM COM 9 TERMINAIS - Universo El\u00e9trico\",\"isPartOf\":{\"@id\":\"https:\/\/universoeletrico.com.br\/eletrico\/#website\"},\"primaryImageOfPage\":{\"@id\":\"https:\/\/universoeletrico.com.br\/eletrico\/produto\/caixa-de-equalizacao-21x21cm-com-9-terminais\/#primaryimage\"},\"image\":{\"@id\":\"https:\/\/universoeletrico.com.br\/eletrico\/produto\/caixa-de-equalizacao-21x21cm-com-9-terminais\/#primaryimage\"},\"thumbnailUrl\":\"https:\/\/universoeletrico.com.br\/eletrico\/wp-content\/uploads\/2026\/03\/2410203600088_caixa_equaliza_o_terra_40x40x15_5cm_11_terminais_tel900_termotecnica.webp\",\"datePublished\":\"2026-03-09T13:45:17+00:00\",\"dateModified\":\"2026-03-09T17:49:08+00:00\",\"breadcrumb\":{\"@id\":\"https:\/\/universoeletrico.com.br\/eletrico\/produto\/caixa-de-equalizacao-21x21cm-com-9-terminais\/#breadcrumb\"},\"inLanguage\":\"pt-BR\",\"potentialAction\":[{\"@type\":\"ReadAction\",\"target\":[\"https:\/\/universoeletrico.com.br\/eletrico\/produto\/caixa-de-equalizacao-21x21cm-com-9-terminais\/\"]}]},{\"@type\":\"ImageObject\",\"inLanguage\":\"pt-BR\",\"@id\":\"https:\/\/universoeletrico.com.br\/eletrico\/produto\/caixa-de-equalizacao-21x21cm-com-9-terminais\/#primaryimage\",\"url\":\"https:\/\/universoeletrico.com.br\/eletrico\/wp-content\/uploads\/2026\/03\/2410203600088_caixa_equaliza_o_terra_40x40x15_5cm_11_terminais_tel900_termotecnica.webp\",\"contentUrl\":\"https:\/\/universoeletrico.com.br\/eletrico\/wp-content\/uploads\/2026\/03\/2410203600088_caixa_equaliza_o_terra_40x40x15_5cm_11_terminais_tel900_termotecnica.webp\",\"width\":1000,\"height\":1000},{\"@type\":\"BreadcrumbList\",\"@id\":\"https:\/\/universoeletrico.com.br\/eletrico\/produto\/caixa-de-equalizacao-21x21cm-com-9-terminais\/#breadcrumb\",\"itemListElement\":[{\"@type\":\"ListItem\",\"position\":1,\"name\":\"In\u00edcio\",\"item\":\"https:\/\/universoeletrico.com.br\/eletrico\/\"},{\"@type\":\"ListItem\",\"position\":2,\"name\":\"Produtos\",\"item\":\"https:\/\/universoeletrico.com.br\/eletrico\/produtos\/\"},{\"@type\":\"ListItem\",\"position\":3,\"name\":\"CAIXA DE EQUALIZAC\u00c3O 21X21CM COM 9 TERMINAIS\"}]},{\"@type\":\"WebSite\",\"@id\":\"https:\/\/universoeletrico.com.br\/eletrico\/#website\",\"url\":\"https:\/\/universoeletrico.com.br\/eletrico\/\",\"name\":\"Universo El\u00e9trico\",\"description\":\"\",\"potentialAction\":[{\"@type\":\"SearchAction\",\"target\":{\"@type\":\"EntryPoint\",\"urlTemplate\":\"https:\/\/universoeletrico.com.br\/eletrico\/?s={search_term_string}\"},\"query-input\":{\"@type\":\"PropertyValueSpecification\",\"valueRequired\":true,\"valueName\":\"search_term_string\"}}],\"inLanguage\":\"pt-BR\"}]}<\/script>\n<!-- \/ Yoast SEO Premium plugin. -->","yoast_head_json":{"title":"CAIXA DE EQUALIZAC\u00c3O 21X21CM COM 9 TERMINAIS - Universo El\u00e9trico","robots":{"index":"index","follow":"follow","max-snippet":"max-snippet:-1","max-image-preview":"max-image-preview:large","max-video-preview":"max-video-preview:-1"},"canonical":"https:\/\/universoeletrico.com.br\/eletrico\/produto\/caixa-de-equalizacao-21x21cm-com-9-terminais\/","og_locale":"pt_BR","og_type":"article","og_title":"CAIXA DE EQUALIZAC\u00c3O 21X21CM COM 9 TERMINAIS","og_description":"Caixa de equaliza\u00e7\u00e3o com 9 terminais (tamb\u00e9m conhecida como caixa de equipotencializa\u00e7\u00e3o ou BEP) \u00e9 um componente essencial em sistemas de aterramento e SPDA (para-raios) para interligar massas met\u00e1licas e evitar diferen\u00e7as de potencial perigosas. Segue abaixo outras op\u00e7\u00f5es de modelos: cod: 33255 CAIXA DE EQUALIZ. 19X14CM 5 TERM.INT\/EXT cod: 33914 CAIXA DE EQUALIZACAO 40X40CM [&hellip;]","og_url":"https:\/\/universoeletrico.com.br\/eletrico\/produto\/caixa-de-equalizacao-21x21cm-com-9-terminais\/","og_site_name":"Universo El\u00e9trico","article_modified_time":"2026-03-09T17:49:08+00:00","og_image":[{"width":1000,"height":1000,"url":"https:\/\/universoeletrico.com.br\/eletrico\/wp-content\/uploads\/2026\/03\/2410203600088_caixa_equaliza_o_terra_40x40x15_5cm_11_terminais_tel900_termotecnica.webp","type":"image\/webp"}],"twitter_card":"summary_large_image","twitter_misc":{"Est. tempo de leitura":"1 minuto"},"schema":{"@context":"https:\/\/schema.org","@graph":[{"@type":"WebPage","@id":"https:\/\/universoeletrico.com.br\/eletrico\/produto\/caixa-de-equalizacao-21x21cm-com-9-terminais\/","url":"https:\/\/universoeletrico.com.br\/eletrico\/produto\/caixa-de-equalizacao-21x21cm-com-9-terminais\/","name":"CAIXA DE EQUALIZAC\u00c3O 21X21CM COM 9 TERMINAIS - Universo El\u00e9trico","isPartOf":{"@id":"https:\/\/universoeletrico.com.br\/eletrico\/#website"},"primaryImageOfPage":{"@id":"https:\/\/universoeletrico.com.br\/eletrico\/produto\/caixa-de-equalizacao-21x21cm-com-9-terminais\/#primaryimage"},"image":{"@id":"https:\/\/universoeletrico.com.br\/eletrico\/produto\/caixa-de-equalizacao-21x21cm-com-9-terminais\/#primaryimage"},"thumbnailUrl":"https:\/\/universoeletrico.com.br\/eletrico\/wp-content\/uploads\/2026\/03\/2410203600088_caixa_equaliza_o_terra_40x40x15_5cm_11_terminais_tel900_termotecnica.webp","datePublished":"2026-03-09T13:45:17+00:00","dateModified":"2026-03-09T17:49:08+00:00","breadcrumb":{"@id":"https:\/\/universoeletrico.com.br\/eletrico\/produto\/caixa-de-equalizacao-21x21cm-com-9-terminais\/#breadcrumb"},"inLanguage":"pt-BR","potentialAction":[{"@type":"ReadAction","target":["https:\/\/universoeletrico.com.br\/eletrico\/produto\/caixa-de-equalizacao-21x21cm-com-9-terminais\/"]}]},{"@type":"ImageObject","inLanguage":"pt-BR","@id":"https:\/\/universoeletrico.com.br\/eletrico\/produto\/caixa-de-equalizacao-21x21cm-com-9-terminais\/#primaryimage","url":"https:\/\/universoeletrico.com.br\/eletrico\/wp-content\/uploads\/2026\/03\/2410203600088_caixa_equaliza_o_terra_40x40x15_5cm_11_terminais_tel900_termotecnica.webp","contentUrl":"https:\/\/universoeletrico.com.br\/eletrico\/wp-content\/uploads\/2026\/03\/2410203600088_caixa_equaliza_o_terra_40x40x15_5cm_11_terminais_tel900_termotecnica.webp","width":1000,"height":1000},{"@type":"BreadcrumbList","@id":"https:\/\/universoeletrico.com.br\/eletrico\/produto\/caixa-de-equalizacao-21x21cm-com-9-terminais\/#breadcrumb","itemListElement":[{"@type":"ListItem","position":1,"name":"In\u00edcio","item":"https:\/\/universoeletrico.com.br\/eletrico\/"},{"@type":"ListItem","position":2,"name":"Produtos","item":"https:\/\/universoeletrico.com.br\/eletrico\/produtos\/"},{"@type":"ListItem","position":3,"name":"CAIXA DE EQUALIZAC\u00c3O 21X21CM COM 9 TERMINAIS"}]},{"@type":"WebSite","@id":"https:\/\/universoeletrico.com.br\/eletrico\/#website","url":"https:\/\/universoeletrico.com.br\/eletrico\/","name":"Universo El\u00e9trico","description":"","potentialAction":[{"@type":"SearchAction","target":{"@type":"EntryPoint","urlTemplate":"https:\/\/universoeletrico.com.br\/eletrico\/?s={search_term_string}"},"query-input":{"@type":"PropertyValueSpecification","valueRequired":true,"valueName":"search_term_string"}}],"inLanguage":"pt-BR"}]}},"_links":{"self":[{"href":"https:\/\/universoeletrico.com.br\/eletrico\/wp-json\/wp\/v2\/product\/3477","targetHints":{"allow":["GET"]}}],"collection":[{"href":"https:\/\/universoeletrico.com.br\/eletrico\/wp-json\/wp\/v2\/product"}],"about":[{"href":"https:\/\/universoeletrico.com.br\/eletrico\/wp-json\/wp\/v2\/types\/product"}],"version-history":[{"count":6,"href":"https:\/\/universoeletrico.com.br\/eletrico\/wp-json\/wp\/v2\/product\/3477\/revisions"}],"predecessor-version":[{"id":3485,"href":"https:\/\/universoeletrico.com.br\/eletrico\/wp-json\/wp\/v2\/product\/3477\/revisions\/3485"}],"wp:featuredmedia":[{"embeddable":true,"href":"https:\/\/universoeletrico.com.br\/eletrico\/wp-json\/wp\/v2\/media\/3478"}],"wp:attachment":[{"href":"https:\/\/universoeletrico.com.br\/eletrico\/wp-json\/wp\/v2\/media?parent=3477"}],"wp:term":[{"taxonomy":"product_brand","embeddable":true,"href":"https:\/\/universoeletrico.com.br\/eletrico\/wp-json\/wp\/v2\/product_brand?post=3477"},{"taxonomy":"product_cat","embeddable":true,"href":"https:\/\/universoeletrico.com.br\/eletrico\/wp-json\/wp\/v2\/product_cat?post=3477"},{"taxonomy":"product_tag","embeddable":true,"href":"https:\/\/universoeletrico.com.br\/eletrico\/wp-json\/wp\/v2\/product_tag?post=3477"}],"curies":[{"name":"wp","href":"https:\/\/api.w.org\/{rel}","templated":true}]}}