{"id":3471,"date":"2026-03-06T15:48:50","date_gmt":"2026-03-06T18:48:50","guid":{"rendered":"https:\/\/universoeletrico.com.br\/eletrico\/?post_type=product&#038;p=3471"},"modified":"2026-03-09T08:55:04","modified_gmt":"2026-03-09T11:55:04","slug":"barra-curva-90-aluminio-7-8-x-1-8","status":"publish","type":"product","link":"https:\/\/universoeletrico.com.br\/eletrico\/produto\/barra-curva-90-aluminio-7-8-x-1-8\/","title":{"rendered":"BARRA CURVA 90\u00b0 ALUMINIO 7\/8 X 1\/8"},"content":{"rendered":"<p>barra curva 90\u00b0 alum\u00ednio da apoio para acessibilidade (formato em &#8220;L&#8221;) quanto a componentes estruturais ou el\u00e9tricos.<\/p>\n<p>Segue abaixo outras op\u00e7\u00f5es de modelos:<\/p>\n<p>cod: 33351 CURVA HORIZ.AL.7\/8 X 1\/8 X 300MM<\/p>\n<p>Para Pre\u00e7os, Or\u00e7amentos e D\u00favidas, fale com nossos especialistas<\/p>\n","protected":false},"excerpt":{"rendered":"<p>barra curva 90\u00b0 alum\u00ednio da apoio para acessibilidade (formato em &#8220;L&#8221;) quanto a componentes estruturais ou el\u00e9tricos. Segue abaixo outras op\u00e7\u00f5es de modelos: cod: 33351 CURVA HORIZ.AL.7\/8 X 1\/8 X 300MM Para Pre\u00e7os, Or\u00e7amentos e D\u00favidas, fale com nossos especialistas<\/p>\n","protected":false},"featured_media":3472,"template":"","meta":[],"product_brand":[],"product_cat":[18,47],"product_tag":[179,300,303,177,62],"class_list":{"0":"post-3471","1":"product","2":"type-product","3":"status-publish","4":"has-post-thumbnail","6":"product_cat-material-eletrico","7":"product_cat-spda-aterramento","8":"product_tag-acessorio-eletrico","9":"product_tag-aluminio","10":"product_tag-barra-chata","11":"product_tag-curva90","12":"product_tag-spda","14":"first","15":"instock","16":"shipping-taxable","17":"purchasable","18":"product-type-simple"},"yoast_head":"<!-- This site is optimized with the Yoast SEO Premium plugin v26.1.1 (Yoast SEO v26.1.1) - https:\/\/yoast.com\/wordpress\/plugins\/seo\/ -->\n<title>BARRA CURVA 90\u00b0 ALUMINIO 7\/8 X 1\/8 - Universo El\u00e9trico<\/title>\n<meta name=\"robots\" content=\"index, follow, max-snippet:-1, max-image-preview:large, max-video-preview:-1\" \/>\n<link rel=\"canonical\" href=\"https:\/\/universoeletrico.com.br\/eletrico\/produto\/barra-curva-90-aluminio-7-8-x-1-8\/\" \/>\n<meta property=\"og:locale\" content=\"pt_BR\" \/>\n<meta property=\"og:type\" content=\"article\" \/>\n<meta property=\"og:title\" content=\"BARRA CURVA 90\u00b0 ALUMINIO 7\/8 X 1\/8\" \/>\n<meta property=\"og:description\" content=\"barra curva 90\u00b0 alum\u00ednio da apoio para acessibilidade (formato em &#8220;L&#8221;) quanto a componentes estruturais ou el\u00e9tricos. Segue abaixo outras op\u00e7\u00f5es de modelos: cod: 33351 CURVA HORIZ.AL.7\/8 X 1\/8 X 300MM Para Pre\u00e7os, Or\u00e7amentos e D\u00favidas, fale com nossos especialistas\" \/>\n<meta property=\"og:url\" content=\"https:\/\/universoeletrico.com.br\/eletrico\/produto\/barra-curva-90-aluminio-7-8-x-1-8\/\" \/>\n<meta property=\"og:site_name\" content=\"Universo El\u00e9trico\" \/>\n<meta property=\"article:modified_time\" content=\"2026-03-09T11:55:04+00:00\" \/>\n<meta property=\"og:image\" content=\"https:\/\/universoeletrico.com.br\/eletrico\/wp-content\/uploads\/2026\/03\/emenda-para-fita-de-aluminio-90-78x18-c603cd293858d6dfb8d398ac3f68502f.webp\" \/>\n\t<meta property=\"og:image:width\" content=\"1000\" \/>\n\t<meta property=\"og:image:height\" content=\"1000\" \/>\n\t<meta property=\"og:image:type\" content=\"image\/webp\" \/>\n<meta name=\"twitter:card\" content=\"summary_large_image\" \/>\n<meta name=\"twitter:label1\" content=\"Est. tempo de leitura\" \/>\n\t<meta name=\"twitter:data1\" content=\"1 minuto\" \/>\n<script type=\"application\/ld+json\" class=\"yoast-schema-graph\">{\"@context\":\"https:\/\/schema.org\",\"@graph\":[{\"@type\":\"WebPage\",\"@id\":\"https:\/\/universoeletrico.com.br\/eletrico\/produto\/barra-curva-90-aluminio-7-8-x-1-8\/\",\"url\":\"https:\/\/universoeletrico.com.br\/eletrico\/produto\/barra-curva-90-aluminio-7-8-x-1-8\/\",\"name\":\"BARRA CURVA 90\u00b0 ALUMINIO 7\/8 X 1\/8 - Universo El\u00e9trico\",\"isPartOf\":{\"@id\":\"https:\/\/universoeletrico.com.br\/eletrico\/#website\"},\"primaryImageOfPage\":{\"@id\":\"https:\/\/universoeletrico.com.br\/eletrico\/produto\/barra-curva-90-aluminio-7-8-x-1-8\/#primaryimage\"},\"image\":{\"@id\":\"https:\/\/universoeletrico.com.br\/eletrico\/produto\/barra-curva-90-aluminio-7-8-x-1-8\/#primaryimage\"},\"thumbnailUrl\":\"https:\/\/universoeletrico.com.br\/eletrico\/wp-content\/uploads\/2026\/03\/emenda-para-fita-de-aluminio-90-78x18-c603cd293858d6dfb8d398ac3f68502f.webp\",\"datePublished\":\"2026-03-06T18:48:50+00:00\",\"dateModified\":\"2026-03-09T11:55:04+00:00\",\"breadcrumb\":{\"@id\":\"https:\/\/universoeletrico.com.br\/eletrico\/produto\/barra-curva-90-aluminio-7-8-x-1-8\/#breadcrumb\"},\"inLanguage\":\"pt-BR\",\"potentialAction\":[{\"@type\":\"ReadAction\",\"target\":[\"https:\/\/universoeletrico.com.br\/eletrico\/produto\/barra-curva-90-aluminio-7-8-x-1-8\/\"]}]},{\"@type\":\"ImageObject\",\"inLanguage\":\"pt-BR\",\"@id\":\"https:\/\/universoeletrico.com.br\/eletrico\/produto\/barra-curva-90-aluminio-7-8-x-1-8\/#primaryimage\",\"url\":\"https:\/\/universoeletrico.com.br\/eletrico\/wp-content\/uploads\/2026\/03\/emenda-para-fita-de-aluminio-90-78x18-c603cd293858d6dfb8d398ac3f68502f.webp\",\"contentUrl\":\"https:\/\/universoeletrico.com.br\/eletrico\/wp-content\/uploads\/2026\/03\/emenda-para-fita-de-aluminio-90-78x18-c603cd293858d6dfb8d398ac3f68502f.webp\",\"width\":1000,\"height\":1000},{\"@type\":\"BreadcrumbList\",\"@id\":\"https:\/\/universoeletrico.com.br\/eletrico\/produto\/barra-curva-90-aluminio-7-8-x-1-8\/#breadcrumb\",\"itemListElement\":[{\"@type\":\"ListItem\",\"position\":1,\"name\":\"In\u00edcio\",\"item\":\"https:\/\/universoeletrico.com.br\/eletrico\/\"},{\"@type\":\"ListItem\",\"position\":2,\"name\":\"Produtos\",\"item\":\"https:\/\/universoeletrico.com.br\/eletrico\/produtos\/\"},{\"@type\":\"ListItem\",\"position\":3,\"name\":\"BARRA CURVA 90\u00b0 ALUMINIO 7\/8 X 1\/8\"}]},{\"@type\":\"WebSite\",\"@id\":\"https:\/\/universoeletrico.com.br\/eletrico\/#website\",\"url\":\"https:\/\/universoeletrico.com.br\/eletrico\/\",\"name\":\"Universo El\u00e9trico\",\"description\":\"\",\"potentialAction\":[{\"@type\":\"SearchAction\",\"target\":{\"@type\":\"EntryPoint\",\"urlTemplate\":\"https:\/\/universoeletrico.com.br\/eletrico\/?s={search_term_string}\"},\"query-input\":{\"@type\":\"PropertyValueSpecification\",\"valueRequired\":true,\"valueName\":\"search_term_string\"}}],\"inLanguage\":\"pt-BR\"}]}<\/script>\n<!-- \/ Yoast SEO Premium plugin. -->","yoast_head_json":{"title":"BARRA CURVA 90\u00b0 ALUMINIO 7\/8 X 1\/8 - Universo El\u00e9trico","robots":{"index":"index","follow":"follow","max-snippet":"max-snippet:-1","max-image-preview":"max-image-preview:large","max-video-preview":"max-video-preview:-1"},"canonical":"https:\/\/universoeletrico.com.br\/eletrico\/produto\/barra-curva-90-aluminio-7-8-x-1-8\/","og_locale":"pt_BR","og_type":"article","og_title":"BARRA CURVA 90\u00b0 ALUMINIO 7\/8 X 1\/8","og_description":"barra curva 90\u00b0 alum\u00ednio da apoio para acessibilidade (formato em &#8220;L&#8221;) quanto a componentes estruturais ou el\u00e9tricos. Segue abaixo outras op\u00e7\u00f5es de modelos: cod: 33351 CURVA HORIZ.AL.7\/8 X 1\/8 X 300MM Para Pre\u00e7os, Or\u00e7amentos e D\u00favidas, fale com nossos especialistas","og_url":"https:\/\/universoeletrico.com.br\/eletrico\/produto\/barra-curva-90-aluminio-7-8-x-1-8\/","og_site_name":"Universo El\u00e9trico","article_modified_time":"2026-03-09T11:55:04+00:00","og_image":[{"width":1000,"height":1000,"url":"https:\/\/universoeletrico.com.br\/eletrico\/wp-content\/uploads\/2026\/03\/emenda-para-fita-de-aluminio-90-78x18-c603cd293858d6dfb8d398ac3f68502f.webp","type":"image\/webp"}],"twitter_card":"summary_large_image","twitter_misc":{"Est. tempo de leitura":"1 minuto"},"schema":{"@context":"https:\/\/schema.org","@graph":[{"@type":"WebPage","@id":"https:\/\/universoeletrico.com.br\/eletrico\/produto\/barra-curva-90-aluminio-7-8-x-1-8\/","url":"https:\/\/universoeletrico.com.br\/eletrico\/produto\/barra-curva-90-aluminio-7-8-x-1-8\/","name":"BARRA CURVA 90\u00b0 ALUMINIO 7\/8 X 1\/8 - Universo El\u00e9trico","isPartOf":{"@id":"https:\/\/universoeletrico.com.br\/eletrico\/#website"},"primaryImageOfPage":{"@id":"https:\/\/universoeletrico.com.br\/eletrico\/produto\/barra-curva-90-aluminio-7-8-x-1-8\/#primaryimage"},"image":{"@id":"https:\/\/universoeletrico.com.br\/eletrico\/produto\/barra-curva-90-aluminio-7-8-x-1-8\/#primaryimage"},"thumbnailUrl":"https:\/\/universoeletrico.com.br\/eletrico\/wp-content\/uploads\/2026\/03\/emenda-para-fita-de-aluminio-90-78x18-c603cd293858d6dfb8d398ac3f68502f.webp","datePublished":"2026-03-06T18:48:50+00:00","dateModified":"2026-03-09T11:55:04+00:00","breadcrumb":{"@id":"https:\/\/universoeletrico.com.br\/eletrico\/produto\/barra-curva-90-aluminio-7-8-x-1-8\/#breadcrumb"},"inLanguage":"pt-BR","potentialAction":[{"@type":"ReadAction","target":["https:\/\/universoeletrico.com.br\/eletrico\/produto\/barra-curva-90-aluminio-7-8-x-1-8\/"]}]},{"@type":"ImageObject","inLanguage":"pt-BR","@id":"https:\/\/universoeletrico.com.br\/eletrico\/produto\/barra-curva-90-aluminio-7-8-x-1-8\/#primaryimage","url":"https:\/\/universoeletrico.com.br\/eletrico\/wp-content\/uploads\/2026\/03\/emenda-para-fita-de-aluminio-90-78x18-c603cd293858d6dfb8d398ac3f68502f.webp","contentUrl":"https:\/\/universoeletrico.com.br\/eletrico\/wp-content\/uploads\/2026\/03\/emenda-para-fita-de-aluminio-90-78x18-c603cd293858d6dfb8d398ac3f68502f.webp","width":1000,"height":1000},{"@type":"BreadcrumbList","@id":"https:\/\/universoeletrico.com.br\/eletrico\/produto\/barra-curva-90-aluminio-7-8-x-1-8\/#breadcrumb","itemListElement":[{"@type":"ListItem","position":1,"name":"In\u00edcio","item":"https:\/\/universoeletrico.com.br\/eletrico\/"},{"@type":"ListItem","position":2,"name":"Produtos","item":"https:\/\/universoeletrico.com.br\/eletrico\/produtos\/"},{"@type":"ListItem","position":3,"name":"BARRA CURVA 90\u00b0 ALUMINIO 7\/8 X 1\/8"}]},{"@type":"WebSite","@id":"https:\/\/universoeletrico.com.br\/eletrico\/#website","url":"https:\/\/universoeletrico.com.br\/eletrico\/","name":"Universo El\u00e9trico","description":"","potentialAction":[{"@type":"SearchAction","target":{"@type":"EntryPoint","urlTemplate":"https:\/\/universoeletrico.com.br\/eletrico\/?s={search_term_string}"},"query-input":{"@type":"PropertyValueSpecification","valueRequired":true,"valueName":"search_term_string"}}],"inLanguage":"pt-BR"}]}},"_links":{"self":[{"href":"https:\/\/universoeletrico.com.br\/eletrico\/wp-json\/wp\/v2\/product\/3471","targetHints":{"allow":["GET"]}}],"collection":[{"href":"https:\/\/universoeletrico.com.br\/eletrico\/wp-json\/wp\/v2\/product"}],"about":[{"href":"https:\/\/universoeletrico.com.br\/eletrico\/wp-json\/wp\/v2\/types\/product"}],"version-history":[{"count":4,"href":"https:\/\/universoeletrico.com.br\/eletrico\/wp-json\/wp\/v2\/product\/3471\/revisions"}],"predecessor-version":[{"id":3476,"href":"https:\/\/universoeletrico.com.br\/eletrico\/wp-json\/wp\/v2\/product\/3471\/revisions\/3476"}],"wp:featuredmedia":[{"embeddable":true,"href":"https:\/\/universoeletrico.com.br\/eletrico\/wp-json\/wp\/v2\/media\/3472"}],"wp:attachment":[{"href":"https:\/\/universoeletrico.com.br\/eletrico\/wp-json\/wp\/v2\/media?parent=3471"}],"wp:term":[{"taxonomy":"product_brand","embeddable":true,"href":"https:\/\/universoeletrico.com.br\/eletrico\/wp-json\/wp\/v2\/product_brand?post=3471"},{"taxonomy":"product_cat","embeddable":true,"href":"https:\/\/universoeletrico.com.br\/eletrico\/wp-json\/wp\/v2\/product_cat?post=3471"},{"taxonomy":"product_tag","embeddable":true,"href":"https:\/\/universoeletrico.com.br\/eletrico\/wp-json\/wp\/v2\/product_tag?post=3471"}],"curies":[{"name":"wp","href":"https:\/\/api.w.org\/{rel}","templated":true}]}}