{"id":3458,"date":"2026-03-04T11:26:21","date_gmt":"2026-03-04T14:26:21","guid":{"rendered":"https:\/\/universoeletrico.com.br\/eletrico\/?post_type=product&#038;p=3458"},"modified":"2026-03-04T11:29:09","modified_gmt":"2026-03-04T14:29:09","slug":"suporte-fixador-colavel-para-cabo-e-barra-chata","status":"publish","type":"product","link":"https:\/\/universoeletrico.com.br\/eletrico\/produto\/suporte-fixador-colavel-para-cabo-e-barra-chata\/","title":{"rendered":"SUPORTE FIXADOR COL\u00c1VEL PARA CABO \u00c9 BARRA CHATA"},"content":{"rendered":"<p>Suporte fixador termopl\u00e1stico \u00e9 um componente utilizado para a sustenta\u00e7\u00e3o e fixa\u00e7\u00e3o de elementos como cabos el\u00e9tricos, barramentos, tubula\u00e7\u00f5es ou captadores de para-raios. Feitos de materiais pl\u00e1sticos que podem ser moldados sob calor, esses suportes oferecem resist\u00eancia mec\u00e2nica e durabilidade contra corros\u00e3o, sendo amplamente aplicados em sistemas de aterramento (SPDA) e organiza\u00e7\u00e3o industrial.<\/p>\n<p>Para Pre\u00e7os, Or\u00e7amentos e D\u00favidas, fale com nossos especialistas.<\/p>\n","protected":false},"excerpt":{"rendered":"<p>Suporte fixador termopl\u00e1stico \u00e9 um componente utilizado para a sustenta\u00e7\u00e3o e fixa\u00e7\u00e3o de elementos como cabos el\u00e9tricos, barramentos, tubula\u00e7\u00f5es ou captadores de para-raios. Feitos de materiais pl\u00e1sticos que podem ser moldados sob calor, esses suportes oferecem resist\u00eancia mec\u00e2nica e durabilidade contra corros\u00e3o, sendo amplamente aplicados em sistemas de aterramento (SPDA) e organiza\u00e7\u00e3o industrial. Para Pre\u00e7os, [&hellip;]<\/p>\n","protected":false},"featured_media":3459,"template":"","meta":[],"product_brand":[],"product_cat":[18,47],"product_tag":[179,303,302,301,62],"class_list":{"0":"post-3458","1":"product","2":"type-product","3":"status-publish","4":"has-post-thumbnail","6":"product_cat-material-eletrico","7":"product_cat-spda-aterramento","8":"product_tag-acessorio-eletrico","9":"product_tag-barra-chata","10":"product_tag-fixador","11":"product_tag-plastico","12":"product_tag-spda","14":"first","15":"instock","16":"shipping-taxable","17":"purchasable","18":"product-type-simple"},"yoast_head":"<!-- This site is optimized with the Yoast SEO Premium plugin v26.1.1 (Yoast SEO v26.1.1) - https:\/\/yoast.com\/wordpress\/plugins\/seo\/ -->\n<title>SUPORTE FIXADOR COL\u00c1VEL PARA CABO \u00c9 BARRA CHATA - Universo El\u00e9trico<\/title>\n<meta name=\"robots\" content=\"index, follow, max-snippet:-1, max-image-preview:large, max-video-preview:-1\" \/>\n<link rel=\"canonical\" href=\"https:\/\/universoeletrico.com.br\/eletrico\/produto\/suporte-fixador-colavel-para-cabo-e-barra-chata\/\" \/>\n<meta property=\"og:locale\" content=\"pt_BR\" \/>\n<meta property=\"og:type\" content=\"article\" \/>\n<meta property=\"og:title\" content=\"SUPORTE FIXADOR COL\u00c1VEL PARA CABO \u00c9 BARRA CHATA\" \/>\n<meta property=\"og:description\" content=\"Suporte fixador termopl\u00e1stico \u00e9 um componente utilizado para a sustenta\u00e7\u00e3o e fixa\u00e7\u00e3o de elementos como cabos el\u00e9tricos, barramentos, tubula\u00e7\u00f5es ou captadores de para-raios. Feitos de materiais pl\u00e1sticos que podem ser moldados sob calor, esses suportes oferecem resist\u00eancia mec\u00e2nica e durabilidade contra corros\u00e3o, sendo amplamente aplicados em sistemas de aterramento (SPDA) e organiza\u00e7\u00e3o industrial. Para Pre\u00e7os, [&hellip;]\" \/>\n<meta property=\"og:url\" content=\"https:\/\/universoeletrico.com.br\/eletrico\/produto\/suporte-fixador-colavel-para-cabo-e-barra-chata\/\" \/>\n<meta property=\"og:site_name\" content=\"Universo El\u00e9trico\" \/>\n<meta property=\"article:modified_time\" content=\"2026-03-04T14:29:09+00:00\" \/>\n<meta property=\"og:image\" content=\"https:\/\/universoeletrico.com.br\/eletrico\/wp-content\/uploads\/2026\/03\/interruptor-duplo-simples-s-placa-branco-lumi-19-fjl1f17s31.webp\" \/>\n\t<meta property=\"og:image:width\" content=\"1200\" \/>\n\t<meta property=\"og:image:height\" content=\"1200\" \/>\n\t<meta property=\"og:image:type\" content=\"image\/webp\" \/>\n<meta name=\"twitter:card\" content=\"summary_large_image\" \/>\n<meta name=\"twitter:label1\" content=\"Est. tempo de leitura\" \/>\n\t<meta name=\"twitter:data1\" content=\"1 minuto\" \/>\n<script type=\"application\/ld+json\" class=\"yoast-schema-graph\">{\"@context\":\"https:\/\/schema.org\",\"@graph\":[{\"@type\":\"WebPage\",\"@id\":\"https:\/\/universoeletrico.com.br\/eletrico\/produto\/suporte-fixador-colavel-para-cabo-e-barra-chata\/\",\"url\":\"https:\/\/universoeletrico.com.br\/eletrico\/produto\/suporte-fixador-colavel-para-cabo-e-barra-chata\/\",\"name\":\"SUPORTE FIXADOR COL\u00c1VEL PARA CABO \u00c9 BARRA CHATA - Universo El\u00e9trico\",\"isPartOf\":{\"@id\":\"https:\/\/universoeletrico.com.br\/eletrico\/#website\"},\"primaryImageOfPage\":{\"@id\":\"https:\/\/universoeletrico.com.br\/eletrico\/produto\/suporte-fixador-colavel-para-cabo-e-barra-chata\/#primaryimage\"},\"image\":{\"@id\":\"https:\/\/universoeletrico.com.br\/eletrico\/produto\/suporte-fixador-colavel-para-cabo-e-barra-chata\/#primaryimage\"},\"thumbnailUrl\":\"https:\/\/universoeletrico.com.br\/eletrico\/wp-content\/uploads\/2026\/03\/interruptor-duplo-simples-s-placa-branco-lumi-19-fjl1f17s31.webp\",\"datePublished\":\"2026-03-04T14:26:21+00:00\",\"dateModified\":\"2026-03-04T14:29:09+00:00\",\"breadcrumb\":{\"@id\":\"https:\/\/universoeletrico.com.br\/eletrico\/produto\/suporte-fixador-colavel-para-cabo-e-barra-chata\/#breadcrumb\"},\"inLanguage\":\"pt-BR\",\"potentialAction\":[{\"@type\":\"ReadAction\",\"target\":[\"https:\/\/universoeletrico.com.br\/eletrico\/produto\/suporte-fixador-colavel-para-cabo-e-barra-chata\/\"]}]},{\"@type\":\"ImageObject\",\"inLanguage\":\"pt-BR\",\"@id\":\"https:\/\/universoeletrico.com.br\/eletrico\/produto\/suporte-fixador-colavel-para-cabo-e-barra-chata\/#primaryimage\",\"url\":\"https:\/\/universoeletrico.com.br\/eletrico\/wp-content\/uploads\/2026\/03\/interruptor-duplo-simples-s-placa-branco-lumi-19-fjl1f17s31.webp\",\"contentUrl\":\"https:\/\/universoeletrico.com.br\/eletrico\/wp-content\/uploads\/2026\/03\/interruptor-duplo-simples-s-placa-branco-lumi-19-fjl1f17s31.webp\",\"width\":1200,\"height\":1200},{\"@type\":\"BreadcrumbList\",\"@id\":\"https:\/\/universoeletrico.com.br\/eletrico\/produto\/suporte-fixador-colavel-para-cabo-e-barra-chata\/#breadcrumb\",\"itemListElement\":[{\"@type\":\"ListItem\",\"position\":1,\"name\":\"In\u00edcio\",\"item\":\"https:\/\/universoeletrico.com.br\/eletrico\/\"},{\"@type\":\"ListItem\",\"position\":2,\"name\":\"Produtos\",\"item\":\"https:\/\/universoeletrico.com.br\/eletrico\/produtos\/\"},{\"@type\":\"ListItem\",\"position\":3,\"name\":\"SUPORTE FIXADOR COL\u00c1VEL PARA CABO \u00c9 BARRA CHATA\"}]},{\"@type\":\"WebSite\",\"@id\":\"https:\/\/universoeletrico.com.br\/eletrico\/#website\",\"url\":\"https:\/\/universoeletrico.com.br\/eletrico\/\",\"name\":\"Universo El\u00e9trico\",\"description\":\"\",\"potentialAction\":[{\"@type\":\"SearchAction\",\"target\":{\"@type\":\"EntryPoint\",\"urlTemplate\":\"https:\/\/universoeletrico.com.br\/eletrico\/?s={search_term_string}\"},\"query-input\":{\"@type\":\"PropertyValueSpecification\",\"valueRequired\":true,\"valueName\":\"search_term_string\"}}],\"inLanguage\":\"pt-BR\"}]}<\/script>\n<!-- \/ Yoast SEO Premium plugin. -->","yoast_head_json":{"title":"SUPORTE FIXADOR COL\u00c1VEL PARA CABO \u00c9 BARRA CHATA - Universo El\u00e9trico","robots":{"index":"index","follow":"follow","max-snippet":"max-snippet:-1","max-image-preview":"max-image-preview:large","max-video-preview":"max-video-preview:-1"},"canonical":"https:\/\/universoeletrico.com.br\/eletrico\/produto\/suporte-fixador-colavel-para-cabo-e-barra-chata\/","og_locale":"pt_BR","og_type":"article","og_title":"SUPORTE FIXADOR COL\u00c1VEL PARA CABO \u00c9 BARRA CHATA","og_description":"Suporte fixador termopl\u00e1stico \u00e9 um componente utilizado para a sustenta\u00e7\u00e3o e fixa\u00e7\u00e3o de elementos como cabos el\u00e9tricos, barramentos, tubula\u00e7\u00f5es ou captadores de para-raios. Feitos de materiais pl\u00e1sticos que podem ser moldados sob calor, esses suportes oferecem resist\u00eancia mec\u00e2nica e durabilidade contra corros\u00e3o, sendo amplamente aplicados em sistemas de aterramento (SPDA) e organiza\u00e7\u00e3o industrial. Para Pre\u00e7os, [&hellip;]","og_url":"https:\/\/universoeletrico.com.br\/eletrico\/produto\/suporte-fixador-colavel-para-cabo-e-barra-chata\/","og_site_name":"Universo El\u00e9trico","article_modified_time":"2026-03-04T14:29:09+00:00","og_image":[{"width":1200,"height":1200,"url":"https:\/\/universoeletrico.com.br\/eletrico\/wp-content\/uploads\/2026\/03\/interruptor-duplo-simples-s-placa-branco-lumi-19-fjl1f17s31.webp","type":"image\/webp"}],"twitter_card":"summary_large_image","twitter_misc":{"Est. tempo de leitura":"1 minuto"},"schema":{"@context":"https:\/\/schema.org","@graph":[{"@type":"WebPage","@id":"https:\/\/universoeletrico.com.br\/eletrico\/produto\/suporte-fixador-colavel-para-cabo-e-barra-chata\/","url":"https:\/\/universoeletrico.com.br\/eletrico\/produto\/suporte-fixador-colavel-para-cabo-e-barra-chata\/","name":"SUPORTE FIXADOR COL\u00c1VEL PARA CABO \u00c9 BARRA CHATA - Universo El\u00e9trico","isPartOf":{"@id":"https:\/\/universoeletrico.com.br\/eletrico\/#website"},"primaryImageOfPage":{"@id":"https:\/\/universoeletrico.com.br\/eletrico\/produto\/suporte-fixador-colavel-para-cabo-e-barra-chata\/#primaryimage"},"image":{"@id":"https:\/\/universoeletrico.com.br\/eletrico\/produto\/suporte-fixador-colavel-para-cabo-e-barra-chata\/#primaryimage"},"thumbnailUrl":"https:\/\/universoeletrico.com.br\/eletrico\/wp-content\/uploads\/2026\/03\/interruptor-duplo-simples-s-placa-branco-lumi-19-fjl1f17s31.webp","datePublished":"2026-03-04T14:26:21+00:00","dateModified":"2026-03-04T14:29:09+00:00","breadcrumb":{"@id":"https:\/\/universoeletrico.com.br\/eletrico\/produto\/suporte-fixador-colavel-para-cabo-e-barra-chata\/#breadcrumb"},"inLanguage":"pt-BR","potentialAction":[{"@type":"ReadAction","target":["https:\/\/universoeletrico.com.br\/eletrico\/produto\/suporte-fixador-colavel-para-cabo-e-barra-chata\/"]}]},{"@type":"ImageObject","inLanguage":"pt-BR","@id":"https:\/\/universoeletrico.com.br\/eletrico\/produto\/suporte-fixador-colavel-para-cabo-e-barra-chata\/#primaryimage","url":"https:\/\/universoeletrico.com.br\/eletrico\/wp-content\/uploads\/2026\/03\/interruptor-duplo-simples-s-placa-branco-lumi-19-fjl1f17s31.webp","contentUrl":"https:\/\/universoeletrico.com.br\/eletrico\/wp-content\/uploads\/2026\/03\/interruptor-duplo-simples-s-placa-branco-lumi-19-fjl1f17s31.webp","width":1200,"height":1200},{"@type":"BreadcrumbList","@id":"https:\/\/universoeletrico.com.br\/eletrico\/produto\/suporte-fixador-colavel-para-cabo-e-barra-chata\/#breadcrumb","itemListElement":[{"@type":"ListItem","position":1,"name":"In\u00edcio","item":"https:\/\/universoeletrico.com.br\/eletrico\/"},{"@type":"ListItem","position":2,"name":"Produtos","item":"https:\/\/universoeletrico.com.br\/eletrico\/produtos\/"},{"@type":"ListItem","position":3,"name":"SUPORTE FIXADOR COL\u00c1VEL PARA CABO \u00c9 BARRA CHATA"}]},{"@type":"WebSite","@id":"https:\/\/universoeletrico.com.br\/eletrico\/#website","url":"https:\/\/universoeletrico.com.br\/eletrico\/","name":"Universo El\u00e9trico","description":"","potentialAction":[{"@type":"SearchAction","target":{"@type":"EntryPoint","urlTemplate":"https:\/\/universoeletrico.com.br\/eletrico\/?s={search_term_string}"},"query-input":{"@type":"PropertyValueSpecification","valueRequired":true,"valueName":"search_term_string"}}],"inLanguage":"pt-BR"}]}},"_links":{"self":[{"href":"https:\/\/universoeletrico.com.br\/eletrico\/wp-json\/wp\/v2\/product\/3458","targetHints":{"allow":["GET"]}}],"collection":[{"href":"https:\/\/universoeletrico.com.br\/eletrico\/wp-json\/wp\/v2\/product"}],"about":[{"href":"https:\/\/universoeletrico.com.br\/eletrico\/wp-json\/wp\/v2\/types\/product"}],"version-history":[{"count":2,"href":"https:\/\/universoeletrico.com.br\/eletrico\/wp-json\/wp\/v2\/product\/3458\/revisions"}],"predecessor-version":[{"id":3461,"href":"https:\/\/universoeletrico.com.br\/eletrico\/wp-json\/wp\/v2\/product\/3458\/revisions\/3461"}],"wp:featuredmedia":[{"embeddable":true,"href":"https:\/\/universoeletrico.com.br\/eletrico\/wp-json\/wp\/v2\/media\/3459"}],"wp:attachment":[{"href":"https:\/\/universoeletrico.com.br\/eletrico\/wp-json\/wp\/v2\/media?parent=3458"}],"wp:term":[{"taxonomy":"product_brand","embeddable":true,"href":"https:\/\/universoeletrico.com.br\/eletrico\/wp-json\/wp\/v2\/product_brand?post=3458"},{"taxonomy":"product_cat","embeddable":true,"href":"https:\/\/universoeletrico.com.br\/eletrico\/wp-json\/wp\/v2\/product_cat?post=3458"},{"taxonomy":"product_tag","embeddable":true,"href":"https:\/\/universoeletrico.com.br\/eletrico\/wp-json\/wp\/v2\/product_tag?post=3458"}],"curies":[{"name":"wp","href":"https:\/\/api.w.org\/{rel}","templated":true}]}}