{"id":3454,"date":"2026-03-04T11:04:26","date_gmt":"2026-03-04T14:04:26","guid":{"rendered":"https:\/\/universoeletrico.com.br\/eletrico\/?post_type=product&#038;p=3454"},"modified":"2026-03-04T11:12:22","modified_gmt":"2026-03-04T14:12:22","slug":"barra-chata-aluminio-3-4-1-4-de-3mts-com-furo","status":"publish","type":"product","link":"https:\/\/universoeletrico.com.br\/eletrico\/produto\/barra-chata-aluminio-3-4-1-4-de-3mts-com-furo\/","title":{"rendered":"BARRA CHATA ALUM\u00cdNIO 3\/4 &#8211; 1\/4 DE 3MTS COM FURO"},"content":{"rendered":"<p>Barra chata de alum\u00ednio com furos (tamb\u00e9m conhecida como barra perfurada) \u00e9 um componente vers\u00e1til utilizado principalmente em sistemas de aterramento (SPDA), barramentos el\u00e9tricos, m\u00f3veis e estruturas de fixa\u00e7\u00e3o. Sua principal vantagem \u00e9 a facilidade de instala\u00e7\u00e3o, eliminando a necessidade de fura\u00e7\u00e3o manual em campo.<\/p>\n<p>Segue abaixo outras op\u00e7\u00f5es de modelos:<\/p>\n<p>cod: 33117 BARRA CHATA ALUM 7\/8 X 1\/8 X 3MT C\/FUROS<\/p>\n<p>Para Pre\u00e7os, Or\u00e7amentos e D\u00favidas, fale com nossos especialistas<\/p>\n","protected":false},"excerpt":{"rendered":"<p>Barra chata de alum\u00ednio com furos (tamb\u00e9m conhecida como barra perfurada) \u00e9 um componente vers\u00e1til utilizado principalmente em sistemas de aterramento (SPDA), barramentos el\u00e9tricos, m\u00f3veis e estruturas de fixa\u00e7\u00e3o. Sua principal vantagem \u00e9 a facilidade de instala\u00e7\u00e3o, eliminando a necessidade de fura\u00e7\u00e3o manual em campo. Segue abaixo outras op\u00e7\u00f5es de modelos: cod: 33117 BARRA CHATA [&hellip;]<\/p>\n","protected":false},"featured_media":3457,"template":"","meta":[],"product_brand":[],"product_cat":[18,47],"product_tag":[300,280,299,133,62],"class_list":{"0":"post-3454","1":"product","2":"type-product","3":"status-publish","4":"has-post-thumbnail","6":"product_cat-material-eletrico","7":"product_cat-spda-aterramento","8":"product_tag-aluminio","9":"product_tag-aterramento","10":"product_tag-barra","11":"product_tag-material-eletrico","12":"product_tag-spda","14":"first","15":"instock","16":"shipping-taxable","17":"purchasable","18":"product-type-simple"},"yoast_head":"<!-- This site is optimized with the Yoast SEO Premium plugin v26.1.1 (Yoast SEO v26.1.1) - https:\/\/yoast.com\/wordpress\/plugins\/seo\/ -->\n<title>BARRA CHATA ALUM\u00cdNIO 3\/4 - 1\/4 DE 3MTS COM FURO - Universo El\u00e9trico<\/title>\n<meta name=\"robots\" content=\"index, follow, max-snippet:-1, max-image-preview:large, max-video-preview:-1\" \/>\n<link rel=\"canonical\" href=\"https:\/\/universoeletrico.com.br\/eletrico\/produto\/barra-chata-aluminio-3-4-1-4-de-3mts-com-furo\/\" \/>\n<meta property=\"og:locale\" content=\"pt_BR\" \/>\n<meta property=\"og:type\" content=\"article\" \/>\n<meta property=\"og:title\" content=\"BARRA CHATA ALUM\u00cdNIO 3\/4 - 1\/4 DE 3MTS COM FURO\" \/>\n<meta property=\"og:description\" content=\"Barra chata de alum\u00ednio com furos (tamb\u00e9m conhecida como barra perfurada) \u00e9 um componente vers\u00e1til utilizado principalmente em sistemas de aterramento (SPDA), barramentos el\u00e9tricos, m\u00f3veis e estruturas de fixa\u00e7\u00e3o. Sua principal vantagem \u00e9 a facilidade de instala\u00e7\u00e3o, eliminando a necessidade de fura\u00e7\u00e3o manual em campo. Segue abaixo outras op\u00e7\u00f5es de modelos: cod: 33117 BARRA CHATA [&hellip;]\" \/>\n<meta property=\"og:url\" content=\"https:\/\/universoeletrico.com.br\/eletrico\/produto\/barra-chata-aluminio-3-4-1-4-de-3mts-com-furo\/\" \/>\n<meta property=\"og:site_name\" content=\"Universo El\u00e9trico\" \/>\n<meta property=\"article:modified_time\" content=\"2026-03-04T14:12:22+00:00\" \/>\n<meta property=\"og:image\" content=\"https:\/\/universoeletrico.com.br\/eletrico\/wp-content\/uploads\/2026\/03\/8f006be22d00ab8f9ef58c07ae85b4f4-8e70b5f7813375f8e317437895473490-1024-1024.webp\" \/>\n\t<meta property=\"og:image:width\" content=\"1024\" \/>\n\t<meta property=\"og:image:height\" content=\"1024\" \/>\n\t<meta property=\"og:image:type\" content=\"image\/webp\" \/>\n<meta name=\"twitter:card\" content=\"summary_large_image\" \/>\n<meta name=\"twitter:label1\" content=\"Est. tempo de leitura\" \/>\n\t<meta name=\"twitter:data1\" content=\"1 minuto\" \/>\n<script type=\"application\/ld+json\" class=\"yoast-schema-graph\">{\"@context\":\"https:\/\/schema.org\",\"@graph\":[{\"@type\":\"WebPage\",\"@id\":\"https:\/\/universoeletrico.com.br\/eletrico\/produto\/barra-chata-aluminio-3-4-1-4-de-3mts-com-furo\/\",\"url\":\"https:\/\/universoeletrico.com.br\/eletrico\/produto\/barra-chata-aluminio-3-4-1-4-de-3mts-com-furo\/\",\"name\":\"BARRA CHATA ALUM\u00cdNIO 3\/4 - 1\/4 DE 3MTS COM FURO - Universo El\u00e9trico\",\"isPartOf\":{\"@id\":\"https:\/\/universoeletrico.com.br\/eletrico\/#website\"},\"primaryImageOfPage\":{\"@id\":\"https:\/\/universoeletrico.com.br\/eletrico\/produto\/barra-chata-aluminio-3-4-1-4-de-3mts-com-furo\/#primaryimage\"},\"image\":{\"@id\":\"https:\/\/universoeletrico.com.br\/eletrico\/produto\/barra-chata-aluminio-3-4-1-4-de-3mts-com-furo\/#primaryimage\"},\"thumbnailUrl\":\"https:\/\/universoeletrico.com.br\/eletrico\/wp-content\/uploads\/2026\/03\/8f006be22d00ab8f9ef58c07ae85b4f4-8e70b5f7813375f8e317437895473490-1024-1024.webp\",\"datePublished\":\"2026-03-04T14:04:26+00:00\",\"dateModified\":\"2026-03-04T14:12:22+00:00\",\"breadcrumb\":{\"@id\":\"https:\/\/universoeletrico.com.br\/eletrico\/produto\/barra-chata-aluminio-3-4-1-4-de-3mts-com-furo\/#breadcrumb\"},\"inLanguage\":\"pt-BR\",\"potentialAction\":[{\"@type\":\"ReadAction\",\"target\":[\"https:\/\/universoeletrico.com.br\/eletrico\/produto\/barra-chata-aluminio-3-4-1-4-de-3mts-com-furo\/\"]}]},{\"@type\":\"ImageObject\",\"inLanguage\":\"pt-BR\",\"@id\":\"https:\/\/universoeletrico.com.br\/eletrico\/produto\/barra-chata-aluminio-3-4-1-4-de-3mts-com-furo\/#primaryimage\",\"url\":\"https:\/\/universoeletrico.com.br\/eletrico\/wp-content\/uploads\/2026\/03\/8f006be22d00ab8f9ef58c07ae85b4f4-8e70b5f7813375f8e317437895473490-1024-1024.webp\",\"contentUrl\":\"https:\/\/universoeletrico.com.br\/eletrico\/wp-content\/uploads\/2026\/03\/8f006be22d00ab8f9ef58c07ae85b4f4-8e70b5f7813375f8e317437895473490-1024-1024.webp\",\"width\":1024,\"height\":1024},{\"@type\":\"BreadcrumbList\",\"@id\":\"https:\/\/universoeletrico.com.br\/eletrico\/produto\/barra-chata-aluminio-3-4-1-4-de-3mts-com-furo\/#breadcrumb\",\"itemListElement\":[{\"@type\":\"ListItem\",\"position\":1,\"name\":\"In\u00edcio\",\"item\":\"https:\/\/universoeletrico.com.br\/eletrico\/\"},{\"@type\":\"ListItem\",\"position\":2,\"name\":\"Produtos\",\"item\":\"https:\/\/universoeletrico.com.br\/eletrico\/produtos\/\"},{\"@type\":\"ListItem\",\"position\":3,\"name\":\"BARRA CHATA ALUM\u00cdNIO 3\/4 &#8211; 1\/4 DE 3MTS COM FURO\"}]},{\"@type\":\"WebSite\",\"@id\":\"https:\/\/universoeletrico.com.br\/eletrico\/#website\",\"url\":\"https:\/\/universoeletrico.com.br\/eletrico\/\",\"name\":\"Universo El\u00e9trico\",\"description\":\"\",\"potentialAction\":[{\"@type\":\"SearchAction\",\"target\":{\"@type\":\"EntryPoint\",\"urlTemplate\":\"https:\/\/universoeletrico.com.br\/eletrico\/?s={search_term_string}\"},\"query-input\":{\"@type\":\"PropertyValueSpecification\",\"valueRequired\":true,\"valueName\":\"search_term_string\"}}],\"inLanguage\":\"pt-BR\"}]}<\/script>\n<!-- \/ Yoast SEO Premium plugin. -->","yoast_head_json":{"title":"BARRA CHATA ALUM\u00cdNIO 3\/4 - 1\/4 DE 3MTS COM FURO - Universo El\u00e9trico","robots":{"index":"index","follow":"follow","max-snippet":"max-snippet:-1","max-image-preview":"max-image-preview:large","max-video-preview":"max-video-preview:-1"},"canonical":"https:\/\/universoeletrico.com.br\/eletrico\/produto\/barra-chata-aluminio-3-4-1-4-de-3mts-com-furo\/","og_locale":"pt_BR","og_type":"article","og_title":"BARRA CHATA ALUM\u00cdNIO 3\/4 - 1\/4 DE 3MTS COM FURO","og_description":"Barra chata de alum\u00ednio com furos (tamb\u00e9m conhecida como barra perfurada) \u00e9 um componente vers\u00e1til utilizado principalmente em sistemas de aterramento (SPDA), barramentos el\u00e9tricos, m\u00f3veis e estruturas de fixa\u00e7\u00e3o. Sua principal vantagem \u00e9 a facilidade de instala\u00e7\u00e3o, eliminando a necessidade de fura\u00e7\u00e3o manual em campo. Segue abaixo outras op\u00e7\u00f5es de modelos: cod: 33117 BARRA CHATA [&hellip;]","og_url":"https:\/\/universoeletrico.com.br\/eletrico\/produto\/barra-chata-aluminio-3-4-1-4-de-3mts-com-furo\/","og_site_name":"Universo El\u00e9trico","article_modified_time":"2026-03-04T14:12:22+00:00","og_image":[{"width":1024,"height":1024,"url":"https:\/\/universoeletrico.com.br\/eletrico\/wp-content\/uploads\/2026\/03\/8f006be22d00ab8f9ef58c07ae85b4f4-8e70b5f7813375f8e317437895473490-1024-1024.webp","type":"image\/webp"}],"twitter_card":"summary_large_image","twitter_misc":{"Est. tempo de leitura":"1 minuto"},"schema":{"@context":"https:\/\/schema.org","@graph":[{"@type":"WebPage","@id":"https:\/\/universoeletrico.com.br\/eletrico\/produto\/barra-chata-aluminio-3-4-1-4-de-3mts-com-furo\/","url":"https:\/\/universoeletrico.com.br\/eletrico\/produto\/barra-chata-aluminio-3-4-1-4-de-3mts-com-furo\/","name":"BARRA CHATA ALUM\u00cdNIO 3\/4 - 1\/4 DE 3MTS COM FURO - Universo El\u00e9trico","isPartOf":{"@id":"https:\/\/universoeletrico.com.br\/eletrico\/#website"},"primaryImageOfPage":{"@id":"https:\/\/universoeletrico.com.br\/eletrico\/produto\/barra-chata-aluminio-3-4-1-4-de-3mts-com-furo\/#primaryimage"},"image":{"@id":"https:\/\/universoeletrico.com.br\/eletrico\/produto\/barra-chata-aluminio-3-4-1-4-de-3mts-com-furo\/#primaryimage"},"thumbnailUrl":"https:\/\/universoeletrico.com.br\/eletrico\/wp-content\/uploads\/2026\/03\/8f006be22d00ab8f9ef58c07ae85b4f4-8e70b5f7813375f8e317437895473490-1024-1024.webp","datePublished":"2026-03-04T14:04:26+00:00","dateModified":"2026-03-04T14:12:22+00:00","breadcrumb":{"@id":"https:\/\/universoeletrico.com.br\/eletrico\/produto\/barra-chata-aluminio-3-4-1-4-de-3mts-com-furo\/#breadcrumb"},"inLanguage":"pt-BR","potentialAction":[{"@type":"ReadAction","target":["https:\/\/universoeletrico.com.br\/eletrico\/produto\/barra-chata-aluminio-3-4-1-4-de-3mts-com-furo\/"]}]},{"@type":"ImageObject","inLanguage":"pt-BR","@id":"https:\/\/universoeletrico.com.br\/eletrico\/produto\/barra-chata-aluminio-3-4-1-4-de-3mts-com-furo\/#primaryimage","url":"https:\/\/universoeletrico.com.br\/eletrico\/wp-content\/uploads\/2026\/03\/8f006be22d00ab8f9ef58c07ae85b4f4-8e70b5f7813375f8e317437895473490-1024-1024.webp","contentUrl":"https:\/\/universoeletrico.com.br\/eletrico\/wp-content\/uploads\/2026\/03\/8f006be22d00ab8f9ef58c07ae85b4f4-8e70b5f7813375f8e317437895473490-1024-1024.webp","width":1024,"height":1024},{"@type":"BreadcrumbList","@id":"https:\/\/universoeletrico.com.br\/eletrico\/produto\/barra-chata-aluminio-3-4-1-4-de-3mts-com-furo\/#breadcrumb","itemListElement":[{"@type":"ListItem","position":1,"name":"In\u00edcio","item":"https:\/\/universoeletrico.com.br\/eletrico\/"},{"@type":"ListItem","position":2,"name":"Produtos","item":"https:\/\/universoeletrico.com.br\/eletrico\/produtos\/"},{"@type":"ListItem","position":3,"name":"BARRA CHATA ALUM\u00cdNIO 3\/4 &#8211; 1\/4 DE 3MTS COM FURO"}]},{"@type":"WebSite","@id":"https:\/\/universoeletrico.com.br\/eletrico\/#website","url":"https:\/\/universoeletrico.com.br\/eletrico\/","name":"Universo El\u00e9trico","description":"","potentialAction":[{"@type":"SearchAction","target":{"@type":"EntryPoint","urlTemplate":"https:\/\/universoeletrico.com.br\/eletrico\/?s={search_term_string}"},"query-input":{"@type":"PropertyValueSpecification","valueRequired":true,"valueName":"search_term_string"}}],"inLanguage":"pt-BR"}]}},"_links":{"self":[{"href":"https:\/\/universoeletrico.com.br\/eletrico\/wp-json\/wp\/v2\/product\/3454","targetHints":{"allow":["GET"]}}],"collection":[{"href":"https:\/\/universoeletrico.com.br\/eletrico\/wp-json\/wp\/v2\/product"}],"about":[{"href":"https:\/\/universoeletrico.com.br\/eletrico\/wp-json\/wp\/v2\/types\/product"}],"version-history":[{"count":2,"href":"https:\/\/universoeletrico.com.br\/eletrico\/wp-json\/wp\/v2\/product\/3454\/revisions"}],"predecessor-version":[{"id":3456,"href":"https:\/\/universoeletrico.com.br\/eletrico\/wp-json\/wp\/v2\/product\/3454\/revisions\/3456"}],"wp:featuredmedia":[{"embeddable":true,"href":"https:\/\/universoeletrico.com.br\/eletrico\/wp-json\/wp\/v2\/media\/3457"}],"wp:attachment":[{"href":"https:\/\/universoeletrico.com.br\/eletrico\/wp-json\/wp\/v2\/media?parent=3454"}],"wp:term":[{"taxonomy":"product_brand","embeddable":true,"href":"https:\/\/universoeletrico.com.br\/eletrico\/wp-json\/wp\/v2\/product_brand?post=3454"},{"taxonomy":"product_cat","embeddable":true,"href":"https:\/\/universoeletrico.com.br\/eletrico\/wp-json\/wp\/v2\/product_cat?post=3454"},{"taxonomy":"product_tag","embeddable":true,"href":"https:\/\/universoeletrico.com.br\/eletrico\/wp-json\/wp\/v2\/product_tag?post=3454"}],"curies":[{"name":"wp","href":"https:\/\/api.w.org\/{rel}","templated":true}]}}