{"id":3434,"date":"2026-03-04T08:59:38","date_gmt":"2026-03-04T11:59:38","guid":{"rendered":"https:\/\/universoeletrico.com.br\/eletrico\/?post_type=product&#038;p=3434"},"modified":"2026-03-04T09:37:41","modified_gmt":"2026-03-04T12:37:41","slug":"conjunto-de-estai-rigido-tubular-3mts-1-1-2","status":"publish","type":"product","link":"https:\/\/universoeletrico.com.br\/eletrico\/produto\/conjunto-de-estai-rigido-tubular-3mts-1-1-2\/","title":{"rendered":"CONJUNTO DE ESTAI R\u00cdGIDO TUBULAR 3MTS 1.1\/2"},"content":{"rendered":"<p>Conjunto de estai r\u00edgido tubular \u00e9 um sistema utilizado para garantir a estabilidade e fixa\u00e7\u00e3o de mastros (como os de para-raios e antenas), impedindo deforma\u00e7\u00f5es causadas pela for\u00e7a do vento. Ao contr\u00e1rio do estai flex\u00edvel (cabo de a\u00e7o), este modelo utiliza tubos met\u00e1licos para proporcionar uma sustenta\u00e7\u00e3o mais r\u00edgida e direta.<\/p>\n<p>Segue abaixo outras op\u00e7\u00f5es de modelos:<\/p>\n<p>cod: 33067 CONJ DE ESTAI RIGIDO TUB 1,5MT1.1\/2 ABR<\/p>\n<p>cod: 33071 CONJUNTO DE ESTAI RIGIDO TUB.3MT 2\/ ABR<\/p>\n<p>cod: 33072 CONJUNTO DE ESTAI RIGIDO TUB. 2MT 2<\/p>\n<p>Para Pre\u00e7os, Or\u00e7amentos e D\u00favidas, fale com nossos especialistas.<\/p>\n<p>&nbsp;<\/p>\n","protected":false},"excerpt":{"rendered":"<p>Conjunto de estai r\u00edgido tubular \u00e9 um sistema utilizado para garantir a estabilidade e fixa\u00e7\u00e3o de mastros (como os de para-raios e antenas), impedindo deforma\u00e7\u00f5es causadas pela for\u00e7a do vento. Ao contr\u00e1rio do estai flex\u00edvel (cabo de a\u00e7o), este modelo utiliza tubos met\u00e1licos para proporcionar uma sustenta\u00e7\u00e3o mais r\u00edgida e direta. Segue abaixo outras op\u00e7\u00f5es [&hellip;]<\/p>\n","protected":false},"featured_media":3435,"template":"","meta":[],"product_brand":[],"product_cat":[18,47],"product_tag":[293,216,124,280,133,292,62],"class_list":{"0":"post-3434","1":"product","2":"type-product","3":"status-publish","4":"has-post-thumbnail","6":"product_cat-material-eletrico","7":"product_cat-spda-aterramento","8":"product_tag-1-5mt","9":"product_tag-2mts","10":"product_tag-3mts","11":"product_tag-aterramento","12":"product_tag-material-eletrico","13":"product_tag-rigido","14":"product_tag-spda","16":"first","17":"instock","18":"shipping-taxable","19":"purchasable","20":"product-type-simple"},"yoast_head":"<!-- This site is optimized with the Yoast SEO Premium plugin v26.1.1 (Yoast SEO v26.1.1) - https:\/\/yoast.com\/wordpress\/plugins\/seo\/ -->\n<title>CONJUNTO DE ESTAI R\u00cdGIDO TUBULAR 3MTS 1.1\/2 - Universo El\u00e9trico<\/title>\n<meta name=\"robots\" content=\"index, follow, max-snippet:-1, max-image-preview:large, max-video-preview:-1\" \/>\n<link rel=\"canonical\" href=\"https:\/\/universoeletrico.com.br\/eletrico\/produto\/conjunto-de-estai-rigido-tubular-3mts-1-1-2\/\" \/>\n<meta property=\"og:locale\" content=\"pt_BR\" \/>\n<meta property=\"og:type\" content=\"article\" \/>\n<meta property=\"og:title\" content=\"CONJUNTO DE ESTAI R\u00cdGIDO TUBULAR 3MTS 1.1\/2\" \/>\n<meta property=\"og:description\" content=\"Conjunto de estai r\u00edgido tubular \u00e9 um sistema utilizado para garantir a estabilidade e fixa\u00e7\u00e3o de mastros (como os de para-raios e antenas), impedindo deforma\u00e7\u00f5es causadas pela for\u00e7a do vento. Ao contr\u00e1rio do estai flex\u00edvel (cabo de a\u00e7o), este modelo utiliza tubos met\u00e1licos para proporcionar uma sustenta\u00e7\u00e3o mais r\u00edgida e direta. Segue abaixo outras op\u00e7\u00f5es [&hellip;]\" \/>\n<meta property=\"og:url\" content=\"https:\/\/universoeletrico.com.br\/eletrico\/produto\/conjunto-de-estai-rigido-tubular-3mts-1-1-2\/\" \/>\n<meta property=\"og:site_name\" content=\"Universo El\u00e9trico\" \/>\n<meta property=\"article:modified_time\" content=\"2026-03-04T12:37:41+00:00\" \/>\n<meta property=\"og:image\" content=\"https:\/\/universoeletrico.com.br\/eletrico\/wp-content\/uploads\/2026\/03\/2410203600583_Conjunto_Estai_Tubular_Rigido_com_Abracadeira_2poleg__3m__TEL451.webp\" \/>\n\t<meta property=\"og:image:width\" content=\"1000\" \/>\n\t<meta property=\"og:image:height\" content=\"1000\" \/>\n\t<meta property=\"og:image:type\" content=\"image\/webp\" \/>\n<meta name=\"twitter:card\" content=\"summary_large_image\" \/>\n<meta name=\"twitter:label1\" content=\"Est. tempo de leitura\" \/>\n\t<meta name=\"twitter:data1\" content=\"1 minuto\" \/>\n<script type=\"application\/ld+json\" class=\"yoast-schema-graph\">{\"@context\":\"https:\/\/schema.org\",\"@graph\":[{\"@type\":\"WebPage\",\"@id\":\"https:\/\/universoeletrico.com.br\/eletrico\/produto\/conjunto-de-estai-rigido-tubular-3mts-1-1-2\/\",\"url\":\"https:\/\/universoeletrico.com.br\/eletrico\/produto\/conjunto-de-estai-rigido-tubular-3mts-1-1-2\/\",\"name\":\"CONJUNTO DE ESTAI R\u00cdGIDO TUBULAR 3MTS 1.1\/2 - Universo El\u00e9trico\",\"isPartOf\":{\"@id\":\"https:\/\/universoeletrico.com.br\/eletrico\/#website\"},\"primaryImageOfPage\":{\"@id\":\"https:\/\/universoeletrico.com.br\/eletrico\/produto\/conjunto-de-estai-rigido-tubular-3mts-1-1-2\/#primaryimage\"},\"image\":{\"@id\":\"https:\/\/universoeletrico.com.br\/eletrico\/produto\/conjunto-de-estai-rigido-tubular-3mts-1-1-2\/#primaryimage\"},\"thumbnailUrl\":\"https:\/\/universoeletrico.com.br\/eletrico\/wp-content\/uploads\/2026\/03\/2410203600583_Conjunto_Estai_Tubular_Rigido_com_Abracadeira_2poleg__3m__TEL451.webp\",\"datePublished\":\"2026-03-04T11:59:38+00:00\",\"dateModified\":\"2026-03-04T12:37:41+00:00\",\"breadcrumb\":{\"@id\":\"https:\/\/universoeletrico.com.br\/eletrico\/produto\/conjunto-de-estai-rigido-tubular-3mts-1-1-2\/#breadcrumb\"},\"inLanguage\":\"pt-BR\",\"potentialAction\":[{\"@type\":\"ReadAction\",\"target\":[\"https:\/\/universoeletrico.com.br\/eletrico\/produto\/conjunto-de-estai-rigido-tubular-3mts-1-1-2\/\"]}]},{\"@type\":\"ImageObject\",\"inLanguage\":\"pt-BR\",\"@id\":\"https:\/\/universoeletrico.com.br\/eletrico\/produto\/conjunto-de-estai-rigido-tubular-3mts-1-1-2\/#primaryimage\",\"url\":\"https:\/\/universoeletrico.com.br\/eletrico\/wp-content\/uploads\/2026\/03\/2410203600583_Conjunto_Estai_Tubular_Rigido_com_Abracadeira_2poleg__3m__TEL451.webp\",\"contentUrl\":\"https:\/\/universoeletrico.com.br\/eletrico\/wp-content\/uploads\/2026\/03\/2410203600583_Conjunto_Estai_Tubular_Rigido_com_Abracadeira_2poleg__3m__TEL451.webp\",\"width\":1000,\"height\":1000},{\"@type\":\"BreadcrumbList\",\"@id\":\"https:\/\/universoeletrico.com.br\/eletrico\/produto\/conjunto-de-estai-rigido-tubular-3mts-1-1-2\/#breadcrumb\",\"itemListElement\":[{\"@type\":\"ListItem\",\"position\":1,\"name\":\"In\u00edcio\",\"item\":\"https:\/\/universoeletrico.com.br\/eletrico\/\"},{\"@type\":\"ListItem\",\"position\":2,\"name\":\"Produtos\",\"item\":\"https:\/\/universoeletrico.com.br\/eletrico\/produtos\/\"},{\"@type\":\"ListItem\",\"position\":3,\"name\":\"CONJUNTO DE ESTAI R\u00cdGIDO TUBULAR 3MTS 1.1\/2\"}]},{\"@type\":\"WebSite\",\"@id\":\"https:\/\/universoeletrico.com.br\/eletrico\/#website\",\"url\":\"https:\/\/universoeletrico.com.br\/eletrico\/\",\"name\":\"Universo El\u00e9trico\",\"description\":\"\",\"potentialAction\":[{\"@type\":\"SearchAction\",\"target\":{\"@type\":\"EntryPoint\",\"urlTemplate\":\"https:\/\/universoeletrico.com.br\/eletrico\/?s={search_term_string}\"},\"query-input\":{\"@type\":\"PropertyValueSpecification\",\"valueRequired\":true,\"valueName\":\"search_term_string\"}}],\"inLanguage\":\"pt-BR\"}]}<\/script>\n<!-- \/ Yoast SEO Premium plugin. -->","yoast_head_json":{"title":"CONJUNTO DE ESTAI R\u00cdGIDO TUBULAR 3MTS 1.1\/2 - Universo El\u00e9trico","robots":{"index":"index","follow":"follow","max-snippet":"max-snippet:-1","max-image-preview":"max-image-preview:large","max-video-preview":"max-video-preview:-1"},"canonical":"https:\/\/universoeletrico.com.br\/eletrico\/produto\/conjunto-de-estai-rigido-tubular-3mts-1-1-2\/","og_locale":"pt_BR","og_type":"article","og_title":"CONJUNTO DE ESTAI R\u00cdGIDO TUBULAR 3MTS 1.1\/2","og_description":"Conjunto de estai r\u00edgido tubular \u00e9 um sistema utilizado para garantir a estabilidade e fixa\u00e7\u00e3o de mastros (como os de para-raios e antenas), impedindo deforma\u00e7\u00f5es causadas pela for\u00e7a do vento. Ao contr\u00e1rio do estai flex\u00edvel (cabo de a\u00e7o), este modelo utiliza tubos met\u00e1licos para proporcionar uma sustenta\u00e7\u00e3o mais r\u00edgida e direta. Segue abaixo outras op\u00e7\u00f5es [&hellip;]","og_url":"https:\/\/universoeletrico.com.br\/eletrico\/produto\/conjunto-de-estai-rigido-tubular-3mts-1-1-2\/","og_site_name":"Universo El\u00e9trico","article_modified_time":"2026-03-04T12:37:41+00:00","og_image":[{"width":1000,"height":1000,"url":"https:\/\/universoeletrico.com.br\/eletrico\/wp-content\/uploads\/2026\/03\/2410203600583_Conjunto_Estai_Tubular_Rigido_com_Abracadeira_2poleg__3m__TEL451.webp","type":"image\/webp"}],"twitter_card":"summary_large_image","twitter_misc":{"Est. tempo de leitura":"1 minuto"},"schema":{"@context":"https:\/\/schema.org","@graph":[{"@type":"WebPage","@id":"https:\/\/universoeletrico.com.br\/eletrico\/produto\/conjunto-de-estai-rigido-tubular-3mts-1-1-2\/","url":"https:\/\/universoeletrico.com.br\/eletrico\/produto\/conjunto-de-estai-rigido-tubular-3mts-1-1-2\/","name":"CONJUNTO DE ESTAI R\u00cdGIDO TUBULAR 3MTS 1.1\/2 - Universo El\u00e9trico","isPartOf":{"@id":"https:\/\/universoeletrico.com.br\/eletrico\/#website"},"primaryImageOfPage":{"@id":"https:\/\/universoeletrico.com.br\/eletrico\/produto\/conjunto-de-estai-rigido-tubular-3mts-1-1-2\/#primaryimage"},"image":{"@id":"https:\/\/universoeletrico.com.br\/eletrico\/produto\/conjunto-de-estai-rigido-tubular-3mts-1-1-2\/#primaryimage"},"thumbnailUrl":"https:\/\/universoeletrico.com.br\/eletrico\/wp-content\/uploads\/2026\/03\/2410203600583_Conjunto_Estai_Tubular_Rigido_com_Abracadeira_2poleg__3m__TEL451.webp","datePublished":"2026-03-04T11:59:38+00:00","dateModified":"2026-03-04T12:37:41+00:00","breadcrumb":{"@id":"https:\/\/universoeletrico.com.br\/eletrico\/produto\/conjunto-de-estai-rigido-tubular-3mts-1-1-2\/#breadcrumb"},"inLanguage":"pt-BR","potentialAction":[{"@type":"ReadAction","target":["https:\/\/universoeletrico.com.br\/eletrico\/produto\/conjunto-de-estai-rigido-tubular-3mts-1-1-2\/"]}]},{"@type":"ImageObject","inLanguage":"pt-BR","@id":"https:\/\/universoeletrico.com.br\/eletrico\/produto\/conjunto-de-estai-rigido-tubular-3mts-1-1-2\/#primaryimage","url":"https:\/\/universoeletrico.com.br\/eletrico\/wp-content\/uploads\/2026\/03\/2410203600583_Conjunto_Estai_Tubular_Rigido_com_Abracadeira_2poleg__3m__TEL451.webp","contentUrl":"https:\/\/universoeletrico.com.br\/eletrico\/wp-content\/uploads\/2026\/03\/2410203600583_Conjunto_Estai_Tubular_Rigido_com_Abracadeira_2poleg__3m__TEL451.webp","width":1000,"height":1000},{"@type":"BreadcrumbList","@id":"https:\/\/universoeletrico.com.br\/eletrico\/produto\/conjunto-de-estai-rigido-tubular-3mts-1-1-2\/#breadcrumb","itemListElement":[{"@type":"ListItem","position":1,"name":"In\u00edcio","item":"https:\/\/universoeletrico.com.br\/eletrico\/"},{"@type":"ListItem","position":2,"name":"Produtos","item":"https:\/\/universoeletrico.com.br\/eletrico\/produtos\/"},{"@type":"ListItem","position":3,"name":"CONJUNTO DE ESTAI R\u00cdGIDO TUBULAR 3MTS 1.1\/2"}]},{"@type":"WebSite","@id":"https:\/\/universoeletrico.com.br\/eletrico\/#website","url":"https:\/\/universoeletrico.com.br\/eletrico\/","name":"Universo El\u00e9trico","description":"","potentialAction":[{"@type":"SearchAction","target":{"@type":"EntryPoint","urlTemplate":"https:\/\/universoeletrico.com.br\/eletrico\/?s={search_term_string}"},"query-input":{"@type":"PropertyValueSpecification","valueRequired":true,"valueName":"search_term_string"}}],"inLanguage":"pt-BR"}]}},"_links":{"self":[{"href":"https:\/\/universoeletrico.com.br\/eletrico\/wp-json\/wp\/v2\/product\/3434","targetHints":{"allow":["GET"]}}],"collection":[{"href":"https:\/\/universoeletrico.com.br\/eletrico\/wp-json\/wp\/v2\/product"}],"about":[{"href":"https:\/\/universoeletrico.com.br\/eletrico\/wp-json\/wp\/v2\/types\/product"}],"version-history":[{"count":5,"href":"https:\/\/universoeletrico.com.br\/eletrico\/wp-json\/wp\/v2\/product\/3434\/revisions"}],"predecessor-version":[{"id":3440,"href":"https:\/\/universoeletrico.com.br\/eletrico\/wp-json\/wp\/v2\/product\/3434\/revisions\/3440"}],"wp:featuredmedia":[{"embeddable":true,"href":"https:\/\/universoeletrico.com.br\/eletrico\/wp-json\/wp\/v2\/media\/3435"}],"wp:attachment":[{"href":"https:\/\/universoeletrico.com.br\/eletrico\/wp-json\/wp\/v2\/media?parent=3434"}],"wp:term":[{"taxonomy":"product_brand","embeddable":true,"href":"https:\/\/universoeletrico.com.br\/eletrico\/wp-json\/wp\/v2\/product_brand?post=3434"},{"taxonomy":"product_cat","embeddable":true,"href":"https:\/\/universoeletrico.com.br\/eletrico\/wp-json\/wp\/v2\/product_cat?post=3434"},{"taxonomy":"product_tag","embeddable":true,"href":"https:\/\/universoeletrico.com.br\/eletrico\/wp-json\/wp\/v2\/product_tag?post=3434"}],"curies":[{"name":"wp","href":"https:\/\/api.w.org\/{rel}","templated":true}]}}