{"id":3424,"date":"2026-03-03T16:36:46","date_gmt":"2026-03-03T19:36:46","guid":{"rendered":"https:\/\/universoeletrico.com.br\/eletrico\/?post_type=product&#038;p=3424"},"modified":"2026-03-03T16:47:48","modified_gmt":"2026-03-03T19:47:48","slug":"base-para-mastro-aluminio-fundido-o-1-1-2","status":"publish","type":"product","link":"https:\/\/universoeletrico.com.br\/eletrico\/produto\/base-para-mastro-aluminio-fundido-o-1-1-2\/","title":{"rendered":"BASE PARA MASTRO ALUM\u00cdNIO FUNDIDO \u00d8 1.1\/2"},"content":{"rendered":"<p>Bases para mastro em alum\u00ednio fundido s\u00e3o componentes robustos utilizados tanto em sistemas de prote\u00e7\u00e3o contra descargas atmosf\u00e9ricas (para-raios) quanto em suportes para bandeiras. Devido \u00e0 sua fabrica\u00e7\u00e3o por fundi\u00e7\u00e3o, apresentam maior espessura e resist\u00eancia mec\u00e2nica do que as op\u00e7\u00f5es em alum\u00ednio comum.<\/p>\n<p>Segue abaixo outras op\u00e7\u00f5es de modelos:<\/p>\n<p>cod: 33035 <span class=\"_aupe copyable-text xkrh14z\">BASE PARA MASTRO ALUM\u00cdNIO FUND. \u00d8 2&#8221;<\/span><\/p>\n<p>Para Pre\u00e7os, Or\u00e7amentos e D\u00favidas, fale com nossos especialistas.<\/p>\n<p>&nbsp;<\/p>\n","protected":false},"excerpt":{"rendered":"<p>Bases para mastro em alum\u00ednio fundido s\u00e3o componentes robustos utilizados tanto em sistemas de prote\u00e7\u00e3o contra descargas atmosf\u00e9ricas (para-raios) quanto em suportes para bandeiras. Devido \u00e0 sua fabrica\u00e7\u00e3o por fundi\u00e7\u00e3o, apresentam maior espessura e resist\u00eancia mec\u00e2nica do que as op\u00e7\u00f5es em alum\u00ednio comum. Segue abaixo outras op\u00e7\u00f5es de modelos: cod: 33035 BASE PARA MASTRO ALUM\u00cdNIO [&hellip;]<\/p>\n","protected":false},"featured_media":3425,"template":"","meta":[],"product_brand":[],"product_cat":[18,47],"product_tag":[179,140,280,288,289,62],"class_list":{"0":"post-3424","1":"product","2":"type-product","3":"status-publish","4":"has-post-thumbnail","6":"product_cat-material-eletrico","7":"product_cat-spda-aterramento","8":"product_tag-acessorio-eletrico","9":"product_tag-alumino","10":"product_tag-aterramento","11":"product_tag-base","12":"product_tag-mastro","13":"product_tag-spda","15":"first","16":"instock","17":"shipping-taxable","18":"purchasable","19":"product-type-simple"},"yoast_head":"<!-- This site is optimized with the Yoast SEO Premium plugin v26.1.1 (Yoast SEO v26.1.1) - https:\/\/yoast.com\/wordpress\/plugins\/seo\/ -->\n<title>BASE PARA MASTRO ALUM\u00cdNIO FUNDIDO \u00d8 1.1\/2 - Universo El\u00e9trico<\/title>\n<meta name=\"robots\" content=\"index, follow, max-snippet:-1, max-image-preview:large, max-video-preview:-1\" \/>\n<link rel=\"canonical\" href=\"https:\/\/universoeletrico.com.br\/eletrico\/produto\/base-para-mastro-aluminio-fundido-o-1-1-2\/\" \/>\n<meta property=\"og:locale\" content=\"pt_BR\" \/>\n<meta property=\"og:type\" content=\"article\" \/>\n<meta property=\"og:title\" content=\"BASE PARA MASTRO ALUM\u00cdNIO FUNDIDO \u00d8 1.1\/2\" \/>\n<meta property=\"og:description\" content=\"Bases para mastro em alum\u00ednio fundido s\u00e3o componentes robustos utilizados tanto em sistemas de prote\u00e7\u00e3o contra descargas atmosf\u00e9ricas (para-raios) quanto em suportes para bandeiras. Devido \u00e0 sua fabrica\u00e7\u00e3o por fundi\u00e7\u00e3o, apresentam maior espessura e resist\u00eancia mec\u00e2nica do que as op\u00e7\u00f5es em alum\u00ednio comum. Segue abaixo outras op\u00e7\u00f5es de modelos: cod: 33035 BASE PARA MASTRO ALUM\u00cdNIO [&hellip;]\" \/>\n<meta property=\"og:url\" content=\"https:\/\/universoeletrico.com.br\/eletrico\/produto\/base-para-mastro-aluminio-fundido-o-1-1-2\/\" \/>\n<meta property=\"og:site_name\" content=\"Universo El\u00e9trico\" \/>\n<meta property=\"article:modified_time\" content=\"2026-03-03T19:47:48+00:00\" \/>\n<meta property=\"og:image\" content=\"https:\/\/universoeletrico.com.br\/eletrico\/wp-content\/uploads\/2026\/03\/2410203600040_Base_Mastro_2poleg__Aluminio_Fundido_TEL075_Termotecnica.webp\" \/>\n\t<meta property=\"og:image:width\" content=\"1000\" \/>\n\t<meta property=\"og:image:height\" content=\"1000\" \/>\n\t<meta property=\"og:image:type\" content=\"image\/webp\" \/>\n<meta name=\"twitter:card\" content=\"summary_large_image\" \/>\n<meta name=\"twitter:label1\" content=\"Est. tempo de leitura\" \/>\n\t<meta name=\"twitter:data1\" content=\"1 minuto\" \/>\n<script type=\"application\/ld+json\" class=\"yoast-schema-graph\">{\"@context\":\"https:\/\/schema.org\",\"@graph\":[{\"@type\":\"WebPage\",\"@id\":\"https:\/\/universoeletrico.com.br\/eletrico\/produto\/base-para-mastro-aluminio-fundido-o-1-1-2\/\",\"url\":\"https:\/\/universoeletrico.com.br\/eletrico\/produto\/base-para-mastro-aluminio-fundido-o-1-1-2\/\",\"name\":\"BASE PARA MASTRO ALUM\u00cdNIO FUNDIDO \u00d8 1.1\/2 - Universo El\u00e9trico\",\"isPartOf\":{\"@id\":\"https:\/\/universoeletrico.com.br\/eletrico\/#website\"},\"primaryImageOfPage\":{\"@id\":\"https:\/\/universoeletrico.com.br\/eletrico\/produto\/base-para-mastro-aluminio-fundido-o-1-1-2\/#primaryimage\"},\"image\":{\"@id\":\"https:\/\/universoeletrico.com.br\/eletrico\/produto\/base-para-mastro-aluminio-fundido-o-1-1-2\/#primaryimage\"},\"thumbnailUrl\":\"https:\/\/universoeletrico.com.br\/eletrico\/wp-content\/uploads\/2026\/03\/2410203600040_Base_Mastro_2poleg__Aluminio_Fundido_TEL075_Termotecnica.webp\",\"datePublished\":\"2026-03-03T19:36:46+00:00\",\"dateModified\":\"2026-03-03T19:47:48+00:00\",\"breadcrumb\":{\"@id\":\"https:\/\/universoeletrico.com.br\/eletrico\/produto\/base-para-mastro-aluminio-fundido-o-1-1-2\/#breadcrumb\"},\"inLanguage\":\"pt-BR\",\"potentialAction\":[{\"@type\":\"ReadAction\",\"target\":[\"https:\/\/universoeletrico.com.br\/eletrico\/produto\/base-para-mastro-aluminio-fundido-o-1-1-2\/\"]}]},{\"@type\":\"ImageObject\",\"inLanguage\":\"pt-BR\",\"@id\":\"https:\/\/universoeletrico.com.br\/eletrico\/produto\/base-para-mastro-aluminio-fundido-o-1-1-2\/#primaryimage\",\"url\":\"https:\/\/universoeletrico.com.br\/eletrico\/wp-content\/uploads\/2026\/03\/2410203600040_Base_Mastro_2poleg__Aluminio_Fundido_TEL075_Termotecnica.webp\",\"contentUrl\":\"https:\/\/universoeletrico.com.br\/eletrico\/wp-content\/uploads\/2026\/03\/2410203600040_Base_Mastro_2poleg__Aluminio_Fundido_TEL075_Termotecnica.webp\",\"width\":1000,\"height\":1000},{\"@type\":\"BreadcrumbList\",\"@id\":\"https:\/\/universoeletrico.com.br\/eletrico\/produto\/base-para-mastro-aluminio-fundido-o-1-1-2\/#breadcrumb\",\"itemListElement\":[{\"@type\":\"ListItem\",\"position\":1,\"name\":\"In\u00edcio\",\"item\":\"https:\/\/universoeletrico.com.br\/eletrico\/\"},{\"@type\":\"ListItem\",\"position\":2,\"name\":\"Produtos\",\"item\":\"https:\/\/universoeletrico.com.br\/eletrico\/produtos\/\"},{\"@type\":\"ListItem\",\"position\":3,\"name\":\"BASE PARA MASTRO ALUM\u00cdNIO FUNDIDO \u00d8 1.1\/2\"}]},{\"@type\":\"WebSite\",\"@id\":\"https:\/\/universoeletrico.com.br\/eletrico\/#website\",\"url\":\"https:\/\/universoeletrico.com.br\/eletrico\/\",\"name\":\"Universo El\u00e9trico\",\"description\":\"\",\"potentialAction\":[{\"@type\":\"SearchAction\",\"target\":{\"@type\":\"EntryPoint\",\"urlTemplate\":\"https:\/\/universoeletrico.com.br\/eletrico\/?s={search_term_string}\"},\"query-input\":{\"@type\":\"PropertyValueSpecification\",\"valueRequired\":true,\"valueName\":\"search_term_string\"}}],\"inLanguage\":\"pt-BR\"}]}<\/script>\n<!-- \/ Yoast SEO Premium plugin. -->","yoast_head_json":{"title":"BASE PARA MASTRO ALUM\u00cdNIO FUNDIDO \u00d8 1.1\/2 - Universo El\u00e9trico","robots":{"index":"index","follow":"follow","max-snippet":"max-snippet:-1","max-image-preview":"max-image-preview:large","max-video-preview":"max-video-preview:-1"},"canonical":"https:\/\/universoeletrico.com.br\/eletrico\/produto\/base-para-mastro-aluminio-fundido-o-1-1-2\/","og_locale":"pt_BR","og_type":"article","og_title":"BASE PARA MASTRO ALUM\u00cdNIO FUNDIDO \u00d8 1.1\/2","og_description":"Bases para mastro em alum\u00ednio fundido s\u00e3o componentes robustos utilizados tanto em sistemas de prote\u00e7\u00e3o contra descargas atmosf\u00e9ricas (para-raios) quanto em suportes para bandeiras. Devido \u00e0 sua fabrica\u00e7\u00e3o por fundi\u00e7\u00e3o, apresentam maior espessura e resist\u00eancia mec\u00e2nica do que as op\u00e7\u00f5es em alum\u00ednio comum. Segue abaixo outras op\u00e7\u00f5es de modelos: cod: 33035 BASE PARA MASTRO ALUM\u00cdNIO [&hellip;]","og_url":"https:\/\/universoeletrico.com.br\/eletrico\/produto\/base-para-mastro-aluminio-fundido-o-1-1-2\/","og_site_name":"Universo El\u00e9trico","article_modified_time":"2026-03-03T19:47:48+00:00","og_image":[{"width":1000,"height":1000,"url":"https:\/\/universoeletrico.com.br\/eletrico\/wp-content\/uploads\/2026\/03\/2410203600040_Base_Mastro_2poleg__Aluminio_Fundido_TEL075_Termotecnica.webp","type":"image\/webp"}],"twitter_card":"summary_large_image","twitter_misc":{"Est. tempo de leitura":"1 minuto"},"schema":{"@context":"https:\/\/schema.org","@graph":[{"@type":"WebPage","@id":"https:\/\/universoeletrico.com.br\/eletrico\/produto\/base-para-mastro-aluminio-fundido-o-1-1-2\/","url":"https:\/\/universoeletrico.com.br\/eletrico\/produto\/base-para-mastro-aluminio-fundido-o-1-1-2\/","name":"BASE PARA MASTRO ALUM\u00cdNIO FUNDIDO \u00d8 1.1\/2 - Universo El\u00e9trico","isPartOf":{"@id":"https:\/\/universoeletrico.com.br\/eletrico\/#website"},"primaryImageOfPage":{"@id":"https:\/\/universoeletrico.com.br\/eletrico\/produto\/base-para-mastro-aluminio-fundido-o-1-1-2\/#primaryimage"},"image":{"@id":"https:\/\/universoeletrico.com.br\/eletrico\/produto\/base-para-mastro-aluminio-fundido-o-1-1-2\/#primaryimage"},"thumbnailUrl":"https:\/\/universoeletrico.com.br\/eletrico\/wp-content\/uploads\/2026\/03\/2410203600040_Base_Mastro_2poleg__Aluminio_Fundido_TEL075_Termotecnica.webp","datePublished":"2026-03-03T19:36:46+00:00","dateModified":"2026-03-03T19:47:48+00:00","breadcrumb":{"@id":"https:\/\/universoeletrico.com.br\/eletrico\/produto\/base-para-mastro-aluminio-fundido-o-1-1-2\/#breadcrumb"},"inLanguage":"pt-BR","potentialAction":[{"@type":"ReadAction","target":["https:\/\/universoeletrico.com.br\/eletrico\/produto\/base-para-mastro-aluminio-fundido-o-1-1-2\/"]}]},{"@type":"ImageObject","inLanguage":"pt-BR","@id":"https:\/\/universoeletrico.com.br\/eletrico\/produto\/base-para-mastro-aluminio-fundido-o-1-1-2\/#primaryimage","url":"https:\/\/universoeletrico.com.br\/eletrico\/wp-content\/uploads\/2026\/03\/2410203600040_Base_Mastro_2poleg__Aluminio_Fundido_TEL075_Termotecnica.webp","contentUrl":"https:\/\/universoeletrico.com.br\/eletrico\/wp-content\/uploads\/2026\/03\/2410203600040_Base_Mastro_2poleg__Aluminio_Fundido_TEL075_Termotecnica.webp","width":1000,"height":1000},{"@type":"BreadcrumbList","@id":"https:\/\/universoeletrico.com.br\/eletrico\/produto\/base-para-mastro-aluminio-fundido-o-1-1-2\/#breadcrumb","itemListElement":[{"@type":"ListItem","position":1,"name":"In\u00edcio","item":"https:\/\/universoeletrico.com.br\/eletrico\/"},{"@type":"ListItem","position":2,"name":"Produtos","item":"https:\/\/universoeletrico.com.br\/eletrico\/produtos\/"},{"@type":"ListItem","position":3,"name":"BASE PARA MASTRO ALUM\u00cdNIO FUNDIDO \u00d8 1.1\/2"}]},{"@type":"WebSite","@id":"https:\/\/universoeletrico.com.br\/eletrico\/#website","url":"https:\/\/universoeletrico.com.br\/eletrico\/","name":"Universo El\u00e9trico","description":"","potentialAction":[{"@type":"SearchAction","target":{"@type":"EntryPoint","urlTemplate":"https:\/\/universoeletrico.com.br\/eletrico\/?s={search_term_string}"},"query-input":{"@type":"PropertyValueSpecification","valueRequired":true,"valueName":"search_term_string"}}],"inLanguage":"pt-BR"}]}},"_links":{"self":[{"href":"https:\/\/universoeletrico.com.br\/eletrico\/wp-json\/wp\/v2\/product\/3424","targetHints":{"allow":["GET"]}}],"collection":[{"href":"https:\/\/universoeletrico.com.br\/eletrico\/wp-json\/wp\/v2\/product"}],"about":[{"href":"https:\/\/universoeletrico.com.br\/eletrico\/wp-json\/wp\/v2\/types\/product"}],"version-history":[{"count":2,"href":"https:\/\/universoeletrico.com.br\/eletrico\/wp-json\/wp\/v2\/product\/3424\/revisions"}],"predecessor-version":[{"id":3427,"href":"https:\/\/universoeletrico.com.br\/eletrico\/wp-json\/wp\/v2\/product\/3424\/revisions\/3427"}],"wp:featuredmedia":[{"embeddable":true,"href":"https:\/\/universoeletrico.com.br\/eletrico\/wp-json\/wp\/v2\/media\/3425"}],"wp:attachment":[{"href":"https:\/\/universoeletrico.com.br\/eletrico\/wp-json\/wp\/v2\/media?parent=3424"}],"wp:term":[{"taxonomy":"product_brand","embeddable":true,"href":"https:\/\/universoeletrico.com.br\/eletrico\/wp-json\/wp\/v2\/product_brand?post=3424"},{"taxonomy":"product_cat","embeddable":true,"href":"https:\/\/universoeletrico.com.br\/eletrico\/wp-json\/wp\/v2\/product_cat?post=3424"},{"taxonomy":"product_tag","embeddable":true,"href":"https:\/\/universoeletrico.com.br\/eletrico\/wp-json\/wp\/v2\/product_tag?post=3424"}],"curies":[{"name":"wp","href":"https:\/\/api.w.org\/{rel}","templated":true}]}}