{"id":3418,"date":"2026-03-03T16:29:02","date_gmt":"2026-03-03T19:29:02","guid":{"rendered":"https:\/\/universoeletrico.com.br\/eletrico\/?post_type=product&#038;p=3418"},"modified":"2026-03-03T16:30:38","modified_gmt":"2026-03-03T19:30:38","slug":"para-raio-franklin-1d-lat-cr-250mm","status":"publish","type":"product","link":"https:\/\/universoeletrico.com.br\/eletrico\/produto\/para-raio-franklin-1d-lat-cr-250mm\/","title":{"rendered":"PARA RAIO FRANKLIN 1D LAT CR 250MM"},"content":{"rendered":"<p>Para-raios tipo Franklin \u00e9 o dispositivo de prote\u00e7\u00e3o contra descargas atmosf\u00e9ricas mais utilizado no mundo, baseado nos princ\u00edpios de Benjamin Franklin em 1752. Ele funciona atraindo a descarga para uma haste met\u00e1lica pontiaguda e conduzindo a energia de forma segura at\u00e9 o solo, protegendo a estrutura ao redor.<\/p>\n<p>Segue abaixo outras op\u00e7\u00f5es de modelos:<\/p>\n<p>cod: 33225 PARA RAIOS FRANKLIN 1D LAT CR 350MM<\/p>\n<p>cod: 33401 PARA-RAIO FRANKLIN 2DESC-CR 250MM<\/p>\n<p>cod: 33024 PARA RAIOS FRANKLIN 2D LAT CR 350MM<\/p>\n<p>Para Pre\u00e7os, Or\u00e7amentos e D\u00favidas, fale com nossos especialistas.<\/p>\n","protected":false},"excerpt":{"rendered":"<p>Para-raios tipo Franklin \u00e9 o dispositivo de prote\u00e7\u00e3o contra descargas atmosf\u00e9ricas mais utilizado no mundo, baseado nos princ\u00edpios de Benjamin Franklin em 1752. Ele funciona atraindo a descarga para uma haste met\u00e1lica pontiaguda e conduzindo a energia de forma segura at\u00e9 o solo, protegendo a estrutura ao redor. Segue abaixo outras op\u00e7\u00f5es de modelos: cod: [&hellip;]<\/p>\n","protected":false},"featured_media":3422,"template":"","meta":[],"product_brand":[],"product_cat":[18,47],"product_tag":[286,287,179,285,62],"class_list":{"0":"post-3418","1":"product","2":"type-product","3":"status-publish","4":"has-post-thumbnail","6":"product_cat-material-eletrico","7":"product_cat-spda-aterramento","8":"product_tag-1d","9":"product_tag-2d","10":"product_tag-acessorio-eletrico","11":"product_tag-para-raio","12":"product_tag-spda","14":"first","15":"instock","16":"shipping-taxable","17":"purchasable","18":"product-type-simple"},"yoast_head":"<!-- This site is optimized with the Yoast SEO Premium plugin v26.1.1 (Yoast SEO v26.1.1) - https:\/\/yoast.com\/wordpress\/plugins\/seo\/ -->\n<title>PARA RAIO FRANKLIN 1D LAT CR 250MM - Universo El\u00e9trico<\/title>\n<meta name=\"robots\" content=\"index, follow, max-snippet:-1, max-image-preview:large, max-video-preview:-1\" \/>\n<link rel=\"canonical\" href=\"https:\/\/universoeletrico.com.br\/eletrico\/produto\/para-raio-franklin-1d-lat-cr-250mm\/\" \/>\n<meta property=\"og:locale\" content=\"pt_BR\" \/>\n<meta property=\"og:type\" content=\"article\" \/>\n<meta property=\"og:title\" content=\"PARA RAIO FRANKLIN 1D LAT CR 250MM\" \/>\n<meta property=\"og:description\" content=\"Para-raios tipo Franklin \u00e9 o dispositivo de prote\u00e7\u00e3o contra descargas atmosf\u00e9ricas mais utilizado no mundo, baseado nos princ\u00edpios de Benjamin Franklin em 1752. Ele funciona atraindo a descarga para uma haste met\u00e1lica pontiaguda e conduzindo a energia de forma segura at\u00e9 o solo, protegendo a estrutura ao redor. Segue abaixo outras op\u00e7\u00f5es de modelos: cod: [&hellip;]\" \/>\n<meta property=\"og:url\" content=\"https:\/\/universoeletrico.com.br\/eletrico\/produto\/para-raio-franklin-1d-lat-cr-250mm\/\" \/>\n<meta property=\"og:site_name\" content=\"Universo El\u00e9trico\" \/>\n<meta property=\"article:modified_time\" content=\"2026-03-03T19:30:38+00:00\" \/>\n<meta property=\"og:image\" content=\"https:\/\/universoeletrico.com.br\/eletrico\/wp-content\/uploads\/2026\/03\/267620-1.webp\" \/>\n\t<meta property=\"og:image:width\" content=\"800\" \/>\n\t<meta property=\"og:image:height\" content=\"800\" \/>\n\t<meta property=\"og:image:type\" content=\"image\/webp\" \/>\n<meta name=\"twitter:card\" content=\"summary_large_image\" \/>\n<meta name=\"twitter:label1\" content=\"Est. tempo de leitura\" \/>\n\t<meta name=\"twitter:data1\" content=\"1 minuto\" \/>\n<script type=\"application\/ld+json\" class=\"yoast-schema-graph\">{\"@context\":\"https:\/\/schema.org\",\"@graph\":[{\"@type\":\"WebPage\",\"@id\":\"https:\/\/universoeletrico.com.br\/eletrico\/produto\/para-raio-franklin-1d-lat-cr-250mm\/\",\"url\":\"https:\/\/universoeletrico.com.br\/eletrico\/produto\/para-raio-franklin-1d-lat-cr-250mm\/\",\"name\":\"PARA RAIO FRANKLIN 1D LAT CR 250MM - Universo El\u00e9trico\",\"isPartOf\":{\"@id\":\"https:\/\/universoeletrico.com.br\/eletrico\/#website\"},\"primaryImageOfPage\":{\"@id\":\"https:\/\/universoeletrico.com.br\/eletrico\/produto\/para-raio-franklin-1d-lat-cr-250mm\/#primaryimage\"},\"image\":{\"@id\":\"https:\/\/universoeletrico.com.br\/eletrico\/produto\/para-raio-franklin-1d-lat-cr-250mm\/#primaryimage\"},\"thumbnailUrl\":\"https:\/\/universoeletrico.com.br\/eletrico\/wp-content\/uploads\/2026\/03\/267620-1.webp\",\"datePublished\":\"2026-03-03T19:29:02+00:00\",\"dateModified\":\"2026-03-03T19:30:38+00:00\",\"breadcrumb\":{\"@id\":\"https:\/\/universoeletrico.com.br\/eletrico\/produto\/para-raio-franklin-1d-lat-cr-250mm\/#breadcrumb\"},\"inLanguage\":\"pt-BR\",\"potentialAction\":[{\"@type\":\"ReadAction\",\"target\":[\"https:\/\/universoeletrico.com.br\/eletrico\/produto\/para-raio-franklin-1d-lat-cr-250mm\/\"]}]},{\"@type\":\"ImageObject\",\"inLanguage\":\"pt-BR\",\"@id\":\"https:\/\/universoeletrico.com.br\/eletrico\/produto\/para-raio-franklin-1d-lat-cr-250mm\/#primaryimage\",\"url\":\"https:\/\/universoeletrico.com.br\/eletrico\/wp-content\/uploads\/2026\/03\/267620-1.webp\",\"contentUrl\":\"https:\/\/universoeletrico.com.br\/eletrico\/wp-content\/uploads\/2026\/03\/267620-1.webp\",\"width\":800,\"height\":800},{\"@type\":\"BreadcrumbList\",\"@id\":\"https:\/\/universoeletrico.com.br\/eletrico\/produto\/para-raio-franklin-1d-lat-cr-250mm\/#breadcrumb\",\"itemListElement\":[{\"@type\":\"ListItem\",\"position\":1,\"name\":\"In\u00edcio\",\"item\":\"https:\/\/universoeletrico.com.br\/eletrico\/\"},{\"@type\":\"ListItem\",\"position\":2,\"name\":\"Produtos\",\"item\":\"https:\/\/universoeletrico.com.br\/eletrico\/produtos\/\"},{\"@type\":\"ListItem\",\"position\":3,\"name\":\"PARA RAIO FRANKLIN 1D LAT CR 250MM\"}]},{\"@type\":\"WebSite\",\"@id\":\"https:\/\/universoeletrico.com.br\/eletrico\/#website\",\"url\":\"https:\/\/universoeletrico.com.br\/eletrico\/\",\"name\":\"Universo El\u00e9trico\",\"description\":\"\",\"potentialAction\":[{\"@type\":\"SearchAction\",\"target\":{\"@type\":\"EntryPoint\",\"urlTemplate\":\"https:\/\/universoeletrico.com.br\/eletrico\/?s={search_term_string}\"},\"query-input\":{\"@type\":\"PropertyValueSpecification\",\"valueRequired\":true,\"valueName\":\"search_term_string\"}}],\"inLanguage\":\"pt-BR\"}]}<\/script>\n<!-- \/ Yoast SEO Premium plugin. -->","yoast_head_json":{"title":"PARA RAIO FRANKLIN 1D LAT CR 250MM - Universo El\u00e9trico","robots":{"index":"index","follow":"follow","max-snippet":"max-snippet:-1","max-image-preview":"max-image-preview:large","max-video-preview":"max-video-preview:-1"},"canonical":"https:\/\/universoeletrico.com.br\/eletrico\/produto\/para-raio-franklin-1d-lat-cr-250mm\/","og_locale":"pt_BR","og_type":"article","og_title":"PARA RAIO FRANKLIN 1D LAT CR 250MM","og_description":"Para-raios tipo Franklin \u00e9 o dispositivo de prote\u00e7\u00e3o contra descargas atmosf\u00e9ricas mais utilizado no mundo, baseado nos princ\u00edpios de Benjamin Franklin em 1752. Ele funciona atraindo a descarga para uma haste met\u00e1lica pontiaguda e conduzindo a energia de forma segura at\u00e9 o solo, protegendo a estrutura ao redor. Segue abaixo outras op\u00e7\u00f5es de modelos: cod: [&hellip;]","og_url":"https:\/\/universoeletrico.com.br\/eletrico\/produto\/para-raio-franklin-1d-lat-cr-250mm\/","og_site_name":"Universo El\u00e9trico","article_modified_time":"2026-03-03T19:30:38+00:00","og_image":[{"width":800,"height":800,"url":"https:\/\/universoeletrico.com.br\/eletrico\/wp-content\/uploads\/2026\/03\/267620-1.webp","type":"image\/webp"}],"twitter_card":"summary_large_image","twitter_misc":{"Est. tempo de leitura":"1 minuto"},"schema":{"@context":"https:\/\/schema.org","@graph":[{"@type":"WebPage","@id":"https:\/\/universoeletrico.com.br\/eletrico\/produto\/para-raio-franklin-1d-lat-cr-250mm\/","url":"https:\/\/universoeletrico.com.br\/eletrico\/produto\/para-raio-franklin-1d-lat-cr-250mm\/","name":"PARA RAIO FRANKLIN 1D LAT CR 250MM - Universo El\u00e9trico","isPartOf":{"@id":"https:\/\/universoeletrico.com.br\/eletrico\/#website"},"primaryImageOfPage":{"@id":"https:\/\/universoeletrico.com.br\/eletrico\/produto\/para-raio-franklin-1d-lat-cr-250mm\/#primaryimage"},"image":{"@id":"https:\/\/universoeletrico.com.br\/eletrico\/produto\/para-raio-franklin-1d-lat-cr-250mm\/#primaryimage"},"thumbnailUrl":"https:\/\/universoeletrico.com.br\/eletrico\/wp-content\/uploads\/2026\/03\/267620-1.webp","datePublished":"2026-03-03T19:29:02+00:00","dateModified":"2026-03-03T19:30:38+00:00","breadcrumb":{"@id":"https:\/\/universoeletrico.com.br\/eletrico\/produto\/para-raio-franklin-1d-lat-cr-250mm\/#breadcrumb"},"inLanguage":"pt-BR","potentialAction":[{"@type":"ReadAction","target":["https:\/\/universoeletrico.com.br\/eletrico\/produto\/para-raio-franklin-1d-lat-cr-250mm\/"]}]},{"@type":"ImageObject","inLanguage":"pt-BR","@id":"https:\/\/universoeletrico.com.br\/eletrico\/produto\/para-raio-franklin-1d-lat-cr-250mm\/#primaryimage","url":"https:\/\/universoeletrico.com.br\/eletrico\/wp-content\/uploads\/2026\/03\/267620-1.webp","contentUrl":"https:\/\/universoeletrico.com.br\/eletrico\/wp-content\/uploads\/2026\/03\/267620-1.webp","width":800,"height":800},{"@type":"BreadcrumbList","@id":"https:\/\/universoeletrico.com.br\/eletrico\/produto\/para-raio-franklin-1d-lat-cr-250mm\/#breadcrumb","itemListElement":[{"@type":"ListItem","position":1,"name":"In\u00edcio","item":"https:\/\/universoeletrico.com.br\/eletrico\/"},{"@type":"ListItem","position":2,"name":"Produtos","item":"https:\/\/universoeletrico.com.br\/eletrico\/produtos\/"},{"@type":"ListItem","position":3,"name":"PARA RAIO FRANKLIN 1D LAT CR 250MM"}]},{"@type":"WebSite","@id":"https:\/\/universoeletrico.com.br\/eletrico\/#website","url":"https:\/\/universoeletrico.com.br\/eletrico\/","name":"Universo El\u00e9trico","description":"","potentialAction":[{"@type":"SearchAction","target":{"@type":"EntryPoint","urlTemplate":"https:\/\/universoeletrico.com.br\/eletrico\/?s={search_term_string}"},"query-input":{"@type":"PropertyValueSpecification","valueRequired":true,"valueName":"search_term_string"}}],"inLanguage":"pt-BR"}]}},"_links":{"self":[{"href":"https:\/\/universoeletrico.com.br\/eletrico\/wp-json\/wp\/v2\/product\/3418","targetHints":{"allow":["GET"]}}],"collection":[{"href":"https:\/\/universoeletrico.com.br\/eletrico\/wp-json\/wp\/v2\/product"}],"about":[{"href":"https:\/\/universoeletrico.com.br\/eletrico\/wp-json\/wp\/v2\/types\/product"}],"version-history":[{"count":1,"href":"https:\/\/universoeletrico.com.br\/eletrico\/wp-json\/wp\/v2\/product\/3418\/revisions"}],"predecessor-version":[{"id":3423,"href":"https:\/\/universoeletrico.com.br\/eletrico\/wp-json\/wp\/v2\/product\/3418\/revisions\/3423"}],"wp:featuredmedia":[{"embeddable":true,"href":"https:\/\/universoeletrico.com.br\/eletrico\/wp-json\/wp\/v2\/media\/3422"}],"wp:attachment":[{"href":"https:\/\/universoeletrico.com.br\/eletrico\/wp-json\/wp\/v2\/media?parent=3418"}],"wp:term":[{"taxonomy":"product_brand","embeddable":true,"href":"https:\/\/universoeletrico.com.br\/eletrico\/wp-json\/wp\/v2\/product_brand?post=3418"},{"taxonomy":"product_cat","embeddable":true,"href":"https:\/\/universoeletrico.com.br\/eletrico\/wp-json\/wp\/v2\/product_cat?post=3418"},{"taxonomy":"product_tag","embeddable":true,"href":"https:\/\/universoeletrico.com.br\/eletrico\/wp-json\/wp\/v2\/product_tag?post=3418"}],"curies":[{"name":"wp","href":"https:\/\/api.w.org\/{rel}","templated":true}]}}