{"id":3415,"date":"2026-03-03T15:12:45","date_gmt":"2026-03-03T18:12:45","guid":{"rendered":"https:\/\/universoeletrico.com.br\/eletrico\/?post_type=product&#038;p=3415"},"modified":"2026-03-03T15:12:47","modified_gmt":"2026-03-03T18:12:47","slug":"caixa-para-aterro-em-cimento-com-tampa-ardosia","status":"publish","type":"product","link":"https:\/\/universoeletrico.com.br\/eletrico\/produto\/caixa-para-aterro-em-cimento-com-tampa-ardosia\/","title":{"rendered":"CAIXA PARA ATERRO EM CIMENTO COM TAMPA ARD\u00d3SIA"},"content":{"rendered":"<p>Caixa para aterro (ou caixa de inspe\u00e7\u00e3o de aterramento) em cimento com tampa de ard\u00f3sia \u00e9 uma solu\u00e7\u00e3o comum para prote\u00e7\u00e3o de conex\u00f5es el\u00e9tricas e hastes de terra, oferecendo resist\u00eancia mec\u00e2nica e durabilidade.<\/p>\n<p>Para Pre\u00e7os, Or\u00e7amentos e D\u00favidas, fale com nossos especialistas.<\/p>\n","protected":false},"excerpt":{"rendered":"<p>Caixa para aterro (ou caixa de inspe\u00e7\u00e3o de aterramento) em cimento com tampa de ard\u00f3sia \u00e9 uma solu\u00e7\u00e3o comum para prote\u00e7\u00e3o de conex\u00f5es el\u00e9tricas e hastes de terra, oferecendo resist\u00eancia mec\u00e2nica e durabilidade. Para Pre\u00e7os, Or\u00e7amentos e D\u00favidas, fale com nossos especialistas.<\/p>\n","protected":false},"featured_media":3416,"template":"","meta":[],"product_brand":[],"product_cat":[18,47],"product_tag":[280,262,283,62,284],"class_list":{"0":"post-3415","1":"product","2":"type-product","3":"status-publish","4":"has-post-thumbnail","6":"product_cat-material-eletrico","7":"product_cat-spda-aterramento","8":"product_tag-aterramento","9":"product_tag-caixa","10":"product_tag-cimento","11":"product_tag-spda","12":"product_tag-tampa","14":"first","15":"instock","16":"shipping-taxable","17":"purchasable","18":"product-type-simple"},"yoast_head":"<!-- This site is optimized with the Yoast SEO Premium plugin v26.1.1 (Yoast SEO v26.1.1) - https:\/\/yoast.com\/wordpress\/plugins\/seo\/ -->\n<title>CAIXA PARA ATERRO EM CIMENTO COM TAMPA ARD\u00d3SIA - Universo El\u00e9trico<\/title>\n<meta name=\"robots\" content=\"index, follow, max-snippet:-1, max-image-preview:large, max-video-preview:-1\" \/>\n<link rel=\"canonical\" href=\"https:\/\/universoeletrico.com.br\/eletrico\/produto\/caixa-para-aterro-em-cimento-com-tampa-ardosia\/\" \/>\n<meta property=\"og:locale\" content=\"pt_BR\" \/>\n<meta property=\"og:type\" content=\"article\" \/>\n<meta property=\"og:title\" content=\"CAIXA PARA ATERRO EM CIMENTO COM TAMPA ARD\u00d3SIA\" \/>\n<meta property=\"og:description\" content=\"Caixa para aterro (ou caixa de inspe\u00e7\u00e3o de aterramento) em cimento com tampa de ard\u00f3sia \u00e9 uma solu\u00e7\u00e3o comum para prote\u00e7\u00e3o de conex\u00f5es el\u00e9tricas e hastes de terra, oferecendo resist\u00eancia mec\u00e2nica e durabilidade. Para Pre\u00e7os, Or\u00e7amentos e D\u00favidas, fale com nossos especialistas.\" \/>\n<meta property=\"og:url\" content=\"https:\/\/universoeletrico.com.br\/eletrico\/produto\/caixa-para-aterro-em-cimento-com-tampa-ardosia\/\" \/>\n<meta property=\"og:site_name\" content=\"Universo El\u00e9trico\" \/>\n<meta property=\"article:modified_time\" content=\"2026-03-03T18:12:47+00:00\" \/>\n<meta property=\"og:image\" content=\"https:\/\/universoeletrico.com.br\/eletrico\/wp-content\/uploads\/2026\/03\/caixa_de_inspecao_concreto_20x20cm_c_tampa_5089_1_2e1f67caa7a7351ee1a6dae8b85ddbe8.webp\" \/>\n\t<meta property=\"og:image:width\" content=\"1000\" \/>\n\t<meta property=\"og:image:height\" content=\"1000\" \/>\n\t<meta property=\"og:image:type\" content=\"image\/webp\" \/>\n<meta name=\"twitter:card\" content=\"summary_large_image\" \/>\n<meta name=\"twitter:label1\" content=\"Est. tempo de leitura\" \/>\n\t<meta name=\"twitter:data1\" content=\"1 minuto\" \/>\n<script type=\"application\/ld+json\" class=\"yoast-schema-graph\">{\"@context\":\"https:\/\/schema.org\",\"@graph\":[{\"@type\":\"WebPage\",\"@id\":\"https:\/\/universoeletrico.com.br\/eletrico\/produto\/caixa-para-aterro-em-cimento-com-tampa-ardosia\/\",\"url\":\"https:\/\/universoeletrico.com.br\/eletrico\/produto\/caixa-para-aterro-em-cimento-com-tampa-ardosia\/\",\"name\":\"CAIXA PARA ATERRO EM CIMENTO COM TAMPA ARD\u00d3SIA - Universo El\u00e9trico\",\"isPartOf\":{\"@id\":\"https:\/\/universoeletrico.com.br\/eletrico\/#website\"},\"primaryImageOfPage\":{\"@id\":\"https:\/\/universoeletrico.com.br\/eletrico\/produto\/caixa-para-aterro-em-cimento-com-tampa-ardosia\/#primaryimage\"},\"image\":{\"@id\":\"https:\/\/universoeletrico.com.br\/eletrico\/produto\/caixa-para-aterro-em-cimento-com-tampa-ardosia\/#primaryimage\"},\"thumbnailUrl\":\"https:\/\/universoeletrico.com.br\/eletrico\/wp-content\/uploads\/2026\/03\/caixa_de_inspecao_concreto_20x20cm_c_tampa_5089_1_2e1f67caa7a7351ee1a6dae8b85ddbe8.webp\",\"datePublished\":\"2026-03-03T18:12:45+00:00\",\"dateModified\":\"2026-03-03T18:12:47+00:00\",\"breadcrumb\":{\"@id\":\"https:\/\/universoeletrico.com.br\/eletrico\/produto\/caixa-para-aterro-em-cimento-com-tampa-ardosia\/#breadcrumb\"},\"inLanguage\":\"pt-BR\",\"potentialAction\":[{\"@type\":\"ReadAction\",\"target\":[\"https:\/\/universoeletrico.com.br\/eletrico\/produto\/caixa-para-aterro-em-cimento-com-tampa-ardosia\/\"]}]},{\"@type\":\"ImageObject\",\"inLanguage\":\"pt-BR\",\"@id\":\"https:\/\/universoeletrico.com.br\/eletrico\/produto\/caixa-para-aterro-em-cimento-com-tampa-ardosia\/#primaryimage\",\"url\":\"https:\/\/universoeletrico.com.br\/eletrico\/wp-content\/uploads\/2026\/03\/caixa_de_inspecao_concreto_20x20cm_c_tampa_5089_1_2e1f67caa7a7351ee1a6dae8b85ddbe8.webp\",\"contentUrl\":\"https:\/\/universoeletrico.com.br\/eletrico\/wp-content\/uploads\/2026\/03\/caixa_de_inspecao_concreto_20x20cm_c_tampa_5089_1_2e1f67caa7a7351ee1a6dae8b85ddbe8.webp\",\"width\":1000,\"height\":1000},{\"@type\":\"BreadcrumbList\",\"@id\":\"https:\/\/universoeletrico.com.br\/eletrico\/produto\/caixa-para-aterro-em-cimento-com-tampa-ardosia\/#breadcrumb\",\"itemListElement\":[{\"@type\":\"ListItem\",\"position\":1,\"name\":\"In\u00edcio\",\"item\":\"https:\/\/universoeletrico.com.br\/eletrico\/\"},{\"@type\":\"ListItem\",\"position\":2,\"name\":\"Produtos\",\"item\":\"https:\/\/universoeletrico.com.br\/eletrico\/produtos\/\"},{\"@type\":\"ListItem\",\"position\":3,\"name\":\"CAIXA PARA ATERRO EM CIMENTO COM TAMPA ARD\u00d3SIA\"}]},{\"@type\":\"WebSite\",\"@id\":\"https:\/\/universoeletrico.com.br\/eletrico\/#website\",\"url\":\"https:\/\/universoeletrico.com.br\/eletrico\/\",\"name\":\"Universo El\u00e9trico\",\"description\":\"\",\"potentialAction\":[{\"@type\":\"SearchAction\",\"target\":{\"@type\":\"EntryPoint\",\"urlTemplate\":\"https:\/\/universoeletrico.com.br\/eletrico\/?s={search_term_string}\"},\"query-input\":{\"@type\":\"PropertyValueSpecification\",\"valueRequired\":true,\"valueName\":\"search_term_string\"}}],\"inLanguage\":\"pt-BR\"}]}<\/script>\n<!-- \/ Yoast SEO Premium plugin. -->","yoast_head_json":{"title":"CAIXA PARA ATERRO EM CIMENTO COM TAMPA ARD\u00d3SIA - Universo El\u00e9trico","robots":{"index":"index","follow":"follow","max-snippet":"max-snippet:-1","max-image-preview":"max-image-preview:large","max-video-preview":"max-video-preview:-1"},"canonical":"https:\/\/universoeletrico.com.br\/eletrico\/produto\/caixa-para-aterro-em-cimento-com-tampa-ardosia\/","og_locale":"pt_BR","og_type":"article","og_title":"CAIXA PARA ATERRO EM CIMENTO COM TAMPA ARD\u00d3SIA","og_description":"Caixa para aterro (ou caixa de inspe\u00e7\u00e3o de aterramento) em cimento com tampa de ard\u00f3sia \u00e9 uma solu\u00e7\u00e3o comum para prote\u00e7\u00e3o de conex\u00f5es el\u00e9tricas e hastes de terra, oferecendo resist\u00eancia mec\u00e2nica e durabilidade. Para Pre\u00e7os, Or\u00e7amentos e D\u00favidas, fale com nossos especialistas.","og_url":"https:\/\/universoeletrico.com.br\/eletrico\/produto\/caixa-para-aterro-em-cimento-com-tampa-ardosia\/","og_site_name":"Universo El\u00e9trico","article_modified_time":"2026-03-03T18:12:47+00:00","og_image":[{"width":1000,"height":1000,"url":"https:\/\/universoeletrico.com.br\/eletrico\/wp-content\/uploads\/2026\/03\/caixa_de_inspecao_concreto_20x20cm_c_tampa_5089_1_2e1f67caa7a7351ee1a6dae8b85ddbe8.webp","type":"image\/webp"}],"twitter_card":"summary_large_image","twitter_misc":{"Est. tempo de leitura":"1 minuto"},"schema":{"@context":"https:\/\/schema.org","@graph":[{"@type":"WebPage","@id":"https:\/\/universoeletrico.com.br\/eletrico\/produto\/caixa-para-aterro-em-cimento-com-tampa-ardosia\/","url":"https:\/\/universoeletrico.com.br\/eletrico\/produto\/caixa-para-aterro-em-cimento-com-tampa-ardosia\/","name":"CAIXA PARA ATERRO EM CIMENTO COM TAMPA ARD\u00d3SIA - Universo El\u00e9trico","isPartOf":{"@id":"https:\/\/universoeletrico.com.br\/eletrico\/#website"},"primaryImageOfPage":{"@id":"https:\/\/universoeletrico.com.br\/eletrico\/produto\/caixa-para-aterro-em-cimento-com-tampa-ardosia\/#primaryimage"},"image":{"@id":"https:\/\/universoeletrico.com.br\/eletrico\/produto\/caixa-para-aterro-em-cimento-com-tampa-ardosia\/#primaryimage"},"thumbnailUrl":"https:\/\/universoeletrico.com.br\/eletrico\/wp-content\/uploads\/2026\/03\/caixa_de_inspecao_concreto_20x20cm_c_tampa_5089_1_2e1f67caa7a7351ee1a6dae8b85ddbe8.webp","datePublished":"2026-03-03T18:12:45+00:00","dateModified":"2026-03-03T18:12:47+00:00","breadcrumb":{"@id":"https:\/\/universoeletrico.com.br\/eletrico\/produto\/caixa-para-aterro-em-cimento-com-tampa-ardosia\/#breadcrumb"},"inLanguage":"pt-BR","potentialAction":[{"@type":"ReadAction","target":["https:\/\/universoeletrico.com.br\/eletrico\/produto\/caixa-para-aterro-em-cimento-com-tampa-ardosia\/"]}]},{"@type":"ImageObject","inLanguage":"pt-BR","@id":"https:\/\/universoeletrico.com.br\/eletrico\/produto\/caixa-para-aterro-em-cimento-com-tampa-ardosia\/#primaryimage","url":"https:\/\/universoeletrico.com.br\/eletrico\/wp-content\/uploads\/2026\/03\/caixa_de_inspecao_concreto_20x20cm_c_tampa_5089_1_2e1f67caa7a7351ee1a6dae8b85ddbe8.webp","contentUrl":"https:\/\/universoeletrico.com.br\/eletrico\/wp-content\/uploads\/2026\/03\/caixa_de_inspecao_concreto_20x20cm_c_tampa_5089_1_2e1f67caa7a7351ee1a6dae8b85ddbe8.webp","width":1000,"height":1000},{"@type":"BreadcrumbList","@id":"https:\/\/universoeletrico.com.br\/eletrico\/produto\/caixa-para-aterro-em-cimento-com-tampa-ardosia\/#breadcrumb","itemListElement":[{"@type":"ListItem","position":1,"name":"In\u00edcio","item":"https:\/\/universoeletrico.com.br\/eletrico\/"},{"@type":"ListItem","position":2,"name":"Produtos","item":"https:\/\/universoeletrico.com.br\/eletrico\/produtos\/"},{"@type":"ListItem","position":3,"name":"CAIXA PARA ATERRO EM CIMENTO COM TAMPA ARD\u00d3SIA"}]},{"@type":"WebSite","@id":"https:\/\/universoeletrico.com.br\/eletrico\/#website","url":"https:\/\/universoeletrico.com.br\/eletrico\/","name":"Universo El\u00e9trico","description":"","potentialAction":[{"@type":"SearchAction","target":{"@type":"EntryPoint","urlTemplate":"https:\/\/universoeletrico.com.br\/eletrico\/?s={search_term_string}"},"query-input":{"@type":"PropertyValueSpecification","valueRequired":true,"valueName":"search_term_string"}}],"inLanguage":"pt-BR"}]}},"_links":{"self":[{"href":"https:\/\/universoeletrico.com.br\/eletrico\/wp-json\/wp\/v2\/product\/3415","targetHints":{"allow":["GET"]}}],"collection":[{"href":"https:\/\/universoeletrico.com.br\/eletrico\/wp-json\/wp\/v2\/product"}],"about":[{"href":"https:\/\/universoeletrico.com.br\/eletrico\/wp-json\/wp\/v2\/types\/product"}],"version-history":[{"count":1,"href":"https:\/\/universoeletrico.com.br\/eletrico\/wp-json\/wp\/v2\/product\/3415\/revisions"}],"predecessor-version":[{"id":3417,"href":"https:\/\/universoeletrico.com.br\/eletrico\/wp-json\/wp\/v2\/product\/3415\/revisions\/3417"}],"wp:featuredmedia":[{"embeddable":true,"href":"https:\/\/universoeletrico.com.br\/eletrico\/wp-json\/wp\/v2\/media\/3416"}],"wp:attachment":[{"href":"https:\/\/universoeletrico.com.br\/eletrico\/wp-json\/wp\/v2\/media?parent=3415"}],"wp:term":[{"taxonomy":"product_brand","embeddable":true,"href":"https:\/\/universoeletrico.com.br\/eletrico\/wp-json\/wp\/v2\/product_brand?post=3415"},{"taxonomy":"product_cat","embeddable":true,"href":"https:\/\/universoeletrico.com.br\/eletrico\/wp-json\/wp\/v2\/product_cat?post=3415"},{"taxonomy":"product_tag","embeddable":true,"href":"https:\/\/universoeletrico.com.br\/eletrico\/wp-json\/wp\/v2\/product_tag?post=3415"}],"curies":[{"name":"wp","href":"https:\/\/api.w.org\/{rel}","templated":true}]}}