{"id":3394,"date":"2026-03-02T09:41:16","date_gmt":"2026-03-02T12:41:16","guid":{"rendered":"https:\/\/universoeletrico.com.br\/eletrico\/?post_type=product&#038;p=3394"},"modified":"2026-03-02T09:41:17","modified_gmt":"2026-03-02T12:41:17","slug":"haste-para-aterramento-alta-camada-3-4-30mts","status":"publish","type":"product","link":"https:\/\/universoeletrico.com.br\/eletrico\/produto\/haste-para-aterramento-alta-camada-3-4-30mts\/","title":{"rendered":"HASTE PARA ATERRAMENTO ALTA CAMADA 3\/4 3,0MTS"},"content":{"rendered":"<p>Haste de aterramento de alta camada \u00e9 um componente el\u00e9trico projetado para garantir a seguran\u00e7a de instala\u00e7\u00f5es, dissipando correntes de fuga e descargas atmosf\u00e9ricas para o solo. O diferencial da &#8220;alta camada&#8221; \u00e9 a espessura do revestimento de cobre, que deve ser de 254 microns (ou micras), conforme exigido pelas normas t\u00e9cnicas brasileiras como a NBR 13571 e a NBR 5410.<\/p>\n<p>Segue abaixo outras op\u00e7\u00f5es de tamanhos:<\/p>\n<p>cod: 33916 HASTE P\/ ATER. ALTA CAMADA 5\/8 X 2,40MT<\/p>\n<p>cod: 33017 HASTE P\/ ATER. ALTA CAMADA 3\/4 X 2,40MT<\/p>\n<p>Para Pre\u00e7os, Or\u00e7amentos e D\u00favidas, fale com nossos especialistas.<\/p>\n","protected":false},"excerpt":{"rendered":"<p>Haste de aterramento de alta camada \u00e9 um componente el\u00e9trico projetado para garantir a seguran\u00e7a de instala\u00e7\u00f5es, dissipando correntes de fuga e descargas atmosf\u00e9ricas para o solo. O diferencial da &#8220;alta camada&#8221; \u00e9 a espessura do revestimento de cobre, que deve ser de 254 microns (ou micras), conforme exigido pelas normas t\u00e9cnicas brasileiras como a [&hellip;]<\/p>\n","protected":false},"featured_media":3395,"template":"","meta":[],"product_brand":[],"product_cat":[18,47],"product_tag":[179,155,281,280,279,62],"class_list":{"0":"post-3394","1":"product","2":"type-product","3":"status-publish","4":"has-post-thumbnail","6":"product_cat-material-eletrico","7":"product_cat-spda-aterramento","8":"product_tag-acessorio-eletrico","9":"product_tag-aco","10":"product_tag-alta","11":"product_tag-aterramento","12":"product_tag-camada","13":"product_tag-spda","15":"first","16":"instock","17":"shipping-taxable","18":"purchasable","19":"product-type-simple"},"yoast_head":"<!-- This site is optimized with the Yoast SEO Premium plugin v26.1.1 (Yoast SEO v26.1.1) - https:\/\/yoast.com\/wordpress\/plugins\/seo\/ -->\n<title>HASTE PARA ATERRAMENTO ALTA CAMADA 3\/4 3,0MTS - Universo El\u00e9trico<\/title>\n<meta name=\"robots\" content=\"index, follow, max-snippet:-1, max-image-preview:large, max-video-preview:-1\" \/>\n<link rel=\"canonical\" href=\"https:\/\/universoeletrico.com.br\/eletrico\/produto\/haste-para-aterramento-alta-camada-3-4-30mts\/\" \/>\n<meta property=\"og:locale\" content=\"pt_BR\" \/>\n<meta property=\"og:type\" content=\"article\" \/>\n<meta property=\"og:title\" content=\"HASTE PARA ATERRAMENTO ALTA CAMADA 3\/4 3,0MTS\" \/>\n<meta property=\"og:description\" content=\"Haste de aterramento de alta camada \u00e9 um componente el\u00e9trico projetado para garantir a seguran\u00e7a de instala\u00e7\u00f5es, dissipando correntes de fuga e descargas atmosf\u00e9ricas para o solo. O diferencial da &#8220;alta camada&#8221; \u00e9 a espessura do revestimento de cobre, que deve ser de 254 microns (ou micras), conforme exigido pelas normas t\u00e9cnicas brasileiras como a [&hellip;]\" \/>\n<meta property=\"og:url\" content=\"https:\/\/universoeletrico.com.br\/eletrico\/produto\/haste-para-aterramento-alta-camada-3-4-30mts\/\" \/>\n<meta property=\"og:site_name\" content=\"Universo El\u00e9trico\" \/>\n<meta property=\"article:modified_time\" content=\"2026-03-02T12:41:17+00:00\" \/>\n<meta property=\"og:image\" content=\"https:\/\/universoeletrico.com.br\/eletrico\/wp-content\/uploads\/2026\/03\/333178.webp\" \/>\n\t<meta property=\"og:image:width\" content=\"650\" \/>\n\t<meta property=\"og:image:height\" content=\"650\" \/>\n\t<meta property=\"og:image:type\" content=\"image\/webp\" \/>\n<meta name=\"twitter:card\" content=\"summary_large_image\" \/>\n<meta name=\"twitter:label1\" content=\"Est. tempo de leitura\" \/>\n\t<meta name=\"twitter:data1\" content=\"1 minuto\" \/>\n<script type=\"application\/ld+json\" class=\"yoast-schema-graph\">{\"@context\":\"https:\/\/schema.org\",\"@graph\":[{\"@type\":\"WebPage\",\"@id\":\"https:\/\/universoeletrico.com.br\/eletrico\/produto\/haste-para-aterramento-alta-camada-3-4-30mts\/\",\"url\":\"https:\/\/universoeletrico.com.br\/eletrico\/produto\/haste-para-aterramento-alta-camada-3-4-30mts\/\",\"name\":\"HASTE PARA ATERRAMENTO ALTA CAMADA 3\/4 3,0MTS - Universo El\u00e9trico\",\"isPartOf\":{\"@id\":\"https:\/\/universoeletrico.com.br\/eletrico\/#website\"},\"primaryImageOfPage\":{\"@id\":\"https:\/\/universoeletrico.com.br\/eletrico\/produto\/haste-para-aterramento-alta-camada-3-4-30mts\/#primaryimage\"},\"image\":{\"@id\":\"https:\/\/universoeletrico.com.br\/eletrico\/produto\/haste-para-aterramento-alta-camada-3-4-30mts\/#primaryimage\"},\"thumbnailUrl\":\"https:\/\/universoeletrico.com.br\/eletrico\/wp-content\/uploads\/2026\/03\/333178.webp\",\"datePublished\":\"2026-03-02T12:41:16+00:00\",\"dateModified\":\"2026-03-02T12:41:17+00:00\",\"breadcrumb\":{\"@id\":\"https:\/\/universoeletrico.com.br\/eletrico\/produto\/haste-para-aterramento-alta-camada-3-4-30mts\/#breadcrumb\"},\"inLanguage\":\"pt-BR\",\"potentialAction\":[{\"@type\":\"ReadAction\",\"target\":[\"https:\/\/universoeletrico.com.br\/eletrico\/produto\/haste-para-aterramento-alta-camada-3-4-30mts\/\"]}]},{\"@type\":\"ImageObject\",\"inLanguage\":\"pt-BR\",\"@id\":\"https:\/\/universoeletrico.com.br\/eletrico\/produto\/haste-para-aterramento-alta-camada-3-4-30mts\/#primaryimage\",\"url\":\"https:\/\/universoeletrico.com.br\/eletrico\/wp-content\/uploads\/2026\/03\/333178.webp\",\"contentUrl\":\"https:\/\/universoeletrico.com.br\/eletrico\/wp-content\/uploads\/2026\/03\/333178.webp\",\"width\":650,\"height\":650},{\"@type\":\"BreadcrumbList\",\"@id\":\"https:\/\/universoeletrico.com.br\/eletrico\/produto\/haste-para-aterramento-alta-camada-3-4-30mts\/#breadcrumb\",\"itemListElement\":[{\"@type\":\"ListItem\",\"position\":1,\"name\":\"In\u00edcio\",\"item\":\"https:\/\/universoeletrico.com.br\/eletrico\/\"},{\"@type\":\"ListItem\",\"position\":2,\"name\":\"Produtos\",\"item\":\"https:\/\/universoeletrico.com.br\/eletrico\/produtos\/\"},{\"@type\":\"ListItem\",\"position\":3,\"name\":\"HASTE PARA ATERRAMENTO ALTA CAMADA 3\/4 3,0MTS\"}]},{\"@type\":\"WebSite\",\"@id\":\"https:\/\/universoeletrico.com.br\/eletrico\/#website\",\"url\":\"https:\/\/universoeletrico.com.br\/eletrico\/\",\"name\":\"Universo El\u00e9trico\",\"description\":\"\",\"potentialAction\":[{\"@type\":\"SearchAction\",\"target\":{\"@type\":\"EntryPoint\",\"urlTemplate\":\"https:\/\/universoeletrico.com.br\/eletrico\/?s={search_term_string}\"},\"query-input\":{\"@type\":\"PropertyValueSpecification\",\"valueRequired\":true,\"valueName\":\"search_term_string\"}}],\"inLanguage\":\"pt-BR\"}]}<\/script>\n<!-- \/ Yoast SEO Premium plugin. -->","yoast_head_json":{"title":"HASTE PARA ATERRAMENTO ALTA CAMADA 3\/4 3,0MTS - Universo El\u00e9trico","robots":{"index":"index","follow":"follow","max-snippet":"max-snippet:-1","max-image-preview":"max-image-preview:large","max-video-preview":"max-video-preview:-1"},"canonical":"https:\/\/universoeletrico.com.br\/eletrico\/produto\/haste-para-aterramento-alta-camada-3-4-30mts\/","og_locale":"pt_BR","og_type":"article","og_title":"HASTE PARA ATERRAMENTO ALTA CAMADA 3\/4 3,0MTS","og_description":"Haste de aterramento de alta camada \u00e9 um componente el\u00e9trico projetado para garantir a seguran\u00e7a de instala\u00e7\u00f5es, dissipando correntes de fuga e descargas atmosf\u00e9ricas para o solo. O diferencial da &#8220;alta camada&#8221; \u00e9 a espessura do revestimento de cobre, que deve ser de 254 microns (ou micras), conforme exigido pelas normas t\u00e9cnicas brasileiras como a [&hellip;]","og_url":"https:\/\/universoeletrico.com.br\/eletrico\/produto\/haste-para-aterramento-alta-camada-3-4-30mts\/","og_site_name":"Universo El\u00e9trico","article_modified_time":"2026-03-02T12:41:17+00:00","og_image":[{"width":650,"height":650,"url":"https:\/\/universoeletrico.com.br\/eletrico\/wp-content\/uploads\/2026\/03\/333178.webp","type":"image\/webp"}],"twitter_card":"summary_large_image","twitter_misc":{"Est. tempo de leitura":"1 minuto"},"schema":{"@context":"https:\/\/schema.org","@graph":[{"@type":"WebPage","@id":"https:\/\/universoeletrico.com.br\/eletrico\/produto\/haste-para-aterramento-alta-camada-3-4-30mts\/","url":"https:\/\/universoeletrico.com.br\/eletrico\/produto\/haste-para-aterramento-alta-camada-3-4-30mts\/","name":"HASTE PARA ATERRAMENTO ALTA CAMADA 3\/4 3,0MTS - Universo El\u00e9trico","isPartOf":{"@id":"https:\/\/universoeletrico.com.br\/eletrico\/#website"},"primaryImageOfPage":{"@id":"https:\/\/universoeletrico.com.br\/eletrico\/produto\/haste-para-aterramento-alta-camada-3-4-30mts\/#primaryimage"},"image":{"@id":"https:\/\/universoeletrico.com.br\/eletrico\/produto\/haste-para-aterramento-alta-camada-3-4-30mts\/#primaryimage"},"thumbnailUrl":"https:\/\/universoeletrico.com.br\/eletrico\/wp-content\/uploads\/2026\/03\/333178.webp","datePublished":"2026-03-02T12:41:16+00:00","dateModified":"2026-03-02T12:41:17+00:00","breadcrumb":{"@id":"https:\/\/universoeletrico.com.br\/eletrico\/produto\/haste-para-aterramento-alta-camada-3-4-30mts\/#breadcrumb"},"inLanguage":"pt-BR","potentialAction":[{"@type":"ReadAction","target":["https:\/\/universoeletrico.com.br\/eletrico\/produto\/haste-para-aterramento-alta-camada-3-4-30mts\/"]}]},{"@type":"ImageObject","inLanguage":"pt-BR","@id":"https:\/\/universoeletrico.com.br\/eletrico\/produto\/haste-para-aterramento-alta-camada-3-4-30mts\/#primaryimage","url":"https:\/\/universoeletrico.com.br\/eletrico\/wp-content\/uploads\/2026\/03\/333178.webp","contentUrl":"https:\/\/universoeletrico.com.br\/eletrico\/wp-content\/uploads\/2026\/03\/333178.webp","width":650,"height":650},{"@type":"BreadcrumbList","@id":"https:\/\/universoeletrico.com.br\/eletrico\/produto\/haste-para-aterramento-alta-camada-3-4-30mts\/#breadcrumb","itemListElement":[{"@type":"ListItem","position":1,"name":"In\u00edcio","item":"https:\/\/universoeletrico.com.br\/eletrico\/"},{"@type":"ListItem","position":2,"name":"Produtos","item":"https:\/\/universoeletrico.com.br\/eletrico\/produtos\/"},{"@type":"ListItem","position":3,"name":"HASTE PARA ATERRAMENTO ALTA CAMADA 3\/4 3,0MTS"}]},{"@type":"WebSite","@id":"https:\/\/universoeletrico.com.br\/eletrico\/#website","url":"https:\/\/universoeletrico.com.br\/eletrico\/","name":"Universo El\u00e9trico","description":"","potentialAction":[{"@type":"SearchAction","target":{"@type":"EntryPoint","urlTemplate":"https:\/\/universoeletrico.com.br\/eletrico\/?s={search_term_string}"},"query-input":{"@type":"PropertyValueSpecification","valueRequired":true,"valueName":"search_term_string"}}],"inLanguage":"pt-BR"}]}},"_links":{"self":[{"href":"https:\/\/universoeletrico.com.br\/eletrico\/wp-json\/wp\/v2\/product\/3394","targetHints":{"allow":["GET"]}}],"collection":[{"href":"https:\/\/universoeletrico.com.br\/eletrico\/wp-json\/wp\/v2\/product"}],"about":[{"href":"https:\/\/universoeletrico.com.br\/eletrico\/wp-json\/wp\/v2\/types\/product"}],"version-history":[{"count":1,"href":"https:\/\/universoeletrico.com.br\/eletrico\/wp-json\/wp\/v2\/product\/3394\/revisions"}],"predecessor-version":[{"id":3396,"href":"https:\/\/universoeletrico.com.br\/eletrico\/wp-json\/wp\/v2\/product\/3394\/revisions\/3396"}],"wp:featuredmedia":[{"embeddable":true,"href":"https:\/\/universoeletrico.com.br\/eletrico\/wp-json\/wp\/v2\/media\/3395"}],"wp:attachment":[{"href":"https:\/\/universoeletrico.com.br\/eletrico\/wp-json\/wp\/v2\/media?parent=3394"}],"wp:term":[{"taxonomy":"product_brand","embeddable":true,"href":"https:\/\/universoeletrico.com.br\/eletrico\/wp-json\/wp\/v2\/product_brand?post=3394"},{"taxonomy":"product_cat","embeddable":true,"href":"https:\/\/universoeletrico.com.br\/eletrico\/wp-json\/wp\/v2\/product_cat?post=3394"},{"taxonomy":"product_tag","embeddable":true,"href":"https:\/\/universoeletrico.com.br\/eletrico\/wp-json\/wp\/v2\/product_tag?post=3394"}],"curies":[{"name":"wp","href":"https:\/\/api.w.org\/{rel}","templated":true}]}}