{"id":3387,"date":"2026-02-27T17:01:45","date_gmt":"2026-02-27T20:01:45","guid":{"rendered":"https:\/\/universoeletrico.com.br\/eletrico\/?post_type=product&#038;p=3387"},"modified":"2026-03-02T09:11:35","modified_gmt":"2026-03-02T12:11:35","slug":"haste-aterramento-de-baixa-camada-158mm-3mts","status":"publish","type":"product","link":"https:\/\/universoeletrico.com.br\/eletrico\/produto\/haste-aterramento-de-baixa-camada-158mm-3mts\/","title":{"rendered":"HASTE ATERRAMENTO DE BAIXA CAMADA 15,8MM 3MTS"},"content":{"rendered":"<p>Haste de aterramento de baixa camada (ou cobreada) \u00e9 um eletrodo de a\u00e7o-carbono com uma camada fina de cobre (10 a 20 m\u00edcrons) aplicada por eletrodeposi\u00e7\u00e3o, ideal para solos de baixa corrosividade. Projetada para sistemas el\u00e9tricos residenciais, comerciais e industriais, oferece boa condutividade e custo-benef\u00edcio.<\/p>\n<p>Segue abaixo outras op\u00e7\u00f5es de tamanhos:<\/p>\n<p>cod: 33012 HASTE ATER. B. CAMADA 12MM X 3MT<\/p>\n<p>cod: 33013 HASTE ATER. B.CAMADA 15,8MM X2,40MT<\/p>\n<p>Para Pre\u00e7os, Or\u00e7amentos e D\u00favidas, fale com nossos especialistas.<\/p>\n","protected":false},"excerpt":{"rendered":"<p>Haste de aterramento de baixa camada (ou cobreada) \u00e9 um eletrodo de a\u00e7o-carbono com uma camada fina de cobre (10 a 20 m\u00edcrons) aplicada por eletrodeposi\u00e7\u00e3o, ideal para solos de baixa corrosividade. Projetada para sistemas el\u00e9tricos residenciais, comerciais e industriais, oferece boa condutividade e custo-benef\u00edcio. Segue abaixo outras op\u00e7\u00f5es de tamanhos: cod: 33012 HASTE ATER. [&hellip;]<\/p>\n","protected":false},"featured_media":3389,"template":"","meta":[],"product_brand":[],"product_cat":[18,47],"product_tag":[179,155,280,278,279,62],"class_list":{"0":"post-3387","1":"product","2":"type-product","3":"status-publish","4":"has-post-thumbnail","6":"product_cat-material-eletrico","7":"product_cat-spda-aterramento","8":"product_tag-acessorio-eletrico","9":"product_tag-aco","10":"product_tag-aterramento","11":"product_tag-baixa","12":"product_tag-camada","13":"product_tag-spda","15":"first","16":"instock","17":"shipping-taxable","18":"purchasable","19":"product-type-simple"},"yoast_head":"<!-- This site is optimized with the Yoast SEO Premium plugin v26.1.1 (Yoast SEO v26.1.1) - https:\/\/yoast.com\/wordpress\/plugins\/seo\/ -->\n<title>HASTE ATERRAMENTO DE BAIXA CAMADA 15,8MM 3MTS - Universo El\u00e9trico<\/title>\n<meta name=\"robots\" content=\"index, follow, max-snippet:-1, max-image-preview:large, max-video-preview:-1\" \/>\n<link rel=\"canonical\" href=\"https:\/\/universoeletrico.com.br\/eletrico\/produto\/haste-aterramento-de-baixa-camada-158mm-3mts\/\" \/>\n<meta property=\"og:locale\" content=\"pt_BR\" \/>\n<meta property=\"og:type\" content=\"article\" \/>\n<meta property=\"og:title\" content=\"HASTE ATERRAMENTO DE BAIXA CAMADA 15,8MM 3MTS\" \/>\n<meta property=\"og:description\" content=\"Haste de aterramento de baixa camada (ou cobreada) \u00e9 um eletrodo de a\u00e7o-carbono com uma camada fina de cobre (10 a 20 m\u00edcrons) aplicada por eletrodeposi\u00e7\u00e3o, ideal para solos de baixa corrosividade. Projetada para sistemas el\u00e9tricos residenciais, comerciais e industriais, oferece boa condutividade e custo-benef\u00edcio. Segue abaixo outras op\u00e7\u00f5es de tamanhos: cod: 33012 HASTE ATER. [&hellip;]\" \/>\n<meta property=\"og:url\" content=\"https:\/\/universoeletrico.com.br\/eletrico\/produto\/haste-aterramento-de-baixa-camada-158mm-3mts\/\" \/>\n<meta property=\"og:site_name\" content=\"Universo El\u00e9trico\" \/>\n<meta property=\"article:modified_time\" content=\"2026-03-02T12:11:35+00:00\" \/>\n<meta property=\"og:image\" content=\"https:\/\/universoeletrico.com.br\/eletrico\/wp-content\/uploads\/2026\/02\/000693000000002.webp\" \/>\n\t<meta property=\"og:image:width\" content=\"1000\" \/>\n\t<meta property=\"og:image:height\" content=\"1000\" \/>\n\t<meta property=\"og:image:type\" content=\"image\/webp\" \/>\n<meta name=\"twitter:card\" content=\"summary_large_image\" \/>\n<meta name=\"twitter:label1\" content=\"Est. tempo de leitura\" \/>\n\t<meta name=\"twitter:data1\" content=\"1 minuto\" \/>\n<script type=\"application\/ld+json\" class=\"yoast-schema-graph\">{\"@context\":\"https:\/\/schema.org\",\"@graph\":[{\"@type\":\"WebPage\",\"@id\":\"https:\/\/universoeletrico.com.br\/eletrico\/produto\/haste-aterramento-de-baixa-camada-158mm-3mts\/\",\"url\":\"https:\/\/universoeletrico.com.br\/eletrico\/produto\/haste-aterramento-de-baixa-camada-158mm-3mts\/\",\"name\":\"HASTE ATERRAMENTO DE BAIXA CAMADA 15,8MM 3MTS - Universo El\u00e9trico\",\"isPartOf\":{\"@id\":\"https:\/\/universoeletrico.com.br\/eletrico\/#website\"},\"primaryImageOfPage\":{\"@id\":\"https:\/\/universoeletrico.com.br\/eletrico\/produto\/haste-aterramento-de-baixa-camada-158mm-3mts\/#primaryimage\"},\"image\":{\"@id\":\"https:\/\/universoeletrico.com.br\/eletrico\/produto\/haste-aterramento-de-baixa-camada-158mm-3mts\/#primaryimage\"},\"thumbnailUrl\":\"https:\/\/universoeletrico.com.br\/eletrico\/wp-content\/uploads\/2026\/02\/000693000000002.webp\",\"datePublished\":\"2026-02-27T20:01:45+00:00\",\"dateModified\":\"2026-03-02T12:11:35+00:00\",\"breadcrumb\":{\"@id\":\"https:\/\/universoeletrico.com.br\/eletrico\/produto\/haste-aterramento-de-baixa-camada-158mm-3mts\/#breadcrumb\"},\"inLanguage\":\"pt-BR\",\"potentialAction\":[{\"@type\":\"ReadAction\",\"target\":[\"https:\/\/universoeletrico.com.br\/eletrico\/produto\/haste-aterramento-de-baixa-camada-158mm-3mts\/\"]}]},{\"@type\":\"ImageObject\",\"inLanguage\":\"pt-BR\",\"@id\":\"https:\/\/universoeletrico.com.br\/eletrico\/produto\/haste-aterramento-de-baixa-camada-158mm-3mts\/#primaryimage\",\"url\":\"https:\/\/universoeletrico.com.br\/eletrico\/wp-content\/uploads\/2026\/02\/000693000000002.webp\",\"contentUrl\":\"https:\/\/universoeletrico.com.br\/eletrico\/wp-content\/uploads\/2026\/02\/000693000000002.webp\",\"width\":1000,\"height\":1000},{\"@type\":\"BreadcrumbList\",\"@id\":\"https:\/\/universoeletrico.com.br\/eletrico\/produto\/haste-aterramento-de-baixa-camada-158mm-3mts\/#breadcrumb\",\"itemListElement\":[{\"@type\":\"ListItem\",\"position\":1,\"name\":\"In\u00edcio\",\"item\":\"https:\/\/universoeletrico.com.br\/eletrico\/\"},{\"@type\":\"ListItem\",\"position\":2,\"name\":\"Produtos\",\"item\":\"https:\/\/universoeletrico.com.br\/eletrico\/produtos\/\"},{\"@type\":\"ListItem\",\"position\":3,\"name\":\"HASTE ATERRAMENTO DE BAIXA CAMADA 15,8MM 3MTS\"}]},{\"@type\":\"WebSite\",\"@id\":\"https:\/\/universoeletrico.com.br\/eletrico\/#website\",\"url\":\"https:\/\/universoeletrico.com.br\/eletrico\/\",\"name\":\"Universo El\u00e9trico\",\"description\":\"\",\"potentialAction\":[{\"@type\":\"SearchAction\",\"target\":{\"@type\":\"EntryPoint\",\"urlTemplate\":\"https:\/\/universoeletrico.com.br\/eletrico\/?s={search_term_string}\"},\"query-input\":{\"@type\":\"PropertyValueSpecification\",\"valueRequired\":true,\"valueName\":\"search_term_string\"}}],\"inLanguage\":\"pt-BR\"}]}<\/script>\n<!-- \/ Yoast SEO Premium plugin. -->","yoast_head_json":{"title":"HASTE ATERRAMENTO DE BAIXA CAMADA 15,8MM 3MTS - Universo El\u00e9trico","robots":{"index":"index","follow":"follow","max-snippet":"max-snippet:-1","max-image-preview":"max-image-preview:large","max-video-preview":"max-video-preview:-1"},"canonical":"https:\/\/universoeletrico.com.br\/eletrico\/produto\/haste-aterramento-de-baixa-camada-158mm-3mts\/","og_locale":"pt_BR","og_type":"article","og_title":"HASTE ATERRAMENTO DE BAIXA CAMADA 15,8MM 3MTS","og_description":"Haste de aterramento de baixa camada (ou cobreada) \u00e9 um eletrodo de a\u00e7o-carbono com uma camada fina de cobre (10 a 20 m\u00edcrons) aplicada por eletrodeposi\u00e7\u00e3o, ideal para solos de baixa corrosividade. Projetada para sistemas el\u00e9tricos residenciais, comerciais e industriais, oferece boa condutividade e custo-benef\u00edcio. Segue abaixo outras op\u00e7\u00f5es de tamanhos: cod: 33012 HASTE ATER. [&hellip;]","og_url":"https:\/\/universoeletrico.com.br\/eletrico\/produto\/haste-aterramento-de-baixa-camada-158mm-3mts\/","og_site_name":"Universo El\u00e9trico","article_modified_time":"2026-03-02T12:11:35+00:00","og_image":[{"width":1000,"height":1000,"url":"https:\/\/universoeletrico.com.br\/eletrico\/wp-content\/uploads\/2026\/02\/000693000000002.webp","type":"image\/webp"}],"twitter_card":"summary_large_image","twitter_misc":{"Est. tempo de leitura":"1 minuto"},"schema":{"@context":"https:\/\/schema.org","@graph":[{"@type":"WebPage","@id":"https:\/\/universoeletrico.com.br\/eletrico\/produto\/haste-aterramento-de-baixa-camada-158mm-3mts\/","url":"https:\/\/universoeletrico.com.br\/eletrico\/produto\/haste-aterramento-de-baixa-camada-158mm-3mts\/","name":"HASTE ATERRAMENTO DE BAIXA CAMADA 15,8MM 3MTS - Universo El\u00e9trico","isPartOf":{"@id":"https:\/\/universoeletrico.com.br\/eletrico\/#website"},"primaryImageOfPage":{"@id":"https:\/\/universoeletrico.com.br\/eletrico\/produto\/haste-aterramento-de-baixa-camada-158mm-3mts\/#primaryimage"},"image":{"@id":"https:\/\/universoeletrico.com.br\/eletrico\/produto\/haste-aterramento-de-baixa-camada-158mm-3mts\/#primaryimage"},"thumbnailUrl":"https:\/\/universoeletrico.com.br\/eletrico\/wp-content\/uploads\/2026\/02\/000693000000002.webp","datePublished":"2026-02-27T20:01:45+00:00","dateModified":"2026-03-02T12:11:35+00:00","breadcrumb":{"@id":"https:\/\/universoeletrico.com.br\/eletrico\/produto\/haste-aterramento-de-baixa-camada-158mm-3mts\/#breadcrumb"},"inLanguage":"pt-BR","potentialAction":[{"@type":"ReadAction","target":["https:\/\/universoeletrico.com.br\/eletrico\/produto\/haste-aterramento-de-baixa-camada-158mm-3mts\/"]}]},{"@type":"ImageObject","inLanguage":"pt-BR","@id":"https:\/\/universoeletrico.com.br\/eletrico\/produto\/haste-aterramento-de-baixa-camada-158mm-3mts\/#primaryimage","url":"https:\/\/universoeletrico.com.br\/eletrico\/wp-content\/uploads\/2026\/02\/000693000000002.webp","contentUrl":"https:\/\/universoeletrico.com.br\/eletrico\/wp-content\/uploads\/2026\/02\/000693000000002.webp","width":1000,"height":1000},{"@type":"BreadcrumbList","@id":"https:\/\/universoeletrico.com.br\/eletrico\/produto\/haste-aterramento-de-baixa-camada-158mm-3mts\/#breadcrumb","itemListElement":[{"@type":"ListItem","position":1,"name":"In\u00edcio","item":"https:\/\/universoeletrico.com.br\/eletrico\/"},{"@type":"ListItem","position":2,"name":"Produtos","item":"https:\/\/universoeletrico.com.br\/eletrico\/produtos\/"},{"@type":"ListItem","position":3,"name":"HASTE ATERRAMENTO DE BAIXA CAMADA 15,8MM 3MTS"}]},{"@type":"WebSite","@id":"https:\/\/universoeletrico.com.br\/eletrico\/#website","url":"https:\/\/universoeletrico.com.br\/eletrico\/","name":"Universo El\u00e9trico","description":"","potentialAction":[{"@type":"SearchAction","target":{"@type":"EntryPoint","urlTemplate":"https:\/\/universoeletrico.com.br\/eletrico\/?s={search_term_string}"},"query-input":{"@type":"PropertyValueSpecification","valueRequired":true,"valueName":"search_term_string"}}],"inLanguage":"pt-BR"}]}},"_links":{"self":[{"href":"https:\/\/universoeletrico.com.br\/eletrico\/wp-json\/wp\/v2\/product\/3387","targetHints":{"allow":["GET"]}}],"collection":[{"href":"https:\/\/universoeletrico.com.br\/eletrico\/wp-json\/wp\/v2\/product"}],"about":[{"href":"https:\/\/universoeletrico.com.br\/eletrico\/wp-json\/wp\/v2\/types\/product"}],"version-history":[{"count":4,"href":"https:\/\/universoeletrico.com.br\/eletrico\/wp-json\/wp\/v2\/product\/3387\/revisions"}],"predecessor-version":[{"id":3393,"href":"https:\/\/universoeletrico.com.br\/eletrico\/wp-json\/wp\/v2\/product\/3387\/revisions\/3393"}],"wp:featuredmedia":[{"embeddable":true,"href":"https:\/\/universoeletrico.com.br\/eletrico\/wp-json\/wp\/v2\/media\/3389"}],"wp:attachment":[{"href":"https:\/\/universoeletrico.com.br\/eletrico\/wp-json\/wp\/v2\/media?parent=3387"}],"wp:term":[{"taxonomy":"product_brand","embeddable":true,"href":"https:\/\/universoeletrico.com.br\/eletrico\/wp-json\/wp\/v2\/product_brand?post=3387"},{"taxonomy":"product_cat","embeddable":true,"href":"https:\/\/universoeletrico.com.br\/eletrico\/wp-json\/wp\/v2\/product_cat?post=3387"},{"taxonomy":"product_tag","embeddable":true,"href":"https:\/\/universoeletrico.com.br\/eletrico\/wp-json\/wp\/v2\/product_tag?post=3387"}],"curies":[{"name":"wp","href":"https:\/\/api.w.org\/{rel}","templated":true}]}}