{"id":3369,"date":"2026-02-25T17:51:16","date_gmt":"2026-02-25T20:51:16","guid":{"rendered":"https:\/\/universoeletrico.com.br\/eletrico\/?post_type=product&#038;p=3369"},"modified":"2026-02-26T09:00:46","modified_gmt":"2026-02-26T12:00:46","slug":"kit-barramento-trifasico-para-28-disjuntores-din-100a","status":"publish","type":"product","link":"https:\/\/universoeletrico.com.br\/eletrico\/produto\/kit-barramento-trifasico-para-28-disjuntores-din-100a\/","title":{"rendered":"KIT BARRAMENTO TRIF\u00c1SICO PARA 28 DISJUNTORES DIN 100A"},"content":{"rendered":"<p>Kit barramento geralmente chamado de espinha de peixe \u00e9 um conjunto de componentes met\u00e1licos condutores (geralmente cobre) projetado para distribuir a corrente el\u00e9trica de forma organizada e segura dentro de um quadro de distribui\u00e7\u00e3o. Ele substitui o uso excessivo de fios de interliga\u00e7\u00e3o (&#8220;jumpers&#8221;), facilitando a instala\u00e7\u00e3o de disjuntores e reduzindo o risco de aquecimento.<\/p>\n<p>Segue abaixo algumas op\u00e7\u00f5es em estoque:<\/p>\n<p>cod: 154004 KIT BARRAM. TRIFASICO P\/16 DISJ DIN 100A<\/p>\n<p>cod: 154006 KIT BARRAM. TRIFASICO P\/34 DISJ DIN 100A<\/p>\n<p>cod: 154007 KIT BARRAM. TRIFASICO P\/44 DISJ DIN 100A<\/p>\n","protected":false},"excerpt":{"rendered":"<p>Kit barramento geralmente chamado de espinha de peixe \u00e9 um conjunto de componentes met\u00e1licos condutores (geralmente cobre) projetado para distribuir a corrente el\u00e9trica de forma organizada e segura dentro de um quadro de distribui\u00e7\u00e3o. Ele substitui o uso excessivo de fios de interliga\u00e7\u00e3o (&#8220;jumpers&#8221;), facilitando a instala\u00e7\u00e3o de disjuntores e reduzindo o risco de aquecimento. [&hellip;]<\/p>\n","protected":false},"featured_media":3370,"template":"","meta":[],"product_brand":[],"product_cat":[18,52],"product_tag":[142,274,276,271,272,273],"class_list":{"0":"post-3369","1":"product","2":"type-product","3":"status-publish","4":"has-post-thumbnail","6":"product_cat-material-eletrico","7":"product_cat-quadros-de-comando-e-disjuntores","8":"product_tag-acessorio","9":"product_tag-bifasico","10":"product_tag-espinha-de-peixe","11":"product_tag-kit","12":"product_tag-quadro","13":"product_tag-trifasico","15":"first","16":"instock","17":"shipping-taxable","18":"purchasable","19":"product-type-simple"},"yoast_head":"<!-- This site is optimized with the Yoast SEO Premium plugin v26.1.1 (Yoast SEO v26.1.1) - https:\/\/yoast.com\/wordpress\/plugins\/seo\/ -->\n<title>KIT BARRAMENTO TRIF\u00c1SICO PARA 28 DISJUNTORES DIN 100A - Universo El\u00e9trico<\/title>\n<meta name=\"robots\" content=\"index, follow, max-snippet:-1, max-image-preview:large, max-video-preview:-1\" \/>\n<link rel=\"canonical\" href=\"https:\/\/universoeletrico.com.br\/eletrico\/produto\/kit-barramento-trifasico-para-28-disjuntores-din-100a\/\" \/>\n<meta property=\"og:locale\" content=\"pt_BR\" \/>\n<meta property=\"og:type\" content=\"article\" \/>\n<meta property=\"og:title\" content=\"KIT BARRAMENTO TRIF\u00c1SICO PARA 28 DISJUNTORES DIN 100A\" \/>\n<meta property=\"og:description\" content=\"Kit barramento geralmente chamado de espinha de peixe \u00e9 um conjunto de componentes met\u00e1licos condutores (geralmente cobre) projetado para distribuir a corrente el\u00e9trica de forma organizada e segura dentro de um quadro de distribui\u00e7\u00e3o. Ele substitui o uso excessivo de fios de interliga\u00e7\u00e3o (&#8220;jumpers&#8221;), facilitando a instala\u00e7\u00e3o de disjuntores e reduzindo o risco de aquecimento. [&hellip;]\" \/>\n<meta property=\"og:url\" content=\"https:\/\/universoeletrico.com.br\/eletrico\/produto\/kit-barramento-trifasico-para-28-disjuntores-din-100a\/\" \/>\n<meta property=\"og:site_name\" content=\"Universo El\u00e9trico\" \/>\n<meta property=\"article:modified_time\" content=\"2026-02-26T12:00:46+00:00\" \/>\n<meta property=\"og:image\" content=\"https:\/\/universoeletrico.com.br\/eletrico\/wp-content\/uploads\/2026\/02\/Kit-com-barramento-Trifasico-para-16-Disjuntores-Din-100A-8010-GOMES161411385116132814-1.webp\" \/>\n\t<meta property=\"og:image:width\" content=\"1000\" \/>\n\t<meta property=\"og:image:height\" content=\"1000\" \/>\n\t<meta property=\"og:image:type\" content=\"image\/webp\" \/>\n<meta name=\"twitter:card\" content=\"summary_large_image\" \/>\n<meta name=\"twitter:label1\" content=\"Est. tempo de leitura\" \/>\n\t<meta name=\"twitter:data1\" content=\"1 minuto\" \/>\n<script type=\"application\/ld+json\" class=\"yoast-schema-graph\">{\"@context\":\"https:\/\/schema.org\",\"@graph\":[{\"@type\":\"WebPage\",\"@id\":\"https:\/\/universoeletrico.com.br\/eletrico\/produto\/kit-barramento-trifasico-para-28-disjuntores-din-100a\/\",\"url\":\"https:\/\/universoeletrico.com.br\/eletrico\/produto\/kit-barramento-trifasico-para-28-disjuntores-din-100a\/\",\"name\":\"KIT BARRAMENTO TRIF\u00c1SICO PARA 28 DISJUNTORES DIN 100A - Universo El\u00e9trico\",\"isPartOf\":{\"@id\":\"https:\/\/universoeletrico.com.br\/eletrico\/#website\"},\"primaryImageOfPage\":{\"@id\":\"https:\/\/universoeletrico.com.br\/eletrico\/produto\/kit-barramento-trifasico-para-28-disjuntores-din-100a\/#primaryimage\"},\"image\":{\"@id\":\"https:\/\/universoeletrico.com.br\/eletrico\/produto\/kit-barramento-trifasico-para-28-disjuntores-din-100a\/#primaryimage\"},\"thumbnailUrl\":\"https:\/\/universoeletrico.com.br\/eletrico\/wp-content\/uploads\/2026\/02\/Kit-com-barramento-Trifasico-para-16-Disjuntores-Din-100A-8010-GOMES161411385116132814-1.webp\",\"datePublished\":\"2026-02-25T20:51:16+00:00\",\"dateModified\":\"2026-02-26T12:00:46+00:00\",\"breadcrumb\":{\"@id\":\"https:\/\/universoeletrico.com.br\/eletrico\/produto\/kit-barramento-trifasico-para-28-disjuntores-din-100a\/#breadcrumb\"},\"inLanguage\":\"pt-BR\",\"potentialAction\":[{\"@type\":\"ReadAction\",\"target\":[\"https:\/\/universoeletrico.com.br\/eletrico\/produto\/kit-barramento-trifasico-para-28-disjuntores-din-100a\/\"]}]},{\"@type\":\"ImageObject\",\"inLanguage\":\"pt-BR\",\"@id\":\"https:\/\/universoeletrico.com.br\/eletrico\/produto\/kit-barramento-trifasico-para-28-disjuntores-din-100a\/#primaryimage\",\"url\":\"https:\/\/universoeletrico.com.br\/eletrico\/wp-content\/uploads\/2026\/02\/Kit-com-barramento-Trifasico-para-16-Disjuntores-Din-100A-8010-GOMES161411385116132814-1.webp\",\"contentUrl\":\"https:\/\/universoeletrico.com.br\/eletrico\/wp-content\/uploads\/2026\/02\/Kit-com-barramento-Trifasico-para-16-Disjuntores-Din-100A-8010-GOMES161411385116132814-1.webp\",\"width\":1000,\"height\":1000},{\"@type\":\"BreadcrumbList\",\"@id\":\"https:\/\/universoeletrico.com.br\/eletrico\/produto\/kit-barramento-trifasico-para-28-disjuntores-din-100a\/#breadcrumb\",\"itemListElement\":[{\"@type\":\"ListItem\",\"position\":1,\"name\":\"In\u00edcio\",\"item\":\"https:\/\/universoeletrico.com.br\/eletrico\/\"},{\"@type\":\"ListItem\",\"position\":2,\"name\":\"Produtos\",\"item\":\"https:\/\/universoeletrico.com.br\/eletrico\/produtos\/\"},{\"@type\":\"ListItem\",\"position\":3,\"name\":\"KIT BARRAMENTO TRIF\u00c1SICO PARA 28 DISJUNTORES DIN 100A\"}]},{\"@type\":\"WebSite\",\"@id\":\"https:\/\/universoeletrico.com.br\/eletrico\/#website\",\"url\":\"https:\/\/universoeletrico.com.br\/eletrico\/\",\"name\":\"Universo El\u00e9trico\",\"description\":\"\",\"potentialAction\":[{\"@type\":\"SearchAction\",\"target\":{\"@type\":\"EntryPoint\",\"urlTemplate\":\"https:\/\/universoeletrico.com.br\/eletrico\/?s={search_term_string}\"},\"query-input\":{\"@type\":\"PropertyValueSpecification\",\"valueRequired\":true,\"valueName\":\"search_term_string\"}}],\"inLanguage\":\"pt-BR\"}]}<\/script>\n<!-- \/ Yoast SEO Premium plugin. -->","yoast_head_json":{"title":"KIT BARRAMENTO TRIF\u00c1SICO PARA 28 DISJUNTORES DIN 100A - Universo El\u00e9trico","robots":{"index":"index","follow":"follow","max-snippet":"max-snippet:-1","max-image-preview":"max-image-preview:large","max-video-preview":"max-video-preview:-1"},"canonical":"https:\/\/universoeletrico.com.br\/eletrico\/produto\/kit-barramento-trifasico-para-28-disjuntores-din-100a\/","og_locale":"pt_BR","og_type":"article","og_title":"KIT BARRAMENTO TRIF\u00c1SICO PARA 28 DISJUNTORES DIN 100A","og_description":"Kit barramento geralmente chamado de espinha de peixe \u00e9 um conjunto de componentes met\u00e1licos condutores (geralmente cobre) projetado para distribuir a corrente el\u00e9trica de forma organizada e segura dentro de um quadro de distribui\u00e7\u00e3o. Ele substitui o uso excessivo de fios de interliga\u00e7\u00e3o (&#8220;jumpers&#8221;), facilitando a instala\u00e7\u00e3o de disjuntores e reduzindo o risco de aquecimento. [&hellip;]","og_url":"https:\/\/universoeletrico.com.br\/eletrico\/produto\/kit-barramento-trifasico-para-28-disjuntores-din-100a\/","og_site_name":"Universo El\u00e9trico","article_modified_time":"2026-02-26T12:00:46+00:00","og_image":[{"width":1000,"height":1000,"url":"https:\/\/universoeletrico.com.br\/eletrico\/wp-content\/uploads\/2026\/02\/Kit-com-barramento-Trifasico-para-16-Disjuntores-Din-100A-8010-GOMES161411385116132814-1.webp","type":"image\/webp"}],"twitter_card":"summary_large_image","twitter_misc":{"Est. tempo de leitura":"1 minuto"},"schema":{"@context":"https:\/\/schema.org","@graph":[{"@type":"WebPage","@id":"https:\/\/universoeletrico.com.br\/eletrico\/produto\/kit-barramento-trifasico-para-28-disjuntores-din-100a\/","url":"https:\/\/universoeletrico.com.br\/eletrico\/produto\/kit-barramento-trifasico-para-28-disjuntores-din-100a\/","name":"KIT BARRAMENTO TRIF\u00c1SICO PARA 28 DISJUNTORES DIN 100A - Universo El\u00e9trico","isPartOf":{"@id":"https:\/\/universoeletrico.com.br\/eletrico\/#website"},"primaryImageOfPage":{"@id":"https:\/\/universoeletrico.com.br\/eletrico\/produto\/kit-barramento-trifasico-para-28-disjuntores-din-100a\/#primaryimage"},"image":{"@id":"https:\/\/universoeletrico.com.br\/eletrico\/produto\/kit-barramento-trifasico-para-28-disjuntores-din-100a\/#primaryimage"},"thumbnailUrl":"https:\/\/universoeletrico.com.br\/eletrico\/wp-content\/uploads\/2026\/02\/Kit-com-barramento-Trifasico-para-16-Disjuntores-Din-100A-8010-GOMES161411385116132814-1.webp","datePublished":"2026-02-25T20:51:16+00:00","dateModified":"2026-02-26T12:00:46+00:00","breadcrumb":{"@id":"https:\/\/universoeletrico.com.br\/eletrico\/produto\/kit-barramento-trifasico-para-28-disjuntores-din-100a\/#breadcrumb"},"inLanguage":"pt-BR","potentialAction":[{"@type":"ReadAction","target":["https:\/\/universoeletrico.com.br\/eletrico\/produto\/kit-barramento-trifasico-para-28-disjuntores-din-100a\/"]}]},{"@type":"ImageObject","inLanguage":"pt-BR","@id":"https:\/\/universoeletrico.com.br\/eletrico\/produto\/kit-barramento-trifasico-para-28-disjuntores-din-100a\/#primaryimage","url":"https:\/\/universoeletrico.com.br\/eletrico\/wp-content\/uploads\/2026\/02\/Kit-com-barramento-Trifasico-para-16-Disjuntores-Din-100A-8010-GOMES161411385116132814-1.webp","contentUrl":"https:\/\/universoeletrico.com.br\/eletrico\/wp-content\/uploads\/2026\/02\/Kit-com-barramento-Trifasico-para-16-Disjuntores-Din-100A-8010-GOMES161411385116132814-1.webp","width":1000,"height":1000},{"@type":"BreadcrumbList","@id":"https:\/\/universoeletrico.com.br\/eletrico\/produto\/kit-barramento-trifasico-para-28-disjuntores-din-100a\/#breadcrumb","itemListElement":[{"@type":"ListItem","position":1,"name":"In\u00edcio","item":"https:\/\/universoeletrico.com.br\/eletrico\/"},{"@type":"ListItem","position":2,"name":"Produtos","item":"https:\/\/universoeletrico.com.br\/eletrico\/produtos\/"},{"@type":"ListItem","position":3,"name":"KIT BARRAMENTO TRIF\u00c1SICO PARA 28 DISJUNTORES DIN 100A"}]},{"@type":"WebSite","@id":"https:\/\/universoeletrico.com.br\/eletrico\/#website","url":"https:\/\/universoeletrico.com.br\/eletrico\/","name":"Universo El\u00e9trico","description":"","potentialAction":[{"@type":"SearchAction","target":{"@type":"EntryPoint","urlTemplate":"https:\/\/universoeletrico.com.br\/eletrico\/?s={search_term_string}"},"query-input":{"@type":"PropertyValueSpecification","valueRequired":true,"valueName":"search_term_string"}}],"inLanguage":"pt-BR"}]}},"_links":{"self":[{"href":"https:\/\/universoeletrico.com.br\/eletrico\/wp-json\/wp\/v2\/product\/3369","targetHints":{"allow":["GET"]}}],"collection":[{"href":"https:\/\/universoeletrico.com.br\/eletrico\/wp-json\/wp\/v2\/product"}],"about":[{"href":"https:\/\/universoeletrico.com.br\/eletrico\/wp-json\/wp\/v2\/types\/product"}],"version-history":[{"count":4,"href":"https:\/\/universoeletrico.com.br\/eletrico\/wp-json\/wp\/v2\/product\/3369\/revisions"}],"predecessor-version":[{"id":3379,"href":"https:\/\/universoeletrico.com.br\/eletrico\/wp-json\/wp\/v2\/product\/3369\/revisions\/3379"}],"wp:featuredmedia":[{"embeddable":true,"href":"https:\/\/universoeletrico.com.br\/eletrico\/wp-json\/wp\/v2\/media\/3370"}],"wp:attachment":[{"href":"https:\/\/universoeletrico.com.br\/eletrico\/wp-json\/wp\/v2\/media?parent=3369"}],"wp:term":[{"taxonomy":"product_brand","embeddable":true,"href":"https:\/\/universoeletrico.com.br\/eletrico\/wp-json\/wp\/v2\/product_brand?post=3369"},{"taxonomy":"product_cat","embeddable":true,"href":"https:\/\/universoeletrico.com.br\/eletrico\/wp-json\/wp\/v2\/product_cat?post=3369"},{"taxonomy":"product_tag","embeddable":true,"href":"https:\/\/universoeletrico.com.br\/eletrico\/wp-json\/wp\/v2\/product_tag?post=3369"}],"curies":[{"name":"wp","href":"https:\/\/api.w.org\/{rel}","templated":true}]}}