{"id":3326,"date":"2026-02-24T16:20:00","date_gmt":"2026-02-24T19:20:00","guid":{"rendered":"https:\/\/universoeletrico.com.br\/eletrico\/?post_type=product&#038;p=3326"},"modified":"2026-02-24T16:36:07","modified_gmt":"2026-02-24T19:36:07","slug":"quadro-embutir-chapa-sem-barramento-100a-p-28-disj-din","status":"publish","type":"product","link":"https:\/\/universoeletrico.com.br\/eletrico\/produto\/quadro-embutir-chapa-sem-barramento-100a-p-28-disj-din\/","title":{"rendered":"QUADRO EMBUTIR CHAPA SEM BARRAMENTO 100A P\/28 DISJ DIN"},"content":{"rendered":"<p>Quadros de embutir em chapa met\u00e1lica s\u00e3o solu\u00e7\u00f5es robustas e profissionais para a prote\u00e7\u00e3o e distribui\u00e7\u00e3o de circuitos el\u00e9tricos, sendo ideais para instala\u00e7\u00f5es de m\u00e9dio e grande porte, como edif\u00edcios comerciais, industriais ou resid\u00eancias de alto padr\u00e3o. Diferente dos modelos de pl\u00e1stico, eles oferecem maior resist\u00eancia mec\u00e2nica e durabilidade.<\/p>\n<p>Segue abaixo algumas op\u00e7\u00f5es em estoque:<\/p>\n<p>cod: 154013 QUADRO EMB CH S\/BARR. 100A P\/16 DISJ DIN<\/p>\n<p>cod: 154015 QUADRO EMB CH S\/BARR. 100A P\/34 DISJ DIN<\/p>\n<p>cod: 154016 QUADRO EMB CH S\/BARR. 100A P\/44 DISJ DIN<\/p>\n<p>cod: 154008 QUADRO EMB CH C\/BARR.T150A P\/24 DISJ DIN<\/p>\n<p>cod: 154009 QUADRO EMB CH C\/BARR.T150A P\/34 DISJ DIN<\/p>\n<p>cod: 154010 QUADRO EMB CH C\/BARR.T150A P\/44 DISJ DIN<\/p>\n<p>cod: 154011 QUADRO EMB CH C\/BARR.T150A P\/56 DISJ DIN<\/p>\n<p>cod: 154012 QUADRO EMB CH C\/BARR.T150A P\/70 DISJ DIN<\/p>\n<p>Para Pre\u00e7os, Or\u00e7amentos e D\u00favidas, fale com nossos especialistas.<\/p>\n","protected":false},"excerpt":{"rendered":"<p>Quadros de embutir em chapa met\u00e1lica s\u00e3o solu\u00e7\u00f5es robustas e profissionais para a prote\u00e7\u00e3o e distribui\u00e7\u00e3o de circuitos el\u00e9tricos, sendo ideais para instala\u00e7\u00f5es de m\u00e9dio e grande porte, como edif\u00edcios comerciais, industriais ou resid\u00eancias de alto padr\u00e3o. Diferente dos modelos de pl\u00e1stico, eles oferecem maior resist\u00eancia mec\u00e2nica e durabilidade. Segue abaixo algumas op\u00e7\u00f5es em estoque: [&hellip;]<\/p>\n","protected":false},"featured_media":3327,"template":"","meta":[],"product_brand":[],"product_cat":[18,52],"product_tag":[179,155,256,258,257,254,253,259,252,126,133],"class_list":{"0":"post-3326","1":"product","2":"type-product","3":"status-publish","4":"has-post-thumbnail","6":"product_cat-material-eletrico","7":"product_cat-quadros-de-comando-e-disjuntores","8":"product_tag-acessorio-eletrico","9":"product_tag-aco","10":"product_tag-barramento-espinha-de-peixe","11":"product_tag-central-distribuicao","12":"product_tag-chapa","13":"product_tag-comando","14":"product_tag-disjuntor","15":"product_tag-distribuicao-de-circuitos-eletricos","16":"product_tag-embutir","17":"product_tag-galvanizado","18":"product_tag-material-eletrico","20":"first","21":"instock","22":"shipping-taxable","23":"purchasable","24":"product-type-simple"},"yoast_head":"<!-- This site is optimized with the Yoast SEO Premium plugin v26.1.1 (Yoast SEO v26.1.1) - https:\/\/yoast.com\/wordpress\/plugins\/seo\/ -->\n<title>QUADRO EMBUTIR CHAPA SEM BARRAMENTO 100A P\/28 DISJ DIN - Universo El\u00e9trico<\/title>\n<meta name=\"robots\" content=\"index, follow, max-snippet:-1, max-image-preview:large, max-video-preview:-1\" \/>\n<link rel=\"canonical\" href=\"https:\/\/universoeletrico.com.br\/eletrico\/produto\/quadro-embutir-chapa-sem-barramento-100a-p-28-disj-din\/\" \/>\n<meta property=\"og:locale\" content=\"pt_BR\" \/>\n<meta property=\"og:type\" content=\"article\" \/>\n<meta property=\"og:title\" content=\"QUADRO EMBUTIR CHAPA SEM BARRAMENTO 100A P\/28 DISJ DIN\" \/>\n<meta property=\"og:description\" content=\"Quadros de embutir em chapa met\u00e1lica s\u00e3o solu\u00e7\u00f5es robustas e profissionais para a prote\u00e7\u00e3o e distribui\u00e7\u00e3o de circuitos el\u00e9tricos, sendo ideais para instala\u00e7\u00f5es de m\u00e9dio e grande porte, como edif\u00edcios comerciais, industriais ou resid\u00eancias de alto padr\u00e3o. Diferente dos modelos de pl\u00e1stico, eles oferecem maior resist\u00eancia mec\u00e2nica e durabilidade. Segue abaixo algumas op\u00e7\u00f5es em estoque: [&hellip;]\" \/>\n<meta property=\"og:url\" content=\"https:\/\/universoeletrico.com.br\/eletrico\/produto\/quadro-embutir-chapa-sem-barramento-100a-p-28-disj-din\/\" \/>\n<meta property=\"og:site_name\" content=\"Universo El\u00e9trico\" \/>\n<meta property=\"article:modified_time\" content=\"2026-02-24T19:36:07+00:00\" \/>\n<meta property=\"og:image\" content=\"https:\/\/universoeletrico.com.br\/eletrico\/wp-content\/uploads\/2026\/02\/quadro_de_distribuicao_28_din_sem_barramento_g_luna_8823_1_51e27fef49e28e2a73d21b1651e32180.webp\" \/>\n\t<meta property=\"og:image:width\" content=\"1000\" \/>\n\t<meta property=\"og:image:height\" content=\"1000\" \/>\n\t<meta property=\"og:image:type\" content=\"image\/webp\" \/>\n<meta name=\"twitter:card\" content=\"summary_large_image\" \/>\n<meta name=\"twitter:label1\" content=\"Est. tempo de leitura\" \/>\n\t<meta name=\"twitter:data1\" content=\"1 minuto\" \/>\n<script type=\"application\/ld+json\" class=\"yoast-schema-graph\">{\"@context\":\"https:\/\/schema.org\",\"@graph\":[{\"@type\":\"WebPage\",\"@id\":\"https:\/\/universoeletrico.com.br\/eletrico\/produto\/quadro-embutir-chapa-sem-barramento-100a-p-28-disj-din\/\",\"url\":\"https:\/\/universoeletrico.com.br\/eletrico\/produto\/quadro-embutir-chapa-sem-barramento-100a-p-28-disj-din\/\",\"name\":\"QUADRO EMBUTIR CHAPA SEM BARRAMENTO 100A P\/28 DISJ DIN - Universo El\u00e9trico\",\"isPartOf\":{\"@id\":\"https:\/\/universoeletrico.com.br\/eletrico\/#website\"},\"primaryImageOfPage\":{\"@id\":\"https:\/\/universoeletrico.com.br\/eletrico\/produto\/quadro-embutir-chapa-sem-barramento-100a-p-28-disj-din\/#primaryimage\"},\"image\":{\"@id\":\"https:\/\/universoeletrico.com.br\/eletrico\/produto\/quadro-embutir-chapa-sem-barramento-100a-p-28-disj-din\/#primaryimage\"},\"thumbnailUrl\":\"https:\/\/universoeletrico.com.br\/eletrico\/wp-content\/uploads\/2026\/02\/quadro_de_distribuicao_28_din_sem_barramento_g_luna_8823_1_51e27fef49e28e2a73d21b1651e32180.webp\",\"datePublished\":\"2026-02-24T19:20:00+00:00\",\"dateModified\":\"2026-02-24T19:36:07+00:00\",\"breadcrumb\":{\"@id\":\"https:\/\/universoeletrico.com.br\/eletrico\/produto\/quadro-embutir-chapa-sem-barramento-100a-p-28-disj-din\/#breadcrumb\"},\"inLanguage\":\"pt-BR\",\"potentialAction\":[{\"@type\":\"ReadAction\",\"target\":[\"https:\/\/universoeletrico.com.br\/eletrico\/produto\/quadro-embutir-chapa-sem-barramento-100a-p-28-disj-din\/\"]}]},{\"@type\":\"ImageObject\",\"inLanguage\":\"pt-BR\",\"@id\":\"https:\/\/universoeletrico.com.br\/eletrico\/produto\/quadro-embutir-chapa-sem-barramento-100a-p-28-disj-din\/#primaryimage\",\"url\":\"https:\/\/universoeletrico.com.br\/eletrico\/wp-content\/uploads\/2026\/02\/quadro_de_distribuicao_28_din_sem_barramento_g_luna_8823_1_51e27fef49e28e2a73d21b1651e32180.webp\",\"contentUrl\":\"https:\/\/universoeletrico.com.br\/eletrico\/wp-content\/uploads\/2026\/02\/quadro_de_distribuicao_28_din_sem_barramento_g_luna_8823_1_51e27fef49e28e2a73d21b1651e32180.webp\",\"width\":1000,\"height\":1000},{\"@type\":\"BreadcrumbList\",\"@id\":\"https:\/\/universoeletrico.com.br\/eletrico\/produto\/quadro-embutir-chapa-sem-barramento-100a-p-28-disj-din\/#breadcrumb\",\"itemListElement\":[{\"@type\":\"ListItem\",\"position\":1,\"name\":\"In\u00edcio\",\"item\":\"https:\/\/universoeletrico.com.br\/eletrico\/\"},{\"@type\":\"ListItem\",\"position\":2,\"name\":\"Produtos\",\"item\":\"https:\/\/universoeletrico.com.br\/eletrico\/produtos\/\"},{\"@type\":\"ListItem\",\"position\":3,\"name\":\"QUADRO EMBUTIR CHAPA SEM BARRAMENTO 100A P\/28 DISJ DIN\"}]},{\"@type\":\"WebSite\",\"@id\":\"https:\/\/universoeletrico.com.br\/eletrico\/#website\",\"url\":\"https:\/\/universoeletrico.com.br\/eletrico\/\",\"name\":\"Universo El\u00e9trico\",\"description\":\"\",\"potentialAction\":[{\"@type\":\"SearchAction\",\"target\":{\"@type\":\"EntryPoint\",\"urlTemplate\":\"https:\/\/universoeletrico.com.br\/eletrico\/?s={search_term_string}\"},\"query-input\":{\"@type\":\"PropertyValueSpecification\",\"valueRequired\":true,\"valueName\":\"search_term_string\"}}],\"inLanguage\":\"pt-BR\"}]}<\/script>\n<!-- \/ Yoast SEO Premium plugin. -->","yoast_head_json":{"title":"QUADRO EMBUTIR CHAPA SEM BARRAMENTO 100A P\/28 DISJ DIN - Universo El\u00e9trico","robots":{"index":"index","follow":"follow","max-snippet":"max-snippet:-1","max-image-preview":"max-image-preview:large","max-video-preview":"max-video-preview:-1"},"canonical":"https:\/\/universoeletrico.com.br\/eletrico\/produto\/quadro-embutir-chapa-sem-barramento-100a-p-28-disj-din\/","og_locale":"pt_BR","og_type":"article","og_title":"QUADRO EMBUTIR CHAPA SEM BARRAMENTO 100A P\/28 DISJ DIN","og_description":"Quadros de embutir em chapa met\u00e1lica s\u00e3o solu\u00e7\u00f5es robustas e profissionais para a prote\u00e7\u00e3o e distribui\u00e7\u00e3o de circuitos el\u00e9tricos, sendo ideais para instala\u00e7\u00f5es de m\u00e9dio e grande porte, como edif\u00edcios comerciais, industriais ou resid\u00eancias de alto padr\u00e3o. Diferente dos modelos de pl\u00e1stico, eles oferecem maior resist\u00eancia mec\u00e2nica e durabilidade. Segue abaixo algumas op\u00e7\u00f5es em estoque: [&hellip;]","og_url":"https:\/\/universoeletrico.com.br\/eletrico\/produto\/quadro-embutir-chapa-sem-barramento-100a-p-28-disj-din\/","og_site_name":"Universo El\u00e9trico","article_modified_time":"2026-02-24T19:36:07+00:00","og_image":[{"width":1000,"height":1000,"url":"https:\/\/universoeletrico.com.br\/eletrico\/wp-content\/uploads\/2026\/02\/quadro_de_distribuicao_28_din_sem_barramento_g_luna_8823_1_51e27fef49e28e2a73d21b1651e32180.webp","type":"image\/webp"}],"twitter_card":"summary_large_image","twitter_misc":{"Est. tempo de leitura":"1 minuto"},"schema":{"@context":"https:\/\/schema.org","@graph":[{"@type":"WebPage","@id":"https:\/\/universoeletrico.com.br\/eletrico\/produto\/quadro-embutir-chapa-sem-barramento-100a-p-28-disj-din\/","url":"https:\/\/universoeletrico.com.br\/eletrico\/produto\/quadro-embutir-chapa-sem-barramento-100a-p-28-disj-din\/","name":"QUADRO EMBUTIR CHAPA SEM BARRAMENTO 100A P\/28 DISJ DIN - Universo El\u00e9trico","isPartOf":{"@id":"https:\/\/universoeletrico.com.br\/eletrico\/#website"},"primaryImageOfPage":{"@id":"https:\/\/universoeletrico.com.br\/eletrico\/produto\/quadro-embutir-chapa-sem-barramento-100a-p-28-disj-din\/#primaryimage"},"image":{"@id":"https:\/\/universoeletrico.com.br\/eletrico\/produto\/quadro-embutir-chapa-sem-barramento-100a-p-28-disj-din\/#primaryimage"},"thumbnailUrl":"https:\/\/universoeletrico.com.br\/eletrico\/wp-content\/uploads\/2026\/02\/quadro_de_distribuicao_28_din_sem_barramento_g_luna_8823_1_51e27fef49e28e2a73d21b1651e32180.webp","datePublished":"2026-02-24T19:20:00+00:00","dateModified":"2026-02-24T19:36:07+00:00","breadcrumb":{"@id":"https:\/\/universoeletrico.com.br\/eletrico\/produto\/quadro-embutir-chapa-sem-barramento-100a-p-28-disj-din\/#breadcrumb"},"inLanguage":"pt-BR","potentialAction":[{"@type":"ReadAction","target":["https:\/\/universoeletrico.com.br\/eletrico\/produto\/quadro-embutir-chapa-sem-barramento-100a-p-28-disj-din\/"]}]},{"@type":"ImageObject","inLanguage":"pt-BR","@id":"https:\/\/universoeletrico.com.br\/eletrico\/produto\/quadro-embutir-chapa-sem-barramento-100a-p-28-disj-din\/#primaryimage","url":"https:\/\/universoeletrico.com.br\/eletrico\/wp-content\/uploads\/2026\/02\/quadro_de_distribuicao_28_din_sem_barramento_g_luna_8823_1_51e27fef49e28e2a73d21b1651e32180.webp","contentUrl":"https:\/\/universoeletrico.com.br\/eletrico\/wp-content\/uploads\/2026\/02\/quadro_de_distribuicao_28_din_sem_barramento_g_luna_8823_1_51e27fef49e28e2a73d21b1651e32180.webp","width":1000,"height":1000},{"@type":"BreadcrumbList","@id":"https:\/\/universoeletrico.com.br\/eletrico\/produto\/quadro-embutir-chapa-sem-barramento-100a-p-28-disj-din\/#breadcrumb","itemListElement":[{"@type":"ListItem","position":1,"name":"In\u00edcio","item":"https:\/\/universoeletrico.com.br\/eletrico\/"},{"@type":"ListItem","position":2,"name":"Produtos","item":"https:\/\/universoeletrico.com.br\/eletrico\/produtos\/"},{"@type":"ListItem","position":3,"name":"QUADRO EMBUTIR CHAPA SEM BARRAMENTO 100A P\/28 DISJ DIN"}]},{"@type":"WebSite","@id":"https:\/\/universoeletrico.com.br\/eletrico\/#website","url":"https:\/\/universoeletrico.com.br\/eletrico\/","name":"Universo El\u00e9trico","description":"","potentialAction":[{"@type":"SearchAction","target":{"@type":"EntryPoint","urlTemplate":"https:\/\/universoeletrico.com.br\/eletrico\/?s={search_term_string}"},"query-input":{"@type":"PropertyValueSpecification","valueRequired":true,"valueName":"search_term_string"}}],"inLanguage":"pt-BR"}]}},"_links":{"self":[{"href":"https:\/\/universoeletrico.com.br\/eletrico\/wp-json\/wp\/v2\/product\/3326","targetHints":{"allow":["GET"]}}],"collection":[{"href":"https:\/\/universoeletrico.com.br\/eletrico\/wp-json\/wp\/v2\/product"}],"about":[{"href":"https:\/\/universoeletrico.com.br\/eletrico\/wp-json\/wp\/v2\/types\/product"}],"version-history":[{"count":6,"href":"https:\/\/universoeletrico.com.br\/eletrico\/wp-json\/wp\/v2\/product\/3326\/revisions"}],"predecessor-version":[{"id":3333,"href":"https:\/\/universoeletrico.com.br\/eletrico\/wp-json\/wp\/v2\/product\/3326\/revisions\/3333"}],"wp:featuredmedia":[{"embeddable":true,"href":"https:\/\/universoeletrico.com.br\/eletrico\/wp-json\/wp\/v2\/media\/3327"}],"wp:attachment":[{"href":"https:\/\/universoeletrico.com.br\/eletrico\/wp-json\/wp\/v2\/media?parent=3326"}],"wp:term":[{"taxonomy":"product_brand","embeddable":true,"href":"https:\/\/universoeletrico.com.br\/eletrico\/wp-json\/wp\/v2\/product_brand?post=3326"},{"taxonomy":"product_cat","embeddable":true,"href":"https:\/\/universoeletrico.com.br\/eletrico\/wp-json\/wp\/v2\/product_cat?post=3326"},{"taxonomy":"product_tag","embeddable":true,"href":"https:\/\/universoeletrico.com.br\/eletrico\/wp-json\/wp\/v2\/product_tag?post=3326"}],"curies":[{"name":"wp","href":"https:\/\/api.w.org\/{rel}","templated":true}]}}