{"id":3315,"date":"2026-02-24T15:19:46","date_gmt":"2026-02-24T18:19:46","guid":{"rendered":"https:\/\/universoeletrico.com.br\/eletrico\/?post_type=product&#038;p=3315"},"modified":"2026-02-24T16:37:30","modified_gmt":"2026-02-24T19:37:30","slug":"quadro-sobrepor-chapa-com-barramento-150a-p-44-disj-din","status":"publish","type":"product","link":"https:\/\/universoeletrico.com.br\/eletrico\/produto\/quadro-sobrepor-chapa-com-barramento-150a-p-44-disj-din\/","title":{"rendered":"QUADRO SOBREPOR CHAPA COM BARRAMENTO 150A P\/44 DISJ DIN"},"content":{"rendered":"<p>Quadro de sobrepor em chapa com barramento \u00e9 uma solu\u00e7\u00e3o met\u00e1lica robusta (frequentemente a\u00e7o galvanizado) destinada \u00e0 distribui\u00e7\u00e3o de energia, organizada com barramentos bif\u00e1sicos ou trif\u00e1sicos (geralmente tipo espinha de peixe) para conex\u00e3o de disjuntores DIN. Essencial para instala\u00e7\u00f5es residenciais, comerciais e industriais, garante prote\u00e7\u00e3o contra sobrecargas, curto-circuitos e choques, com prote\u00e7\u00e3o IP40 ou superior.<\/p>\n<p>Segue abaixo algumas op\u00e7\u00f5es em estoque:<\/p>\n<p>cod: 154022 QUADRO SOB CH S\/BARR. 100A P\/16 DISJ DIN<\/p>\n<p>cod: 154023 QUADRO SOB CH S\/BARR. 100A P\/28 DISJ DIN<\/p>\n<p>cod: 154024 QUADRO SOB CH S\/BARR. 100A P\/34 DISJ DIN<\/p>\n<p>cod: 154025 QUADRO SOB CH S\/BARR. 100A P\/44 DISJ DIN<\/p>\n<p>cod: 154017 QUADRO SOB CH C\/BARR.T150A P\/24 DISJ DIN<\/p>\n<p>cod: 154018 QUADRO SOB CH C\/BARR.T150A P\/34 DISJ DIN<\/p>\n<p>cod: 154020 QUADRO SOB CH C\/BARR.T150A P\/56 DISJ DIN<\/p>\n<p>cod: 154021QUADRO SOB CH C\/BARR.T150A P\/70 DISJ DIN<\/p>\n<p>Para Pre\u00e7os, Or\u00e7amentos e D\u00favidas, fale com nossos especialistas.<\/p>\n","protected":false},"excerpt":{"rendered":"<p>Quadro de sobrepor em chapa com barramento \u00e9 uma solu\u00e7\u00e3o met\u00e1lica robusta (frequentemente a\u00e7o galvanizado) destinada \u00e0 distribui\u00e7\u00e3o de energia, organizada com barramentos bif\u00e1sicos ou trif\u00e1sicos (geralmente tipo espinha de peixe) para conex\u00e3o de disjuntores DIN. Essencial para instala\u00e7\u00f5es residenciais, comerciais e industriais, garante prote\u00e7\u00e3o contra sobrecargas, curto-circuitos e choques, com prote\u00e7\u00e3o IP40 ou superior. [&hellip;]<\/p>\n","protected":false},"featured_media":3321,"template":"","meta":[],"product_brand":[],"product_cat":[18,52],"product_tag":[179,155,256,258,257,254,253,126,133,255],"class_list":{"0":"post-3315","1":"product","2":"type-product","3":"status-publish","4":"has-post-thumbnail","6":"product_cat-material-eletrico","7":"product_cat-quadros-de-comando-e-disjuntores","8":"product_tag-acessorio-eletrico","9":"product_tag-aco","10":"product_tag-barramento-espinha-de-peixe","11":"product_tag-central-distribuicao","12":"product_tag-chapa","13":"product_tag-comando","14":"product_tag-disjuntor","15":"product_tag-galvanizado","16":"product_tag-material-eletrico","17":"product_tag-sobrepor","19":"first","20":"instock","21":"shipping-taxable","22":"purchasable","23":"product-type-simple"},"yoast_head":"<!-- This site is optimized with the Yoast SEO Premium plugin v26.1.1 (Yoast SEO v26.1.1) - https:\/\/yoast.com\/wordpress\/plugins\/seo\/ -->\n<title>QUADRO SOBREPOR CHAPA COM BARRAMENTO 150A P\/44 DISJ DIN - Universo El\u00e9trico<\/title>\n<meta name=\"robots\" content=\"index, follow, max-snippet:-1, max-image-preview:large, max-video-preview:-1\" \/>\n<link rel=\"canonical\" href=\"https:\/\/universoeletrico.com.br\/eletrico\/produto\/quadro-sobrepor-chapa-com-barramento-150a-p-44-disj-din\/\" \/>\n<meta property=\"og:locale\" content=\"pt_BR\" \/>\n<meta property=\"og:type\" content=\"article\" \/>\n<meta property=\"og:title\" content=\"QUADRO SOBREPOR CHAPA COM BARRAMENTO 150A P\/44 DISJ DIN\" \/>\n<meta property=\"og:description\" content=\"Quadro de sobrepor em chapa com barramento \u00e9 uma solu\u00e7\u00e3o met\u00e1lica robusta (frequentemente a\u00e7o galvanizado) destinada \u00e0 distribui\u00e7\u00e3o de energia, organizada com barramentos bif\u00e1sicos ou trif\u00e1sicos (geralmente tipo espinha de peixe) para conex\u00e3o de disjuntores DIN. Essencial para instala\u00e7\u00f5es residenciais, comerciais e industriais, garante prote\u00e7\u00e3o contra sobrecargas, curto-circuitos e choques, com prote\u00e7\u00e3o IP40 ou superior. [&hellip;]\" \/>\n<meta property=\"og:url\" content=\"https:\/\/universoeletrico.com.br\/eletrico\/produto\/quadro-sobrepor-chapa-com-barramento-150a-p-44-disj-din\/\" \/>\n<meta property=\"og:site_name\" content=\"Universo El\u00e9trico\" \/>\n<meta property=\"article:modified_time\" content=\"2026-02-24T19:37:30+00:00\" \/>\n<meta property=\"og:image\" content=\"https:\/\/universoeletrico.com.br\/eletrico\/wp-content\/uploads\/2026\/02\/quadro-de-distribuicao-em-chapa-metalica-p-44-disj-din-c-barram-150a-sobrepor_1_1000.webp\" \/>\n\t<meta property=\"og:image:width\" content=\"1000\" \/>\n\t<meta property=\"og:image:height\" content=\"1000\" \/>\n\t<meta property=\"og:image:type\" content=\"image\/webp\" \/>\n<meta name=\"twitter:card\" content=\"summary_large_image\" \/>\n<meta name=\"twitter:label1\" content=\"Est. tempo de leitura\" \/>\n\t<meta name=\"twitter:data1\" content=\"2 minutos\" \/>\n<script type=\"application\/ld+json\" class=\"yoast-schema-graph\">{\"@context\":\"https:\/\/schema.org\",\"@graph\":[{\"@type\":\"WebPage\",\"@id\":\"https:\/\/universoeletrico.com.br\/eletrico\/produto\/quadro-sobrepor-chapa-com-barramento-150a-p-44-disj-din\/\",\"url\":\"https:\/\/universoeletrico.com.br\/eletrico\/produto\/quadro-sobrepor-chapa-com-barramento-150a-p-44-disj-din\/\",\"name\":\"QUADRO SOBREPOR CHAPA COM BARRAMENTO 150A P\/44 DISJ DIN - Universo El\u00e9trico\",\"isPartOf\":{\"@id\":\"https:\/\/universoeletrico.com.br\/eletrico\/#website\"},\"primaryImageOfPage\":{\"@id\":\"https:\/\/universoeletrico.com.br\/eletrico\/produto\/quadro-sobrepor-chapa-com-barramento-150a-p-44-disj-din\/#primaryimage\"},\"image\":{\"@id\":\"https:\/\/universoeletrico.com.br\/eletrico\/produto\/quadro-sobrepor-chapa-com-barramento-150a-p-44-disj-din\/#primaryimage\"},\"thumbnailUrl\":\"https:\/\/universoeletrico.com.br\/eletrico\/wp-content\/uploads\/2026\/02\/quadro-de-distribuicao-em-chapa-metalica-p-44-disj-din-c-barram-150a-sobrepor_1_1000.webp\",\"datePublished\":\"2026-02-24T18:19:46+00:00\",\"dateModified\":\"2026-02-24T19:37:30+00:00\",\"breadcrumb\":{\"@id\":\"https:\/\/universoeletrico.com.br\/eletrico\/produto\/quadro-sobrepor-chapa-com-barramento-150a-p-44-disj-din\/#breadcrumb\"},\"inLanguage\":\"pt-BR\",\"potentialAction\":[{\"@type\":\"ReadAction\",\"target\":[\"https:\/\/universoeletrico.com.br\/eletrico\/produto\/quadro-sobrepor-chapa-com-barramento-150a-p-44-disj-din\/\"]}]},{\"@type\":\"ImageObject\",\"inLanguage\":\"pt-BR\",\"@id\":\"https:\/\/universoeletrico.com.br\/eletrico\/produto\/quadro-sobrepor-chapa-com-barramento-150a-p-44-disj-din\/#primaryimage\",\"url\":\"https:\/\/universoeletrico.com.br\/eletrico\/wp-content\/uploads\/2026\/02\/quadro-de-distribuicao-em-chapa-metalica-p-44-disj-din-c-barram-150a-sobrepor_1_1000.webp\",\"contentUrl\":\"https:\/\/universoeletrico.com.br\/eletrico\/wp-content\/uploads\/2026\/02\/quadro-de-distribuicao-em-chapa-metalica-p-44-disj-din-c-barram-150a-sobrepor_1_1000.webp\",\"width\":1000,\"height\":1000},{\"@type\":\"BreadcrumbList\",\"@id\":\"https:\/\/universoeletrico.com.br\/eletrico\/produto\/quadro-sobrepor-chapa-com-barramento-150a-p-44-disj-din\/#breadcrumb\",\"itemListElement\":[{\"@type\":\"ListItem\",\"position\":1,\"name\":\"In\u00edcio\",\"item\":\"https:\/\/universoeletrico.com.br\/eletrico\/\"},{\"@type\":\"ListItem\",\"position\":2,\"name\":\"Produtos\",\"item\":\"https:\/\/universoeletrico.com.br\/eletrico\/produtos\/\"},{\"@type\":\"ListItem\",\"position\":3,\"name\":\"QUADRO SOBREPOR CHAPA COM BARRAMENTO 150A P\/44 DISJ DIN\"}]},{\"@type\":\"WebSite\",\"@id\":\"https:\/\/universoeletrico.com.br\/eletrico\/#website\",\"url\":\"https:\/\/universoeletrico.com.br\/eletrico\/\",\"name\":\"Universo El\u00e9trico\",\"description\":\"\",\"potentialAction\":[{\"@type\":\"SearchAction\",\"target\":{\"@type\":\"EntryPoint\",\"urlTemplate\":\"https:\/\/universoeletrico.com.br\/eletrico\/?s={search_term_string}\"},\"query-input\":{\"@type\":\"PropertyValueSpecification\",\"valueRequired\":true,\"valueName\":\"search_term_string\"}}],\"inLanguage\":\"pt-BR\"}]}<\/script>\n<!-- \/ Yoast SEO Premium plugin. -->","yoast_head_json":{"title":"QUADRO SOBREPOR CHAPA COM BARRAMENTO 150A P\/44 DISJ DIN - Universo El\u00e9trico","robots":{"index":"index","follow":"follow","max-snippet":"max-snippet:-1","max-image-preview":"max-image-preview:large","max-video-preview":"max-video-preview:-1"},"canonical":"https:\/\/universoeletrico.com.br\/eletrico\/produto\/quadro-sobrepor-chapa-com-barramento-150a-p-44-disj-din\/","og_locale":"pt_BR","og_type":"article","og_title":"QUADRO SOBREPOR CHAPA COM BARRAMENTO 150A P\/44 DISJ DIN","og_description":"Quadro de sobrepor em chapa com barramento \u00e9 uma solu\u00e7\u00e3o met\u00e1lica robusta (frequentemente a\u00e7o galvanizado) destinada \u00e0 distribui\u00e7\u00e3o de energia, organizada com barramentos bif\u00e1sicos ou trif\u00e1sicos (geralmente tipo espinha de peixe) para conex\u00e3o de disjuntores DIN. Essencial para instala\u00e7\u00f5es residenciais, comerciais e industriais, garante prote\u00e7\u00e3o contra sobrecargas, curto-circuitos e choques, com prote\u00e7\u00e3o IP40 ou superior. [&hellip;]","og_url":"https:\/\/universoeletrico.com.br\/eletrico\/produto\/quadro-sobrepor-chapa-com-barramento-150a-p-44-disj-din\/","og_site_name":"Universo El\u00e9trico","article_modified_time":"2026-02-24T19:37:30+00:00","og_image":[{"width":1000,"height":1000,"url":"https:\/\/universoeletrico.com.br\/eletrico\/wp-content\/uploads\/2026\/02\/quadro-de-distribuicao-em-chapa-metalica-p-44-disj-din-c-barram-150a-sobrepor_1_1000.webp","type":"image\/webp"}],"twitter_card":"summary_large_image","twitter_misc":{"Est. tempo de leitura":"2 minutos"},"schema":{"@context":"https:\/\/schema.org","@graph":[{"@type":"WebPage","@id":"https:\/\/universoeletrico.com.br\/eletrico\/produto\/quadro-sobrepor-chapa-com-barramento-150a-p-44-disj-din\/","url":"https:\/\/universoeletrico.com.br\/eletrico\/produto\/quadro-sobrepor-chapa-com-barramento-150a-p-44-disj-din\/","name":"QUADRO SOBREPOR CHAPA COM BARRAMENTO 150A P\/44 DISJ DIN - Universo El\u00e9trico","isPartOf":{"@id":"https:\/\/universoeletrico.com.br\/eletrico\/#website"},"primaryImageOfPage":{"@id":"https:\/\/universoeletrico.com.br\/eletrico\/produto\/quadro-sobrepor-chapa-com-barramento-150a-p-44-disj-din\/#primaryimage"},"image":{"@id":"https:\/\/universoeletrico.com.br\/eletrico\/produto\/quadro-sobrepor-chapa-com-barramento-150a-p-44-disj-din\/#primaryimage"},"thumbnailUrl":"https:\/\/universoeletrico.com.br\/eletrico\/wp-content\/uploads\/2026\/02\/quadro-de-distribuicao-em-chapa-metalica-p-44-disj-din-c-barram-150a-sobrepor_1_1000.webp","datePublished":"2026-02-24T18:19:46+00:00","dateModified":"2026-02-24T19:37:30+00:00","breadcrumb":{"@id":"https:\/\/universoeletrico.com.br\/eletrico\/produto\/quadro-sobrepor-chapa-com-barramento-150a-p-44-disj-din\/#breadcrumb"},"inLanguage":"pt-BR","potentialAction":[{"@type":"ReadAction","target":["https:\/\/universoeletrico.com.br\/eletrico\/produto\/quadro-sobrepor-chapa-com-barramento-150a-p-44-disj-din\/"]}]},{"@type":"ImageObject","inLanguage":"pt-BR","@id":"https:\/\/universoeletrico.com.br\/eletrico\/produto\/quadro-sobrepor-chapa-com-barramento-150a-p-44-disj-din\/#primaryimage","url":"https:\/\/universoeletrico.com.br\/eletrico\/wp-content\/uploads\/2026\/02\/quadro-de-distribuicao-em-chapa-metalica-p-44-disj-din-c-barram-150a-sobrepor_1_1000.webp","contentUrl":"https:\/\/universoeletrico.com.br\/eletrico\/wp-content\/uploads\/2026\/02\/quadro-de-distribuicao-em-chapa-metalica-p-44-disj-din-c-barram-150a-sobrepor_1_1000.webp","width":1000,"height":1000},{"@type":"BreadcrumbList","@id":"https:\/\/universoeletrico.com.br\/eletrico\/produto\/quadro-sobrepor-chapa-com-barramento-150a-p-44-disj-din\/#breadcrumb","itemListElement":[{"@type":"ListItem","position":1,"name":"In\u00edcio","item":"https:\/\/universoeletrico.com.br\/eletrico\/"},{"@type":"ListItem","position":2,"name":"Produtos","item":"https:\/\/universoeletrico.com.br\/eletrico\/produtos\/"},{"@type":"ListItem","position":3,"name":"QUADRO SOBREPOR CHAPA COM BARRAMENTO 150A P\/44 DISJ DIN"}]},{"@type":"WebSite","@id":"https:\/\/universoeletrico.com.br\/eletrico\/#website","url":"https:\/\/universoeletrico.com.br\/eletrico\/","name":"Universo El\u00e9trico","description":"","potentialAction":[{"@type":"SearchAction","target":{"@type":"EntryPoint","urlTemplate":"https:\/\/universoeletrico.com.br\/eletrico\/?s={search_term_string}"},"query-input":{"@type":"PropertyValueSpecification","valueRequired":true,"valueName":"search_term_string"}}],"inLanguage":"pt-BR"}]}},"_links":{"self":[{"href":"https:\/\/universoeletrico.com.br\/eletrico\/wp-json\/wp\/v2\/product\/3315","targetHints":{"allow":["GET"]}}],"collection":[{"href":"https:\/\/universoeletrico.com.br\/eletrico\/wp-json\/wp\/v2\/product"}],"about":[{"href":"https:\/\/universoeletrico.com.br\/eletrico\/wp-json\/wp\/v2\/types\/product"}],"version-history":[{"count":5,"href":"https:\/\/universoeletrico.com.br\/eletrico\/wp-json\/wp\/v2\/product\/3315\/revisions"}],"predecessor-version":[{"id":3334,"href":"https:\/\/universoeletrico.com.br\/eletrico\/wp-json\/wp\/v2\/product\/3315\/revisions\/3334"}],"wp:featuredmedia":[{"embeddable":true,"href":"https:\/\/universoeletrico.com.br\/eletrico\/wp-json\/wp\/v2\/media\/3321"}],"wp:attachment":[{"href":"https:\/\/universoeletrico.com.br\/eletrico\/wp-json\/wp\/v2\/media?parent=3315"}],"wp:term":[{"taxonomy":"product_brand","embeddable":true,"href":"https:\/\/universoeletrico.com.br\/eletrico\/wp-json\/wp\/v2\/product_brand?post=3315"},{"taxonomy":"product_cat","embeddable":true,"href":"https:\/\/universoeletrico.com.br\/eletrico\/wp-json\/wp\/v2\/product_cat?post=3315"},{"taxonomy":"product_tag","embeddable":true,"href":"https:\/\/universoeletrico.com.br\/eletrico\/wp-json\/wp\/v2\/product_tag?post=3315"}],"curies":[{"name":"wp","href":"https:\/\/api.w.org\/{rel}","templated":true}]}}