{"id":3300,"date":"2026-02-24T11:12:22","date_gmt":"2026-02-24T14:12:22","guid":{"rendered":"https:\/\/universoeletrico.com.br\/eletrico\/?post_type=product&#038;p=3300"},"modified":"2026-02-24T12:19:32","modified_gmt":"2026-02-24T15:19:32","slug":"quadro-de-sobrepor-em-pvc-para-12-disjuntores","status":"publish","type":"product","link":"https:\/\/universoeletrico.com.br\/eletrico\/produto\/quadro-de-sobrepor-em-pvc-para-12-disjuntores\/","title":{"rendered":"QUADRO DE SOBREPOR EM PVC PARA 12 DISJUNTORES"},"content":{"rendered":"<p>Quadro de sobrepor em PVC \u00e9 um componente el\u00e9trico projetado para centralizar a distribui\u00e7\u00e3o de circuitos, sendo instalado diretamente sobre a superf\u00edcie da parede (sem necessidade de quebra). Fabricados em material antichamas, esses quadros acomodam disjuntores (padr\u00e3o DIN ou NEMA) e outros dispositivos de prote\u00e7\u00e3o, eles est\u00e3o dispon\u00edveis em estoque modelos de 2 at\u00e9 48 disjuntores ou m\u00f3dulos.<\/p>\n<p>Segue abaixo algumas op\u00e7\u00f5es em estoque:<\/p>\n<p>cod: 29219 QUADRO SOBREPOR PVC P\/ 4 DIN \/ 3UL<\/p>\n<p>cod: 29020 QUADRO SOBREPOR PVC P\/ 8 DIN \/ 3UL<\/p>\n<p>cod: 29022 QUADRO SOBREPOR EM PVC PARA 24 DIN<\/p>\n<p>cod: 29024 QUADRO SOBREPOR EM PVC PARA 36 DIN<\/p>\n<p>cod: 29025 QUADRO SOBREPOR EM PVC PARA 48 DIN<\/p>\n<p>Para Pre\u00e7os, Or\u00e7amentos e D\u00favidas, fale com nossos especialistas.<\/p>\n","protected":false},"excerpt":{"rendered":"<p>Quadro de sobrepor em PVC \u00e9 um componente el\u00e9trico projetado para centralizar a distribui\u00e7\u00e3o de circuitos, sendo instalado diretamente sobre a superf\u00edcie da parede (sem necessidade de quebra). Fabricados em material antichamas, esses quadros acomodam disjuntores (padr\u00e3o DIN ou NEMA) e outros dispositivos de prote\u00e7\u00e3o, eles est\u00e3o dispon\u00edveis em estoque modelos de 2 at\u00e9 48 [&hellip;]<\/p>\n","protected":false},"featured_media":3302,"template":"","meta":[],"product_brand":[],"product_cat":[18,52],"product_tag":[179,254,253,133,203,255],"class_list":{"0":"post-3300","1":"product","2":"type-product","3":"status-publish","4":"has-post-thumbnail","6":"product_cat-material-eletrico","7":"product_cat-quadros-de-comando-e-disjuntores","8":"product_tag-acessorio-eletrico","9":"product_tag-comando","10":"product_tag-disjuntor","11":"product_tag-material-eletrico","12":"product_tag-pvc","13":"product_tag-sobrepor","15":"first","16":"instock","17":"shipping-taxable","18":"purchasable","19":"product-type-simple"},"yoast_head":"<!-- This site is optimized with the Yoast SEO Premium plugin v26.1.1 (Yoast SEO v26.1.1) - https:\/\/yoast.com\/wordpress\/plugins\/seo\/ -->\n<title>QUADRO DE SOBREPOR EM PVC PARA 12 DISJUNTORES - Universo El\u00e9trico<\/title>\n<meta name=\"robots\" content=\"index, follow, max-snippet:-1, max-image-preview:large, max-video-preview:-1\" \/>\n<link rel=\"canonical\" href=\"https:\/\/universoeletrico.com.br\/eletrico\/produto\/quadro-de-sobrepor-em-pvc-para-12-disjuntores\/\" \/>\n<meta property=\"og:locale\" content=\"pt_BR\" \/>\n<meta property=\"og:type\" content=\"article\" \/>\n<meta property=\"og:title\" content=\"QUADRO DE SOBREPOR EM PVC PARA 12 DISJUNTORES\" \/>\n<meta property=\"og:description\" content=\"Quadro de sobrepor em PVC \u00e9 um componente el\u00e9trico projetado para centralizar a distribui\u00e7\u00e3o de circuitos, sendo instalado diretamente sobre a superf\u00edcie da parede (sem necessidade de quebra). Fabricados em material antichamas, esses quadros acomodam disjuntores (padr\u00e3o DIN ou NEMA) e outros dispositivos de prote\u00e7\u00e3o, eles est\u00e3o dispon\u00edveis em estoque modelos de 2 at\u00e9 48 [&hellip;]\" \/>\n<meta property=\"og:url\" content=\"https:\/\/universoeletrico.com.br\/eletrico\/produto\/quadro-de-sobrepor-em-pvc-para-12-disjuntores\/\" \/>\n<meta property=\"og:site_name\" content=\"Universo El\u00e9trico\" \/>\n<meta property=\"article:modified_time\" content=\"2026-02-24T15:19:32+00:00\" \/>\n<meta property=\"og:image\" content=\"https:\/\/universoeletrico.com.br\/eletrico\/wp-content\/uploads\/2026\/02\/caixa_de_distribuicao_de__sobrepor_12_16_disjuntores_pvc_branca_tigre_87527923_0001_600x600.webp\" \/>\n\t<meta property=\"og:image:width\" content=\"600\" \/>\n\t<meta property=\"og:image:height\" content=\"600\" \/>\n\t<meta property=\"og:image:type\" content=\"image\/webp\" \/>\n<meta name=\"twitter:card\" content=\"summary_large_image\" \/>\n<meta name=\"twitter:label1\" content=\"Est. tempo de leitura\" \/>\n\t<meta name=\"twitter:data1\" content=\"1 minuto\" \/>\n<script type=\"application\/ld+json\" class=\"yoast-schema-graph\">{\"@context\":\"https:\/\/schema.org\",\"@graph\":[{\"@type\":\"WebPage\",\"@id\":\"https:\/\/universoeletrico.com.br\/eletrico\/produto\/quadro-de-sobrepor-em-pvc-para-12-disjuntores\/\",\"url\":\"https:\/\/universoeletrico.com.br\/eletrico\/produto\/quadro-de-sobrepor-em-pvc-para-12-disjuntores\/\",\"name\":\"QUADRO DE SOBREPOR EM PVC PARA 12 DISJUNTORES - Universo El\u00e9trico\",\"isPartOf\":{\"@id\":\"https:\/\/universoeletrico.com.br\/eletrico\/#website\"},\"primaryImageOfPage\":{\"@id\":\"https:\/\/universoeletrico.com.br\/eletrico\/produto\/quadro-de-sobrepor-em-pvc-para-12-disjuntores\/#primaryimage\"},\"image\":{\"@id\":\"https:\/\/universoeletrico.com.br\/eletrico\/produto\/quadro-de-sobrepor-em-pvc-para-12-disjuntores\/#primaryimage\"},\"thumbnailUrl\":\"https:\/\/universoeletrico.com.br\/eletrico\/wp-content\/uploads\/2026\/02\/caixa_de_distribuicao_de__sobrepor_12_16_disjuntores_pvc_branca_tigre_87527923_0001_600x600.webp\",\"datePublished\":\"2026-02-24T14:12:22+00:00\",\"dateModified\":\"2026-02-24T15:19:32+00:00\",\"breadcrumb\":{\"@id\":\"https:\/\/universoeletrico.com.br\/eletrico\/produto\/quadro-de-sobrepor-em-pvc-para-12-disjuntores\/#breadcrumb\"},\"inLanguage\":\"pt-BR\",\"potentialAction\":[{\"@type\":\"ReadAction\",\"target\":[\"https:\/\/universoeletrico.com.br\/eletrico\/produto\/quadro-de-sobrepor-em-pvc-para-12-disjuntores\/\"]}]},{\"@type\":\"ImageObject\",\"inLanguage\":\"pt-BR\",\"@id\":\"https:\/\/universoeletrico.com.br\/eletrico\/produto\/quadro-de-sobrepor-em-pvc-para-12-disjuntores\/#primaryimage\",\"url\":\"https:\/\/universoeletrico.com.br\/eletrico\/wp-content\/uploads\/2026\/02\/caixa_de_distribuicao_de__sobrepor_12_16_disjuntores_pvc_branca_tigre_87527923_0001_600x600.webp\",\"contentUrl\":\"https:\/\/universoeletrico.com.br\/eletrico\/wp-content\/uploads\/2026\/02\/caixa_de_distribuicao_de__sobrepor_12_16_disjuntores_pvc_branca_tigre_87527923_0001_600x600.webp\",\"width\":600,\"height\":600},{\"@type\":\"BreadcrumbList\",\"@id\":\"https:\/\/universoeletrico.com.br\/eletrico\/produto\/quadro-de-sobrepor-em-pvc-para-12-disjuntores\/#breadcrumb\",\"itemListElement\":[{\"@type\":\"ListItem\",\"position\":1,\"name\":\"In\u00edcio\",\"item\":\"https:\/\/universoeletrico.com.br\/eletrico\/\"},{\"@type\":\"ListItem\",\"position\":2,\"name\":\"Produtos\",\"item\":\"https:\/\/universoeletrico.com.br\/eletrico\/produtos\/\"},{\"@type\":\"ListItem\",\"position\":3,\"name\":\"QUADRO DE SOBREPOR EM PVC PARA 12 DISJUNTORES\"}]},{\"@type\":\"WebSite\",\"@id\":\"https:\/\/universoeletrico.com.br\/eletrico\/#website\",\"url\":\"https:\/\/universoeletrico.com.br\/eletrico\/\",\"name\":\"Universo El\u00e9trico\",\"description\":\"\",\"potentialAction\":[{\"@type\":\"SearchAction\",\"target\":{\"@type\":\"EntryPoint\",\"urlTemplate\":\"https:\/\/universoeletrico.com.br\/eletrico\/?s={search_term_string}\"},\"query-input\":{\"@type\":\"PropertyValueSpecification\",\"valueRequired\":true,\"valueName\":\"search_term_string\"}}],\"inLanguage\":\"pt-BR\"}]}<\/script>\n<!-- \/ Yoast SEO Premium plugin. -->","yoast_head_json":{"title":"QUADRO DE SOBREPOR EM PVC PARA 12 DISJUNTORES - Universo El\u00e9trico","robots":{"index":"index","follow":"follow","max-snippet":"max-snippet:-1","max-image-preview":"max-image-preview:large","max-video-preview":"max-video-preview:-1"},"canonical":"https:\/\/universoeletrico.com.br\/eletrico\/produto\/quadro-de-sobrepor-em-pvc-para-12-disjuntores\/","og_locale":"pt_BR","og_type":"article","og_title":"QUADRO DE SOBREPOR EM PVC PARA 12 DISJUNTORES","og_description":"Quadro de sobrepor em PVC \u00e9 um componente el\u00e9trico projetado para centralizar a distribui\u00e7\u00e3o de circuitos, sendo instalado diretamente sobre a superf\u00edcie da parede (sem necessidade de quebra). Fabricados em material antichamas, esses quadros acomodam disjuntores (padr\u00e3o DIN ou NEMA) e outros dispositivos de prote\u00e7\u00e3o, eles est\u00e3o dispon\u00edveis em estoque modelos de 2 at\u00e9 48 [&hellip;]","og_url":"https:\/\/universoeletrico.com.br\/eletrico\/produto\/quadro-de-sobrepor-em-pvc-para-12-disjuntores\/","og_site_name":"Universo El\u00e9trico","article_modified_time":"2026-02-24T15:19:32+00:00","og_image":[{"width":600,"height":600,"url":"https:\/\/universoeletrico.com.br\/eletrico\/wp-content\/uploads\/2026\/02\/caixa_de_distribuicao_de__sobrepor_12_16_disjuntores_pvc_branca_tigre_87527923_0001_600x600.webp","type":"image\/webp"}],"twitter_card":"summary_large_image","twitter_misc":{"Est. tempo de leitura":"1 minuto"},"schema":{"@context":"https:\/\/schema.org","@graph":[{"@type":"WebPage","@id":"https:\/\/universoeletrico.com.br\/eletrico\/produto\/quadro-de-sobrepor-em-pvc-para-12-disjuntores\/","url":"https:\/\/universoeletrico.com.br\/eletrico\/produto\/quadro-de-sobrepor-em-pvc-para-12-disjuntores\/","name":"QUADRO DE SOBREPOR EM PVC PARA 12 DISJUNTORES - Universo El\u00e9trico","isPartOf":{"@id":"https:\/\/universoeletrico.com.br\/eletrico\/#website"},"primaryImageOfPage":{"@id":"https:\/\/universoeletrico.com.br\/eletrico\/produto\/quadro-de-sobrepor-em-pvc-para-12-disjuntores\/#primaryimage"},"image":{"@id":"https:\/\/universoeletrico.com.br\/eletrico\/produto\/quadro-de-sobrepor-em-pvc-para-12-disjuntores\/#primaryimage"},"thumbnailUrl":"https:\/\/universoeletrico.com.br\/eletrico\/wp-content\/uploads\/2026\/02\/caixa_de_distribuicao_de__sobrepor_12_16_disjuntores_pvc_branca_tigre_87527923_0001_600x600.webp","datePublished":"2026-02-24T14:12:22+00:00","dateModified":"2026-02-24T15:19:32+00:00","breadcrumb":{"@id":"https:\/\/universoeletrico.com.br\/eletrico\/produto\/quadro-de-sobrepor-em-pvc-para-12-disjuntores\/#breadcrumb"},"inLanguage":"pt-BR","potentialAction":[{"@type":"ReadAction","target":["https:\/\/universoeletrico.com.br\/eletrico\/produto\/quadro-de-sobrepor-em-pvc-para-12-disjuntores\/"]}]},{"@type":"ImageObject","inLanguage":"pt-BR","@id":"https:\/\/universoeletrico.com.br\/eletrico\/produto\/quadro-de-sobrepor-em-pvc-para-12-disjuntores\/#primaryimage","url":"https:\/\/universoeletrico.com.br\/eletrico\/wp-content\/uploads\/2026\/02\/caixa_de_distribuicao_de__sobrepor_12_16_disjuntores_pvc_branca_tigre_87527923_0001_600x600.webp","contentUrl":"https:\/\/universoeletrico.com.br\/eletrico\/wp-content\/uploads\/2026\/02\/caixa_de_distribuicao_de__sobrepor_12_16_disjuntores_pvc_branca_tigre_87527923_0001_600x600.webp","width":600,"height":600},{"@type":"BreadcrumbList","@id":"https:\/\/universoeletrico.com.br\/eletrico\/produto\/quadro-de-sobrepor-em-pvc-para-12-disjuntores\/#breadcrumb","itemListElement":[{"@type":"ListItem","position":1,"name":"In\u00edcio","item":"https:\/\/universoeletrico.com.br\/eletrico\/"},{"@type":"ListItem","position":2,"name":"Produtos","item":"https:\/\/universoeletrico.com.br\/eletrico\/produtos\/"},{"@type":"ListItem","position":3,"name":"QUADRO DE SOBREPOR EM PVC PARA 12 DISJUNTORES"}]},{"@type":"WebSite","@id":"https:\/\/universoeletrico.com.br\/eletrico\/#website","url":"https:\/\/universoeletrico.com.br\/eletrico\/","name":"Universo El\u00e9trico","description":"","potentialAction":[{"@type":"SearchAction","target":{"@type":"EntryPoint","urlTemplate":"https:\/\/universoeletrico.com.br\/eletrico\/?s={search_term_string}"},"query-input":{"@type":"PropertyValueSpecification","valueRequired":true,"valueName":"search_term_string"}}],"inLanguage":"pt-BR"}]}},"_links":{"self":[{"href":"https:\/\/universoeletrico.com.br\/eletrico\/wp-json\/wp\/v2\/product\/3300","targetHints":{"allow":["GET"]}}],"collection":[{"href":"https:\/\/universoeletrico.com.br\/eletrico\/wp-json\/wp\/v2\/product"}],"about":[{"href":"https:\/\/universoeletrico.com.br\/eletrico\/wp-json\/wp\/v2\/types\/product"}],"version-history":[{"count":6,"href":"https:\/\/universoeletrico.com.br\/eletrico\/wp-json\/wp\/v2\/product\/3300\/revisions"}],"predecessor-version":[{"id":3310,"href":"https:\/\/universoeletrico.com.br\/eletrico\/wp-json\/wp\/v2\/product\/3300\/revisions\/3310"}],"wp:featuredmedia":[{"embeddable":true,"href":"https:\/\/universoeletrico.com.br\/eletrico\/wp-json\/wp\/v2\/media\/3302"}],"wp:attachment":[{"href":"https:\/\/universoeletrico.com.br\/eletrico\/wp-json\/wp\/v2\/media?parent=3300"}],"wp:term":[{"taxonomy":"product_brand","embeddable":true,"href":"https:\/\/universoeletrico.com.br\/eletrico\/wp-json\/wp\/v2\/product_brand?post=3300"},{"taxonomy":"product_cat","embeddable":true,"href":"https:\/\/universoeletrico.com.br\/eletrico\/wp-json\/wp\/v2\/product_cat?post=3300"},{"taxonomy":"product_tag","embeddable":true,"href":"https:\/\/universoeletrico.com.br\/eletrico\/wp-json\/wp\/v2\/product_tag?post=3300"}],"curies":[{"name":"wp","href":"https:\/\/api.w.org\/{rel}","templated":true}]}}