{"id":3256,"date":"2026-02-13T10:12:27","date_gmt":"2026-02-13T13:12:27","guid":{"rendered":"https:\/\/universoeletrico.com.br\/eletrico\/?post_type=product&#038;p=3256"},"modified":"2026-02-26T09:14:33","modified_gmt":"2026-02-26T12:14:33","slug":"disjuntor-bipolar-16a-curva-c","status":"publish","type":"product","link":"https:\/\/universoeletrico.com.br\/eletrico\/produto\/disjuntor-bipolar-16a-curva-c\/","title":{"rendered":"DISJUNTOR BIPOLAR 16A CURVA C"},"content":{"rendered":"<p>Disjuntor bipolar curva C \u00e9 um dispositivo de seguran\u00e7a projetado para proteger circuitos el\u00e9tricos bif\u00e1sicos com cargas indutivas moderadas, 220V como motores el\u00e9tricos e chuveiros, contra sobrecargas e curtos-circuitos. Ele possui dois polos de prote\u00e7\u00e3o e desarma quando a corrente atinge entre 5 a 10 vezes a sua corrente nominal.<\/p>\n<p>Segue abaixo todas op\u00e7\u00f5es em estoque:<\/p>\n<p>cod: 21029 DISJUNTOR BIPOLAR 6A CURVA C<\/p>\n<p>cod: 21030 DISJUNTOR BIPOLAR 10A CURVA C<\/p>\n<p>cod: 21032 DISJUNTOR BIPOLAR 20A CURVA C<\/p>\n<p>cod: 21033 DISJUNTOR BIPOLAR 25A CURVA C<\/p>\n<p>cod: 21034 DISJUNTOR BIPOLAR 32A CURVA C<\/p>\n<p>cod: 21035 DISJUNTOR BIPOLAR 40A CURVA C<\/p>\n<p>cod: 21036 DISJUNTOR BIPOLAR 50A CURVA C<\/p>\n<p>cod: 21037 DISJUNTOR BIPOLAR 63A CURVA C<\/p>\n<p>cod: 21038 DISJUNTOR BIPOLAR 70A CURVA C<\/p>\n<p>Para Pre\u00e7os, Or\u00e7amentos e D\u00favidas, fale com nossos especialistas.<\/p>\n","protected":false},"excerpt":{"rendered":"<p>Disjuntor bipolar curva C \u00e9 um dispositivo de seguran\u00e7a projetado para proteger circuitos el\u00e9tricos bif\u00e1sicos com cargas indutivas moderadas, 220V como motores el\u00e9tricos e chuveiros, contra sobrecargas e curtos-circuitos. Ele possui dois polos de prote\u00e7\u00e3o e desarma quando a corrente atinge entre 5 a 10 vezes a sua corrente nominal. Segue abaixo todas op\u00e7\u00f5es em [&hellip;]<\/p>\n","protected":false},"featured_media":3261,"template":"","meta":[],"product_brand":[],"product_cat":[18,52],"product_tag":[81,179,244,243,133],"class_list":{"0":"post-3256","1":"product","2":"type-product","3":"status-publish","4":"has-post-thumbnail","6":"product_cat-material-eletrico","7":"product_cat-quadros-de-comando-e-disjuntores","8":"product_tag-220v","9":"product_tag-acessorio-eletrico","10":"product_tag-bipolar","11":"product_tag-curva-c","12":"product_tag-material-eletrico","14":"first","15":"instock","16":"shipping-taxable","17":"purchasable","18":"product-type-simple"},"yoast_head":"<!-- This site is optimized with the Yoast SEO Premium plugin v26.1.1 (Yoast SEO v26.1.1) - https:\/\/yoast.com\/wordpress\/plugins\/seo\/ -->\n<title>DISJUNTOR BIPOLAR 16A CURVA C - Universo El\u00e9trico<\/title>\n<meta name=\"robots\" content=\"index, follow, max-snippet:-1, max-image-preview:large, max-video-preview:-1\" \/>\n<link rel=\"canonical\" href=\"https:\/\/universoeletrico.com.br\/eletrico\/produto\/disjuntor-bipolar-16a-curva-c\/\" \/>\n<meta property=\"og:locale\" content=\"pt_BR\" \/>\n<meta property=\"og:type\" content=\"article\" \/>\n<meta property=\"og:title\" content=\"DISJUNTOR BIPOLAR 16A CURVA C\" \/>\n<meta property=\"og:description\" content=\"Disjuntor bipolar curva C \u00e9 um dispositivo de seguran\u00e7a projetado para proteger circuitos el\u00e9tricos bif\u00e1sicos com cargas indutivas moderadas, 220V como motores el\u00e9tricos e chuveiros, contra sobrecargas e curtos-circuitos. Ele possui dois polos de prote\u00e7\u00e3o e desarma quando a corrente atinge entre 5 a 10 vezes a sua corrente nominal. Segue abaixo todas op\u00e7\u00f5es em [&hellip;]\" \/>\n<meta property=\"og:url\" content=\"https:\/\/universoeletrico.com.br\/eletrico\/produto\/disjuntor-bipolar-16a-curva-c\/\" \/>\n<meta property=\"og:site_name\" content=\"Universo El\u00e9trico\" \/>\n<meta property=\"article:modified_time\" content=\"2026-02-26T12:14:33+00:00\" \/>\n<meta property=\"og:image\" content=\"https:\/\/universoeletrico.com.br\/eletrico\/wp-content\/uploads\/2026\/02\/7466643761_1_xlarge.webp\" \/>\n\t<meta property=\"og:image:width\" content=\"768\" \/>\n\t<meta property=\"og:image:height\" content=\"768\" \/>\n\t<meta property=\"og:image:type\" content=\"image\/webp\" \/>\n<meta name=\"twitter:card\" content=\"summary_large_image\" \/>\n<meta name=\"twitter:label1\" content=\"Est. tempo de leitura\" \/>\n\t<meta name=\"twitter:data1\" content=\"1 minuto\" \/>\n<script type=\"application\/ld+json\" class=\"yoast-schema-graph\">{\"@context\":\"https:\/\/schema.org\",\"@graph\":[{\"@type\":\"WebPage\",\"@id\":\"https:\/\/universoeletrico.com.br\/eletrico\/produto\/disjuntor-bipolar-16a-curva-c\/\",\"url\":\"https:\/\/universoeletrico.com.br\/eletrico\/produto\/disjuntor-bipolar-16a-curva-c\/\",\"name\":\"DISJUNTOR BIPOLAR 16A CURVA C - Universo El\u00e9trico\",\"isPartOf\":{\"@id\":\"https:\/\/universoeletrico.com.br\/eletrico\/#website\"},\"primaryImageOfPage\":{\"@id\":\"https:\/\/universoeletrico.com.br\/eletrico\/produto\/disjuntor-bipolar-16a-curva-c\/#primaryimage\"},\"image\":{\"@id\":\"https:\/\/universoeletrico.com.br\/eletrico\/produto\/disjuntor-bipolar-16a-curva-c\/#primaryimage\"},\"thumbnailUrl\":\"https:\/\/universoeletrico.com.br\/eletrico\/wp-content\/uploads\/2026\/02\/7466643761_1_xlarge.webp\",\"datePublished\":\"2026-02-13T13:12:27+00:00\",\"dateModified\":\"2026-02-26T12:14:33+00:00\",\"breadcrumb\":{\"@id\":\"https:\/\/universoeletrico.com.br\/eletrico\/produto\/disjuntor-bipolar-16a-curva-c\/#breadcrumb\"},\"inLanguage\":\"pt-BR\",\"potentialAction\":[{\"@type\":\"ReadAction\",\"target\":[\"https:\/\/universoeletrico.com.br\/eletrico\/produto\/disjuntor-bipolar-16a-curva-c\/\"]}]},{\"@type\":\"ImageObject\",\"inLanguage\":\"pt-BR\",\"@id\":\"https:\/\/universoeletrico.com.br\/eletrico\/produto\/disjuntor-bipolar-16a-curva-c\/#primaryimage\",\"url\":\"https:\/\/universoeletrico.com.br\/eletrico\/wp-content\/uploads\/2026\/02\/7466643761_1_xlarge.webp\",\"contentUrl\":\"https:\/\/universoeletrico.com.br\/eletrico\/wp-content\/uploads\/2026\/02\/7466643761_1_xlarge.webp\",\"width\":768,\"height\":768},{\"@type\":\"BreadcrumbList\",\"@id\":\"https:\/\/universoeletrico.com.br\/eletrico\/produto\/disjuntor-bipolar-16a-curva-c\/#breadcrumb\",\"itemListElement\":[{\"@type\":\"ListItem\",\"position\":1,\"name\":\"In\u00edcio\",\"item\":\"https:\/\/universoeletrico.com.br\/eletrico\/\"},{\"@type\":\"ListItem\",\"position\":2,\"name\":\"Produtos\",\"item\":\"https:\/\/universoeletrico.com.br\/eletrico\/produtos\/\"},{\"@type\":\"ListItem\",\"position\":3,\"name\":\"DISJUNTOR BIPOLAR 16A CURVA C\"}]},{\"@type\":\"WebSite\",\"@id\":\"https:\/\/universoeletrico.com.br\/eletrico\/#website\",\"url\":\"https:\/\/universoeletrico.com.br\/eletrico\/\",\"name\":\"Universo El\u00e9trico\",\"description\":\"\",\"potentialAction\":[{\"@type\":\"SearchAction\",\"target\":{\"@type\":\"EntryPoint\",\"urlTemplate\":\"https:\/\/universoeletrico.com.br\/eletrico\/?s={search_term_string}\"},\"query-input\":{\"@type\":\"PropertyValueSpecification\",\"valueRequired\":true,\"valueName\":\"search_term_string\"}}],\"inLanguage\":\"pt-BR\"}]}<\/script>\n<!-- \/ Yoast SEO Premium plugin. -->","yoast_head_json":{"title":"DISJUNTOR BIPOLAR 16A CURVA C - Universo El\u00e9trico","robots":{"index":"index","follow":"follow","max-snippet":"max-snippet:-1","max-image-preview":"max-image-preview:large","max-video-preview":"max-video-preview:-1"},"canonical":"https:\/\/universoeletrico.com.br\/eletrico\/produto\/disjuntor-bipolar-16a-curva-c\/","og_locale":"pt_BR","og_type":"article","og_title":"DISJUNTOR BIPOLAR 16A CURVA C","og_description":"Disjuntor bipolar curva C \u00e9 um dispositivo de seguran\u00e7a projetado para proteger circuitos el\u00e9tricos bif\u00e1sicos com cargas indutivas moderadas, 220V como motores el\u00e9tricos e chuveiros, contra sobrecargas e curtos-circuitos. Ele possui dois polos de prote\u00e7\u00e3o e desarma quando a corrente atinge entre 5 a 10 vezes a sua corrente nominal. Segue abaixo todas op\u00e7\u00f5es em [&hellip;]","og_url":"https:\/\/universoeletrico.com.br\/eletrico\/produto\/disjuntor-bipolar-16a-curva-c\/","og_site_name":"Universo El\u00e9trico","article_modified_time":"2026-02-26T12:14:33+00:00","og_image":[{"width":768,"height":768,"url":"https:\/\/universoeletrico.com.br\/eletrico\/wp-content\/uploads\/2026\/02\/7466643761_1_xlarge.webp","type":"image\/webp"}],"twitter_card":"summary_large_image","twitter_misc":{"Est. tempo de leitura":"1 minuto"},"schema":{"@context":"https:\/\/schema.org","@graph":[{"@type":"WebPage","@id":"https:\/\/universoeletrico.com.br\/eletrico\/produto\/disjuntor-bipolar-16a-curva-c\/","url":"https:\/\/universoeletrico.com.br\/eletrico\/produto\/disjuntor-bipolar-16a-curva-c\/","name":"DISJUNTOR BIPOLAR 16A CURVA C - Universo El\u00e9trico","isPartOf":{"@id":"https:\/\/universoeletrico.com.br\/eletrico\/#website"},"primaryImageOfPage":{"@id":"https:\/\/universoeletrico.com.br\/eletrico\/produto\/disjuntor-bipolar-16a-curva-c\/#primaryimage"},"image":{"@id":"https:\/\/universoeletrico.com.br\/eletrico\/produto\/disjuntor-bipolar-16a-curva-c\/#primaryimage"},"thumbnailUrl":"https:\/\/universoeletrico.com.br\/eletrico\/wp-content\/uploads\/2026\/02\/7466643761_1_xlarge.webp","datePublished":"2026-02-13T13:12:27+00:00","dateModified":"2026-02-26T12:14:33+00:00","breadcrumb":{"@id":"https:\/\/universoeletrico.com.br\/eletrico\/produto\/disjuntor-bipolar-16a-curva-c\/#breadcrumb"},"inLanguage":"pt-BR","potentialAction":[{"@type":"ReadAction","target":["https:\/\/universoeletrico.com.br\/eletrico\/produto\/disjuntor-bipolar-16a-curva-c\/"]}]},{"@type":"ImageObject","inLanguage":"pt-BR","@id":"https:\/\/universoeletrico.com.br\/eletrico\/produto\/disjuntor-bipolar-16a-curva-c\/#primaryimage","url":"https:\/\/universoeletrico.com.br\/eletrico\/wp-content\/uploads\/2026\/02\/7466643761_1_xlarge.webp","contentUrl":"https:\/\/universoeletrico.com.br\/eletrico\/wp-content\/uploads\/2026\/02\/7466643761_1_xlarge.webp","width":768,"height":768},{"@type":"BreadcrumbList","@id":"https:\/\/universoeletrico.com.br\/eletrico\/produto\/disjuntor-bipolar-16a-curva-c\/#breadcrumb","itemListElement":[{"@type":"ListItem","position":1,"name":"In\u00edcio","item":"https:\/\/universoeletrico.com.br\/eletrico\/"},{"@type":"ListItem","position":2,"name":"Produtos","item":"https:\/\/universoeletrico.com.br\/eletrico\/produtos\/"},{"@type":"ListItem","position":3,"name":"DISJUNTOR BIPOLAR 16A CURVA C"}]},{"@type":"WebSite","@id":"https:\/\/universoeletrico.com.br\/eletrico\/#website","url":"https:\/\/universoeletrico.com.br\/eletrico\/","name":"Universo El\u00e9trico","description":"","potentialAction":[{"@type":"SearchAction","target":{"@type":"EntryPoint","urlTemplate":"https:\/\/universoeletrico.com.br\/eletrico\/?s={search_term_string}"},"query-input":{"@type":"PropertyValueSpecification","valueRequired":true,"valueName":"search_term_string"}}],"inLanguage":"pt-BR"}]}},"_links":{"self":[{"href":"https:\/\/universoeletrico.com.br\/eletrico\/wp-json\/wp\/v2\/product\/3256","targetHints":{"allow":["GET"]}}],"collection":[{"href":"https:\/\/universoeletrico.com.br\/eletrico\/wp-json\/wp\/v2\/product"}],"about":[{"href":"https:\/\/universoeletrico.com.br\/eletrico\/wp-json\/wp\/v2\/types\/product"}],"version-history":[{"count":7,"href":"https:\/\/universoeletrico.com.br\/eletrico\/wp-json\/wp\/v2\/product\/3256\/revisions"}],"predecessor-version":[{"id":3381,"href":"https:\/\/universoeletrico.com.br\/eletrico\/wp-json\/wp\/v2\/product\/3256\/revisions\/3381"}],"wp:featuredmedia":[{"embeddable":true,"href":"https:\/\/universoeletrico.com.br\/eletrico\/wp-json\/wp\/v2\/media\/3261"}],"wp:attachment":[{"href":"https:\/\/universoeletrico.com.br\/eletrico\/wp-json\/wp\/v2\/media?parent=3256"}],"wp:term":[{"taxonomy":"product_brand","embeddable":true,"href":"https:\/\/universoeletrico.com.br\/eletrico\/wp-json\/wp\/v2\/product_brand?post=3256"},{"taxonomy":"product_cat","embeddable":true,"href":"https:\/\/universoeletrico.com.br\/eletrico\/wp-json\/wp\/v2\/product_cat?post=3256"},{"taxonomy":"product_tag","embeddable":true,"href":"https:\/\/universoeletrico.com.br\/eletrico\/wp-json\/wp\/v2\/product_tag?post=3256"}],"curies":[{"name":"wp","href":"https:\/\/api.w.org\/{rel}","templated":true}]}}