{"id":3233,"date":"2026-02-12T10:31:18","date_gmt":"2026-02-12T13:31:18","guid":{"rendered":"https:\/\/universoeletrico.com.br\/eletrico\/?post_type=product&#038;p=3233"},"modified":"2026-02-25T16:58:15","modified_gmt":"2026-02-25T19:58:15","slug":"disjuntor-curva-c","status":"publish","type":"product","link":"https:\/\/universoeletrico.com.br\/eletrico\/produto\/disjuntor-curva-c\/","title":{"rendered":"DISJUNTOR MONOPOLAR 16A CURVA C"},"content":{"rendered":"<div class=\"Fsg96\" data-sfc-cp=\"\" data-complete=\"true\" data-processed=\"true\">Disjuntor curva C \u00e9 um dispositivo de prote\u00e7\u00e3o termomagn\u00e9tico projetado para circuitos com cargas indutivas moderadas que apresentam picos de corrente no momento da partida, como motores e eletrodom\u00e9sticos. Ele suporta correntes de irrup\u00e7\u00e3o (picos moment\u00e2neos) sem desarmar imediatamente, mono de 6 amperes \u00e1 70 amperes.<\/div>\n<div data-sfc-cp=\"\" data-complete=\"true\" data-processed=\"true\">\n<p>Segue abaixo todas op\u00e7\u00f5es em estoque:<\/p>\n<p>cod: 21019 DISJUNTOR MONOPOLAR 6A CURVA C<\/p>\n<p>cod: 21020 DISJUNTOR MONOPOLAR 10A CURVA C<\/p>\n<p>cod: 21022 DISJUNTOR MONOPOLAR 20A CURVA C<\/p>\n<p>cod: 21023 DISJUNTOR MONOPOLAR 25A CURVA C<\/p>\n<p>cod: 21024 DISJUNTOR MONOPOLAR 32A CURVA C<\/p>\n<p>cod: 21025 DISJUNTOR MONOPOLAR 40A CURVA C<\/p>\n<p>cod: 21026 DISJUNTOR MONOPOLAR 50A CURVA C<\/p>\n<p>cod: 21027 DISJUNTOR MONOPOLAR 63A CURVA C<\/p>\n<p>cod: 21028 DISJUNTOR MONOPOLAR 70A CURVA C<\/p>\n<p>Para Pre\u00e7os, Or\u00e7amentos e D\u00favidas, fale com nossos especialistas.<\/p>\n<\/div>\n","protected":false},"excerpt":{"rendered":"<p>Disjuntor curva C \u00e9 um dispositivo de prote\u00e7\u00e3o termomagn\u00e9tico projetado para circuitos com cargas indutivas moderadas que apresentam picos de corrente no momento da partida, como motores e eletrodom\u00e9sticos. Ele suporta correntes de irrup\u00e7\u00e3o (picos moment\u00e2neos) sem desarmar imediatamente, mono de 6 amperes \u00e1 70 amperes. Segue abaixo todas op\u00e7\u00f5es em estoque: cod: 21019 DISJUNTOR [&hellip;]<\/p>\n","protected":false},"featured_media":3251,"template":"","meta":[],"product_brand":[],"product_cat":[18,52],"product_tag":[264,179,243,133],"class_list":{"0":"post-3233","1":"product","2":"type-product","3":"status-publish","4":"has-post-thumbnail","6":"product_cat-material-eletrico","7":"product_cat-quadros-de-comando-e-disjuntores","8":"product_tag-127v","9":"product_tag-acessorio-eletrico","10":"product_tag-curva-c","11":"product_tag-material-eletrico","13":"first","14":"instock","15":"shipping-taxable","16":"purchasable","17":"product-type-simple"},"yoast_head":"<!-- This site is optimized with the Yoast SEO Premium plugin v26.1.1 (Yoast SEO v26.1.1) - https:\/\/yoast.com\/wordpress\/plugins\/seo\/ -->\n<title>DISJUNTOR MONOPOLAR 16A CURVA C - Universo El\u00e9trico<\/title>\n<meta name=\"robots\" content=\"index, follow, max-snippet:-1, max-image-preview:large, max-video-preview:-1\" \/>\n<link rel=\"canonical\" href=\"https:\/\/universoeletrico.com.br\/eletrico\/produto\/disjuntor-curva-c\/\" \/>\n<meta property=\"og:locale\" content=\"pt_BR\" \/>\n<meta property=\"og:type\" content=\"article\" \/>\n<meta property=\"og:title\" content=\"DISJUNTOR MONOPOLAR 16A CURVA C\" \/>\n<meta property=\"og:description\" content=\"Disjuntor curva C \u00e9 um dispositivo de prote\u00e7\u00e3o termomagn\u00e9tico projetado para circuitos com cargas indutivas moderadas que apresentam picos de corrente no momento da partida, como motores e eletrodom\u00e9sticos. Ele suporta correntes de irrup\u00e7\u00e3o (picos moment\u00e2neos) sem desarmar imediatamente, mono de 6 amperes \u00e1 70 amperes. Segue abaixo todas op\u00e7\u00f5es em estoque: cod: 21019 DISJUNTOR [&hellip;]\" \/>\n<meta property=\"og:url\" content=\"https:\/\/universoeletrico.com.br\/eletrico\/produto\/disjuntor-curva-c\/\" \/>\n<meta property=\"og:site_name\" content=\"Universo El\u00e9trico\" \/>\n<meta property=\"article:modified_time\" content=\"2026-02-25T19:58:15+00:00\" \/>\n<meta property=\"og:image\" content=\"https:\/\/universoeletrico.com.br\/eletrico\/wp-content\/uploads\/2026\/02\/disjuntor_monopolar_20a_curva_c_soprano_265511_1_5ffcc838282dad30d6d4e8b1e6637668.webp\" \/>\n\t<meta property=\"og:image:width\" content=\"804\" \/>\n\t<meta property=\"og:image:height\" content=\"798\" \/>\n\t<meta property=\"og:image:type\" content=\"image\/webp\" \/>\n<meta name=\"twitter:card\" content=\"summary_large_image\" \/>\n<meta name=\"twitter:label1\" content=\"Est. tempo de leitura\" \/>\n\t<meta name=\"twitter:data1\" content=\"1 minuto\" \/>\n<script type=\"application\/ld+json\" class=\"yoast-schema-graph\">{\"@context\":\"https:\/\/schema.org\",\"@graph\":[{\"@type\":\"WebPage\",\"@id\":\"https:\/\/universoeletrico.com.br\/eletrico\/produto\/disjuntor-curva-c\/\",\"url\":\"https:\/\/universoeletrico.com.br\/eletrico\/produto\/disjuntor-curva-c\/\",\"name\":\"DISJUNTOR MONOPOLAR 16A CURVA C - Universo El\u00e9trico\",\"isPartOf\":{\"@id\":\"https:\/\/universoeletrico.com.br\/eletrico\/#website\"},\"primaryImageOfPage\":{\"@id\":\"https:\/\/universoeletrico.com.br\/eletrico\/produto\/disjuntor-curva-c\/#primaryimage\"},\"image\":{\"@id\":\"https:\/\/universoeletrico.com.br\/eletrico\/produto\/disjuntor-curva-c\/#primaryimage\"},\"thumbnailUrl\":\"https:\/\/universoeletrico.com.br\/eletrico\/wp-content\/uploads\/2026\/02\/disjuntor_monopolar_20a_curva_c_soprano_265511_1_5ffcc838282dad30d6d4e8b1e6637668.webp\",\"datePublished\":\"2026-02-12T13:31:18+00:00\",\"dateModified\":\"2026-02-25T19:58:15+00:00\",\"breadcrumb\":{\"@id\":\"https:\/\/universoeletrico.com.br\/eletrico\/produto\/disjuntor-curva-c\/#breadcrumb\"},\"inLanguage\":\"pt-BR\",\"potentialAction\":[{\"@type\":\"ReadAction\",\"target\":[\"https:\/\/universoeletrico.com.br\/eletrico\/produto\/disjuntor-curva-c\/\"]}]},{\"@type\":\"ImageObject\",\"inLanguage\":\"pt-BR\",\"@id\":\"https:\/\/universoeletrico.com.br\/eletrico\/produto\/disjuntor-curva-c\/#primaryimage\",\"url\":\"https:\/\/universoeletrico.com.br\/eletrico\/wp-content\/uploads\/2026\/02\/disjuntor_monopolar_20a_curva_c_soprano_265511_1_5ffcc838282dad30d6d4e8b1e6637668.webp\",\"contentUrl\":\"https:\/\/universoeletrico.com.br\/eletrico\/wp-content\/uploads\/2026\/02\/disjuntor_monopolar_20a_curva_c_soprano_265511_1_5ffcc838282dad30d6d4e8b1e6637668.webp\",\"width\":804,\"height\":798},{\"@type\":\"BreadcrumbList\",\"@id\":\"https:\/\/universoeletrico.com.br\/eletrico\/produto\/disjuntor-curva-c\/#breadcrumb\",\"itemListElement\":[{\"@type\":\"ListItem\",\"position\":1,\"name\":\"In\u00edcio\",\"item\":\"https:\/\/universoeletrico.com.br\/eletrico\/\"},{\"@type\":\"ListItem\",\"position\":2,\"name\":\"Produtos\",\"item\":\"https:\/\/universoeletrico.com.br\/eletrico\/produtos\/\"},{\"@type\":\"ListItem\",\"position\":3,\"name\":\"DISJUNTOR MONOPOLAR 16A CURVA C\"}]},{\"@type\":\"WebSite\",\"@id\":\"https:\/\/universoeletrico.com.br\/eletrico\/#website\",\"url\":\"https:\/\/universoeletrico.com.br\/eletrico\/\",\"name\":\"Universo El\u00e9trico\",\"description\":\"\",\"potentialAction\":[{\"@type\":\"SearchAction\",\"target\":{\"@type\":\"EntryPoint\",\"urlTemplate\":\"https:\/\/universoeletrico.com.br\/eletrico\/?s={search_term_string}\"},\"query-input\":{\"@type\":\"PropertyValueSpecification\",\"valueRequired\":true,\"valueName\":\"search_term_string\"}}],\"inLanguage\":\"pt-BR\"}]}<\/script>\n<!-- \/ Yoast SEO Premium plugin. -->","yoast_head_json":{"title":"DISJUNTOR MONOPOLAR 16A CURVA C - Universo El\u00e9trico","robots":{"index":"index","follow":"follow","max-snippet":"max-snippet:-1","max-image-preview":"max-image-preview:large","max-video-preview":"max-video-preview:-1"},"canonical":"https:\/\/universoeletrico.com.br\/eletrico\/produto\/disjuntor-curva-c\/","og_locale":"pt_BR","og_type":"article","og_title":"DISJUNTOR MONOPOLAR 16A CURVA C","og_description":"Disjuntor curva C \u00e9 um dispositivo de prote\u00e7\u00e3o termomagn\u00e9tico projetado para circuitos com cargas indutivas moderadas que apresentam picos de corrente no momento da partida, como motores e eletrodom\u00e9sticos. Ele suporta correntes de irrup\u00e7\u00e3o (picos moment\u00e2neos) sem desarmar imediatamente, mono de 6 amperes \u00e1 70 amperes. Segue abaixo todas op\u00e7\u00f5es em estoque: cod: 21019 DISJUNTOR [&hellip;]","og_url":"https:\/\/universoeletrico.com.br\/eletrico\/produto\/disjuntor-curva-c\/","og_site_name":"Universo El\u00e9trico","article_modified_time":"2026-02-25T19:58:15+00:00","og_image":[{"width":804,"height":798,"url":"https:\/\/universoeletrico.com.br\/eletrico\/wp-content\/uploads\/2026\/02\/disjuntor_monopolar_20a_curva_c_soprano_265511_1_5ffcc838282dad30d6d4e8b1e6637668.webp","type":"image\/webp"}],"twitter_card":"summary_large_image","twitter_misc":{"Est. tempo de leitura":"1 minuto"},"schema":{"@context":"https:\/\/schema.org","@graph":[{"@type":"WebPage","@id":"https:\/\/universoeletrico.com.br\/eletrico\/produto\/disjuntor-curva-c\/","url":"https:\/\/universoeletrico.com.br\/eletrico\/produto\/disjuntor-curva-c\/","name":"DISJUNTOR MONOPOLAR 16A CURVA C - Universo El\u00e9trico","isPartOf":{"@id":"https:\/\/universoeletrico.com.br\/eletrico\/#website"},"primaryImageOfPage":{"@id":"https:\/\/universoeletrico.com.br\/eletrico\/produto\/disjuntor-curva-c\/#primaryimage"},"image":{"@id":"https:\/\/universoeletrico.com.br\/eletrico\/produto\/disjuntor-curva-c\/#primaryimage"},"thumbnailUrl":"https:\/\/universoeletrico.com.br\/eletrico\/wp-content\/uploads\/2026\/02\/disjuntor_monopolar_20a_curva_c_soprano_265511_1_5ffcc838282dad30d6d4e8b1e6637668.webp","datePublished":"2026-02-12T13:31:18+00:00","dateModified":"2026-02-25T19:58:15+00:00","breadcrumb":{"@id":"https:\/\/universoeletrico.com.br\/eletrico\/produto\/disjuntor-curva-c\/#breadcrumb"},"inLanguage":"pt-BR","potentialAction":[{"@type":"ReadAction","target":["https:\/\/universoeletrico.com.br\/eletrico\/produto\/disjuntor-curva-c\/"]}]},{"@type":"ImageObject","inLanguage":"pt-BR","@id":"https:\/\/universoeletrico.com.br\/eletrico\/produto\/disjuntor-curva-c\/#primaryimage","url":"https:\/\/universoeletrico.com.br\/eletrico\/wp-content\/uploads\/2026\/02\/disjuntor_monopolar_20a_curva_c_soprano_265511_1_5ffcc838282dad30d6d4e8b1e6637668.webp","contentUrl":"https:\/\/universoeletrico.com.br\/eletrico\/wp-content\/uploads\/2026\/02\/disjuntor_monopolar_20a_curva_c_soprano_265511_1_5ffcc838282dad30d6d4e8b1e6637668.webp","width":804,"height":798},{"@type":"BreadcrumbList","@id":"https:\/\/universoeletrico.com.br\/eletrico\/produto\/disjuntor-curva-c\/#breadcrumb","itemListElement":[{"@type":"ListItem","position":1,"name":"In\u00edcio","item":"https:\/\/universoeletrico.com.br\/eletrico\/"},{"@type":"ListItem","position":2,"name":"Produtos","item":"https:\/\/universoeletrico.com.br\/eletrico\/produtos\/"},{"@type":"ListItem","position":3,"name":"DISJUNTOR MONOPOLAR 16A CURVA C"}]},{"@type":"WebSite","@id":"https:\/\/universoeletrico.com.br\/eletrico\/#website","url":"https:\/\/universoeletrico.com.br\/eletrico\/","name":"Universo El\u00e9trico","description":"","potentialAction":[{"@type":"SearchAction","target":{"@type":"EntryPoint","urlTemplate":"https:\/\/universoeletrico.com.br\/eletrico\/?s={search_term_string}"},"query-input":{"@type":"PropertyValueSpecification","valueRequired":true,"valueName":"search_term_string"}}],"inLanguage":"pt-BR"}]}},"_links":{"self":[{"href":"https:\/\/universoeletrico.com.br\/eletrico\/wp-json\/wp\/v2\/product\/3233","targetHints":{"allow":["GET"]}}],"collection":[{"href":"https:\/\/universoeletrico.com.br\/eletrico\/wp-json\/wp\/v2\/product"}],"about":[{"href":"https:\/\/universoeletrico.com.br\/eletrico\/wp-json\/wp\/v2\/types\/product"}],"version-history":[{"count":7,"href":"https:\/\/universoeletrico.com.br\/eletrico\/wp-json\/wp\/v2\/product\/3233\/revisions"}],"predecessor-version":[{"id":3248,"href":"https:\/\/universoeletrico.com.br\/eletrico\/wp-json\/wp\/v2\/product\/3233\/revisions\/3248"}],"wp:featuredmedia":[{"embeddable":true,"href":"https:\/\/universoeletrico.com.br\/eletrico\/wp-json\/wp\/v2\/media\/3251"}],"wp:attachment":[{"href":"https:\/\/universoeletrico.com.br\/eletrico\/wp-json\/wp\/v2\/media?parent=3233"}],"wp:term":[{"taxonomy":"product_brand","embeddable":true,"href":"https:\/\/universoeletrico.com.br\/eletrico\/wp-json\/wp\/v2\/product_brand?post=3233"},{"taxonomy":"product_cat","embeddable":true,"href":"https:\/\/universoeletrico.com.br\/eletrico\/wp-json\/wp\/v2\/product_cat?post=3233"},{"taxonomy":"product_tag","embeddable":true,"href":"https:\/\/universoeletrico.com.br\/eletrico\/wp-json\/wp\/v2\/product_tag?post=3233"}],"curies":[{"name":"wp","href":"https:\/\/api.w.org\/{rel}","templated":true}]}}