{"id":3220,"date":"2026-02-11T11:36:46","date_gmt":"2026-02-11T14:36:46","guid":{"rendered":"https:\/\/universoeletrico.com.br\/eletrico\/?post_type=product&#038;p=3220"},"modified":"2026-02-24T16:50:24","modified_gmt":"2026-02-24T19:50:24","slug":"interruptor-diferencial","status":"publish","type":"product","link":"https:\/\/universoeletrico.com.br\/eletrico\/produto\/interruptor-diferencial\/","title":{"rendered":"INTERRUPTOR DIFERENCIAL 30MA BIPOLAR 25A"},"content":{"rendered":"<p>Interruptor diferencial residual (IDR) de 30mA \u00e9 um dispositivo de seguran\u00e7a obrigat\u00f3rio (conforme NBR 5410) que desliga o circuito automaticamente ao detectar fugas de corrente (choques el\u00e9tricos) superiores a 30 miliamperes, protegendo pessoas contra choques diretos ou indiretos. \u00c9 essencial para \u00e1reas \u00famidas (banheiros, cozinhas) e \u00e1reas externas.<\/p>\n<p>Segue abaixo todas op\u00e7\u00f5es em estoque:<\/p>\n<p>cod: 21003 INTERRUPTOR DIFERENCIAL 30MA BIPOLAR 40A<\/p>\n<p>cod: 21004 INTERRUPTOR DIFERENCIAL 30MA BIPOLAR 63A<\/p>\n<p>cod: 21005 INTERRUPTOR DIFERENCIAL 30MA BIPOLAR 80A<\/p>\n<p>cod: 21006 <span class=\"_aupe copyable-text xkrh14z\">INTERRUPTOR DIFERENCIAL 30MA TETRAPOLAR 25A<\/span><\/p>\n<p>cod: 21007 <span class=\"_aupe copyable-text xkrh14z\">INTERRUPTOR DIFERENCIAL 30MA TETRAPOLAR 40A<\/span><\/p>\n<p>cod: 21008 <span class=\"_aupe copyable-text xkrh14z\">INTERRUPTOR DIFERENCIAL 30MA TETRAPOLAR 63A<\/span><\/p>\n<p>cod: 21009 <span class=\"_aupe copyable-text xkrh14z\">INTERRUPTOR DIFERENCIAL 30MA TETRAPOLAR 80A<\/span><\/p>\n<p>cod: 21010 <span class=\"_aupe copyable-text xkrh14z\">INTERRUPTOR DIFERENCIAL 30MA TETRAPOLAR 100A<\/span><\/p>\n<p>cod: 21011 <span class=\"_aupe copyable-text xkrh14z\">INTERRUPTOR DIFERENCIAL 30MA TETRAPOLAR 125A<\/span><\/p>\n<p>Para Pre\u00e7os, Or\u00e7amentos e D\u00favidas, fale com nossos especialistas.<\/p>\n","protected":false},"excerpt":{"rendered":"<p>Interruptor diferencial residual (IDR) de 30mA \u00e9 um dispositivo de seguran\u00e7a obrigat\u00f3rio (conforme NBR 5410) que desliga o circuito automaticamente ao detectar fugas de corrente (choques el\u00e9tricos) superiores a 30 miliamperes, protegendo pessoas contra choques diretos ou indiretos. \u00c9 essencial para \u00e1reas \u00famidas (banheiros, cozinhas) e \u00e1reas externas. Segue abaixo todas op\u00e7\u00f5es em estoque: cod: [&hellip;]<\/p>\n","protected":false},"featured_media":3221,"template":"","meta":[],"product_brand":[],"product_cat":[18,52],"product_tag":[179,238,237,133],"class_list":{"0":"post-3220","1":"product","2":"type-product","3":"status-publish","4":"has-post-thumbnail","6":"product_cat-material-eletrico","7":"product_cat-quadros-de-comando-e-disjuntores","8":"product_tag-acessorio-eletrico","9":"product_tag-idr","10":"product_tag-interruptor","11":"product_tag-material-eletrico","13":"first","14":"instock","15":"shipping-taxable","16":"purchasable","17":"product-type-simple"},"yoast_head":"<!-- This site is optimized with the Yoast SEO Premium plugin v26.1.1 (Yoast SEO v26.1.1) - https:\/\/yoast.com\/wordpress\/plugins\/seo\/ -->\n<title>INTERRUPTOR DIFERENCIAL 30MA BIPOLAR 25A - Universo El\u00e9trico<\/title>\n<meta name=\"robots\" content=\"index, follow, max-snippet:-1, max-image-preview:large, max-video-preview:-1\" \/>\n<link rel=\"canonical\" href=\"https:\/\/universoeletrico.com.br\/eletrico\/produto\/interruptor-diferencial\/\" \/>\n<meta property=\"og:locale\" content=\"pt_BR\" \/>\n<meta property=\"og:type\" content=\"article\" \/>\n<meta property=\"og:title\" content=\"INTERRUPTOR DIFERENCIAL 30MA BIPOLAR 25A\" \/>\n<meta property=\"og:description\" content=\"Interruptor diferencial residual (IDR) de 30mA \u00e9 um dispositivo de seguran\u00e7a obrigat\u00f3rio (conforme NBR 5410) que desliga o circuito automaticamente ao detectar fugas de corrente (choques el\u00e9tricos) superiores a 30 miliamperes, protegendo pessoas contra choques diretos ou indiretos. \u00c9 essencial para \u00e1reas \u00famidas (banheiros, cozinhas) e \u00e1reas externas. Segue abaixo todas op\u00e7\u00f5es em estoque: cod: [&hellip;]\" \/>\n<meta property=\"og:url\" content=\"https:\/\/universoeletrico.com.br\/eletrico\/produto\/interruptor-diferencial\/\" \/>\n<meta property=\"og:site_name\" content=\"Universo El\u00e9trico\" \/>\n<meta property=\"article:modified_time\" content=\"2026-02-24T19:50:24+00:00\" \/>\n<meta property=\"og:image\" content=\"https:\/\/universoeletrico.com.br\/eletrico\/wp-content\/uploads\/2026\/02\/05028.4025.21_1.webp\" \/>\n\t<meta property=\"og:image:width\" content=\"1000\" \/>\n\t<meta property=\"og:image:height\" content=\"1000\" \/>\n\t<meta property=\"og:image:type\" content=\"image\/webp\" \/>\n<meta name=\"twitter:card\" content=\"summary_large_image\" \/>\n<meta name=\"twitter:label1\" content=\"Est. tempo de leitura\" \/>\n\t<meta name=\"twitter:data1\" content=\"1 minuto\" \/>\n<script type=\"application\/ld+json\" class=\"yoast-schema-graph\">{\"@context\":\"https:\/\/schema.org\",\"@graph\":[{\"@type\":\"WebPage\",\"@id\":\"https:\/\/universoeletrico.com.br\/eletrico\/produto\/interruptor-diferencial\/\",\"url\":\"https:\/\/universoeletrico.com.br\/eletrico\/produto\/interruptor-diferencial\/\",\"name\":\"INTERRUPTOR DIFERENCIAL 30MA BIPOLAR 25A - Universo El\u00e9trico\",\"isPartOf\":{\"@id\":\"https:\/\/universoeletrico.com.br\/eletrico\/#website\"},\"primaryImageOfPage\":{\"@id\":\"https:\/\/universoeletrico.com.br\/eletrico\/produto\/interruptor-diferencial\/#primaryimage\"},\"image\":{\"@id\":\"https:\/\/universoeletrico.com.br\/eletrico\/produto\/interruptor-diferencial\/#primaryimage\"},\"thumbnailUrl\":\"https:\/\/universoeletrico.com.br\/eletrico\/wp-content\/uploads\/2026\/02\/05028.4025.21_1.webp\",\"datePublished\":\"2026-02-11T14:36:46+00:00\",\"dateModified\":\"2026-02-24T19:50:24+00:00\",\"breadcrumb\":{\"@id\":\"https:\/\/universoeletrico.com.br\/eletrico\/produto\/interruptor-diferencial\/#breadcrumb\"},\"inLanguage\":\"pt-BR\",\"potentialAction\":[{\"@type\":\"ReadAction\",\"target\":[\"https:\/\/universoeletrico.com.br\/eletrico\/produto\/interruptor-diferencial\/\"]}]},{\"@type\":\"ImageObject\",\"inLanguage\":\"pt-BR\",\"@id\":\"https:\/\/universoeletrico.com.br\/eletrico\/produto\/interruptor-diferencial\/#primaryimage\",\"url\":\"https:\/\/universoeletrico.com.br\/eletrico\/wp-content\/uploads\/2026\/02\/05028.4025.21_1.webp\",\"contentUrl\":\"https:\/\/universoeletrico.com.br\/eletrico\/wp-content\/uploads\/2026\/02\/05028.4025.21_1.webp\",\"width\":1000,\"height\":1000},{\"@type\":\"BreadcrumbList\",\"@id\":\"https:\/\/universoeletrico.com.br\/eletrico\/produto\/interruptor-diferencial\/#breadcrumb\",\"itemListElement\":[{\"@type\":\"ListItem\",\"position\":1,\"name\":\"In\u00edcio\",\"item\":\"https:\/\/universoeletrico.com.br\/eletrico\/\"},{\"@type\":\"ListItem\",\"position\":2,\"name\":\"Produtos\",\"item\":\"https:\/\/universoeletrico.com.br\/eletrico\/produtos\/\"},{\"@type\":\"ListItem\",\"position\":3,\"name\":\"INTERRUPTOR DIFERENCIAL 30MA BIPOLAR 25A\"}]},{\"@type\":\"WebSite\",\"@id\":\"https:\/\/universoeletrico.com.br\/eletrico\/#website\",\"url\":\"https:\/\/universoeletrico.com.br\/eletrico\/\",\"name\":\"Universo El\u00e9trico\",\"description\":\"\",\"potentialAction\":[{\"@type\":\"SearchAction\",\"target\":{\"@type\":\"EntryPoint\",\"urlTemplate\":\"https:\/\/universoeletrico.com.br\/eletrico\/?s={search_term_string}\"},\"query-input\":{\"@type\":\"PropertyValueSpecification\",\"valueRequired\":true,\"valueName\":\"search_term_string\"}}],\"inLanguage\":\"pt-BR\"}]}<\/script>\n<!-- \/ Yoast SEO Premium plugin. -->","yoast_head_json":{"title":"INTERRUPTOR DIFERENCIAL 30MA BIPOLAR 25A - Universo El\u00e9trico","robots":{"index":"index","follow":"follow","max-snippet":"max-snippet:-1","max-image-preview":"max-image-preview:large","max-video-preview":"max-video-preview:-1"},"canonical":"https:\/\/universoeletrico.com.br\/eletrico\/produto\/interruptor-diferencial\/","og_locale":"pt_BR","og_type":"article","og_title":"INTERRUPTOR DIFERENCIAL 30MA BIPOLAR 25A","og_description":"Interruptor diferencial residual (IDR) de 30mA \u00e9 um dispositivo de seguran\u00e7a obrigat\u00f3rio (conforme NBR 5410) que desliga o circuito automaticamente ao detectar fugas de corrente (choques el\u00e9tricos) superiores a 30 miliamperes, protegendo pessoas contra choques diretos ou indiretos. \u00c9 essencial para \u00e1reas \u00famidas (banheiros, cozinhas) e \u00e1reas externas. Segue abaixo todas op\u00e7\u00f5es em estoque: cod: [&hellip;]","og_url":"https:\/\/universoeletrico.com.br\/eletrico\/produto\/interruptor-diferencial\/","og_site_name":"Universo El\u00e9trico","article_modified_time":"2026-02-24T19:50:24+00:00","og_image":[{"width":1000,"height":1000,"url":"https:\/\/universoeletrico.com.br\/eletrico\/wp-content\/uploads\/2026\/02\/05028.4025.21_1.webp","type":"image\/webp"}],"twitter_card":"summary_large_image","twitter_misc":{"Est. tempo de leitura":"1 minuto"},"schema":{"@context":"https:\/\/schema.org","@graph":[{"@type":"WebPage","@id":"https:\/\/universoeletrico.com.br\/eletrico\/produto\/interruptor-diferencial\/","url":"https:\/\/universoeletrico.com.br\/eletrico\/produto\/interruptor-diferencial\/","name":"INTERRUPTOR DIFERENCIAL 30MA BIPOLAR 25A - Universo El\u00e9trico","isPartOf":{"@id":"https:\/\/universoeletrico.com.br\/eletrico\/#website"},"primaryImageOfPage":{"@id":"https:\/\/universoeletrico.com.br\/eletrico\/produto\/interruptor-diferencial\/#primaryimage"},"image":{"@id":"https:\/\/universoeletrico.com.br\/eletrico\/produto\/interruptor-diferencial\/#primaryimage"},"thumbnailUrl":"https:\/\/universoeletrico.com.br\/eletrico\/wp-content\/uploads\/2026\/02\/05028.4025.21_1.webp","datePublished":"2026-02-11T14:36:46+00:00","dateModified":"2026-02-24T19:50:24+00:00","breadcrumb":{"@id":"https:\/\/universoeletrico.com.br\/eletrico\/produto\/interruptor-diferencial\/#breadcrumb"},"inLanguage":"pt-BR","potentialAction":[{"@type":"ReadAction","target":["https:\/\/universoeletrico.com.br\/eletrico\/produto\/interruptor-diferencial\/"]}]},{"@type":"ImageObject","inLanguage":"pt-BR","@id":"https:\/\/universoeletrico.com.br\/eletrico\/produto\/interruptor-diferencial\/#primaryimage","url":"https:\/\/universoeletrico.com.br\/eletrico\/wp-content\/uploads\/2026\/02\/05028.4025.21_1.webp","contentUrl":"https:\/\/universoeletrico.com.br\/eletrico\/wp-content\/uploads\/2026\/02\/05028.4025.21_1.webp","width":1000,"height":1000},{"@type":"BreadcrumbList","@id":"https:\/\/universoeletrico.com.br\/eletrico\/produto\/interruptor-diferencial\/#breadcrumb","itemListElement":[{"@type":"ListItem","position":1,"name":"In\u00edcio","item":"https:\/\/universoeletrico.com.br\/eletrico\/"},{"@type":"ListItem","position":2,"name":"Produtos","item":"https:\/\/universoeletrico.com.br\/eletrico\/produtos\/"},{"@type":"ListItem","position":3,"name":"INTERRUPTOR DIFERENCIAL 30MA BIPOLAR 25A"}]},{"@type":"WebSite","@id":"https:\/\/universoeletrico.com.br\/eletrico\/#website","url":"https:\/\/universoeletrico.com.br\/eletrico\/","name":"Universo El\u00e9trico","description":"","potentialAction":[{"@type":"SearchAction","target":{"@type":"EntryPoint","urlTemplate":"https:\/\/universoeletrico.com.br\/eletrico\/?s={search_term_string}"},"query-input":{"@type":"PropertyValueSpecification","valueRequired":true,"valueName":"search_term_string"}}],"inLanguage":"pt-BR"}]}},"_links":{"self":[{"href":"https:\/\/universoeletrico.com.br\/eletrico\/wp-json\/wp\/v2\/product\/3220","targetHints":{"allow":["GET"]}}],"collection":[{"href":"https:\/\/universoeletrico.com.br\/eletrico\/wp-json\/wp\/v2\/product"}],"about":[{"href":"https:\/\/universoeletrico.com.br\/eletrico\/wp-json\/wp\/v2\/types\/product"}],"version-history":[{"count":6,"href":"https:\/\/universoeletrico.com.br\/eletrico\/wp-json\/wp\/v2\/product\/3220\/revisions"}],"predecessor-version":[{"id":3336,"href":"https:\/\/universoeletrico.com.br\/eletrico\/wp-json\/wp\/v2\/product\/3220\/revisions\/3336"}],"wp:featuredmedia":[{"embeddable":true,"href":"https:\/\/universoeletrico.com.br\/eletrico\/wp-json\/wp\/v2\/media\/3221"}],"wp:attachment":[{"href":"https:\/\/universoeletrico.com.br\/eletrico\/wp-json\/wp\/v2\/media?parent=3220"}],"wp:term":[{"taxonomy":"product_brand","embeddable":true,"href":"https:\/\/universoeletrico.com.br\/eletrico\/wp-json\/wp\/v2\/product_brand?post=3220"},{"taxonomy":"product_cat","embeddable":true,"href":"https:\/\/universoeletrico.com.br\/eletrico\/wp-json\/wp\/v2\/product_cat?post=3220"},{"taxonomy":"product_tag","embeddable":true,"href":"https:\/\/universoeletrico.com.br\/eletrico\/wp-json\/wp\/v2\/product_tag?post=3220"}],"curies":[{"name":"wp","href":"https:\/\/api.w.org\/{rel}","templated":true}]}}