{"id":3198,"date":"2026-02-10T08:53:52","date_gmt":"2026-02-10T11:53:52","guid":{"rendered":"https:\/\/universoeletrico.com.br\/eletrico\/?post_type=product&#038;p=3198"},"modified":"2026-02-25T09:03:59","modified_gmt":"2026-02-25T12:03:59","slug":"protetor-contra-surto","status":"publish","type":"product","link":"https:\/\/universoeletrico.com.br\/eletrico\/produto\/protetor-contra-surto\/","title":{"rendered":"PROTETOR CONTRA SURTO 275V 45KA"},"content":{"rendered":"<p>Protetor contra surto, ou Dispositivo de Prote\u00e7\u00e3o contra Surtos (DPS), \u00e9 um equipamento essencial que protege aparelhos el\u00e9tricos contra picos repentinos de tens\u00e3o na rede el\u00e9trica, causados por raios ou falhas na rede.<\/p>\n<p>Segue abaixo todas op\u00e7\u00f5es em estoque:<\/p>\n<p>cod: 63010 PROTETOR CONTRA SURTO 175V 15KA<\/p>\n<p>cod: 63011 PROTETOR CONTRA SURTO 175V 20KA<\/p>\n<p>cod: 63012 PROTETOR CONTRA SURTO 175V 30KA<\/p>\n<p>cod: 63013 PROTETOR CONTRA SURTO 175V 45KA<\/p>\n<p>cod: 63014 PROTETOR CONTRA SURTO 275V 15KA<\/p>\n<p>cod: 63015 PROTETOR CONTRA SURTO 275V 20KA<\/p>\n<p>cod: 63016 PROTETOR CONTRA SURTO 275V 30KA<\/p>\n<p>Para Pre\u00e7os, Or\u00e7amentos e D\u00favidas, fale com nossos especialistas.<\/p>\n","protected":false},"excerpt":{"rendered":"<p>Protetor contra surto, ou Dispositivo de Prote\u00e7\u00e3o contra Surtos (DPS), \u00e9 um equipamento essencial que protege aparelhos el\u00e9tricos contra picos repentinos de tens\u00e3o na rede el\u00e9trica, causados por raios ou falhas na rede. Segue abaixo todas op\u00e7\u00f5es em estoque: cod: 63010 PROTETOR CONTRA SURTO 175V 15KA cod: 63011 PROTETOR CONTRA SURTO 175V 20KA cod: 63012 [&hellip;]<\/p>\n","protected":false},"featured_media":3199,"template":"","meta":[],"product_brand":[231],"product_cat":[18,52],"product_tag":[179,233,133,232],"class_list":{"0":"post-3198","1":"product","2":"type-product","3":"status-publish","4":"has-post-thumbnail","6":"product_brand-clamper","7":"product_cat-material-eletrico","8":"product_cat-quadros-de-comando-e-disjuntores","9":"product_tag-acessorio-eletrico","10":"product_tag-dps","11":"product_tag-material-eletrico","12":"product_tag-surto","14":"first","15":"instock","16":"shipping-taxable","17":"purchasable","18":"product-type-simple"},"yoast_head":"<!-- This site is optimized with the Yoast SEO Premium plugin v26.1.1 (Yoast SEO v26.1.1) - https:\/\/yoast.com\/wordpress\/plugins\/seo\/ -->\n<title>PROTETOR CONTRA SURTO 275V 45KA - Universo El\u00e9trico<\/title>\n<meta name=\"robots\" content=\"index, follow, max-snippet:-1, max-image-preview:large, max-video-preview:-1\" \/>\n<link rel=\"canonical\" href=\"https:\/\/universoeletrico.com.br\/eletrico\/produto\/protetor-contra-surto\/\" \/>\n<meta property=\"og:locale\" content=\"pt_BR\" \/>\n<meta property=\"og:type\" content=\"article\" \/>\n<meta property=\"og:title\" content=\"PROTETOR CONTRA SURTO 275V 45KA\" \/>\n<meta property=\"og:description\" content=\"Protetor contra surto, ou Dispositivo de Prote\u00e7\u00e3o contra Surtos (DPS), \u00e9 um equipamento essencial que protege aparelhos el\u00e9tricos contra picos repentinos de tens\u00e3o na rede el\u00e9trica, causados por raios ou falhas na rede. Segue abaixo todas op\u00e7\u00f5es em estoque: cod: 63010 PROTETOR CONTRA SURTO 175V 15KA cod: 63011 PROTETOR CONTRA SURTO 175V 20KA cod: 63012 [&hellip;]\" \/>\n<meta property=\"og:url\" content=\"https:\/\/universoeletrico.com.br\/eletrico\/produto\/protetor-contra-surto\/\" \/>\n<meta property=\"og:site_name\" content=\"Universo El\u00e9trico\" \/>\n<meta property=\"article:modified_time\" content=\"2026-02-25T12:03:59+00:00\" \/>\n<meta property=\"og:image\" content=\"https:\/\/universoeletrico.com.br\/eletrico\/wp-content\/uploads\/2026\/02\/file.webp\" \/>\n\t<meta property=\"og:image:width\" content=\"1000\" \/>\n\t<meta property=\"og:image:height\" content=\"1000\" \/>\n\t<meta property=\"og:image:type\" content=\"image\/webp\" \/>\n<meta name=\"twitter:card\" content=\"summary_large_image\" \/>\n<meta name=\"twitter:label1\" content=\"Est. tempo de leitura\" \/>\n\t<meta name=\"twitter:data1\" content=\"1 minuto\" \/>\n<script type=\"application\/ld+json\" class=\"yoast-schema-graph\">{\"@context\":\"https:\/\/schema.org\",\"@graph\":[{\"@type\":\"WebPage\",\"@id\":\"https:\/\/universoeletrico.com.br\/eletrico\/produto\/protetor-contra-surto\/\",\"url\":\"https:\/\/universoeletrico.com.br\/eletrico\/produto\/protetor-contra-surto\/\",\"name\":\"PROTETOR CONTRA SURTO 275V 45KA - Universo El\u00e9trico\",\"isPartOf\":{\"@id\":\"https:\/\/universoeletrico.com.br\/eletrico\/#website\"},\"primaryImageOfPage\":{\"@id\":\"https:\/\/universoeletrico.com.br\/eletrico\/produto\/protetor-contra-surto\/#primaryimage\"},\"image\":{\"@id\":\"https:\/\/universoeletrico.com.br\/eletrico\/produto\/protetor-contra-surto\/#primaryimage\"},\"thumbnailUrl\":\"https:\/\/universoeletrico.com.br\/eletrico\/wp-content\/uploads\/2026\/02\/file.webp\",\"datePublished\":\"2026-02-10T11:53:52+00:00\",\"dateModified\":\"2026-02-25T12:03:59+00:00\",\"breadcrumb\":{\"@id\":\"https:\/\/universoeletrico.com.br\/eletrico\/produto\/protetor-contra-surto\/#breadcrumb\"},\"inLanguage\":\"pt-BR\",\"potentialAction\":[{\"@type\":\"ReadAction\",\"target\":[\"https:\/\/universoeletrico.com.br\/eletrico\/produto\/protetor-contra-surto\/\"]}]},{\"@type\":\"ImageObject\",\"inLanguage\":\"pt-BR\",\"@id\":\"https:\/\/universoeletrico.com.br\/eletrico\/produto\/protetor-contra-surto\/#primaryimage\",\"url\":\"https:\/\/universoeletrico.com.br\/eletrico\/wp-content\/uploads\/2026\/02\/file.webp\",\"contentUrl\":\"https:\/\/universoeletrico.com.br\/eletrico\/wp-content\/uploads\/2026\/02\/file.webp\",\"width\":1000,\"height\":1000},{\"@type\":\"BreadcrumbList\",\"@id\":\"https:\/\/universoeletrico.com.br\/eletrico\/produto\/protetor-contra-surto\/#breadcrumb\",\"itemListElement\":[{\"@type\":\"ListItem\",\"position\":1,\"name\":\"In\u00edcio\",\"item\":\"https:\/\/universoeletrico.com.br\/eletrico\/\"},{\"@type\":\"ListItem\",\"position\":2,\"name\":\"Produtos\",\"item\":\"https:\/\/universoeletrico.com.br\/eletrico\/produtos\/\"},{\"@type\":\"ListItem\",\"position\":3,\"name\":\"PROTETOR CONTRA SURTO 275V 45KA\"}]},{\"@type\":\"WebSite\",\"@id\":\"https:\/\/universoeletrico.com.br\/eletrico\/#website\",\"url\":\"https:\/\/universoeletrico.com.br\/eletrico\/\",\"name\":\"Universo El\u00e9trico\",\"description\":\"\",\"potentialAction\":[{\"@type\":\"SearchAction\",\"target\":{\"@type\":\"EntryPoint\",\"urlTemplate\":\"https:\/\/universoeletrico.com.br\/eletrico\/?s={search_term_string}\"},\"query-input\":{\"@type\":\"PropertyValueSpecification\",\"valueRequired\":true,\"valueName\":\"search_term_string\"}}],\"inLanguage\":\"pt-BR\"}]}<\/script>\n<!-- \/ Yoast SEO Premium plugin. -->","yoast_head_json":{"title":"PROTETOR CONTRA SURTO 275V 45KA - Universo El\u00e9trico","robots":{"index":"index","follow":"follow","max-snippet":"max-snippet:-1","max-image-preview":"max-image-preview:large","max-video-preview":"max-video-preview:-1"},"canonical":"https:\/\/universoeletrico.com.br\/eletrico\/produto\/protetor-contra-surto\/","og_locale":"pt_BR","og_type":"article","og_title":"PROTETOR CONTRA SURTO 275V 45KA","og_description":"Protetor contra surto, ou Dispositivo de Prote\u00e7\u00e3o contra Surtos (DPS), \u00e9 um equipamento essencial que protege aparelhos el\u00e9tricos contra picos repentinos de tens\u00e3o na rede el\u00e9trica, causados por raios ou falhas na rede. Segue abaixo todas op\u00e7\u00f5es em estoque: cod: 63010 PROTETOR CONTRA SURTO 175V 15KA cod: 63011 PROTETOR CONTRA SURTO 175V 20KA cod: 63012 [&hellip;]","og_url":"https:\/\/universoeletrico.com.br\/eletrico\/produto\/protetor-contra-surto\/","og_site_name":"Universo El\u00e9trico","article_modified_time":"2026-02-25T12:03:59+00:00","og_image":[{"width":1000,"height":1000,"url":"https:\/\/universoeletrico.com.br\/eletrico\/wp-content\/uploads\/2026\/02\/file.webp","type":"image\/webp"}],"twitter_card":"summary_large_image","twitter_misc":{"Est. tempo de leitura":"1 minuto"},"schema":{"@context":"https:\/\/schema.org","@graph":[{"@type":"WebPage","@id":"https:\/\/universoeletrico.com.br\/eletrico\/produto\/protetor-contra-surto\/","url":"https:\/\/universoeletrico.com.br\/eletrico\/produto\/protetor-contra-surto\/","name":"PROTETOR CONTRA SURTO 275V 45KA - Universo El\u00e9trico","isPartOf":{"@id":"https:\/\/universoeletrico.com.br\/eletrico\/#website"},"primaryImageOfPage":{"@id":"https:\/\/universoeletrico.com.br\/eletrico\/produto\/protetor-contra-surto\/#primaryimage"},"image":{"@id":"https:\/\/universoeletrico.com.br\/eletrico\/produto\/protetor-contra-surto\/#primaryimage"},"thumbnailUrl":"https:\/\/universoeletrico.com.br\/eletrico\/wp-content\/uploads\/2026\/02\/file.webp","datePublished":"2026-02-10T11:53:52+00:00","dateModified":"2026-02-25T12:03:59+00:00","breadcrumb":{"@id":"https:\/\/universoeletrico.com.br\/eletrico\/produto\/protetor-contra-surto\/#breadcrumb"},"inLanguage":"pt-BR","potentialAction":[{"@type":"ReadAction","target":["https:\/\/universoeletrico.com.br\/eletrico\/produto\/protetor-contra-surto\/"]}]},{"@type":"ImageObject","inLanguage":"pt-BR","@id":"https:\/\/universoeletrico.com.br\/eletrico\/produto\/protetor-contra-surto\/#primaryimage","url":"https:\/\/universoeletrico.com.br\/eletrico\/wp-content\/uploads\/2026\/02\/file.webp","contentUrl":"https:\/\/universoeletrico.com.br\/eletrico\/wp-content\/uploads\/2026\/02\/file.webp","width":1000,"height":1000},{"@type":"BreadcrumbList","@id":"https:\/\/universoeletrico.com.br\/eletrico\/produto\/protetor-contra-surto\/#breadcrumb","itemListElement":[{"@type":"ListItem","position":1,"name":"In\u00edcio","item":"https:\/\/universoeletrico.com.br\/eletrico\/"},{"@type":"ListItem","position":2,"name":"Produtos","item":"https:\/\/universoeletrico.com.br\/eletrico\/produtos\/"},{"@type":"ListItem","position":3,"name":"PROTETOR CONTRA SURTO 275V 45KA"}]},{"@type":"WebSite","@id":"https:\/\/universoeletrico.com.br\/eletrico\/#website","url":"https:\/\/universoeletrico.com.br\/eletrico\/","name":"Universo El\u00e9trico","description":"","potentialAction":[{"@type":"SearchAction","target":{"@type":"EntryPoint","urlTemplate":"https:\/\/universoeletrico.com.br\/eletrico\/?s={search_term_string}"},"query-input":{"@type":"PropertyValueSpecification","valueRequired":true,"valueName":"search_term_string"}}],"inLanguage":"pt-BR"}]}},"_links":{"self":[{"href":"https:\/\/universoeletrico.com.br\/eletrico\/wp-json\/wp\/v2\/product\/3198","targetHints":{"allow":["GET"]}}],"collection":[{"href":"https:\/\/universoeletrico.com.br\/eletrico\/wp-json\/wp\/v2\/product"}],"about":[{"href":"https:\/\/universoeletrico.com.br\/eletrico\/wp-json\/wp\/v2\/types\/product"}],"version-history":[{"count":7,"href":"https:\/\/universoeletrico.com.br\/eletrico\/wp-json\/wp\/v2\/product\/3198\/revisions"}],"predecessor-version":[{"id":3342,"href":"https:\/\/universoeletrico.com.br\/eletrico\/wp-json\/wp\/v2\/product\/3198\/revisions\/3342"}],"wp:featuredmedia":[{"embeddable":true,"href":"https:\/\/universoeletrico.com.br\/eletrico\/wp-json\/wp\/v2\/media\/3199"}],"wp:attachment":[{"href":"https:\/\/universoeletrico.com.br\/eletrico\/wp-json\/wp\/v2\/media?parent=3198"}],"wp:term":[{"taxonomy":"product_brand","embeddable":true,"href":"https:\/\/universoeletrico.com.br\/eletrico\/wp-json\/wp\/v2\/product_brand?post=3198"},{"taxonomy":"product_cat","embeddable":true,"href":"https:\/\/universoeletrico.com.br\/eletrico\/wp-json\/wp\/v2\/product_cat?post=3198"},{"taxonomy":"product_tag","embeddable":true,"href":"https:\/\/universoeletrico.com.br\/eletrico\/wp-json\/wp\/v2\/product_tag?post=3198"}],"curies":[{"name":"wp","href":"https:\/\/api.w.org\/{rel}","templated":true}]}}