{"id":3190,"date":"2026-02-09T15:54:30","date_gmt":"2026-02-09T18:54:30","guid":{"rendered":"https:\/\/universoeletrico.com.br\/eletrico\/?post_type=product&#038;p=3190"},"modified":"2026-02-24T17:06:13","modified_gmt":"2026-02-24T20:06:13","slug":"barramento-pente","status":"publish","type":"product","link":"https:\/\/universoeletrico.com.br\/eletrico\/produto\/barramento-pente\/","title":{"rendered":"BARRAMENTO PENTE MONOFASICO 12 POLOS 63A"},"content":{"rendered":"<p>Barramento tipo pente el\u00e9trico \u00e9 um componente utilizado em\u00a0quadros de distribui\u00e7\u00e3o\u00a0para\u00a0conduzir e distribuir eletricidade de forma segura e organizada\u00a0entre os disjuntores, substituindo a necessidade de fios e jumpers.<\/p>\n<p>Segue abaixo todas op\u00e7\u00f5es de tamanhos em estoque:<\/p>\n<p>cod: 21104 BARRAMENTO PENTE MONOFASICO 12 POLOS 63A<\/p>\n<p>cod: 21107 BARRAMENTO PENTE MONOFASICO 12 POLOS 80A<\/p>\n<p>cod: 21105 BARRAMENTO PENTE BIFASICO 12 POLOS 63A<\/p>\n<p>cod: 21106 BARRAMENTO PENTE TRIFASICO 12 POLOS 63A<\/p>\n<p>cod: 21108 BARRAMENTO PENTE BIFASICO 12 POLOS 80A<\/p>\n<p>cod: 21109 BARRAMENTO PENTE TRIFASICO 12 POLOS 80A<\/p>\n<p>cod: 21113 BARRAMENTO PENTE BIFASICO 54P 80A 1MT<\/p>\n<p>cod: 21110 BARRAMENTO PENTE TRIFAS 54 POLOS 80A 1MT<\/p>\n<p>Para Pre\u00e7os, Or\u00e7amentos e D\u00favidas, fale com nossos especialistas.<\/p>\n","protected":false},"excerpt":{"rendered":"<p>Barramento tipo pente el\u00e9trico \u00e9 um componente utilizado em\u00a0quadros de distribui\u00e7\u00e3o\u00a0para\u00a0conduzir e distribuir eletricidade de forma segura e organizada\u00a0entre os disjuntores, substituindo a necessidade de fios e jumpers. Segue abaixo todas op\u00e7\u00f5es de tamanhos em estoque: cod: 21104 BARRAMENTO PENTE MONOFASICO 12 POLOS 63A cod: 21107 BARRAMENTO PENTE MONOFASICO 12 POLOS 80A cod: 21105 BARRAMENTO [&hellip;]<\/p>\n","protected":false},"featured_media":3191,"template":"","meta":[],"product_brand":[],"product_cat":[18,52],"product_tag":[],"class_list":{"0":"post-3190","1":"product","2":"type-product","3":"status-publish","4":"has-post-thumbnail","6":"product_cat-material-eletrico","7":"product_cat-quadros-de-comando-e-disjuntores","9":"first","10":"instock","11":"shipping-taxable","12":"purchasable","13":"product-type-simple"},"yoast_head":"<!-- This site is optimized with the Yoast SEO Premium plugin v26.1.1 (Yoast SEO v26.1.1) - https:\/\/yoast.com\/wordpress\/plugins\/seo\/ -->\n<title>BARRAMENTO PENTE MONOFASICO 12 POLOS 63A - Universo El\u00e9trico<\/title>\n<meta name=\"robots\" content=\"index, follow, max-snippet:-1, max-image-preview:large, max-video-preview:-1\" \/>\n<link rel=\"canonical\" href=\"https:\/\/universoeletrico.com.br\/eletrico\/produto\/barramento-pente\/\" \/>\n<meta property=\"og:locale\" content=\"pt_BR\" \/>\n<meta property=\"og:type\" content=\"article\" \/>\n<meta property=\"og:title\" content=\"BARRAMENTO PENTE MONOFASICO 12 POLOS 63A\" \/>\n<meta property=\"og:description\" content=\"Barramento tipo pente el\u00e9trico \u00e9 um componente utilizado em\u00a0quadros de distribui\u00e7\u00e3o\u00a0para\u00a0conduzir e distribuir eletricidade de forma segura e organizada\u00a0entre os disjuntores, substituindo a necessidade de fios e jumpers. Segue abaixo todas op\u00e7\u00f5es de tamanhos em estoque: cod: 21104 BARRAMENTO PENTE MONOFASICO 12 POLOS 63A cod: 21107 BARRAMENTO PENTE MONOFASICO 12 POLOS 80A cod: 21105 BARRAMENTO [&hellip;]\" \/>\n<meta property=\"og:url\" content=\"https:\/\/universoeletrico.com.br\/eletrico\/produto\/barramento-pente\/\" \/>\n<meta property=\"og:site_name\" content=\"Universo El\u00e9trico\" \/>\n<meta property=\"article:modified_time\" content=\"2026-02-24T20:06:13+00:00\" \/>\n<meta property=\"og:image\" content=\"https:\/\/universoeletrico.com.br\/eletrico\/wp-content\/uploads\/2026\/02\/20250314120155_1815998185_DMZ.webp\" \/>\n\t<meta property=\"og:image:width\" content=\"1000\" \/>\n\t<meta property=\"og:image:height\" content=\"1000\" \/>\n\t<meta property=\"og:image:type\" content=\"image\/webp\" \/>\n<meta name=\"twitter:card\" content=\"summary_large_image\" \/>\n<meta name=\"twitter:label1\" content=\"Est. tempo de leitura\" \/>\n\t<meta name=\"twitter:data1\" content=\"1 minuto\" \/>\n<script type=\"application\/ld+json\" class=\"yoast-schema-graph\">{\"@context\":\"https:\/\/schema.org\",\"@graph\":[{\"@type\":\"WebPage\",\"@id\":\"https:\/\/universoeletrico.com.br\/eletrico\/produto\/barramento-pente\/\",\"url\":\"https:\/\/universoeletrico.com.br\/eletrico\/produto\/barramento-pente\/\",\"name\":\"BARRAMENTO PENTE MONOFASICO 12 POLOS 63A - Universo El\u00e9trico\",\"isPartOf\":{\"@id\":\"https:\/\/universoeletrico.com.br\/eletrico\/#website\"},\"primaryImageOfPage\":{\"@id\":\"https:\/\/universoeletrico.com.br\/eletrico\/produto\/barramento-pente\/#primaryimage\"},\"image\":{\"@id\":\"https:\/\/universoeletrico.com.br\/eletrico\/produto\/barramento-pente\/#primaryimage\"},\"thumbnailUrl\":\"https:\/\/universoeletrico.com.br\/eletrico\/wp-content\/uploads\/2026\/02\/20250314120155_1815998185_DMZ.webp\",\"datePublished\":\"2026-02-09T18:54:30+00:00\",\"dateModified\":\"2026-02-24T20:06:13+00:00\",\"breadcrumb\":{\"@id\":\"https:\/\/universoeletrico.com.br\/eletrico\/produto\/barramento-pente\/#breadcrumb\"},\"inLanguage\":\"pt-BR\",\"potentialAction\":[{\"@type\":\"ReadAction\",\"target\":[\"https:\/\/universoeletrico.com.br\/eletrico\/produto\/barramento-pente\/\"]}]},{\"@type\":\"ImageObject\",\"inLanguage\":\"pt-BR\",\"@id\":\"https:\/\/universoeletrico.com.br\/eletrico\/produto\/barramento-pente\/#primaryimage\",\"url\":\"https:\/\/universoeletrico.com.br\/eletrico\/wp-content\/uploads\/2026\/02\/20250314120155_1815998185_DMZ.webp\",\"contentUrl\":\"https:\/\/universoeletrico.com.br\/eletrico\/wp-content\/uploads\/2026\/02\/20250314120155_1815998185_DMZ.webp\",\"width\":1000,\"height\":1000},{\"@type\":\"BreadcrumbList\",\"@id\":\"https:\/\/universoeletrico.com.br\/eletrico\/produto\/barramento-pente\/#breadcrumb\",\"itemListElement\":[{\"@type\":\"ListItem\",\"position\":1,\"name\":\"In\u00edcio\",\"item\":\"https:\/\/universoeletrico.com.br\/eletrico\/\"},{\"@type\":\"ListItem\",\"position\":2,\"name\":\"Produtos\",\"item\":\"https:\/\/universoeletrico.com.br\/eletrico\/produtos\/\"},{\"@type\":\"ListItem\",\"position\":3,\"name\":\"BARRAMENTO PENTE MONOFASICO 12 POLOS 63A\"}]},{\"@type\":\"WebSite\",\"@id\":\"https:\/\/universoeletrico.com.br\/eletrico\/#website\",\"url\":\"https:\/\/universoeletrico.com.br\/eletrico\/\",\"name\":\"Universo El\u00e9trico\",\"description\":\"\",\"potentialAction\":[{\"@type\":\"SearchAction\",\"target\":{\"@type\":\"EntryPoint\",\"urlTemplate\":\"https:\/\/universoeletrico.com.br\/eletrico\/?s={search_term_string}\"},\"query-input\":{\"@type\":\"PropertyValueSpecification\",\"valueRequired\":true,\"valueName\":\"search_term_string\"}}],\"inLanguage\":\"pt-BR\"}]}<\/script>\n<!-- \/ Yoast SEO Premium plugin. -->","yoast_head_json":{"title":"BARRAMENTO PENTE MONOFASICO 12 POLOS 63A - Universo El\u00e9trico","robots":{"index":"index","follow":"follow","max-snippet":"max-snippet:-1","max-image-preview":"max-image-preview:large","max-video-preview":"max-video-preview:-1"},"canonical":"https:\/\/universoeletrico.com.br\/eletrico\/produto\/barramento-pente\/","og_locale":"pt_BR","og_type":"article","og_title":"BARRAMENTO PENTE MONOFASICO 12 POLOS 63A","og_description":"Barramento tipo pente el\u00e9trico \u00e9 um componente utilizado em\u00a0quadros de distribui\u00e7\u00e3o\u00a0para\u00a0conduzir e distribuir eletricidade de forma segura e organizada\u00a0entre os disjuntores, substituindo a necessidade de fios e jumpers. Segue abaixo todas op\u00e7\u00f5es de tamanhos em estoque: cod: 21104 BARRAMENTO PENTE MONOFASICO 12 POLOS 63A cod: 21107 BARRAMENTO PENTE MONOFASICO 12 POLOS 80A cod: 21105 BARRAMENTO [&hellip;]","og_url":"https:\/\/universoeletrico.com.br\/eletrico\/produto\/barramento-pente\/","og_site_name":"Universo El\u00e9trico","article_modified_time":"2026-02-24T20:06:13+00:00","og_image":[{"width":1000,"height":1000,"url":"https:\/\/universoeletrico.com.br\/eletrico\/wp-content\/uploads\/2026\/02\/20250314120155_1815998185_DMZ.webp","type":"image\/webp"}],"twitter_card":"summary_large_image","twitter_misc":{"Est. tempo de leitura":"1 minuto"},"schema":{"@context":"https:\/\/schema.org","@graph":[{"@type":"WebPage","@id":"https:\/\/universoeletrico.com.br\/eletrico\/produto\/barramento-pente\/","url":"https:\/\/universoeletrico.com.br\/eletrico\/produto\/barramento-pente\/","name":"BARRAMENTO PENTE MONOFASICO 12 POLOS 63A - Universo El\u00e9trico","isPartOf":{"@id":"https:\/\/universoeletrico.com.br\/eletrico\/#website"},"primaryImageOfPage":{"@id":"https:\/\/universoeletrico.com.br\/eletrico\/produto\/barramento-pente\/#primaryimage"},"image":{"@id":"https:\/\/universoeletrico.com.br\/eletrico\/produto\/barramento-pente\/#primaryimage"},"thumbnailUrl":"https:\/\/universoeletrico.com.br\/eletrico\/wp-content\/uploads\/2026\/02\/20250314120155_1815998185_DMZ.webp","datePublished":"2026-02-09T18:54:30+00:00","dateModified":"2026-02-24T20:06:13+00:00","breadcrumb":{"@id":"https:\/\/universoeletrico.com.br\/eletrico\/produto\/barramento-pente\/#breadcrumb"},"inLanguage":"pt-BR","potentialAction":[{"@type":"ReadAction","target":["https:\/\/universoeletrico.com.br\/eletrico\/produto\/barramento-pente\/"]}]},{"@type":"ImageObject","inLanguage":"pt-BR","@id":"https:\/\/universoeletrico.com.br\/eletrico\/produto\/barramento-pente\/#primaryimage","url":"https:\/\/universoeletrico.com.br\/eletrico\/wp-content\/uploads\/2026\/02\/20250314120155_1815998185_DMZ.webp","contentUrl":"https:\/\/universoeletrico.com.br\/eletrico\/wp-content\/uploads\/2026\/02\/20250314120155_1815998185_DMZ.webp","width":1000,"height":1000},{"@type":"BreadcrumbList","@id":"https:\/\/universoeletrico.com.br\/eletrico\/produto\/barramento-pente\/#breadcrumb","itemListElement":[{"@type":"ListItem","position":1,"name":"In\u00edcio","item":"https:\/\/universoeletrico.com.br\/eletrico\/"},{"@type":"ListItem","position":2,"name":"Produtos","item":"https:\/\/universoeletrico.com.br\/eletrico\/produtos\/"},{"@type":"ListItem","position":3,"name":"BARRAMENTO PENTE MONOFASICO 12 POLOS 63A"}]},{"@type":"WebSite","@id":"https:\/\/universoeletrico.com.br\/eletrico\/#website","url":"https:\/\/universoeletrico.com.br\/eletrico\/","name":"Universo El\u00e9trico","description":"","potentialAction":[{"@type":"SearchAction","target":{"@type":"EntryPoint","urlTemplate":"https:\/\/universoeletrico.com.br\/eletrico\/?s={search_term_string}"},"query-input":{"@type":"PropertyValueSpecification","valueRequired":true,"valueName":"search_term_string"}}],"inLanguage":"pt-BR"}]}},"_links":{"self":[{"href":"https:\/\/universoeletrico.com.br\/eletrico\/wp-json\/wp\/v2\/product\/3190","targetHints":{"allow":["GET"]}}],"collection":[{"href":"https:\/\/universoeletrico.com.br\/eletrico\/wp-json\/wp\/v2\/product"}],"about":[{"href":"https:\/\/universoeletrico.com.br\/eletrico\/wp-json\/wp\/v2\/types\/product"}],"version-history":[{"count":5,"href":"https:\/\/universoeletrico.com.br\/eletrico\/wp-json\/wp\/v2\/product\/3190\/revisions"}],"predecessor-version":[{"id":3337,"href":"https:\/\/universoeletrico.com.br\/eletrico\/wp-json\/wp\/v2\/product\/3190\/revisions\/3337"}],"wp:featuredmedia":[{"embeddable":true,"href":"https:\/\/universoeletrico.com.br\/eletrico\/wp-json\/wp\/v2\/media\/3191"}],"wp:attachment":[{"href":"https:\/\/universoeletrico.com.br\/eletrico\/wp-json\/wp\/v2\/media?parent=3190"}],"wp:term":[{"taxonomy":"product_brand","embeddable":true,"href":"https:\/\/universoeletrico.com.br\/eletrico\/wp-json\/wp\/v2\/product_brand?post=3190"},{"taxonomy":"product_cat","embeddable":true,"href":"https:\/\/universoeletrico.com.br\/eletrico\/wp-json\/wp\/v2\/product_cat?post=3190"},{"taxonomy":"product_tag","embeddable":true,"href":"https:\/\/universoeletrico.com.br\/eletrico\/wp-json\/wp\/v2\/product_tag?post=3190"}],"curies":[{"name":"wp","href":"https:\/\/api.w.org\/{rel}","templated":true}]}}