{"id":3181,"date":"2026-02-09T10:41:02","date_gmt":"2026-02-09T13:41:02","guid":{"rendered":"https:\/\/universoeletrico.com.br\/eletrico\/?post_type=product&#038;p=3181"},"modified":"2026-02-09T15:46:23","modified_gmt":"2026-02-09T18:46:23","slug":"barramento-neutro-e-terra-12-furos-6mm","status":"publish","type":"product","link":"https:\/\/universoeletrico.com.br\/eletrico\/produto\/barramento-neutro-e-terra-12-furos-6mm\/","title":{"rendered":"BARRAMENTO NEUTRO E TERRA 12 FUROS 6MM"},"content":{"rendered":"<p>O barramento neutro e terra de 12 furos \u00e9 um componente essencial para a organiza\u00e7\u00e3o e seguran\u00e7a de quadros de distribui\u00e7\u00e3o el\u00e9trica, utilizado para a correta distribui\u00e7\u00e3o dos condutores de neutro e aterramento.<\/p>\n<p>Segue abaixo todas op\u00e7\u00f5es de tamanhos em estoque:<\/p>\n<p>cod: 21102 BARRAMENTO NEUTRO AZUL 12 FUROS TRILHO<\/p>\n<p>cod: 29111 <span class=\"_aupe copyable-text xkrh14z\">BARRA DE NEUTRO AZUL 12 FUROS 16MM2<\/span><\/p>\n<p>cod: 140022 <span class=\"_aupe copyable-text xkrh14z\">BARRAMENTO EASY9 NEUTRO 11 FUROS<\/span><\/p>\n<p>cod: 21103 BARRAMENTO TERRA VERDE 12 FUROS TRILHO<\/p>\n<p>cod: 29115 BARRA DE TERRA VERDE 12 FUROS 16MM2<\/p>\n<p>cod: 140023 BARRAMENTO EASY9 TERRA 11 FUROS<\/p>\n<p>Para Pre\u00e7os, Or\u00e7amentos e D\u00favidas, fale com nossos especialistas.<\/p>\n","protected":false},"excerpt":{"rendered":"<p>O barramento neutro e terra de 12 furos \u00e9 um componente essencial para a organiza\u00e7\u00e3o e seguran\u00e7a de quadros de distribui\u00e7\u00e3o el\u00e9trica, utilizado para a correta distribui\u00e7\u00e3o dos condutores de neutro e aterramento. Segue abaixo todas op\u00e7\u00f5es de tamanhos em estoque: cod: 21102 BARRAMENTO NEUTRO AZUL 12 FUROS TRILHO cod: 29111 BARRA DE NEUTRO AZUL [&hellip;]<\/p>\n","protected":false},"featured_media":3184,"template":"","meta":[],"product_brand":[],"product_cat":[18,52],"product_tag":[179,202,133,228,229,230],"class_list":{"0":"post-3181","1":"product","2":"type-product","3":"status-publish","4":"has-post-thumbnail","6":"product_cat-material-eletrico","7":"product_cat-quadros-de-comando-e-disjuntores","8":"product_tag-acessorio-eletrico","9":"product_tag-azul","10":"product_tag-material-eletrico","11":"product_tag-neutro","12":"product_tag-terra","13":"product_tag-verde","15":"first","16":"instock","17":"shipping-taxable","18":"purchasable","19":"product-type-simple"},"yoast_head":"<!-- This site is optimized with the Yoast SEO Premium plugin v26.1.1 (Yoast SEO v26.1.1) - https:\/\/yoast.com\/wordpress\/plugins\/seo\/ -->\n<title>BARRAMENTO NEUTRO E TERRA 12 FUROS 6MM - Universo El\u00e9trico<\/title>\n<meta name=\"robots\" content=\"index, follow, max-snippet:-1, max-image-preview:large, max-video-preview:-1\" \/>\n<link rel=\"canonical\" href=\"https:\/\/universoeletrico.com.br\/eletrico\/produto\/barramento-neutro-e-terra-12-furos-6mm\/\" \/>\n<meta property=\"og:locale\" content=\"pt_BR\" \/>\n<meta property=\"og:type\" content=\"article\" \/>\n<meta property=\"og:title\" content=\"BARRAMENTO NEUTRO E TERRA 12 FUROS 6MM\" \/>\n<meta property=\"og:description\" content=\"O barramento neutro e terra de 12 furos \u00e9 um componente essencial para a organiza\u00e7\u00e3o e seguran\u00e7a de quadros de distribui\u00e7\u00e3o el\u00e9trica, utilizado para a correta distribui\u00e7\u00e3o dos condutores de neutro e aterramento. Segue abaixo todas op\u00e7\u00f5es de tamanhos em estoque: cod: 21102 BARRAMENTO NEUTRO AZUL 12 FUROS TRILHO cod: 29111 BARRA DE NEUTRO AZUL [&hellip;]\" \/>\n<meta property=\"og:url\" content=\"https:\/\/universoeletrico.com.br\/eletrico\/produto\/barramento-neutro-e-terra-12-furos-6mm\/\" \/>\n<meta property=\"og:site_name\" content=\"Universo El\u00e9trico\" \/>\n<meta property=\"article:modified_time\" content=\"2026-02-09T18:46:23+00:00\" \/>\n<meta property=\"og:image\" content=\"https:\/\/universoeletrico.com.br\/eletrico\/wp-content\/uploads\/2026\/02\/kit-2-barramentos-12-entradas-sem-protecao.webp\" \/>\n\t<meta property=\"og:image:width\" content=\"600\" \/>\n\t<meta property=\"og:image:height\" content=\"600\" \/>\n\t<meta property=\"og:image:type\" content=\"image\/webp\" \/>\n<meta name=\"twitter:card\" content=\"summary_large_image\" \/>\n<meta name=\"twitter:label1\" content=\"Est. tempo de leitura\" \/>\n\t<meta name=\"twitter:data1\" content=\"1 minuto\" \/>\n<script type=\"application\/ld+json\" class=\"yoast-schema-graph\">{\"@context\":\"https:\/\/schema.org\",\"@graph\":[{\"@type\":\"WebPage\",\"@id\":\"https:\/\/universoeletrico.com.br\/eletrico\/produto\/barramento-neutro-e-terra-12-furos-6mm\/\",\"url\":\"https:\/\/universoeletrico.com.br\/eletrico\/produto\/barramento-neutro-e-terra-12-furos-6mm\/\",\"name\":\"BARRAMENTO NEUTRO E TERRA 12 FUROS 6MM - Universo El\u00e9trico\",\"isPartOf\":{\"@id\":\"https:\/\/universoeletrico.com.br\/eletrico\/#website\"},\"primaryImageOfPage\":{\"@id\":\"https:\/\/universoeletrico.com.br\/eletrico\/produto\/barramento-neutro-e-terra-12-furos-6mm\/#primaryimage\"},\"image\":{\"@id\":\"https:\/\/universoeletrico.com.br\/eletrico\/produto\/barramento-neutro-e-terra-12-furos-6mm\/#primaryimage\"},\"thumbnailUrl\":\"https:\/\/universoeletrico.com.br\/eletrico\/wp-content\/uploads\/2026\/02\/kit-2-barramentos-12-entradas-sem-protecao.webp\",\"datePublished\":\"2026-02-09T13:41:02+00:00\",\"dateModified\":\"2026-02-09T18:46:23+00:00\",\"breadcrumb\":{\"@id\":\"https:\/\/universoeletrico.com.br\/eletrico\/produto\/barramento-neutro-e-terra-12-furos-6mm\/#breadcrumb\"},\"inLanguage\":\"pt-BR\",\"potentialAction\":[{\"@type\":\"ReadAction\",\"target\":[\"https:\/\/universoeletrico.com.br\/eletrico\/produto\/barramento-neutro-e-terra-12-furos-6mm\/\"]}]},{\"@type\":\"ImageObject\",\"inLanguage\":\"pt-BR\",\"@id\":\"https:\/\/universoeletrico.com.br\/eletrico\/produto\/barramento-neutro-e-terra-12-furos-6mm\/#primaryimage\",\"url\":\"https:\/\/universoeletrico.com.br\/eletrico\/wp-content\/uploads\/2026\/02\/kit-2-barramentos-12-entradas-sem-protecao.webp\",\"contentUrl\":\"https:\/\/universoeletrico.com.br\/eletrico\/wp-content\/uploads\/2026\/02\/kit-2-barramentos-12-entradas-sem-protecao.webp\",\"width\":600,\"height\":600},{\"@type\":\"BreadcrumbList\",\"@id\":\"https:\/\/universoeletrico.com.br\/eletrico\/produto\/barramento-neutro-e-terra-12-furos-6mm\/#breadcrumb\",\"itemListElement\":[{\"@type\":\"ListItem\",\"position\":1,\"name\":\"In\u00edcio\",\"item\":\"https:\/\/universoeletrico.com.br\/eletrico\/\"},{\"@type\":\"ListItem\",\"position\":2,\"name\":\"Produtos\",\"item\":\"https:\/\/universoeletrico.com.br\/eletrico\/produtos\/\"},{\"@type\":\"ListItem\",\"position\":3,\"name\":\"BARRAMENTO NEUTRO E TERRA 12 FUROS 6MM\"}]},{\"@type\":\"WebSite\",\"@id\":\"https:\/\/universoeletrico.com.br\/eletrico\/#website\",\"url\":\"https:\/\/universoeletrico.com.br\/eletrico\/\",\"name\":\"Universo El\u00e9trico\",\"description\":\"\",\"potentialAction\":[{\"@type\":\"SearchAction\",\"target\":{\"@type\":\"EntryPoint\",\"urlTemplate\":\"https:\/\/universoeletrico.com.br\/eletrico\/?s={search_term_string}\"},\"query-input\":{\"@type\":\"PropertyValueSpecification\",\"valueRequired\":true,\"valueName\":\"search_term_string\"}}],\"inLanguage\":\"pt-BR\"}]}<\/script>\n<!-- \/ Yoast SEO Premium plugin. -->","yoast_head_json":{"title":"BARRAMENTO NEUTRO E TERRA 12 FUROS 6MM - Universo El\u00e9trico","robots":{"index":"index","follow":"follow","max-snippet":"max-snippet:-1","max-image-preview":"max-image-preview:large","max-video-preview":"max-video-preview:-1"},"canonical":"https:\/\/universoeletrico.com.br\/eletrico\/produto\/barramento-neutro-e-terra-12-furos-6mm\/","og_locale":"pt_BR","og_type":"article","og_title":"BARRAMENTO NEUTRO E TERRA 12 FUROS 6MM","og_description":"O barramento neutro e terra de 12 furos \u00e9 um componente essencial para a organiza\u00e7\u00e3o e seguran\u00e7a de quadros de distribui\u00e7\u00e3o el\u00e9trica, utilizado para a correta distribui\u00e7\u00e3o dos condutores de neutro e aterramento. Segue abaixo todas op\u00e7\u00f5es de tamanhos em estoque: cod: 21102 BARRAMENTO NEUTRO AZUL 12 FUROS TRILHO cod: 29111 BARRA DE NEUTRO AZUL [&hellip;]","og_url":"https:\/\/universoeletrico.com.br\/eletrico\/produto\/barramento-neutro-e-terra-12-furos-6mm\/","og_site_name":"Universo El\u00e9trico","article_modified_time":"2026-02-09T18:46:23+00:00","og_image":[{"width":600,"height":600,"url":"https:\/\/universoeletrico.com.br\/eletrico\/wp-content\/uploads\/2026\/02\/kit-2-barramentos-12-entradas-sem-protecao.webp","type":"image\/webp"}],"twitter_card":"summary_large_image","twitter_misc":{"Est. tempo de leitura":"1 minuto"},"schema":{"@context":"https:\/\/schema.org","@graph":[{"@type":"WebPage","@id":"https:\/\/universoeletrico.com.br\/eletrico\/produto\/barramento-neutro-e-terra-12-furos-6mm\/","url":"https:\/\/universoeletrico.com.br\/eletrico\/produto\/barramento-neutro-e-terra-12-furos-6mm\/","name":"BARRAMENTO NEUTRO E TERRA 12 FUROS 6MM - Universo El\u00e9trico","isPartOf":{"@id":"https:\/\/universoeletrico.com.br\/eletrico\/#website"},"primaryImageOfPage":{"@id":"https:\/\/universoeletrico.com.br\/eletrico\/produto\/barramento-neutro-e-terra-12-furos-6mm\/#primaryimage"},"image":{"@id":"https:\/\/universoeletrico.com.br\/eletrico\/produto\/barramento-neutro-e-terra-12-furos-6mm\/#primaryimage"},"thumbnailUrl":"https:\/\/universoeletrico.com.br\/eletrico\/wp-content\/uploads\/2026\/02\/kit-2-barramentos-12-entradas-sem-protecao.webp","datePublished":"2026-02-09T13:41:02+00:00","dateModified":"2026-02-09T18:46:23+00:00","breadcrumb":{"@id":"https:\/\/universoeletrico.com.br\/eletrico\/produto\/barramento-neutro-e-terra-12-furos-6mm\/#breadcrumb"},"inLanguage":"pt-BR","potentialAction":[{"@type":"ReadAction","target":["https:\/\/universoeletrico.com.br\/eletrico\/produto\/barramento-neutro-e-terra-12-furos-6mm\/"]}]},{"@type":"ImageObject","inLanguage":"pt-BR","@id":"https:\/\/universoeletrico.com.br\/eletrico\/produto\/barramento-neutro-e-terra-12-furos-6mm\/#primaryimage","url":"https:\/\/universoeletrico.com.br\/eletrico\/wp-content\/uploads\/2026\/02\/kit-2-barramentos-12-entradas-sem-protecao.webp","contentUrl":"https:\/\/universoeletrico.com.br\/eletrico\/wp-content\/uploads\/2026\/02\/kit-2-barramentos-12-entradas-sem-protecao.webp","width":600,"height":600},{"@type":"BreadcrumbList","@id":"https:\/\/universoeletrico.com.br\/eletrico\/produto\/barramento-neutro-e-terra-12-furos-6mm\/#breadcrumb","itemListElement":[{"@type":"ListItem","position":1,"name":"In\u00edcio","item":"https:\/\/universoeletrico.com.br\/eletrico\/"},{"@type":"ListItem","position":2,"name":"Produtos","item":"https:\/\/universoeletrico.com.br\/eletrico\/produtos\/"},{"@type":"ListItem","position":3,"name":"BARRAMENTO NEUTRO E TERRA 12 FUROS 6MM"}]},{"@type":"WebSite","@id":"https:\/\/universoeletrico.com.br\/eletrico\/#website","url":"https:\/\/universoeletrico.com.br\/eletrico\/","name":"Universo El\u00e9trico","description":"","potentialAction":[{"@type":"SearchAction","target":{"@type":"EntryPoint","urlTemplate":"https:\/\/universoeletrico.com.br\/eletrico\/?s={search_term_string}"},"query-input":{"@type":"PropertyValueSpecification","valueRequired":true,"valueName":"search_term_string"}}],"inLanguage":"pt-BR"}]}},"_links":{"self":[{"href":"https:\/\/universoeletrico.com.br\/eletrico\/wp-json\/wp\/v2\/product\/3181","targetHints":{"allow":["GET"]}}],"collection":[{"href":"https:\/\/universoeletrico.com.br\/eletrico\/wp-json\/wp\/v2\/product"}],"about":[{"href":"https:\/\/universoeletrico.com.br\/eletrico\/wp-json\/wp\/v2\/types\/product"}],"version-history":[{"count":6,"href":"https:\/\/universoeletrico.com.br\/eletrico\/wp-json\/wp\/v2\/product\/3181\/revisions"}],"predecessor-version":[{"id":3185,"href":"https:\/\/universoeletrico.com.br\/eletrico\/wp-json\/wp\/v2\/product\/3181\/revisions\/3185"}],"wp:featuredmedia":[{"embeddable":true,"href":"https:\/\/universoeletrico.com.br\/eletrico\/wp-json\/wp\/v2\/media\/3184"}],"wp:attachment":[{"href":"https:\/\/universoeletrico.com.br\/eletrico\/wp-json\/wp\/v2\/media?parent=3181"}],"wp:term":[{"taxonomy":"product_brand","embeddable":true,"href":"https:\/\/universoeletrico.com.br\/eletrico\/wp-json\/wp\/v2\/product_brand?post=3181"},{"taxonomy":"product_cat","embeddable":true,"href":"https:\/\/universoeletrico.com.br\/eletrico\/wp-json\/wp\/v2\/product_cat?post=3181"},{"taxonomy":"product_tag","embeddable":true,"href":"https:\/\/universoeletrico.com.br\/eletrico\/wp-json\/wp\/v2\/product_tag?post=3181"}],"curies":[{"name":"wp","href":"https:\/\/api.w.org\/{rel}","templated":true}]}}