{"id":3178,"date":"2026-02-06T16:45:18","date_gmt":"2026-02-06T19:45:18","guid":{"rendered":"https:\/\/universoeletrico.com.br\/eletrico\/?post_type=product&#038;p=3178"},"modified":"2026-02-06T16:52:52","modified_gmt":"2026-02-06T19:52:52","slug":"cantoneira-zz-galvanizada","status":"publish","type":"product","link":"https:\/\/universoeletrico.com.br\/eletrico\/produto\/cantoneira-zz-galvanizada\/","title":{"rendered":"CANTONEIRA ZZ GALVANIZADA"},"content":{"rendered":"<p>Cantoneira galvanizada ZZ \u00e9 um acess\u00f3rio de fixa\u00e7\u00e3o em a\u00e7o galvanizado, resistente \u00e0 corros\u00e3o, especificamente projetado para uso em sistemas de perfilados e eletrocalhas.<\/p>\n<p>cod: 79037 CANTONEIRA GALVANIZADA ZZ<\/p>\n<p>Para Pre\u00e7os, Or\u00e7amentos e D\u00favidas, fale com nossos especialistas.<\/p>\n","protected":false},"excerpt":{"rendered":"<p>Cantoneira galvanizada ZZ \u00e9 um acess\u00f3rio de fixa\u00e7\u00e3o em a\u00e7o galvanizado, resistente \u00e0 corros\u00e3o, especificamente projetado para uso em sistemas de perfilados e eletrocalhas. cod: 79037 CANTONEIRA GALVANIZADA ZZ Para Pre\u00e7os, Or\u00e7amentos e D\u00favidas, fale com nossos especialistas.<\/p>\n","protected":false},"featured_media":3179,"template":"","meta":[],"product_brand":[],"product_cat":[50,18],"product_tag":[179,226,159,133,175,227],"class_list":{"0":"post-3178","1":"product","2":"type-product","3":"status-publish","4":"has-post-thumbnail","6":"product_cat-eletrocalhas-e-perfilados","7":"product_cat-material-eletrico","8":"product_tag-acessorio-eletrico","9":"product_tag-cantoneira","10":"product_tag-galvanizada","11":"product_tag-material-eletrico","12":"product_tag-perfilado","13":"product_tag-zz","15":"first","16":"instock","17":"shipping-taxable","18":"purchasable","19":"product-type-simple"},"yoast_head":"<!-- This site is optimized with the Yoast SEO Premium plugin v26.1.1 (Yoast SEO v26.1.1) - https:\/\/yoast.com\/wordpress\/plugins\/seo\/ -->\n<title>CANTONEIRA ZZ GALVANIZADA - Universo El\u00e9trico<\/title>\n<meta name=\"robots\" content=\"index, follow, max-snippet:-1, max-image-preview:large, max-video-preview:-1\" \/>\n<link rel=\"canonical\" href=\"https:\/\/universoeletrico.com.br\/eletrico\/produto\/cantoneira-zz-galvanizada\/\" \/>\n<meta property=\"og:locale\" content=\"pt_BR\" \/>\n<meta property=\"og:type\" content=\"article\" \/>\n<meta property=\"og:title\" content=\"CANTONEIRA ZZ GALVANIZADA\" \/>\n<meta property=\"og:description\" content=\"Cantoneira galvanizada ZZ \u00e9 um acess\u00f3rio de fixa\u00e7\u00e3o em a\u00e7o galvanizado, resistente \u00e0 corros\u00e3o, especificamente projetado para uso em sistemas de perfilados e eletrocalhas. cod: 79037 CANTONEIRA GALVANIZADA ZZ Para Pre\u00e7os, Or\u00e7amentos e D\u00favidas, fale com nossos especialistas.\" \/>\n<meta property=\"og:url\" content=\"https:\/\/universoeletrico.com.br\/eletrico\/produto\/cantoneira-zz-galvanizada\/\" \/>\n<meta property=\"og:site_name\" content=\"Universo El\u00e9trico\" \/>\n<meta property=\"article:modified_time\" content=\"2026-02-06T19:52:52+00:00\" \/>\n<meta property=\"og:image\" content=\"https:\/\/universoeletrico.com.br\/eletrico\/wp-content\/uploads\/2026\/02\/cantoneira-zz-38x38-perfilado-sebbrasil-0.webp\" \/>\n\t<meta property=\"og:image:width\" content=\"600\" \/>\n\t<meta property=\"og:image:height\" content=\"600\" \/>\n\t<meta property=\"og:image:type\" content=\"image\/webp\" \/>\n<meta name=\"twitter:card\" content=\"summary_large_image\" \/>\n<meta name=\"twitter:label1\" content=\"Est. tempo de leitura\" \/>\n\t<meta name=\"twitter:data1\" content=\"1 minuto\" \/>\n<script type=\"application\/ld+json\" class=\"yoast-schema-graph\">{\"@context\":\"https:\/\/schema.org\",\"@graph\":[{\"@type\":\"WebPage\",\"@id\":\"https:\/\/universoeletrico.com.br\/eletrico\/produto\/cantoneira-zz-galvanizada\/\",\"url\":\"https:\/\/universoeletrico.com.br\/eletrico\/produto\/cantoneira-zz-galvanizada\/\",\"name\":\"CANTONEIRA ZZ GALVANIZADA - Universo El\u00e9trico\",\"isPartOf\":{\"@id\":\"https:\/\/universoeletrico.com.br\/eletrico\/#website\"},\"primaryImageOfPage\":{\"@id\":\"https:\/\/universoeletrico.com.br\/eletrico\/produto\/cantoneira-zz-galvanizada\/#primaryimage\"},\"image\":{\"@id\":\"https:\/\/universoeletrico.com.br\/eletrico\/produto\/cantoneira-zz-galvanizada\/#primaryimage\"},\"thumbnailUrl\":\"https:\/\/universoeletrico.com.br\/eletrico\/wp-content\/uploads\/2026\/02\/cantoneira-zz-38x38-perfilado-sebbrasil-0.webp\",\"datePublished\":\"2026-02-06T19:45:18+00:00\",\"dateModified\":\"2026-02-06T19:52:52+00:00\",\"breadcrumb\":{\"@id\":\"https:\/\/universoeletrico.com.br\/eletrico\/produto\/cantoneira-zz-galvanizada\/#breadcrumb\"},\"inLanguage\":\"pt-BR\",\"potentialAction\":[{\"@type\":\"ReadAction\",\"target\":[\"https:\/\/universoeletrico.com.br\/eletrico\/produto\/cantoneira-zz-galvanizada\/\"]}]},{\"@type\":\"ImageObject\",\"inLanguage\":\"pt-BR\",\"@id\":\"https:\/\/universoeletrico.com.br\/eletrico\/produto\/cantoneira-zz-galvanizada\/#primaryimage\",\"url\":\"https:\/\/universoeletrico.com.br\/eletrico\/wp-content\/uploads\/2026\/02\/cantoneira-zz-38x38-perfilado-sebbrasil-0.webp\",\"contentUrl\":\"https:\/\/universoeletrico.com.br\/eletrico\/wp-content\/uploads\/2026\/02\/cantoneira-zz-38x38-perfilado-sebbrasil-0.webp\",\"width\":600,\"height\":600},{\"@type\":\"BreadcrumbList\",\"@id\":\"https:\/\/universoeletrico.com.br\/eletrico\/produto\/cantoneira-zz-galvanizada\/#breadcrumb\",\"itemListElement\":[{\"@type\":\"ListItem\",\"position\":1,\"name\":\"In\u00edcio\",\"item\":\"https:\/\/universoeletrico.com.br\/eletrico\/\"},{\"@type\":\"ListItem\",\"position\":2,\"name\":\"Produtos\",\"item\":\"https:\/\/universoeletrico.com.br\/eletrico\/produtos\/\"},{\"@type\":\"ListItem\",\"position\":3,\"name\":\"CANTONEIRA ZZ GALVANIZADA\"}]},{\"@type\":\"WebSite\",\"@id\":\"https:\/\/universoeletrico.com.br\/eletrico\/#website\",\"url\":\"https:\/\/universoeletrico.com.br\/eletrico\/\",\"name\":\"Universo El\u00e9trico\",\"description\":\"\",\"potentialAction\":[{\"@type\":\"SearchAction\",\"target\":{\"@type\":\"EntryPoint\",\"urlTemplate\":\"https:\/\/universoeletrico.com.br\/eletrico\/?s={search_term_string}\"},\"query-input\":{\"@type\":\"PropertyValueSpecification\",\"valueRequired\":true,\"valueName\":\"search_term_string\"}}],\"inLanguage\":\"pt-BR\"}]}<\/script>\n<!-- \/ Yoast SEO Premium plugin. -->","yoast_head_json":{"title":"CANTONEIRA ZZ GALVANIZADA - Universo El\u00e9trico","robots":{"index":"index","follow":"follow","max-snippet":"max-snippet:-1","max-image-preview":"max-image-preview:large","max-video-preview":"max-video-preview:-1"},"canonical":"https:\/\/universoeletrico.com.br\/eletrico\/produto\/cantoneira-zz-galvanizada\/","og_locale":"pt_BR","og_type":"article","og_title":"CANTONEIRA ZZ GALVANIZADA","og_description":"Cantoneira galvanizada ZZ \u00e9 um acess\u00f3rio de fixa\u00e7\u00e3o em a\u00e7o galvanizado, resistente \u00e0 corros\u00e3o, especificamente projetado para uso em sistemas de perfilados e eletrocalhas. cod: 79037 CANTONEIRA GALVANIZADA ZZ Para Pre\u00e7os, Or\u00e7amentos e D\u00favidas, fale com nossos especialistas.","og_url":"https:\/\/universoeletrico.com.br\/eletrico\/produto\/cantoneira-zz-galvanizada\/","og_site_name":"Universo El\u00e9trico","article_modified_time":"2026-02-06T19:52:52+00:00","og_image":[{"width":600,"height":600,"url":"https:\/\/universoeletrico.com.br\/eletrico\/wp-content\/uploads\/2026\/02\/cantoneira-zz-38x38-perfilado-sebbrasil-0.webp","type":"image\/webp"}],"twitter_card":"summary_large_image","twitter_misc":{"Est. tempo de leitura":"1 minuto"},"schema":{"@context":"https:\/\/schema.org","@graph":[{"@type":"WebPage","@id":"https:\/\/universoeletrico.com.br\/eletrico\/produto\/cantoneira-zz-galvanizada\/","url":"https:\/\/universoeletrico.com.br\/eletrico\/produto\/cantoneira-zz-galvanizada\/","name":"CANTONEIRA ZZ GALVANIZADA - Universo El\u00e9trico","isPartOf":{"@id":"https:\/\/universoeletrico.com.br\/eletrico\/#website"},"primaryImageOfPage":{"@id":"https:\/\/universoeletrico.com.br\/eletrico\/produto\/cantoneira-zz-galvanizada\/#primaryimage"},"image":{"@id":"https:\/\/universoeletrico.com.br\/eletrico\/produto\/cantoneira-zz-galvanizada\/#primaryimage"},"thumbnailUrl":"https:\/\/universoeletrico.com.br\/eletrico\/wp-content\/uploads\/2026\/02\/cantoneira-zz-38x38-perfilado-sebbrasil-0.webp","datePublished":"2026-02-06T19:45:18+00:00","dateModified":"2026-02-06T19:52:52+00:00","breadcrumb":{"@id":"https:\/\/universoeletrico.com.br\/eletrico\/produto\/cantoneira-zz-galvanizada\/#breadcrumb"},"inLanguage":"pt-BR","potentialAction":[{"@type":"ReadAction","target":["https:\/\/universoeletrico.com.br\/eletrico\/produto\/cantoneira-zz-galvanizada\/"]}]},{"@type":"ImageObject","inLanguage":"pt-BR","@id":"https:\/\/universoeletrico.com.br\/eletrico\/produto\/cantoneira-zz-galvanizada\/#primaryimage","url":"https:\/\/universoeletrico.com.br\/eletrico\/wp-content\/uploads\/2026\/02\/cantoneira-zz-38x38-perfilado-sebbrasil-0.webp","contentUrl":"https:\/\/universoeletrico.com.br\/eletrico\/wp-content\/uploads\/2026\/02\/cantoneira-zz-38x38-perfilado-sebbrasil-0.webp","width":600,"height":600},{"@type":"BreadcrumbList","@id":"https:\/\/universoeletrico.com.br\/eletrico\/produto\/cantoneira-zz-galvanizada\/#breadcrumb","itemListElement":[{"@type":"ListItem","position":1,"name":"In\u00edcio","item":"https:\/\/universoeletrico.com.br\/eletrico\/"},{"@type":"ListItem","position":2,"name":"Produtos","item":"https:\/\/universoeletrico.com.br\/eletrico\/produtos\/"},{"@type":"ListItem","position":3,"name":"CANTONEIRA ZZ GALVANIZADA"}]},{"@type":"WebSite","@id":"https:\/\/universoeletrico.com.br\/eletrico\/#website","url":"https:\/\/universoeletrico.com.br\/eletrico\/","name":"Universo El\u00e9trico","description":"","potentialAction":[{"@type":"SearchAction","target":{"@type":"EntryPoint","urlTemplate":"https:\/\/universoeletrico.com.br\/eletrico\/?s={search_term_string}"},"query-input":{"@type":"PropertyValueSpecification","valueRequired":true,"valueName":"search_term_string"}}],"inLanguage":"pt-BR"}]}},"_links":{"self":[{"href":"https:\/\/universoeletrico.com.br\/eletrico\/wp-json\/wp\/v2\/product\/3178","targetHints":{"allow":["GET"]}}],"collection":[{"href":"https:\/\/universoeletrico.com.br\/eletrico\/wp-json\/wp\/v2\/product"}],"about":[{"href":"https:\/\/universoeletrico.com.br\/eletrico\/wp-json\/wp\/v2\/types\/product"}],"version-history":[{"count":1,"href":"https:\/\/universoeletrico.com.br\/eletrico\/wp-json\/wp\/v2\/product\/3178\/revisions"}],"predecessor-version":[{"id":3180,"href":"https:\/\/universoeletrico.com.br\/eletrico\/wp-json\/wp\/v2\/product\/3178\/revisions\/3180"}],"wp:featuredmedia":[{"embeddable":true,"href":"https:\/\/universoeletrico.com.br\/eletrico\/wp-json\/wp\/v2\/media\/3179"}],"wp:attachment":[{"href":"https:\/\/universoeletrico.com.br\/eletrico\/wp-json\/wp\/v2\/media?parent=3178"}],"wp:term":[{"taxonomy":"product_brand","embeddable":true,"href":"https:\/\/universoeletrico.com.br\/eletrico\/wp-json\/wp\/v2\/product_brand?post=3178"},{"taxonomy":"product_cat","embeddable":true,"href":"https:\/\/universoeletrico.com.br\/eletrico\/wp-json\/wp\/v2\/product_cat?post=3178"},{"taxonomy":"product_tag","embeddable":true,"href":"https:\/\/universoeletrico.com.br\/eletrico\/wp-json\/wp\/v2\/product_tag?post=3178"}],"curies":[{"name":"wp","href":"https:\/\/api.w.org\/{rel}","templated":true}]}}