{"id":3164,"date":"2026-02-06T12:28:46","date_gmt":"2026-02-06T15:28:46","guid":{"rendered":"https:\/\/universoeletrico.com.br\/eletrico\/?post_type=product&#038;p=3164"},"modified":"2026-02-06T16:06:09","modified_gmt":"2026-02-06T19:06:09","slug":"canaleta-sistema-x-com-fita-adesiva-com-divisor","status":"publish","type":"product","link":"https:\/\/universoeletrico.com.br\/eletrico\/produto\/canaleta-sistema-x-com-fita-adesiva-com-divisor\/","title":{"rendered":"CANALETA SISTEMA X COM FITA ADESIVA COM DIVISOR"},"content":{"rendered":"<p>Canaleta Sistema X com fita adesiva e divisor \u00e9 uma solu\u00e7\u00e3o comum para organizar e proteger cabos, permitindo a separa\u00e7\u00e3o de diferentes tipos de fia\u00e7\u00e3o (como el\u00e9trica e dados) em uma \u00fanica estrutura sem a necessidade de furar paredes.<\/p>\n<p>Segue abaixo todas op\u00e7\u00f5es de tamanhos em estoque:<\/p>\n<p>cod: 37429 CANAL SIST.X C\/FITA 20X10X2000MM C\/DIV<\/p>\n<p>cod: 45083 CANAL SIST.X C\/ ADES 20X12X2000MM C\/ DIV<\/p>\n<p>cod: 45084 CANAL SIST.X C\/ ADES 50X20X2000MM<\/p>\n<p>cod: 45007 CANALETA SISTEMA X 110X20X2000MM<\/p>\n<p>Para Pre\u00e7os, Or\u00e7amentos e D\u00favidas, fale com nossos especialistas.<\/p>\n","protected":false},"excerpt":{"rendered":"<p>Canaleta Sistema X com fita adesiva e divisor \u00e9 uma solu\u00e7\u00e3o comum para organizar e proteger cabos, permitindo a separa\u00e7\u00e3o de diferentes tipos de fia\u00e7\u00e3o (como el\u00e9trica e dados) em uma \u00fanica estrutura sem a necessidade de furar paredes. Segue abaixo todas op\u00e7\u00f5es de tamanhos em estoque: cod: 37429 CANAL SIST.X C\/FITA 20X10X2000MM C\/DIV cod: [&hellip;]<\/p>\n","protected":false},"featured_media":3167,"template":"","meta":[],"product_brand":[217,219],"product_cat":[51,18],"product_tag":[216,179,214,222,133],"class_list":{"0":"post-3164","1":"product","2":"type-product","3":"status-publish","4":"has-post-thumbnail","6":"product_brand-enerbras","7":"product_brand-legrand","8":"product_cat-eletrodutos-e-mangueiras-flexiveis","9":"product_cat-material-eletrico","10":"product_tag-2mts","11":"product_tag-acessorio-eletrico","12":"product_tag-canaleta","13":"product_tag-com-divisoria","14":"product_tag-material-eletrico","16":"first","17":"instock","18":"shipping-taxable","19":"purchasable","20":"product-type-simple"},"yoast_head":"<!-- This site is optimized with the Yoast SEO Premium plugin v26.1.1 (Yoast SEO v26.1.1) - https:\/\/yoast.com\/wordpress\/plugins\/seo\/ -->\n<title>CANALETA SISTEMA X COM FITA ADESIVA COM DIVISOR - Universo El\u00e9trico<\/title>\n<meta name=\"robots\" content=\"index, follow, max-snippet:-1, max-image-preview:large, max-video-preview:-1\" \/>\n<link rel=\"canonical\" href=\"https:\/\/universoeletrico.com.br\/eletrico\/produto\/canaleta-sistema-x-com-fita-adesiva-com-divisor\/\" \/>\n<meta property=\"og:locale\" content=\"pt_BR\" \/>\n<meta property=\"og:type\" content=\"article\" \/>\n<meta property=\"og:title\" content=\"CANALETA SISTEMA X COM FITA ADESIVA COM DIVISOR\" \/>\n<meta property=\"og:description\" content=\"Canaleta Sistema X com fita adesiva e divisor \u00e9 uma solu\u00e7\u00e3o comum para organizar e proteger cabos, permitindo a separa\u00e7\u00e3o de diferentes tipos de fia\u00e7\u00e3o (como el\u00e9trica e dados) em uma \u00fanica estrutura sem a necessidade de furar paredes. Segue abaixo todas op\u00e7\u00f5es de tamanhos em estoque: cod: 37429 CANAL SIST.X C\/FITA 20X10X2000MM C\/DIV cod: [&hellip;]\" \/>\n<meta property=\"og:url\" content=\"https:\/\/universoeletrico.com.br\/eletrico\/produto\/canaleta-sistema-x-com-fita-adesiva-com-divisor\/\" \/>\n<meta property=\"og:site_name\" content=\"Universo El\u00e9trico\" \/>\n<meta property=\"article:modified_time\" content=\"2026-02-06T19:06:09+00:00\" \/>\n<meta property=\"og:image\" content=\"https:\/\/universoeletrico.com.br\/eletrico\/wp-content\/uploads\/2026\/02\/17247.webp\" \/>\n\t<meta property=\"og:image:width\" content=\"1000\" \/>\n\t<meta property=\"og:image:height\" content=\"1000\" \/>\n\t<meta property=\"og:image:type\" content=\"image\/webp\" \/>\n<meta name=\"twitter:card\" content=\"summary_large_image\" \/>\n<meta name=\"twitter:label1\" content=\"Est. tempo de leitura\" \/>\n\t<meta name=\"twitter:data1\" content=\"1 minuto\" \/>\n<script type=\"application\/ld+json\" class=\"yoast-schema-graph\">{\"@context\":\"https:\/\/schema.org\",\"@graph\":[{\"@type\":\"WebPage\",\"@id\":\"https:\/\/universoeletrico.com.br\/eletrico\/produto\/canaleta-sistema-x-com-fita-adesiva-com-divisor\/\",\"url\":\"https:\/\/universoeletrico.com.br\/eletrico\/produto\/canaleta-sistema-x-com-fita-adesiva-com-divisor\/\",\"name\":\"CANALETA SISTEMA X COM FITA ADESIVA COM DIVISOR - Universo El\u00e9trico\",\"isPartOf\":{\"@id\":\"https:\/\/universoeletrico.com.br\/eletrico\/#website\"},\"primaryImageOfPage\":{\"@id\":\"https:\/\/universoeletrico.com.br\/eletrico\/produto\/canaleta-sistema-x-com-fita-adesiva-com-divisor\/#primaryimage\"},\"image\":{\"@id\":\"https:\/\/universoeletrico.com.br\/eletrico\/produto\/canaleta-sistema-x-com-fita-adesiva-com-divisor\/#primaryimage\"},\"thumbnailUrl\":\"https:\/\/universoeletrico.com.br\/eletrico\/wp-content\/uploads\/2026\/02\/17247.webp\",\"datePublished\":\"2026-02-06T15:28:46+00:00\",\"dateModified\":\"2026-02-06T19:06:09+00:00\",\"breadcrumb\":{\"@id\":\"https:\/\/universoeletrico.com.br\/eletrico\/produto\/canaleta-sistema-x-com-fita-adesiva-com-divisor\/#breadcrumb\"},\"inLanguage\":\"pt-BR\",\"potentialAction\":[{\"@type\":\"ReadAction\",\"target\":[\"https:\/\/universoeletrico.com.br\/eletrico\/produto\/canaleta-sistema-x-com-fita-adesiva-com-divisor\/\"]}]},{\"@type\":\"ImageObject\",\"inLanguage\":\"pt-BR\",\"@id\":\"https:\/\/universoeletrico.com.br\/eletrico\/produto\/canaleta-sistema-x-com-fita-adesiva-com-divisor\/#primaryimage\",\"url\":\"https:\/\/universoeletrico.com.br\/eletrico\/wp-content\/uploads\/2026\/02\/17247.webp\",\"contentUrl\":\"https:\/\/universoeletrico.com.br\/eletrico\/wp-content\/uploads\/2026\/02\/17247.webp\",\"width\":1000,\"height\":1000},{\"@type\":\"BreadcrumbList\",\"@id\":\"https:\/\/universoeletrico.com.br\/eletrico\/produto\/canaleta-sistema-x-com-fita-adesiva-com-divisor\/#breadcrumb\",\"itemListElement\":[{\"@type\":\"ListItem\",\"position\":1,\"name\":\"In\u00edcio\",\"item\":\"https:\/\/universoeletrico.com.br\/eletrico\/\"},{\"@type\":\"ListItem\",\"position\":2,\"name\":\"Produtos\",\"item\":\"https:\/\/universoeletrico.com.br\/eletrico\/produtos\/\"},{\"@type\":\"ListItem\",\"position\":3,\"name\":\"CANALETA SISTEMA X COM FITA ADESIVA COM DIVISOR\"}]},{\"@type\":\"WebSite\",\"@id\":\"https:\/\/universoeletrico.com.br\/eletrico\/#website\",\"url\":\"https:\/\/universoeletrico.com.br\/eletrico\/\",\"name\":\"Universo El\u00e9trico\",\"description\":\"\",\"potentialAction\":[{\"@type\":\"SearchAction\",\"target\":{\"@type\":\"EntryPoint\",\"urlTemplate\":\"https:\/\/universoeletrico.com.br\/eletrico\/?s={search_term_string}\"},\"query-input\":{\"@type\":\"PropertyValueSpecification\",\"valueRequired\":true,\"valueName\":\"search_term_string\"}}],\"inLanguage\":\"pt-BR\"}]}<\/script>\n<!-- \/ Yoast SEO Premium plugin. -->","yoast_head_json":{"title":"CANALETA SISTEMA X COM FITA ADESIVA COM DIVISOR - Universo El\u00e9trico","robots":{"index":"index","follow":"follow","max-snippet":"max-snippet:-1","max-image-preview":"max-image-preview:large","max-video-preview":"max-video-preview:-1"},"canonical":"https:\/\/universoeletrico.com.br\/eletrico\/produto\/canaleta-sistema-x-com-fita-adesiva-com-divisor\/","og_locale":"pt_BR","og_type":"article","og_title":"CANALETA SISTEMA X COM FITA ADESIVA COM DIVISOR","og_description":"Canaleta Sistema X com fita adesiva e divisor \u00e9 uma solu\u00e7\u00e3o comum para organizar e proteger cabos, permitindo a separa\u00e7\u00e3o de diferentes tipos de fia\u00e7\u00e3o (como el\u00e9trica e dados) em uma \u00fanica estrutura sem a necessidade de furar paredes. Segue abaixo todas op\u00e7\u00f5es de tamanhos em estoque: cod: 37429 CANAL SIST.X C\/FITA 20X10X2000MM C\/DIV cod: [&hellip;]","og_url":"https:\/\/universoeletrico.com.br\/eletrico\/produto\/canaleta-sistema-x-com-fita-adesiva-com-divisor\/","og_site_name":"Universo El\u00e9trico","article_modified_time":"2026-02-06T19:06:09+00:00","og_image":[{"width":1000,"height":1000,"url":"https:\/\/universoeletrico.com.br\/eletrico\/wp-content\/uploads\/2026\/02\/17247.webp","type":"image\/webp"}],"twitter_card":"summary_large_image","twitter_misc":{"Est. tempo de leitura":"1 minuto"},"schema":{"@context":"https:\/\/schema.org","@graph":[{"@type":"WebPage","@id":"https:\/\/universoeletrico.com.br\/eletrico\/produto\/canaleta-sistema-x-com-fita-adesiva-com-divisor\/","url":"https:\/\/universoeletrico.com.br\/eletrico\/produto\/canaleta-sistema-x-com-fita-adesiva-com-divisor\/","name":"CANALETA SISTEMA X COM FITA ADESIVA COM DIVISOR - Universo El\u00e9trico","isPartOf":{"@id":"https:\/\/universoeletrico.com.br\/eletrico\/#website"},"primaryImageOfPage":{"@id":"https:\/\/universoeletrico.com.br\/eletrico\/produto\/canaleta-sistema-x-com-fita-adesiva-com-divisor\/#primaryimage"},"image":{"@id":"https:\/\/universoeletrico.com.br\/eletrico\/produto\/canaleta-sistema-x-com-fita-adesiva-com-divisor\/#primaryimage"},"thumbnailUrl":"https:\/\/universoeletrico.com.br\/eletrico\/wp-content\/uploads\/2026\/02\/17247.webp","datePublished":"2026-02-06T15:28:46+00:00","dateModified":"2026-02-06T19:06:09+00:00","breadcrumb":{"@id":"https:\/\/universoeletrico.com.br\/eletrico\/produto\/canaleta-sistema-x-com-fita-adesiva-com-divisor\/#breadcrumb"},"inLanguage":"pt-BR","potentialAction":[{"@type":"ReadAction","target":["https:\/\/universoeletrico.com.br\/eletrico\/produto\/canaleta-sistema-x-com-fita-adesiva-com-divisor\/"]}]},{"@type":"ImageObject","inLanguage":"pt-BR","@id":"https:\/\/universoeletrico.com.br\/eletrico\/produto\/canaleta-sistema-x-com-fita-adesiva-com-divisor\/#primaryimage","url":"https:\/\/universoeletrico.com.br\/eletrico\/wp-content\/uploads\/2026\/02\/17247.webp","contentUrl":"https:\/\/universoeletrico.com.br\/eletrico\/wp-content\/uploads\/2026\/02\/17247.webp","width":1000,"height":1000},{"@type":"BreadcrumbList","@id":"https:\/\/universoeletrico.com.br\/eletrico\/produto\/canaleta-sistema-x-com-fita-adesiva-com-divisor\/#breadcrumb","itemListElement":[{"@type":"ListItem","position":1,"name":"In\u00edcio","item":"https:\/\/universoeletrico.com.br\/eletrico\/"},{"@type":"ListItem","position":2,"name":"Produtos","item":"https:\/\/universoeletrico.com.br\/eletrico\/produtos\/"},{"@type":"ListItem","position":3,"name":"CANALETA SISTEMA X COM FITA ADESIVA COM DIVISOR"}]},{"@type":"WebSite","@id":"https:\/\/universoeletrico.com.br\/eletrico\/#website","url":"https:\/\/universoeletrico.com.br\/eletrico\/","name":"Universo El\u00e9trico","description":"","potentialAction":[{"@type":"SearchAction","target":{"@type":"EntryPoint","urlTemplate":"https:\/\/universoeletrico.com.br\/eletrico\/?s={search_term_string}"},"query-input":{"@type":"PropertyValueSpecification","valueRequired":true,"valueName":"search_term_string"}}],"inLanguage":"pt-BR"}]}},"_links":{"self":[{"href":"https:\/\/universoeletrico.com.br\/eletrico\/wp-json\/wp\/v2\/product\/3164","targetHints":{"allow":["GET"]}}],"collection":[{"href":"https:\/\/universoeletrico.com.br\/eletrico\/wp-json\/wp\/v2\/product"}],"about":[{"href":"https:\/\/universoeletrico.com.br\/eletrico\/wp-json\/wp\/v2\/types\/product"}],"version-history":[{"count":4,"href":"https:\/\/universoeletrico.com.br\/eletrico\/wp-json\/wp\/v2\/product\/3164\/revisions"}],"predecessor-version":[{"id":3173,"href":"https:\/\/universoeletrico.com.br\/eletrico\/wp-json\/wp\/v2\/product\/3164\/revisions\/3173"}],"wp:featuredmedia":[{"embeddable":true,"href":"https:\/\/universoeletrico.com.br\/eletrico\/wp-json\/wp\/v2\/media\/3167"}],"wp:attachment":[{"href":"https:\/\/universoeletrico.com.br\/eletrico\/wp-json\/wp\/v2\/media?parent=3164"}],"wp:term":[{"taxonomy":"product_brand","embeddable":true,"href":"https:\/\/universoeletrico.com.br\/eletrico\/wp-json\/wp\/v2\/product_brand?post=3164"},{"taxonomy":"product_cat","embeddable":true,"href":"https:\/\/universoeletrico.com.br\/eletrico\/wp-json\/wp\/v2\/product_cat?post=3164"},{"taxonomy":"product_tag","embeddable":true,"href":"https:\/\/universoeletrico.com.br\/eletrico\/wp-json\/wp\/v2\/product_tag?post=3164"}],"curies":[{"name":"wp","href":"https:\/\/api.w.org\/{rel}","templated":true}]}}