{"id":3151,"date":"2026-02-06T10:37:40","date_gmt":"2026-02-06T13:37:40","guid":{"rendered":"https:\/\/universoeletrico.com.br\/eletrico\/?post_type=product&#038;p=3151"},"modified":"2026-02-06T10:53:46","modified_gmt":"2026-02-06T13:53:46","slug":"canaleta-para-piso","status":"publish","type":"product","link":"https:\/\/universoeletrico.com.br\/eletrico\/produto\/canaleta-para-piso\/","title":{"rendered":"CANALETA PARA PISO"},"content":{"rendered":"<p>Canaletas cinzas para piso s\u00e3o uma solu\u00e7\u00e3o pr\u00e1tica e resistente para organizar e proteger cabos sem a necessidade de quebrar o piso, com op\u00e7\u00f5es em PVC r\u00edgido. Elas s\u00e3o projetadas para suportar peso e evitar trope\u00e7os.<\/p>\n<p>cod: 19746 CANALETA CZ P\/PISO 52X14MM C\/FITA D.FACE<\/p>\n<p>cod: 19746 CANALETA CINZA PARA PISO 52 X 14MM<\/p>\n<p>Para Pre\u00e7os, Or\u00e7amentos e D\u00favidas, fale com nossos especialistas.<\/p>\n","protected":false},"excerpt":{"rendered":"<p>Canaletas cinzas para piso s\u00e3o uma solu\u00e7\u00e3o pr\u00e1tica e resistente para organizar e proteger cabos sem a necessidade de quebrar o piso, com op\u00e7\u00f5es em PVC r\u00edgido. Elas s\u00e3o projetadas para suportar peso e evitar trope\u00e7os. cod: 19746 CANALETA CZ P\/PISO 52X14MM C\/FITA D.FACE cod: 19746 CANALETA CINZA PARA PISO 52 X 14MM Para Pre\u00e7os, [&hellip;]<\/p>\n","protected":false},"featured_media":3152,"template":"","meta":[],"product_brand":[217,213],"product_cat":[51,18],"product_tag":[179,214,133,218],"class_list":{"0":"post-3151","1":"product","2":"type-product","3":"status-publish","4":"has-post-thumbnail","6":"product_brand-enerbras","7":"product_brand-hellermann","8":"product_cat-eletrodutos-e-mangueiras-flexiveis","9":"product_cat-material-eletrico","10":"product_tag-acessorio-eletrico","11":"product_tag-canaleta","12":"product_tag-material-eletrico","13":"product_tag-piso","15":"first","16":"instock","17":"shipping-taxable","18":"purchasable","19":"product-type-simple"},"yoast_head":"<!-- This site is optimized with the Yoast SEO Premium plugin v26.1.1 (Yoast SEO v26.1.1) - https:\/\/yoast.com\/wordpress\/plugins\/seo\/ -->\n<title>CANALETA PARA PISO - Universo El\u00e9trico<\/title>\n<meta name=\"robots\" content=\"index, follow, max-snippet:-1, max-image-preview:large, max-video-preview:-1\" \/>\n<link rel=\"canonical\" href=\"https:\/\/universoeletrico.com.br\/eletrico\/produto\/canaleta-para-piso\/\" \/>\n<meta property=\"og:locale\" content=\"pt_BR\" \/>\n<meta property=\"og:type\" content=\"article\" \/>\n<meta property=\"og:title\" content=\"CANALETA PARA PISO\" \/>\n<meta property=\"og:description\" content=\"Canaletas cinzas para piso s\u00e3o uma solu\u00e7\u00e3o pr\u00e1tica e resistente para organizar e proteger cabos sem a necessidade de quebrar o piso, com op\u00e7\u00f5es em PVC r\u00edgido. Elas s\u00e3o projetadas para suportar peso e evitar trope\u00e7os. cod: 19746 CANALETA CZ P\/PISO 52X14MM C\/FITA D.FACE cod: 19746 CANALETA CINZA PARA PISO 52 X 14MM Para Pre\u00e7os, [&hellip;]\" \/>\n<meta property=\"og:url\" content=\"https:\/\/universoeletrico.com.br\/eletrico\/produto\/canaleta-para-piso\/\" \/>\n<meta property=\"og:site_name\" content=\"Universo El\u00e9trico\" \/>\n<meta property=\"article:modified_time\" content=\"2026-02-06T13:53:46+00:00\" \/>\n<meta property=\"og:image\" content=\"https:\/\/universoeletrico.com.br\/eletrico\/wp-content\/uploads\/2026\/02\/canaleta_piso_52x14mm_2m_hellermann_hp2_88243904_3ab6_600x600.webp\" \/>\n\t<meta property=\"og:image:width\" content=\"600\" \/>\n\t<meta property=\"og:image:height\" content=\"600\" \/>\n\t<meta property=\"og:image:type\" content=\"image\/webp\" \/>\n<meta name=\"twitter:card\" content=\"summary_large_image\" \/>\n<meta name=\"twitter:label1\" content=\"Est. tempo de leitura\" \/>\n\t<meta name=\"twitter:data1\" content=\"1 minuto\" \/>\n<script type=\"application\/ld+json\" class=\"yoast-schema-graph\">{\"@context\":\"https:\/\/schema.org\",\"@graph\":[{\"@type\":\"WebPage\",\"@id\":\"https:\/\/universoeletrico.com.br\/eletrico\/produto\/canaleta-para-piso\/\",\"url\":\"https:\/\/universoeletrico.com.br\/eletrico\/produto\/canaleta-para-piso\/\",\"name\":\"CANALETA PARA PISO - Universo El\u00e9trico\",\"isPartOf\":{\"@id\":\"https:\/\/universoeletrico.com.br\/eletrico\/#website\"},\"primaryImageOfPage\":{\"@id\":\"https:\/\/universoeletrico.com.br\/eletrico\/produto\/canaleta-para-piso\/#primaryimage\"},\"image\":{\"@id\":\"https:\/\/universoeletrico.com.br\/eletrico\/produto\/canaleta-para-piso\/#primaryimage\"},\"thumbnailUrl\":\"https:\/\/universoeletrico.com.br\/eletrico\/wp-content\/uploads\/2026\/02\/canaleta_piso_52x14mm_2m_hellermann_hp2_88243904_3ab6_600x600.webp\",\"datePublished\":\"2026-02-06T13:37:40+00:00\",\"dateModified\":\"2026-02-06T13:53:46+00:00\",\"breadcrumb\":{\"@id\":\"https:\/\/universoeletrico.com.br\/eletrico\/produto\/canaleta-para-piso\/#breadcrumb\"},\"inLanguage\":\"pt-BR\",\"potentialAction\":[{\"@type\":\"ReadAction\",\"target\":[\"https:\/\/universoeletrico.com.br\/eletrico\/produto\/canaleta-para-piso\/\"]}]},{\"@type\":\"ImageObject\",\"inLanguage\":\"pt-BR\",\"@id\":\"https:\/\/universoeletrico.com.br\/eletrico\/produto\/canaleta-para-piso\/#primaryimage\",\"url\":\"https:\/\/universoeletrico.com.br\/eletrico\/wp-content\/uploads\/2026\/02\/canaleta_piso_52x14mm_2m_hellermann_hp2_88243904_3ab6_600x600.webp\",\"contentUrl\":\"https:\/\/universoeletrico.com.br\/eletrico\/wp-content\/uploads\/2026\/02\/canaleta_piso_52x14mm_2m_hellermann_hp2_88243904_3ab6_600x600.webp\",\"width\":600,\"height\":600},{\"@type\":\"BreadcrumbList\",\"@id\":\"https:\/\/universoeletrico.com.br\/eletrico\/produto\/canaleta-para-piso\/#breadcrumb\",\"itemListElement\":[{\"@type\":\"ListItem\",\"position\":1,\"name\":\"In\u00edcio\",\"item\":\"https:\/\/universoeletrico.com.br\/eletrico\/\"},{\"@type\":\"ListItem\",\"position\":2,\"name\":\"Produtos\",\"item\":\"https:\/\/universoeletrico.com.br\/eletrico\/produtos\/\"},{\"@type\":\"ListItem\",\"position\":3,\"name\":\"CANALETA PARA PISO\"}]},{\"@type\":\"WebSite\",\"@id\":\"https:\/\/universoeletrico.com.br\/eletrico\/#website\",\"url\":\"https:\/\/universoeletrico.com.br\/eletrico\/\",\"name\":\"Universo El\u00e9trico\",\"description\":\"\",\"potentialAction\":[{\"@type\":\"SearchAction\",\"target\":{\"@type\":\"EntryPoint\",\"urlTemplate\":\"https:\/\/universoeletrico.com.br\/eletrico\/?s={search_term_string}\"},\"query-input\":{\"@type\":\"PropertyValueSpecification\",\"valueRequired\":true,\"valueName\":\"search_term_string\"}}],\"inLanguage\":\"pt-BR\"}]}<\/script>\n<!-- \/ Yoast SEO Premium plugin. -->","yoast_head_json":{"title":"CANALETA PARA PISO - Universo El\u00e9trico","robots":{"index":"index","follow":"follow","max-snippet":"max-snippet:-1","max-image-preview":"max-image-preview:large","max-video-preview":"max-video-preview:-1"},"canonical":"https:\/\/universoeletrico.com.br\/eletrico\/produto\/canaleta-para-piso\/","og_locale":"pt_BR","og_type":"article","og_title":"CANALETA PARA PISO","og_description":"Canaletas cinzas para piso s\u00e3o uma solu\u00e7\u00e3o pr\u00e1tica e resistente para organizar e proteger cabos sem a necessidade de quebrar o piso, com op\u00e7\u00f5es em PVC r\u00edgido. Elas s\u00e3o projetadas para suportar peso e evitar trope\u00e7os. cod: 19746 CANALETA CZ P\/PISO 52X14MM C\/FITA D.FACE cod: 19746 CANALETA CINZA PARA PISO 52 X 14MM Para Pre\u00e7os, [&hellip;]","og_url":"https:\/\/universoeletrico.com.br\/eletrico\/produto\/canaleta-para-piso\/","og_site_name":"Universo El\u00e9trico","article_modified_time":"2026-02-06T13:53:46+00:00","og_image":[{"width":600,"height":600,"url":"https:\/\/universoeletrico.com.br\/eletrico\/wp-content\/uploads\/2026\/02\/canaleta_piso_52x14mm_2m_hellermann_hp2_88243904_3ab6_600x600.webp","type":"image\/webp"}],"twitter_card":"summary_large_image","twitter_misc":{"Est. tempo de leitura":"1 minuto"},"schema":{"@context":"https:\/\/schema.org","@graph":[{"@type":"WebPage","@id":"https:\/\/universoeletrico.com.br\/eletrico\/produto\/canaleta-para-piso\/","url":"https:\/\/universoeletrico.com.br\/eletrico\/produto\/canaleta-para-piso\/","name":"CANALETA PARA PISO - Universo El\u00e9trico","isPartOf":{"@id":"https:\/\/universoeletrico.com.br\/eletrico\/#website"},"primaryImageOfPage":{"@id":"https:\/\/universoeletrico.com.br\/eletrico\/produto\/canaleta-para-piso\/#primaryimage"},"image":{"@id":"https:\/\/universoeletrico.com.br\/eletrico\/produto\/canaleta-para-piso\/#primaryimage"},"thumbnailUrl":"https:\/\/universoeletrico.com.br\/eletrico\/wp-content\/uploads\/2026\/02\/canaleta_piso_52x14mm_2m_hellermann_hp2_88243904_3ab6_600x600.webp","datePublished":"2026-02-06T13:37:40+00:00","dateModified":"2026-02-06T13:53:46+00:00","breadcrumb":{"@id":"https:\/\/universoeletrico.com.br\/eletrico\/produto\/canaleta-para-piso\/#breadcrumb"},"inLanguage":"pt-BR","potentialAction":[{"@type":"ReadAction","target":["https:\/\/universoeletrico.com.br\/eletrico\/produto\/canaleta-para-piso\/"]}]},{"@type":"ImageObject","inLanguage":"pt-BR","@id":"https:\/\/universoeletrico.com.br\/eletrico\/produto\/canaleta-para-piso\/#primaryimage","url":"https:\/\/universoeletrico.com.br\/eletrico\/wp-content\/uploads\/2026\/02\/canaleta_piso_52x14mm_2m_hellermann_hp2_88243904_3ab6_600x600.webp","contentUrl":"https:\/\/universoeletrico.com.br\/eletrico\/wp-content\/uploads\/2026\/02\/canaleta_piso_52x14mm_2m_hellermann_hp2_88243904_3ab6_600x600.webp","width":600,"height":600},{"@type":"BreadcrumbList","@id":"https:\/\/universoeletrico.com.br\/eletrico\/produto\/canaleta-para-piso\/#breadcrumb","itemListElement":[{"@type":"ListItem","position":1,"name":"In\u00edcio","item":"https:\/\/universoeletrico.com.br\/eletrico\/"},{"@type":"ListItem","position":2,"name":"Produtos","item":"https:\/\/universoeletrico.com.br\/eletrico\/produtos\/"},{"@type":"ListItem","position":3,"name":"CANALETA PARA PISO"}]},{"@type":"WebSite","@id":"https:\/\/universoeletrico.com.br\/eletrico\/#website","url":"https:\/\/universoeletrico.com.br\/eletrico\/","name":"Universo El\u00e9trico","description":"","potentialAction":[{"@type":"SearchAction","target":{"@type":"EntryPoint","urlTemplate":"https:\/\/universoeletrico.com.br\/eletrico\/?s={search_term_string}"},"query-input":{"@type":"PropertyValueSpecification","valueRequired":true,"valueName":"search_term_string"}}],"inLanguage":"pt-BR"}]}},"_links":{"self":[{"href":"https:\/\/universoeletrico.com.br\/eletrico\/wp-json\/wp\/v2\/product\/3151","targetHints":{"allow":["GET"]}}],"collection":[{"href":"https:\/\/universoeletrico.com.br\/eletrico\/wp-json\/wp\/v2\/product"}],"about":[{"href":"https:\/\/universoeletrico.com.br\/eletrico\/wp-json\/wp\/v2\/types\/product"}],"version-history":[{"count":1,"href":"https:\/\/universoeletrico.com.br\/eletrico\/wp-json\/wp\/v2\/product\/3151\/revisions"}],"predecessor-version":[{"id":3153,"href":"https:\/\/universoeletrico.com.br\/eletrico\/wp-json\/wp\/v2\/product\/3151\/revisions\/3153"}],"wp:featuredmedia":[{"embeddable":true,"href":"https:\/\/universoeletrico.com.br\/eletrico\/wp-json\/wp\/v2\/media\/3152"}],"wp:attachment":[{"href":"https:\/\/universoeletrico.com.br\/eletrico\/wp-json\/wp\/v2\/media?parent=3151"}],"wp:term":[{"taxonomy":"product_brand","embeddable":true,"href":"https:\/\/universoeletrico.com.br\/eletrico\/wp-json\/wp\/v2\/product_brand?post=3151"},{"taxonomy":"product_cat","embeddable":true,"href":"https:\/\/universoeletrico.com.br\/eletrico\/wp-json\/wp\/v2\/product_cat?post=3151"},{"taxonomy":"product_tag","embeddable":true,"href":"https:\/\/universoeletrico.com.br\/eletrico\/wp-json\/wp\/v2\/product_tag?post=3151"}],"curies":[{"name":"wp","href":"https:\/\/api.w.org\/{rel}","templated":true}]}}