{"id":3144,"date":"2026-02-06T10:08:28","date_gmt":"2026-02-06T13:08:28","guid":{"rendered":"https:\/\/universoeletrico.com.br\/eletrico\/?post_type=product&#038;p=3144"},"modified":"2026-02-06T10:25:50","modified_gmt":"2026-02-06T13:25:50","slug":"canaleta-aberta-pvc-2metros","status":"publish","type":"product","link":"https:\/\/universoeletrico.com.br\/eletrico\/produto\/canaleta-aberta-pvc-2metros\/","title":{"rendered":"CANALETA ABERTA PVC 2METROS"},"content":{"rendered":"<p>Canaleta PVC Aberta 2 metros, \u00e9 um produto padr\u00e3o, ideal para organiza\u00e7\u00e3o e prote\u00e7\u00e3o de fios e cabos em pain\u00e9is el\u00e9tricos e instala\u00e7\u00f5es industriais ou comerciais. modelos espec\u00edficos \u00e9 a s\u00e9rie Heladuct HD (para a vers\u00e3o de parede aberta).<\/p>\n<p>Segue abaixo todas op\u00e7\u00f5es de tamanhos em estoque:<\/p>\n<p>cod: 19673 CANALETA PVC ABERTA 30X30MM (PC.C\/2MT)<\/p>\n<p>cod: 19676 CANALETA PVC ABERTA 30X50MM (PC.C\/2MT)<\/p>\n<p>cod: 19679 CANALETA PVC ABERTA 50X50MM (PC.C\/2MT)<\/p>\n<p>cod :19682 CANALETA PVC ABERTA 80X50MM (PC.C\/2MT)<\/p>\n<p>cod: 19697 CANALETA PVC ABERTA 80X80MM (PC.C\/2MT)<\/p>\n<p>Para Pre\u00e7os, Or\u00e7amentos e D\u00favidas, fale com nossos especialistas.<\/p>\n","protected":false},"excerpt":{"rendered":"<p>Canaleta PVC Aberta 2 metros, \u00e9 um produto padr\u00e3o, ideal para organiza\u00e7\u00e3o e prote\u00e7\u00e3o de fios e cabos em pain\u00e9is el\u00e9tricos e instala\u00e7\u00f5es industriais ou comerciais. modelos espec\u00edficos \u00e9 a s\u00e9rie Heladuct HD (para a vers\u00e3o de parede aberta). Segue abaixo todas op\u00e7\u00f5es de tamanhos em estoque: cod: 19673 CANALETA PVC ABERTA 30X30MM (PC.C\/2MT) cod: [&hellip;]<\/p>\n","protected":false},"featured_media":3146,"template":"","meta":[],"product_brand":[213],"product_cat":[51,18],"product_tag":[216,215,179,214,133],"class_list":{"0":"post-3144","1":"product","2":"type-product","3":"status-publish","4":"has-post-thumbnail","6":"product_brand-hellermann","7":"product_cat-eletrodutos-e-mangueiras-flexiveis","8":"product_cat-material-eletrico","9":"product_tag-2mts","10":"product_tag-aberta","11":"product_tag-acessorio-eletrico","12":"product_tag-canaleta","13":"product_tag-material-eletrico","15":"first","16":"instock","17":"shipping-taxable","18":"purchasable","19":"product-type-simple"},"yoast_head":"<!-- This site is optimized with the Yoast SEO Premium plugin v26.1.1 (Yoast SEO v26.1.1) - https:\/\/yoast.com\/wordpress\/plugins\/seo\/ -->\n<title>CANALETA ABERTA PVC 2METROS - Universo El\u00e9trico<\/title>\n<meta name=\"robots\" content=\"index, follow, max-snippet:-1, max-image-preview:large, max-video-preview:-1\" \/>\n<link rel=\"canonical\" href=\"https:\/\/universoeletrico.com.br\/eletrico\/produto\/canaleta-aberta-pvc-2metros\/\" \/>\n<meta property=\"og:locale\" content=\"pt_BR\" \/>\n<meta property=\"og:type\" content=\"article\" \/>\n<meta property=\"og:title\" content=\"CANALETA ABERTA PVC 2METROS\" \/>\n<meta property=\"og:description\" content=\"Canaleta PVC Aberta 2 metros, \u00e9 um produto padr\u00e3o, ideal para organiza\u00e7\u00e3o e prote\u00e7\u00e3o de fios e cabos em pain\u00e9is el\u00e9tricos e instala\u00e7\u00f5es industriais ou comerciais. modelos espec\u00edficos \u00e9 a s\u00e9rie Heladuct HD (para a vers\u00e3o de parede aberta). Segue abaixo todas op\u00e7\u00f5es de tamanhos em estoque: cod: 19673 CANALETA PVC ABERTA 30X30MM (PC.C\/2MT) cod: [&hellip;]\" \/>\n<meta property=\"og:url\" content=\"https:\/\/universoeletrico.com.br\/eletrico\/produto\/canaleta-aberta-pvc-2metros\/\" \/>\n<meta property=\"og:site_name\" content=\"Universo El\u00e9trico\" \/>\n<meta property=\"article:modified_time\" content=\"2026-02-06T13:25:50+00:00\" \/>\n<meta property=\"og:image\" content=\"https:\/\/universoeletrico.com.br\/eletrico\/wp-content\/uploads\/2026\/02\/0001053.webp\" \/>\n\t<meta property=\"og:image:width\" content=\"1000\" \/>\n\t<meta property=\"og:image:height\" content=\"1000\" \/>\n\t<meta property=\"og:image:type\" content=\"image\/webp\" \/>\n<meta name=\"twitter:card\" content=\"summary_large_image\" \/>\n<meta name=\"twitter:label1\" content=\"Est. tempo de leitura\" \/>\n\t<meta name=\"twitter:data1\" content=\"1 minuto\" \/>\n<script type=\"application\/ld+json\" class=\"yoast-schema-graph\">{\"@context\":\"https:\/\/schema.org\",\"@graph\":[{\"@type\":\"WebPage\",\"@id\":\"https:\/\/universoeletrico.com.br\/eletrico\/produto\/canaleta-aberta-pvc-2metros\/\",\"url\":\"https:\/\/universoeletrico.com.br\/eletrico\/produto\/canaleta-aberta-pvc-2metros\/\",\"name\":\"CANALETA ABERTA PVC 2METROS - Universo El\u00e9trico\",\"isPartOf\":{\"@id\":\"https:\/\/universoeletrico.com.br\/eletrico\/#website\"},\"primaryImageOfPage\":{\"@id\":\"https:\/\/universoeletrico.com.br\/eletrico\/produto\/canaleta-aberta-pvc-2metros\/#primaryimage\"},\"image\":{\"@id\":\"https:\/\/universoeletrico.com.br\/eletrico\/produto\/canaleta-aberta-pvc-2metros\/#primaryimage\"},\"thumbnailUrl\":\"https:\/\/universoeletrico.com.br\/eletrico\/wp-content\/uploads\/2026\/02\/0001053.webp\",\"datePublished\":\"2026-02-06T13:08:28+00:00\",\"dateModified\":\"2026-02-06T13:25:50+00:00\",\"breadcrumb\":{\"@id\":\"https:\/\/universoeletrico.com.br\/eletrico\/produto\/canaleta-aberta-pvc-2metros\/#breadcrumb\"},\"inLanguage\":\"pt-BR\",\"potentialAction\":[{\"@type\":\"ReadAction\",\"target\":[\"https:\/\/universoeletrico.com.br\/eletrico\/produto\/canaleta-aberta-pvc-2metros\/\"]}]},{\"@type\":\"ImageObject\",\"inLanguage\":\"pt-BR\",\"@id\":\"https:\/\/universoeletrico.com.br\/eletrico\/produto\/canaleta-aberta-pvc-2metros\/#primaryimage\",\"url\":\"https:\/\/universoeletrico.com.br\/eletrico\/wp-content\/uploads\/2026\/02\/0001053.webp\",\"contentUrl\":\"https:\/\/universoeletrico.com.br\/eletrico\/wp-content\/uploads\/2026\/02\/0001053.webp\",\"width\":1000,\"height\":1000},{\"@type\":\"BreadcrumbList\",\"@id\":\"https:\/\/universoeletrico.com.br\/eletrico\/produto\/canaleta-aberta-pvc-2metros\/#breadcrumb\",\"itemListElement\":[{\"@type\":\"ListItem\",\"position\":1,\"name\":\"In\u00edcio\",\"item\":\"https:\/\/universoeletrico.com.br\/eletrico\/\"},{\"@type\":\"ListItem\",\"position\":2,\"name\":\"Produtos\",\"item\":\"https:\/\/universoeletrico.com.br\/eletrico\/produtos\/\"},{\"@type\":\"ListItem\",\"position\":3,\"name\":\"CANALETA ABERTA PVC 2METROS\"}]},{\"@type\":\"WebSite\",\"@id\":\"https:\/\/universoeletrico.com.br\/eletrico\/#website\",\"url\":\"https:\/\/universoeletrico.com.br\/eletrico\/\",\"name\":\"Universo El\u00e9trico\",\"description\":\"\",\"potentialAction\":[{\"@type\":\"SearchAction\",\"target\":{\"@type\":\"EntryPoint\",\"urlTemplate\":\"https:\/\/universoeletrico.com.br\/eletrico\/?s={search_term_string}\"},\"query-input\":{\"@type\":\"PropertyValueSpecification\",\"valueRequired\":true,\"valueName\":\"search_term_string\"}}],\"inLanguage\":\"pt-BR\"}]}<\/script>\n<!-- \/ Yoast SEO Premium plugin. -->","yoast_head_json":{"title":"CANALETA ABERTA PVC 2METROS - Universo El\u00e9trico","robots":{"index":"index","follow":"follow","max-snippet":"max-snippet:-1","max-image-preview":"max-image-preview:large","max-video-preview":"max-video-preview:-1"},"canonical":"https:\/\/universoeletrico.com.br\/eletrico\/produto\/canaleta-aberta-pvc-2metros\/","og_locale":"pt_BR","og_type":"article","og_title":"CANALETA ABERTA PVC 2METROS","og_description":"Canaleta PVC Aberta 2 metros, \u00e9 um produto padr\u00e3o, ideal para organiza\u00e7\u00e3o e prote\u00e7\u00e3o de fios e cabos em pain\u00e9is el\u00e9tricos e instala\u00e7\u00f5es industriais ou comerciais. modelos espec\u00edficos \u00e9 a s\u00e9rie Heladuct HD (para a vers\u00e3o de parede aberta). Segue abaixo todas op\u00e7\u00f5es de tamanhos em estoque: cod: 19673 CANALETA PVC ABERTA 30X30MM (PC.C\/2MT) cod: [&hellip;]","og_url":"https:\/\/universoeletrico.com.br\/eletrico\/produto\/canaleta-aberta-pvc-2metros\/","og_site_name":"Universo El\u00e9trico","article_modified_time":"2026-02-06T13:25:50+00:00","og_image":[{"width":1000,"height":1000,"url":"https:\/\/universoeletrico.com.br\/eletrico\/wp-content\/uploads\/2026\/02\/0001053.webp","type":"image\/webp"}],"twitter_card":"summary_large_image","twitter_misc":{"Est. tempo de leitura":"1 minuto"},"schema":{"@context":"https:\/\/schema.org","@graph":[{"@type":"WebPage","@id":"https:\/\/universoeletrico.com.br\/eletrico\/produto\/canaleta-aberta-pvc-2metros\/","url":"https:\/\/universoeletrico.com.br\/eletrico\/produto\/canaleta-aberta-pvc-2metros\/","name":"CANALETA ABERTA PVC 2METROS - Universo El\u00e9trico","isPartOf":{"@id":"https:\/\/universoeletrico.com.br\/eletrico\/#website"},"primaryImageOfPage":{"@id":"https:\/\/universoeletrico.com.br\/eletrico\/produto\/canaleta-aberta-pvc-2metros\/#primaryimage"},"image":{"@id":"https:\/\/universoeletrico.com.br\/eletrico\/produto\/canaleta-aberta-pvc-2metros\/#primaryimage"},"thumbnailUrl":"https:\/\/universoeletrico.com.br\/eletrico\/wp-content\/uploads\/2026\/02\/0001053.webp","datePublished":"2026-02-06T13:08:28+00:00","dateModified":"2026-02-06T13:25:50+00:00","breadcrumb":{"@id":"https:\/\/universoeletrico.com.br\/eletrico\/produto\/canaleta-aberta-pvc-2metros\/#breadcrumb"},"inLanguage":"pt-BR","potentialAction":[{"@type":"ReadAction","target":["https:\/\/universoeletrico.com.br\/eletrico\/produto\/canaleta-aberta-pvc-2metros\/"]}]},{"@type":"ImageObject","inLanguage":"pt-BR","@id":"https:\/\/universoeletrico.com.br\/eletrico\/produto\/canaleta-aberta-pvc-2metros\/#primaryimage","url":"https:\/\/universoeletrico.com.br\/eletrico\/wp-content\/uploads\/2026\/02\/0001053.webp","contentUrl":"https:\/\/universoeletrico.com.br\/eletrico\/wp-content\/uploads\/2026\/02\/0001053.webp","width":1000,"height":1000},{"@type":"BreadcrumbList","@id":"https:\/\/universoeletrico.com.br\/eletrico\/produto\/canaleta-aberta-pvc-2metros\/#breadcrumb","itemListElement":[{"@type":"ListItem","position":1,"name":"In\u00edcio","item":"https:\/\/universoeletrico.com.br\/eletrico\/"},{"@type":"ListItem","position":2,"name":"Produtos","item":"https:\/\/universoeletrico.com.br\/eletrico\/produtos\/"},{"@type":"ListItem","position":3,"name":"CANALETA ABERTA PVC 2METROS"}]},{"@type":"WebSite","@id":"https:\/\/universoeletrico.com.br\/eletrico\/#website","url":"https:\/\/universoeletrico.com.br\/eletrico\/","name":"Universo El\u00e9trico","description":"","potentialAction":[{"@type":"SearchAction","target":{"@type":"EntryPoint","urlTemplate":"https:\/\/universoeletrico.com.br\/eletrico\/?s={search_term_string}"},"query-input":{"@type":"PropertyValueSpecification","valueRequired":true,"valueName":"search_term_string"}}],"inLanguage":"pt-BR"}]}},"_links":{"self":[{"href":"https:\/\/universoeletrico.com.br\/eletrico\/wp-json\/wp\/v2\/product\/3144","targetHints":{"allow":["GET"]}}],"collection":[{"href":"https:\/\/universoeletrico.com.br\/eletrico\/wp-json\/wp\/v2\/product"}],"about":[{"href":"https:\/\/universoeletrico.com.br\/eletrico\/wp-json\/wp\/v2\/types\/product"}],"version-history":[{"count":4,"href":"https:\/\/universoeletrico.com.br\/eletrico\/wp-json\/wp\/v2\/product\/3144\/revisions"}],"predecessor-version":[{"id":3150,"href":"https:\/\/universoeletrico.com.br\/eletrico\/wp-json\/wp\/v2\/product\/3144\/revisions\/3150"}],"wp:featuredmedia":[{"embeddable":true,"href":"https:\/\/universoeletrico.com.br\/eletrico\/wp-json\/wp\/v2\/media\/3146"}],"wp:attachment":[{"href":"https:\/\/universoeletrico.com.br\/eletrico\/wp-json\/wp\/v2\/media?parent=3144"}],"wp:term":[{"taxonomy":"product_brand","embeddable":true,"href":"https:\/\/universoeletrico.com.br\/eletrico\/wp-json\/wp\/v2\/product_brand?post=3144"},{"taxonomy":"product_cat","embeddable":true,"href":"https:\/\/universoeletrico.com.br\/eletrico\/wp-json\/wp\/v2\/product_cat?post=3144"},{"taxonomy":"product_tag","embeddable":true,"href":"https:\/\/universoeletrico.com.br\/eletrico\/wp-json\/wp\/v2\/product_tag?post=3144"}],"curies":[{"name":"wp","href":"https:\/\/api.w.org\/{rel}","templated":true}]}}