{"id":3138,"date":"2026-02-06T09:29:29","date_gmt":"2026-02-06T12:29:29","guid":{"rendered":"https:\/\/universoeletrico.com.br\/eletrico\/?post_type=product&#038;p=3138"},"modified":"2026-02-06T09:32:11","modified_gmt":"2026-02-06T12:32:11","slug":"eletroduto-soldavel-pvc","status":"publish","type":"product","link":"https:\/\/universoeletrico.com.br\/eletrico\/produto\/eletroduto-soldavel-pvc\/","title":{"rendered":"ELETRODUTO SOLDAVEL PVC 3METROS"},"content":{"rendered":"<p>Eletroduto sold\u00e1vel PVC \u00e9 um tipo de condu\u00edte r\u00edgido utilizado para proteger condutores el\u00e9tricos, sendo ideal para instala\u00e7\u00f5es embutidas em paredes, pisos e lajes, pois oferece resist\u00eancia mec\u00e2nica p\u00f3s \u00e9 antichamas.<\/p>\n<p>Segue abaixo todas op\u00e7\u00f5es de tamanhos em estoque:<\/p>\n<p>cod: 76081 ELETRODUTO PVC 32MM 3\/4 SOLDAVEL<\/p>\n<p>cod: 76074 ELETRODUTO PVC 32MM 1&#8243; SOLDAVEL<\/p>\n<p>Para Pre\u00e7os, Or\u00e7amentos e D\u00favidas, fale com nossos especialistas.<\/p>\n","protected":false},"excerpt":{"rendered":"<p>Eletroduto sold\u00e1vel PVC \u00e9 um tipo de condu\u00edte r\u00edgido utilizado para proteger condutores el\u00e9tricos, sendo ideal para instala\u00e7\u00f5es embutidas em paredes, pisos e lajes, pois oferece resist\u00eancia mec\u00e2nica p\u00f3s \u00e9 antichamas. Segue abaixo todas op\u00e7\u00f5es de tamanhos em estoque: cod: 76081 ELETRODUTO PVC 32MM 3\/4 SOLDAVEL cod: 76074 ELETRODUTO PVC 32MM 1&#8243; SOLDAVEL Para Pre\u00e7os, [&hellip;]<\/p>\n","protected":false},"featured_media":3139,"template":"","meta":[],"product_brand":[],"product_cat":[51,18],"product_tag":[124,122,133,203,212],"class_list":{"0":"post-3138","1":"product","2":"type-product","3":"status-publish","4":"has-post-thumbnail","6":"product_cat-eletrodutos-e-mangueiras-flexiveis","7":"product_cat-material-eletrico","8":"product_tag-3mts","9":"product_tag-eletrodutos","10":"product_tag-material-eletrico","11":"product_tag-pvc","12":"product_tag-soldavel","14":"first","15":"instock","16":"shipping-taxable","17":"purchasable","18":"product-type-simple"},"yoast_head":"<!-- This site is optimized with the Yoast SEO Premium plugin v26.1.1 (Yoast SEO v26.1.1) - https:\/\/yoast.com\/wordpress\/plugins\/seo\/ -->\n<title>ELETRODUTO SOLDAVEL PVC 3METROS - Universo El\u00e9trico<\/title>\n<meta name=\"robots\" content=\"index, follow, max-snippet:-1, max-image-preview:large, max-video-preview:-1\" \/>\n<link rel=\"canonical\" href=\"https:\/\/universoeletrico.com.br\/eletrico\/produto\/eletroduto-soldavel-pvc\/\" \/>\n<meta property=\"og:locale\" content=\"pt_BR\" \/>\n<meta property=\"og:type\" content=\"article\" \/>\n<meta property=\"og:title\" content=\"ELETRODUTO SOLDAVEL PVC 3METROS\" \/>\n<meta property=\"og:description\" content=\"Eletroduto sold\u00e1vel PVC \u00e9 um tipo de condu\u00edte r\u00edgido utilizado para proteger condutores el\u00e9tricos, sendo ideal para instala\u00e7\u00f5es embutidas em paredes, pisos e lajes, pois oferece resist\u00eancia mec\u00e2nica p\u00f3s \u00e9 antichamas. Segue abaixo todas op\u00e7\u00f5es de tamanhos em estoque: cod: 76081 ELETRODUTO PVC 32MM 3\/4 SOLDAVEL cod: 76074 ELETRODUTO PVC 32MM 1&#8243; SOLDAVEL Para Pre\u00e7os, [&hellip;]\" \/>\n<meta property=\"og:url\" content=\"https:\/\/universoeletrico.com.br\/eletrico\/produto\/eletroduto-soldavel-pvc\/\" \/>\n<meta property=\"og:site_name\" content=\"Universo El\u00e9trico\" \/>\n<meta property=\"article:modified_time\" content=\"2026-02-06T12:32:11+00:00\" \/>\n<meta property=\"og:image\" content=\"https:\/\/universoeletrico.com.br\/eletrico\/wp-content\/uploads\/2026\/02\/4636.webp\" \/>\n\t<meta property=\"og:image:width\" content=\"1000\" \/>\n\t<meta property=\"og:image:height\" content=\"1000\" \/>\n\t<meta property=\"og:image:type\" content=\"image\/webp\" \/>\n<meta name=\"twitter:card\" content=\"summary_large_image\" \/>\n<meta name=\"twitter:label1\" content=\"Est. tempo de leitura\" \/>\n\t<meta name=\"twitter:data1\" content=\"1 minuto\" \/>\n<script type=\"application\/ld+json\" class=\"yoast-schema-graph\">{\"@context\":\"https:\/\/schema.org\",\"@graph\":[{\"@type\":\"WebPage\",\"@id\":\"https:\/\/universoeletrico.com.br\/eletrico\/produto\/eletroduto-soldavel-pvc\/\",\"url\":\"https:\/\/universoeletrico.com.br\/eletrico\/produto\/eletroduto-soldavel-pvc\/\",\"name\":\"ELETRODUTO SOLDAVEL PVC 3METROS - Universo El\u00e9trico\",\"isPartOf\":{\"@id\":\"https:\/\/universoeletrico.com.br\/eletrico\/#website\"},\"primaryImageOfPage\":{\"@id\":\"https:\/\/universoeletrico.com.br\/eletrico\/produto\/eletroduto-soldavel-pvc\/#primaryimage\"},\"image\":{\"@id\":\"https:\/\/universoeletrico.com.br\/eletrico\/produto\/eletroduto-soldavel-pvc\/#primaryimage\"},\"thumbnailUrl\":\"https:\/\/universoeletrico.com.br\/eletrico\/wp-content\/uploads\/2026\/02\/4636.webp\",\"datePublished\":\"2026-02-06T12:29:29+00:00\",\"dateModified\":\"2026-02-06T12:32:11+00:00\",\"breadcrumb\":{\"@id\":\"https:\/\/universoeletrico.com.br\/eletrico\/produto\/eletroduto-soldavel-pvc\/#breadcrumb\"},\"inLanguage\":\"pt-BR\",\"potentialAction\":[{\"@type\":\"ReadAction\",\"target\":[\"https:\/\/universoeletrico.com.br\/eletrico\/produto\/eletroduto-soldavel-pvc\/\"]}]},{\"@type\":\"ImageObject\",\"inLanguage\":\"pt-BR\",\"@id\":\"https:\/\/universoeletrico.com.br\/eletrico\/produto\/eletroduto-soldavel-pvc\/#primaryimage\",\"url\":\"https:\/\/universoeletrico.com.br\/eletrico\/wp-content\/uploads\/2026\/02\/4636.webp\",\"contentUrl\":\"https:\/\/universoeletrico.com.br\/eletrico\/wp-content\/uploads\/2026\/02\/4636.webp\",\"width\":1000,\"height\":1000},{\"@type\":\"BreadcrumbList\",\"@id\":\"https:\/\/universoeletrico.com.br\/eletrico\/produto\/eletroduto-soldavel-pvc\/#breadcrumb\",\"itemListElement\":[{\"@type\":\"ListItem\",\"position\":1,\"name\":\"In\u00edcio\",\"item\":\"https:\/\/universoeletrico.com.br\/eletrico\/\"},{\"@type\":\"ListItem\",\"position\":2,\"name\":\"Produtos\",\"item\":\"https:\/\/universoeletrico.com.br\/eletrico\/produtos\/\"},{\"@type\":\"ListItem\",\"position\":3,\"name\":\"ELETRODUTO SOLDAVEL PVC 3METROS\"}]},{\"@type\":\"WebSite\",\"@id\":\"https:\/\/universoeletrico.com.br\/eletrico\/#website\",\"url\":\"https:\/\/universoeletrico.com.br\/eletrico\/\",\"name\":\"Universo El\u00e9trico\",\"description\":\"\",\"potentialAction\":[{\"@type\":\"SearchAction\",\"target\":{\"@type\":\"EntryPoint\",\"urlTemplate\":\"https:\/\/universoeletrico.com.br\/eletrico\/?s={search_term_string}\"},\"query-input\":{\"@type\":\"PropertyValueSpecification\",\"valueRequired\":true,\"valueName\":\"search_term_string\"}}],\"inLanguage\":\"pt-BR\"}]}<\/script>\n<!-- \/ Yoast SEO Premium plugin. -->","yoast_head_json":{"title":"ELETRODUTO SOLDAVEL PVC 3METROS - Universo El\u00e9trico","robots":{"index":"index","follow":"follow","max-snippet":"max-snippet:-1","max-image-preview":"max-image-preview:large","max-video-preview":"max-video-preview:-1"},"canonical":"https:\/\/universoeletrico.com.br\/eletrico\/produto\/eletroduto-soldavel-pvc\/","og_locale":"pt_BR","og_type":"article","og_title":"ELETRODUTO SOLDAVEL PVC 3METROS","og_description":"Eletroduto sold\u00e1vel PVC \u00e9 um tipo de condu\u00edte r\u00edgido utilizado para proteger condutores el\u00e9tricos, sendo ideal para instala\u00e7\u00f5es embutidas em paredes, pisos e lajes, pois oferece resist\u00eancia mec\u00e2nica p\u00f3s \u00e9 antichamas. Segue abaixo todas op\u00e7\u00f5es de tamanhos em estoque: cod: 76081 ELETRODUTO PVC 32MM 3\/4 SOLDAVEL cod: 76074 ELETRODUTO PVC 32MM 1&#8243; SOLDAVEL Para Pre\u00e7os, [&hellip;]","og_url":"https:\/\/universoeletrico.com.br\/eletrico\/produto\/eletroduto-soldavel-pvc\/","og_site_name":"Universo El\u00e9trico","article_modified_time":"2026-02-06T12:32:11+00:00","og_image":[{"width":1000,"height":1000,"url":"https:\/\/universoeletrico.com.br\/eletrico\/wp-content\/uploads\/2026\/02\/4636.webp","type":"image\/webp"}],"twitter_card":"summary_large_image","twitter_misc":{"Est. tempo de leitura":"1 minuto"},"schema":{"@context":"https:\/\/schema.org","@graph":[{"@type":"WebPage","@id":"https:\/\/universoeletrico.com.br\/eletrico\/produto\/eletroduto-soldavel-pvc\/","url":"https:\/\/universoeletrico.com.br\/eletrico\/produto\/eletroduto-soldavel-pvc\/","name":"ELETRODUTO SOLDAVEL PVC 3METROS - Universo El\u00e9trico","isPartOf":{"@id":"https:\/\/universoeletrico.com.br\/eletrico\/#website"},"primaryImageOfPage":{"@id":"https:\/\/universoeletrico.com.br\/eletrico\/produto\/eletroduto-soldavel-pvc\/#primaryimage"},"image":{"@id":"https:\/\/universoeletrico.com.br\/eletrico\/produto\/eletroduto-soldavel-pvc\/#primaryimage"},"thumbnailUrl":"https:\/\/universoeletrico.com.br\/eletrico\/wp-content\/uploads\/2026\/02\/4636.webp","datePublished":"2026-02-06T12:29:29+00:00","dateModified":"2026-02-06T12:32:11+00:00","breadcrumb":{"@id":"https:\/\/universoeletrico.com.br\/eletrico\/produto\/eletroduto-soldavel-pvc\/#breadcrumb"},"inLanguage":"pt-BR","potentialAction":[{"@type":"ReadAction","target":["https:\/\/universoeletrico.com.br\/eletrico\/produto\/eletroduto-soldavel-pvc\/"]}]},{"@type":"ImageObject","inLanguage":"pt-BR","@id":"https:\/\/universoeletrico.com.br\/eletrico\/produto\/eletroduto-soldavel-pvc\/#primaryimage","url":"https:\/\/universoeletrico.com.br\/eletrico\/wp-content\/uploads\/2026\/02\/4636.webp","contentUrl":"https:\/\/universoeletrico.com.br\/eletrico\/wp-content\/uploads\/2026\/02\/4636.webp","width":1000,"height":1000},{"@type":"BreadcrumbList","@id":"https:\/\/universoeletrico.com.br\/eletrico\/produto\/eletroduto-soldavel-pvc\/#breadcrumb","itemListElement":[{"@type":"ListItem","position":1,"name":"In\u00edcio","item":"https:\/\/universoeletrico.com.br\/eletrico\/"},{"@type":"ListItem","position":2,"name":"Produtos","item":"https:\/\/universoeletrico.com.br\/eletrico\/produtos\/"},{"@type":"ListItem","position":3,"name":"ELETRODUTO SOLDAVEL PVC 3METROS"}]},{"@type":"WebSite","@id":"https:\/\/universoeletrico.com.br\/eletrico\/#website","url":"https:\/\/universoeletrico.com.br\/eletrico\/","name":"Universo El\u00e9trico","description":"","potentialAction":[{"@type":"SearchAction","target":{"@type":"EntryPoint","urlTemplate":"https:\/\/universoeletrico.com.br\/eletrico\/?s={search_term_string}"},"query-input":{"@type":"PropertyValueSpecification","valueRequired":true,"valueName":"search_term_string"}}],"inLanguage":"pt-BR"}]}},"_links":{"self":[{"href":"https:\/\/universoeletrico.com.br\/eletrico\/wp-json\/wp\/v2\/product\/3138","targetHints":{"allow":["GET"]}}],"collection":[{"href":"https:\/\/universoeletrico.com.br\/eletrico\/wp-json\/wp\/v2\/product"}],"about":[{"href":"https:\/\/universoeletrico.com.br\/eletrico\/wp-json\/wp\/v2\/types\/product"}],"version-history":[{"count":3,"href":"https:\/\/universoeletrico.com.br\/eletrico\/wp-json\/wp\/v2\/product\/3138\/revisions"}],"predecessor-version":[{"id":3142,"href":"https:\/\/universoeletrico.com.br\/eletrico\/wp-json\/wp\/v2\/product\/3138\/revisions\/3142"}],"wp:featuredmedia":[{"embeddable":true,"href":"https:\/\/universoeletrico.com.br\/eletrico\/wp-json\/wp\/v2\/media\/3139"}],"wp:attachment":[{"href":"https:\/\/universoeletrico.com.br\/eletrico\/wp-json\/wp\/v2\/media?parent=3138"}],"wp:term":[{"taxonomy":"product_brand","embeddable":true,"href":"https:\/\/universoeletrico.com.br\/eletrico\/wp-json\/wp\/v2\/product_brand?post=3138"},{"taxonomy":"product_cat","embeddable":true,"href":"https:\/\/universoeletrico.com.br\/eletrico\/wp-json\/wp\/v2\/product_cat?post=3138"},{"taxonomy":"product_tag","embeddable":true,"href":"https:\/\/universoeletrico.com.br\/eletrico\/wp-json\/wp\/v2\/product_tag?post=3138"}],"curies":[{"name":"wp","href":"https:\/\/api.w.org\/{rel}","templated":true}]}}