{"id":3130,"date":"2026-02-05T16:53:18","date_gmt":"2026-02-05T19:53:18","guid":{"rendered":"https:\/\/universoeletrico.com.br\/eletrico\/?post_type=product&#038;p=3130"},"modified":"2026-02-06T09:38:55","modified_gmt":"2026-02-06T12:38:55","slug":"curva-135g-pvc","status":"publish","type":"product","link":"https:\/\/universoeletrico.com.br\/eletrico\/produto\/curva-135g-pvc\/","title":{"rendered":"CURVA 135\u00b0 PVC"},"content":{"rendered":"<p>Curva 135G PVC \u00e9 uma conex\u00e3o de policloreto de vinila (PVC) utilizada em instala\u00e7\u00f5es el\u00e9tricas para criar uma mudan\u00e7a de dire\u00e7\u00e3o de 135 graus em eletrodutos, facilitando a passagem segura de fios e cabos.<\/p>\n<p>Segue abaixo todas op\u00e7\u00f5es de tamanhos em estoque:<\/p>\n<p>cod: 76116 CURVA PVC 1&#8221; 135G<\/p>\n<p>cod: 76069 CURVA PVC 1.1\/4X135G<\/p>\n<p>cod: 76070 CURVA PVC 1.1\/2X135G<\/p>\n<p>cod: 76117 CURVA PVC 2&#8221; 135G<\/p>\n<p>cod: 76105 CURVA PVC 2.1\/2X135G<\/p>\n<p>cod: 76090 CURVA PVC 3&#8221; 135G<\/p>\n<p>cod: 76118 CURVA PVC 4&#8221;135G<\/p>\n<p>&nbsp;<\/p>\n<p>Para Pre\u00e7os, Or\u00e7amentos e D\u00favidas, fale com nossos especialistas.<\/p>\n","protected":false},"excerpt":{"rendered":"<p>Curva 135G PVC \u00e9 uma conex\u00e3o de policloreto de vinila (PVC) utilizada em instala\u00e7\u00f5es el\u00e9tricas para criar uma mudan\u00e7a de dire\u00e7\u00e3o de 135 graus em eletrodutos, facilitando a passagem segura de fios e cabos. Segue abaixo todas op\u00e7\u00f5es de tamanhos em estoque: cod: 76116 CURVA PVC 1&#8221; 135G cod: 76069 CURVA PVC 1.1\/4X135G cod: 76070 [&hellip;]<\/p>\n","protected":false},"featured_media":3133,"template":"","meta":[],"product_brand":[],"product_cat":[51,18],"product_tag":[210,179,138,134,122,133,203],"class_list":{"0":"post-3130","1":"product","2":"type-product","3":"status-publish","4":"has-post-thumbnail","6":"product_cat-eletrodutos-e-mangueiras-flexiveis","7":"product_cat-material-eletrico","8":"product_tag-210","9":"product_tag-acessorio-eletrico","10":"product_tag-conexao","11":"product_tag-curva","12":"product_tag-eletrodutos","13":"product_tag-material-eletrico","14":"product_tag-pvc","16":"first","17":"instock","18":"shipping-taxable","19":"purchasable","20":"product-type-simple"},"yoast_head":"<!-- This site is optimized with the Yoast SEO Premium plugin v26.1.1 (Yoast SEO v26.1.1) - https:\/\/yoast.com\/wordpress\/plugins\/seo\/ -->\n<title>CURVA 135\u00b0 PVC - Universo El\u00e9trico<\/title>\n<meta name=\"robots\" content=\"index, follow, max-snippet:-1, max-image-preview:large, max-video-preview:-1\" \/>\n<link rel=\"canonical\" href=\"https:\/\/universoeletrico.com.br\/eletrico\/produto\/curva-135g-pvc\/\" \/>\n<meta property=\"og:locale\" content=\"pt_BR\" \/>\n<meta property=\"og:type\" content=\"article\" \/>\n<meta property=\"og:title\" content=\"CURVA 135\u00b0 PVC\" \/>\n<meta property=\"og:description\" content=\"Curva 135G PVC \u00e9 uma conex\u00e3o de policloreto de vinila (PVC) utilizada em instala\u00e7\u00f5es el\u00e9tricas para criar uma mudan\u00e7a de dire\u00e7\u00e3o de 135 graus em eletrodutos, facilitando a passagem segura de fios e cabos. Segue abaixo todas op\u00e7\u00f5es de tamanhos em estoque: cod: 76116 CURVA PVC 1&#8221; 135G cod: 76069 CURVA PVC 1.1\/4X135G cod: 76070 [&hellip;]\" \/>\n<meta property=\"og:url\" content=\"https:\/\/universoeletrico.com.br\/eletrico\/produto\/curva-135g-pvc\/\" \/>\n<meta property=\"og:site_name\" content=\"Universo El\u00e9trico\" \/>\n<meta property=\"article:modified_time\" content=\"2026-02-06T12:38:55+00:00\" \/>\n<meta property=\"og:image\" content=\"https:\/\/universoeletrico.com.br\/eletrico\/wp-content\/uploads\/2026\/02\/14677-800x800-1.webp\" \/>\n\t<meta property=\"og:image:width\" content=\"800\" \/>\n\t<meta property=\"og:image:height\" content=\"800\" \/>\n\t<meta property=\"og:image:type\" content=\"image\/webp\" \/>\n<meta name=\"twitter:card\" content=\"summary_large_image\" \/>\n<meta name=\"twitter:label1\" content=\"Est. tempo de leitura\" \/>\n\t<meta name=\"twitter:data1\" content=\"1 minuto\" \/>\n<script type=\"application\/ld+json\" class=\"yoast-schema-graph\">{\"@context\":\"https:\/\/schema.org\",\"@graph\":[{\"@type\":\"WebPage\",\"@id\":\"https:\/\/universoeletrico.com.br\/eletrico\/produto\/curva-135g-pvc\/\",\"url\":\"https:\/\/universoeletrico.com.br\/eletrico\/produto\/curva-135g-pvc\/\",\"name\":\"CURVA 135\u00b0 PVC - Universo El\u00e9trico\",\"isPartOf\":{\"@id\":\"https:\/\/universoeletrico.com.br\/eletrico\/#website\"},\"primaryImageOfPage\":{\"@id\":\"https:\/\/universoeletrico.com.br\/eletrico\/produto\/curva-135g-pvc\/#primaryimage\"},\"image\":{\"@id\":\"https:\/\/universoeletrico.com.br\/eletrico\/produto\/curva-135g-pvc\/#primaryimage\"},\"thumbnailUrl\":\"https:\/\/universoeletrico.com.br\/eletrico\/wp-content\/uploads\/2026\/02\/14677-800x800-1.webp\",\"datePublished\":\"2026-02-05T19:53:18+00:00\",\"dateModified\":\"2026-02-06T12:38:55+00:00\",\"breadcrumb\":{\"@id\":\"https:\/\/universoeletrico.com.br\/eletrico\/produto\/curva-135g-pvc\/#breadcrumb\"},\"inLanguage\":\"pt-BR\",\"potentialAction\":[{\"@type\":\"ReadAction\",\"target\":[\"https:\/\/universoeletrico.com.br\/eletrico\/produto\/curva-135g-pvc\/\"]}]},{\"@type\":\"ImageObject\",\"inLanguage\":\"pt-BR\",\"@id\":\"https:\/\/universoeletrico.com.br\/eletrico\/produto\/curva-135g-pvc\/#primaryimage\",\"url\":\"https:\/\/universoeletrico.com.br\/eletrico\/wp-content\/uploads\/2026\/02\/14677-800x800-1.webp\",\"contentUrl\":\"https:\/\/universoeletrico.com.br\/eletrico\/wp-content\/uploads\/2026\/02\/14677-800x800-1.webp\",\"width\":800,\"height\":800},{\"@type\":\"BreadcrumbList\",\"@id\":\"https:\/\/universoeletrico.com.br\/eletrico\/produto\/curva-135g-pvc\/#breadcrumb\",\"itemListElement\":[{\"@type\":\"ListItem\",\"position\":1,\"name\":\"In\u00edcio\",\"item\":\"https:\/\/universoeletrico.com.br\/eletrico\/\"},{\"@type\":\"ListItem\",\"position\":2,\"name\":\"Produtos\",\"item\":\"https:\/\/universoeletrico.com.br\/eletrico\/produtos\/\"},{\"@type\":\"ListItem\",\"position\":3,\"name\":\"CURVA 135\u00b0 PVC\"}]},{\"@type\":\"WebSite\",\"@id\":\"https:\/\/universoeletrico.com.br\/eletrico\/#website\",\"url\":\"https:\/\/universoeletrico.com.br\/eletrico\/\",\"name\":\"Universo El\u00e9trico\",\"description\":\"\",\"potentialAction\":[{\"@type\":\"SearchAction\",\"target\":{\"@type\":\"EntryPoint\",\"urlTemplate\":\"https:\/\/universoeletrico.com.br\/eletrico\/?s={search_term_string}\"},\"query-input\":{\"@type\":\"PropertyValueSpecification\",\"valueRequired\":true,\"valueName\":\"search_term_string\"}}],\"inLanguage\":\"pt-BR\"}]}<\/script>\n<!-- \/ Yoast SEO Premium plugin. -->","yoast_head_json":{"title":"CURVA 135\u00b0 PVC - Universo El\u00e9trico","robots":{"index":"index","follow":"follow","max-snippet":"max-snippet:-1","max-image-preview":"max-image-preview:large","max-video-preview":"max-video-preview:-1"},"canonical":"https:\/\/universoeletrico.com.br\/eletrico\/produto\/curva-135g-pvc\/","og_locale":"pt_BR","og_type":"article","og_title":"CURVA 135\u00b0 PVC","og_description":"Curva 135G PVC \u00e9 uma conex\u00e3o de policloreto de vinila (PVC) utilizada em instala\u00e7\u00f5es el\u00e9tricas para criar uma mudan\u00e7a de dire\u00e7\u00e3o de 135 graus em eletrodutos, facilitando a passagem segura de fios e cabos. Segue abaixo todas op\u00e7\u00f5es de tamanhos em estoque: cod: 76116 CURVA PVC 1&#8221; 135G cod: 76069 CURVA PVC 1.1\/4X135G cod: 76070 [&hellip;]","og_url":"https:\/\/universoeletrico.com.br\/eletrico\/produto\/curva-135g-pvc\/","og_site_name":"Universo El\u00e9trico","article_modified_time":"2026-02-06T12:38:55+00:00","og_image":[{"width":800,"height":800,"url":"https:\/\/universoeletrico.com.br\/eletrico\/wp-content\/uploads\/2026\/02\/14677-800x800-1.webp","type":"image\/webp"}],"twitter_card":"summary_large_image","twitter_misc":{"Est. tempo de leitura":"1 minuto"},"schema":{"@context":"https:\/\/schema.org","@graph":[{"@type":"WebPage","@id":"https:\/\/universoeletrico.com.br\/eletrico\/produto\/curva-135g-pvc\/","url":"https:\/\/universoeletrico.com.br\/eletrico\/produto\/curva-135g-pvc\/","name":"CURVA 135\u00b0 PVC - Universo El\u00e9trico","isPartOf":{"@id":"https:\/\/universoeletrico.com.br\/eletrico\/#website"},"primaryImageOfPage":{"@id":"https:\/\/universoeletrico.com.br\/eletrico\/produto\/curva-135g-pvc\/#primaryimage"},"image":{"@id":"https:\/\/universoeletrico.com.br\/eletrico\/produto\/curva-135g-pvc\/#primaryimage"},"thumbnailUrl":"https:\/\/universoeletrico.com.br\/eletrico\/wp-content\/uploads\/2026\/02\/14677-800x800-1.webp","datePublished":"2026-02-05T19:53:18+00:00","dateModified":"2026-02-06T12:38:55+00:00","breadcrumb":{"@id":"https:\/\/universoeletrico.com.br\/eletrico\/produto\/curva-135g-pvc\/#breadcrumb"},"inLanguage":"pt-BR","potentialAction":[{"@type":"ReadAction","target":["https:\/\/universoeletrico.com.br\/eletrico\/produto\/curva-135g-pvc\/"]}]},{"@type":"ImageObject","inLanguage":"pt-BR","@id":"https:\/\/universoeletrico.com.br\/eletrico\/produto\/curva-135g-pvc\/#primaryimage","url":"https:\/\/universoeletrico.com.br\/eletrico\/wp-content\/uploads\/2026\/02\/14677-800x800-1.webp","contentUrl":"https:\/\/universoeletrico.com.br\/eletrico\/wp-content\/uploads\/2026\/02\/14677-800x800-1.webp","width":800,"height":800},{"@type":"BreadcrumbList","@id":"https:\/\/universoeletrico.com.br\/eletrico\/produto\/curva-135g-pvc\/#breadcrumb","itemListElement":[{"@type":"ListItem","position":1,"name":"In\u00edcio","item":"https:\/\/universoeletrico.com.br\/eletrico\/"},{"@type":"ListItem","position":2,"name":"Produtos","item":"https:\/\/universoeletrico.com.br\/eletrico\/produtos\/"},{"@type":"ListItem","position":3,"name":"CURVA 135\u00b0 PVC"}]},{"@type":"WebSite","@id":"https:\/\/universoeletrico.com.br\/eletrico\/#website","url":"https:\/\/universoeletrico.com.br\/eletrico\/","name":"Universo El\u00e9trico","description":"","potentialAction":[{"@type":"SearchAction","target":{"@type":"EntryPoint","urlTemplate":"https:\/\/universoeletrico.com.br\/eletrico\/?s={search_term_string}"},"query-input":{"@type":"PropertyValueSpecification","valueRequired":true,"valueName":"search_term_string"}}],"inLanguage":"pt-BR"}]}},"_links":{"self":[{"href":"https:\/\/universoeletrico.com.br\/eletrico\/wp-json\/wp\/v2\/product\/3130","targetHints":{"allow":["GET"]}}],"collection":[{"href":"https:\/\/universoeletrico.com.br\/eletrico\/wp-json\/wp\/v2\/product"}],"about":[{"href":"https:\/\/universoeletrico.com.br\/eletrico\/wp-json\/wp\/v2\/types\/product"}],"version-history":[{"count":6,"href":"https:\/\/universoeletrico.com.br\/eletrico\/wp-json\/wp\/v2\/product\/3130\/revisions"}],"predecessor-version":[{"id":3145,"href":"https:\/\/universoeletrico.com.br\/eletrico\/wp-json\/wp\/v2\/product\/3130\/revisions\/3145"}],"wp:featuredmedia":[{"embeddable":true,"href":"https:\/\/universoeletrico.com.br\/eletrico\/wp-json\/wp\/v2\/media\/3133"}],"wp:attachment":[{"href":"https:\/\/universoeletrico.com.br\/eletrico\/wp-json\/wp\/v2\/media?parent=3130"}],"wp:term":[{"taxonomy":"product_brand","embeddable":true,"href":"https:\/\/universoeletrico.com.br\/eletrico\/wp-json\/wp\/v2\/product_brand?post=3130"},{"taxonomy":"product_cat","embeddable":true,"href":"https:\/\/universoeletrico.com.br\/eletrico\/wp-json\/wp\/v2\/product_cat?post=3130"},{"taxonomy":"product_tag","embeddable":true,"href":"https:\/\/universoeletrico.com.br\/eletrico\/wp-json\/wp\/v2\/product_tag?post=3130"}],"curies":[{"name":"wp","href":"https:\/\/api.w.org\/{rel}","templated":true}]}}