{"id":3118,"date":"2026-02-05T16:23:48","date_gmt":"2026-02-05T19:23:48","guid":{"rendered":"https:\/\/universoeletrico.com.br\/eletrico\/?post_type=product&#038;p=3118"},"modified":"2026-02-05T16:36:34","modified_gmt":"2026-02-05T19:36:34","slug":"curva-45-pvc","status":"publish","type":"product","link":"https:\/\/universoeletrico.com.br\/eletrico\/produto\/curva-45-pvc\/","title":{"rendered":"CURVA 45\u00b0 PVC"},"content":{"rendered":"<p>Curva 45\u00b0 para eletroduto de PVC \u00e9 um acess\u00f3rio utilizado em instala\u00e7\u00f5es el\u00e9tricas para permitir a mudan\u00e7a de dire\u00e7\u00e3o da tubula\u00e7\u00e3o em um \u00e2ngulo suave, facilitando a passagem dos cabos e reduzindo o desgaste.<\/p>\n<div class=\"elementor-element elementor-element-4f714c1c e-flex e-con-boxed e-con e-parent e-lazyloaded\" data-id=\"4f714c1c\" data-element_type=\"container\" data-settings=\"{&quot;background_background&quot;:&quot;classic&quot;,&quot;jet_parallax_layout_list&quot;:[]}\">\n<div class=\"e-con-inner\">\n<div class=\"elementor-element elementor-element-50356f71 e-con-full e-flex e-con e-child\" data-id=\"50356f71\" data-element_type=\"container\" data-settings=\"{&quot;background_background&quot;:&quot;classic&quot;,&quot;jet_parallax_layout_list&quot;:[]}\">\n<div class=\"elementor-element elementor-element-5f9cf53c elementor-widget elementor-widget-woocommerce-product-content\" data-id=\"5f9cf53c\" data-element_type=\"widget\" data-widget_type=\"woocommerce-product-content.default\">\n<p>Segue abaixo todas op\u00e7\u00f5es de tamanhos em estoque:<\/p>\n<p>cod: 76047 CURVA PVC 1\/2X45G<\/p>\n<p>cod: 76049 CURVA PVC 1X45G<\/p>\n<p>cod: 76050\u00a0CURVA PVC 1.1\/4X45G<\/p>\n<p>cod :76051 CURVA PVC 1.1\/2X45G<\/p>\n<p>cod: 76052 CURVA PVC 2X45G<\/p>\n<p>cod: 76053 CURVA PVC 2.1\/2X45G<\/p>\n<p>cod: 76054\u00a0CURVA PVC 3X45G<\/p>\n<p>cod: 76055\u00a0CURVA PVC 4X45G<\/p>\n<p>Para Pre\u00e7os, Or\u00e7amentos e D\u00favidas, fale com nossos especialistas.<\/p>\n<\/div>\n<\/div>\n<\/div>\n<\/div>\n","protected":false},"excerpt":{"rendered":"<p>Curva 45\u00b0 para eletroduto de PVC \u00e9 um acess\u00f3rio utilizado em instala\u00e7\u00f5es el\u00e9tricas para permitir a mudan\u00e7a de dire\u00e7\u00e3o da tubula\u00e7\u00e3o em um \u00e2ngulo suave, facilitando a passagem dos cabos e reduzindo o desgaste. Segue abaixo todas op\u00e7\u00f5es de tamanhos em estoque: cod: 76047 CURVA PVC 1\/2X45G cod: 76049 CURVA PVC 1X45G cod: 76050\u00a0CURVA PVC [&hellip;]<\/p>\n","protected":false},"featured_media":3120,"template":"","meta":[],"product_brand":[],"product_cat":[51,18],"product_tag":[179,138,208,122,133,203],"class_list":{"0":"post-3118","1":"product","2":"type-product","3":"status-publish","4":"has-post-thumbnail","6":"product_cat-eletrodutos-e-mangueiras-flexiveis","7":"product_cat-material-eletrico","8":"product_tag-acessorio-eletrico","9":"product_tag-conexao","10":"product_tag-curva-45","11":"product_tag-eletrodutos","12":"product_tag-material-eletrico","13":"product_tag-pvc","15":"first","16":"instock","17":"shipping-taxable","18":"purchasable","19":"product-type-simple"},"yoast_head":"<!-- This site is optimized with the Yoast SEO Premium plugin v26.1.1 (Yoast SEO v26.1.1) - https:\/\/yoast.com\/wordpress\/plugins\/seo\/ -->\n<title>CURVA 45\u00b0 PVC - Universo El\u00e9trico<\/title>\n<meta name=\"robots\" content=\"index, follow, max-snippet:-1, max-image-preview:large, max-video-preview:-1\" \/>\n<link rel=\"canonical\" href=\"https:\/\/universoeletrico.com.br\/eletrico\/produto\/curva-45-pvc\/\" \/>\n<meta property=\"og:locale\" content=\"pt_BR\" \/>\n<meta property=\"og:type\" content=\"article\" \/>\n<meta property=\"og:title\" content=\"CURVA 45\u00b0 PVC\" \/>\n<meta property=\"og:description\" content=\"Curva 45\u00b0 para eletroduto de PVC \u00e9 um acess\u00f3rio utilizado em instala\u00e7\u00f5es el\u00e9tricas para permitir a mudan\u00e7a de dire\u00e7\u00e3o da tubula\u00e7\u00e3o em um \u00e2ngulo suave, facilitando a passagem dos cabos e reduzindo o desgaste. Segue abaixo todas op\u00e7\u00f5es de tamanhos em estoque: cod: 76047 CURVA PVC 1\/2X45G cod: 76049 CURVA PVC 1X45G cod: 76050\u00a0CURVA PVC [&hellip;]\" \/>\n<meta property=\"og:url\" content=\"https:\/\/universoeletrico.com.br\/eletrico\/produto\/curva-45-pvc\/\" \/>\n<meta property=\"og:site_name\" content=\"Universo El\u00e9trico\" \/>\n<meta property=\"article:modified_time\" content=\"2026-02-05T19:36:34+00:00\" \/>\n<meta property=\"og:image\" content=\"https:\/\/universoeletrico.com.br\/eletrico\/wp-content\/uploads\/2026\/02\/138.webp\" \/>\n\t<meta property=\"og:image:width\" content=\"600\" \/>\n\t<meta property=\"og:image:height\" content=\"600\" \/>\n\t<meta property=\"og:image:type\" content=\"image\/webp\" \/>\n<meta name=\"twitter:card\" content=\"summary_large_image\" \/>\n<meta name=\"twitter:label1\" content=\"Est. tempo de leitura\" \/>\n\t<meta name=\"twitter:data1\" content=\"1 minuto\" \/>\n<script type=\"application\/ld+json\" class=\"yoast-schema-graph\">{\"@context\":\"https:\/\/schema.org\",\"@graph\":[{\"@type\":\"WebPage\",\"@id\":\"https:\/\/universoeletrico.com.br\/eletrico\/produto\/curva-45-pvc\/\",\"url\":\"https:\/\/universoeletrico.com.br\/eletrico\/produto\/curva-45-pvc\/\",\"name\":\"CURVA 45\u00b0 PVC - Universo El\u00e9trico\",\"isPartOf\":{\"@id\":\"https:\/\/universoeletrico.com.br\/eletrico\/#website\"},\"primaryImageOfPage\":{\"@id\":\"https:\/\/universoeletrico.com.br\/eletrico\/produto\/curva-45-pvc\/#primaryimage\"},\"image\":{\"@id\":\"https:\/\/universoeletrico.com.br\/eletrico\/produto\/curva-45-pvc\/#primaryimage\"},\"thumbnailUrl\":\"https:\/\/universoeletrico.com.br\/eletrico\/wp-content\/uploads\/2026\/02\/138.webp\",\"datePublished\":\"2026-02-05T19:23:48+00:00\",\"dateModified\":\"2026-02-05T19:36:34+00:00\",\"breadcrumb\":{\"@id\":\"https:\/\/universoeletrico.com.br\/eletrico\/produto\/curva-45-pvc\/#breadcrumb\"},\"inLanguage\":\"pt-BR\",\"potentialAction\":[{\"@type\":\"ReadAction\",\"target\":[\"https:\/\/universoeletrico.com.br\/eletrico\/produto\/curva-45-pvc\/\"]}]},{\"@type\":\"ImageObject\",\"inLanguage\":\"pt-BR\",\"@id\":\"https:\/\/universoeletrico.com.br\/eletrico\/produto\/curva-45-pvc\/#primaryimage\",\"url\":\"https:\/\/universoeletrico.com.br\/eletrico\/wp-content\/uploads\/2026\/02\/138.webp\",\"contentUrl\":\"https:\/\/universoeletrico.com.br\/eletrico\/wp-content\/uploads\/2026\/02\/138.webp\",\"width\":600,\"height\":600},{\"@type\":\"BreadcrumbList\",\"@id\":\"https:\/\/universoeletrico.com.br\/eletrico\/produto\/curva-45-pvc\/#breadcrumb\",\"itemListElement\":[{\"@type\":\"ListItem\",\"position\":1,\"name\":\"In\u00edcio\",\"item\":\"https:\/\/universoeletrico.com.br\/eletrico\/\"},{\"@type\":\"ListItem\",\"position\":2,\"name\":\"Produtos\",\"item\":\"https:\/\/universoeletrico.com.br\/eletrico\/produtos\/\"},{\"@type\":\"ListItem\",\"position\":3,\"name\":\"CURVA 45\u00b0 PVC\"}]},{\"@type\":\"WebSite\",\"@id\":\"https:\/\/universoeletrico.com.br\/eletrico\/#website\",\"url\":\"https:\/\/universoeletrico.com.br\/eletrico\/\",\"name\":\"Universo El\u00e9trico\",\"description\":\"\",\"potentialAction\":[{\"@type\":\"SearchAction\",\"target\":{\"@type\":\"EntryPoint\",\"urlTemplate\":\"https:\/\/universoeletrico.com.br\/eletrico\/?s={search_term_string}\"},\"query-input\":{\"@type\":\"PropertyValueSpecification\",\"valueRequired\":true,\"valueName\":\"search_term_string\"}}],\"inLanguage\":\"pt-BR\"}]}<\/script>\n<!-- \/ Yoast SEO Premium plugin. -->","yoast_head_json":{"title":"CURVA 45\u00b0 PVC - Universo El\u00e9trico","robots":{"index":"index","follow":"follow","max-snippet":"max-snippet:-1","max-image-preview":"max-image-preview:large","max-video-preview":"max-video-preview:-1"},"canonical":"https:\/\/universoeletrico.com.br\/eletrico\/produto\/curva-45-pvc\/","og_locale":"pt_BR","og_type":"article","og_title":"CURVA 45\u00b0 PVC","og_description":"Curva 45\u00b0 para eletroduto de PVC \u00e9 um acess\u00f3rio utilizado em instala\u00e7\u00f5es el\u00e9tricas para permitir a mudan\u00e7a de dire\u00e7\u00e3o da tubula\u00e7\u00e3o em um \u00e2ngulo suave, facilitando a passagem dos cabos e reduzindo o desgaste. Segue abaixo todas op\u00e7\u00f5es de tamanhos em estoque: cod: 76047 CURVA PVC 1\/2X45G cod: 76049 CURVA PVC 1X45G cod: 76050\u00a0CURVA PVC [&hellip;]","og_url":"https:\/\/universoeletrico.com.br\/eletrico\/produto\/curva-45-pvc\/","og_site_name":"Universo El\u00e9trico","article_modified_time":"2026-02-05T19:36:34+00:00","og_image":[{"width":600,"height":600,"url":"https:\/\/universoeletrico.com.br\/eletrico\/wp-content\/uploads\/2026\/02\/138.webp","type":"image\/webp"}],"twitter_card":"summary_large_image","twitter_misc":{"Est. tempo de leitura":"1 minuto"},"schema":{"@context":"https:\/\/schema.org","@graph":[{"@type":"WebPage","@id":"https:\/\/universoeletrico.com.br\/eletrico\/produto\/curva-45-pvc\/","url":"https:\/\/universoeletrico.com.br\/eletrico\/produto\/curva-45-pvc\/","name":"CURVA 45\u00b0 PVC - Universo El\u00e9trico","isPartOf":{"@id":"https:\/\/universoeletrico.com.br\/eletrico\/#website"},"primaryImageOfPage":{"@id":"https:\/\/universoeletrico.com.br\/eletrico\/produto\/curva-45-pvc\/#primaryimage"},"image":{"@id":"https:\/\/universoeletrico.com.br\/eletrico\/produto\/curva-45-pvc\/#primaryimage"},"thumbnailUrl":"https:\/\/universoeletrico.com.br\/eletrico\/wp-content\/uploads\/2026\/02\/138.webp","datePublished":"2026-02-05T19:23:48+00:00","dateModified":"2026-02-05T19:36:34+00:00","breadcrumb":{"@id":"https:\/\/universoeletrico.com.br\/eletrico\/produto\/curva-45-pvc\/#breadcrumb"},"inLanguage":"pt-BR","potentialAction":[{"@type":"ReadAction","target":["https:\/\/universoeletrico.com.br\/eletrico\/produto\/curva-45-pvc\/"]}]},{"@type":"ImageObject","inLanguage":"pt-BR","@id":"https:\/\/universoeletrico.com.br\/eletrico\/produto\/curva-45-pvc\/#primaryimage","url":"https:\/\/universoeletrico.com.br\/eletrico\/wp-content\/uploads\/2026\/02\/138.webp","contentUrl":"https:\/\/universoeletrico.com.br\/eletrico\/wp-content\/uploads\/2026\/02\/138.webp","width":600,"height":600},{"@type":"BreadcrumbList","@id":"https:\/\/universoeletrico.com.br\/eletrico\/produto\/curva-45-pvc\/#breadcrumb","itemListElement":[{"@type":"ListItem","position":1,"name":"In\u00edcio","item":"https:\/\/universoeletrico.com.br\/eletrico\/"},{"@type":"ListItem","position":2,"name":"Produtos","item":"https:\/\/universoeletrico.com.br\/eletrico\/produtos\/"},{"@type":"ListItem","position":3,"name":"CURVA 45\u00b0 PVC"}]},{"@type":"WebSite","@id":"https:\/\/universoeletrico.com.br\/eletrico\/#website","url":"https:\/\/universoeletrico.com.br\/eletrico\/","name":"Universo El\u00e9trico","description":"","potentialAction":[{"@type":"SearchAction","target":{"@type":"EntryPoint","urlTemplate":"https:\/\/universoeletrico.com.br\/eletrico\/?s={search_term_string}"},"query-input":{"@type":"PropertyValueSpecification","valueRequired":true,"valueName":"search_term_string"}}],"inLanguage":"pt-BR"}]}},"_links":{"self":[{"href":"https:\/\/universoeletrico.com.br\/eletrico\/wp-json\/wp\/v2\/product\/3118","targetHints":{"allow":["GET"]}}],"collection":[{"href":"https:\/\/universoeletrico.com.br\/eletrico\/wp-json\/wp\/v2\/product"}],"about":[{"href":"https:\/\/universoeletrico.com.br\/eletrico\/wp-json\/wp\/v2\/types\/product"}],"version-history":[{"count":5,"href":"https:\/\/universoeletrico.com.br\/eletrico\/wp-json\/wp\/v2\/product\/3118\/revisions"}],"predecessor-version":[{"id":3125,"href":"https:\/\/universoeletrico.com.br\/eletrico\/wp-json\/wp\/v2\/product\/3118\/revisions\/3125"}],"wp:featuredmedia":[{"embeddable":true,"href":"https:\/\/universoeletrico.com.br\/eletrico\/wp-json\/wp\/v2\/media\/3120"}],"wp:attachment":[{"href":"https:\/\/universoeletrico.com.br\/eletrico\/wp-json\/wp\/v2\/media?parent=3118"}],"wp:term":[{"taxonomy":"product_brand","embeddable":true,"href":"https:\/\/universoeletrico.com.br\/eletrico\/wp-json\/wp\/v2\/product_brand?post=3118"},{"taxonomy":"product_cat","embeddable":true,"href":"https:\/\/universoeletrico.com.br\/eletrico\/wp-json\/wp\/v2\/product_cat?post=3118"},{"taxonomy":"product_tag","embeddable":true,"href":"https:\/\/universoeletrico.com.br\/eletrico\/wp-json\/wp\/v2\/product_tag?post=3118"}],"curies":[{"name":"wp","href":"https:\/\/api.w.org\/{rel}","templated":true}]}}