{"id":3105,"date":"2026-02-05T10:34:17","date_gmt":"2026-02-05T13:34:17","guid":{"rendered":"https:\/\/universoeletrico.com.br\/eletrico\/?post_type=product&#038;p=3105"},"modified":"2026-02-05T16:16:36","modified_gmt":"2026-02-05T19:16:36","slug":"niple-em-pvc-rigido-20cm","status":"publish","type":"product","link":"https:\/\/universoeletrico.com.br\/eletrico\/produto\/niple-em-pvc-rigido-20cm\/","title":{"rendered":"NIPLE EM PVC RIGIDO 20CM"},"content":{"rendered":"<p>Niple em PVC 20cm r\u00edgido \u00e9 uma conex\u00e3o tubular utilizada para interligar tubos e conex\u00f5es em sistemas hidr\u00e1ulicos e el\u00e9tricos, proporcionando uma veda\u00e7\u00e3o segura e instala\u00e7\u00e3o pr\u00e1tica. \u00c9 fabricado em policloreto de vinila sem plastificantes, o que lhe confere dureza e alta resist\u00eancia mec\u00e2nica.<\/p>\n<p>Segue abaixo todas op\u00e7\u00f5es de tamanhos em estoque:<\/p>\n<p>cod: 76095 NIPLE EM PVC RIGIDO DIAMETRO\u00a0 1 X 20CM<\/p>\n<p>cod: 76096 NIPLE EM PVC RIGIDO DIAMETRO\u00a0 1.1\/4 X 20CM<\/p>\n<p>cod: 76097 NIPLE EM PVC RIGIDO DIAMETRO 1.1\/2\u00a0 X 20CM<\/p>\n<p>cod: 76098 NIPLE EM PVC RIGIDO DIAMETRO\u00a0 2 X 20CM<\/p>\n<p>cod: 76099 NIPLE EM PVC RIGIDO DIAMETRO 2.1\/2 X 20CM<\/p>\n<p>cod: 76101 NIPLE EM PVC RIGIDO DIAMETRO 3 X 20CM<\/p>\n<p>cod: 76102 NIPLE EM PVC RIGIDO DIAMETRO 4 X 20CM<\/p>\n<p>Para Pre\u00e7os, Or\u00e7amentos e D\u00favidas, fale com nossos especialistas.<\/p>\n","protected":false},"excerpt":{"rendered":"<p>Niple em PVC 20cm r\u00edgido \u00e9 uma conex\u00e3o tubular utilizada para interligar tubos e conex\u00f5es em sistemas hidr\u00e1ulicos e el\u00e9tricos, proporcionando uma veda\u00e7\u00e3o segura e instala\u00e7\u00e3o pr\u00e1tica. \u00c9 fabricado em policloreto de vinila sem plastificantes, o que lhe confere dureza e alta resist\u00eancia mec\u00e2nica. Segue abaixo todas op\u00e7\u00f5es de tamanhos em estoque: cod: 76095 NIPLE [&hellip;]<\/p>\n","protected":false},"featured_media":3106,"template":"","meta":[],"product_brand":[],"product_cat":[51,18],"product_tag":[205,179,133,206,203],"class_list":{"0":"post-3105","1":"product","2":"type-product","3":"status-publish","4":"has-post-thumbnail","6":"product_cat-eletrodutos-e-mangueiras-flexiveis","7":"product_cat-material-eletrico","8":"product_tag-20cm","9":"product_tag-acessorio-eletrico","10":"product_tag-material-eletrico","11":"product_tag-niple","12":"product_tag-pvc","14":"first","15":"instock","16":"shipping-taxable","17":"purchasable","18":"product-type-simple"},"yoast_head":"<!-- This site is optimized with the Yoast SEO Premium plugin v26.1.1 (Yoast SEO v26.1.1) - https:\/\/yoast.com\/wordpress\/plugins\/seo\/ -->\n<title>NIPLE EM PVC RIGIDO 20CM - Universo El\u00e9trico<\/title>\n<meta name=\"robots\" content=\"index, follow, max-snippet:-1, max-image-preview:large, max-video-preview:-1\" \/>\n<link rel=\"canonical\" href=\"https:\/\/universoeletrico.com.br\/eletrico\/produto\/niple-em-pvc-rigido-20cm\/\" \/>\n<meta property=\"og:locale\" content=\"pt_BR\" \/>\n<meta property=\"og:type\" content=\"article\" \/>\n<meta property=\"og:title\" content=\"NIPLE EM PVC RIGIDO 20CM\" \/>\n<meta property=\"og:description\" content=\"Niple em PVC 20cm r\u00edgido \u00e9 uma conex\u00e3o tubular utilizada para interligar tubos e conex\u00f5es em sistemas hidr\u00e1ulicos e el\u00e9tricos, proporcionando uma veda\u00e7\u00e3o segura e instala\u00e7\u00e3o pr\u00e1tica. \u00c9 fabricado em policloreto de vinila sem plastificantes, o que lhe confere dureza e alta resist\u00eancia mec\u00e2nica. Segue abaixo todas op\u00e7\u00f5es de tamanhos em estoque: cod: 76095 NIPLE [&hellip;]\" \/>\n<meta property=\"og:url\" content=\"https:\/\/universoeletrico.com.br\/eletrico\/produto\/niple-em-pvc-rigido-20cm\/\" \/>\n<meta property=\"og:site_name\" content=\"Universo El\u00e9trico\" \/>\n<meta property=\"article:modified_time\" content=\"2026-02-05T19:16:36+00:00\" \/>\n<meta property=\"og:image\" content=\"https:\/\/universoeletrico.com.br\/eletrico\/wp-content\/uploads\/2026\/02\/2492200000184_Niple_de_PVC__1poleg_x100mm.webp\" \/>\n\t<meta property=\"og:image:width\" content=\"643\" \/>\n\t<meta property=\"og:image:height\" content=\"642\" \/>\n\t<meta property=\"og:image:type\" content=\"image\/webp\" \/>\n<meta name=\"twitter:card\" content=\"summary_large_image\" \/>\n<meta name=\"twitter:label1\" content=\"Est. tempo de leitura\" \/>\n\t<meta name=\"twitter:data1\" content=\"1 minuto\" \/>\n<script type=\"application\/ld+json\" class=\"yoast-schema-graph\">{\"@context\":\"https:\/\/schema.org\",\"@graph\":[{\"@type\":\"WebPage\",\"@id\":\"https:\/\/universoeletrico.com.br\/eletrico\/produto\/niple-em-pvc-rigido-20cm\/\",\"url\":\"https:\/\/universoeletrico.com.br\/eletrico\/produto\/niple-em-pvc-rigido-20cm\/\",\"name\":\"NIPLE EM PVC RIGIDO 20CM - Universo El\u00e9trico\",\"isPartOf\":{\"@id\":\"https:\/\/universoeletrico.com.br\/eletrico\/#website\"},\"primaryImageOfPage\":{\"@id\":\"https:\/\/universoeletrico.com.br\/eletrico\/produto\/niple-em-pvc-rigido-20cm\/#primaryimage\"},\"image\":{\"@id\":\"https:\/\/universoeletrico.com.br\/eletrico\/produto\/niple-em-pvc-rigido-20cm\/#primaryimage\"},\"thumbnailUrl\":\"https:\/\/universoeletrico.com.br\/eletrico\/wp-content\/uploads\/2026\/02\/2492200000184_Niple_de_PVC__1poleg_x100mm.webp\",\"datePublished\":\"2026-02-05T13:34:17+00:00\",\"dateModified\":\"2026-02-05T19:16:36+00:00\",\"breadcrumb\":{\"@id\":\"https:\/\/universoeletrico.com.br\/eletrico\/produto\/niple-em-pvc-rigido-20cm\/#breadcrumb\"},\"inLanguage\":\"pt-BR\",\"potentialAction\":[{\"@type\":\"ReadAction\",\"target\":[\"https:\/\/universoeletrico.com.br\/eletrico\/produto\/niple-em-pvc-rigido-20cm\/\"]}]},{\"@type\":\"ImageObject\",\"inLanguage\":\"pt-BR\",\"@id\":\"https:\/\/universoeletrico.com.br\/eletrico\/produto\/niple-em-pvc-rigido-20cm\/#primaryimage\",\"url\":\"https:\/\/universoeletrico.com.br\/eletrico\/wp-content\/uploads\/2026\/02\/2492200000184_Niple_de_PVC__1poleg_x100mm.webp\",\"contentUrl\":\"https:\/\/universoeletrico.com.br\/eletrico\/wp-content\/uploads\/2026\/02\/2492200000184_Niple_de_PVC__1poleg_x100mm.webp\",\"width\":643,\"height\":642},{\"@type\":\"BreadcrumbList\",\"@id\":\"https:\/\/universoeletrico.com.br\/eletrico\/produto\/niple-em-pvc-rigido-20cm\/#breadcrumb\",\"itemListElement\":[{\"@type\":\"ListItem\",\"position\":1,\"name\":\"In\u00edcio\",\"item\":\"https:\/\/universoeletrico.com.br\/eletrico\/\"},{\"@type\":\"ListItem\",\"position\":2,\"name\":\"Produtos\",\"item\":\"https:\/\/universoeletrico.com.br\/eletrico\/produtos\/\"},{\"@type\":\"ListItem\",\"position\":3,\"name\":\"NIPLE EM PVC RIGIDO 20CM\"}]},{\"@type\":\"WebSite\",\"@id\":\"https:\/\/universoeletrico.com.br\/eletrico\/#website\",\"url\":\"https:\/\/universoeletrico.com.br\/eletrico\/\",\"name\":\"Universo El\u00e9trico\",\"description\":\"\",\"potentialAction\":[{\"@type\":\"SearchAction\",\"target\":{\"@type\":\"EntryPoint\",\"urlTemplate\":\"https:\/\/universoeletrico.com.br\/eletrico\/?s={search_term_string}\"},\"query-input\":{\"@type\":\"PropertyValueSpecification\",\"valueRequired\":true,\"valueName\":\"search_term_string\"}}],\"inLanguage\":\"pt-BR\"}]}<\/script>\n<!-- \/ Yoast SEO Premium plugin. -->","yoast_head_json":{"title":"NIPLE EM PVC RIGIDO 20CM - Universo El\u00e9trico","robots":{"index":"index","follow":"follow","max-snippet":"max-snippet:-1","max-image-preview":"max-image-preview:large","max-video-preview":"max-video-preview:-1"},"canonical":"https:\/\/universoeletrico.com.br\/eletrico\/produto\/niple-em-pvc-rigido-20cm\/","og_locale":"pt_BR","og_type":"article","og_title":"NIPLE EM PVC RIGIDO 20CM","og_description":"Niple em PVC 20cm r\u00edgido \u00e9 uma conex\u00e3o tubular utilizada para interligar tubos e conex\u00f5es em sistemas hidr\u00e1ulicos e el\u00e9tricos, proporcionando uma veda\u00e7\u00e3o segura e instala\u00e7\u00e3o pr\u00e1tica. \u00c9 fabricado em policloreto de vinila sem plastificantes, o que lhe confere dureza e alta resist\u00eancia mec\u00e2nica. Segue abaixo todas op\u00e7\u00f5es de tamanhos em estoque: cod: 76095 NIPLE [&hellip;]","og_url":"https:\/\/universoeletrico.com.br\/eletrico\/produto\/niple-em-pvc-rigido-20cm\/","og_site_name":"Universo El\u00e9trico","article_modified_time":"2026-02-05T19:16:36+00:00","og_image":[{"width":643,"height":642,"url":"https:\/\/universoeletrico.com.br\/eletrico\/wp-content\/uploads\/2026\/02\/2492200000184_Niple_de_PVC__1poleg_x100mm.webp","type":"image\/webp"}],"twitter_card":"summary_large_image","twitter_misc":{"Est. tempo de leitura":"1 minuto"},"schema":{"@context":"https:\/\/schema.org","@graph":[{"@type":"WebPage","@id":"https:\/\/universoeletrico.com.br\/eletrico\/produto\/niple-em-pvc-rigido-20cm\/","url":"https:\/\/universoeletrico.com.br\/eletrico\/produto\/niple-em-pvc-rigido-20cm\/","name":"NIPLE EM PVC RIGIDO 20CM - Universo El\u00e9trico","isPartOf":{"@id":"https:\/\/universoeletrico.com.br\/eletrico\/#website"},"primaryImageOfPage":{"@id":"https:\/\/universoeletrico.com.br\/eletrico\/produto\/niple-em-pvc-rigido-20cm\/#primaryimage"},"image":{"@id":"https:\/\/universoeletrico.com.br\/eletrico\/produto\/niple-em-pvc-rigido-20cm\/#primaryimage"},"thumbnailUrl":"https:\/\/universoeletrico.com.br\/eletrico\/wp-content\/uploads\/2026\/02\/2492200000184_Niple_de_PVC__1poleg_x100mm.webp","datePublished":"2026-02-05T13:34:17+00:00","dateModified":"2026-02-05T19:16:36+00:00","breadcrumb":{"@id":"https:\/\/universoeletrico.com.br\/eletrico\/produto\/niple-em-pvc-rigido-20cm\/#breadcrumb"},"inLanguage":"pt-BR","potentialAction":[{"@type":"ReadAction","target":["https:\/\/universoeletrico.com.br\/eletrico\/produto\/niple-em-pvc-rigido-20cm\/"]}]},{"@type":"ImageObject","inLanguage":"pt-BR","@id":"https:\/\/universoeletrico.com.br\/eletrico\/produto\/niple-em-pvc-rigido-20cm\/#primaryimage","url":"https:\/\/universoeletrico.com.br\/eletrico\/wp-content\/uploads\/2026\/02\/2492200000184_Niple_de_PVC__1poleg_x100mm.webp","contentUrl":"https:\/\/universoeletrico.com.br\/eletrico\/wp-content\/uploads\/2026\/02\/2492200000184_Niple_de_PVC__1poleg_x100mm.webp","width":643,"height":642},{"@type":"BreadcrumbList","@id":"https:\/\/universoeletrico.com.br\/eletrico\/produto\/niple-em-pvc-rigido-20cm\/#breadcrumb","itemListElement":[{"@type":"ListItem","position":1,"name":"In\u00edcio","item":"https:\/\/universoeletrico.com.br\/eletrico\/"},{"@type":"ListItem","position":2,"name":"Produtos","item":"https:\/\/universoeletrico.com.br\/eletrico\/produtos\/"},{"@type":"ListItem","position":3,"name":"NIPLE EM PVC RIGIDO 20CM"}]},{"@type":"WebSite","@id":"https:\/\/universoeletrico.com.br\/eletrico\/#website","url":"https:\/\/universoeletrico.com.br\/eletrico\/","name":"Universo El\u00e9trico","description":"","potentialAction":[{"@type":"SearchAction","target":{"@type":"EntryPoint","urlTemplate":"https:\/\/universoeletrico.com.br\/eletrico\/?s={search_term_string}"},"query-input":{"@type":"PropertyValueSpecification","valueRequired":true,"valueName":"search_term_string"}}],"inLanguage":"pt-BR"}]}},"_links":{"self":[{"href":"https:\/\/universoeletrico.com.br\/eletrico\/wp-json\/wp\/v2\/product\/3105","targetHints":{"allow":["GET"]}}],"collection":[{"href":"https:\/\/universoeletrico.com.br\/eletrico\/wp-json\/wp\/v2\/product"}],"about":[{"href":"https:\/\/universoeletrico.com.br\/eletrico\/wp-json\/wp\/v2\/types\/product"}],"version-history":[{"count":4,"href":"https:\/\/universoeletrico.com.br\/eletrico\/wp-json\/wp\/v2\/product\/3105\/revisions"}],"predecessor-version":[{"id":3116,"href":"https:\/\/universoeletrico.com.br\/eletrico\/wp-json\/wp\/v2\/product\/3105\/revisions\/3116"}],"wp:featuredmedia":[{"embeddable":true,"href":"https:\/\/universoeletrico.com.br\/eletrico\/wp-json\/wp\/v2\/media\/3106"}],"wp:attachment":[{"href":"https:\/\/universoeletrico.com.br\/eletrico\/wp-json\/wp\/v2\/media?parent=3105"}],"wp:term":[{"taxonomy":"product_brand","embeddable":true,"href":"https:\/\/universoeletrico.com.br\/eletrico\/wp-json\/wp\/v2\/product_brand?post=3105"},{"taxonomy":"product_cat","embeddable":true,"href":"https:\/\/universoeletrico.com.br\/eletrico\/wp-json\/wp\/v2\/product_cat?post=3105"},{"taxonomy":"product_tag","embeddable":true,"href":"https:\/\/universoeletrico.com.br\/eletrico\/wp-json\/wp\/v2\/product_tag?post=3105"}],"curies":[{"name":"wp","href":"https:\/\/api.w.org\/{rel}","templated":true}]}}