{"id":3092,"date":"2026-02-03T12:31:26","date_gmt":"2026-02-03T15:31:26","guid":{"rendered":"https:\/\/universoeletrico.com.br\/eletrico\/?post_type=product&#038;p=3092"},"modified":"2026-02-03T12:44:07","modified_gmt":"2026-02-03T15:44:07","slug":"luva-pvc-rigida","status":"publish","type":"product","link":"https:\/\/universoeletrico.com.br\/eletrico\/produto\/luva-pvc-rigida\/","title":{"rendered":"LUVA PVC RIGIDA"},"content":{"rendered":"<p>Luva PVC r\u00edgida refere-se primariamente a uma conex\u00e3o utilizada em instala\u00e7\u00f5es el\u00e9tricas para unir tubos (eletrodutos) de PVC r\u00edgido, Elas s\u00e3o dur\u00e1veis, resistentes a impactos e corros\u00e3o.<\/p>\n<p>Segue abaixo todas op\u00e7\u00f5es de tamanhos em estoque:<\/p>\n<p>cod: 76019 LUVA PVC RIGIDO DIAMETRO 1\/2<\/p>\n<p>cod: 76021 LUVA PVC RIGIDO DIAMETRO 1<\/p>\n<p>cod: 76022 LUVA PVC RIGIDO DIAMETRO 1,1\/4<\/p>\n<p>cod: 76023 LUVA PVC RIGIDO DIAMETRO 1,1\/2<\/p>\n<p>cod: 76024 LUVA PVC RIGIDO DIAMETRO 2<\/p>\n<p>cod: 76025 LUVA PVC RIGIDO DIAMETRO 2,1\/2<\/p>\n<p>cod: 76026 LUVA PVC RIGIDO DIAMETRO 3<\/p>\n<p>cod: 76027 LUVA PVC RIGIDO DIAMETRO 4<\/p>\n<p>Para Pre\u00e7os, Or\u00e7amentos e D\u00favidas, fale com nossos especialistas.<\/p>\n","protected":false},"excerpt":{"rendered":"<p>Luva PVC r\u00edgida refere-se primariamente a uma conex\u00e3o utilizada em instala\u00e7\u00f5es el\u00e9tricas para unir tubos (eletrodutos) de PVC r\u00edgido, Elas s\u00e3o dur\u00e1veis, resistentes a impactos e corros\u00e3o. Segue abaixo todas op\u00e7\u00f5es de tamanhos em estoque: cod: 76019 LUVA PVC RIGIDO DIAMETRO 1\/2 cod: 76021 LUVA PVC RIGIDO DIAMETRO 1 cod: 76022 LUVA PVC RIGIDO DIAMETRO [&hellip;]<\/p>\n","protected":false},"featured_media":3095,"template":"","meta":[],"product_brand":[],"product_cat":[51,18],"product_tag":[179,122,137,133,203,204],"class_list":{"0":"post-3092","1":"product","2":"type-product","3":"status-publish","4":"has-post-thumbnail","6":"product_cat-eletrodutos-e-mangueiras-flexiveis","7":"product_cat-material-eletrico","8":"product_tag-acessorio-eletrico","9":"product_tag-eletrodutos","10":"product_tag-luva","11":"product_tag-material-eletrico","12":"product_tag-pvc","13":"product_tag-rigida","15":"first","16":"instock","17":"shipping-taxable","18":"product-type-simple"},"yoast_head":"<!-- This site is optimized with the Yoast SEO Premium plugin v26.1.1 (Yoast SEO v26.1.1) - https:\/\/yoast.com\/wordpress\/plugins\/seo\/ -->\n<title>LUVA PVC RIGIDA - Universo El\u00e9trico<\/title>\n<meta name=\"robots\" content=\"index, follow, max-snippet:-1, max-image-preview:large, max-video-preview:-1\" \/>\n<link rel=\"canonical\" href=\"https:\/\/universoeletrico.com.br\/eletrico\/produto\/luva-pvc-rigida\/\" \/>\n<meta property=\"og:locale\" content=\"pt_BR\" \/>\n<meta property=\"og:type\" content=\"article\" \/>\n<meta property=\"og:title\" content=\"LUVA PVC RIGIDA\" \/>\n<meta property=\"og:description\" content=\"Luva PVC r\u00edgida refere-se primariamente a uma conex\u00e3o utilizada em instala\u00e7\u00f5es el\u00e9tricas para unir tubos (eletrodutos) de PVC r\u00edgido, Elas s\u00e3o dur\u00e1veis, resistentes a impactos e corros\u00e3o. Segue abaixo todas op\u00e7\u00f5es de tamanhos em estoque: cod: 76019 LUVA PVC RIGIDO DIAMETRO 1\/2 cod: 76021 LUVA PVC RIGIDO DIAMETRO 1 cod: 76022 LUVA PVC RIGIDO DIAMETRO [&hellip;]\" \/>\n<meta property=\"og:url\" content=\"https:\/\/universoeletrico.com.br\/eletrico\/produto\/luva-pvc-rigida\/\" \/>\n<meta property=\"og:site_name\" content=\"Universo El\u00e9trico\" \/>\n<meta property=\"article:modified_time\" content=\"2026-02-03T15:44:07+00:00\" \/>\n<meta property=\"og:image\" content=\"https:\/\/universoeletrico.com.br\/eletrico\/wp-content\/uploads\/2026\/02\/2491003680067_Luva_PVC_Rosca_Antichama_2poleg__33071965_Tigre.webp\" \/>\n\t<meta property=\"og:image:width\" content=\"1000\" \/>\n\t<meta property=\"og:image:height\" content=\"1000\" \/>\n\t<meta property=\"og:image:type\" content=\"image\/webp\" \/>\n<meta name=\"twitter:card\" content=\"summary_large_image\" \/>\n<meta name=\"twitter:label1\" content=\"Est. tempo de leitura\" \/>\n\t<meta name=\"twitter:data1\" content=\"1 minuto\" \/>\n<script type=\"application\/ld+json\" class=\"yoast-schema-graph\">{\"@context\":\"https:\/\/schema.org\",\"@graph\":[{\"@type\":\"WebPage\",\"@id\":\"https:\/\/universoeletrico.com.br\/eletrico\/produto\/luva-pvc-rigida\/\",\"url\":\"https:\/\/universoeletrico.com.br\/eletrico\/produto\/luva-pvc-rigida\/\",\"name\":\"LUVA PVC RIGIDA - Universo El\u00e9trico\",\"isPartOf\":{\"@id\":\"https:\/\/universoeletrico.com.br\/eletrico\/#website\"},\"primaryImageOfPage\":{\"@id\":\"https:\/\/universoeletrico.com.br\/eletrico\/produto\/luva-pvc-rigida\/#primaryimage\"},\"image\":{\"@id\":\"https:\/\/universoeletrico.com.br\/eletrico\/produto\/luva-pvc-rigida\/#primaryimage\"},\"thumbnailUrl\":\"https:\/\/universoeletrico.com.br\/eletrico\/wp-content\/uploads\/2026\/02\/2491003680067_Luva_PVC_Rosca_Antichama_2poleg__33071965_Tigre.webp\",\"datePublished\":\"2026-02-03T15:31:26+00:00\",\"dateModified\":\"2026-02-03T15:44:07+00:00\",\"breadcrumb\":{\"@id\":\"https:\/\/universoeletrico.com.br\/eletrico\/produto\/luva-pvc-rigida\/#breadcrumb\"},\"inLanguage\":\"pt-BR\",\"potentialAction\":[{\"@type\":\"ReadAction\",\"target\":[\"https:\/\/universoeletrico.com.br\/eletrico\/produto\/luva-pvc-rigida\/\"]}]},{\"@type\":\"ImageObject\",\"inLanguage\":\"pt-BR\",\"@id\":\"https:\/\/universoeletrico.com.br\/eletrico\/produto\/luva-pvc-rigida\/#primaryimage\",\"url\":\"https:\/\/universoeletrico.com.br\/eletrico\/wp-content\/uploads\/2026\/02\/2491003680067_Luva_PVC_Rosca_Antichama_2poleg__33071965_Tigre.webp\",\"contentUrl\":\"https:\/\/universoeletrico.com.br\/eletrico\/wp-content\/uploads\/2026\/02\/2491003680067_Luva_PVC_Rosca_Antichama_2poleg__33071965_Tigre.webp\",\"width\":1000,\"height\":1000},{\"@type\":\"BreadcrumbList\",\"@id\":\"https:\/\/universoeletrico.com.br\/eletrico\/produto\/luva-pvc-rigida\/#breadcrumb\",\"itemListElement\":[{\"@type\":\"ListItem\",\"position\":1,\"name\":\"In\u00edcio\",\"item\":\"https:\/\/universoeletrico.com.br\/eletrico\/\"},{\"@type\":\"ListItem\",\"position\":2,\"name\":\"Produtos\",\"item\":\"https:\/\/universoeletrico.com.br\/eletrico\/produtos\/\"},{\"@type\":\"ListItem\",\"position\":3,\"name\":\"LUVA PVC RIGIDA\"}]},{\"@type\":\"WebSite\",\"@id\":\"https:\/\/universoeletrico.com.br\/eletrico\/#website\",\"url\":\"https:\/\/universoeletrico.com.br\/eletrico\/\",\"name\":\"Universo El\u00e9trico\",\"description\":\"\",\"potentialAction\":[{\"@type\":\"SearchAction\",\"target\":{\"@type\":\"EntryPoint\",\"urlTemplate\":\"https:\/\/universoeletrico.com.br\/eletrico\/?s={search_term_string}\"},\"query-input\":{\"@type\":\"PropertyValueSpecification\",\"valueRequired\":true,\"valueName\":\"search_term_string\"}}],\"inLanguage\":\"pt-BR\"}]}<\/script>\n<!-- \/ Yoast SEO Premium plugin. -->","yoast_head_json":{"title":"LUVA PVC RIGIDA - Universo El\u00e9trico","robots":{"index":"index","follow":"follow","max-snippet":"max-snippet:-1","max-image-preview":"max-image-preview:large","max-video-preview":"max-video-preview:-1"},"canonical":"https:\/\/universoeletrico.com.br\/eletrico\/produto\/luva-pvc-rigida\/","og_locale":"pt_BR","og_type":"article","og_title":"LUVA PVC RIGIDA","og_description":"Luva PVC r\u00edgida refere-se primariamente a uma conex\u00e3o utilizada em instala\u00e7\u00f5es el\u00e9tricas para unir tubos (eletrodutos) de PVC r\u00edgido, Elas s\u00e3o dur\u00e1veis, resistentes a impactos e corros\u00e3o. Segue abaixo todas op\u00e7\u00f5es de tamanhos em estoque: cod: 76019 LUVA PVC RIGIDO DIAMETRO 1\/2 cod: 76021 LUVA PVC RIGIDO DIAMETRO 1 cod: 76022 LUVA PVC RIGIDO DIAMETRO [&hellip;]","og_url":"https:\/\/universoeletrico.com.br\/eletrico\/produto\/luva-pvc-rigida\/","og_site_name":"Universo El\u00e9trico","article_modified_time":"2026-02-03T15:44:07+00:00","og_image":[{"width":1000,"height":1000,"url":"https:\/\/universoeletrico.com.br\/eletrico\/wp-content\/uploads\/2026\/02\/2491003680067_Luva_PVC_Rosca_Antichama_2poleg__33071965_Tigre.webp","type":"image\/webp"}],"twitter_card":"summary_large_image","twitter_misc":{"Est. tempo de leitura":"1 minuto"},"schema":{"@context":"https:\/\/schema.org","@graph":[{"@type":"WebPage","@id":"https:\/\/universoeletrico.com.br\/eletrico\/produto\/luva-pvc-rigida\/","url":"https:\/\/universoeletrico.com.br\/eletrico\/produto\/luva-pvc-rigida\/","name":"LUVA PVC RIGIDA - Universo El\u00e9trico","isPartOf":{"@id":"https:\/\/universoeletrico.com.br\/eletrico\/#website"},"primaryImageOfPage":{"@id":"https:\/\/universoeletrico.com.br\/eletrico\/produto\/luva-pvc-rigida\/#primaryimage"},"image":{"@id":"https:\/\/universoeletrico.com.br\/eletrico\/produto\/luva-pvc-rigida\/#primaryimage"},"thumbnailUrl":"https:\/\/universoeletrico.com.br\/eletrico\/wp-content\/uploads\/2026\/02\/2491003680067_Luva_PVC_Rosca_Antichama_2poleg__33071965_Tigre.webp","datePublished":"2026-02-03T15:31:26+00:00","dateModified":"2026-02-03T15:44:07+00:00","breadcrumb":{"@id":"https:\/\/universoeletrico.com.br\/eletrico\/produto\/luva-pvc-rigida\/#breadcrumb"},"inLanguage":"pt-BR","potentialAction":[{"@type":"ReadAction","target":["https:\/\/universoeletrico.com.br\/eletrico\/produto\/luva-pvc-rigida\/"]}]},{"@type":"ImageObject","inLanguage":"pt-BR","@id":"https:\/\/universoeletrico.com.br\/eletrico\/produto\/luva-pvc-rigida\/#primaryimage","url":"https:\/\/universoeletrico.com.br\/eletrico\/wp-content\/uploads\/2026\/02\/2491003680067_Luva_PVC_Rosca_Antichama_2poleg__33071965_Tigre.webp","contentUrl":"https:\/\/universoeletrico.com.br\/eletrico\/wp-content\/uploads\/2026\/02\/2491003680067_Luva_PVC_Rosca_Antichama_2poleg__33071965_Tigre.webp","width":1000,"height":1000},{"@type":"BreadcrumbList","@id":"https:\/\/universoeletrico.com.br\/eletrico\/produto\/luva-pvc-rigida\/#breadcrumb","itemListElement":[{"@type":"ListItem","position":1,"name":"In\u00edcio","item":"https:\/\/universoeletrico.com.br\/eletrico\/"},{"@type":"ListItem","position":2,"name":"Produtos","item":"https:\/\/universoeletrico.com.br\/eletrico\/produtos\/"},{"@type":"ListItem","position":3,"name":"LUVA PVC RIGIDA"}]},{"@type":"WebSite","@id":"https:\/\/universoeletrico.com.br\/eletrico\/#website","url":"https:\/\/universoeletrico.com.br\/eletrico\/","name":"Universo El\u00e9trico","description":"","potentialAction":[{"@type":"SearchAction","target":{"@type":"EntryPoint","urlTemplate":"https:\/\/universoeletrico.com.br\/eletrico\/?s={search_term_string}"},"query-input":{"@type":"PropertyValueSpecification","valueRequired":true,"valueName":"search_term_string"}}],"inLanguage":"pt-BR"}]}},"_links":{"self":[{"href":"https:\/\/universoeletrico.com.br\/eletrico\/wp-json\/wp\/v2\/product\/3092","targetHints":{"allow":["GET"]}}],"collection":[{"href":"https:\/\/universoeletrico.com.br\/eletrico\/wp-json\/wp\/v2\/product"}],"about":[{"href":"https:\/\/universoeletrico.com.br\/eletrico\/wp-json\/wp\/v2\/types\/product"}],"version-history":[{"count":3,"href":"https:\/\/universoeletrico.com.br\/eletrico\/wp-json\/wp\/v2\/product\/3092\/revisions"}],"predecessor-version":[{"id":3097,"href":"https:\/\/universoeletrico.com.br\/eletrico\/wp-json\/wp\/v2\/product\/3092\/revisions\/3097"}],"wp:featuredmedia":[{"embeddable":true,"href":"https:\/\/universoeletrico.com.br\/eletrico\/wp-json\/wp\/v2\/media\/3095"}],"wp:attachment":[{"href":"https:\/\/universoeletrico.com.br\/eletrico\/wp-json\/wp\/v2\/media?parent=3092"}],"wp:term":[{"taxonomy":"product_brand","embeddable":true,"href":"https:\/\/universoeletrico.com.br\/eletrico\/wp-json\/wp\/v2\/product_brand?post=3092"},{"taxonomy":"product_cat","embeddable":true,"href":"https:\/\/universoeletrico.com.br\/eletrico\/wp-json\/wp\/v2\/product_cat?post=3092"},{"taxonomy":"product_tag","embeddable":true,"href":"https:\/\/universoeletrico.com.br\/eletrico\/wp-json\/wp\/v2\/product_tag?post=3092"}],"curies":[{"name":"wp","href":"https:\/\/api.w.org\/{rel}","templated":true}]}}