{"id":3085,"date":"2026-02-03T12:05:45","date_gmt":"2026-02-03T15:05:45","guid":{"rendered":"https:\/\/universoeletrico.com.br\/eletrico\/?post_type=product&#038;p=3085"},"modified":"2026-02-03T12:23:03","modified_gmt":"2026-02-03T15:23:03","slug":"curva-90-pvc-rigido","status":"publish","type":"product","link":"https:\/\/universoeletrico.com.br\/eletrico\/produto\/curva-90-pvc-rigido\/","title":{"rendered":"CURVA 90\u00b0 PVC RIGIDO"},"content":{"rendered":"<p>Curva 90\u00b0 PVC r\u00edgido \u00e9 um acess\u00f3rio utilizado principalmente em sistemas de eletrodutos e, em alguns casos, em sistema cabeamento el\u00e9trico, para fazer mudan\u00e7as de dire\u00e7\u00e3o em \u00e2ngulo reto. Elas est\u00e3o dispon\u00edveis em diversos di\u00e2metros e tipos de conex\u00e3o (sold\u00e1vel ou rosc\u00e1vel).<\/p>\n<p>Segue abaixo todas op\u00e7\u00f5es de tamanhos em estoque:<\/p>\n<p>cod: 76010 CURVA 90 GRAUS PVC RIGIDO DIAMETRO 1\/2<\/p>\n<p>cod: 76012 CURVA 90 GRAUS PVC RIGIDO DIAMETRO 1<\/p>\n<p>cod: 76013 CURVA 90 GRAUS PVC RIGIDO DIAMETRO 1.1\/4<\/p>\n<p>cod :76014 CURVA 90 GRAUS PVC RIGIDO DIAMETRO 1.1\/2<\/p>\n<p>cod: 76015 CURVA 90 GRAUS PVC RIGIDO DIAMETRO 2<\/p>\n<p>cod: 76016 CURVA 90 GRAUS PVC RIGIDO DIAMETRO 2.1\/2<\/p>\n<p>cod: 76017 CURVA 90 GRAUS PVC RIGIDO DIAMETRO 3<\/p>\n<p>cod: 76018 CURVA 90 GRAUS PVC RIGIDO DIAMETRO 4<\/p>\n<p>Para Pre\u00e7os, Or\u00e7amentos e D\u00favidas, fale com nossos especialistas.<\/p>\n","protected":false},"excerpt":{"rendered":"<p>Curva 90\u00b0 PVC r\u00edgido \u00e9 um acess\u00f3rio utilizado principalmente em sistemas de eletrodutos e, em alguns casos, em sistema cabeamento el\u00e9trico, para fazer mudan\u00e7as de dire\u00e7\u00e3o em \u00e2ngulo reto. Elas est\u00e3o dispon\u00edveis em diversos di\u00e2metros e tipos de conex\u00e3o (sold\u00e1vel ou rosc\u00e1vel). Segue abaixo todas op\u00e7\u00f5es de tamanhos em estoque: cod: 76010 CURVA 90 GRAUS [&hellip;]<\/p>\n","protected":false},"featured_media":3086,"template":"","meta":[],"product_brand":[],"product_cat":[51,18],"product_tag":[179,138,134,122,133,203],"class_list":{"0":"post-3085","1":"product","2":"type-product","3":"status-publish","4":"has-post-thumbnail","6":"product_cat-eletrodutos-e-mangueiras-flexiveis","7":"product_cat-material-eletrico","8":"product_tag-acessorio-eletrico","9":"product_tag-conexao","10":"product_tag-curva","11":"product_tag-eletrodutos","12":"product_tag-material-eletrico","13":"product_tag-pvc","15":"first","16":"instock","17":"shipping-taxable","18":"product-type-simple"},"yoast_head":"<!-- This site is optimized with the Yoast SEO Premium plugin v26.1.1 (Yoast SEO v26.1.1) - https:\/\/yoast.com\/wordpress\/plugins\/seo\/ -->\n<title>CURVA 90\u00b0 PVC RIGIDO - Universo El\u00e9trico<\/title>\n<meta name=\"robots\" content=\"index, follow, max-snippet:-1, max-image-preview:large, max-video-preview:-1\" \/>\n<link rel=\"canonical\" href=\"https:\/\/universoeletrico.com.br\/eletrico\/produto\/curva-90-pvc-rigido\/\" \/>\n<meta property=\"og:locale\" content=\"pt_BR\" \/>\n<meta property=\"og:type\" content=\"article\" \/>\n<meta property=\"og:title\" content=\"CURVA 90\u00b0 PVC RIGIDO\" \/>\n<meta property=\"og:description\" content=\"Curva 90\u00b0 PVC r\u00edgido \u00e9 um acess\u00f3rio utilizado principalmente em sistemas de eletrodutos e, em alguns casos, em sistema cabeamento el\u00e9trico, para fazer mudan\u00e7as de dire\u00e7\u00e3o em \u00e2ngulo reto. Elas est\u00e3o dispon\u00edveis em diversos di\u00e2metros e tipos de conex\u00e3o (sold\u00e1vel ou rosc\u00e1vel). Segue abaixo todas op\u00e7\u00f5es de tamanhos em estoque: cod: 76010 CURVA 90 GRAUS [&hellip;]\" \/>\n<meta property=\"og:url\" content=\"https:\/\/universoeletrico.com.br\/eletrico\/produto\/curva-90-pvc-rigido\/\" \/>\n<meta property=\"og:site_name\" content=\"Universo El\u00e9trico\" \/>\n<meta property=\"article:modified_time\" content=\"2026-02-03T15:23:03+00:00\" \/>\n<meta property=\"og:image\" content=\"https:\/\/universoeletrico.com.br\/eletrico\/wp-content\/uploads\/2026\/02\/design-sem-nome-2024-04-15t135637-771-nmhxihquqv.webp\" \/>\n\t<meta property=\"og:image:width\" content=\"1250\" \/>\n\t<meta property=\"og:image:height\" content=\"1250\" \/>\n\t<meta property=\"og:image:type\" content=\"image\/webp\" \/>\n<meta name=\"twitter:card\" content=\"summary_large_image\" \/>\n<meta name=\"twitter:label1\" content=\"Est. tempo de leitura\" \/>\n\t<meta name=\"twitter:data1\" content=\"1 minuto\" \/>\n<script type=\"application\/ld+json\" class=\"yoast-schema-graph\">{\"@context\":\"https:\/\/schema.org\",\"@graph\":[{\"@type\":\"WebPage\",\"@id\":\"https:\/\/universoeletrico.com.br\/eletrico\/produto\/curva-90-pvc-rigido\/\",\"url\":\"https:\/\/universoeletrico.com.br\/eletrico\/produto\/curva-90-pvc-rigido\/\",\"name\":\"CURVA 90\u00b0 PVC RIGIDO - Universo El\u00e9trico\",\"isPartOf\":{\"@id\":\"https:\/\/universoeletrico.com.br\/eletrico\/#website\"},\"primaryImageOfPage\":{\"@id\":\"https:\/\/universoeletrico.com.br\/eletrico\/produto\/curva-90-pvc-rigido\/#primaryimage\"},\"image\":{\"@id\":\"https:\/\/universoeletrico.com.br\/eletrico\/produto\/curva-90-pvc-rigido\/#primaryimage\"},\"thumbnailUrl\":\"https:\/\/universoeletrico.com.br\/eletrico\/wp-content\/uploads\/2026\/02\/design-sem-nome-2024-04-15t135637-771-nmhxihquqv.webp\",\"datePublished\":\"2026-02-03T15:05:45+00:00\",\"dateModified\":\"2026-02-03T15:23:03+00:00\",\"breadcrumb\":{\"@id\":\"https:\/\/universoeletrico.com.br\/eletrico\/produto\/curva-90-pvc-rigido\/#breadcrumb\"},\"inLanguage\":\"pt-BR\",\"potentialAction\":[{\"@type\":\"ReadAction\",\"target\":[\"https:\/\/universoeletrico.com.br\/eletrico\/produto\/curva-90-pvc-rigido\/\"]}]},{\"@type\":\"ImageObject\",\"inLanguage\":\"pt-BR\",\"@id\":\"https:\/\/universoeletrico.com.br\/eletrico\/produto\/curva-90-pvc-rigido\/#primaryimage\",\"url\":\"https:\/\/universoeletrico.com.br\/eletrico\/wp-content\/uploads\/2026\/02\/design-sem-nome-2024-04-15t135637-771-nmhxihquqv.webp\",\"contentUrl\":\"https:\/\/universoeletrico.com.br\/eletrico\/wp-content\/uploads\/2026\/02\/design-sem-nome-2024-04-15t135637-771-nmhxihquqv.webp\",\"width\":1250,\"height\":1250},{\"@type\":\"BreadcrumbList\",\"@id\":\"https:\/\/universoeletrico.com.br\/eletrico\/produto\/curva-90-pvc-rigido\/#breadcrumb\",\"itemListElement\":[{\"@type\":\"ListItem\",\"position\":1,\"name\":\"In\u00edcio\",\"item\":\"https:\/\/universoeletrico.com.br\/eletrico\/\"},{\"@type\":\"ListItem\",\"position\":2,\"name\":\"Produtos\",\"item\":\"https:\/\/universoeletrico.com.br\/eletrico\/produtos\/\"},{\"@type\":\"ListItem\",\"position\":3,\"name\":\"CURVA 90\u00b0 PVC RIGIDO\"}]},{\"@type\":\"WebSite\",\"@id\":\"https:\/\/universoeletrico.com.br\/eletrico\/#website\",\"url\":\"https:\/\/universoeletrico.com.br\/eletrico\/\",\"name\":\"Universo El\u00e9trico\",\"description\":\"\",\"potentialAction\":[{\"@type\":\"SearchAction\",\"target\":{\"@type\":\"EntryPoint\",\"urlTemplate\":\"https:\/\/universoeletrico.com.br\/eletrico\/?s={search_term_string}\"},\"query-input\":{\"@type\":\"PropertyValueSpecification\",\"valueRequired\":true,\"valueName\":\"search_term_string\"}}],\"inLanguage\":\"pt-BR\"}]}<\/script>\n<!-- \/ Yoast SEO Premium plugin. -->","yoast_head_json":{"title":"CURVA 90\u00b0 PVC RIGIDO - Universo El\u00e9trico","robots":{"index":"index","follow":"follow","max-snippet":"max-snippet:-1","max-image-preview":"max-image-preview:large","max-video-preview":"max-video-preview:-1"},"canonical":"https:\/\/universoeletrico.com.br\/eletrico\/produto\/curva-90-pvc-rigido\/","og_locale":"pt_BR","og_type":"article","og_title":"CURVA 90\u00b0 PVC RIGIDO","og_description":"Curva 90\u00b0 PVC r\u00edgido \u00e9 um acess\u00f3rio utilizado principalmente em sistemas de eletrodutos e, em alguns casos, em sistema cabeamento el\u00e9trico, para fazer mudan\u00e7as de dire\u00e7\u00e3o em \u00e2ngulo reto. Elas est\u00e3o dispon\u00edveis em diversos di\u00e2metros e tipos de conex\u00e3o (sold\u00e1vel ou rosc\u00e1vel). Segue abaixo todas op\u00e7\u00f5es de tamanhos em estoque: cod: 76010 CURVA 90 GRAUS [&hellip;]","og_url":"https:\/\/universoeletrico.com.br\/eletrico\/produto\/curva-90-pvc-rigido\/","og_site_name":"Universo El\u00e9trico","article_modified_time":"2026-02-03T15:23:03+00:00","og_image":[{"width":1250,"height":1250,"url":"https:\/\/universoeletrico.com.br\/eletrico\/wp-content\/uploads\/2026\/02\/design-sem-nome-2024-04-15t135637-771-nmhxihquqv.webp","type":"image\/webp"}],"twitter_card":"summary_large_image","twitter_misc":{"Est. tempo de leitura":"1 minuto"},"schema":{"@context":"https:\/\/schema.org","@graph":[{"@type":"WebPage","@id":"https:\/\/universoeletrico.com.br\/eletrico\/produto\/curva-90-pvc-rigido\/","url":"https:\/\/universoeletrico.com.br\/eletrico\/produto\/curva-90-pvc-rigido\/","name":"CURVA 90\u00b0 PVC RIGIDO - Universo El\u00e9trico","isPartOf":{"@id":"https:\/\/universoeletrico.com.br\/eletrico\/#website"},"primaryImageOfPage":{"@id":"https:\/\/universoeletrico.com.br\/eletrico\/produto\/curva-90-pvc-rigido\/#primaryimage"},"image":{"@id":"https:\/\/universoeletrico.com.br\/eletrico\/produto\/curva-90-pvc-rigido\/#primaryimage"},"thumbnailUrl":"https:\/\/universoeletrico.com.br\/eletrico\/wp-content\/uploads\/2026\/02\/design-sem-nome-2024-04-15t135637-771-nmhxihquqv.webp","datePublished":"2026-02-03T15:05:45+00:00","dateModified":"2026-02-03T15:23:03+00:00","breadcrumb":{"@id":"https:\/\/universoeletrico.com.br\/eletrico\/produto\/curva-90-pvc-rigido\/#breadcrumb"},"inLanguage":"pt-BR","potentialAction":[{"@type":"ReadAction","target":["https:\/\/universoeletrico.com.br\/eletrico\/produto\/curva-90-pvc-rigido\/"]}]},{"@type":"ImageObject","inLanguage":"pt-BR","@id":"https:\/\/universoeletrico.com.br\/eletrico\/produto\/curva-90-pvc-rigido\/#primaryimage","url":"https:\/\/universoeletrico.com.br\/eletrico\/wp-content\/uploads\/2026\/02\/design-sem-nome-2024-04-15t135637-771-nmhxihquqv.webp","contentUrl":"https:\/\/universoeletrico.com.br\/eletrico\/wp-content\/uploads\/2026\/02\/design-sem-nome-2024-04-15t135637-771-nmhxihquqv.webp","width":1250,"height":1250},{"@type":"BreadcrumbList","@id":"https:\/\/universoeletrico.com.br\/eletrico\/produto\/curva-90-pvc-rigido\/#breadcrumb","itemListElement":[{"@type":"ListItem","position":1,"name":"In\u00edcio","item":"https:\/\/universoeletrico.com.br\/eletrico\/"},{"@type":"ListItem","position":2,"name":"Produtos","item":"https:\/\/universoeletrico.com.br\/eletrico\/produtos\/"},{"@type":"ListItem","position":3,"name":"CURVA 90\u00b0 PVC RIGIDO"}]},{"@type":"WebSite","@id":"https:\/\/universoeletrico.com.br\/eletrico\/#website","url":"https:\/\/universoeletrico.com.br\/eletrico\/","name":"Universo El\u00e9trico","description":"","potentialAction":[{"@type":"SearchAction","target":{"@type":"EntryPoint","urlTemplate":"https:\/\/universoeletrico.com.br\/eletrico\/?s={search_term_string}"},"query-input":{"@type":"PropertyValueSpecification","valueRequired":true,"valueName":"search_term_string"}}],"inLanguage":"pt-BR"}]}},"_links":{"self":[{"href":"https:\/\/universoeletrico.com.br\/eletrico\/wp-json\/wp\/v2\/product\/3085","targetHints":{"allow":["GET"]}}],"collection":[{"href":"https:\/\/universoeletrico.com.br\/eletrico\/wp-json\/wp\/v2\/product"}],"about":[{"href":"https:\/\/universoeletrico.com.br\/eletrico\/wp-json\/wp\/v2\/types\/product"}],"version-history":[{"count":5,"href":"https:\/\/universoeletrico.com.br\/eletrico\/wp-json\/wp\/v2\/product\/3085\/revisions"}],"predecessor-version":[{"id":3091,"href":"https:\/\/universoeletrico.com.br\/eletrico\/wp-json\/wp\/v2\/product\/3085\/revisions\/3091"}],"wp:featuredmedia":[{"embeddable":true,"href":"https:\/\/universoeletrico.com.br\/eletrico\/wp-json\/wp\/v2\/media\/3086"}],"wp:attachment":[{"href":"https:\/\/universoeletrico.com.br\/eletrico\/wp-json\/wp\/v2\/media?parent=3085"}],"wp:term":[{"taxonomy":"product_brand","embeddable":true,"href":"https:\/\/universoeletrico.com.br\/eletrico\/wp-json\/wp\/v2\/product_brand?post=3085"},{"taxonomy":"product_cat","embeddable":true,"href":"https:\/\/universoeletrico.com.br\/eletrico\/wp-json\/wp\/v2\/product_cat?post=3085"},{"taxonomy":"product_tag","embeddable":true,"href":"https:\/\/universoeletrico.com.br\/eletrico\/wp-json\/wp\/v2\/product_tag?post=3085"}],"curies":[{"name":"wp","href":"https:\/\/api.w.org\/{rel}","templated":true}]}}