{"id":3063,"date":"2026-01-30T17:03:55","date_gmt":"2026-01-30T20:03:55","guid":{"rendered":"https:\/\/universoeletrico.com.br\/eletrico\/?post_type=product&#038;p=3063"},"modified":"2026-01-30T17:44:41","modified_gmt":"2026-01-30T20:44:41","slug":"fita-de-advertencia-alta-tensao","status":"publish","type":"product","link":"https:\/\/universoeletrico.com.br\/eletrico\/produto\/fita-de-advertencia-alta-tensao\/","title":{"rendered":"FITA DE ADVERT\u00caNCIA ALTA TENS\u00c3O"},"content":{"rendered":"<p>Fita de advert\u00eancia alta tens\u00e3o \u00e9 uma fita de sinaliza\u00e7\u00e3o utilizada para identificar e alertar sobre a presen\u00e7a de perigo el\u00e9trico, seja em \u00e1reas de superf\u00edcie ou em instala\u00e7\u00f5es subterr\u00e2neas, conforme exigido pela norma NBR 5410.<\/p>\n<p>Para Pre\u00e7os, Or\u00e7amentos e D\u00favidas, fale com nossos especialistas.<\/p>\n","protected":false},"excerpt":{"rendered":"<p>Fita de advert\u00eancia alta tens\u00e3o \u00e9 uma fita de sinaliza\u00e7\u00e3o utilizada para identificar e alertar sobre a presen\u00e7a de perigo el\u00e9trico, seja em \u00e1reas de superf\u00edcie ou em instala\u00e7\u00f5es subterr\u00e2neas, conforme exigido pela norma NBR 5410. Para Pre\u00e7os, Or\u00e7amentos e D\u00favidas, fale com nossos especialistas.<\/p>\n","protected":false},"featured_media":3064,"template":"","meta":[],"product_brand":[],"product_cat":[51,18],"product_tag":[200,201,199],"class_list":{"0":"post-3063","1":"product","2":"type-product","3":"status-publish","4":"has-post-thumbnail","6":"product_cat-eletrodutos-e-mangueiras-flexiveis","7":"product_cat-material-eletrico","8":"product_tag-alta-tensao","9":"product_tag-atencao","10":"product_tag-fita","12":"first","13":"instock","14":"shipping-taxable","15":"product-type-simple"},"yoast_head":"<!-- This site is optimized with the Yoast SEO Premium plugin v26.1.1 (Yoast SEO v26.1.1) - https:\/\/yoast.com\/wordpress\/plugins\/seo\/ -->\n<title>FITA DE ADVERT\u00caNCIA ALTA TENS\u00c3O - Universo El\u00e9trico<\/title>\n<meta name=\"robots\" content=\"index, follow, max-snippet:-1, max-image-preview:large, max-video-preview:-1\" \/>\n<link rel=\"canonical\" href=\"https:\/\/universoeletrico.com.br\/eletrico\/produto\/fita-de-advertencia-alta-tensao\/\" \/>\n<meta property=\"og:locale\" content=\"pt_BR\" \/>\n<meta property=\"og:type\" content=\"article\" \/>\n<meta property=\"og:title\" content=\"FITA DE ADVERT\u00caNCIA ALTA TENS\u00c3O\" \/>\n<meta property=\"og:description\" content=\"Fita de advert\u00eancia alta tens\u00e3o \u00e9 uma fita de sinaliza\u00e7\u00e3o utilizada para identificar e alertar sobre a presen\u00e7a de perigo el\u00e9trico, seja em \u00e1reas de superf\u00edcie ou em instala\u00e7\u00f5es subterr\u00e2neas, conforme exigido pela norma NBR 5410. Para Pre\u00e7os, Or\u00e7amentos e D\u00favidas, fale com nossos especialistas.\" \/>\n<meta property=\"og:url\" content=\"https:\/\/universoeletrico.com.br\/eletrico\/produto\/fita-de-advertencia-alta-tensao\/\" \/>\n<meta property=\"og:site_name\" content=\"Universo El\u00e9trico\" \/>\n<meta property=\"article:modified_time\" content=\"2026-01-30T20:44:41+00:00\" \/>\n<meta property=\"og:image\" content=\"https:\/\/universoeletrico.com.br\/eletrico\/wp-content\/uploads\/2026\/01\/fita-de-aviso-4.webp\" \/>\n\t<meta property=\"og:image:width\" content=\"500\" \/>\n\t<meta property=\"og:image:height\" content=\"500\" \/>\n\t<meta property=\"og:image:type\" content=\"image\/webp\" \/>\n<meta name=\"twitter:card\" content=\"summary_large_image\" \/>\n<meta name=\"twitter:label1\" content=\"Est. tempo de leitura\" \/>\n\t<meta name=\"twitter:data1\" content=\"1 minuto\" \/>\n<script type=\"application\/ld+json\" class=\"yoast-schema-graph\">{\"@context\":\"https:\/\/schema.org\",\"@graph\":[{\"@type\":\"WebPage\",\"@id\":\"https:\/\/universoeletrico.com.br\/eletrico\/produto\/fita-de-advertencia-alta-tensao\/\",\"url\":\"https:\/\/universoeletrico.com.br\/eletrico\/produto\/fita-de-advertencia-alta-tensao\/\",\"name\":\"FITA DE ADVERT\u00caNCIA ALTA TENS\u00c3O - Universo El\u00e9trico\",\"isPartOf\":{\"@id\":\"https:\/\/universoeletrico.com.br\/eletrico\/#website\"},\"primaryImageOfPage\":{\"@id\":\"https:\/\/universoeletrico.com.br\/eletrico\/produto\/fita-de-advertencia-alta-tensao\/#primaryimage\"},\"image\":{\"@id\":\"https:\/\/universoeletrico.com.br\/eletrico\/produto\/fita-de-advertencia-alta-tensao\/#primaryimage\"},\"thumbnailUrl\":\"https:\/\/universoeletrico.com.br\/eletrico\/wp-content\/uploads\/2026\/01\/fita-de-aviso-4.webp\",\"datePublished\":\"2026-01-30T20:03:55+00:00\",\"dateModified\":\"2026-01-30T20:44:41+00:00\",\"breadcrumb\":{\"@id\":\"https:\/\/universoeletrico.com.br\/eletrico\/produto\/fita-de-advertencia-alta-tensao\/#breadcrumb\"},\"inLanguage\":\"pt-BR\",\"potentialAction\":[{\"@type\":\"ReadAction\",\"target\":[\"https:\/\/universoeletrico.com.br\/eletrico\/produto\/fita-de-advertencia-alta-tensao\/\"]}]},{\"@type\":\"ImageObject\",\"inLanguage\":\"pt-BR\",\"@id\":\"https:\/\/universoeletrico.com.br\/eletrico\/produto\/fita-de-advertencia-alta-tensao\/#primaryimage\",\"url\":\"https:\/\/universoeletrico.com.br\/eletrico\/wp-content\/uploads\/2026\/01\/fita-de-aviso-4.webp\",\"contentUrl\":\"https:\/\/universoeletrico.com.br\/eletrico\/wp-content\/uploads\/2026\/01\/fita-de-aviso-4.webp\",\"width\":500,\"height\":500},{\"@type\":\"BreadcrumbList\",\"@id\":\"https:\/\/universoeletrico.com.br\/eletrico\/produto\/fita-de-advertencia-alta-tensao\/#breadcrumb\",\"itemListElement\":[{\"@type\":\"ListItem\",\"position\":1,\"name\":\"In\u00edcio\",\"item\":\"https:\/\/universoeletrico.com.br\/eletrico\/\"},{\"@type\":\"ListItem\",\"position\":2,\"name\":\"Produtos\",\"item\":\"https:\/\/universoeletrico.com.br\/eletrico\/produtos\/\"},{\"@type\":\"ListItem\",\"position\":3,\"name\":\"FITA DE ADVERT\u00caNCIA ALTA TENS\u00c3O\"}]},{\"@type\":\"WebSite\",\"@id\":\"https:\/\/universoeletrico.com.br\/eletrico\/#website\",\"url\":\"https:\/\/universoeletrico.com.br\/eletrico\/\",\"name\":\"Universo El\u00e9trico\",\"description\":\"\",\"potentialAction\":[{\"@type\":\"SearchAction\",\"target\":{\"@type\":\"EntryPoint\",\"urlTemplate\":\"https:\/\/universoeletrico.com.br\/eletrico\/?s={search_term_string}\"},\"query-input\":{\"@type\":\"PropertyValueSpecification\",\"valueRequired\":true,\"valueName\":\"search_term_string\"}}],\"inLanguage\":\"pt-BR\"}]}<\/script>\n<!-- \/ Yoast SEO Premium plugin. -->","yoast_head_json":{"title":"FITA DE ADVERT\u00caNCIA ALTA TENS\u00c3O - Universo El\u00e9trico","robots":{"index":"index","follow":"follow","max-snippet":"max-snippet:-1","max-image-preview":"max-image-preview:large","max-video-preview":"max-video-preview:-1"},"canonical":"https:\/\/universoeletrico.com.br\/eletrico\/produto\/fita-de-advertencia-alta-tensao\/","og_locale":"pt_BR","og_type":"article","og_title":"FITA DE ADVERT\u00caNCIA ALTA TENS\u00c3O","og_description":"Fita de advert\u00eancia alta tens\u00e3o \u00e9 uma fita de sinaliza\u00e7\u00e3o utilizada para identificar e alertar sobre a presen\u00e7a de perigo el\u00e9trico, seja em \u00e1reas de superf\u00edcie ou em instala\u00e7\u00f5es subterr\u00e2neas, conforme exigido pela norma NBR 5410. Para Pre\u00e7os, Or\u00e7amentos e D\u00favidas, fale com nossos especialistas.","og_url":"https:\/\/universoeletrico.com.br\/eletrico\/produto\/fita-de-advertencia-alta-tensao\/","og_site_name":"Universo El\u00e9trico","article_modified_time":"2026-01-30T20:44:41+00:00","og_image":[{"width":500,"height":500,"url":"https:\/\/universoeletrico.com.br\/eletrico\/wp-content\/uploads\/2026\/01\/fita-de-aviso-4.webp","type":"image\/webp"}],"twitter_card":"summary_large_image","twitter_misc":{"Est. tempo de leitura":"1 minuto"},"schema":{"@context":"https:\/\/schema.org","@graph":[{"@type":"WebPage","@id":"https:\/\/universoeletrico.com.br\/eletrico\/produto\/fita-de-advertencia-alta-tensao\/","url":"https:\/\/universoeletrico.com.br\/eletrico\/produto\/fita-de-advertencia-alta-tensao\/","name":"FITA DE ADVERT\u00caNCIA ALTA TENS\u00c3O - Universo El\u00e9trico","isPartOf":{"@id":"https:\/\/universoeletrico.com.br\/eletrico\/#website"},"primaryImageOfPage":{"@id":"https:\/\/universoeletrico.com.br\/eletrico\/produto\/fita-de-advertencia-alta-tensao\/#primaryimage"},"image":{"@id":"https:\/\/universoeletrico.com.br\/eletrico\/produto\/fita-de-advertencia-alta-tensao\/#primaryimage"},"thumbnailUrl":"https:\/\/universoeletrico.com.br\/eletrico\/wp-content\/uploads\/2026\/01\/fita-de-aviso-4.webp","datePublished":"2026-01-30T20:03:55+00:00","dateModified":"2026-01-30T20:44:41+00:00","breadcrumb":{"@id":"https:\/\/universoeletrico.com.br\/eletrico\/produto\/fita-de-advertencia-alta-tensao\/#breadcrumb"},"inLanguage":"pt-BR","potentialAction":[{"@type":"ReadAction","target":["https:\/\/universoeletrico.com.br\/eletrico\/produto\/fita-de-advertencia-alta-tensao\/"]}]},{"@type":"ImageObject","inLanguage":"pt-BR","@id":"https:\/\/universoeletrico.com.br\/eletrico\/produto\/fita-de-advertencia-alta-tensao\/#primaryimage","url":"https:\/\/universoeletrico.com.br\/eletrico\/wp-content\/uploads\/2026\/01\/fita-de-aviso-4.webp","contentUrl":"https:\/\/universoeletrico.com.br\/eletrico\/wp-content\/uploads\/2026\/01\/fita-de-aviso-4.webp","width":500,"height":500},{"@type":"BreadcrumbList","@id":"https:\/\/universoeletrico.com.br\/eletrico\/produto\/fita-de-advertencia-alta-tensao\/#breadcrumb","itemListElement":[{"@type":"ListItem","position":1,"name":"In\u00edcio","item":"https:\/\/universoeletrico.com.br\/eletrico\/"},{"@type":"ListItem","position":2,"name":"Produtos","item":"https:\/\/universoeletrico.com.br\/eletrico\/produtos\/"},{"@type":"ListItem","position":3,"name":"FITA DE ADVERT\u00caNCIA ALTA TENS\u00c3O"}]},{"@type":"WebSite","@id":"https:\/\/universoeletrico.com.br\/eletrico\/#website","url":"https:\/\/universoeletrico.com.br\/eletrico\/","name":"Universo El\u00e9trico","description":"","potentialAction":[{"@type":"SearchAction","target":{"@type":"EntryPoint","urlTemplate":"https:\/\/universoeletrico.com.br\/eletrico\/?s={search_term_string}"},"query-input":{"@type":"PropertyValueSpecification","valueRequired":true,"valueName":"search_term_string"}}],"inLanguage":"pt-BR"}]}},"_links":{"self":[{"href":"https:\/\/universoeletrico.com.br\/eletrico\/wp-json\/wp\/v2\/product\/3063","targetHints":{"allow":["GET"]}}],"collection":[{"href":"https:\/\/universoeletrico.com.br\/eletrico\/wp-json\/wp\/v2\/product"}],"about":[{"href":"https:\/\/universoeletrico.com.br\/eletrico\/wp-json\/wp\/v2\/types\/product"}],"version-history":[{"count":3,"href":"https:\/\/universoeletrico.com.br\/eletrico\/wp-json\/wp\/v2\/product\/3063\/revisions"}],"predecessor-version":[{"id":3067,"href":"https:\/\/universoeletrico.com.br\/eletrico\/wp-json\/wp\/v2\/product\/3063\/revisions\/3067"}],"wp:featuredmedia":[{"embeddable":true,"href":"https:\/\/universoeletrico.com.br\/eletrico\/wp-json\/wp\/v2\/media\/3064"}],"wp:attachment":[{"href":"https:\/\/universoeletrico.com.br\/eletrico\/wp-json\/wp\/v2\/media?parent=3063"}],"wp:term":[{"taxonomy":"product_brand","embeddable":true,"href":"https:\/\/universoeletrico.com.br\/eletrico\/wp-json\/wp\/v2\/product_brand?post=3063"},{"taxonomy":"product_cat","embeddable":true,"href":"https:\/\/universoeletrico.com.br\/eletrico\/wp-json\/wp\/v2\/product_cat?post=3063"},{"taxonomy":"product_tag","embeddable":true,"href":"https:\/\/universoeletrico.com.br\/eletrico\/wp-json\/wp\/v2\/product_tag?post=3063"}],"curies":[{"name":"wp","href":"https:\/\/api.w.org\/{rel}","templated":true}]}}