{"id":3046,"date":"2026-01-30T15:40:30","date_gmt":"2026-01-30T18:40:30","guid":{"rendered":"https:\/\/universoeletrico.com.br\/eletrico\/?post_type=product&#038;p=3046"},"modified":"2026-01-30T16:12:24","modified_gmt":"2026-01-30T19:12:24","slug":"mangueira-lisa-preta-reforcada","status":"publish","type":"product","link":"https:\/\/universoeletrico.com.br\/eletrico\/produto\/mangueira-lisa-preta-reforcada\/","title":{"rendered":"MANGUEIRA LISA PRETA REFOR\u00c7ADA"},"content":{"rendered":"<p>Mangueira lisa preta refor\u00e7ada \u00e9 uma solu\u00e7\u00e3o vers\u00e1til e dur\u00e1vel, geralmente feita de polietileno de alta densidade (PEAD) ou PVC, ideal para aplica\u00e7\u00f5es de irriga\u00e7\u00e3o, abastecimento de \u00e1gua e uso agr\u00edcola. Sua cor preta e material a tornam resistente aos raios UV e impactos, permitindo exposi\u00e7\u00e3o ao sol e garantindo uma vida \u00fatil prolongada.<\/p>\n<p>Segue abaixo todas op\u00e7\u00f5es de tamanhos em estoque:<\/p>\n<p>cod: 58004 MANGUEIRA LISA PT REFOR 1\/2 (RL C\/100M)<\/p>\n<p>cod: 58005 MANGUEIRA LISA PT REFOR 3\/4 (RL C\/100M)<\/p>\n<p>cod: 58006 MANGUEIRA LISA PT REFOR 1 (RL C\/100M)<\/p>\n<p>cod: 58007 MANGUEIRA LISA PT REFOR 1,1\/4 (RL C\/50M)<\/p>\n<p>cod: 58008 MANGUEIRA LISA PT REFOR 1.1\/2 (RL C\/50M)<\/p>\n<p>cod: 58009 MANGUEIRA LISA PT REFOR 2 (RL C\/50M)<\/p>\n<p>Para Pre\u00e7os, Or\u00e7amentos e D\u00favidas, fale com nossos especialistas.<\/p>\n","protected":false},"excerpt":{"rendered":"<p>Mangueira lisa preta refor\u00e7ada \u00e9 uma solu\u00e7\u00e3o vers\u00e1til e dur\u00e1vel, geralmente feita de polietileno de alta densidade (PEAD) ou PVC, ideal para aplica\u00e7\u00f5es de irriga\u00e7\u00e3o, abastecimento de \u00e1gua e uso agr\u00edcola. Sua cor preta e material a tornam resistente aos raios UV e impactos, permitindo exposi\u00e7\u00e3o ao sol e garantindo uma vida \u00fatil prolongada. Segue [&hellip;]<\/p>\n","protected":false},"featured_media":3048,"template":"","meta":[],"product_brand":[],"product_cat":[51,18],"product_tag":[179,168,184,133,189,192],"class_list":{"0":"post-3046","1":"product","2":"type-product","3":"status-publish","4":"has-post-thumbnail","6":"product_cat-eletrodutos-e-mangueiras-flexiveis","7":"product_cat-material-eletrico","8":"product_tag-acessorio-eletrico","9":"product_tag-lisa","10":"product_tag-mangueira","11":"product_tag-material-eletrico","12":"product_tag-preto","13":"product_tag-reforcada","15":"first","16":"instock","17":"shipping-taxable","18":"product-type-simple"},"yoast_head":"<!-- This site is optimized with the Yoast SEO Premium plugin v26.1.1 (Yoast SEO v26.1.1) - https:\/\/yoast.com\/wordpress\/plugins\/seo\/ -->\n<title>MANGUEIRA LISA PRETA REFOR\u00c7ADA - Universo El\u00e9trico<\/title>\n<meta name=\"robots\" content=\"index, follow, max-snippet:-1, max-image-preview:large, max-video-preview:-1\" \/>\n<link rel=\"canonical\" href=\"https:\/\/universoeletrico.com.br\/eletrico\/produto\/mangueira-lisa-preta-reforcada\/\" \/>\n<meta property=\"og:locale\" content=\"pt_BR\" \/>\n<meta property=\"og:type\" content=\"article\" \/>\n<meta property=\"og:title\" content=\"MANGUEIRA LISA PRETA REFOR\u00c7ADA\" \/>\n<meta property=\"og:description\" content=\"Mangueira lisa preta refor\u00e7ada \u00e9 uma solu\u00e7\u00e3o vers\u00e1til e dur\u00e1vel, geralmente feita de polietileno de alta densidade (PEAD) ou PVC, ideal para aplica\u00e7\u00f5es de irriga\u00e7\u00e3o, abastecimento de \u00e1gua e uso agr\u00edcola. Sua cor preta e material a tornam resistente aos raios UV e impactos, permitindo exposi\u00e7\u00e3o ao sol e garantindo uma vida \u00fatil prolongada. Segue [&hellip;]\" \/>\n<meta property=\"og:url\" content=\"https:\/\/universoeletrico.com.br\/eletrico\/produto\/mangueira-lisa-preta-reforcada\/\" \/>\n<meta property=\"og:site_name\" content=\"Universo El\u00e9trico\" \/>\n<meta property=\"article:modified_time\" content=\"2026-01-30T19:12:24+00:00\" \/>\n<meta property=\"og:image\" content=\"https:\/\/universoeletrico.com.br\/eletrico\/wp-content\/uploads\/2026\/01\/mangueira_lisa_preta_p_irrigacao_1_2_5mm_rolo_100_metros_11893_1_ac8050e0a93b1c7e9ffa995cb01bab4f.webp\" \/>\n\t<meta property=\"og:image:width\" content=\"1000\" \/>\n\t<meta property=\"og:image:height\" content=\"1000\" \/>\n\t<meta property=\"og:image:type\" content=\"image\/webp\" \/>\n<meta name=\"twitter:card\" content=\"summary_large_image\" \/>\n<meta name=\"twitter:label1\" content=\"Est. tempo de leitura\" \/>\n\t<meta name=\"twitter:data1\" content=\"1 minuto\" \/>\n<script type=\"application\/ld+json\" class=\"yoast-schema-graph\">{\"@context\":\"https:\/\/schema.org\",\"@graph\":[{\"@type\":\"WebPage\",\"@id\":\"https:\/\/universoeletrico.com.br\/eletrico\/produto\/mangueira-lisa-preta-reforcada\/\",\"url\":\"https:\/\/universoeletrico.com.br\/eletrico\/produto\/mangueira-lisa-preta-reforcada\/\",\"name\":\"MANGUEIRA LISA PRETA REFOR\u00c7ADA - Universo El\u00e9trico\",\"isPartOf\":{\"@id\":\"https:\/\/universoeletrico.com.br\/eletrico\/#website\"},\"primaryImageOfPage\":{\"@id\":\"https:\/\/universoeletrico.com.br\/eletrico\/produto\/mangueira-lisa-preta-reforcada\/#primaryimage\"},\"image\":{\"@id\":\"https:\/\/universoeletrico.com.br\/eletrico\/produto\/mangueira-lisa-preta-reforcada\/#primaryimage\"},\"thumbnailUrl\":\"https:\/\/universoeletrico.com.br\/eletrico\/wp-content\/uploads\/2026\/01\/mangueira_lisa_preta_p_irrigacao_1_2_5mm_rolo_100_metros_11893_1_ac8050e0a93b1c7e9ffa995cb01bab4f.webp\",\"datePublished\":\"2026-01-30T18:40:30+00:00\",\"dateModified\":\"2026-01-30T19:12:24+00:00\",\"breadcrumb\":{\"@id\":\"https:\/\/universoeletrico.com.br\/eletrico\/produto\/mangueira-lisa-preta-reforcada\/#breadcrumb\"},\"inLanguage\":\"pt-BR\",\"potentialAction\":[{\"@type\":\"ReadAction\",\"target\":[\"https:\/\/universoeletrico.com.br\/eletrico\/produto\/mangueira-lisa-preta-reforcada\/\"]}]},{\"@type\":\"ImageObject\",\"inLanguage\":\"pt-BR\",\"@id\":\"https:\/\/universoeletrico.com.br\/eletrico\/produto\/mangueira-lisa-preta-reforcada\/#primaryimage\",\"url\":\"https:\/\/universoeletrico.com.br\/eletrico\/wp-content\/uploads\/2026\/01\/mangueira_lisa_preta_p_irrigacao_1_2_5mm_rolo_100_metros_11893_1_ac8050e0a93b1c7e9ffa995cb01bab4f.webp\",\"contentUrl\":\"https:\/\/universoeletrico.com.br\/eletrico\/wp-content\/uploads\/2026\/01\/mangueira_lisa_preta_p_irrigacao_1_2_5mm_rolo_100_metros_11893_1_ac8050e0a93b1c7e9ffa995cb01bab4f.webp\",\"width\":1000,\"height\":1000},{\"@type\":\"BreadcrumbList\",\"@id\":\"https:\/\/universoeletrico.com.br\/eletrico\/produto\/mangueira-lisa-preta-reforcada\/#breadcrumb\",\"itemListElement\":[{\"@type\":\"ListItem\",\"position\":1,\"name\":\"In\u00edcio\",\"item\":\"https:\/\/universoeletrico.com.br\/eletrico\/\"},{\"@type\":\"ListItem\",\"position\":2,\"name\":\"Produtos\",\"item\":\"https:\/\/universoeletrico.com.br\/eletrico\/produtos\/\"},{\"@type\":\"ListItem\",\"position\":3,\"name\":\"MANGUEIRA LISA PRETA REFOR\u00c7ADA\"}]},{\"@type\":\"WebSite\",\"@id\":\"https:\/\/universoeletrico.com.br\/eletrico\/#website\",\"url\":\"https:\/\/universoeletrico.com.br\/eletrico\/\",\"name\":\"Universo El\u00e9trico\",\"description\":\"\",\"potentialAction\":[{\"@type\":\"SearchAction\",\"target\":{\"@type\":\"EntryPoint\",\"urlTemplate\":\"https:\/\/universoeletrico.com.br\/eletrico\/?s={search_term_string}\"},\"query-input\":{\"@type\":\"PropertyValueSpecification\",\"valueRequired\":true,\"valueName\":\"search_term_string\"}}],\"inLanguage\":\"pt-BR\"}]}<\/script>\n<!-- \/ Yoast SEO Premium plugin. -->","yoast_head_json":{"title":"MANGUEIRA LISA PRETA REFOR\u00c7ADA - Universo El\u00e9trico","robots":{"index":"index","follow":"follow","max-snippet":"max-snippet:-1","max-image-preview":"max-image-preview:large","max-video-preview":"max-video-preview:-1"},"canonical":"https:\/\/universoeletrico.com.br\/eletrico\/produto\/mangueira-lisa-preta-reforcada\/","og_locale":"pt_BR","og_type":"article","og_title":"MANGUEIRA LISA PRETA REFOR\u00c7ADA","og_description":"Mangueira lisa preta refor\u00e7ada \u00e9 uma solu\u00e7\u00e3o vers\u00e1til e dur\u00e1vel, geralmente feita de polietileno de alta densidade (PEAD) ou PVC, ideal para aplica\u00e7\u00f5es de irriga\u00e7\u00e3o, abastecimento de \u00e1gua e uso agr\u00edcola. Sua cor preta e material a tornam resistente aos raios UV e impactos, permitindo exposi\u00e7\u00e3o ao sol e garantindo uma vida \u00fatil prolongada. Segue [&hellip;]","og_url":"https:\/\/universoeletrico.com.br\/eletrico\/produto\/mangueira-lisa-preta-reforcada\/","og_site_name":"Universo El\u00e9trico","article_modified_time":"2026-01-30T19:12:24+00:00","og_image":[{"width":1000,"height":1000,"url":"https:\/\/universoeletrico.com.br\/eletrico\/wp-content\/uploads\/2026\/01\/mangueira_lisa_preta_p_irrigacao_1_2_5mm_rolo_100_metros_11893_1_ac8050e0a93b1c7e9ffa995cb01bab4f.webp","type":"image\/webp"}],"twitter_card":"summary_large_image","twitter_misc":{"Est. tempo de leitura":"1 minuto"},"schema":{"@context":"https:\/\/schema.org","@graph":[{"@type":"WebPage","@id":"https:\/\/universoeletrico.com.br\/eletrico\/produto\/mangueira-lisa-preta-reforcada\/","url":"https:\/\/universoeletrico.com.br\/eletrico\/produto\/mangueira-lisa-preta-reforcada\/","name":"MANGUEIRA LISA PRETA REFOR\u00c7ADA - Universo El\u00e9trico","isPartOf":{"@id":"https:\/\/universoeletrico.com.br\/eletrico\/#website"},"primaryImageOfPage":{"@id":"https:\/\/universoeletrico.com.br\/eletrico\/produto\/mangueira-lisa-preta-reforcada\/#primaryimage"},"image":{"@id":"https:\/\/universoeletrico.com.br\/eletrico\/produto\/mangueira-lisa-preta-reforcada\/#primaryimage"},"thumbnailUrl":"https:\/\/universoeletrico.com.br\/eletrico\/wp-content\/uploads\/2026\/01\/mangueira_lisa_preta_p_irrigacao_1_2_5mm_rolo_100_metros_11893_1_ac8050e0a93b1c7e9ffa995cb01bab4f.webp","datePublished":"2026-01-30T18:40:30+00:00","dateModified":"2026-01-30T19:12:24+00:00","breadcrumb":{"@id":"https:\/\/universoeletrico.com.br\/eletrico\/produto\/mangueira-lisa-preta-reforcada\/#breadcrumb"},"inLanguage":"pt-BR","potentialAction":[{"@type":"ReadAction","target":["https:\/\/universoeletrico.com.br\/eletrico\/produto\/mangueira-lisa-preta-reforcada\/"]}]},{"@type":"ImageObject","inLanguage":"pt-BR","@id":"https:\/\/universoeletrico.com.br\/eletrico\/produto\/mangueira-lisa-preta-reforcada\/#primaryimage","url":"https:\/\/universoeletrico.com.br\/eletrico\/wp-content\/uploads\/2026\/01\/mangueira_lisa_preta_p_irrigacao_1_2_5mm_rolo_100_metros_11893_1_ac8050e0a93b1c7e9ffa995cb01bab4f.webp","contentUrl":"https:\/\/universoeletrico.com.br\/eletrico\/wp-content\/uploads\/2026\/01\/mangueira_lisa_preta_p_irrigacao_1_2_5mm_rolo_100_metros_11893_1_ac8050e0a93b1c7e9ffa995cb01bab4f.webp","width":1000,"height":1000},{"@type":"BreadcrumbList","@id":"https:\/\/universoeletrico.com.br\/eletrico\/produto\/mangueira-lisa-preta-reforcada\/#breadcrumb","itemListElement":[{"@type":"ListItem","position":1,"name":"In\u00edcio","item":"https:\/\/universoeletrico.com.br\/eletrico\/"},{"@type":"ListItem","position":2,"name":"Produtos","item":"https:\/\/universoeletrico.com.br\/eletrico\/produtos\/"},{"@type":"ListItem","position":3,"name":"MANGUEIRA LISA PRETA REFOR\u00c7ADA"}]},{"@type":"WebSite","@id":"https:\/\/universoeletrico.com.br\/eletrico\/#website","url":"https:\/\/universoeletrico.com.br\/eletrico\/","name":"Universo El\u00e9trico","description":"","potentialAction":[{"@type":"SearchAction","target":{"@type":"EntryPoint","urlTemplate":"https:\/\/universoeletrico.com.br\/eletrico\/?s={search_term_string}"},"query-input":{"@type":"PropertyValueSpecification","valueRequired":true,"valueName":"search_term_string"}}],"inLanguage":"pt-BR"}]}},"_links":{"self":[{"href":"https:\/\/universoeletrico.com.br\/eletrico\/wp-json\/wp\/v2\/product\/3046","targetHints":{"allow":["GET"]}}],"collection":[{"href":"https:\/\/universoeletrico.com.br\/eletrico\/wp-json\/wp\/v2\/product"}],"about":[{"href":"https:\/\/universoeletrico.com.br\/eletrico\/wp-json\/wp\/v2\/types\/product"}],"version-history":[{"count":1,"href":"https:\/\/universoeletrico.com.br\/eletrico\/wp-json\/wp\/v2\/product\/3046\/revisions"}],"predecessor-version":[{"id":3050,"href":"https:\/\/universoeletrico.com.br\/eletrico\/wp-json\/wp\/v2\/product\/3046\/revisions\/3050"}],"wp:featuredmedia":[{"embeddable":true,"href":"https:\/\/universoeletrico.com.br\/eletrico\/wp-json\/wp\/v2\/media\/3048"}],"wp:attachment":[{"href":"https:\/\/universoeletrico.com.br\/eletrico\/wp-json\/wp\/v2\/media?parent=3046"}],"wp:term":[{"taxonomy":"product_brand","embeddable":true,"href":"https:\/\/universoeletrico.com.br\/eletrico\/wp-json\/wp\/v2\/product_brand?post=3046"},{"taxonomy":"product_cat","embeddable":true,"href":"https:\/\/universoeletrico.com.br\/eletrico\/wp-json\/wp\/v2\/product_cat?post=3046"},{"taxonomy":"product_tag","embeddable":true,"href":"https:\/\/universoeletrico.com.br\/eletrico\/wp-json\/wp\/v2\/product_tag?post=3046"}],"curies":[{"name":"wp","href":"https:\/\/api.w.org\/{rel}","templated":true}]}}