{"id":3039,"date":"2026-01-30T12:12:03","date_gmt":"2026-01-30T15:12:03","guid":{"rendered":"https:\/\/universoeletrico.com.br\/eletrico\/?post_type=product&#038;p=3039"},"modified":"2026-01-30T12:44:47","modified_gmt":"2026-01-30T15:44:47","slug":"duto-corrugado-pead","status":"publish","type":"product","link":"https:\/\/universoeletrico.com.br\/eletrico\/produto\/duto-corrugado-pead\/","title":{"rendered":"DUTO CORRUGADO PEAD"},"content":{"rendered":"<p>Duto corrugado de PEAD (Polietileno de Alta Densidade) \u00e9 uma tubula\u00e7\u00e3o flex\u00edvel e resistente projetada para infraestrutura subterr\u00e2nea, sendo amplamente utilizada para proteger cabos e conduzir fluidos.<\/p>\n<p>Segue abaixo todas op\u00e7\u00f5es de tamanhos em estoque:<\/p>\n<p>cod: 58089 DUTO CORRUG. PEAD 3\/4&#8243; ( RL C\/50M )<\/p>\n<p>cod: 58088 DUTO CORRUG. PEAD 1&#8243; ( RL C\/50M )<\/p>\n<p>cod: 58032 DUTO CORRUG. PEAD 1,1\/4&#8243; ( RL C\/25M\/50M )<\/p>\n<p>cod: 58033 DUTO CORRUG. PEAD 1,1\/2&#8243; ( RL C\/25M\/50M )<\/p>\n<p>cod: 58148 DUTO CORRUG. PEAD 2&#8243; ( RL C\/25M\/50M )<\/p>\n<p>cod: 58035 DUTO CORRUG. PEAD 3&#8243; ( RL C\/25M\/50M )<\/p>\n<p>cod: 58036 DUTO CORRUG. PEAD 4&#8243; ( RL C25M\/50M )<\/p>\n<p>cod: 58140 DUTO CORRUG. PEAD 5&#8243; ( RL \/50M )<\/p>\n<p>Para Pre\u00e7os, Or\u00e7amentos e D\u00favidas, fale com nossos especialistas.<\/p>\n","protected":false},"excerpt":{"rendered":"<p>Duto corrugado de PEAD (Polietileno de Alta Densidade) \u00e9 uma tubula\u00e7\u00e3o flex\u00edvel e resistente projetada para infraestrutura subterr\u00e2nea, sendo amplamente utilizada para proteger cabos e conduzir fluidos. Segue abaixo todas op\u00e7\u00f5es de tamanhos em estoque: cod: 58089 DUTO CORRUG. PEAD 3\/4&#8243; ( RL C\/50M ) cod: 58088 DUTO CORRUG. PEAD 1&#8243; ( RL C\/50M ) [&hellip;]<\/p>\n","protected":false},"featured_media":3040,"template":"","meta":[],"product_brand":[],"product_cat":[51,18],"product_tag":[179,186,67,183,184,133,190,189],"class_list":{"0":"post-3039","1":"product","2":"type-product","3":"status-publish","4":"has-post-thumbnail","6":"product_cat-eletrodutos-e-mangueiras-flexiveis","7":"product_cat-material-eletrico","8":"product_tag-acessorio-eletrico","9":"product_tag-conduite","10":"product_tag-corrugado","11":"product_tag-eletroduto-flexivel","12":"product_tag-mangueira","13":"product_tag-material-eletrico","14":"product_tag-pead","15":"product_tag-preto","17":"first","18":"instock","19":"shipping-taxable","20":"product-type-simple"},"yoast_head":"<!-- This site is optimized with the Yoast SEO Premium plugin v26.1.1 (Yoast SEO v26.1.1) - https:\/\/yoast.com\/wordpress\/plugins\/seo\/ -->\n<title>DUTO CORRUGADO PEAD - Universo El\u00e9trico<\/title>\n<meta name=\"robots\" content=\"index, follow, max-snippet:-1, max-image-preview:large, max-video-preview:-1\" \/>\n<link rel=\"canonical\" href=\"https:\/\/universoeletrico.com.br\/eletrico\/produto\/duto-corrugado-pead\/\" \/>\n<meta property=\"og:locale\" content=\"pt_BR\" \/>\n<meta property=\"og:type\" content=\"article\" \/>\n<meta property=\"og:title\" content=\"DUTO CORRUGADO PEAD\" \/>\n<meta property=\"og:description\" content=\"Duto corrugado de PEAD (Polietileno de Alta Densidade) \u00e9 uma tubula\u00e7\u00e3o flex\u00edvel e resistente projetada para infraestrutura subterr\u00e2nea, sendo amplamente utilizada para proteger cabos e conduzir fluidos. Segue abaixo todas op\u00e7\u00f5es de tamanhos em estoque: cod: 58089 DUTO CORRUG. PEAD 3\/4&#8243; ( RL C\/50M ) cod: 58088 DUTO CORRUG. PEAD 1&#8243; ( RL C\/50M ) [&hellip;]\" \/>\n<meta property=\"og:url\" content=\"https:\/\/universoeletrico.com.br\/eletrico\/produto\/duto-corrugado-pead\/\" \/>\n<meta property=\"og:site_name\" content=\"Universo El\u00e9trico\" \/>\n<meta property=\"article:modified_time\" content=\"2026-01-30T15:44:47+00:00\" \/>\n<meta property=\"og:image\" content=\"https:\/\/universoeletrico.com.br\/eletrico\/wp-content\/uploads\/2026\/01\/duto_corrugado_1_1_2_50_metros_1103_1_88342f6d2b572859c8f2efba5e07a9eb.webp\" \/>\n\t<meta property=\"og:image:width\" content=\"1000\" \/>\n\t<meta property=\"og:image:height\" content=\"1000\" \/>\n\t<meta property=\"og:image:type\" content=\"image\/webp\" \/>\n<meta name=\"twitter:card\" content=\"summary_large_image\" \/>\n<meta name=\"twitter:label1\" content=\"Est. tempo de leitura\" \/>\n\t<meta name=\"twitter:data1\" content=\"1 minuto\" \/>\n<script type=\"application\/ld+json\" class=\"yoast-schema-graph\">{\"@context\":\"https:\/\/schema.org\",\"@graph\":[{\"@type\":\"WebPage\",\"@id\":\"https:\/\/universoeletrico.com.br\/eletrico\/produto\/duto-corrugado-pead\/\",\"url\":\"https:\/\/universoeletrico.com.br\/eletrico\/produto\/duto-corrugado-pead\/\",\"name\":\"DUTO CORRUGADO PEAD - Universo El\u00e9trico\",\"isPartOf\":{\"@id\":\"https:\/\/universoeletrico.com.br\/eletrico\/#website\"},\"primaryImageOfPage\":{\"@id\":\"https:\/\/universoeletrico.com.br\/eletrico\/produto\/duto-corrugado-pead\/#primaryimage\"},\"image\":{\"@id\":\"https:\/\/universoeletrico.com.br\/eletrico\/produto\/duto-corrugado-pead\/#primaryimage\"},\"thumbnailUrl\":\"https:\/\/universoeletrico.com.br\/eletrico\/wp-content\/uploads\/2026\/01\/duto_corrugado_1_1_2_50_metros_1103_1_88342f6d2b572859c8f2efba5e07a9eb.webp\",\"datePublished\":\"2026-01-30T15:12:03+00:00\",\"dateModified\":\"2026-01-30T15:44:47+00:00\",\"breadcrumb\":{\"@id\":\"https:\/\/universoeletrico.com.br\/eletrico\/produto\/duto-corrugado-pead\/#breadcrumb\"},\"inLanguage\":\"pt-BR\",\"potentialAction\":[{\"@type\":\"ReadAction\",\"target\":[\"https:\/\/universoeletrico.com.br\/eletrico\/produto\/duto-corrugado-pead\/\"]}]},{\"@type\":\"ImageObject\",\"inLanguage\":\"pt-BR\",\"@id\":\"https:\/\/universoeletrico.com.br\/eletrico\/produto\/duto-corrugado-pead\/#primaryimage\",\"url\":\"https:\/\/universoeletrico.com.br\/eletrico\/wp-content\/uploads\/2026\/01\/duto_corrugado_1_1_2_50_metros_1103_1_88342f6d2b572859c8f2efba5e07a9eb.webp\",\"contentUrl\":\"https:\/\/universoeletrico.com.br\/eletrico\/wp-content\/uploads\/2026\/01\/duto_corrugado_1_1_2_50_metros_1103_1_88342f6d2b572859c8f2efba5e07a9eb.webp\",\"width\":1000,\"height\":1000},{\"@type\":\"BreadcrumbList\",\"@id\":\"https:\/\/universoeletrico.com.br\/eletrico\/produto\/duto-corrugado-pead\/#breadcrumb\",\"itemListElement\":[{\"@type\":\"ListItem\",\"position\":1,\"name\":\"In\u00edcio\",\"item\":\"https:\/\/universoeletrico.com.br\/eletrico\/\"},{\"@type\":\"ListItem\",\"position\":2,\"name\":\"Produtos\",\"item\":\"https:\/\/universoeletrico.com.br\/eletrico\/produtos\/\"},{\"@type\":\"ListItem\",\"position\":3,\"name\":\"DUTO CORRUGADO PEAD\"}]},{\"@type\":\"WebSite\",\"@id\":\"https:\/\/universoeletrico.com.br\/eletrico\/#website\",\"url\":\"https:\/\/universoeletrico.com.br\/eletrico\/\",\"name\":\"Universo El\u00e9trico\",\"description\":\"\",\"potentialAction\":[{\"@type\":\"SearchAction\",\"target\":{\"@type\":\"EntryPoint\",\"urlTemplate\":\"https:\/\/universoeletrico.com.br\/eletrico\/?s={search_term_string}\"},\"query-input\":{\"@type\":\"PropertyValueSpecification\",\"valueRequired\":true,\"valueName\":\"search_term_string\"}}],\"inLanguage\":\"pt-BR\"}]}<\/script>\n<!-- \/ Yoast SEO Premium plugin. -->","yoast_head_json":{"title":"DUTO CORRUGADO PEAD - Universo El\u00e9trico","robots":{"index":"index","follow":"follow","max-snippet":"max-snippet:-1","max-image-preview":"max-image-preview:large","max-video-preview":"max-video-preview:-1"},"canonical":"https:\/\/universoeletrico.com.br\/eletrico\/produto\/duto-corrugado-pead\/","og_locale":"pt_BR","og_type":"article","og_title":"DUTO CORRUGADO PEAD","og_description":"Duto corrugado de PEAD (Polietileno de Alta Densidade) \u00e9 uma tubula\u00e7\u00e3o flex\u00edvel e resistente projetada para infraestrutura subterr\u00e2nea, sendo amplamente utilizada para proteger cabos e conduzir fluidos. Segue abaixo todas op\u00e7\u00f5es de tamanhos em estoque: cod: 58089 DUTO CORRUG. PEAD 3\/4&#8243; ( RL C\/50M ) cod: 58088 DUTO CORRUG. PEAD 1&#8243; ( RL C\/50M ) [&hellip;]","og_url":"https:\/\/universoeletrico.com.br\/eletrico\/produto\/duto-corrugado-pead\/","og_site_name":"Universo El\u00e9trico","article_modified_time":"2026-01-30T15:44:47+00:00","og_image":[{"width":1000,"height":1000,"url":"https:\/\/universoeletrico.com.br\/eletrico\/wp-content\/uploads\/2026\/01\/duto_corrugado_1_1_2_50_metros_1103_1_88342f6d2b572859c8f2efba5e07a9eb.webp","type":"image\/webp"}],"twitter_card":"summary_large_image","twitter_misc":{"Est. tempo de leitura":"1 minuto"},"schema":{"@context":"https:\/\/schema.org","@graph":[{"@type":"WebPage","@id":"https:\/\/universoeletrico.com.br\/eletrico\/produto\/duto-corrugado-pead\/","url":"https:\/\/universoeletrico.com.br\/eletrico\/produto\/duto-corrugado-pead\/","name":"DUTO CORRUGADO PEAD - Universo El\u00e9trico","isPartOf":{"@id":"https:\/\/universoeletrico.com.br\/eletrico\/#website"},"primaryImageOfPage":{"@id":"https:\/\/universoeletrico.com.br\/eletrico\/produto\/duto-corrugado-pead\/#primaryimage"},"image":{"@id":"https:\/\/universoeletrico.com.br\/eletrico\/produto\/duto-corrugado-pead\/#primaryimage"},"thumbnailUrl":"https:\/\/universoeletrico.com.br\/eletrico\/wp-content\/uploads\/2026\/01\/duto_corrugado_1_1_2_50_metros_1103_1_88342f6d2b572859c8f2efba5e07a9eb.webp","datePublished":"2026-01-30T15:12:03+00:00","dateModified":"2026-01-30T15:44:47+00:00","breadcrumb":{"@id":"https:\/\/universoeletrico.com.br\/eletrico\/produto\/duto-corrugado-pead\/#breadcrumb"},"inLanguage":"pt-BR","potentialAction":[{"@type":"ReadAction","target":["https:\/\/universoeletrico.com.br\/eletrico\/produto\/duto-corrugado-pead\/"]}]},{"@type":"ImageObject","inLanguage":"pt-BR","@id":"https:\/\/universoeletrico.com.br\/eletrico\/produto\/duto-corrugado-pead\/#primaryimage","url":"https:\/\/universoeletrico.com.br\/eletrico\/wp-content\/uploads\/2026\/01\/duto_corrugado_1_1_2_50_metros_1103_1_88342f6d2b572859c8f2efba5e07a9eb.webp","contentUrl":"https:\/\/universoeletrico.com.br\/eletrico\/wp-content\/uploads\/2026\/01\/duto_corrugado_1_1_2_50_metros_1103_1_88342f6d2b572859c8f2efba5e07a9eb.webp","width":1000,"height":1000},{"@type":"BreadcrumbList","@id":"https:\/\/universoeletrico.com.br\/eletrico\/produto\/duto-corrugado-pead\/#breadcrumb","itemListElement":[{"@type":"ListItem","position":1,"name":"In\u00edcio","item":"https:\/\/universoeletrico.com.br\/eletrico\/"},{"@type":"ListItem","position":2,"name":"Produtos","item":"https:\/\/universoeletrico.com.br\/eletrico\/produtos\/"},{"@type":"ListItem","position":3,"name":"DUTO CORRUGADO PEAD"}]},{"@type":"WebSite","@id":"https:\/\/universoeletrico.com.br\/eletrico\/#website","url":"https:\/\/universoeletrico.com.br\/eletrico\/","name":"Universo El\u00e9trico","description":"","potentialAction":[{"@type":"SearchAction","target":{"@type":"EntryPoint","urlTemplate":"https:\/\/universoeletrico.com.br\/eletrico\/?s={search_term_string}"},"query-input":{"@type":"PropertyValueSpecification","valueRequired":true,"valueName":"search_term_string"}}],"inLanguage":"pt-BR"}]}},"_links":{"self":[{"href":"https:\/\/universoeletrico.com.br\/eletrico\/wp-json\/wp\/v2\/product\/3039","targetHints":{"allow":["GET"]}}],"collection":[{"href":"https:\/\/universoeletrico.com.br\/eletrico\/wp-json\/wp\/v2\/product"}],"about":[{"href":"https:\/\/universoeletrico.com.br\/eletrico\/wp-json\/wp\/v2\/types\/product"}],"version-history":[{"count":3,"href":"https:\/\/universoeletrico.com.br\/eletrico\/wp-json\/wp\/v2\/product\/3039\/revisions"}],"predecessor-version":[{"id":3043,"href":"https:\/\/universoeletrico.com.br\/eletrico\/wp-json\/wp\/v2\/product\/3039\/revisions\/3043"}],"wp:featuredmedia":[{"embeddable":true,"href":"https:\/\/universoeletrico.com.br\/eletrico\/wp-json\/wp\/v2\/media\/3040"}],"wp:attachment":[{"href":"https:\/\/universoeletrico.com.br\/eletrico\/wp-json\/wp\/v2\/media?parent=3039"}],"wp:term":[{"taxonomy":"product_brand","embeddable":true,"href":"https:\/\/universoeletrico.com.br\/eletrico\/wp-json\/wp\/v2\/product_brand?post=3039"},{"taxonomy":"product_cat","embeddable":true,"href":"https:\/\/universoeletrico.com.br\/eletrico\/wp-json\/wp\/v2\/product_cat?post=3039"},{"taxonomy":"product_tag","embeddable":true,"href":"https:\/\/universoeletrico.com.br\/eletrico\/wp-json\/wp\/v2\/product_tag?post=3039"}],"curies":[{"name":"wp","href":"https:\/\/api.w.org\/{rel}","templated":true}]}}