{"id":3029,"date":"2026-01-30T11:31:37","date_gmt":"2026-01-30T14:31:37","guid":{"rendered":"https:\/\/universoeletrico.com.br\/eletrico\/?post_type=product&#038;p=3029"},"modified":"2026-02-02T08:56:46","modified_gmt":"2026-02-02T11:56:46","slug":"eletroduto-flexivel-corrugado-laranja","status":"publish","type":"product","link":"https:\/\/universoeletrico.com.br\/eletrico\/produto\/eletroduto-flexivel-corrugado-laranja\/","title":{"rendered":"ELETRODUTO FLEX\u00cdVEL CORRUGADO LARANJA"},"content":{"rendered":"<p>Eletroduto flex\u00edvel corrugado laranja \u00e9 um eletroduto refor\u00e7ado projetado para instala\u00e7\u00f5es el\u00e9tricas embutidas em lajes e pisos, onde \u00e9 necess\u00e1ria maior resist\u00eancia \u00e0 compress\u00e3o do que nas paredes.<\/p>\n<p>Segue abaixo todas op\u00e7\u00f5es de tamanhos em estoque:<\/p>\n<p>cod: 58107\u00a0 ELETR FLEX CORRUG 1\/2 20MM AM RL C\/50MT<\/p>\n<p>cod: 58108 ELETR FLEX CORRUG 3\/4 25MM AM RL C\/50MT<\/p>\n<p>cod: 58109 ELETR FLEX CORRUG 1\u201d 32MM AM RL C\/25MT<\/p>\n<p>Para Pre\u00e7os, Or\u00e7amentos e D\u00favidas, fale com nossos especialistas.<\/p>\n","protected":false},"excerpt":{"rendered":"<p>Eletroduto flex\u00edvel corrugado laranja \u00e9 um eletroduto refor\u00e7ado projetado para instala\u00e7\u00f5es el\u00e9tricas embutidas em lajes e pisos, onde \u00e9 necess\u00e1ria maior resist\u00eancia \u00e0 compress\u00e3o do que nas paredes. Segue abaixo todas op\u00e7\u00f5es de tamanhos em estoque: cod: 58107\u00a0 ELETR FLEX CORRUG 1\/2 20MM AM RL C\/50MT cod: 58108 ELETR FLEX CORRUG 3\/4 25MM AM RL [&hellip;]<\/p>\n","protected":false},"featured_media":3030,"template":"","meta":[],"product_brand":[182,181],"product_cat":[51,18],"product_tag":[179,186,67,183,187,184,133],"class_list":{"0":"post-3029","1":"product","2":"type-product","3":"status-publish","4":"has-post-thumbnail","6":"product_brand-arqua","7":"product_brand-krona","8":"product_cat-eletrodutos-e-mangueiras-flexiveis","9":"product_cat-material-eletrico","10":"product_tag-acessorio-eletrico","11":"product_tag-conduite","12":"product_tag-corrugado","13":"product_tag-eletroduto-flexivel","14":"product_tag-laranja","15":"product_tag-mangueira","16":"product_tag-material-eletrico","18":"first","19":"instock","20":"shipping-taxable","21":"product-type-simple"},"yoast_head":"<!-- This site is optimized with the Yoast SEO Premium plugin v26.1.1 (Yoast SEO v26.1.1) - https:\/\/yoast.com\/wordpress\/plugins\/seo\/ -->\n<title>ELETRODUTO FLEX\u00cdVEL CORRUGADO LARANJA - Universo El\u00e9trico<\/title>\n<meta name=\"robots\" content=\"index, follow, max-snippet:-1, max-image-preview:large, max-video-preview:-1\" \/>\n<link rel=\"canonical\" href=\"https:\/\/universoeletrico.com.br\/eletrico\/produto\/eletroduto-flexivel-corrugado-laranja\/\" \/>\n<meta property=\"og:locale\" content=\"pt_BR\" \/>\n<meta property=\"og:type\" content=\"article\" \/>\n<meta property=\"og:title\" content=\"ELETRODUTO FLEX\u00cdVEL CORRUGADO LARANJA\" \/>\n<meta property=\"og:description\" content=\"Eletroduto flex\u00edvel corrugado laranja \u00e9 um eletroduto refor\u00e7ado projetado para instala\u00e7\u00f5es el\u00e9tricas embutidas em lajes e pisos, onde \u00e9 necess\u00e1ria maior resist\u00eancia \u00e0 compress\u00e3o do que nas paredes. Segue abaixo todas op\u00e7\u00f5es de tamanhos em estoque: cod: 58107\u00a0 ELETR FLEX CORRUG 1\/2 20MM AM RL C\/50MT cod: 58108 ELETR FLEX CORRUG 3\/4 25MM AM RL [&hellip;]\" \/>\n<meta property=\"og:url\" content=\"https:\/\/universoeletrico.com.br\/eletrico\/produto\/eletroduto-flexivel-corrugado-laranja\/\" \/>\n<meta property=\"og:site_name\" content=\"Universo El\u00e9trico\" \/>\n<meta property=\"article:modified_time\" content=\"2026-02-02T11:56:46+00:00\" \/>\n<meta property=\"og:image\" content=\"https:\/\/universoeletrico.com.br\/eletrico\/wp-content\/uploads\/2026\/01\/2421_resize_800_600_false_true_null.webp\" \/>\n\t<meta property=\"og:image:width\" content=\"600\" \/>\n\t<meta property=\"og:image:height\" content=\"600\" \/>\n\t<meta property=\"og:image:type\" content=\"image\/webp\" \/>\n<meta name=\"twitter:card\" content=\"summary_large_image\" \/>\n<meta name=\"twitter:label1\" content=\"Est. tempo de leitura\" \/>\n\t<meta name=\"twitter:data1\" content=\"1 minuto\" \/>\n<script type=\"application\/ld+json\" class=\"yoast-schema-graph\">{\"@context\":\"https:\/\/schema.org\",\"@graph\":[{\"@type\":\"WebPage\",\"@id\":\"https:\/\/universoeletrico.com.br\/eletrico\/produto\/eletroduto-flexivel-corrugado-laranja\/\",\"url\":\"https:\/\/universoeletrico.com.br\/eletrico\/produto\/eletroduto-flexivel-corrugado-laranja\/\",\"name\":\"ELETRODUTO FLEX\u00cdVEL CORRUGADO LARANJA - Universo El\u00e9trico\",\"isPartOf\":{\"@id\":\"https:\/\/universoeletrico.com.br\/eletrico\/#website\"},\"primaryImageOfPage\":{\"@id\":\"https:\/\/universoeletrico.com.br\/eletrico\/produto\/eletroduto-flexivel-corrugado-laranja\/#primaryimage\"},\"image\":{\"@id\":\"https:\/\/universoeletrico.com.br\/eletrico\/produto\/eletroduto-flexivel-corrugado-laranja\/#primaryimage\"},\"thumbnailUrl\":\"https:\/\/universoeletrico.com.br\/eletrico\/wp-content\/uploads\/2026\/01\/2421_resize_800_600_false_true_null.webp\",\"datePublished\":\"2026-01-30T14:31:37+00:00\",\"dateModified\":\"2026-02-02T11:56:46+00:00\",\"breadcrumb\":{\"@id\":\"https:\/\/universoeletrico.com.br\/eletrico\/produto\/eletroduto-flexivel-corrugado-laranja\/#breadcrumb\"},\"inLanguage\":\"pt-BR\",\"potentialAction\":[{\"@type\":\"ReadAction\",\"target\":[\"https:\/\/universoeletrico.com.br\/eletrico\/produto\/eletroduto-flexivel-corrugado-laranja\/\"]}]},{\"@type\":\"ImageObject\",\"inLanguage\":\"pt-BR\",\"@id\":\"https:\/\/universoeletrico.com.br\/eletrico\/produto\/eletroduto-flexivel-corrugado-laranja\/#primaryimage\",\"url\":\"https:\/\/universoeletrico.com.br\/eletrico\/wp-content\/uploads\/2026\/01\/2421_resize_800_600_false_true_null.webp\",\"contentUrl\":\"https:\/\/universoeletrico.com.br\/eletrico\/wp-content\/uploads\/2026\/01\/2421_resize_800_600_false_true_null.webp\",\"width\":600,\"height\":600},{\"@type\":\"BreadcrumbList\",\"@id\":\"https:\/\/universoeletrico.com.br\/eletrico\/produto\/eletroduto-flexivel-corrugado-laranja\/#breadcrumb\",\"itemListElement\":[{\"@type\":\"ListItem\",\"position\":1,\"name\":\"In\u00edcio\",\"item\":\"https:\/\/universoeletrico.com.br\/eletrico\/\"},{\"@type\":\"ListItem\",\"position\":2,\"name\":\"Produtos\",\"item\":\"https:\/\/universoeletrico.com.br\/eletrico\/produtos\/\"},{\"@type\":\"ListItem\",\"position\":3,\"name\":\"ELETRODUTO FLEX\u00cdVEL CORRUGADO LARANJA\"}]},{\"@type\":\"WebSite\",\"@id\":\"https:\/\/universoeletrico.com.br\/eletrico\/#website\",\"url\":\"https:\/\/universoeletrico.com.br\/eletrico\/\",\"name\":\"Universo El\u00e9trico\",\"description\":\"\",\"potentialAction\":[{\"@type\":\"SearchAction\",\"target\":{\"@type\":\"EntryPoint\",\"urlTemplate\":\"https:\/\/universoeletrico.com.br\/eletrico\/?s={search_term_string}\"},\"query-input\":{\"@type\":\"PropertyValueSpecification\",\"valueRequired\":true,\"valueName\":\"search_term_string\"}}],\"inLanguage\":\"pt-BR\"}]}<\/script>\n<!-- \/ Yoast SEO Premium plugin. -->","yoast_head_json":{"title":"ELETRODUTO FLEX\u00cdVEL CORRUGADO LARANJA - Universo El\u00e9trico","robots":{"index":"index","follow":"follow","max-snippet":"max-snippet:-1","max-image-preview":"max-image-preview:large","max-video-preview":"max-video-preview:-1"},"canonical":"https:\/\/universoeletrico.com.br\/eletrico\/produto\/eletroduto-flexivel-corrugado-laranja\/","og_locale":"pt_BR","og_type":"article","og_title":"ELETRODUTO FLEX\u00cdVEL CORRUGADO LARANJA","og_description":"Eletroduto flex\u00edvel corrugado laranja \u00e9 um eletroduto refor\u00e7ado projetado para instala\u00e7\u00f5es el\u00e9tricas embutidas em lajes e pisos, onde \u00e9 necess\u00e1ria maior resist\u00eancia \u00e0 compress\u00e3o do que nas paredes. Segue abaixo todas op\u00e7\u00f5es de tamanhos em estoque: cod: 58107\u00a0 ELETR FLEX CORRUG 1\/2 20MM AM RL C\/50MT cod: 58108 ELETR FLEX CORRUG 3\/4 25MM AM RL [&hellip;]","og_url":"https:\/\/universoeletrico.com.br\/eletrico\/produto\/eletroduto-flexivel-corrugado-laranja\/","og_site_name":"Universo El\u00e9trico","article_modified_time":"2026-02-02T11:56:46+00:00","og_image":[{"width":600,"height":600,"url":"https:\/\/universoeletrico.com.br\/eletrico\/wp-content\/uploads\/2026\/01\/2421_resize_800_600_false_true_null.webp","type":"image\/webp"}],"twitter_card":"summary_large_image","twitter_misc":{"Est. tempo de leitura":"1 minuto"},"schema":{"@context":"https:\/\/schema.org","@graph":[{"@type":"WebPage","@id":"https:\/\/universoeletrico.com.br\/eletrico\/produto\/eletroduto-flexivel-corrugado-laranja\/","url":"https:\/\/universoeletrico.com.br\/eletrico\/produto\/eletroduto-flexivel-corrugado-laranja\/","name":"ELETRODUTO FLEX\u00cdVEL CORRUGADO LARANJA - Universo El\u00e9trico","isPartOf":{"@id":"https:\/\/universoeletrico.com.br\/eletrico\/#website"},"primaryImageOfPage":{"@id":"https:\/\/universoeletrico.com.br\/eletrico\/produto\/eletroduto-flexivel-corrugado-laranja\/#primaryimage"},"image":{"@id":"https:\/\/universoeletrico.com.br\/eletrico\/produto\/eletroduto-flexivel-corrugado-laranja\/#primaryimage"},"thumbnailUrl":"https:\/\/universoeletrico.com.br\/eletrico\/wp-content\/uploads\/2026\/01\/2421_resize_800_600_false_true_null.webp","datePublished":"2026-01-30T14:31:37+00:00","dateModified":"2026-02-02T11:56:46+00:00","breadcrumb":{"@id":"https:\/\/universoeletrico.com.br\/eletrico\/produto\/eletroduto-flexivel-corrugado-laranja\/#breadcrumb"},"inLanguage":"pt-BR","potentialAction":[{"@type":"ReadAction","target":["https:\/\/universoeletrico.com.br\/eletrico\/produto\/eletroduto-flexivel-corrugado-laranja\/"]}]},{"@type":"ImageObject","inLanguage":"pt-BR","@id":"https:\/\/universoeletrico.com.br\/eletrico\/produto\/eletroduto-flexivel-corrugado-laranja\/#primaryimage","url":"https:\/\/universoeletrico.com.br\/eletrico\/wp-content\/uploads\/2026\/01\/2421_resize_800_600_false_true_null.webp","contentUrl":"https:\/\/universoeletrico.com.br\/eletrico\/wp-content\/uploads\/2026\/01\/2421_resize_800_600_false_true_null.webp","width":600,"height":600},{"@type":"BreadcrumbList","@id":"https:\/\/universoeletrico.com.br\/eletrico\/produto\/eletroduto-flexivel-corrugado-laranja\/#breadcrumb","itemListElement":[{"@type":"ListItem","position":1,"name":"In\u00edcio","item":"https:\/\/universoeletrico.com.br\/eletrico\/"},{"@type":"ListItem","position":2,"name":"Produtos","item":"https:\/\/universoeletrico.com.br\/eletrico\/produtos\/"},{"@type":"ListItem","position":3,"name":"ELETRODUTO FLEX\u00cdVEL CORRUGADO LARANJA"}]},{"@type":"WebSite","@id":"https:\/\/universoeletrico.com.br\/eletrico\/#website","url":"https:\/\/universoeletrico.com.br\/eletrico\/","name":"Universo El\u00e9trico","description":"","potentialAction":[{"@type":"SearchAction","target":{"@type":"EntryPoint","urlTemplate":"https:\/\/universoeletrico.com.br\/eletrico\/?s={search_term_string}"},"query-input":{"@type":"PropertyValueSpecification","valueRequired":true,"valueName":"search_term_string"}}],"inLanguage":"pt-BR"}]}},"_links":{"self":[{"href":"https:\/\/universoeletrico.com.br\/eletrico\/wp-json\/wp\/v2\/product\/3029","targetHints":{"allow":["GET"]}}],"collection":[{"href":"https:\/\/universoeletrico.com.br\/eletrico\/wp-json\/wp\/v2\/product"}],"about":[{"href":"https:\/\/universoeletrico.com.br\/eletrico\/wp-json\/wp\/v2\/types\/product"}],"version-history":[{"count":5,"href":"https:\/\/universoeletrico.com.br\/eletrico\/wp-json\/wp\/v2\/product\/3029\/revisions"}],"predecessor-version":[{"id":3075,"href":"https:\/\/universoeletrico.com.br\/eletrico\/wp-json\/wp\/v2\/product\/3029\/revisions\/3075"}],"wp:featuredmedia":[{"embeddable":true,"href":"https:\/\/universoeletrico.com.br\/eletrico\/wp-json\/wp\/v2\/media\/3030"}],"wp:attachment":[{"href":"https:\/\/universoeletrico.com.br\/eletrico\/wp-json\/wp\/v2\/media?parent=3029"}],"wp:term":[{"taxonomy":"product_brand","embeddable":true,"href":"https:\/\/universoeletrico.com.br\/eletrico\/wp-json\/wp\/v2\/product_brand?post=3029"},{"taxonomy":"product_cat","embeddable":true,"href":"https:\/\/universoeletrico.com.br\/eletrico\/wp-json\/wp\/v2\/product_cat?post=3029"},{"taxonomy":"product_tag","embeddable":true,"href":"https:\/\/universoeletrico.com.br\/eletrico\/wp-json\/wp\/v2\/product_tag?post=3029"}],"curies":[{"name":"wp","href":"https:\/\/api.w.org\/{rel}","templated":true}]}}