{"id":3015,"date":"2026-01-30T09:59:57","date_gmt":"2026-01-30T12:59:57","guid":{"rendered":"https:\/\/universoeletrico.com.br\/eletrico\/?post_type=product&#038;p=3015"},"modified":"2026-02-20T15:39:19","modified_gmt":"2026-02-20T18:39:19","slug":"curva-vertical-externa-90-para-eletrocalha","status":"publish","type":"product","link":"https:\/\/universoeletrico.com.br\/eletrico\/produto\/curva-vertical-externa-90-para-eletrocalha\/","title":{"rendered":"CURVA VERTICAL EXTERNA 90\u00b0 PARA ELETROCALHA"},"content":{"rendered":"<p>Curva vertical externa 90\u00b0 para eletrocalha \u00e9 um acess\u00f3rio utilizado para mudan\u00e7as de dire\u00e7\u00e3o em instala\u00e7\u00f5es el\u00e9tricas, permitindo a ascens\u00e3o (subida) ou descida dos cabos em um \u00e2ngulo de 90 graus na vertical, passando os cabos por fora da estrutura principal da eletrocalha.<\/p>\n<p>Segue abaixo outras op\u00e7\u00f5es de tamanhos:<\/p>\n<p>cod: 80109 CURVA VERT. EXT. 90O P\/ELETROC.50X50MM<\/p>\n<p>cod: 80114 CURVA VERT. EXT. 90O P\/ELETROC.100X100MM<\/p>\n<p>cod: 80121 CURVA VERT. EXT. 90O P\/ELETROC.200X100MM<\/p>\n<p>cod: 80040 CURVA VERT. EXT. 90O P\/ELETROC.300X50MM<\/p>\n<p>cod: 80108 CURVA VERT. EXT. 90O P\/ELETROC.400X100MM<\/p>\n<p>Para Pre\u00e7os, Or\u00e7amentos e D\u00favidas, fale com nossos especialistas.<\/p>\n","protected":false},"excerpt":{"rendered":"<p>Curva vertical externa 90\u00b0 para eletrocalha \u00e9 um acess\u00f3rio utilizado para mudan\u00e7as de dire\u00e7\u00e3o em instala\u00e7\u00f5es el\u00e9tricas, permitindo a ascens\u00e3o (subida) ou descida dos cabos em um \u00e2ngulo de 90 graus na vertical, passando os cabos por fora da estrutura principal da eletrocalha. Segue abaixo outras op\u00e7\u00f5es de tamanhos: cod: 80109 CURVA VERT. EXT. 90O [&hellip;]<\/p>\n","protected":false},"featured_media":3016,"template":"","meta":[],"product_brand":[],"product_cat":[50,18],"product_tag":[179,177,167,180,133],"class_list":{"0":"post-3015","1":"product","2":"type-product","3":"status-publish","4":"has-post-thumbnail","6":"product_cat-eletrocalhas-e-perfilados","7":"product_cat-material-eletrico","8":"product_tag-acessorio-eletrico","9":"product_tag-curva90","10":"product_tag-eletrocalha","11":"product_tag-externa","12":"product_tag-material-eletrico","14":"first","15":"instock","16":"shipping-taxable","17":"product-type-simple"},"yoast_head":"<!-- This site is optimized with the Yoast SEO Premium plugin v26.1.1 (Yoast SEO v26.1.1) - https:\/\/yoast.com\/wordpress\/plugins\/seo\/ -->\n<title>CURVA VERTICAL EXTERNA 90\u00b0 PARA ELETROCALHA - Universo El\u00e9trico<\/title>\n<meta name=\"robots\" content=\"index, follow, max-snippet:-1, max-image-preview:large, max-video-preview:-1\" \/>\n<link rel=\"canonical\" href=\"https:\/\/universoeletrico.com.br\/eletrico\/produto\/curva-vertical-externa-90-para-eletrocalha\/\" \/>\n<meta property=\"og:locale\" content=\"pt_BR\" \/>\n<meta property=\"og:type\" content=\"article\" \/>\n<meta property=\"og:title\" content=\"CURVA VERTICAL EXTERNA 90\u00b0 PARA ELETROCALHA\" \/>\n<meta property=\"og:description\" content=\"Curva vertical externa 90\u00b0 para eletrocalha \u00e9 um acess\u00f3rio utilizado para mudan\u00e7as de dire\u00e7\u00e3o em instala\u00e7\u00f5es el\u00e9tricas, permitindo a ascens\u00e3o (subida) ou descida dos cabos em um \u00e2ngulo de 90 graus na vertical, passando os cabos por fora da estrutura principal da eletrocalha. Segue abaixo outras op\u00e7\u00f5es de tamanhos: cod: 80109 CURVA VERT. EXT. 90O [&hellip;]\" \/>\n<meta property=\"og:url\" content=\"https:\/\/universoeletrico.com.br\/eletrico\/produto\/curva-vertical-externa-90-para-eletrocalha\/\" \/>\n<meta property=\"og:site_name\" content=\"Universo El\u00e9trico\" \/>\n<meta property=\"article:modified_time\" content=\"2026-02-20T18:39:19+00:00\" \/>\n<meta property=\"og:image\" content=\"https:\/\/universoeletrico.com.br\/eletrico\/wp-content\/uploads\/2026\/01\/0006934.webp\" \/>\n\t<meta property=\"og:image:width\" content=\"1000\" \/>\n\t<meta property=\"og:image:height\" content=\"1000\" \/>\n\t<meta property=\"og:image:type\" content=\"image\/webp\" \/>\n<meta name=\"twitter:card\" content=\"summary_large_image\" \/>\n<meta name=\"twitter:label1\" content=\"Est. tempo de leitura\" \/>\n\t<meta name=\"twitter:data1\" content=\"1 minuto\" \/>\n<script type=\"application\/ld+json\" class=\"yoast-schema-graph\">{\"@context\":\"https:\/\/schema.org\",\"@graph\":[{\"@type\":\"WebPage\",\"@id\":\"https:\/\/universoeletrico.com.br\/eletrico\/produto\/curva-vertical-externa-90-para-eletrocalha\/\",\"url\":\"https:\/\/universoeletrico.com.br\/eletrico\/produto\/curva-vertical-externa-90-para-eletrocalha\/\",\"name\":\"CURVA VERTICAL EXTERNA 90\u00b0 PARA ELETROCALHA - Universo El\u00e9trico\",\"isPartOf\":{\"@id\":\"https:\/\/universoeletrico.com.br\/eletrico\/#website\"},\"primaryImageOfPage\":{\"@id\":\"https:\/\/universoeletrico.com.br\/eletrico\/produto\/curva-vertical-externa-90-para-eletrocalha\/#primaryimage\"},\"image\":{\"@id\":\"https:\/\/universoeletrico.com.br\/eletrico\/produto\/curva-vertical-externa-90-para-eletrocalha\/#primaryimage\"},\"thumbnailUrl\":\"https:\/\/universoeletrico.com.br\/eletrico\/wp-content\/uploads\/2026\/01\/0006934.webp\",\"datePublished\":\"2026-01-30T12:59:57+00:00\",\"dateModified\":\"2026-02-20T18:39:19+00:00\",\"breadcrumb\":{\"@id\":\"https:\/\/universoeletrico.com.br\/eletrico\/produto\/curva-vertical-externa-90-para-eletrocalha\/#breadcrumb\"},\"inLanguage\":\"pt-BR\",\"potentialAction\":[{\"@type\":\"ReadAction\",\"target\":[\"https:\/\/universoeletrico.com.br\/eletrico\/produto\/curva-vertical-externa-90-para-eletrocalha\/\"]}]},{\"@type\":\"ImageObject\",\"inLanguage\":\"pt-BR\",\"@id\":\"https:\/\/universoeletrico.com.br\/eletrico\/produto\/curva-vertical-externa-90-para-eletrocalha\/#primaryimage\",\"url\":\"https:\/\/universoeletrico.com.br\/eletrico\/wp-content\/uploads\/2026\/01\/0006934.webp\",\"contentUrl\":\"https:\/\/universoeletrico.com.br\/eletrico\/wp-content\/uploads\/2026\/01\/0006934.webp\",\"width\":1000,\"height\":1000},{\"@type\":\"BreadcrumbList\",\"@id\":\"https:\/\/universoeletrico.com.br\/eletrico\/produto\/curva-vertical-externa-90-para-eletrocalha\/#breadcrumb\",\"itemListElement\":[{\"@type\":\"ListItem\",\"position\":1,\"name\":\"In\u00edcio\",\"item\":\"https:\/\/universoeletrico.com.br\/eletrico\/\"},{\"@type\":\"ListItem\",\"position\":2,\"name\":\"Produtos\",\"item\":\"https:\/\/universoeletrico.com.br\/eletrico\/produtos\/\"},{\"@type\":\"ListItem\",\"position\":3,\"name\":\"CURVA VERTICAL EXTERNA 90\u00b0 PARA ELETROCALHA\"}]},{\"@type\":\"WebSite\",\"@id\":\"https:\/\/universoeletrico.com.br\/eletrico\/#website\",\"url\":\"https:\/\/universoeletrico.com.br\/eletrico\/\",\"name\":\"Universo El\u00e9trico\",\"description\":\"\",\"potentialAction\":[{\"@type\":\"SearchAction\",\"target\":{\"@type\":\"EntryPoint\",\"urlTemplate\":\"https:\/\/universoeletrico.com.br\/eletrico\/?s={search_term_string}\"},\"query-input\":{\"@type\":\"PropertyValueSpecification\",\"valueRequired\":true,\"valueName\":\"search_term_string\"}}],\"inLanguage\":\"pt-BR\"}]}<\/script>\n<!-- \/ Yoast SEO Premium plugin. -->","yoast_head_json":{"title":"CURVA VERTICAL EXTERNA 90\u00b0 PARA ELETROCALHA - Universo El\u00e9trico","robots":{"index":"index","follow":"follow","max-snippet":"max-snippet:-1","max-image-preview":"max-image-preview:large","max-video-preview":"max-video-preview:-1"},"canonical":"https:\/\/universoeletrico.com.br\/eletrico\/produto\/curva-vertical-externa-90-para-eletrocalha\/","og_locale":"pt_BR","og_type":"article","og_title":"CURVA VERTICAL EXTERNA 90\u00b0 PARA ELETROCALHA","og_description":"Curva vertical externa 90\u00b0 para eletrocalha \u00e9 um acess\u00f3rio utilizado para mudan\u00e7as de dire\u00e7\u00e3o em instala\u00e7\u00f5es el\u00e9tricas, permitindo a ascens\u00e3o (subida) ou descida dos cabos em um \u00e2ngulo de 90 graus na vertical, passando os cabos por fora da estrutura principal da eletrocalha. Segue abaixo outras op\u00e7\u00f5es de tamanhos: cod: 80109 CURVA VERT. EXT. 90O [&hellip;]","og_url":"https:\/\/universoeletrico.com.br\/eletrico\/produto\/curva-vertical-externa-90-para-eletrocalha\/","og_site_name":"Universo El\u00e9trico","article_modified_time":"2026-02-20T18:39:19+00:00","og_image":[{"width":1000,"height":1000,"url":"https:\/\/universoeletrico.com.br\/eletrico\/wp-content\/uploads\/2026\/01\/0006934.webp","type":"image\/webp"}],"twitter_card":"summary_large_image","twitter_misc":{"Est. tempo de leitura":"1 minuto"},"schema":{"@context":"https:\/\/schema.org","@graph":[{"@type":"WebPage","@id":"https:\/\/universoeletrico.com.br\/eletrico\/produto\/curva-vertical-externa-90-para-eletrocalha\/","url":"https:\/\/universoeletrico.com.br\/eletrico\/produto\/curva-vertical-externa-90-para-eletrocalha\/","name":"CURVA VERTICAL EXTERNA 90\u00b0 PARA ELETROCALHA - Universo El\u00e9trico","isPartOf":{"@id":"https:\/\/universoeletrico.com.br\/eletrico\/#website"},"primaryImageOfPage":{"@id":"https:\/\/universoeletrico.com.br\/eletrico\/produto\/curva-vertical-externa-90-para-eletrocalha\/#primaryimage"},"image":{"@id":"https:\/\/universoeletrico.com.br\/eletrico\/produto\/curva-vertical-externa-90-para-eletrocalha\/#primaryimage"},"thumbnailUrl":"https:\/\/universoeletrico.com.br\/eletrico\/wp-content\/uploads\/2026\/01\/0006934.webp","datePublished":"2026-01-30T12:59:57+00:00","dateModified":"2026-02-20T18:39:19+00:00","breadcrumb":{"@id":"https:\/\/universoeletrico.com.br\/eletrico\/produto\/curva-vertical-externa-90-para-eletrocalha\/#breadcrumb"},"inLanguage":"pt-BR","potentialAction":[{"@type":"ReadAction","target":["https:\/\/universoeletrico.com.br\/eletrico\/produto\/curva-vertical-externa-90-para-eletrocalha\/"]}]},{"@type":"ImageObject","inLanguage":"pt-BR","@id":"https:\/\/universoeletrico.com.br\/eletrico\/produto\/curva-vertical-externa-90-para-eletrocalha\/#primaryimage","url":"https:\/\/universoeletrico.com.br\/eletrico\/wp-content\/uploads\/2026\/01\/0006934.webp","contentUrl":"https:\/\/universoeletrico.com.br\/eletrico\/wp-content\/uploads\/2026\/01\/0006934.webp","width":1000,"height":1000},{"@type":"BreadcrumbList","@id":"https:\/\/universoeletrico.com.br\/eletrico\/produto\/curva-vertical-externa-90-para-eletrocalha\/#breadcrumb","itemListElement":[{"@type":"ListItem","position":1,"name":"In\u00edcio","item":"https:\/\/universoeletrico.com.br\/eletrico\/"},{"@type":"ListItem","position":2,"name":"Produtos","item":"https:\/\/universoeletrico.com.br\/eletrico\/produtos\/"},{"@type":"ListItem","position":3,"name":"CURVA VERTICAL EXTERNA 90\u00b0 PARA ELETROCALHA"}]},{"@type":"WebSite","@id":"https:\/\/universoeletrico.com.br\/eletrico\/#website","url":"https:\/\/universoeletrico.com.br\/eletrico\/","name":"Universo El\u00e9trico","description":"","potentialAction":[{"@type":"SearchAction","target":{"@type":"EntryPoint","urlTemplate":"https:\/\/universoeletrico.com.br\/eletrico\/?s={search_term_string}"},"query-input":{"@type":"PropertyValueSpecification","valueRequired":true,"valueName":"search_term_string"}}],"inLanguage":"pt-BR"}]}},"_links":{"self":[{"href":"https:\/\/universoeletrico.com.br\/eletrico\/wp-json\/wp\/v2\/product\/3015","targetHints":{"allow":["GET"]}}],"collection":[{"href":"https:\/\/universoeletrico.com.br\/eletrico\/wp-json\/wp\/v2\/product"}],"about":[{"href":"https:\/\/universoeletrico.com.br\/eletrico\/wp-json\/wp\/v2\/types\/product"}],"version-history":[{"count":1,"href":"https:\/\/universoeletrico.com.br\/eletrico\/wp-json\/wp\/v2\/product\/3015\/revisions"}],"predecessor-version":[{"id":3017,"href":"https:\/\/universoeletrico.com.br\/eletrico\/wp-json\/wp\/v2\/product\/3015\/revisions\/3017"}],"wp:featuredmedia":[{"embeddable":true,"href":"https:\/\/universoeletrico.com.br\/eletrico\/wp-json\/wp\/v2\/media\/3016"}],"wp:attachment":[{"href":"https:\/\/universoeletrico.com.br\/eletrico\/wp-json\/wp\/v2\/media?parent=3015"}],"wp:term":[{"taxonomy":"product_brand","embeddable":true,"href":"https:\/\/universoeletrico.com.br\/eletrico\/wp-json\/wp\/v2\/product_brand?post=3015"},{"taxonomy":"product_cat","embeddable":true,"href":"https:\/\/universoeletrico.com.br\/eletrico\/wp-json\/wp\/v2\/product_cat?post=3015"},{"taxonomy":"product_tag","embeddable":true,"href":"https:\/\/universoeletrico.com.br\/eletrico\/wp-json\/wp\/v2\/product_tag?post=3015"}],"curies":[{"name":"wp","href":"https:\/\/api.w.org\/{rel}","templated":true}]}}