{"id":3003,"date":"2026-01-23T17:27:12","date_gmt":"2026-01-23T20:27:12","guid":{"rendered":"https:\/\/universoeletrico.com.br\/eletrico\/?post_type=product&#038;p=3003"},"modified":"2026-02-25T16:16:58","modified_gmt":"2026-02-25T19:16:58","slug":"cruzeta-horizontal-para-eletrocalha","status":"publish","type":"product","link":"https:\/\/universoeletrico.com.br\/eletrico\/produto\/cruzeta-horizontal-para-eletrocalha\/","title":{"rendered":"CRUZETA HORIZONTAL PARA ELETROCALHA 200X100MM"},"content":{"rendered":"<p>Cruzeta horizontal \u00e9 um acess\u00f3rio para eletrocalhas utilizado para criar deriva\u00e7\u00f5es em \u00e2ngulo reto (90\u00b0), permitindo o cruzamento de caminhos de cabos e garantindo a organiza\u00e7\u00e3o e seguran\u00e7a da instala\u00e7\u00e3o el\u00e9trica.<\/p>\n<p>Para Pre\u00e7os, Or\u00e7amentos e D\u00favidas, fale com nossos especialistas.<\/p>\n","protected":false},"excerpt":{"rendered":"<p>Cruzeta horizontal \u00e9 um acess\u00f3rio para eletrocalhas utilizado para criar deriva\u00e7\u00f5es em \u00e2ngulo reto (90\u00b0), permitindo o cruzamento de caminhos de cabos e garantindo a organiza\u00e7\u00e3o e seguran\u00e7a da instala\u00e7\u00e3o el\u00e9trica. Para Pre\u00e7os, Or\u00e7amentos e D\u00favidas, fale com nossos especialistas.<\/p>\n","protected":false},"featured_media":3004,"template":"","meta":[],"product_brand":[],"product_cat":[50,18],"product_tag":[142,176,167,173,133],"class_list":{"0":"post-3003","1":"product","2":"type-product","3":"status-publish","4":"has-post-thumbnail","6":"product_cat-eletrocalhas-e-perfilados","7":"product_cat-material-eletrico","8":"product_tag-acessorio","9":"product_tag-cruzeta","10":"product_tag-eletrocalha","11":"product_tag-horizontal","12":"product_tag-material-eletrico","14":"first","15":"instock","16":"shipping-taxable","17":"purchasable","18":"product-type-simple"},"yoast_head":"<!-- This site is optimized with the Yoast SEO Premium plugin v26.1.1 (Yoast SEO v26.1.1) - https:\/\/yoast.com\/wordpress\/plugins\/seo\/ -->\n<title>CRUZETA HORIZONTAL PARA ELETROCALHA 200X100MM - Universo El\u00e9trico<\/title>\n<meta name=\"robots\" content=\"index, follow, max-snippet:-1, max-image-preview:large, max-video-preview:-1\" \/>\n<link rel=\"canonical\" href=\"https:\/\/universoeletrico.com.br\/eletrico\/produto\/cruzeta-horizontal-para-eletrocalha\/\" \/>\n<meta property=\"og:locale\" content=\"pt_BR\" \/>\n<meta property=\"og:type\" content=\"article\" \/>\n<meta property=\"og:title\" content=\"CRUZETA HORIZONTAL PARA ELETROCALHA 200X100MM\" \/>\n<meta property=\"og:description\" content=\"Cruzeta horizontal \u00e9 um acess\u00f3rio para eletrocalhas utilizado para criar deriva\u00e7\u00f5es em \u00e2ngulo reto (90\u00b0), permitindo o cruzamento de caminhos de cabos e garantindo a organiza\u00e7\u00e3o e seguran\u00e7a da instala\u00e7\u00e3o el\u00e9trica. Para Pre\u00e7os, Or\u00e7amentos e D\u00favidas, fale com nossos especialistas.\" \/>\n<meta property=\"og:url\" content=\"https:\/\/universoeletrico.com.br\/eletrico\/produto\/cruzeta-horizontal-para-eletrocalha\/\" \/>\n<meta property=\"og:site_name\" content=\"Universo El\u00e9trico\" \/>\n<meta property=\"article:modified_time\" content=\"2026-02-25T19:16:58+00:00\" \/>\n<meta property=\"og:image\" content=\"https:\/\/universoeletrico.com.br\/eletrico\/wp-content\/uploads\/2026\/01\/eletrocalha-cruzeta-horizontal-90-100-x-100-x-150.webp\" \/>\n\t<meta property=\"og:image:width\" content=\"600\" \/>\n\t<meta property=\"og:image:height\" content=\"600\" \/>\n\t<meta property=\"og:image:type\" content=\"image\/webp\" \/>\n<meta name=\"twitter:card\" content=\"summary_large_image\" \/>\n<meta name=\"twitter:label1\" content=\"Est. tempo de leitura\" \/>\n\t<meta name=\"twitter:data1\" content=\"1 minuto\" \/>\n<script type=\"application\/ld+json\" class=\"yoast-schema-graph\">{\"@context\":\"https:\/\/schema.org\",\"@graph\":[{\"@type\":\"WebPage\",\"@id\":\"https:\/\/universoeletrico.com.br\/eletrico\/produto\/cruzeta-horizontal-para-eletrocalha\/\",\"url\":\"https:\/\/universoeletrico.com.br\/eletrico\/produto\/cruzeta-horizontal-para-eletrocalha\/\",\"name\":\"CRUZETA HORIZONTAL PARA ELETROCALHA 200X100MM - Universo El\u00e9trico\",\"isPartOf\":{\"@id\":\"https:\/\/universoeletrico.com.br\/eletrico\/#website\"},\"primaryImageOfPage\":{\"@id\":\"https:\/\/universoeletrico.com.br\/eletrico\/produto\/cruzeta-horizontal-para-eletrocalha\/#primaryimage\"},\"image\":{\"@id\":\"https:\/\/universoeletrico.com.br\/eletrico\/produto\/cruzeta-horizontal-para-eletrocalha\/#primaryimage\"},\"thumbnailUrl\":\"https:\/\/universoeletrico.com.br\/eletrico\/wp-content\/uploads\/2026\/01\/eletrocalha-cruzeta-horizontal-90-100-x-100-x-150.webp\",\"datePublished\":\"2026-01-23T20:27:12+00:00\",\"dateModified\":\"2026-02-25T19:16:58+00:00\",\"breadcrumb\":{\"@id\":\"https:\/\/universoeletrico.com.br\/eletrico\/produto\/cruzeta-horizontal-para-eletrocalha\/#breadcrumb\"},\"inLanguage\":\"pt-BR\",\"potentialAction\":[{\"@type\":\"ReadAction\",\"target\":[\"https:\/\/universoeletrico.com.br\/eletrico\/produto\/cruzeta-horizontal-para-eletrocalha\/\"]}]},{\"@type\":\"ImageObject\",\"inLanguage\":\"pt-BR\",\"@id\":\"https:\/\/universoeletrico.com.br\/eletrico\/produto\/cruzeta-horizontal-para-eletrocalha\/#primaryimage\",\"url\":\"https:\/\/universoeletrico.com.br\/eletrico\/wp-content\/uploads\/2026\/01\/eletrocalha-cruzeta-horizontal-90-100-x-100-x-150.webp\",\"contentUrl\":\"https:\/\/universoeletrico.com.br\/eletrico\/wp-content\/uploads\/2026\/01\/eletrocalha-cruzeta-horizontal-90-100-x-100-x-150.webp\",\"width\":600,\"height\":600},{\"@type\":\"BreadcrumbList\",\"@id\":\"https:\/\/universoeletrico.com.br\/eletrico\/produto\/cruzeta-horizontal-para-eletrocalha\/#breadcrumb\",\"itemListElement\":[{\"@type\":\"ListItem\",\"position\":1,\"name\":\"In\u00edcio\",\"item\":\"https:\/\/universoeletrico.com.br\/eletrico\/\"},{\"@type\":\"ListItem\",\"position\":2,\"name\":\"Produtos\",\"item\":\"https:\/\/universoeletrico.com.br\/eletrico\/produtos\/\"},{\"@type\":\"ListItem\",\"position\":3,\"name\":\"CRUZETA HORIZONTAL PARA ELETROCALHA 200X100MM\"}]},{\"@type\":\"WebSite\",\"@id\":\"https:\/\/universoeletrico.com.br\/eletrico\/#website\",\"url\":\"https:\/\/universoeletrico.com.br\/eletrico\/\",\"name\":\"Universo El\u00e9trico\",\"description\":\"\",\"potentialAction\":[{\"@type\":\"SearchAction\",\"target\":{\"@type\":\"EntryPoint\",\"urlTemplate\":\"https:\/\/universoeletrico.com.br\/eletrico\/?s={search_term_string}\"},\"query-input\":{\"@type\":\"PropertyValueSpecification\",\"valueRequired\":true,\"valueName\":\"search_term_string\"}}],\"inLanguage\":\"pt-BR\"}]}<\/script>\n<!-- \/ Yoast SEO Premium plugin. -->","yoast_head_json":{"title":"CRUZETA HORIZONTAL PARA ELETROCALHA 200X100MM - Universo El\u00e9trico","robots":{"index":"index","follow":"follow","max-snippet":"max-snippet:-1","max-image-preview":"max-image-preview:large","max-video-preview":"max-video-preview:-1"},"canonical":"https:\/\/universoeletrico.com.br\/eletrico\/produto\/cruzeta-horizontal-para-eletrocalha\/","og_locale":"pt_BR","og_type":"article","og_title":"CRUZETA HORIZONTAL PARA ELETROCALHA 200X100MM","og_description":"Cruzeta horizontal \u00e9 um acess\u00f3rio para eletrocalhas utilizado para criar deriva\u00e7\u00f5es em \u00e2ngulo reto (90\u00b0), permitindo o cruzamento de caminhos de cabos e garantindo a organiza\u00e7\u00e3o e seguran\u00e7a da instala\u00e7\u00e3o el\u00e9trica. Para Pre\u00e7os, Or\u00e7amentos e D\u00favidas, fale com nossos especialistas.","og_url":"https:\/\/universoeletrico.com.br\/eletrico\/produto\/cruzeta-horizontal-para-eletrocalha\/","og_site_name":"Universo El\u00e9trico","article_modified_time":"2026-02-25T19:16:58+00:00","og_image":[{"width":600,"height":600,"url":"https:\/\/universoeletrico.com.br\/eletrico\/wp-content\/uploads\/2026\/01\/eletrocalha-cruzeta-horizontal-90-100-x-100-x-150.webp","type":"image\/webp"}],"twitter_card":"summary_large_image","twitter_misc":{"Est. tempo de leitura":"1 minuto"},"schema":{"@context":"https:\/\/schema.org","@graph":[{"@type":"WebPage","@id":"https:\/\/universoeletrico.com.br\/eletrico\/produto\/cruzeta-horizontal-para-eletrocalha\/","url":"https:\/\/universoeletrico.com.br\/eletrico\/produto\/cruzeta-horizontal-para-eletrocalha\/","name":"CRUZETA HORIZONTAL PARA ELETROCALHA 200X100MM - Universo El\u00e9trico","isPartOf":{"@id":"https:\/\/universoeletrico.com.br\/eletrico\/#website"},"primaryImageOfPage":{"@id":"https:\/\/universoeletrico.com.br\/eletrico\/produto\/cruzeta-horizontal-para-eletrocalha\/#primaryimage"},"image":{"@id":"https:\/\/universoeletrico.com.br\/eletrico\/produto\/cruzeta-horizontal-para-eletrocalha\/#primaryimage"},"thumbnailUrl":"https:\/\/universoeletrico.com.br\/eletrico\/wp-content\/uploads\/2026\/01\/eletrocalha-cruzeta-horizontal-90-100-x-100-x-150.webp","datePublished":"2026-01-23T20:27:12+00:00","dateModified":"2026-02-25T19:16:58+00:00","breadcrumb":{"@id":"https:\/\/universoeletrico.com.br\/eletrico\/produto\/cruzeta-horizontal-para-eletrocalha\/#breadcrumb"},"inLanguage":"pt-BR","potentialAction":[{"@type":"ReadAction","target":["https:\/\/universoeletrico.com.br\/eletrico\/produto\/cruzeta-horizontal-para-eletrocalha\/"]}]},{"@type":"ImageObject","inLanguage":"pt-BR","@id":"https:\/\/universoeletrico.com.br\/eletrico\/produto\/cruzeta-horizontal-para-eletrocalha\/#primaryimage","url":"https:\/\/universoeletrico.com.br\/eletrico\/wp-content\/uploads\/2026\/01\/eletrocalha-cruzeta-horizontal-90-100-x-100-x-150.webp","contentUrl":"https:\/\/universoeletrico.com.br\/eletrico\/wp-content\/uploads\/2026\/01\/eletrocalha-cruzeta-horizontal-90-100-x-100-x-150.webp","width":600,"height":600},{"@type":"BreadcrumbList","@id":"https:\/\/universoeletrico.com.br\/eletrico\/produto\/cruzeta-horizontal-para-eletrocalha\/#breadcrumb","itemListElement":[{"@type":"ListItem","position":1,"name":"In\u00edcio","item":"https:\/\/universoeletrico.com.br\/eletrico\/"},{"@type":"ListItem","position":2,"name":"Produtos","item":"https:\/\/universoeletrico.com.br\/eletrico\/produtos\/"},{"@type":"ListItem","position":3,"name":"CRUZETA HORIZONTAL PARA ELETROCALHA 200X100MM"}]},{"@type":"WebSite","@id":"https:\/\/universoeletrico.com.br\/eletrico\/#website","url":"https:\/\/universoeletrico.com.br\/eletrico\/","name":"Universo El\u00e9trico","description":"","potentialAction":[{"@type":"SearchAction","target":{"@type":"EntryPoint","urlTemplate":"https:\/\/universoeletrico.com.br\/eletrico\/?s={search_term_string}"},"query-input":{"@type":"PropertyValueSpecification","valueRequired":true,"valueName":"search_term_string"}}],"inLanguage":"pt-BR"}]}},"_links":{"self":[{"href":"https:\/\/universoeletrico.com.br\/eletrico\/wp-json\/wp\/v2\/product\/3003","targetHints":{"allow":["GET"]}}],"collection":[{"href":"https:\/\/universoeletrico.com.br\/eletrico\/wp-json\/wp\/v2\/product"}],"about":[{"href":"https:\/\/universoeletrico.com.br\/eletrico\/wp-json\/wp\/v2\/types\/product"}],"version-history":[{"count":2,"href":"https:\/\/universoeletrico.com.br\/eletrico\/wp-json\/wp\/v2\/product\/3003\/revisions"}],"predecessor-version":[{"id":3359,"href":"https:\/\/universoeletrico.com.br\/eletrico\/wp-json\/wp\/v2\/product\/3003\/revisions\/3359"}],"wp:featuredmedia":[{"embeddable":true,"href":"https:\/\/universoeletrico.com.br\/eletrico\/wp-json\/wp\/v2\/media\/3004"}],"wp:attachment":[{"href":"https:\/\/universoeletrico.com.br\/eletrico\/wp-json\/wp\/v2\/media?parent=3003"}],"wp:term":[{"taxonomy":"product_brand","embeddable":true,"href":"https:\/\/universoeletrico.com.br\/eletrico\/wp-json\/wp\/v2\/product_brand?post=3003"},{"taxonomy":"product_cat","embeddable":true,"href":"https:\/\/universoeletrico.com.br\/eletrico\/wp-json\/wp\/v2\/product_cat?post=3003"},{"taxonomy":"product_tag","embeddable":true,"href":"https:\/\/universoeletrico.com.br\/eletrico\/wp-json\/wp\/v2\/product_tag?post=3003"}],"curies":[{"name":"wp","href":"https:\/\/api.w.org\/{rel}","templated":true}]}}