{"id":3000,"date":"2026-01-23T17:03:34","date_gmt":"2026-01-23T20:03:34","guid":{"rendered":"https:\/\/universoeletrico.com.br\/eletrico\/?post_type=product&#038;p=3000"},"modified":"2026-01-23T17:03:34","modified_gmt":"2026-01-23T20:03:34","slug":"flange-galvanizada-para-eletrocalha","status":"publish","type":"product","link":"https:\/\/universoeletrico.com.br\/eletrico\/produto\/flange-galvanizada-para-eletrocalha\/","title":{"rendered":"FLANGE GALVANIZADA PARA ELETROCALHA"},"content":{"rendered":"<p>Flange galvanizada para eletrocalha \u00e9 um acess\u00f3rio essencial utilizado para a termina\u00e7\u00e3o e conex\u00e3o segura da eletrocalha em pain\u00e9is e caixas de passagem. Elas s\u00e3o fabricadas em a\u00e7o carbono com acabamento galvanizado para garantir durabilidade e resist\u00eancia \u00e0 corros\u00e3o.<\/p>\n<p>Segue abaixo outras op\u00e7\u00f5es de tamanhos em estoque:<\/p>\n<p>cod: 83331 FLANGE GALVANIZ. P\/ELETROCALHA 50X50MM<\/p>\n<p>cod: 80428 FLANGE GALVANIZ. P\/ELETROCALHA 150X100MM<\/p>\n<p>cod: 80430 FLANGE GALVANIZ. P\/ELETROCALHA 200X50MM<\/p>\n<p>cod: 80138 FLANGE GALVANIZ. P\/ELETROCALHA 300X100MM<\/p>\n<p>Para Pre\u00e7os, Or\u00e7amentos e D\u00favidas, fale com nossos especialistas.<\/p>\n","protected":false},"excerpt":{"rendered":"<p>Flange galvanizada para eletrocalha \u00e9 um acess\u00f3rio essencial utilizado para a termina\u00e7\u00e3o e conex\u00e3o segura da eletrocalha em pain\u00e9is e caixas de passagem. Elas s\u00e3o fabricadas em a\u00e7o carbono com acabamento galvanizado para garantir durabilidade e resist\u00eancia \u00e0 corros\u00e3o. Segue abaixo outras op\u00e7\u00f5es de tamanhos em estoque: cod: 83331 FLANGE GALVANIZ. P\/ELETROCALHA 50X50MM cod: 80428 [&hellip;]<\/p>\n","protected":false},"featured_media":3001,"template":"","meta":[],"product_brand":[],"product_cat":[50,18],"product_tag":[142,167,159,133],"class_list":{"0":"post-3000","1":"product","2":"type-product","3":"status-publish","4":"has-post-thumbnail","6":"product_cat-eletrocalhas-e-perfilados","7":"product_cat-material-eletrico","8":"product_tag-acessorio","9":"product_tag-eletrocalha","10":"product_tag-galvanizada","11":"product_tag-material-eletrico","13":"first","14":"instock","15":"shipping-taxable","16":"product-type-simple"},"yoast_head":"<!-- This site is optimized with the Yoast SEO Premium plugin v26.1.1 (Yoast SEO v26.1.1) - https:\/\/yoast.com\/wordpress\/plugins\/seo\/ -->\n<title>FLANGE GALVANIZADA PARA ELETROCALHA - Universo El\u00e9trico<\/title>\n<meta name=\"robots\" content=\"index, follow, max-snippet:-1, max-image-preview:large, max-video-preview:-1\" \/>\n<link rel=\"canonical\" href=\"https:\/\/universoeletrico.com.br\/eletrico\/produto\/flange-galvanizada-para-eletrocalha\/\" \/>\n<meta property=\"og:locale\" content=\"pt_BR\" \/>\n<meta property=\"og:type\" content=\"article\" \/>\n<meta property=\"og:title\" content=\"FLANGE GALVANIZADA PARA ELETROCALHA\" \/>\n<meta property=\"og:description\" content=\"Flange galvanizada para eletrocalha \u00e9 um acess\u00f3rio essencial utilizado para a termina\u00e7\u00e3o e conex\u00e3o segura da eletrocalha em pain\u00e9is e caixas de passagem. Elas s\u00e3o fabricadas em a\u00e7o carbono com acabamento galvanizado para garantir durabilidade e resist\u00eancia \u00e0 corros\u00e3o. Segue abaixo outras op\u00e7\u00f5es de tamanhos em estoque: cod: 83331 FLANGE GALVANIZ. P\/ELETROCALHA 50X50MM cod: 80428 [&hellip;]\" \/>\n<meta property=\"og:url\" content=\"https:\/\/universoeletrico.com.br\/eletrico\/produto\/flange-galvanizada-para-eletrocalha\/\" \/>\n<meta property=\"og:site_name\" content=\"Universo El\u00e9trico\" \/>\n<meta property=\"og:image\" content=\"https:\/\/universoeletrico.com.br\/eletrico\/wp-content\/uploads\/2026\/01\/flange_de_ligacao_em_painel_para_eletrocalha_200x50_20_7229_1_87faa1b62ee885250dc7b03081b28be3.webp\" \/>\n\t<meta property=\"og:image:width\" content=\"1000\" \/>\n\t<meta property=\"og:image:height\" content=\"1000\" \/>\n\t<meta property=\"og:image:type\" content=\"image\/webp\" \/>\n<meta name=\"twitter:card\" content=\"summary_large_image\" \/>\n<meta name=\"twitter:label1\" content=\"Est. tempo de leitura\" \/>\n\t<meta name=\"twitter:data1\" content=\"1 minuto\" \/>\n<script type=\"application\/ld+json\" class=\"yoast-schema-graph\">{\"@context\":\"https:\/\/schema.org\",\"@graph\":[{\"@type\":\"WebPage\",\"@id\":\"https:\/\/universoeletrico.com.br\/eletrico\/produto\/flange-galvanizada-para-eletrocalha\/\",\"url\":\"https:\/\/universoeletrico.com.br\/eletrico\/produto\/flange-galvanizada-para-eletrocalha\/\",\"name\":\"FLANGE GALVANIZADA PARA ELETROCALHA - Universo El\u00e9trico\",\"isPartOf\":{\"@id\":\"https:\/\/universoeletrico.com.br\/eletrico\/#website\"},\"primaryImageOfPage\":{\"@id\":\"https:\/\/universoeletrico.com.br\/eletrico\/produto\/flange-galvanizada-para-eletrocalha\/#primaryimage\"},\"image\":{\"@id\":\"https:\/\/universoeletrico.com.br\/eletrico\/produto\/flange-galvanizada-para-eletrocalha\/#primaryimage\"},\"thumbnailUrl\":\"https:\/\/universoeletrico.com.br\/eletrico\/wp-content\/uploads\/2026\/01\/flange_de_ligacao_em_painel_para_eletrocalha_200x50_20_7229_1_87faa1b62ee885250dc7b03081b28be3.webp\",\"datePublished\":\"2026-01-23T20:03:34+00:00\",\"breadcrumb\":{\"@id\":\"https:\/\/universoeletrico.com.br\/eletrico\/produto\/flange-galvanizada-para-eletrocalha\/#breadcrumb\"},\"inLanguage\":\"pt-BR\",\"potentialAction\":[{\"@type\":\"ReadAction\",\"target\":[\"https:\/\/universoeletrico.com.br\/eletrico\/produto\/flange-galvanizada-para-eletrocalha\/\"]}]},{\"@type\":\"ImageObject\",\"inLanguage\":\"pt-BR\",\"@id\":\"https:\/\/universoeletrico.com.br\/eletrico\/produto\/flange-galvanizada-para-eletrocalha\/#primaryimage\",\"url\":\"https:\/\/universoeletrico.com.br\/eletrico\/wp-content\/uploads\/2026\/01\/flange_de_ligacao_em_painel_para_eletrocalha_200x50_20_7229_1_87faa1b62ee885250dc7b03081b28be3.webp\",\"contentUrl\":\"https:\/\/universoeletrico.com.br\/eletrico\/wp-content\/uploads\/2026\/01\/flange_de_ligacao_em_painel_para_eletrocalha_200x50_20_7229_1_87faa1b62ee885250dc7b03081b28be3.webp\",\"width\":1000,\"height\":1000},{\"@type\":\"BreadcrumbList\",\"@id\":\"https:\/\/universoeletrico.com.br\/eletrico\/produto\/flange-galvanizada-para-eletrocalha\/#breadcrumb\",\"itemListElement\":[{\"@type\":\"ListItem\",\"position\":1,\"name\":\"In\u00edcio\",\"item\":\"https:\/\/universoeletrico.com.br\/eletrico\/\"},{\"@type\":\"ListItem\",\"position\":2,\"name\":\"Produtos\",\"item\":\"https:\/\/universoeletrico.com.br\/eletrico\/produtos\/\"},{\"@type\":\"ListItem\",\"position\":3,\"name\":\"FLANGE GALVANIZADA PARA ELETROCALHA\"}]},{\"@type\":\"WebSite\",\"@id\":\"https:\/\/universoeletrico.com.br\/eletrico\/#website\",\"url\":\"https:\/\/universoeletrico.com.br\/eletrico\/\",\"name\":\"Universo El\u00e9trico\",\"description\":\"\",\"potentialAction\":[{\"@type\":\"SearchAction\",\"target\":{\"@type\":\"EntryPoint\",\"urlTemplate\":\"https:\/\/universoeletrico.com.br\/eletrico\/?s={search_term_string}\"},\"query-input\":{\"@type\":\"PropertyValueSpecification\",\"valueRequired\":true,\"valueName\":\"search_term_string\"}}],\"inLanguage\":\"pt-BR\"}]}<\/script>\n<!-- \/ Yoast SEO Premium plugin. -->","yoast_head_json":{"title":"FLANGE GALVANIZADA PARA ELETROCALHA - Universo El\u00e9trico","robots":{"index":"index","follow":"follow","max-snippet":"max-snippet:-1","max-image-preview":"max-image-preview:large","max-video-preview":"max-video-preview:-1"},"canonical":"https:\/\/universoeletrico.com.br\/eletrico\/produto\/flange-galvanizada-para-eletrocalha\/","og_locale":"pt_BR","og_type":"article","og_title":"FLANGE GALVANIZADA PARA ELETROCALHA","og_description":"Flange galvanizada para eletrocalha \u00e9 um acess\u00f3rio essencial utilizado para a termina\u00e7\u00e3o e conex\u00e3o segura da eletrocalha em pain\u00e9is e caixas de passagem. Elas s\u00e3o fabricadas em a\u00e7o carbono com acabamento galvanizado para garantir durabilidade e resist\u00eancia \u00e0 corros\u00e3o. Segue abaixo outras op\u00e7\u00f5es de tamanhos em estoque: cod: 83331 FLANGE GALVANIZ. P\/ELETROCALHA 50X50MM cod: 80428 [&hellip;]","og_url":"https:\/\/universoeletrico.com.br\/eletrico\/produto\/flange-galvanizada-para-eletrocalha\/","og_site_name":"Universo El\u00e9trico","og_image":[{"width":1000,"height":1000,"url":"https:\/\/universoeletrico.com.br\/eletrico\/wp-content\/uploads\/2026\/01\/flange_de_ligacao_em_painel_para_eletrocalha_200x50_20_7229_1_87faa1b62ee885250dc7b03081b28be3.webp","type":"image\/webp"}],"twitter_card":"summary_large_image","twitter_misc":{"Est. tempo de leitura":"1 minuto"},"schema":{"@context":"https:\/\/schema.org","@graph":[{"@type":"WebPage","@id":"https:\/\/universoeletrico.com.br\/eletrico\/produto\/flange-galvanizada-para-eletrocalha\/","url":"https:\/\/universoeletrico.com.br\/eletrico\/produto\/flange-galvanizada-para-eletrocalha\/","name":"FLANGE GALVANIZADA PARA ELETROCALHA - Universo El\u00e9trico","isPartOf":{"@id":"https:\/\/universoeletrico.com.br\/eletrico\/#website"},"primaryImageOfPage":{"@id":"https:\/\/universoeletrico.com.br\/eletrico\/produto\/flange-galvanizada-para-eletrocalha\/#primaryimage"},"image":{"@id":"https:\/\/universoeletrico.com.br\/eletrico\/produto\/flange-galvanizada-para-eletrocalha\/#primaryimage"},"thumbnailUrl":"https:\/\/universoeletrico.com.br\/eletrico\/wp-content\/uploads\/2026\/01\/flange_de_ligacao_em_painel_para_eletrocalha_200x50_20_7229_1_87faa1b62ee885250dc7b03081b28be3.webp","datePublished":"2026-01-23T20:03:34+00:00","breadcrumb":{"@id":"https:\/\/universoeletrico.com.br\/eletrico\/produto\/flange-galvanizada-para-eletrocalha\/#breadcrumb"},"inLanguage":"pt-BR","potentialAction":[{"@type":"ReadAction","target":["https:\/\/universoeletrico.com.br\/eletrico\/produto\/flange-galvanizada-para-eletrocalha\/"]}]},{"@type":"ImageObject","inLanguage":"pt-BR","@id":"https:\/\/universoeletrico.com.br\/eletrico\/produto\/flange-galvanizada-para-eletrocalha\/#primaryimage","url":"https:\/\/universoeletrico.com.br\/eletrico\/wp-content\/uploads\/2026\/01\/flange_de_ligacao_em_painel_para_eletrocalha_200x50_20_7229_1_87faa1b62ee885250dc7b03081b28be3.webp","contentUrl":"https:\/\/universoeletrico.com.br\/eletrico\/wp-content\/uploads\/2026\/01\/flange_de_ligacao_em_painel_para_eletrocalha_200x50_20_7229_1_87faa1b62ee885250dc7b03081b28be3.webp","width":1000,"height":1000},{"@type":"BreadcrumbList","@id":"https:\/\/universoeletrico.com.br\/eletrico\/produto\/flange-galvanizada-para-eletrocalha\/#breadcrumb","itemListElement":[{"@type":"ListItem","position":1,"name":"In\u00edcio","item":"https:\/\/universoeletrico.com.br\/eletrico\/"},{"@type":"ListItem","position":2,"name":"Produtos","item":"https:\/\/universoeletrico.com.br\/eletrico\/produtos\/"},{"@type":"ListItem","position":3,"name":"FLANGE GALVANIZADA PARA ELETROCALHA"}]},{"@type":"WebSite","@id":"https:\/\/universoeletrico.com.br\/eletrico\/#website","url":"https:\/\/universoeletrico.com.br\/eletrico\/","name":"Universo El\u00e9trico","description":"","potentialAction":[{"@type":"SearchAction","target":{"@type":"EntryPoint","urlTemplate":"https:\/\/universoeletrico.com.br\/eletrico\/?s={search_term_string}"},"query-input":{"@type":"PropertyValueSpecification","valueRequired":true,"valueName":"search_term_string"}}],"inLanguage":"pt-BR"}]}},"_links":{"self":[{"href":"https:\/\/universoeletrico.com.br\/eletrico\/wp-json\/wp\/v2\/product\/3000","targetHints":{"allow":["GET"]}}],"collection":[{"href":"https:\/\/universoeletrico.com.br\/eletrico\/wp-json\/wp\/v2\/product"}],"about":[{"href":"https:\/\/universoeletrico.com.br\/eletrico\/wp-json\/wp\/v2\/types\/product"}],"version-history":[{"count":1,"href":"https:\/\/universoeletrico.com.br\/eletrico\/wp-json\/wp\/v2\/product\/3000\/revisions"}],"predecessor-version":[{"id":3002,"href":"https:\/\/universoeletrico.com.br\/eletrico\/wp-json\/wp\/v2\/product\/3000\/revisions\/3002"}],"wp:featuredmedia":[{"embeddable":true,"href":"https:\/\/universoeletrico.com.br\/eletrico\/wp-json\/wp\/v2\/media\/3001"}],"wp:attachment":[{"href":"https:\/\/universoeletrico.com.br\/eletrico\/wp-json\/wp\/v2\/media?parent=3000"}],"wp:term":[{"taxonomy":"product_brand","embeddable":true,"href":"https:\/\/universoeletrico.com.br\/eletrico\/wp-json\/wp\/v2\/product_brand?post=3000"},{"taxonomy":"product_cat","embeddable":true,"href":"https:\/\/universoeletrico.com.br\/eletrico\/wp-json\/wp\/v2\/product_cat?post=3000"},{"taxonomy":"product_tag","embeddable":true,"href":"https:\/\/universoeletrico.com.br\/eletrico\/wp-json\/wp\/v2\/product_tag?post=3000"}],"curies":[{"name":"wp","href":"https:\/\/api.w.org\/{rel}","templated":true}]}}