{"id":2962,"date":"2026-01-16T15:50:24","date_gmt":"2026-01-16T18:50:24","guid":{"rendered":"https:\/\/universoeletrico.com.br\/eletrico\/?post_type=product&#038;p=2962"},"modified":"2026-02-20T15:46:00","modified_gmt":"2026-02-20T18:46:00","slug":"tampa-de-encaixe-galvanizada-para-eletrocalha-3mt","status":"publish","type":"product","link":"https:\/\/universoeletrico.com.br\/eletrico\/produto\/tampa-de-encaixe-galvanizada-para-eletrocalha-3mt\/","title":{"rendered":"TAMPA DE ENCAIXE GALVANIZADA PARA ELETROCALHA 3MT"},"content":{"rendered":"<p>Tampa de encaixe galvanizada para eletrocalha de 3 metros \u00e9 um acess\u00f3rio de prote\u00e7\u00e3o para sistemas de cabeamento, projetada para evitar a entrada de poeira e humidade.<\/p>\n<p>Segue abaixo outras op\u00e7\u00f5es de tamanhos:<\/p>\n<p>cod: 80052 TAMPA DE ENCAIXE GALV.P\/ELETROC. 50X3MT<\/p>\n<p>cod: 80053 TAMPA DE ENCAIXE GALV.P\/ELETROC. 75X3MT<\/p>\n<p>cod: 80055 TAMPA DE ENCAIXE GALV.P\/ELETROC. 150X3MT<\/p>\n<p>cod: 80056 TAMPA DE ENCAIXE GALV.P\/ELETROC. 200X3MT<\/p>\n<p>cod: 80058 TAMPA DE ENCAIXE GALV.P\/ELETROC. 300X3MT<\/p>\n<p>Para Pre\u00e7os, Or\u00e7amentos e D\u00favidas, fale com nossos especialistas<\/p>\n","protected":false},"excerpt":{"rendered":"<p>Tampa de encaixe galvanizada para eletrocalha de 3 metros \u00e9 um acess\u00f3rio de prote\u00e7\u00e3o para sistemas de cabeamento, projetada para evitar a entrada de poeira e humidade. Segue abaixo outras op\u00e7\u00f5es de tamanhos: cod: 80052 TAMPA DE ENCAIXE GALV.P\/ELETROC. 50X3MT cod: 80053 TAMPA DE ENCAIXE GALV.P\/ELETROC. 75X3MT cod: 80055 TAMPA DE ENCAIXE GALV.P\/ELETROC. 150X3MT cod: [&hellip;]<\/p>\n","protected":false},"featured_media":2963,"template":"","meta":[],"product_brand":[],"product_cat":[50,18],"product_tag":[],"class_list":{"0":"post-2962","1":"product","2":"type-product","3":"status-publish","4":"has-post-thumbnail","6":"product_cat-eletrocalhas-e-perfilados","7":"product_cat-material-eletrico","9":"first","10":"instock","11":"shipping-taxable","12":"product-type-simple"},"yoast_head":"<!-- This site is optimized with the Yoast SEO Premium plugin v26.1.1 (Yoast SEO v26.1.1) - https:\/\/yoast.com\/wordpress\/plugins\/seo\/ -->\n<title>TAMPA DE ENCAIXE GALVANIZADA PARA ELETROCALHA 3MT - Universo El\u00e9trico<\/title>\n<meta name=\"robots\" content=\"index, follow, max-snippet:-1, max-image-preview:large, max-video-preview:-1\" \/>\n<link rel=\"canonical\" href=\"https:\/\/universoeletrico.com.br\/eletrico\/produto\/tampa-de-encaixe-galvanizada-para-eletrocalha-3mt\/\" \/>\n<meta property=\"og:locale\" content=\"pt_BR\" \/>\n<meta property=\"og:type\" content=\"article\" \/>\n<meta property=\"og:title\" content=\"TAMPA DE ENCAIXE GALVANIZADA PARA ELETROCALHA 3MT\" \/>\n<meta property=\"og:description\" content=\"Tampa de encaixe galvanizada para eletrocalha de 3 metros \u00e9 um acess\u00f3rio de prote\u00e7\u00e3o para sistemas de cabeamento, projetada para evitar a entrada de poeira e humidade. Segue abaixo outras op\u00e7\u00f5es de tamanhos: cod: 80052 TAMPA DE ENCAIXE GALV.P\/ELETROC. 50X3MT cod: 80053 TAMPA DE ENCAIXE GALV.P\/ELETROC. 75X3MT cod: 80055 TAMPA DE ENCAIXE GALV.P\/ELETROC. 150X3MT cod: [&hellip;]\" \/>\n<meta property=\"og:url\" content=\"https:\/\/universoeletrico.com.br\/eletrico\/produto\/tampa-de-encaixe-galvanizada-para-eletrocalha-3mt\/\" \/>\n<meta property=\"og:site_name\" content=\"Universo El\u00e9trico\" \/>\n<meta property=\"article:modified_time\" content=\"2026-02-20T18:46:00+00:00\" \/>\n<meta property=\"og:image\" content=\"https:\/\/universoeletrico.com.br\/eletrico\/wp-content\/uploads\/2026\/01\/tampa-encaixe-eletrocalha-sebbrasil-1.webp\" \/>\n\t<meta property=\"og:image:width\" content=\"600\" \/>\n\t<meta property=\"og:image:height\" content=\"600\" \/>\n\t<meta property=\"og:image:type\" content=\"image\/webp\" \/>\n<meta name=\"twitter:card\" content=\"summary_large_image\" \/>\n<meta name=\"twitter:label1\" content=\"Est. tempo de leitura\" \/>\n\t<meta name=\"twitter:data1\" content=\"1 minuto\" \/>\n<script type=\"application\/ld+json\" class=\"yoast-schema-graph\">{\"@context\":\"https:\/\/schema.org\",\"@graph\":[{\"@type\":\"WebPage\",\"@id\":\"https:\/\/universoeletrico.com.br\/eletrico\/produto\/tampa-de-encaixe-galvanizada-para-eletrocalha-3mt\/\",\"url\":\"https:\/\/universoeletrico.com.br\/eletrico\/produto\/tampa-de-encaixe-galvanizada-para-eletrocalha-3mt\/\",\"name\":\"TAMPA DE ENCAIXE GALVANIZADA PARA ELETROCALHA 3MT - Universo El\u00e9trico\",\"isPartOf\":{\"@id\":\"https:\/\/universoeletrico.com.br\/eletrico\/#website\"},\"primaryImageOfPage\":{\"@id\":\"https:\/\/universoeletrico.com.br\/eletrico\/produto\/tampa-de-encaixe-galvanizada-para-eletrocalha-3mt\/#primaryimage\"},\"image\":{\"@id\":\"https:\/\/universoeletrico.com.br\/eletrico\/produto\/tampa-de-encaixe-galvanizada-para-eletrocalha-3mt\/#primaryimage\"},\"thumbnailUrl\":\"https:\/\/universoeletrico.com.br\/eletrico\/wp-content\/uploads\/2026\/01\/tampa-encaixe-eletrocalha-sebbrasil-1.webp\",\"datePublished\":\"2026-01-16T18:50:24+00:00\",\"dateModified\":\"2026-02-20T18:46:00+00:00\",\"breadcrumb\":{\"@id\":\"https:\/\/universoeletrico.com.br\/eletrico\/produto\/tampa-de-encaixe-galvanizada-para-eletrocalha-3mt\/#breadcrumb\"},\"inLanguage\":\"pt-BR\",\"potentialAction\":[{\"@type\":\"ReadAction\",\"target\":[\"https:\/\/universoeletrico.com.br\/eletrico\/produto\/tampa-de-encaixe-galvanizada-para-eletrocalha-3mt\/\"]}]},{\"@type\":\"ImageObject\",\"inLanguage\":\"pt-BR\",\"@id\":\"https:\/\/universoeletrico.com.br\/eletrico\/produto\/tampa-de-encaixe-galvanizada-para-eletrocalha-3mt\/#primaryimage\",\"url\":\"https:\/\/universoeletrico.com.br\/eletrico\/wp-content\/uploads\/2026\/01\/tampa-encaixe-eletrocalha-sebbrasil-1.webp\",\"contentUrl\":\"https:\/\/universoeletrico.com.br\/eletrico\/wp-content\/uploads\/2026\/01\/tampa-encaixe-eletrocalha-sebbrasil-1.webp\",\"width\":600,\"height\":600},{\"@type\":\"BreadcrumbList\",\"@id\":\"https:\/\/universoeletrico.com.br\/eletrico\/produto\/tampa-de-encaixe-galvanizada-para-eletrocalha-3mt\/#breadcrumb\",\"itemListElement\":[{\"@type\":\"ListItem\",\"position\":1,\"name\":\"In\u00edcio\",\"item\":\"https:\/\/universoeletrico.com.br\/eletrico\/\"},{\"@type\":\"ListItem\",\"position\":2,\"name\":\"Produtos\",\"item\":\"https:\/\/universoeletrico.com.br\/eletrico\/produtos\/\"},{\"@type\":\"ListItem\",\"position\":3,\"name\":\"TAMPA DE ENCAIXE GALVANIZADA PARA ELETROCALHA 3MT\"}]},{\"@type\":\"WebSite\",\"@id\":\"https:\/\/universoeletrico.com.br\/eletrico\/#website\",\"url\":\"https:\/\/universoeletrico.com.br\/eletrico\/\",\"name\":\"Universo El\u00e9trico\",\"description\":\"\",\"potentialAction\":[{\"@type\":\"SearchAction\",\"target\":{\"@type\":\"EntryPoint\",\"urlTemplate\":\"https:\/\/universoeletrico.com.br\/eletrico\/?s={search_term_string}\"},\"query-input\":{\"@type\":\"PropertyValueSpecification\",\"valueRequired\":true,\"valueName\":\"search_term_string\"}}],\"inLanguage\":\"pt-BR\"}]}<\/script>\n<!-- \/ Yoast SEO Premium plugin. -->","yoast_head_json":{"title":"TAMPA DE ENCAIXE GALVANIZADA PARA ELETROCALHA 3MT - Universo El\u00e9trico","robots":{"index":"index","follow":"follow","max-snippet":"max-snippet:-1","max-image-preview":"max-image-preview:large","max-video-preview":"max-video-preview:-1"},"canonical":"https:\/\/universoeletrico.com.br\/eletrico\/produto\/tampa-de-encaixe-galvanizada-para-eletrocalha-3mt\/","og_locale":"pt_BR","og_type":"article","og_title":"TAMPA DE ENCAIXE GALVANIZADA PARA ELETROCALHA 3MT","og_description":"Tampa de encaixe galvanizada para eletrocalha de 3 metros \u00e9 um acess\u00f3rio de prote\u00e7\u00e3o para sistemas de cabeamento, projetada para evitar a entrada de poeira e humidade. Segue abaixo outras op\u00e7\u00f5es de tamanhos: cod: 80052 TAMPA DE ENCAIXE GALV.P\/ELETROC. 50X3MT cod: 80053 TAMPA DE ENCAIXE GALV.P\/ELETROC. 75X3MT cod: 80055 TAMPA DE ENCAIXE GALV.P\/ELETROC. 150X3MT cod: [&hellip;]","og_url":"https:\/\/universoeletrico.com.br\/eletrico\/produto\/tampa-de-encaixe-galvanizada-para-eletrocalha-3mt\/","og_site_name":"Universo El\u00e9trico","article_modified_time":"2026-02-20T18:46:00+00:00","og_image":[{"width":600,"height":600,"url":"https:\/\/universoeletrico.com.br\/eletrico\/wp-content\/uploads\/2026\/01\/tampa-encaixe-eletrocalha-sebbrasil-1.webp","type":"image\/webp"}],"twitter_card":"summary_large_image","twitter_misc":{"Est. tempo de leitura":"1 minuto"},"schema":{"@context":"https:\/\/schema.org","@graph":[{"@type":"WebPage","@id":"https:\/\/universoeletrico.com.br\/eletrico\/produto\/tampa-de-encaixe-galvanizada-para-eletrocalha-3mt\/","url":"https:\/\/universoeletrico.com.br\/eletrico\/produto\/tampa-de-encaixe-galvanizada-para-eletrocalha-3mt\/","name":"TAMPA DE ENCAIXE GALVANIZADA PARA ELETROCALHA 3MT - Universo El\u00e9trico","isPartOf":{"@id":"https:\/\/universoeletrico.com.br\/eletrico\/#website"},"primaryImageOfPage":{"@id":"https:\/\/universoeletrico.com.br\/eletrico\/produto\/tampa-de-encaixe-galvanizada-para-eletrocalha-3mt\/#primaryimage"},"image":{"@id":"https:\/\/universoeletrico.com.br\/eletrico\/produto\/tampa-de-encaixe-galvanizada-para-eletrocalha-3mt\/#primaryimage"},"thumbnailUrl":"https:\/\/universoeletrico.com.br\/eletrico\/wp-content\/uploads\/2026\/01\/tampa-encaixe-eletrocalha-sebbrasil-1.webp","datePublished":"2026-01-16T18:50:24+00:00","dateModified":"2026-02-20T18:46:00+00:00","breadcrumb":{"@id":"https:\/\/universoeletrico.com.br\/eletrico\/produto\/tampa-de-encaixe-galvanizada-para-eletrocalha-3mt\/#breadcrumb"},"inLanguage":"pt-BR","potentialAction":[{"@type":"ReadAction","target":["https:\/\/universoeletrico.com.br\/eletrico\/produto\/tampa-de-encaixe-galvanizada-para-eletrocalha-3mt\/"]}]},{"@type":"ImageObject","inLanguage":"pt-BR","@id":"https:\/\/universoeletrico.com.br\/eletrico\/produto\/tampa-de-encaixe-galvanizada-para-eletrocalha-3mt\/#primaryimage","url":"https:\/\/universoeletrico.com.br\/eletrico\/wp-content\/uploads\/2026\/01\/tampa-encaixe-eletrocalha-sebbrasil-1.webp","contentUrl":"https:\/\/universoeletrico.com.br\/eletrico\/wp-content\/uploads\/2026\/01\/tampa-encaixe-eletrocalha-sebbrasil-1.webp","width":600,"height":600},{"@type":"BreadcrumbList","@id":"https:\/\/universoeletrico.com.br\/eletrico\/produto\/tampa-de-encaixe-galvanizada-para-eletrocalha-3mt\/#breadcrumb","itemListElement":[{"@type":"ListItem","position":1,"name":"In\u00edcio","item":"https:\/\/universoeletrico.com.br\/eletrico\/"},{"@type":"ListItem","position":2,"name":"Produtos","item":"https:\/\/universoeletrico.com.br\/eletrico\/produtos\/"},{"@type":"ListItem","position":3,"name":"TAMPA DE ENCAIXE GALVANIZADA PARA ELETROCALHA 3MT"}]},{"@type":"WebSite","@id":"https:\/\/universoeletrico.com.br\/eletrico\/#website","url":"https:\/\/universoeletrico.com.br\/eletrico\/","name":"Universo El\u00e9trico","description":"","potentialAction":[{"@type":"SearchAction","target":{"@type":"EntryPoint","urlTemplate":"https:\/\/universoeletrico.com.br\/eletrico\/?s={search_term_string}"},"query-input":{"@type":"PropertyValueSpecification","valueRequired":true,"valueName":"search_term_string"}}],"inLanguage":"pt-BR"}]}},"_links":{"self":[{"href":"https:\/\/universoeletrico.com.br\/eletrico\/wp-json\/wp\/v2\/product\/2962","targetHints":{"allow":["GET"]}}],"collection":[{"href":"https:\/\/universoeletrico.com.br\/eletrico\/wp-json\/wp\/v2\/product"}],"about":[{"href":"https:\/\/universoeletrico.com.br\/eletrico\/wp-json\/wp\/v2\/types\/product"}],"version-history":[{"count":4,"href":"https:\/\/universoeletrico.com.br\/eletrico\/wp-json\/wp\/v2\/product\/2962\/revisions"}],"predecessor-version":[{"id":2967,"href":"https:\/\/universoeletrico.com.br\/eletrico\/wp-json\/wp\/v2\/product\/2962\/revisions\/2967"}],"wp:featuredmedia":[{"embeddable":true,"href":"https:\/\/universoeletrico.com.br\/eletrico\/wp-json\/wp\/v2\/media\/2963"}],"wp:attachment":[{"href":"https:\/\/universoeletrico.com.br\/eletrico\/wp-json\/wp\/v2\/media?parent=2962"}],"wp:term":[{"taxonomy":"product_brand","embeddable":true,"href":"https:\/\/universoeletrico.com.br\/eletrico\/wp-json\/wp\/v2\/product_brand?post=2962"},{"taxonomy":"product_cat","embeddable":true,"href":"https:\/\/universoeletrico.com.br\/eletrico\/wp-json\/wp\/v2\/product_cat?post=2962"},{"taxonomy":"product_tag","embeddable":true,"href":"https:\/\/universoeletrico.com.br\/eletrico\/wp-json\/wp\/v2\/product_tag?post=2962"}],"curies":[{"name":"wp","href":"https:\/\/api.w.org\/{rel}","templated":true}]}}