{"id":2894,"date":"2026-01-10T09:56:00","date_gmt":"2026-01-10T12:56:00","guid":{"rendered":"https:\/\/universoeletrico.com.br\/eletrico\/?post_type=product&#038;p=2894"},"modified":"2026-01-10T10:00:43","modified_gmt":"2026-01-10T13:00:43","slug":"perfilado-galvanizado-perfurado-38x38mm","status":"publish","type":"product","link":"https:\/\/universoeletrico.com.br\/eletrico\/produto\/perfilado-galvanizado-perfurado-38x38mm\/","title":{"rendered":"PERFILADO GALVANIZADO PERFURADO 38X38MM"},"content":{"rendered":"<p>Perfilado 38X38mm usado em estacionamentos, shopping, hospitais, supermercados e outras grandes obras de constru\u00e7\u00e3o civil, os perfilados s\u00e3o ideais para suspens\u00e3o de circuitos e sistemas de ilumina\u00e7\u00e3o, passagem de fios e cabos el\u00e9tricos, dados e telefonia. Dispon\u00edvel em estoque tamanhos de 3mts \u00e9 6mts em chapas 14 \u00e1 24.<\/p>\n<p>Segue abaixo outras op\u00e7\u00f5es de modelos \u00e9 tamanhos:<\/p>\n<p>cod: 79018 PERFILADO GALV. PERF 38X38MM 3MT CH 24<\/p>\n<p>cod: 79020 PERFILADO GALV. PERF 38X38MM 3MT CH 18<\/p>\n<p>cod: 79009 PERFILADO GALV. PERF 38X38MM 6MT CH 22<\/p>\n<p>cod: 79005 PERFILADO GALV. PERF 38X38MM 6MT CH 14<\/p>\n<p>Para Pre\u00e7os, Or\u00e7amentos e D\u00favidas, fale com nossos especialistas.<\/p>\n","protected":false},"excerpt":{"rendered":"<p>Perfilado 38X38mm usado em estacionamentos, shopping, hospitais, supermercados e outras grandes obras de constru\u00e7\u00e3o civil, os perfilados s\u00e3o ideais para suspens\u00e3o de circuitos e sistemas de ilumina\u00e7\u00e3o, passagem de fios e cabos el\u00e9tricos, dados e telefonia. Dispon\u00edvel em estoque tamanhos de 3mts \u00e9 6mts em chapas 14 \u00e1 24. Segue abaixo outras op\u00e7\u00f5es de modelos [&hellip;]<\/p>\n","protected":false},"featured_media":2895,"template":"","meta":[],"product_brand":[],"product_cat":[50,18],"product_tag":[160,124,164,159,133,163],"class_list":{"0":"post-2894","1":"product","2":"type-product","3":"status-publish","4":"has-post-thumbnail","6":"product_cat-eletrocalhas-e-perfilados","7":"product_cat-material-eletrico","8":"product_tag-38x38","9":"product_tag-3mts","10":"product_tag-6mts","11":"product_tag-galvanizada","12":"product_tag-material-eletrico","13":"product_tag-perfurado","15":"first","16":"instock","17":"shipping-taxable","18":"product-type-simple"},"yoast_head":"<!-- This site is optimized with the Yoast SEO Premium plugin v26.1.1 (Yoast SEO v26.1.1) - https:\/\/yoast.com\/wordpress\/plugins\/seo\/ -->\n<title>PERFILADO GALVANIZADO PERFURADO 38X38MM - Universo El\u00e9trico<\/title>\n<meta name=\"robots\" content=\"index, follow, max-snippet:-1, max-image-preview:large, max-video-preview:-1\" \/>\n<link rel=\"canonical\" href=\"https:\/\/universoeletrico.com.br\/eletrico\/produto\/perfilado-galvanizado-perfurado-38x38mm\/\" \/>\n<meta property=\"og:locale\" content=\"pt_BR\" \/>\n<meta property=\"og:type\" content=\"article\" \/>\n<meta property=\"og:title\" content=\"PERFILADO GALVANIZADO PERFURADO 38X38MM\" \/>\n<meta property=\"og:description\" content=\"Perfilado 38X38mm usado em estacionamentos, shopping, hospitais, supermercados e outras grandes obras de constru\u00e7\u00e3o civil, os perfilados s\u00e3o ideais para suspens\u00e3o de circuitos e sistemas de ilumina\u00e7\u00e3o, passagem de fios e cabos el\u00e9tricos, dados e telefonia. Dispon\u00edvel em estoque tamanhos de 3mts \u00e9 6mts em chapas 14 \u00e1 24. Segue abaixo outras op\u00e7\u00f5es de modelos [&hellip;]\" \/>\n<meta property=\"og:url\" content=\"https:\/\/universoeletrico.com.br\/eletrico\/produto\/perfilado-galvanizado-perfurado-38x38mm\/\" \/>\n<meta property=\"og:site_name\" content=\"Universo El\u00e9trico\" \/>\n<meta property=\"article:modified_time\" content=\"2026-01-10T13:00:43+00:00\" \/>\n<meta property=\"og:image\" content=\"https:\/\/universoeletrico.com.br\/eletrico\/wp-content\/uploads\/2026\/01\/perfilado_38x38_perfurado_3_metros_22_4533_1_2531679c3ff3856d8ee2b516e15f9036.webp\" \/>\n\t<meta property=\"og:image:width\" content=\"1000\" \/>\n\t<meta property=\"og:image:height\" content=\"1000\" \/>\n\t<meta property=\"og:image:type\" content=\"image\/webp\" \/>\n<meta name=\"twitter:card\" content=\"summary_large_image\" \/>\n<meta name=\"twitter:label1\" content=\"Est. tempo de leitura\" \/>\n\t<meta name=\"twitter:data1\" content=\"1 minuto\" \/>\n<script type=\"application\/ld+json\" class=\"yoast-schema-graph\">{\"@context\":\"https:\/\/schema.org\",\"@graph\":[{\"@type\":\"WebPage\",\"@id\":\"https:\/\/universoeletrico.com.br\/eletrico\/produto\/perfilado-galvanizado-perfurado-38x38mm\/\",\"url\":\"https:\/\/universoeletrico.com.br\/eletrico\/produto\/perfilado-galvanizado-perfurado-38x38mm\/\",\"name\":\"PERFILADO GALVANIZADO PERFURADO 38X38MM - Universo El\u00e9trico\",\"isPartOf\":{\"@id\":\"https:\/\/universoeletrico.com.br\/eletrico\/#website\"},\"primaryImageOfPage\":{\"@id\":\"https:\/\/universoeletrico.com.br\/eletrico\/produto\/perfilado-galvanizado-perfurado-38x38mm\/#primaryimage\"},\"image\":{\"@id\":\"https:\/\/universoeletrico.com.br\/eletrico\/produto\/perfilado-galvanizado-perfurado-38x38mm\/#primaryimage\"},\"thumbnailUrl\":\"https:\/\/universoeletrico.com.br\/eletrico\/wp-content\/uploads\/2026\/01\/perfilado_38x38_perfurado_3_metros_22_4533_1_2531679c3ff3856d8ee2b516e15f9036.webp\",\"datePublished\":\"2026-01-10T12:56:00+00:00\",\"dateModified\":\"2026-01-10T13:00:43+00:00\",\"breadcrumb\":{\"@id\":\"https:\/\/universoeletrico.com.br\/eletrico\/produto\/perfilado-galvanizado-perfurado-38x38mm\/#breadcrumb\"},\"inLanguage\":\"pt-BR\",\"potentialAction\":[{\"@type\":\"ReadAction\",\"target\":[\"https:\/\/universoeletrico.com.br\/eletrico\/produto\/perfilado-galvanizado-perfurado-38x38mm\/\"]}]},{\"@type\":\"ImageObject\",\"inLanguage\":\"pt-BR\",\"@id\":\"https:\/\/universoeletrico.com.br\/eletrico\/produto\/perfilado-galvanizado-perfurado-38x38mm\/#primaryimage\",\"url\":\"https:\/\/universoeletrico.com.br\/eletrico\/wp-content\/uploads\/2026\/01\/perfilado_38x38_perfurado_3_metros_22_4533_1_2531679c3ff3856d8ee2b516e15f9036.webp\",\"contentUrl\":\"https:\/\/universoeletrico.com.br\/eletrico\/wp-content\/uploads\/2026\/01\/perfilado_38x38_perfurado_3_metros_22_4533_1_2531679c3ff3856d8ee2b516e15f9036.webp\",\"width\":1000,\"height\":1000},{\"@type\":\"BreadcrumbList\",\"@id\":\"https:\/\/universoeletrico.com.br\/eletrico\/produto\/perfilado-galvanizado-perfurado-38x38mm\/#breadcrumb\",\"itemListElement\":[{\"@type\":\"ListItem\",\"position\":1,\"name\":\"In\u00edcio\",\"item\":\"https:\/\/universoeletrico.com.br\/eletrico\/\"},{\"@type\":\"ListItem\",\"position\":2,\"name\":\"Produtos\",\"item\":\"https:\/\/universoeletrico.com.br\/eletrico\/produtos\/\"},{\"@type\":\"ListItem\",\"position\":3,\"name\":\"PERFILADO GALVANIZADO PERFURADO 38X38MM\"}]},{\"@type\":\"WebSite\",\"@id\":\"https:\/\/universoeletrico.com.br\/eletrico\/#website\",\"url\":\"https:\/\/universoeletrico.com.br\/eletrico\/\",\"name\":\"Universo El\u00e9trico\",\"description\":\"\",\"potentialAction\":[{\"@type\":\"SearchAction\",\"target\":{\"@type\":\"EntryPoint\",\"urlTemplate\":\"https:\/\/universoeletrico.com.br\/eletrico\/?s={search_term_string}\"},\"query-input\":{\"@type\":\"PropertyValueSpecification\",\"valueRequired\":true,\"valueName\":\"search_term_string\"}}],\"inLanguage\":\"pt-BR\"}]}<\/script>\n<!-- \/ Yoast SEO Premium plugin. -->","yoast_head_json":{"title":"PERFILADO GALVANIZADO PERFURADO 38X38MM - Universo El\u00e9trico","robots":{"index":"index","follow":"follow","max-snippet":"max-snippet:-1","max-image-preview":"max-image-preview:large","max-video-preview":"max-video-preview:-1"},"canonical":"https:\/\/universoeletrico.com.br\/eletrico\/produto\/perfilado-galvanizado-perfurado-38x38mm\/","og_locale":"pt_BR","og_type":"article","og_title":"PERFILADO GALVANIZADO PERFURADO 38X38MM","og_description":"Perfilado 38X38mm usado em estacionamentos, shopping, hospitais, supermercados e outras grandes obras de constru\u00e7\u00e3o civil, os perfilados s\u00e3o ideais para suspens\u00e3o de circuitos e sistemas de ilumina\u00e7\u00e3o, passagem de fios e cabos el\u00e9tricos, dados e telefonia. Dispon\u00edvel em estoque tamanhos de 3mts \u00e9 6mts em chapas 14 \u00e1 24. Segue abaixo outras op\u00e7\u00f5es de modelos [&hellip;]","og_url":"https:\/\/universoeletrico.com.br\/eletrico\/produto\/perfilado-galvanizado-perfurado-38x38mm\/","og_site_name":"Universo El\u00e9trico","article_modified_time":"2026-01-10T13:00:43+00:00","og_image":[{"width":1000,"height":1000,"url":"https:\/\/universoeletrico.com.br\/eletrico\/wp-content\/uploads\/2026\/01\/perfilado_38x38_perfurado_3_metros_22_4533_1_2531679c3ff3856d8ee2b516e15f9036.webp","type":"image\/webp"}],"twitter_card":"summary_large_image","twitter_misc":{"Est. tempo de leitura":"1 minuto"},"schema":{"@context":"https:\/\/schema.org","@graph":[{"@type":"WebPage","@id":"https:\/\/universoeletrico.com.br\/eletrico\/produto\/perfilado-galvanizado-perfurado-38x38mm\/","url":"https:\/\/universoeletrico.com.br\/eletrico\/produto\/perfilado-galvanizado-perfurado-38x38mm\/","name":"PERFILADO GALVANIZADO PERFURADO 38X38MM - Universo El\u00e9trico","isPartOf":{"@id":"https:\/\/universoeletrico.com.br\/eletrico\/#website"},"primaryImageOfPage":{"@id":"https:\/\/universoeletrico.com.br\/eletrico\/produto\/perfilado-galvanizado-perfurado-38x38mm\/#primaryimage"},"image":{"@id":"https:\/\/universoeletrico.com.br\/eletrico\/produto\/perfilado-galvanizado-perfurado-38x38mm\/#primaryimage"},"thumbnailUrl":"https:\/\/universoeletrico.com.br\/eletrico\/wp-content\/uploads\/2026\/01\/perfilado_38x38_perfurado_3_metros_22_4533_1_2531679c3ff3856d8ee2b516e15f9036.webp","datePublished":"2026-01-10T12:56:00+00:00","dateModified":"2026-01-10T13:00:43+00:00","breadcrumb":{"@id":"https:\/\/universoeletrico.com.br\/eletrico\/produto\/perfilado-galvanizado-perfurado-38x38mm\/#breadcrumb"},"inLanguage":"pt-BR","potentialAction":[{"@type":"ReadAction","target":["https:\/\/universoeletrico.com.br\/eletrico\/produto\/perfilado-galvanizado-perfurado-38x38mm\/"]}]},{"@type":"ImageObject","inLanguage":"pt-BR","@id":"https:\/\/universoeletrico.com.br\/eletrico\/produto\/perfilado-galvanizado-perfurado-38x38mm\/#primaryimage","url":"https:\/\/universoeletrico.com.br\/eletrico\/wp-content\/uploads\/2026\/01\/perfilado_38x38_perfurado_3_metros_22_4533_1_2531679c3ff3856d8ee2b516e15f9036.webp","contentUrl":"https:\/\/universoeletrico.com.br\/eletrico\/wp-content\/uploads\/2026\/01\/perfilado_38x38_perfurado_3_metros_22_4533_1_2531679c3ff3856d8ee2b516e15f9036.webp","width":1000,"height":1000},{"@type":"BreadcrumbList","@id":"https:\/\/universoeletrico.com.br\/eletrico\/produto\/perfilado-galvanizado-perfurado-38x38mm\/#breadcrumb","itemListElement":[{"@type":"ListItem","position":1,"name":"In\u00edcio","item":"https:\/\/universoeletrico.com.br\/eletrico\/"},{"@type":"ListItem","position":2,"name":"Produtos","item":"https:\/\/universoeletrico.com.br\/eletrico\/produtos\/"},{"@type":"ListItem","position":3,"name":"PERFILADO GALVANIZADO PERFURADO 38X38MM"}]},{"@type":"WebSite","@id":"https:\/\/universoeletrico.com.br\/eletrico\/#website","url":"https:\/\/universoeletrico.com.br\/eletrico\/","name":"Universo El\u00e9trico","description":"","potentialAction":[{"@type":"SearchAction","target":{"@type":"EntryPoint","urlTemplate":"https:\/\/universoeletrico.com.br\/eletrico\/?s={search_term_string}"},"query-input":{"@type":"PropertyValueSpecification","valueRequired":true,"valueName":"search_term_string"}}],"inLanguage":"pt-BR"}]}},"_links":{"self":[{"href":"https:\/\/universoeletrico.com.br\/eletrico\/wp-json\/wp\/v2\/product\/2894","targetHints":{"allow":["GET"]}}],"collection":[{"href":"https:\/\/universoeletrico.com.br\/eletrico\/wp-json\/wp\/v2\/product"}],"about":[{"href":"https:\/\/universoeletrico.com.br\/eletrico\/wp-json\/wp\/v2\/types\/product"}],"version-history":[{"count":3,"href":"https:\/\/universoeletrico.com.br\/eletrico\/wp-json\/wp\/v2\/product\/2894\/revisions"}],"predecessor-version":[{"id":2898,"href":"https:\/\/universoeletrico.com.br\/eletrico\/wp-json\/wp\/v2\/product\/2894\/revisions\/2898"}],"wp:featuredmedia":[{"embeddable":true,"href":"https:\/\/universoeletrico.com.br\/eletrico\/wp-json\/wp\/v2\/media\/2895"}],"wp:attachment":[{"href":"https:\/\/universoeletrico.com.br\/eletrico\/wp-json\/wp\/v2\/media?parent=2894"}],"wp:term":[{"taxonomy":"product_brand","embeddable":true,"href":"https:\/\/universoeletrico.com.br\/eletrico\/wp-json\/wp\/v2\/product_brand?post=2894"},{"taxonomy":"product_cat","embeddable":true,"href":"https:\/\/universoeletrico.com.br\/eletrico\/wp-json\/wp\/v2\/product_cat?post=2894"},{"taxonomy":"product_tag","embeddable":true,"href":"https:\/\/universoeletrico.com.br\/eletrico\/wp-json\/wp\/v2\/product_tag?post=2894"}],"curies":[{"name":"wp","href":"https:\/\/api.w.org\/{rel}","templated":true}]}}