{"id":2889,"date":"2026-01-08T15:06:06","date_gmt":"2026-01-08T18:06:06","guid":{"rendered":"https:\/\/universoeletrico.com.br\/eletrico\/?post_type=product&#038;p=2889"},"modified":"2026-02-20T15:50:38","modified_gmt":"2026-02-20T18:50:38","slug":"juncao-galvanizada-rapida-38x38","status":"publish","type":"product","link":"https:\/\/universoeletrico.com.br\/eletrico\/produto\/juncao-galvanizada-rapida-38x38\/","title":{"rendered":"JUN\u00c7\u00c3O GALVANIZADA R\u00c1PIDA 38X38"},"content":{"rendered":"<p>Jun\u00e7\u00f5es ou emendas s\u00e3o acess\u00f3rios fundamentais que permitem conectar as barras de forma linear ou em diferentes \u00e2ngulos, para a montagem de estruturas com <strong class=\"Yjhzub\" data-complete=\"true\" data-processed=\"true\">perfilado 38&#215;38.<\/strong><\/p>\n<p>Segue abaixo outras op\u00e7\u00f5es de modelos:<\/p>\n<p>cod: 79053 JUNCAO GALVANIZADA RAPIDA L<\/p>\n<p>cod: 79054 JUNCAO GALVANIZADA RAPIDA T<\/p>\n<p>cod: 79055 JUNCAO GALVANIZADA RAPIDA X<\/p>\n<p>Para Pre\u00e7os, Or\u00e7amentos e D\u00favidas, fale com nossos especialistas.<\/p>\n","protected":false},"excerpt":{"rendered":"<p>Jun\u00e7\u00f5es ou emendas s\u00e3o acess\u00f3rios fundamentais que permitem conectar as barras de forma linear ou em diferentes \u00e2ngulos, para a montagem de estruturas com perfilado 38&#215;38. Segue abaixo outras op\u00e7\u00f5es de modelos: cod: 79053 JUNCAO GALVANIZADA RAPIDA L cod: 79054 JUNCAO GALVANIZADA RAPIDA T cod: 79055 JUNCAO GALVANIZADA RAPIDA X Para Pre\u00e7os, Or\u00e7amentos e D\u00favidas, [&hellip;]<\/p>\n","protected":false},"featured_media":2890,"template":"","meta":[],"product_brand":[],"product_cat":[50,18],"product_tag":[160,159,161,162],"class_list":{"0":"post-2889","1":"product","2":"type-product","3":"status-publish","4":"has-post-thumbnail","6":"product_cat-eletrocalhas-e-perfilados","7":"product_cat-material-eletrico","8":"product_tag-38x38","9":"product_tag-galvanizada","10":"product_tag-juncao","11":"product_tag-perfilando","13":"first","14":"instock","15":"shipping-taxable","16":"product-type-simple"},"yoast_head":"<!-- This site is optimized with the Yoast SEO Premium plugin v26.1.1 (Yoast SEO v26.1.1) - https:\/\/yoast.com\/wordpress\/plugins\/seo\/ -->\n<title>JUN\u00c7\u00c3O GALVANIZADA R\u00c1PIDA 38X38 - Universo El\u00e9trico<\/title>\n<meta name=\"robots\" content=\"index, follow, max-snippet:-1, max-image-preview:large, max-video-preview:-1\" \/>\n<link rel=\"canonical\" href=\"https:\/\/universoeletrico.com.br\/eletrico\/produto\/juncao-galvanizada-rapida-38x38\/\" \/>\n<meta property=\"og:locale\" content=\"pt_BR\" \/>\n<meta property=\"og:type\" content=\"article\" \/>\n<meta property=\"og:title\" content=\"JUN\u00c7\u00c3O GALVANIZADA R\u00c1PIDA 38X38\" \/>\n<meta property=\"og:description\" content=\"Jun\u00e7\u00f5es ou emendas s\u00e3o acess\u00f3rios fundamentais que permitem conectar as barras de forma linear ou em diferentes \u00e2ngulos, para a montagem de estruturas com perfilado 38&#215;38. Segue abaixo outras op\u00e7\u00f5es de modelos: cod: 79053 JUNCAO GALVANIZADA RAPIDA L cod: 79054 JUNCAO GALVANIZADA RAPIDA T cod: 79055 JUNCAO GALVANIZADA RAPIDA X Para Pre\u00e7os, Or\u00e7amentos e D\u00favidas, [&hellip;]\" \/>\n<meta property=\"og:url\" content=\"https:\/\/universoeletrico.com.br\/eletrico\/produto\/juncao-galvanizada-rapida-38x38\/\" \/>\n<meta property=\"og:site_name\" content=\"Universo El\u00e9trico\" \/>\n<meta property=\"article:modified_time\" content=\"2026-02-20T18:50:38+00:00\" \/>\n<meta property=\"og:image\" content=\"https:\/\/universoeletrico.com.br\/eletrico\/wp-content\/uploads\/2026\/01\/Design-sem-nome-2023-07-06T154830.392-1.webp\" \/>\n\t<meta property=\"og:image:width\" content=\"750\" \/>\n\t<meta property=\"og:image:height\" content=\"750\" \/>\n\t<meta property=\"og:image:type\" content=\"image\/webp\" \/>\n<meta name=\"twitter:card\" content=\"summary_large_image\" \/>\n<meta name=\"twitter:label1\" content=\"Est. tempo de leitura\" \/>\n\t<meta name=\"twitter:data1\" content=\"1 minuto\" \/>\n<script type=\"application\/ld+json\" class=\"yoast-schema-graph\">{\"@context\":\"https:\/\/schema.org\",\"@graph\":[{\"@type\":\"WebPage\",\"@id\":\"https:\/\/universoeletrico.com.br\/eletrico\/produto\/juncao-galvanizada-rapida-38x38\/\",\"url\":\"https:\/\/universoeletrico.com.br\/eletrico\/produto\/juncao-galvanizada-rapida-38x38\/\",\"name\":\"JUN\u00c7\u00c3O GALVANIZADA R\u00c1PIDA 38X38 - Universo El\u00e9trico\",\"isPartOf\":{\"@id\":\"https:\/\/universoeletrico.com.br\/eletrico\/#website\"},\"primaryImageOfPage\":{\"@id\":\"https:\/\/universoeletrico.com.br\/eletrico\/produto\/juncao-galvanizada-rapida-38x38\/#primaryimage\"},\"image\":{\"@id\":\"https:\/\/universoeletrico.com.br\/eletrico\/produto\/juncao-galvanizada-rapida-38x38\/#primaryimage\"},\"thumbnailUrl\":\"https:\/\/universoeletrico.com.br\/eletrico\/wp-content\/uploads\/2026\/01\/Design-sem-nome-2023-07-06T154830.392-1.webp\",\"datePublished\":\"2026-01-08T18:06:06+00:00\",\"dateModified\":\"2026-02-20T18:50:38+00:00\",\"breadcrumb\":{\"@id\":\"https:\/\/universoeletrico.com.br\/eletrico\/produto\/juncao-galvanizada-rapida-38x38\/#breadcrumb\"},\"inLanguage\":\"pt-BR\",\"potentialAction\":[{\"@type\":\"ReadAction\",\"target\":[\"https:\/\/universoeletrico.com.br\/eletrico\/produto\/juncao-galvanizada-rapida-38x38\/\"]}]},{\"@type\":\"ImageObject\",\"inLanguage\":\"pt-BR\",\"@id\":\"https:\/\/universoeletrico.com.br\/eletrico\/produto\/juncao-galvanizada-rapida-38x38\/#primaryimage\",\"url\":\"https:\/\/universoeletrico.com.br\/eletrico\/wp-content\/uploads\/2026\/01\/Design-sem-nome-2023-07-06T154830.392-1.webp\",\"contentUrl\":\"https:\/\/universoeletrico.com.br\/eletrico\/wp-content\/uploads\/2026\/01\/Design-sem-nome-2023-07-06T154830.392-1.webp\",\"width\":750,\"height\":750},{\"@type\":\"BreadcrumbList\",\"@id\":\"https:\/\/universoeletrico.com.br\/eletrico\/produto\/juncao-galvanizada-rapida-38x38\/#breadcrumb\",\"itemListElement\":[{\"@type\":\"ListItem\",\"position\":1,\"name\":\"In\u00edcio\",\"item\":\"https:\/\/universoeletrico.com.br\/eletrico\/\"},{\"@type\":\"ListItem\",\"position\":2,\"name\":\"Produtos\",\"item\":\"https:\/\/universoeletrico.com.br\/eletrico\/produtos\/\"},{\"@type\":\"ListItem\",\"position\":3,\"name\":\"JUN\u00c7\u00c3O GALVANIZADA R\u00c1PIDA 38X38\"}]},{\"@type\":\"WebSite\",\"@id\":\"https:\/\/universoeletrico.com.br\/eletrico\/#website\",\"url\":\"https:\/\/universoeletrico.com.br\/eletrico\/\",\"name\":\"Universo El\u00e9trico\",\"description\":\"\",\"potentialAction\":[{\"@type\":\"SearchAction\",\"target\":{\"@type\":\"EntryPoint\",\"urlTemplate\":\"https:\/\/universoeletrico.com.br\/eletrico\/?s={search_term_string}\"},\"query-input\":{\"@type\":\"PropertyValueSpecification\",\"valueRequired\":true,\"valueName\":\"search_term_string\"}}],\"inLanguage\":\"pt-BR\"}]}<\/script>\n<!-- \/ Yoast SEO Premium plugin. -->","yoast_head_json":{"title":"JUN\u00c7\u00c3O GALVANIZADA R\u00c1PIDA 38X38 - Universo El\u00e9trico","robots":{"index":"index","follow":"follow","max-snippet":"max-snippet:-1","max-image-preview":"max-image-preview:large","max-video-preview":"max-video-preview:-1"},"canonical":"https:\/\/universoeletrico.com.br\/eletrico\/produto\/juncao-galvanizada-rapida-38x38\/","og_locale":"pt_BR","og_type":"article","og_title":"JUN\u00c7\u00c3O GALVANIZADA R\u00c1PIDA 38X38","og_description":"Jun\u00e7\u00f5es ou emendas s\u00e3o acess\u00f3rios fundamentais que permitem conectar as barras de forma linear ou em diferentes \u00e2ngulos, para a montagem de estruturas com perfilado 38&#215;38. Segue abaixo outras op\u00e7\u00f5es de modelos: cod: 79053 JUNCAO GALVANIZADA RAPIDA L cod: 79054 JUNCAO GALVANIZADA RAPIDA T cod: 79055 JUNCAO GALVANIZADA RAPIDA X Para Pre\u00e7os, Or\u00e7amentos e D\u00favidas, [&hellip;]","og_url":"https:\/\/universoeletrico.com.br\/eletrico\/produto\/juncao-galvanizada-rapida-38x38\/","og_site_name":"Universo El\u00e9trico","article_modified_time":"2026-02-20T18:50:38+00:00","og_image":[{"width":750,"height":750,"url":"https:\/\/universoeletrico.com.br\/eletrico\/wp-content\/uploads\/2026\/01\/Design-sem-nome-2023-07-06T154830.392-1.webp","type":"image\/webp"}],"twitter_card":"summary_large_image","twitter_misc":{"Est. tempo de leitura":"1 minuto"},"schema":{"@context":"https:\/\/schema.org","@graph":[{"@type":"WebPage","@id":"https:\/\/universoeletrico.com.br\/eletrico\/produto\/juncao-galvanizada-rapida-38x38\/","url":"https:\/\/universoeletrico.com.br\/eletrico\/produto\/juncao-galvanizada-rapida-38x38\/","name":"JUN\u00c7\u00c3O GALVANIZADA R\u00c1PIDA 38X38 - Universo El\u00e9trico","isPartOf":{"@id":"https:\/\/universoeletrico.com.br\/eletrico\/#website"},"primaryImageOfPage":{"@id":"https:\/\/universoeletrico.com.br\/eletrico\/produto\/juncao-galvanizada-rapida-38x38\/#primaryimage"},"image":{"@id":"https:\/\/universoeletrico.com.br\/eletrico\/produto\/juncao-galvanizada-rapida-38x38\/#primaryimage"},"thumbnailUrl":"https:\/\/universoeletrico.com.br\/eletrico\/wp-content\/uploads\/2026\/01\/Design-sem-nome-2023-07-06T154830.392-1.webp","datePublished":"2026-01-08T18:06:06+00:00","dateModified":"2026-02-20T18:50:38+00:00","breadcrumb":{"@id":"https:\/\/universoeletrico.com.br\/eletrico\/produto\/juncao-galvanizada-rapida-38x38\/#breadcrumb"},"inLanguage":"pt-BR","potentialAction":[{"@type":"ReadAction","target":["https:\/\/universoeletrico.com.br\/eletrico\/produto\/juncao-galvanizada-rapida-38x38\/"]}]},{"@type":"ImageObject","inLanguage":"pt-BR","@id":"https:\/\/universoeletrico.com.br\/eletrico\/produto\/juncao-galvanizada-rapida-38x38\/#primaryimage","url":"https:\/\/universoeletrico.com.br\/eletrico\/wp-content\/uploads\/2026\/01\/Design-sem-nome-2023-07-06T154830.392-1.webp","contentUrl":"https:\/\/universoeletrico.com.br\/eletrico\/wp-content\/uploads\/2026\/01\/Design-sem-nome-2023-07-06T154830.392-1.webp","width":750,"height":750},{"@type":"BreadcrumbList","@id":"https:\/\/universoeletrico.com.br\/eletrico\/produto\/juncao-galvanizada-rapida-38x38\/#breadcrumb","itemListElement":[{"@type":"ListItem","position":1,"name":"In\u00edcio","item":"https:\/\/universoeletrico.com.br\/eletrico\/"},{"@type":"ListItem","position":2,"name":"Produtos","item":"https:\/\/universoeletrico.com.br\/eletrico\/produtos\/"},{"@type":"ListItem","position":3,"name":"JUN\u00c7\u00c3O GALVANIZADA R\u00c1PIDA 38X38"}]},{"@type":"WebSite","@id":"https:\/\/universoeletrico.com.br\/eletrico\/#website","url":"https:\/\/universoeletrico.com.br\/eletrico\/","name":"Universo El\u00e9trico","description":"","potentialAction":[{"@type":"SearchAction","target":{"@type":"EntryPoint","urlTemplate":"https:\/\/universoeletrico.com.br\/eletrico\/?s={search_term_string}"},"query-input":{"@type":"PropertyValueSpecification","valueRequired":true,"valueName":"search_term_string"}}],"inLanguage":"pt-BR"}]}},"_links":{"self":[{"href":"https:\/\/universoeletrico.com.br\/eletrico\/wp-json\/wp\/v2\/product\/2889","targetHints":{"allow":["GET"]}}],"collection":[{"href":"https:\/\/universoeletrico.com.br\/eletrico\/wp-json\/wp\/v2\/product"}],"about":[{"href":"https:\/\/universoeletrico.com.br\/eletrico\/wp-json\/wp\/v2\/types\/product"}],"version-history":[{"count":1,"href":"https:\/\/universoeletrico.com.br\/eletrico\/wp-json\/wp\/v2\/product\/2889\/revisions"}],"predecessor-version":[{"id":2891,"href":"https:\/\/universoeletrico.com.br\/eletrico\/wp-json\/wp\/v2\/product\/2889\/revisions\/2891"}],"wp:featuredmedia":[{"embeddable":true,"href":"https:\/\/universoeletrico.com.br\/eletrico\/wp-json\/wp\/v2\/media\/2890"}],"wp:attachment":[{"href":"https:\/\/universoeletrico.com.br\/eletrico\/wp-json\/wp\/v2\/media?parent=2889"}],"wp:term":[{"taxonomy":"product_brand","embeddable":true,"href":"https:\/\/universoeletrico.com.br\/eletrico\/wp-json\/wp\/v2\/product_brand?post=2889"},{"taxonomy":"product_cat","embeddable":true,"href":"https:\/\/universoeletrico.com.br\/eletrico\/wp-json\/wp\/v2\/product_cat?post=2889"},{"taxonomy":"product_tag","embeddable":true,"href":"https:\/\/universoeletrico.com.br\/eletrico\/wp-json\/wp\/v2\/product_tag?post=2889"}],"curies":[{"name":"wp","href":"https:\/\/api.w.org\/{rel}","templated":true}]}}