{"id":2886,"date":"2026-01-08T14:43:25","date_gmt":"2026-01-08T17:43:25","guid":{"rendered":"https:\/\/universoeletrico.com.br\/eletrico\/?post_type=product&#038;p=2886"},"modified":"2026-01-08T14:43:26","modified_gmt":"2026-01-08T17:43:26","slug":"vergalhao-galvanizado-com-rosca-3mts","status":"publish","type":"product","link":"https:\/\/universoeletrico.com.br\/eletrico\/produto\/vergalhao-galvanizado-com-rosca-3mts\/","title":{"rendered":"VERGALH\u00c3O GALVANIZADO COM ROSCA 3MTS"},"content":{"rendered":"<p>Vergalh\u00e3o ou Barra Rosqueada galvanizada com 3 metros de comprimento com rosca total, amplamente utilizado para fixa\u00e7\u00e3o e sustenta\u00e7\u00e3o em estruturas.<\/p>\n<p>Segue abaixo outras op\u00e7\u00f5es de di\u00e2metro:<\/p>\n<p>cod: 79333 VERGALHAO GALV. C\/ROSCA DIAM. 3\/8 X3MT<\/p>\n<p>cod: 79097 VERGALHAO GALV. C\/ROSCA DIAM. 5\/16 X3MT<\/p>\n<p>Para Pre\u00e7os, Or\u00e7amentos e D\u00favidas, fale com nossos especialistas.<\/p>\n","protected":false},"excerpt":{"rendered":"<p>Vergalh\u00e3o ou Barra Rosqueada galvanizada com 3 metros de comprimento com rosca total, amplamente utilizado para fixa\u00e7\u00e3o e sustenta\u00e7\u00e3o em estruturas. Segue abaixo outras op\u00e7\u00f5es de di\u00e2metro: cod: 79333 VERGALHAO GALV. C\/ROSCA DIAM. 3\/8 X3MT cod: 79097 VERGALHAO GALV. C\/ROSCA DIAM. 5\/16 X3MT Para Pre\u00e7os, Or\u00e7amentos e D\u00favidas, fale com nossos especialistas.<\/p>\n","protected":false},"featured_media":2887,"template":"","meta":[],"product_brand":[],"product_cat":[50,18],"product_tag":[124,158,159,133],"class_list":{"0":"post-2886","1":"product","2":"type-product","3":"status-publish","4":"has-post-thumbnail","6":"product_cat-eletrocalhas-e-perfilados","7":"product_cat-material-eletrico","8":"product_tag-3mts","9":"product_tag-barra-rosqueada","10":"product_tag-galvanizada","11":"product_tag-material-eletrico","13":"first","14":"instock","15":"shipping-taxable","16":"product-type-simple"},"yoast_head":"<!-- This site is optimized with the Yoast SEO Premium plugin v26.1.1 (Yoast SEO v26.1.1) - https:\/\/yoast.com\/wordpress\/plugins\/seo\/ -->\n<title>VERGALH\u00c3O GALVANIZADO COM ROSCA 3MTS - Universo El\u00e9trico<\/title>\n<meta name=\"robots\" content=\"index, follow, max-snippet:-1, max-image-preview:large, max-video-preview:-1\" \/>\n<link rel=\"canonical\" href=\"https:\/\/universoeletrico.com.br\/eletrico\/produto\/vergalhao-galvanizado-com-rosca-3mts\/\" \/>\n<meta property=\"og:locale\" content=\"pt_BR\" \/>\n<meta property=\"og:type\" content=\"article\" \/>\n<meta property=\"og:title\" content=\"VERGALH\u00c3O GALVANIZADO COM ROSCA 3MTS\" \/>\n<meta property=\"og:description\" content=\"Vergalh\u00e3o ou Barra Rosqueada galvanizada com 3 metros de comprimento com rosca total, amplamente utilizado para fixa\u00e7\u00e3o e sustenta\u00e7\u00e3o em estruturas. Segue abaixo outras op\u00e7\u00f5es de di\u00e2metro: cod: 79333 VERGALHAO GALV. C\/ROSCA DIAM. 3\/8 X3MT cod: 79097 VERGALHAO GALV. C\/ROSCA DIAM. 5\/16 X3MT Para Pre\u00e7os, Or\u00e7amentos e D\u00favidas, fale com nossos especialistas.\" \/>\n<meta property=\"og:url\" content=\"https:\/\/universoeletrico.com.br\/eletrico\/produto\/vergalhao-galvanizado-com-rosca-3mts\/\" \/>\n<meta property=\"og:site_name\" content=\"Universo El\u00e9trico\" \/>\n<meta property=\"article:modified_time\" content=\"2026-01-08T17:43:26+00:00\" \/>\n<meta property=\"og:image\" content=\"https:\/\/universoeletrico.com.br\/eletrico\/wp-content\/uploads\/2026\/01\/vergalhao-barra-roscada-3-8-x-3mts_1_1000.webp\" \/>\n\t<meta property=\"og:image:width\" content=\"1000\" \/>\n\t<meta property=\"og:image:height\" content=\"1000\" \/>\n\t<meta property=\"og:image:type\" content=\"image\/webp\" \/>\n<meta name=\"twitter:card\" content=\"summary_large_image\" \/>\n<meta name=\"twitter:label1\" content=\"Est. tempo de leitura\" \/>\n\t<meta name=\"twitter:data1\" content=\"1 minuto\" \/>\n<script type=\"application\/ld+json\" class=\"yoast-schema-graph\">{\"@context\":\"https:\/\/schema.org\",\"@graph\":[{\"@type\":\"WebPage\",\"@id\":\"https:\/\/universoeletrico.com.br\/eletrico\/produto\/vergalhao-galvanizado-com-rosca-3mts\/\",\"url\":\"https:\/\/universoeletrico.com.br\/eletrico\/produto\/vergalhao-galvanizado-com-rosca-3mts\/\",\"name\":\"VERGALH\u00c3O GALVANIZADO COM ROSCA 3MTS - Universo El\u00e9trico\",\"isPartOf\":{\"@id\":\"https:\/\/universoeletrico.com.br\/eletrico\/#website\"},\"primaryImageOfPage\":{\"@id\":\"https:\/\/universoeletrico.com.br\/eletrico\/produto\/vergalhao-galvanizado-com-rosca-3mts\/#primaryimage\"},\"image\":{\"@id\":\"https:\/\/universoeletrico.com.br\/eletrico\/produto\/vergalhao-galvanizado-com-rosca-3mts\/#primaryimage\"},\"thumbnailUrl\":\"https:\/\/universoeletrico.com.br\/eletrico\/wp-content\/uploads\/2026\/01\/vergalhao-barra-roscada-3-8-x-3mts_1_1000.webp\",\"datePublished\":\"2026-01-08T17:43:25+00:00\",\"dateModified\":\"2026-01-08T17:43:26+00:00\",\"breadcrumb\":{\"@id\":\"https:\/\/universoeletrico.com.br\/eletrico\/produto\/vergalhao-galvanizado-com-rosca-3mts\/#breadcrumb\"},\"inLanguage\":\"pt-BR\",\"potentialAction\":[{\"@type\":\"ReadAction\",\"target\":[\"https:\/\/universoeletrico.com.br\/eletrico\/produto\/vergalhao-galvanizado-com-rosca-3mts\/\"]}]},{\"@type\":\"ImageObject\",\"inLanguage\":\"pt-BR\",\"@id\":\"https:\/\/universoeletrico.com.br\/eletrico\/produto\/vergalhao-galvanizado-com-rosca-3mts\/#primaryimage\",\"url\":\"https:\/\/universoeletrico.com.br\/eletrico\/wp-content\/uploads\/2026\/01\/vergalhao-barra-roscada-3-8-x-3mts_1_1000.webp\",\"contentUrl\":\"https:\/\/universoeletrico.com.br\/eletrico\/wp-content\/uploads\/2026\/01\/vergalhao-barra-roscada-3-8-x-3mts_1_1000.webp\",\"width\":1000,\"height\":1000},{\"@type\":\"BreadcrumbList\",\"@id\":\"https:\/\/universoeletrico.com.br\/eletrico\/produto\/vergalhao-galvanizado-com-rosca-3mts\/#breadcrumb\",\"itemListElement\":[{\"@type\":\"ListItem\",\"position\":1,\"name\":\"In\u00edcio\",\"item\":\"https:\/\/universoeletrico.com.br\/eletrico\/\"},{\"@type\":\"ListItem\",\"position\":2,\"name\":\"Produtos\",\"item\":\"https:\/\/universoeletrico.com.br\/eletrico\/produtos\/\"},{\"@type\":\"ListItem\",\"position\":3,\"name\":\"VERGALH\u00c3O GALVANIZADO COM ROSCA 3MTS\"}]},{\"@type\":\"WebSite\",\"@id\":\"https:\/\/universoeletrico.com.br\/eletrico\/#website\",\"url\":\"https:\/\/universoeletrico.com.br\/eletrico\/\",\"name\":\"Universo El\u00e9trico\",\"description\":\"\",\"potentialAction\":[{\"@type\":\"SearchAction\",\"target\":{\"@type\":\"EntryPoint\",\"urlTemplate\":\"https:\/\/universoeletrico.com.br\/eletrico\/?s={search_term_string}\"},\"query-input\":{\"@type\":\"PropertyValueSpecification\",\"valueRequired\":true,\"valueName\":\"search_term_string\"}}],\"inLanguage\":\"pt-BR\"}]}<\/script>\n<!-- \/ Yoast SEO Premium plugin. -->","yoast_head_json":{"title":"VERGALH\u00c3O GALVANIZADO COM ROSCA 3MTS - Universo El\u00e9trico","robots":{"index":"index","follow":"follow","max-snippet":"max-snippet:-1","max-image-preview":"max-image-preview:large","max-video-preview":"max-video-preview:-1"},"canonical":"https:\/\/universoeletrico.com.br\/eletrico\/produto\/vergalhao-galvanizado-com-rosca-3mts\/","og_locale":"pt_BR","og_type":"article","og_title":"VERGALH\u00c3O GALVANIZADO COM ROSCA 3MTS","og_description":"Vergalh\u00e3o ou Barra Rosqueada galvanizada com 3 metros de comprimento com rosca total, amplamente utilizado para fixa\u00e7\u00e3o e sustenta\u00e7\u00e3o em estruturas. Segue abaixo outras op\u00e7\u00f5es de di\u00e2metro: cod: 79333 VERGALHAO GALV. C\/ROSCA DIAM. 3\/8 X3MT cod: 79097 VERGALHAO GALV. C\/ROSCA DIAM. 5\/16 X3MT Para Pre\u00e7os, Or\u00e7amentos e D\u00favidas, fale com nossos especialistas.","og_url":"https:\/\/universoeletrico.com.br\/eletrico\/produto\/vergalhao-galvanizado-com-rosca-3mts\/","og_site_name":"Universo El\u00e9trico","article_modified_time":"2026-01-08T17:43:26+00:00","og_image":[{"width":1000,"height":1000,"url":"https:\/\/universoeletrico.com.br\/eletrico\/wp-content\/uploads\/2026\/01\/vergalhao-barra-roscada-3-8-x-3mts_1_1000.webp","type":"image\/webp"}],"twitter_card":"summary_large_image","twitter_misc":{"Est. tempo de leitura":"1 minuto"},"schema":{"@context":"https:\/\/schema.org","@graph":[{"@type":"WebPage","@id":"https:\/\/universoeletrico.com.br\/eletrico\/produto\/vergalhao-galvanizado-com-rosca-3mts\/","url":"https:\/\/universoeletrico.com.br\/eletrico\/produto\/vergalhao-galvanizado-com-rosca-3mts\/","name":"VERGALH\u00c3O GALVANIZADO COM ROSCA 3MTS - Universo El\u00e9trico","isPartOf":{"@id":"https:\/\/universoeletrico.com.br\/eletrico\/#website"},"primaryImageOfPage":{"@id":"https:\/\/universoeletrico.com.br\/eletrico\/produto\/vergalhao-galvanizado-com-rosca-3mts\/#primaryimage"},"image":{"@id":"https:\/\/universoeletrico.com.br\/eletrico\/produto\/vergalhao-galvanizado-com-rosca-3mts\/#primaryimage"},"thumbnailUrl":"https:\/\/universoeletrico.com.br\/eletrico\/wp-content\/uploads\/2026\/01\/vergalhao-barra-roscada-3-8-x-3mts_1_1000.webp","datePublished":"2026-01-08T17:43:25+00:00","dateModified":"2026-01-08T17:43:26+00:00","breadcrumb":{"@id":"https:\/\/universoeletrico.com.br\/eletrico\/produto\/vergalhao-galvanizado-com-rosca-3mts\/#breadcrumb"},"inLanguage":"pt-BR","potentialAction":[{"@type":"ReadAction","target":["https:\/\/universoeletrico.com.br\/eletrico\/produto\/vergalhao-galvanizado-com-rosca-3mts\/"]}]},{"@type":"ImageObject","inLanguage":"pt-BR","@id":"https:\/\/universoeletrico.com.br\/eletrico\/produto\/vergalhao-galvanizado-com-rosca-3mts\/#primaryimage","url":"https:\/\/universoeletrico.com.br\/eletrico\/wp-content\/uploads\/2026\/01\/vergalhao-barra-roscada-3-8-x-3mts_1_1000.webp","contentUrl":"https:\/\/universoeletrico.com.br\/eletrico\/wp-content\/uploads\/2026\/01\/vergalhao-barra-roscada-3-8-x-3mts_1_1000.webp","width":1000,"height":1000},{"@type":"BreadcrumbList","@id":"https:\/\/universoeletrico.com.br\/eletrico\/produto\/vergalhao-galvanizado-com-rosca-3mts\/#breadcrumb","itemListElement":[{"@type":"ListItem","position":1,"name":"In\u00edcio","item":"https:\/\/universoeletrico.com.br\/eletrico\/"},{"@type":"ListItem","position":2,"name":"Produtos","item":"https:\/\/universoeletrico.com.br\/eletrico\/produtos\/"},{"@type":"ListItem","position":3,"name":"VERGALH\u00c3O GALVANIZADO COM ROSCA 3MTS"}]},{"@type":"WebSite","@id":"https:\/\/universoeletrico.com.br\/eletrico\/#website","url":"https:\/\/universoeletrico.com.br\/eletrico\/","name":"Universo El\u00e9trico","description":"","potentialAction":[{"@type":"SearchAction","target":{"@type":"EntryPoint","urlTemplate":"https:\/\/universoeletrico.com.br\/eletrico\/?s={search_term_string}"},"query-input":{"@type":"PropertyValueSpecification","valueRequired":true,"valueName":"search_term_string"}}],"inLanguage":"pt-BR"}]}},"_links":{"self":[{"href":"https:\/\/universoeletrico.com.br\/eletrico\/wp-json\/wp\/v2\/product\/2886","targetHints":{"allow":["GET"]}}],"collection":[{"href":"https:\/\/universoeletrico.com.br\/eletrico\/wp-json\/wp\/v2\/product"}],"about":[{"href":"https:\/\/universoeletrico.com.br\/eletrico\/wp-json\/wp\/v2\/types\/product"}],"version-history":[{"count":1,"href":"https:\/\/universoeletrico.com.br\/eletrico\/wp-json\/wp\/v2\/product\/2886\/revisions"}],"predecessor-version":[{"id":2888,"href":"https:\/\/universoeletrico.com.br\/eletrico\/wp-json\/wp\/v2\/product\/2886\/revisions\/2888"}],"wp:featuredmedia":[{"embeddable":true,"href":"https:\/\/universoeletrico.com.br\/eletrico\/wp-json\/wp\/v2\/media\/2887"}],"wp:attachment":[{"href":"https:\/\/universoeletrico.com.br\/eletrico\/wp-json\/wp\/v2\/media?parent=2886"}],"wp:term":[{"taxonomy":"product_brand","embeddable":true,"href":"https:\/\/universoeletrico.com.br\/eletrico\/wp-json\/wp\/v2\/product_brand?post=2886"},{"taxonomy":"product_cat","embeddable":true,"href":"https:\/\/universoeletrico.com.br\/eletrico\/wp-json\/wp\/v2\/product_cat?post=2886"},{"taxonomy":"product_tag","embeddable":true,"href":"https:\/\/universoeletrico.com.br\/eletrico\/wp-json\/wp\/v2\/product_tag?post=2886"}],"curies":[{"name":"wp","href":"https:\/\/api.w.org\/{rel}","templated":true}]}}