{"id":2879,"date":"2026-01-08T11:51:29","date_gmt":"2026-01-08T14:51:29","guid":{"rendered":"https:\/\/universoeletrico.com.br\/eletrico\/?post_type=product&#038;p=2879"},"modified":"2026-02-25T12:18:20","modified_gmt":"2026-02-25T15:18:20","slug":"abracadeira-galvanizada-tipo-gota","status":"publish","type":"product","link":"https:\/\/universoeletrico.com.br\/eletrico\/produto\/abracadeira-galvanizada-tipo-gota\/","title":{"rendered":"ABRA\u00c7ADEIRA GALVANIZADA TIPO GOTA 3\/4&#8221;"},"content":{"rendered":"<p>Abra\u00e7adeiras galvanizada tipo gota s\u00e3o indicadas para a fixa\u00e7\u00e3o de equipamentos el\u00e9tricos e hidr\u00e1ulicos, muito comuns e utilizados em situa\u00e7\u00f5es de press\u00e3o, temos em nosso estoque nos tamanhos de 1\/2\u2033 at\u00e9 4\u201d Polegada, como tubula\u00e7\u00f5es que possuem subst\u00e2ncias com vapor. Esse tipo de produto possui alta durabilidade e resist\u00eancia, sem contar com os benef\u00edcios que traz durante toda a sustenta\u00e7\u00e3o.<\/p>\n<p>Segue abaixo outras op\u00e7\u00f5es de di\u00e2metro:<\/p>\n<p>cod: 7056 ABRACADEIRA GALVANIZADA TIPO GOTA 1\u2033<\/p>\n<p>cod: 7059 ABRACADEIRA GALVANIZADA TIPO GOTA 2\u2033<\/p>\n<p>cod: 7061 ABRACADEIRA GALVANIZADA TIPO GOTA 3\u2033<\/p>\n<p>Para Pre\u00e7os, Or\u00e7amentos e D\u00favidas, fale com nossos especialistas.<\/p>\n","protected":false},"excerpt":{"rendered":"<p>Abra\u00e7adeiras galvanizada tipo gota s\u00e3o indicadas para a fixa\u00e7\u00e3o de equipamentos el\u00e9tricos e hidr\u00e1ulicos, muito comuns e utilizados em situa\u00e7\u00f5es de press\u00e3o, temos em nosso estoque nos tamanhos de 1\/2\u2033 at\u00e9 4\u201d Polegada, como tubula\u00e7\u00f5es que possuem subst\u00e2ncias com vapor. Esse tipo de produto possui alta durabilidade e resist\u00eancia, sem contar com os benef\u00edcios que [&hellip;]<\/p>\n","protected":false},"featured_media":2880,"template":"","meta":[],"product_brand":[],"product_cat":[50,18],"product_tag":[126,157,133,150],"class_list":{"0":"post-2879","1":"product","2":"type-product","3":"status-publish","4":"has-post-thumbnail","6":"product_cat-eletrocalhas-e-perfilados","7":"product_cat-material-eletrico","8":"product_tag-galvanizado","9":"product_tag-gota","10":"product_tag-material-eletrico","11":"product_tag-suporte","13":"first","14":"instock","15":"shipping-taxable","16":"purchasable","17":"product-type-simple"},"yoast_head":"<!-- This site is optimized with the Yoast SEO Premium plugin v26.1.1 (Yoast SEO v26.1.1) - https:\/\/yoast.com\/wordpress\/plugins\/seo\/ -->\n<title>ABRA\u00c7ADEIRA GALVANIZADA TIPO GOTA 3\/4&#039;&#039; - Universo El\u00e9trico<\/title>\n<meta name=\"robots\" content=\"index, follow, max-snippet:-1, max-image-preview:large, max-video-preview:-1\" \/>\n<link rel=\"canonical\" href=\"https:\/\/universoeletrico.com.br\/eletrico\/produto\/abracadeira-galvanizada-tipo-gota\/\" \/>\n<meta property=\"og:locale\" content=\"pt_BR\" \/>\n<meta property=\"og:type\" content=\"article\" \/>\n<meta property=\"og:title\" content=\"ABRA\u00c7ADEIRA GALVANIZADA TIPO GOTA 3\/4&#039;&#039;\" \/>\n<meta property=\"og:description\" content=\"Abra\u00e7adeiras galvanizada tipo gota s\u00e3o indicadas para a fixa\u00e7\u00e3o de equipamentos el\u00e9tricos e hidr\u00e1ulicos, muito comuns e utilizados em situa\u00e7\u00f5es de press\u00e3o, temos em nosso estoque nos tamanhos de 1\/2\u2033 at\u00e9 4\u201d Polegada, como tubula\u00e7\u00f5es que possuem subst\u00e2ncias com vapor. Esse tipo de produto possui alta durabilidade e resist\u00eancia, sem contar com os benef\u00edcios que [&hellip;]\" \/>\n<meta property=\"og:url\" content=\"https:\/\/universoeletrico.com.br\/eletrico\/produto\/abracadeira-galvanizada-tipo-gota\/\" \/>\n<meta property=\"og:site_name\" content=\"Universo El\u00e9trico\" \/>\n<meta property=\"article:modified_time\" content=\"2026-02-25T15:18:20+00:00\" \/>\n<meta property=\"og:image\" content=\"https:\/\/universoeletrico.com.br\/eletrico\/wp-content\/uploads\/2026\/01\/abracadeira_tipo_gota_250mm_6819_1_39f4f143f815bd4a9fcd220e293aa5e8_20251218164132.webp\" \/>\n\t<meta property=\"og:image:width\" content=\"1200\" \/>\n\t<meta property=\"og:image:height\" content=\"1200\" \/>\n\t<meta property=\"og:image:type\" content=\"image\/webp\" \/>\n<meta name=\"twitter:card\" content=\"summary_large_image\" \/>\n<meta name=\"twitter:label1\" content=\"Est. tempo de leitura\" \/>\n\t<meta name=\"twitter:data1\" content=\"1 minuto\" \/>\n<script type=\"application\/ld+json\" class=\"yoast-schema-graph\">{\"@context\":\"https:\/\/schema.org\",\"@graph\":[{\"@type\":\"WebPage\",\"@id\":\"https:\/\/universoeletrico.com.br\/eletrico\/produto\/abracadeira-galvanizada-tipo-gota\/\",\"url\":\"https:\/\/universoeletrico.com.br\/eletrico\/produto\/abracadeira-galvanizada-tipo-gota\/\",\"name\":\"ABRA\u00c7ADEIRA GALVANIZADA TIPO GOTA 3\/4'' - Universo El\u00e9trico\",\"isPartOf\":{\"@id\":\"https:\/\/universoeletrico.com.br\/eletrico\/#website\"},\"primaryImageOfPage\":{\"@id\":\"https:\/\/universoeletrico.com.br\/eletrico\/produto\/abracadeira-galvanizada-tipo-gota\/#primaryimage\"},\"image\":{\"@id\":\"https:\/\/universoeletrico.com.br\/eletrico\/produto\/abracadeira-galvanizada-tipo-gota\/#primaryimage\"},\"thumbnailUrl\":\"https:\/\/universoeletrico.com.br\/eletrico\/wp-content\/uploads\/2026\/01\/abracadeira_tipo_gota_250mm_6819_1_39f4f143f815bd4a9fcd220e293aa5e8_20251218164132.webp\",\"datePublished\":\"2026-01-08T14:51:29+00:00\",\"dateModified\":\"2026-02-25T15:18:20+00:00\",\"breadcrumb\":{\"@id\":\"https:\/\/universoeletrico.com.br\/eletrico\/produto\/abracadeira-galvanizada-tipo-gota\/#breadcrumb\"},\"inLanguage\":\"pt-BR\",\"potentialAction\":[{\"@type\":\"ReadAction\",\"target\":[\"https:\/\/universoeletrico.com.br\/eletrico\/produto\/abracadeira-galvanizada-tipo-gota\/\"]}]},{\"@type\":\"ImageObject\",\"inLanguage\":\"pt-BR\",\"@id\":\"https:\/\/universoeletrico.com.br\/eletrico\/produto\/abracadeira-galvanizada-tipo-gota\/#primaryimage\",\"url\":\"https:\/\/universoeletrico.com.br\/eletrico\/wp-content\/uploads\/2026\/01\/abracadeira_tipo_gota_250mm_6819_1_39f4f143f815bd4a9fcd220e293aa5e8_20251218164132.webp\",\"contentUrl\":\"https:\/\/universoeletrico.com.br\/eletrico\/wp-content\/uploads\/2026\/01\/abracadeira_tipo_gota_250mm_6819_1_39f4f143f815bd4a9fcd220e293aa5e8_20251218164132.webp\",\"width\":1200,\"height\":1200},{\"@type\":\"BreadcrumbList\",\"@id\":\"https:\/\/universoeletrico.com.br\/eletrico\/produto\/abracadeira-galvanizada-tipo-gota\/#breadcrumb\",\"itemListElement\":[{\"@type\":\"ListItem\",\"position\":1,\"name\":\"In\u00edcio\",\"item\":\"https:\/\/universoeletrico.com.br\/eletrico\/\"},{\"@type\":\"ListItem\",\"position\":2,\"name\":\"Produtos\",\"item\":\"https:\/\/universoeletrico.com.br\/eletrico\/produtos\/\"},{\"@type\":\"ListItem\",\"position\":3,\"name\":\"ABRA\u00c7ADEIRA GALVANIZADA TIPO GOTA 3\/4&#8221;\"}]},{\"@type\":\"WebSite\",\"@id\":\"https:\/\/universoeletrico.com.br\/eletrico\/#website\",\"url\":\"https:\/\/universoeletrico.com.br\/eletrico\/\",\"name\":\"Universo El\u00e9trico\",\"description\":\"\",\"potentialAction\":[{\"@type\":\"SearchAction\",\"target\":{\"@type\":\"EntryPoint\",\"urlTemplate\":\"https:\/\/universoeletrico.com.br\/eletrico\/?s={search_term_string}\"},\"query-input\":{\"@type\":\"PropertyValueSpecification\",\"valueRequired\":true,\"valueName\":\"search_term_string\"}}],\"inLanguage\":\"pt-BR\"}]}<\/script>\n<!-- \/ Yoast SEO Premium plugin. -->","yoast_head_json":{"title":"ABRA\u00c7ADEIRA GALVANIZADA TIPO GOTA 3\/4'' - Universo El\u00e9trico","robots":{"index":"index","follow":"follow","max-snippet":"max-snippet:-1","max-image-preview":"max-image-preview:large","max-video-preview":"max-video-preview:-1"},"canonical":"https:\/\/universoeletrico.com.br\/eletrico\/produto\/abracadeira-galvanizada-tipo-gota\/","og_locale":"pt_BR","og_type":"article","og_title":"ABRA\u00c7ADEIRA GALVANIZADA TIPO GOTA 3\/4''","og_description":"Abra\u00e7adeiras galvanizada tipo gota s\u00e3o indicadas para a fixa\u00e7\u00e3o de equipamentos el\u00e9tricos e hidr\u00e1ulicos, muito comuns e utilizados em situa\u00e7\u00f5es de press\u00e3o, temos em nosso estoque nos tamanhos de 1\/2\u2033 at\u00e9 4\u201d Polegada, como tubula\u00e7\u00f5es que possuem subst\u00e2ncias com vapor. Esse tipo de produto possui alta durabilidade e resist\u00eancia, sem contar com os benef\u00edcios que [&hellip;]","og_url":"https:\/\/universoeletrico.com.br\/eletrico\/produto\/abracadeira-galvanizada-tipo-gota\/","og_site_name":"Universo El\u00e9trico","article_modified_time":"2026-02-25T15:18:20+00:00","og_image":[{"width":1200,"height":1200,"url":"https:\/\/universoeletrico.com.br\/eletrico\/wp-content\/uploads\/2026\/01\/abracadeira_tipo_gota_250mm_6819_1_39f4f143f815bd4a9fcd220e293aa5e8_20251218164132.webp","type":"image\/webp"}],"twitter_card":"summary_large_image","twitter_misc":{"Est. tempo de leitura":"1 minuto"},"schema":{"@context":"https:\/\/schema.org","@graph":[{"@type":"WebPage","@id":"https:\/\/universoeletrico.com.br\/eletrico\/produto\/abracadeira-galvanizada-tipo-gota\/","url":"https:\/\/universoeletrico.com.br\/eletrico\/produto\/abracadeira-galvanizada-tipo-gota\/","name":"ABRA\u00c7ADEIRA GALVANIZADA TIPO GOTA 3\/4'' - Universo El\u00e9trico","isPartOf":{"@id":"https:\/\/universoeletrico.com.br\/eletrico\/#website"},"primaryImageOfPage":{"@id":"https:\/\/universoeletrico.com.br\/eletrico\/produto\/abracadeira-galvanizada-tipo-gota\/#primaryimage"},"image":{"@id":"https:\/\/universoeletrico.com.br\/eletrico\/produto\/abracadeira-galvanizada-tipo-gota\/#primaryimage"},"thumbnailUrl":"https:\/\/universoeletrico.com.br\/eletrico\/wp-content\/uploads\/2026\/01\/abracadeira_tipo_gota_250mm_6819_1_39f4f143f815bd4a9fcd220e293aa5e8_20251218164132.webp","datePublished":"2026-01-08T14:51:29+00:00","dateModified":"2026-02-25T15:18:20+00:00","breadcrumb":{"@id":"https:\/\/universoeletrico.com.br\/eletrico\/produto\/abracadeira-galvanizada-tipo-gota\/#breadcrumb"},"inLanguage":"pt-BR","potentialAction":[{"@type":"ReadAction","target":["https:\/\/universoeletrico.com.br\/eletrico\/produto\/abracadeira-galvanizada-tipo-gota\/"]}]},{"@type":"ImageObject","inLanguage":"pt-BR","@id":"https:\/\/universoeletrico.com.br\/eletrico\/produto\/abracadeira-galvanizada-tipo-gota\/#primaryimage","url":"https:\/\/universoeletrico.com.br\/eletrico\/wp-content\/uploads\/2026\/01\/abracadeira_tipo_gota_250mm_6819_1_39f4f143f815bd4a9fcd220e293aa5e8_20251218164132.webp","contentUrl":"https:\/\/universoeletrico.com.br\/eletrico\/wp-content\/uploads\/2026\/01\/abracadeira_tipo_gota_250mm_6819_1_39f4f143f815bd4a9fcd220e293aa5e8_20251218164132.webp","width":1200,"height":1200},{"@type":"BreadcrumbList","@id":"https:\/\/universoeletrico.com.br\/eletrico\/produto\/abracadeira-galvanizada-tipo-gota\/#breadcrumb","itemListElement":[{"@type":"ListItem","position":1,"name":"In\u00edcio","item":"https:\/\/universoeletrico.com.br\/eletrico\/"},{"@type":"ListItem","position":2,"name":"Produtos","item":"https:\/\/universoeletrico.com.br\/eletrico\/produtos\/"},{"@type":"ListItem","position":3,"name":"ABRA\u00c7ADEIRA GALVANIZADA TIPO GOTA 3\/4&#8221;"}]},{"@type":"WebSite","@id":"https:\/\/universoeletrico.com.br\/eletrico\/#website","url":"https:\/\/universoeletrico.com.br\/eletrico\/","name":"Universo El\u00e9trico","description":"","potentialAction":[{"@type":"SearchAction","target":{"@type":"EntryPoint","urlTemplate":"https:\/\/universoeletrico.com.br\/eletrico\/?s={search_term_string}"},"query-input":{"@type":"PropertyValueSpecification","valueRequired":true,"valueName":"search_term_string"}}],"inLanguage":"pt-BR"}]}},"_links":{"self":[{"href":"https:\/\/universoeletrico.com.br\/eletrico\/wp-json\/wp\/v2\/product\/2879","targetHints":{"allow":["GET"]}}],"collection":[{"href":"https:\/\/universoeletrico.com.br\/eletrico\/wp-json\/wp\/v2\/product"}],"about":[{"href":"https:\/\/universoeletrico.com.br\/eletrico\/wp-json\/wp\/v2\/types\/product"}],"version-history":[{"count":4,"href":"https:\/\/universoeletrico.com.br\/eletrico\/wp-json\/wp\/v2\/product\/2879\/revisions"}],"predecessor-version":[{"id":3350,"href":"https:\/\/universoeletrico.com.br\/eletrico\/wp-json\/wp\/v2\/product\/2879\/revisions\/3350"}],"wp:featuredmedia":[{"embeddable":true,"href":"https:\/\/universoeletrico.com.br\/eletrico\/wp-json\/wp\/v2\/media\/2880"}],"wp:attachment":[{"href":"https:\/\/universoeletrico.com.br\/eletrico\/wp-json\/wp\/v2\/media?parent=2879"}],"wp:term":[{"taxonomy":"product_brand","embeddable":true,"href":"https:\/\/universoeletrico.com.br\/eletrico\/wp-json\/wp\/v2\/product_brand?post=2879"},{"taxonomy":"product_cat","embeddable":true,"href":"https:\/\/universoeletrico.com.br\/eletrico\/wp-json\/wp\/v2\/product_cat?post=2879"},{"taxonomy":"product_tag","embeddable":true,"href":"https:\/\/universoeletrico.com.br\/eletrico\/wp-json\/wp\/v2\/product_tag?post=2879"}],"curies":[{"name":"wp","href":"https:\/\/api.w.org\/{rel}","templated":true}]}}