{"id":2872,"date":"2026-01-08T11:08:54","date_gmt":"2026-01-08T14:08:54","guid":{"rendered":"https:\/\/universoeletrico.com.br\/eletrico\/?post_type=product&#038;p=2872"},"modified":"2026-02-25T12:23:20","modified_gmt":"2026-02-25T15:23:20","slug":"abracadeira-grampo-u-vergalhao","status":"publish","type":"product","link":"https:\/\/universoeletrico.com.br\/eletrico\/produto\/abracadeira-grampo-u-vergalhao\/","title":{"rendered":"ABRA\u00c7ADEIRA GRAMPO U VERGALH\u00c3O 3\/4 X 1\/4&#8243; GE"},"content":{"rendered":"<p>Abra\u00e7adeira grampo U vergalh\u00e3o para fixa\u00e7\u00e3o de tubos em instala\u00e7\u00f5es el\u00e9tricas, hidr\u00e1ulicas e de vapor, em nosso estoque nos tamanhos de 1\/2 X 1\/4\u2033 at\u00e9 4 X 3\/8\u201d Polegada, incluso no \u201dkit\u201d abra\u00e7adeira, arruela e porca produzida em a\u00e7o carbono com acabamento zincado de grande resist\u00eancia \u00e0 oxida\u00e7\u00f5es.<\/p>\n<p>Segue abaixo outras op\u00e7\u00f5es de di\u00e2metro:<\/p>\n<p>cod: 7003 ABRACADEIRA\/GRAMPO U VERG. 1 X 1\/4&#8243; GE<\/p>\n<p>cod: 7006 ABRACADEIRA\/GRAMPO U VERG. 2 X 1\/4&#8243; GE<\/p>\n<p>cod: 7008 ABRACADEIRA\/GRAMPO U VERG. 3 X 3\/8&#8243; GE<\/p>\n<p>Para Pre\u00e7os, Or\u00e7amentos e D\u00favidas, fale com nossos especialistas.<\/p>\n","protected":false},"excerpt":{"rendered":"<p>Abra\u00e7adeira grampo U vergalh\u00e3o para fixa\u00e7\u00e3o de tubos em instala\u00e7\u00f5es el\u00e9tricas, hidr\u00e1ulicas e de vapor, em nosso estoque nos tamanhos de 1\/2 X 1\/4\u2033 at\u00e9 4 X 3\/8\u201d Polegada, incluso no \u201dkit\u201d abra\u00e7adeira, arruela e porca produzida em a\u00e7o carbono com acabamento zincado de grande resist\u00eancia \u00e0 oxida\u00e7\u00f5es. Segue abaixo outras op\u00e7\u00f5es de di\u00e2metro: cod: [&hellip;]<\/p>\n","protected":false},"featured_media":2874,"template":"","meta":[],"product_brand":[],"product_cat":[50,18],"product_tag":[155,152,153,133,151,150,154],"class_list":{"0":"post-2872","1":"product","2":"type-product","3":"status-publish","4":"has-post-thumbnail","6":"product_cat-eletrocalhas-e-perfilados","7":"product_cat-material-eletrico","8":"product_tag-aco","9":"product_tag-arruela","10":"product_tag-grampo-u","11":"product_tag-material-eletrico","12":"product_tag-porca","13":"product_tag-suporte","14":"product_tag-vergalhao","16":"first","17":"instock","18":"shipping-taxable","19":"purchasable","20":"product-type-simple"},"yoast_head":"<!-- This site is optimized with the Yoast SEO Premium plugin v26.1.1 (Yoast SEO v26.1.1) - https:\/\/yoast.com\/wordpress\/plugins\/seo\/ -->\n<title>ABRA\u00c7ADEIRA GRAMPO U VERGALH\u00c3O 3\/4 X 1\/4&quot; GE - Universo El\u00e9trico<\/title>\n<meta name=\"robots\" content=\"index, follow, max-snippet:-1, max-image-preview:large, max-video-preview:-1\" \/>\n<link rel=\"canonical\" href=\"https:\/\/universoeletrico.com.br\/eletrico\/produto\/abracadeira-grampo-u-vergalhao\/\" \/>\n<meta property=\"og:locale\" content=\"pt_BR\" \/>\n<meta property=\"og:type\" content=\"article\" \/>\n<meta property=\"og:title\" content=\"ABRA\u00c7ADEIRA GRAMPO U VERGALH\u00c3O 3\/4 X 1\/4&quot; GE\" \/>\n<meta property=\"og:description\" content=\"Abra\u00e7adeira grampo U vergalh\u00e3o para fixa\u00e7\u00e3o de tubos em instala\u00e7\u00f5es el\u00e9tricas, hidr\u00e1ulicas e de vapor, em nosso estoque nos tamanhos de 1\/2 X 1\/4\u2033 at\u00e9 4 X 3\/8\u201d Polegada, incluso no \u201dkit\u201d abra\u00e7adeira, arruela e porca produzida em a\u00e7o carbono com acabamento zincado de grande resist\u00eancia \u00e0 oxida\u00e7\u00f5es. Segue abaixo outras op\u00e7\u00f5es de di\u00e2metro: cod: [&hellip;]\" \/>\n<meta property=\"og:url\" content=\"https:\/\/universoeletrico.com.br\/eletrico\/produto\/abracadeira-grampo-u-vergalhao\/\" \/>\n<meta property=\"og:site_name\" content=\"Universo El\u00e9trico\" \/>\n<meta property=\"article:modified_time\" content=\"2026-02-25T15:23:20+00:00\" \/>\n<meta property=\"og:image\" content=\"https:\/\/universoeletrico.com.br\/eletrico\/wp-content\/uploads\/2026\/01\/abracadeira-tipo-u-vergalhao-3-embalagem-com-10-pecas-7491073-1677872431970.webp\" \/>\n\t<meta property=\"og:image:width\" content=\"900\" \/>\n\t<meta property=\"og:image:height\" content=\"900\" \/>\n\t<meta property=\"og:image:type\" content=\"image\/webp\" \/>\n<meta name=\"twitter:card\" content=\"summary_large_image\" \/>\n<meta name=\"twitter:label1\" content=\"Est. tempo de leitura\" \/>\n\t<meta name=\"twitter:data1\" content=\"1 minuto\" \/>\n<script type=\"application\/ld+json\" class=\"yoast-schema-graph\">{\"@context\":\"https:\/\/schema.org\",\"@graph\":[{\"@type\":\"WebPage\",\"@id\":\"https:\/\/universoeletrico.com.br\/eletrico\/produto\/abracadeira-grampo-u-vergalhao\/\",\"url\":\"https:\/\/universoeletrico.com.br\/eletrico\/produto\/abracadeira-grampo-u-vergalhao\/\",\"name\":\"ABRA\u00c7ADEIRA GRAMPO U VERGALH\u00c3O 3\/4 X 1\/4\\\" GE - Universo El\u00e9trico\",\"isPartOf\":{\"@id\":\"https:\/\/universoeletrico.com.br\/eletrico\/#website\"},\"primaryImageOfPage\":{\"@id\":\"https:\/\/universoeletrico.com.br\/eletrico\/produto\/abracadeira-grampo-u-vergalhao\/#primaryimage\"},\"image\":{\"@id\":\"https:\/\/universoeletrico.com.br\/eletrico\/produto\/abracadeira-grampo-u-vergalhao\/#primaryimage\"},\"thumbnailUrl\":\"https:\/\/universoeletrico.com.br\/eletrico\/wp-content\/uploads\/2026\/01\/abracadeira-tipo-u-vergalhao-3-embalagem-com-10-pecas-7491073-1677872431970.webp\",\"datePublished\":\"2026-01-08T14:08:54+00:00\",\"dateModified\":\"2026-02-25T15:23:20+00:00\",\"breadcrumb\":{\"@id\":\"https:\/\/universoeletrico.com.br\/eletrico\/produto\/abracadeira-grampo-u-vergalhao\/#breadcrumb\"},\"inLanguage\":\"pt-BR\",\"potentialAction\":[{\"@type\":\"ReadAction\",\"target\":[\"https:\/\/universoeletrico.com.br\/eletrico\/produto\/abracadeira-grampo-u-vergalhao\/\"]}]},{\"@type\":\"ImageObject\",\"inLanguage\":\"pt-BR\",\"@id\":\"https:\/\/universoeletrico.com.br\/eletrico\/produto\/abracadeira-grampo-u-vergalhao\/#primaryimage\",\"url\":\"https:\/\/universoeletrico.com.br\/eletrico\/wp-content\/uploads\/2026\/01\/abracadeira-tipo-u-vergalhao-3-embalagem-com-10-pecas-7491073-1677872431970.webp\",\"contentUrl\":\"https:\/\/universoeletrico.com.br\/eletrico\/wp-content\/uploads\/2026\/01\/abracadeira-tipo-u-vergalhao-3-embalagem-com-10-pecas-7491073-1677872431970.webp\",\"width\":900,\"height\":900},{\"@type\":\"BreadcrumbList\",\"@id\":\"https:\/\/universoeletrico.com.br\/eletrico\/produto\/abracadeira-grampo-u-vergalhao\/#breadcrumb\",\"itemListElement\":[{\"@type\":\"ListItem\",\"position\":1,\"name\":\"In\u00edcio\",\"item\":\"https:\/\/universoeletrico.com.br\/eletrico\/\"},{\"@type\":\"ListItem\",\"position\":2,\"name\":\"Produtos\",\"item\":\"https:\/\/universoeletrico.com.br\/eletrico\/produtos\/\"},{\"@type\":\"ListItem\",\"position\":3,\"name\":\"ABRA\u00c7ADEIRA GRAMPO U VERGALH\u00c3O 3\/4 X 1\/4&#8243; GE\"}]},{\"@type\":\"WebSite\",\"@id\":\"https:\/\/universoeletrico.com.br\/eletrico\/#website\",\"url\":\"https:\/\/universoeletrico.com.br\/eletrico\/\",\"name\":\"Universo El\u00e9trico\",\"description\":\"\",\"potentialAction\":[{\"@type\":\"SearchAction\",\"target\":{\"@type\":\"EntryPoint\",\"urlTemplate\":\"https:\/\/universoeletrico.com.br\/eletrico\/?s={search_term_string}\"},\"query-input\":{\"@type\":\"PropertyValueSpecification\",\"valueRequired\":true,\"valueName\":\"search_term_string\"}}],\"inLanguage\":\"pt-BR\"}]}<\/script>\n<!-- \/ Yoast SEO Premium plugin. -->","yoast_head_json":{"title":"ABRA\u00c7ADEIRA GRAMPO U VERGALH\u00c3O 3\/4 X 1\/4\" GE - Universo El\u00e9trico","robots":{"index":"index","follow":"follow","max-snippet":"max-snippet:-1","max-image-preview":"max-image-preview:large","max-video-preview":"max-video-preview:-1"},"canonical":"https:\/\/universoeletrico.com.br\/eletrico\/produto\/abracadeira-grampo-u-vergalhao\/","og_locale":"pt_BR","og_type":"article","og_title":"ABRA\u00c7ADEIRA GRAMPO U VERGALH\u00c3O 3\/4 X 1\/4\" GE","og_description":"Abra\u00e7adeira grampo U vergalh\u00e3o para fixa\u00e7\u00e3o de tubos em instala\u00e7\u00f5es el\u00e9tricas, hidr\u00e1ulicas e de vapor, em nosso estoque nos tamanhos de 1\/2 X 1\/4\u2033 at\u00e9 4 X 3\/8\u201d Polegada, incluso no \u201dkit\u201d abra\u00e7adeira, arruela e porca produzida em a\u00e7o carbono com acabamento zincado de grande resist\u00eancia \u00e0 oxida\u00e7\u00f5es. Segue abaixo outras op\u00e7\u00f5es de di\u00e2metro: cod: [&hellip;]","og_url":"https:\/\/universoeletrico.com.br\/eletrico\/produto\/abracadeira-grampo-u-vergalhao\/","og_site_name":"Universo El\u00e9trico","article_modified_time":"2026-02-25T15:23:20+00:00","og_image":[{"width":900,"height":900,"url":"https:\/\/universoeletrico.com.br\/eletrico\/wp-content\/uploads\/2026\/01\/abracadeira-tipo-u-vergalhao-3-embalagem-com-10-pecas-7491073-1677872431970.webp","type":"image\/webp"}],"twitter_card":"summary_large_image","twitter_misc":{"Est. tempo de leitura":"1 minuto"},"schema":{"@context":"https:\/\/schema.org","@graph":[{"@type":"WebPage","@id":"https:\/\/universoeletrico.com.br\/eletrico\/produto\/abracadeira-grampo-u-vergalhao\/","url":"https:\/\/universoeletrico.com.br\/eletrico\/produto\/abracadeira-grampo-u-vergalhao\/","name":"ABRA\u00c7ADEIRA GRAMPO U VERGALH\u00c3O 3\/4 X 1\/4\" GE - Universo El\u00e9trico","isPartOf":{"@id":"https:\/\/universoeletrico.com.br\/eletrico\/#website"},"primaryImageOfPage":{"@id":"https:\/\/universoeletrico.com.br\/eletrico\/produto\/abracadeira-grampo-u-vergalhao\/#primaryimage"},"image":{"@id":"https:\/\/universoeletrico.com.br\/eletrico\/produto\/abracadeira-grampo-u-vergalhao\/#primaryimage"},"thumbnailUrl":"https:\/\/universoeletrico.com.br\/eletrico\/wp-content\/uploads\/2026\/01\/abracadeira-tipo-u-vergalhao-3-embalagem-com-10-pecas-7491073-1677872431970.webp","datePublished":"2026-01-08T14:08:54+00:00","dateModified":"2026-02-25T15:23:20+00:00","breadcrumb":{"@id":"https:\/\/universoeletrico.com.br\/eletrico\/produto\/abracadeira-grampo-u-vergalhao\/#breadcrumb"},"inLanguage":"pt-BR","potentialAction":[{"@type":"ReadAction","target":["https:\/\/universoeletrico.com.br\/eletrico\/produto\/abracadeira-grampo-u-vergalhao\/"]}]},{"@type":"ImageObject","inLanguage":"pt-BR","@id":"https:\/\/universoeletrico.com.br\/eletrico\/produto\/abracadeira-grampo-u-vergalhao\/#primaryimage","url":"https:\/\/universoeletrico.com.br\/eletrico\/wp-content\/uploads\/2026\/01\/abracadeira-tipo-u-vergalhao-3-embalagem-com-10-pecas-7491073-1677872431970.webp","contentUrl":"https:\/\/universoeletrico.com.br\/eletrico\/wp-content\/uploads\/2026\/01\/abracadeira-tipo-u-vergalhao-3-embalagem-com-10-pecas-7491073-1677872431970.webp","width":900,"height":900},{"@type":"BreadcrumbList","@id":"https:\/\/universoeletrico.com.br\/eletrico\/produto\/abracadeira-grampo-u-vergalhao\/#breadcrumb","itemListElement":[{"@type":"ListItem","position":1,"name":"In\u00edcio","item":"https:\/\/universoeletrico.com.br\/eletrico\/"},{"@type":"ListItem","position":2,"name":"Produtos","item":"https:\/\/universoeletrico.com.br\/eletrico\/produtos\/"},{"@type":"ListItem","position":3,"name":"ABRA\u00c7ADEIRA GRAMPO U VERGALH\u00c3O 3\/4 X 1\/4&#8243; GE"}]},{"@type":"WebSite","@id":"https:\/\/universoeletrico.com.br\/eletrico\/#website","url":"https:\/\/universoeletrico.com.br\/eletrico\/","name":"Universo El\u00e9trico","description":"","potentialAction":[{"@type":"SearchAction","target":{"@type":"EntryPoint","urlTemplate":"https:\/\/universoeletrico.com.br\/eletrico\/?s={search_term_string}"},"query-input":{"@type":"PropertyValueSpecification","valueRequired":true,"valueName":"search_term_string"}}],"inLanguage":"pt-BR"}]}},"_links":{"self":[{"href":"https:\/\/universoeletrico.com.br\/eletrico\/wp-json\/wp\/v2\/product\/2872","targetHints":{"allow":["GET"]}}],"collection":[{"href":"https:\/\/universoeletrico.com.br\/eletrico\/wp-json\/wp\/v2\/product"}],"about":[{"href":"https:\/\/universoeletrico.com.br\/eletrico\/wp-json\/wp\/v2\/types\/product"}],"version-history":[{"count":3,"href":"https:\/\/universoeletrico.com.br\/eletrico\/wp-json\/wp\/v2\/product\/2872\/revisions"}],"predecessor-version":[{"id":3352,"href":"https:\/\/universoeletrico.com.br\/eletrico\/wp-json\/wp\/v2\/product\/2872\/revisions\/3352"}],"wp:featuredmedia":[{"embeddable":true,"href":"https:\/\/universoeletrico.com.br\/eletrico\/wp-json\/wp\/v2\/media\/2874"}],"wp:attachment":[{"href":"https:\/\/universoeletrico.com.br\/eletrico\/wp-json\/wp\/v2\/media?parent=2872"}],"wp:term":[{"taxonomy":"product_brand","embeddable":true,"href":"https:\/\/universoeletrico.com.br\/eletrico\/wp-json\/wp\/v2\/product_brand?post=2872"},{"taxonomy":"product_cat","embeddable":true,"href":"https:\/\/universoeletrico.com.br\/eletrico\/wp-json\/wp\/v2\/product_cat?post=2872"},{"taxonomy":"product_tag","embeddable":true,"href":"https:\/\/universoeletrico.com.br\/eletrico\/wp-json\/wp\/v2\/product_tag?post=2872"}],"curies":[{"name":"wp","href":"https:\/\/api.w.org\/{rel}","templated":true}]}}