{"id":2868,"date":"2026-01-08T10:32:16","date_gmt":"2026-01-08T13:32:16","guid":{"rendered":"https:\/\/universoeletrico.com.br\/eletrico\/?post_type=product&#038;p=2868"},"modified":"2026-02-25T12:31:38","modified_gmt":"2026-02-25T15:31:38","slug":"abracadeira-tipo-d-com-parafuso","status":"publish","type":"product","link":"https:\/\/universoeletrico.com.br\/eletrico\/produto\/abracadeira-tipo-d-com-parafuso\/","title":{"rendered":"ABRA\u00c7ADEIRA TIPO D COM PARAFUSO 3\/4\u201d"},"content":{"rendered":"<p>Abra\u00e7adeira tipo D com parafuso em a\u00e7o carbono com acabamento zincado, em nosso estoque nos tamanhos de 1\/2\u2033 at\u00e9 4\u201d Polegada, incluso no &#8221;kit&#8221; abra\u00e7adeira, porca e parafuso desenvolvida para instala\u00e7\u00f5es el\u00e9tricas e hidr\u00e1ulicas.<\/p>\n<p>Segue abaixo outras op\u00e7\u00f5es de di\u00e2metro:<\/p>\n<p>cod: 7012 ABRACADEIRA TIPO D C\/PARAF. 1\u2033<\/p>\n<p>cod: 7015 ABRACADEIRA TIPO D C\/PARAF. 2\u2033<\/p>\n<p>cod: 7017 ABRACADEIRA TIPO D C\/PARAF. 3\u2033<\/p>\n<p>Para Pre\u00e7os, Or\u00e7amentos e D\u00favidas, fale com nossos especialistas.<\/p>\n","protected":false},"excerpt":{"rendered":"<p>Abra\u00e7adeira tipo D com parafuso em a\u00e7o carbono com acabamento zincado, em nosso estoque nos tamanhos de 1\/2\u2033 at\u00e9 4\u201d Polegada, incluso no &#8221;kit&#8221; abra\u00e7adeira, porca e parafuso desenvolvida para instala\u00e7\u00f5es el\u00e9tricas e hidr\u00e1ulicas. Segue abaixo outras op\u00e7\u00f5es de di\u00e2metro: cod: 7012 ABRACADEIRA TIPO D C\/PARAF. 1\u2033 cod: 7015 ABRACADEIRA TIPO D C\/PARAF. 2\u2033 cod: [&hellip;]<\/p>\n","protected":false},"featured_media":2873,"template":"","meta":[],"product_brand":[],"product_cat":[50,18],"product_tag":[126,133,148,147,150,146],"class_list":{"0":"post-2868","1":"product","2":"type-product","3":"status-publish","4":"has-post-thumbnail","6":"product_cat-eletrocalhas-e-perfilados","7":"product_cat-material-eletrico","8":"product_tag-galvanizado","9":"product_tag-material-eletrico","10":"product_tag-metal","11":"product_tag-parafuso","12":"product_tag-suporte","13":"product_tag-tipo-d","15":"first","16":"instock","17":"shipping-taxable","18":"purchasable","19":"product-type-simple"},"yoast_head":"<!-- This site is optimized with the Yoast SEO Premium plugin v26.1.1 (Yoast SEO v26.1.1) - https:\/\/yoast.com\/wordpress\/plugins\/seo\/ -->\n<title>ABRA\u00c7ADEIRA TIPO D COM PARAFUSO 3\/4\u201d - Universo El\u00e9trico<\/title>\n<meta name=\"robots\" content=\"index, follow, max-snippet:-1, max-image-preview:large, max-video-preview:-1\" \/>\n<link rel=\"canonical\" href=\"https:\/\/universoeletrico.com.br\/eletrico\/produto\/abracadeira-tipo-d-com-parafuso\/\" \/>\n<meta property=\"og:locale\" content=\"pt_BR\" \/>\n<meta property=\"og:type\" content=\"article\" \/>\n<meta property=\"og:title\" content=\"ABRA\u00c7ADEIRA TIPO D COM PARAFUSO 3\/4\u201d\" \/>\n<meta property=\"og:description\" content=\"Abra\u00e7adeira tipo D com parafuso em a\u00e7o carbono com acabamento zincado, em nosso estoque nos tamanhos de 1\/2\u2033 at\u00e9 4\u201d Polegada, incluso no &#8221;kit&#8221; abra\u00e7adeira, porca e parafuso desenvolvida para instala\u00e7\u00f5es el\u00e9tricas e hidr\u00e1ulicas. Segue abaixo outras op\u00e7\u00f5es de di\u00e2metro: cod: 7012 ABRACADEIRA TIPO D C\/PARAF. 1\u2033 cod: 7015 ABRACADEIRA TIPO D C\/PARAF. 2\u2033 cod: [&hellip;]\" \/>\n<meta property=\"og:url\" content=\"https:\/\/universoeletrico.com.br\/eletrico\/produto\/abracadeira-tipo-d-com-parafuso\/\" \/>\n<meta property=\"og:site_name\" content=\"Universo El\u00e9trico\" \/>\n<meta property=\"article:modified_time\" content=\"2026-02-25T15:31:38+00:00\" \/>\n<meta property=\"og:image\" content=\"https:\/\/universoeletrico.com.br\/eletrico\/wp-content\/uploads\/2026\/01\/abracadeira_d_3_parafuso_aiedem_6565_2_c5841766f0602b012a38fe7006fcfe0f.webp\" \/>\n\t<meta property=\"og:image:width\" content=\"800\" \/>\n\t<meta property=\"og:image:height\" content=\"800\" \/>\n\t<meta property=\"og:image:type\" content=\"image\/webp\" \/>\n<meta name=\"twitter:card\" content=\"summary_large_image\" \/>\n<meta name=\"twitter:label1\" content=\"Est. tempo de leitura\" \/>\n\t<meta name=\"twitter:data1\" content=\"1 minuto\" \/>\n<script type=\"application\/ld+json\" class=\"yoast-schema-graph\">{\"@context\":\"https:\/\/schema.org\",\"@graph\":[{\"@type\":\"WebPage\",\"@id\":\"https:\/\/universoeletrico.com.br\/eletrico\/produto\/abracadeira-tipo-d-com-parafuso\/\",\"url\":\"https:\/\/universoeletrico.com.br\/eletrico\/produto\/abracadeira-tipo-d-com-parafuso\/\",\"name\":\"ABRA\u00c7ADEIRA TIPO D COM PARAFUSO 3\/4\u201d - Universo El\u00e9trico\",\"isPartOf\":{\"@id\":\"https:\/\/universoeletrico.com.br\/eletrico\/#website\"},\"primaryImageOfPage\":{\"@id\":\"https:\/\/universoeletrico.com.br\/eletrico\/produto\/abracadeira-tipo-d-com-parafuso\/#primaryimage\"},\"image\":{\"@id\":\"https:\/\/universoeletrico.com.br\/eletrico\/produto\/abracadeira-tipo-d-com-parafuso\/#primaryimage\"},\"thumbnailUrl\":\"https:\/\/universoeletrico.com.br\/eletrico\/wp-content\/uploads\/2026\/01\/abracadeira_d_3_parafuso_aiedem_6565_2_c5841766f0602b012a38fe7006fcfe0f.webp\",\"datePublished\":\"2026-01-08T13:32:16+00:00\",\"dateModified\":\"2026-02-25T15:31:38+00:00\",\"breadcrumb\":{\"@id\":\"https:\/\/universoeletrico.com.br\/eletrico\/produto\/abracadeira-tipo-d-com-parafuso\/#breadcrumb\"},\"inLanguage\":\"pt-BR\",\"potentialAction\":[{\"@type\":\"ReadAction\",\"target\":[\"https:\/\/universoeletrico.com.br\/eletrico\/produto\/abracadeira-tipo-d-com-parafuso\/\"]}]},{\"@type\":\"ImageObject\",\"inLanguage\":\"pt-BR\",\"@id\":\"https:\/\/universoeletrico.com.br\/eletrico\/produto\/abracadeira-tipo-d-com-parafuso\/#primaryimage\",\"url\":\"https:\/\/universoeletrico.com.br\/eletrico\/wp-content\/uploads\/2026\/01\/abracadeira_d_3_parafuso_aiedem_6565_2_c5841766f0602b012a38fe7006fcfe0f.webp\",\"contentUrl\":\"https:\/\/universoeletrico.com.br\/eletrico\/wp-content\/uploads\/2026\/01\/abracadeira_d_3_parafuso_aiedem_6565_2_c5841766f0602b012a38fe7006fcfe0f.webp\",\"width\":800,\"height\":800},{\"@type\":\"BreadcrumbList\",\"@id\":\"https:\/\/universoeletrico.com.br\/eletrico\/produto\/abracadeira-tipo-d-com-parafuso\/#breadcrumb\",\"itemListElement\":[{\"@type\":\"ListItem\",\"position\":1,\"name\":\"In\u00edcio\",\"item\":\"https:\/\/universoeletrico.com.br\/eletrico\/\"},{\"@type\":\"ListItem\",\"position\":2,\"name\":\"Produtos\",\"item\":\"https:\/\/universoeletrico.com.br\/eletrico\/produtos\/\"},{\"@type\":\"ListItem\",\"position\":3,\"name\":\"ABRA\u00c7ADEIRA TIPO D COM PARAFUSO 3\/4\u201d\"}]},{\"@type\":\"WebSite\",\"@id\":\"https:\/\/universoeletrico.com.br\/eletrico\/#website\",\"url\":\"https:\/\/universoeletrico.com.br\/eletrico\/\",\"name\":\"Universo El\u00e9trico\",\"description\":\"\",\"potentialAction\":[{\"@type\":\"SearchAction\",\"target\":{\"@type\":\"EntryPoint\",\"urlTemplate\":\"https:\/\/universoeletrico.com.br\/eletrico\/?s={search_term_string}\"},\"query-input\":{\"@type\":\"PropertyValueSpecification\",\"valueRequired\":true,\"valueName\":\"search_term_string\"}}],\"inLanguage\":\"pt-BR\"}]}<\/script>\n<!-- \/ Yoast SEO Premium plugin. -->","yoast_head_json":{"title":"ABRA\u00c7ADEIRA TIPO D COM PARAFUSO 3\/4\u201d - Universo El\u00e9trico","robots":{"index":"index","follow":"follow","max-snippet":"max-snippet:-1","max-image-preview":"max-image-preview:large","max-video-preview":"max-video-preview:-1"},"canonical":"https:\/\/universoeletrico.com.br\/eletrico\/produto\/abracadeira-tipo-d-com-parafuso\/","og_locale":"pt_BR","og_type":"article","og_title":"ABRA\u00c7ADEIRA TIPO D COM PARAFUSO 3\/4\u201d","og_description":"Abra\u00e7adeira tipo D com parafuso em a\u00e7o carbono com acabamento zincado, em nosso estoque nos tamanhos de 1\/2\u2033 at\u00e9 4\u201d Polegada, incluso no &#8221;kit&#8221; abra\u00e7adeira, porca e parafuso desenvolvida para instala\u00e7\u00f5es el\u00e9tricas e hidr\u00e1ulicas. Segue abaixo outras op\u00e7\u00f5es de di\u00e2metro: cod: 7012 ABRACADEIRA TIPO D C\/PARAF. 1\u2033 cod: 7015 ABRACADEIRA TIPO D C\/PARAF. 2\u2033 cod: [&hellip;]","og_url":"https:\/\/universoeletrico.com.br\/eletrico\/produto\/abracadeira-tipo-d-com-parafuso\/","og_site_name":"Universo El\u00e9trico","article_modified_time":"2026-02-25T15:31:38+00:00","og_image":[{"width":800,"height":800,"url":"https:\/\/universoeletrico.com.br\/eletrico\/wp-content\/uploads\/2026\/01\/abracadeira_d_3_parafuso_aiedem_6565_2_c5841766f0602b012a38fe7006fcfe0f.webp","type":"image\/webp"}],"twitter_card":"summary_large_image","twitter_misc":{"Est. tempo de leitura":"1 minuto"},"schema":{"@context":"https:\/\/schema.org","@graph":[{"@type":"WebPage","@id":"https:\/\/universoeletrico.com.br\/eletrico\/produto\/abracadeira-tipo-d-com-parafuso\/","url":"https:\/\/universoeletrico.com.br\/eletrico\/produto\/abracadeira-tipo-d-com-parafuso\/","name":"ABRA\u00c7ADEIRA TIPO D COM PARAFUSO 3\/4\u201d - Universo El\u00e9trico","isPartOf":{"@id":"https:\/\/universoeletrico.com.br\/eletrico\/#website"},"primaryImageOfPage":{"@id":"https:\/\/universoeletrico.com.br\/eletrico\/produto\/abracadeira-tipo-d-com-parafuso\/#primaryimage"},"image":{"@id":"https:\/\/universoeletrico.com.br\/eletrico\/produto\/abracadeira-tipo-d-com-parafuso\/#primaryimage"},"thumbnailUrl":"https:\/\/universoeletrico.com.br\/eletrico\/wp-content\/uploads\/2026\/01\/abracadeira_d_3_parafuso_aiedem_6565_2_c5841766f0602b012a38fe7006fcfe0f.webp","datePublished":"2026-01-08T13:32:16+00:00","dateModified":"2026-02-25T15:31:38+00:00","breadcrumb":{"@id":"https:\/\/universoeletrico.com.br\/eletrico\/produto\/abracadeira-tipo-d-com-parafuso\/#breadcrumb"},"inLanguage":"pt-BR","potentialAction":[{"@type":"ReadAction","target":["https:\/\/universoeletrico.com.br\/eletrico\/produto\/abracadeira-tipo-d-com-parafuso\/"]}]},{"@type":"ImageObject","inLanguage":"pt-BR","@id":"https:\/\/universoeletrico.com.br\/eletrico\/produto\/abracadeira-tipo-d-com-parafuso\/#primaryimage","url":"https:\/\/universoeletrico.com.br\/eletrico\/wp-content\/uploads\/2026\/01\/abracadeira_d_3_parafuso_aiedem_6565_2_c5841766f0602b012a38fe7006fcfe0f.webp","contentUrl":"https:\/\/universoeletrico.com.br\/eletrico\/wp-content\/uploads\/2026\/01\/abracadeira_d_3_parafuso_aiedem_6565_2_c5841766f0602b012a38fe7006fcfe0f.webp","width":800,"height":800},{"@type":"BreadcrumbList","@id":"https:\/\/universoeletrico.com.br\/eletrico\/produto\/abracadeira-tipo-d-com-parafuso\/#breadcrumb","itemListElement":[{"@type":"ListItem","position":1,"name":"In\u00edcio","item":"https:\/\/universoeletrico.com.br\/eletrico\/"},{"@type":"ListItem","position":2,"name":"Produtos","item":"https:\/\/universoeletrico.com.br\/eletrico\/produtos\/"},{"@type":"ListItem","position":3,"name":"ABRA\u00c7ADEIRA TIPO D COM PARAFUSO 3\/4\u201d"}]},{"@type":"WebSite","@id":"https:\/\/universoeletrico.com.br\/eletrico\/#website","url":"https:\/\/universoeletrico.com.br\/eletrico\/","name":"Universo El\u00e9trico","description":"","potentialAction":[{"@type":"SearchAction","target":{"@type":"EntryPoint","urlTemplate":"https:\/\/universoeletrico.com.br\/eletrico\/?s={search_term_string}"},"query-input":{"@type":"PropertyValueSpecification","valueRequired":true,"valueName":"search_term_string"}}],"inLanguage":"pt-BR"}]}},"_links":{"self":[{"href":"https:\/\/universoeletrico.com.br\/eletrico\/wp-json\/wp\/v2\/product\/2868","targetHints":{"allow":["GET"]}}],"collection":[{"href":"https:\/\/universoeletrico.com.br\/eletrico\/wp-json\/wp\/v2\/product"}],"about":[{"href":"https:\/\/universoeletrico.com.br\/eletrico\/wp-json\/wp\/v2\/types\/product"}],"version-history":[{"count":2,"href":"https:\/\/universoeletrico.com.br\/eletrico\/wp-json\/wp\/v2\/product\/2868\/revisions"}],"predecessor-version":[{"id":3355,"href":"https:\/\/universoeletrico.com.br\/eletrico\/wp-json\/wp\/v2\/product\/2868\/revisions\/3355"}],"wp:featuredmedia":[{"embeddable":true,"href":"https:\/\/universoeletrico.com.br\/eletrico\/wp-json\/wp\/v2\/media\/2873"}],"wp:attachment":[{"href":"https:\/\/universoeletrico.com.br\/eletrico\/wp-json\/wp\/v2\/media?parent=2868"}],"wp:term":[{"taxonomy":"product_brand","embeddable":true,"href":"https:\/\/universoeletrico.com.br\/eletrico\/wp-json\/wp\/v2\/product_brand?post=2868"},{"taxonomy":"product_cat","embeddable":true,"href":"https:\/\/universoeletrico.com.br\/eletrico\/wp-json\/wp\/v2\/product_cat?post=2868"},{"taxonomy":"product_tag","embeddable":true,"href":"https:\/\/universoeletrico.com.br\/eletrico\/wp-json\/wp\/v2\/product_tag?post=2868"}],"curies":[{"name":"wp","href":"https:\/\/api.w.org\/{rel}","templated":true}]}}