{"id":2862,"date":"2026-01-08T09:54:51","date_gmt":"2026-01-08T12:54:51","guid":{"rendered":"https:\/\/universoeletrico.com.br\/eletrico\/?post_type=product&#038;p=2862"},"modified":"2026-02-20T15:52:10","modified_gmt":"2026-02-20T18:52:10","slug":"unidute-conico-aluminio","status":"publish","type":"product","link":"https:\/\/universoeletrico.com.br\/eletrico\/produto\/unidute-conico-aluminio\/","title":{"rendered":"UNIDUTE CONICO ALUMINIO"},"content":{"rendered":"<p>O Unidut conico e uma escolha confi\u00e1vel para instala\u00e7\u00f5es el\u00e9tricas em ambientes industriais, oferecendo praticidade e durabilidade. Fabricado em metal de alta qualidade, tamanhos dispon\u00edveis em estoque 1\/2\u201d at\u00e9 4\u201d produto garante resist\u00eancia e robustez, sendo capaz de suportar condi\u00e7\u00f5es adversas e demandas industriais exigentes. Seu design vers\u00e1til e funcional permite uma montagem f\u00e1cil e eficiente, tornando-o ideal para projetos de montagem ou reforma em diferentes tipos de ambientes industriais.<\/p>\n<p>Segue abaixo outras op\u00e7\u00f5es de di\u00e2metro:<\/p>\n<p>cod: 8223 UNIDUTE CONICO ALUMINIO DIAMETRO 1\u2033<\/p>\n<p>cod: 8226 UNIDUTE CONICO ALUMINIO DIAMETRO 2\u2033<\/p>\n<p>cod: 8228 UNIDUTE CONICO ALUMINIO DIAMETRO 3\u2033<\/p>\n<p>Para Pre\u00e7os, Or\u00e7amentos e D\u00favidas, fale com nossos especialistas.<\/p>\n","protected":false},"excerpt":{"rendered":"<p>O Unidut conico e uma escolha confi\u00e1vel para instala\u00e7\u00f5es el\u00e9tricas em ambientes industriais, oferecendo praticidade e durabilidade. Fabricado em metal de alta qualidade, tamanhos dispon\u00edveis em estoque 1\/2\u201d at\u00e9 4\u201d produto garante resist\u00eancia e robustez, sendo capaz de suportar condi\u00e7\u00f5es adversas e demandas industriais exigentes. Seu design vers\u00e1til e funcional permite uma montagem f\u00e1cil e [&hellip;]<\/p>\n","protected":false},"featured_media":2863,"template":"","meta":[],"product_brand":[],"product_cat":[50,18],"product_tag":[142,140,143,145,141],"class_list":{"0":"post-2862","1":"product","2":"type-product","3":"status-publish","4":"has-post-thumbnail","6":"product_cat-eletrocalhas-e-perfilados","7":"product_cat-material-eletrico","8":"product_tag-acessorio","9":"product_tag-alumino","10":"product_tag-conecto","11":"product_tag-conico","12":"product_tag-rosca","14":"first","15":"instock","16":"shipping-taxable","17":"product-type-simple"},"yoast_head":"<!-- This site is optimized with the Yoast SEO Premium plugin v26.1.1 (Yoast SEO v26.1.1) - https:\/\/yoast.com\/wordpress\/plugins\/seo\/ -->\n<title>UNIDUTE CONICO ALUMINIO - Universo El\u00e9trico<\/title>\n<meta name=\"robots\" content=\"index, follow, max-snippet:-1, max-image-preview:large, max-video-preview:-1\" \/>\n<link rel=\"canonical\" href=\"https:\/\/universoeletrico.com.br\/eletrico\/produto\/unidute-conico-aluminio\/\" \/>\n<meta property=\"og:locale\" content=\"pt_BR\" \/>\n<meta property=\"og:type\" content=\"article\" \/>\n<meta property=\"og:title\" content=\"UNIDUTE CONICO ALUMINIO\" \/>\n<meta property=\"og:description\" content=\"O Unidut conico e uma escolha confi\u00e1vel para instala\u00e7\u00f5es el\u00e9tricas em ambientes industriais, oferecendo praticidade e durabilidade. Fabricado em metal de alta qualidade, tamanhos dispon\u00edveis em estoque 1\/2\u201d at\u00e9 4\u201d produto garante resist\u00eancia e robustez, sendo capaz de suportar condi\u00e7\u00f5es adversas e demandas industriais exigentes. Seu design vers\u00e1til e funcional permite uma montagem f\u00e1cil e [&hellip;]\" \/>\n<meta property=\"og:url\" content=\"https:\/\/universoeletrico.com.br\/eletrico\/produto\/unidute-conico-aluminio\/\" \/>\n<meta property=\"og:site_name\" content=\"Universo El\u00e9trico\" \/>\n<meta property=\"article:modified_time\" content=\"2026-02-20T18:52:10+00:00\" \/>\n<meta property=\"og:image\" content=\"https:\/\/universoeletrico.com.br\/eletrico\/wp-content\/uploads\/2026\/01\/luva-unidut-conico-1-pol-rosca-longa-tramontina-3639-1-e8f579e357a3bcfdfebfc1b0bd269f50.webp\" \/>\n\t<meta property=\"og:image:width\" content=\"600\" \/>\n\t<meta property=\"og:image:height\" content=\"600\" \/>\n\t<meta property=\"og:image:type\" content=\"image\/webp\" \/>\n<meta name=\"twitter:card\" content=\"summary_large_image\" \/>\n<meta name=\"twitter:label1\" content=\"Est. tempo de leitura\" \/>\n\t<meta name=\"twitter:data1\" content=\"1 minuto\" \/>\n<script type=\"application\/ld+json\" class=\"yoast-schema-graph\">{\"@context\":\"https:\/\/schema.org\",\"@graph\":[{\"@type\":\"WebPage\",\"@id\":\"https:\/\/universoeletrico.com.br\/eletrico\/produto\/unidute-conico-aluminio\/\",\"url\":\"https:\/\/universoeletrico.com.br\/eletrico\/produto\/unidute-conico-aluminio\/\",\"name\":\"UNIDUTE CONICO ALUMINIO - Universo El\u00e9trico\",\"isPartOf\":{\"@id\":\"https:\/\/universoeletrico.com.br\/eletrico\/#website\"},\"primaryImageOfPage\":{\"@id\":\"https:\/\/universoeletrico.com.br\/eletrico\/produto\/unidute-conico-aluminio\/#primaryimage\"},\"image\":{\"@id\":\"https:\/\/universoeletrico.com.br\/eletrico\/produto\/unidute-conico-aluminio\/#primaryimage\"},\"thumbnailUrl\":\"https:\/\/universoeletrico.com.br\/eletrico\/wp-content\/uploads\/2026\/01\/luva-unidut-conico-1-pol-rosca-longa-tramontina-3639-1-e8f579e357a3bcfdfebfc1b0bd269f50.webp\",\"datePublished\":\"2026-01-08T12:54:51+00:00\",\"dateModified\":\"2026-02-20T18:52:10+00:00\",\"breadcrumb\":{\"@id\":\"https:\/\/universoeletrico.com.br\/eletrico\/produto\/unidute-conico-aluminio\/#breadcrumb\"},\"inLanguage\":\"pt-BR\",\"potentialAction\":[{\"@type\":\"ReadAction\",\"target\":[\"https:\/\/universoeletrico.com.br\/eletrico\/produto\/unidute-conico-aluminio\/\"]}]},{\"@type\":\"ImageObject\",\"inLanguage\":\"pt-BR\",\"@id\":\"https:\/\/universoeletrico.com.br\/eletrico\/produto\/unidute-conico-aluminio\/#primaryimage\",\"url\":\"https:\/\/universoeletrico.com.br\/eletrico\/wp-content\/uploads\/2026\/01\/luva-unidut-conico-1-pol-rosca-longa-tramontina-3639-1-e8f579e357a3bcfdfebfc1b0bd269f50.webp\",\"contentUrl\":\"https:\/\/universoeletrico.com.br\/eletrico\/wp-content\/uploads\/2026\/01\/luva-unidut-conico-1-pol-rosca-longa-tramontina-3639-1-e8f579e357a3bcfdfebfc1b0bd269f50.webp\",\"width\":600,\"height\":600},{\"@type\":\"BreadcrumbList\",\"@id\":\"https:\/\/universoeletrico.com.br\/eletrico\/produto\/unidute-conico-aluminio\/#breadcrumb\",\"itemListElement\":[{\"@type\":\"ListItem\",\"position\":1,\"name\":\"In\u00edcio\",\"item\":\"https:\/\/universoeletrico.com.br\/eletrico\/\"},{\"@type\":\"ListItem\",\"position\":2,\"name\":\"Produtos\",\"item\":\"https:\/\/universoeletrico.com.br\/eletrico\/produtos\/\"},{\"@type\":\"ListItem\",\"position\":3,\"name\":\"UNIDUTE CONICO ALUMINIO\"}]},{\"@type\":\"WebSite\",\"@id\":\"https:\/\/universoeletrico.com.br\/eletrico\/#website\",\"url\":\"https:\/\/universoeletrico.com.br\/eletrico\/\",\"name\":\"Universo El\u00e9trico\",\"description\":\"\",\"potentialAction\":[{\"@type\":\"SearchAction\",\"target\":{\"@type\":\"EntryPoint\",\"urlTemplate\":\"https:\/\/universoeletrico.com.br\/eletrico\/?s={search_term_string}\"},\"query-input\":{\"@type\":\"PropertyValueSpecification\",\"valueRequired\":true,\"valueName\":\"search_term_string\"}}],\"inLanguage\":\"pt-BR\"}]}<\/script>\n<!-- \/ Yoast SEO Premium plugin. -->","yoast_head_json":{"title":"UNIDUTE CONICO ALUMINIO - Universo El\u00e9trico","robots":{"index":"index","follow":"follow","max-snippet":"max-snippet:-1","max-image-preview":"max-image-preview:large","max-video-preview":"max-video-preview:-1"},"canonical":"https:\/\/universoeletrico.com.br\/eletrico\/produto\/unidute-conico-aluminio\/","og_locale":"pt_BR","og_type":"article","og_title":"UNIDUTE CONICO ALUMINIO","og_description":"O Unidut conico e uma escolha confi\u00e1vel para instala\u00e7\u00f5es el\u00e9tricas em ambientes industriais, oferecendo praticidade e durabilidade. Fabricado em metal de alta qualidade, tamanhos dispon\u00edveis em estoque 1\/2\u201d at\u00e9 4\u201d produto garante resist\u00eancia e robustez, sendo capaz de suportar condi\u00e7\u00f5es adversas e demandas industriais exigentes. Seu design vers\u00e1til e funcional permite uma montagem f\u00e1cil e [&hellip;]","og_url":"https:\/\/universoeletrico.com.br\/eletrico\/produto\/unidute-conico-aluminio\/","og_site_name":"Universo El\u00e9trico","article_modified_time":"2026-02-20T18:52:10+00:00","og_image":[{"width":600,"height":600,"url":"https:\/\/universoeletrico.com.br\/eletrico\/wp-content\/uploads\/2026\/01\/luva-unidut-conico-1-pol-rosca-longa-tramontina-3639-1-e8f579e357a3bcfdfebfc1b0bd269f50.webp","type":"image\/webp"}],"twitter_card":"summary_large_image","twitter_misc":{"Est. tempo de leitura":"1 minuto"},"schema":{"@context":"https:\/\/schema.org","@graph":[{"@type":"WebPage","@id":"https:\/\/universoeletrico.com.br\/eletrico\/produto\/unidute-conico-aluminio\/","url":"https:\/\/universoeletrico.com.br\/eletrico\/produto\/unidute-conico-aluminio\/","name":"UNIDUTE CONICO ALUMINIO - Universo El\u00e9trico","isPartOf":{"@id":"https:\/\/universoeletrico.com.br\/eletrico\/#website"},"primaryImageOfPage":{"@id":"https:\/\/universoeletrico.com.br\/eletrico\/produto\/unidute-conico-aluminio\/#primaryimage"},"image":{"@id":"https:\/\/universoeletrico.com.br\/eletrico\/produto\/unidute-conico-aluminio\/#primaryimage"},"thumbnailUrl":"https:\/\/universoeletrico.com.br\/eletrico\/wp-content\/uploads\/2026\/01\/luva-unidut-conico-1-pol-rosca-longa-tramontina-3639-1-e8f579e357a3bcfdfebfc1b0bd269f50.webp","datePublished":"2026-01-08T12:54:51+00:00","dateModified":"2026-02-20T18:52:10+00:00","breadcrumb":{"@id":"https:\/\/universoeletrico.com.br\/eletrico\/produto\/unidute-conico-aluminio\/#breadcrumb"},"inLanguage":"pt-BR","potentialAction":[{"@type":"ReadAction","target":["https:\/\/universoeletrico.com.br\/eletrico\/produto\/unidute-conico-aluminio\/"]}]},{"@type":"ImageObject","inLanguage":"pt-BR","@id":"https:\/\/universoeletrico.com.br\/eletrico\/produto\/unidute-conico-aluminio\/#primaryimage","url":"https:\/\/universoeletrico.com.br\/eletrico\/wp-content\/uploads\/2026\/01\/luva-unidut-conico-1-pol-rosca-longa-tramontina-3639-1-e8f579e357a3bcfdfebfc1b0bd269f50.webp","contentUrl":"https:\/\/universoeletrico.com.br\/eletrico\/wp-content\/uploads\/2026\/01\/luva-unidut-conico-1-pol-rosca-longa-tramontina-3639-1-e8f579e357a3bcfdfebfc1b0bd269f50.webp","width":600,"height":600},{"@type":"BreadcrumbList","@id":"https:\/\/universoeletrico.com.br\/eletrico\/produto\/unidute-conico-aluminio\/#breadcrumb","itemListElement":[{"@type":"ListItem","position":1,"name":"In\u00edcio","item":"https:\/\/universoeletrico.com.br\/eletrico\/"},{"@type":"ListItem","position":2,"name":"Produtos","item":"https:\/\/universoeletrico.com.br\/eletrico\/produtos\/"},{"@type":"ListItem","position":3,"name":"UNIDUTE CONICO ALUMINIO"}]},{"@type":"WebSite","@id":"https:\/\/universoeletrico.com.br\/eletrico\/#website","url":"https:\/\/universoeletrico.com.br\/eletrico\/","name":"Universo El\u00e9trico","description":"","potentialAction":[{"@type":"SearchAction","target":{"@type":"EntryPoint","urlTemplate":"https:\/\/universoeletrico.com.br\/eletrico\/?s={search_term_string}"},"query-input":{"@type":"PropertyValueSpecification","valueRequired":true,"valueName":"search_term_string"}}],"inLanguage":"pt-BR"}]}},"_links":{"self":[{"href":"https:\/\/universoeletrico.com.br\/eletrico\/wp-json\/wp\/v2\/product\/2862","targetHints":{"allow":["GET"]}}],"collection":[{"href":"https:\/\/universoeletrico.com.br\/eletrico\/wp-json\/wp\/v2\/product"}],"about":[{"href":"https:\/\/universoeletrico.com.br\/eletrico\/wp-json\/wp\/v2\/types\/product"}],"version-history":[{"count":1,"href":"https:\/\/universoeletrico.com.br\/eletrico\/wp-json\/wp\/v2\/product\/2862\/revisions"}],"predecessor-version":[{"id":2864,"href":"https:\/\/universoeletrico.com.br\/eletrico\/wp-json\/wp\/v2\/product\/2862\/revisions\/2864"}],"wp:featuredmedia":[{"embeddable":true,"href":"https:\/\/universoeletrico.com.br\/eletrico\/wp-json\/wp\/v2\/media\/2863"}],"wp:attachment":[{"href":"https:\/\/universoeletrico.com.br\/eletrico\/wp-json\/wp\/v2\/media?parent=2862"}],"wp:term":[{"taxonomy":"product_brand","embeddable":true,"href":"https:\/\/universoeletrico.com.br\/eletrico\/wp-json\/wp\/v2\/product_brand?post=2862"},{"taxonomy":"product_cat","embeddable":true,"href":"https:\/\/universoeletrico.com.br\/eletrico\/wp-json\/wp\/v2\/product_cat?post=2862"},{"taxonomy":"product_tag","embeddable":true,"href":"https:\/\/universoeletrico.com.br\/eletrico\/wp-json\/wp\/v2\/product_tag?post=2862"}],"curies":[{"name":"wp","href":"https:\/\/api.w.org\/{rel}","templated":true}]}}