{"id":2857,"date":"2026-01-07T11:20:00","date_gmt":"2026-01-07T14:20:00","guid":{"rendered":"https:\/\/universoeletrico.com.br\/eletrico\/?post_type=product&#038;p=2857"},"modified":"2026-01-07T11:20:00","modified_gmt":"2026-01-07T14:20:00","slug":"unidute-reto-aluminio","status":"publish","type":"product","link":"https:\/\/universoeletrico.com.br\/eletrico\/produto\/unidute-reto-aluminio\/","title":{"rendered":"UNIDUTE RETO ALUMINIO"},"content":{"rendered":"<p>O Unidut Reto e uma escolha confi\u00e1vel para instala\u00e7\u00f5es el\u00e9tricas em ambientes industriais, oferecendo praticidade e durabilidade. Fabricado em metal de alta qualidade, tamanhos dispon\u00edveis em estoque 1\/2&#8221; at\u00e9 4&#8221; produto garante resist\u00eancia e robustez, sendo capaz de suportar condi\u00e7\u00f5es adversas e demandas industriais exigentes. Seu design vers\u00e1til e funcional permite uma montagem f\u00e1cil e eficiente, tornando-o ideal para projetos de montagem ou reforma em diferentes tipos de ambientes industriais.<\/p>\n<p>Segue abaixo outras op\u00e7\u00f5es de di\u00e2metro:<\/p>\n<p>cod: 8214 UNIDUTE RETO ALUMINIO DIAMETRO 1&#8243;<\/p>\n<p>cod: 8217 UNIDUTE RETO ALUMINIO DIAMETRO 2&#8243;<\/p>\n<p>cod: 8219 UNIDUTE RETO ALUMINIO DIAMETRO 3&#8243;<\/p>\n<p>Para Pre\u00e7os, Or\u00e7amentos e D\u00favidas, fale com nossos especialistas.<\/p>\n","protected":false},"excerpt":{"rendered":"<p>O Unidut Reto e uma escolha confi\u00e1vel para instala\u00e7\u00f5es el\u00e9tricas em ambientes industriais, oferecendo praticidade e durabilidade. Fabricado em metal de alta qualidade, tamanhos dispon\u00edveis em estoque 1\/2&#8221; at\u00e9 4&#8221; produto garante resist\u00eancia e robustez, sendo capaz de suportar condi\u00e7\u00f5es adversas e demandas industriais exigentes. Seu design vers\u00e1til e funcional permite uma montagem f\u00e1cil e [&hellip;]<\/p>\n","protected":false},"featured_media":2858,"template":"","meta":[],"product_brand":[],"product_cat":[50,18],"product_tag":[142,140,143,144,141],"class_list":{"0":"post-2857","1":"product","2":"type-product","3":"status-publish","4":"has-post-thumbnail","6":"product_cat-eletrocalhas-e-perfilados","7":"product_cat-material-eletrico","8":"product_tag-acessorio","9":"product_tag-alumino","10":"product_tag-conecto","11":"product_tag-reto","12":"product_tag-rosca","14":"first","15":"instock","16":"shipping-taxable","17":"product-type-simple"},"yoast_head":"<!-- This site is optimized with the Yoast SEO Premium plugin v26.1.1 (Yoast SEO v26.1.1) - https:\/\/yoast.com\/wordpress\/plugins\/seo\/ -->\n<title>UNIDUTE RETO ALUMINIO - Universo El\u00e9trico<\/title>\n<meta name=\"robots\" content=\"index, follow, max-snippet:-1, max-image-preview:large, max-video-preview:-1\" \/>\n<link rel=\"canonical\" href=\"https:\/\/universoeletrico.com.br\/eletrico\/produto\/unidute-reto-aluminio\/\" \/>\n<meta property=\"og:locale\" content=\"pt_BR\" \/>\n<meta property=\"og:type\" content=\"article\" \/>\n<meta property=\"og:title\" content=\"UNIDUTE RETO ALUMINIO\" \/>\n<meta property=\"og:description\" content=\"O Unidut Reto e uma escolha confi\u00e1vel para instala\u00e7\u00f5es el\u00e9tricas em ambientes industriais, oferecendo praticidade e durabilidade. Fabricado em metal de alta qualidade, tamanhos dispon\u00edveis em estoque 1\/2&#8221; at\u00e9 4&#8221; produto garante resist\u00eancia e robustez, sendo capaz de suportar condi\u00e7\u00f5es adversas e demandas industriais exigentes. Seu design vers\u00e1til e funcional permite uma montagem f\u00e1cil e [&hellip;]\" \/>\n<meta property=\"og:url\" content=\"https:\/\/universoeletrico.com.br\/eletrico\/produto\/unidute-reto-aluminio\/\" \/>\n<meta property=\"og:site_name\" content=\"Universo El\u00e9trico\" \/>\n<meta property=\"og:image\" content=\"https:\/\/universoeletrico.com.br\/eletrico\/wp-content\/uploads\/2026\/01\/a352c81378878d65a84f865002d4dec0-b8846d5546e4aece1717176858538629-1024-1024.webp\" \/>\n\t<meta property=\"og:image:width\" content=\"1024\" \/>\n\t<meta property=\"og:image:height\" content=\"1024\" \/>\n\t<meta property=\"og:image:type\" content=\"image\/webp\" \/>\n<meta name=\"twitter:card\" content=\"summary_large_image\" \/>\n<meta name=\"twitter:label1\" content=\"Est. tempo de leitura\" \/>\n\t<meta name=\"twitter:data1\" content=\"1 minuto\" \/>\n<script type=\"application\/ld+json\" class=\"yoast-schema-graph\">{\"@context\":\"https:\/\/schema.org\",\"@graph\":[{\"@type\":\"WebPage\",\"@id\":\"https:\/\/universoeletrico.com.br\/eletrico\/produto\/unidute-reto-aluminio\/\",\"url\":\"https:\/\/universoeletrico.com.br\/eletrico\/produto\/unidute-reto-aluminio\/\",\"name\":\"UNIDUTE RETO ALUMINIO - Universo El\u00e9trico\",\"isPartOf\":{\"@id\":\"https:\/\/universoeletrico.com.br\/eletrico\/#website\"},\"primaryImageOfPage\":{\"@id\":\"https:\/\/universoeletrico.com.br\/eletrico\/produto\/unidute-reto-aluminio\/#primaryimage\"},\"image\":{\"@id\":\"https:\/\/universoeletrico.com.br\/eletrico\/produto\/unidute-reto-aluminio\/#primaryimage\"},\"thumbnailUrl\":\"https:\/\/universoeletrico.com.br\/eletrico\/wp-content\/uploads\/2026\/01\/a352c81378878d65a84f865002d4dec0-b8846d5546e4aece1717176858538629-1024-1024.webp\",\"datePublished\":\"2026-01-07T14:20:00+00:00\",\"breadcrumb\":{\"@id\":\"https:\/\/universoeletrico.com.br\/eletrico\/produto\/unidute-reto-aluminio\/#breadcrumb\"},\"inLanguage\":\"pt-BR\",\"potentialAction\":[{\"@type\":\"ReadAction\",\"target\":[\"https:\/\/universoeletrico.com.br\/eletrico\/produto\/unidute-reto-aluminio\/\"]}]},{\"@type\":\"ImageObject\",\"inLanguage\":\"pt-BR\",\"@id\":\"https:\/\/universoeletrico.com.br\/eletrico\/produto\/unidute-reto-aluminio\/#primaryimage\",\"url\":\"https:\/\/universoeletrico.com.br\/eletrico\/wp-content\/uploads\/2026\/01\/a352c81378878d65a84f865002d4dec0-b8846d5546e4aece1717176858538629-1024-1024.webp\",\"contentUrl\":\"https:\/\/universoeletrico.com.br\/eletrico\/wp-content\/uploads\/2026\/01\/a352c81378878d65a84f865002d4dec0-b8846d5546e4aece1717176858538629-1024-1024.webp\",\"width\":1024,\"height\":1024},{\"@type\":\"BreadcrumbList\",\"@id\":\"https:\/\/universoeletrico.com.br\/eletrico\/produto\/unidute-reto-aluminio\/#breadcrumb\",\"itemListElement\":[{\"@type\":\"ListItem\",\"position\":1,\"name\":\"In\u00edcio\",\"item\":\"https:\/\/universoeletrico.com.br\/eletrico\/\"},{\"@type\":\"ListItem\",\"position\":2,\"name\":\"Produtos\",\"item\":\"https:\/\/universoeletrico.com.br\/eletrico\/produtos\/\"},{\"@type\":\"ListItem\",\"position\":3,\"name\":\"UNIDUTE RETO ALUMINIO\"}]},{\"@type\":\"WebSite\",\"@id\":\"https:\/\/universoeletrico.com.br\/eletrico\/#website\",\"url\":\"https:\/\/universoeletrico.com.br\/eletrico\/\",\"name\":\"Universo El\u00e9trico\",\"description\":\"\",\"potentialAction\":[{\"@type\":\"SearchAction\",\"target\":{\"@type\":\"EntryPoint\",\"urlTemplate\":\"https:\/\/universoeletrico.com.br\/eletrico\/?s={search_term_string}\"},\"query-input\":{\"@type\":\"PropertyValueSpecification\",\"valueRequired\":true,\"valueName\":\"search_term_string\"}}],\"inLanguage\":\"pt-BR\"}]}<\/script>\n<!-- \/ Yoast SEO Premium plugin. -->","yoast_head_json":{"title":"UNIDUTE RETO ALUMINIO - Universo El\u00e9trico","robots":{"index":"index","follow":"follow","max-snippet":"max-snippet:-1","max-image-preview":"max-image-preview:large","max-video-preview":"max-video-preview:-1"},"canonical":"https:\/\/universoeletrico.com.br\/eletrico\/produto\/unidute-reto-aluminio\/","og_locale":"pt_BR","og_type":"article","og_title":"UNIDUTE RETO ALUMINIO","og_description":"O Unidut Reto e uma escolha confi\u00e1vel para instala\u00e7\u00f5es el\u00e9tricas em ambientes industriais, oferecendo praticidade e durabilidade. Fabricado em metal de alta qualidade, tamanhos dispon\u00edveis em estoque 1\/2&#8221; at\u00e9 4&#8221; produto garante resist\u00eancia e robustez, sendo capaz de suportar condi\u00e7\u00f5es adversas e demandas industriais exigentes. Seu design vers\u00e1til e funcional permite uma montagem f\u00e1cil e [&hellip;]","og_url":"https:\/\/universoeletrico.com.br\/eletrico\/produto\/unidute-reto-aluminio\/","og_site_name":"Universo El\u00e9trico","og_image":[{"width":1024,"height":1024,"url":"https:\/\/universoeletrico.com.br\/eletrico\/wp-content\/uploads\/2026\/01\/a352c81378878d65a84f865002d4dec0-b8846d5546e4aece1717176858538629-1024-1024.webp","type":"image\/webp"}],"twitter_card":"summary_large_image","twitter_misc":{"Est. tempo de leitura":"1 minuto"},"schema":{"@context":"https:\/\/schema.org","@graph":[{"@type":"WebPage","@id":"https:\/\/universoeletrico.com.br\/eletrico\/produto\/unidute-reto-aluminio\/","url":"https:\/\/universoeletrico.com.br\/eletrico\/produto\/unidute-reto-aluminio\/","name":"UNIDUTE RETO ALUMINIO - Universo El\u00e9trico","isPartOf":{"@id":"https:\/\/universoeletrico.com.br\/eletrico\/#website"},"primaryImageOfPage":{"@id":"https:\/\/universoeletrico.com.br\/eletrico\/produto\/unidute-reto-aluminio\/#primaryimage"},"image":{"@id":"https:\/\/universoeletrico.com.br\/eletrico\/produto\/unidute-reto-aluminio\/#primaryimage"},"thumbnailUrl":"https:\/\/universoeletrico.com.br\/eletrico\/wp-content\/uploads\/2026\/01\/a352c81378878d65a84f865002d4dec0-b8846d5546e4aece1717176858538629-1024-1024.webp","datePublished":"2026-01-07T14:20:00+00:00","breadcrumb":{"@id":"https:\/\/universoeletrico.com.br\/eletrico\/produto\/unidute-reto-aluminio\/#breadcrumb"},"inLanguage":"pt-BR","potentialAction":[{"@type":"ReadAction","target":["https:\/\/universoeletrico.com.br\/eletrico\/produto\/unidute-reto-aluminio\/"]}]},{"@type":"ImageObject","inLanguage":"pt-BR","@id":"https:\/\/universoeletrico.com.br\/eletrico\/produto\/unidute-reto-aluminio\/#primaryimage","url":"https:\/\/universoeletrico.com.br\/eletrico\/wp-content\/uploads\/2026\/01\/a352c81378878d65a84f865002d4dec0-b8846d5546e4aece1717176858538629-1024-1024.webp","contentUrl":"https:\/\/universoeletrico.com.br\/eletrico\/wp-content\/uploads\/2026\/01\/a352c81378878d65a84f865002d4dec0-b8846d5546e4aece1717176858538629-1024-1024.webp","width":1024,"height":1024},{"@type":"BreadcrumbList","@id":"https:\/\/universoeletrico.com.br\/eletrico\/produto\/unidute-reto-aluminio\/#breadcrumb","itemListElement":[{"@type":"ListItem","position":1,"name":"In\u00edcio","item":"https:\/\/universoeletrico.com.br\/eletrico\/"},{"@type":"ListItem","position":2,"name":"Produtos","item":"https:\/\/universoeletrico.com.br\/eletrico\/produtos\/"},{"@type":"ListItem","position":3,"name":"UNIDUTE RETO ALUMINIO"}]},{"@type":"WebSite","@id":"https:\/\/universoeletrico.com.br\/eletrico\/#website","url":"https:\/\/universoeletrico.com.br\/eletrico\/","name":"Universo El\u00e9trico","description":"","potentialAction":[{"@type":"SearchAction","target":{"@type":"EntryPoint","urlTemplate":"https:\/\/universoeletrico.com.br\/eletrico\/?s={search_term_string}"},"query-input":{"@type":"PropertyValueSpecification","valueRequired":true,"valueName":"search_term_string"}}],"inLanguage":"pt-BR"}]}},"_links":{"self":[{"href":"https:\/\/universoeletrico.com.br\/eletrico\/wp-json\/wp\/v2\/product\/2857","targetHints":{"allow":["GET"]}}],"collection":[{"href":"https:\/\/universoeletrico.com.br\/eletrico\/wp-json\/wp\/v2\/product"}],"about":[{"href":"https:\/\/universoeletrico.com.br\/eletrico\/wp-json\/wp\/v2\/types\/product"}],"version-history":[{"count":1,"href":"https:\/\/universoeletrico.com.br\/eletrico\/wp-json\/wp\/v2\/product\/2857\/revisions"}],"predecessor-version":[{"id":2859,"href":"https:\/\/universoeletrico.com.br\/eletrico\/wp-json\/wp\/v2\/product\/2857\/revisions\/2859"}],"wp:featuredmedia":[{"embeddable":true,"href":"https:\/\/universoeletrico.com.br\/eletrico\/wp-json\/wp\/v2\/media\/2858"}],"wp:attachment":[{"href":"https:\/\/universoeletrico.com.br\/eletrico\/wp-json\/wp\/v2\/media?parent=2857"}],"wp:term":[{"taxonomy":"product_brand","embeddable":true,"href":"https:\/\/universoeletrico.com.br\/eletrico\/wp-json\/wp\/v2\/product_brand?post=2857"},{"taxonomy":"product_cat","embeddable":true,"href":"https:\/\/universoeletrico.com.br\/eletrico\/wp-json\/wp\/v2\/product_cat?post=2857"},{"taxonomy":"product_tag","embeddable":true,"href":"https:\/\/universoeletrico.com.br\/eletrico\/wp-json\/wp\/v2\/product_tag?post=2857"}],"curies":[{"name":"wp","href":"https:\/\/api.w.org\/{rel}","templated":true}]}}